{"id":398778,"date":"2026-02-05T12:17:10","date_gmt":"2026-02-05T11:17:10","guid":{"rendered":"https:\/\/www.miomiorun.com\/?post_type=product&#038;p=398778"},"modified":"2026-04-16T18:36:55","modified_gmt":"2026-04-16T16:36:55","slug":"poche-run-pole","status":"publish","type":"product","link":"https:\/\/www.miomiorun.com\/fr\/produit\/poche-run-pole\/","title":{"rendered":"Poche Run Pole"},"content":{"rendered":"<p>La poche Run Pole est con\u00e7ue pour vous accompagner de la ligne de d\u00e9part jusqu&#8217;\u00e0 la ligne d&#8217;arriv\u00e9e, en vous aidant \u00e0 ranger vos b\u00e2tons de course de mani\u00e8re simple et rapide. Son design \u00e9pur\u00e9 vous permet d&#8217;avoir votre \u00e9quipement toujours \u00e0 port\u00e9e de main, sans g\u00eaner votre foul\u00e9e. <br data-start=\"451\" data-end=\"454\">Le syst\u00e8me de compression \u00e0 point unique est con\u00e7u pour \u00eatre r\u00e9gl\u00e9 m\u00eame lorsque vous \u00eates en mouvement, vous permettant d&#8217;adapter la poche aux diff\u00e9rentes phases de l&#8217;activit\u00e9. Sa compatibilit\u00e9 avec les gilets Summit Run 10 et Summit Run 5 en fait une solution pratique pour organiser votre \u00e9quipement de mani\u00e8re ordonn\u00e9e et fonctionnelle.<\/p>\n","protected":false},"excerpt":{"rendered":"<ul>\n<li data-start=\"812\" data-end=\"887\">Syst\u00e8me de compression \u00e0 point unique r\u00e9glable m\u00eame pendant la course<\/li>\n<li data-start=\"890\" data-end=\"960\">Plusieurs options de fixation pour une gestion pratique des b\u00e2tons<\/li>\n<li data-start=\"963\" data-end=\"1017\">Compatible avec les gilets Summit Run 10 et Summit Run 5<\/li>\n<\/ul>\n","protected":false},"featured_media":410243,"template":"","meta":{"_acf_changed":false,"inline_featured_image":false},"product_brand":[],"product_cat":[22589,22587,22538,22539],"product_tag":[32391],"class_list":{"0":"post-398778","1":"product","2":"type-product","3":"status-publish","4":"has-post-thumbnail","6":"product_cat-sacs-a-dos","7":"product_cat-sacs-a-dos-et-ceintures","8":"product_cat-accessoires","9":"product_cat-batons","10":"product_tag-the-north-face-fr","11":"pa_attivita-outdoor-fr","12":"pa_attivita-trail-fr","13":"pa_colore-run-pole-sleeve-black","14":"pa_marca-the-north-face-fr","15":"pa_sesso-femme","16":"pa_sesso-homme","18":"first","19":"instock","20":"sale","21":"taxable","22":"shipping-taxable","23":"purchasable","24":"product-type-simple"},"acf":[],"yoast_head":"<!-- This site is optimized with the Yoast SEO plugin v26.8 - https:\/\/yoast.com\/product\/yoast-seo-wordpress\/ -->\n<title>The North Face Poche Run Pole -\u00e9tui pour b\u00e2tons- MioMioRun<\/title>\n<meta name=\"description\" content=\"Poche Run Pole pour b\u00e2tons de course \u00e0 pied, avec compression r\u00e9glable et compatible avec le gilet Summit Run.\" \/>\n<meta name=\"robots\" content=\"index, follow, max-snippet:-1, max-image-preview:large, max-video-preview:-1\" \/>\n<link rel=\"canonical\" href=\"https:\/\/www.miomiorun.com\/fr\/produit\/poche-run-pole\/\" \/>\n<meta property=\"og:locale\" content=\"fr_FR\" \/>\n<meta property=\"og:type\" content=\"article\" \/>\n<meta property=\"og:title\" content=\"The North Face Poche Run Pole -\u00e9tui pour b\u00e2tons- MioMioRun\" \/>\n<meta property=\"og:description\" content=\"Poche Run Pole pour b\u00e2tons de course \u00e0 pied, avec compression r\u00e9glable et compatible avec le gilet Summit Run.\" \/>\n<meta property=\"og:url\" content=\"https:\/\/www.miomiorun.com\/fr\/produit\/poche-run-pole\/\" \/>\n<meta property=\"og:site_name\" content=\"MioMioRun\" \/>\n<meta property=\"article:publisher\" content=\"https:\/\/www.facebook.com\/miomiorun\/\" \/>\n<meta property=\"article:modified_time\" content=\"2026-04-16T16:36:55+00:00\" \/>\n<meta property=\"og:image\" content=\"https:\/\/www.miomiorun.com\/app\/uploads\/2026\/02\/The-North-Face-Run-pole-sleeve-black-NF0A8BKNKT01.webp\" \/>\n\t<meta property=\"og:image:width\" content=\"600\" \/>\n\t<meta property=\"og:image:height\" content=\"600\" \/>\n\t<meta property=\"og:image:type\" content=\"image\/webp\" \/>\n<meta name=\"twitter:card\" content=\"summary_large_image\" \/>\n<meta name=\"twitter:label1\" content=\"Est. reading time\" \/>\n\t<meta name=\"twitter:data1\" content=\"1 minute\" \/>\n<script type=\"application\/ld+json\" class=\"yoast-schema-graph\">{\"@context\":\"https:\/\/schema.org\",\"@graph\":[{\"@type\":\"WebPage\",\"@id\":\"https:\/\/www.miomiorun.com\/fr\/produit\/poche-run-pole\/\",\"url\":\"https:\/\/www.miomiorun.com\/fr\/produit\/poche-run-pole\/\",\"name\":\"The North Face Poche Run Pole -\u00e9tui pour b\u00e2tons- MioMioRun\",\"isPartOf\":{\"@id\":\"https:\/\/www.miomiorun.com\/fr\/#website\"},\"primaryImageOfPage\":{\"@id\":\"https:\/\/www.miomiorun.com\/fr\/produit\/poche-run-pole\/#primaryimage\"},\"image\":{\"@id\":\"https:\/\/www.miomiorun.com\/fr\/produit\/poche-run-pole\/#primaryimage\"},\"thumbnailUrl\":\"https:\/\/www.miomiorun.com\/app\/uploads\/2026\/02\/The-North-Face-Run-pole-sleeve-black-NF0A8BKNKT01.webp\",\"datePublished\":\"2026-02-05T11:17:10+00:00\",\"dateModified\":\"2026-04-16T16:36:55+00:00\",\"description\":\"Poche Run Pole pour b\u00e2tons de course \u00e0 pied, avec compression r\u00e9glable et compatible avec le gilet Summit Run.\",\"breadcrumb\":{\"@id\":\"https:\/\/www.miomiorun.com\/fr\/produit\/poche-run-pole\/#breadcrumb\"},\"inLanguage\":\"fr-FR\",\"potentialAction\":[{\"@type\":\"ReadAction\",\"target\":[\"https:\/\/www.miomiorun.com\/fr\/produit\/poche-run-pole\/\"]}]},{\"@type\":\"ImageObject\",\"inLanguage\":\"fr-FR\",\"@id\":\"https:\/\/www.miomiorun.com\/fr\/produit\/poche-run-pole\/#primaryimage\",\"url\":\"https:\/\/www.miomiorun.com\/app\/uploads\/2026\/02\/The-North-Face-Run-pole-sleeve-black-NF0A8BKNKT01.webp\",\"contentUrl\":\"https:\/\/www.miomiorun.com\/app\/uploads\/2026\/02\/The-North-Face-Run-pole-sleeve-black-NF0A8BKNKT01.webp\",\"width\":600,\"height\":600,\"caption\":\"The North Face Run pole sleeve black NF0A8BKNKT01\"},{\"@type\":\"BreadcrumbList\",\"@id\":\"https:\/\/www.miomiorun.com\/fr\/produit\/poche-run-pole\/#breadcrumb\",\"itemListElement\":[{\"@type\":\"ListItem\",\"position\":1,\"name\":\"Home\",\"item\":\"https:\/\/www.miomiorun.com\/fr\/home-page\/\"},{\"@type\":\"ListItem\",\"position\":2,\"name\":\"Shop\",\"item\":\"https:\/\/www.miomiorun.com\/shop\/\"},{\"@type\":\"ListItem\",\"position\":3,\"name\":\"Poche Run Pole\"}]},{\"@type\":\"WebSite\",\"@id\":\"https:\/\/www.miomiorun.com\/fr\/#website\",\"url\":\"https:\/\/www.miomiorun.com\/fr\/\",\"name\":\"MioMioRun\",\"description\":\"Boutique 100% running et trail\",\"publisher\":{\"@id\":\"https:\/\/www.miomiorun.com\/fr\/#organization\"},\"potentialAction\":[{\"@type\":\"SearchAction\",\"target\":{\"@type\":\"EntryPoint\",\"urlTemplate\":\"https:\/\/www.miomiorun.com\/fr\/?s={search_term_string}\"},\"query-input\":{\"@type\":\"PropertyValueSpecification\",\"valueRequired\":true,\"valueName\":\"search_term_string\"}}],\"inLanguage\":\"fr-FR\"},{\"@type\":\"Organization\",\"@id\":\"https:\/\/www.miomiorun.com\/fr\/#organization\",\"name\":\"MioMio Run\",\"url\":\"https:\/\/www.miomiorun.com\/fr\/\",\"logo\":{\"@type\":\"ImageObject\",\"inLanguage\":\"fr-FR\",\"@id\":\"https:\/\/www.miomiorun.com\/fr\/#\/schema\/logo\/image\/\",\"url\":\"https:\/\/www.miomiorun.com\/app\/uploads\/2019\/12\/logomio.png\",\"contentUrl\":\"https:\/\/www.miomiorun.com\/app\/uploads\/2019\/12\/logomio.png\",\"width\":115,\"height\":82,\"caption\":\"MioMio Run\"},\"image\":{\"@id\":\"https:\/\/www.miomiorun.com\/fr\/#\/schema\/logo\/image\/\"},\"sameAs\":[\"https:\/\/www.facebook.com\/miomiorun\/\",\"https:\/\/www.instagram.com\/miomiorun\/\"]}]}<\/script>\n<!-- \/ Yoast SEO plugin. -->","yoast_head_json":{"title":"The North Face Poche Run Pole -\u00e9tui pour b\u00e2tons- MioMioRun","description":"Poche Run Pole pour b\u00e2tons de course \u00e0 pied, avec compression r\u00e9glable et compatible avec le gilet Summit Run.","robots":{"index":"index","follow":"follow","max-snippet":"max-snippet:-1","max-image-preview":"max-image-preview:large","max-video-preview":"max-video-preview:-1"},"canonical":"https:\/\/www.miomiorun.com\/fr\/produit\/poche-run-pole\/","og_locale":"fr_FR","og_type":"article","og_title":"The North Face Poche Run Pole -\u00e9tui pour b\u00e2tons- MioMioRun","og_description":"Poche Run Pole pour b\u00e2tons de course \u00e0 pied, avec compression r\u00e9glable et compatible avec le gilet Summit Run.","og_url":"https:\/\/www.miomiorun.com\/fr\/produit\/poche-run-pole\/","og_site_name":"MioMioRun","article_publisher":"https:\/\/www.facebook.com\/miomiorun\/","article_modified_time":"2026-04-16T16:36:55+00:00","og_image":[{"width":600,"height":600,"url":"https:\/\/www.miomiorun.com\/app\/uploads\/2026\/02\/The-North-Face-Run-pole-sleeve-black-NF0A8BKNKT01.webp","type":"image\/webp"}],"twitter_card":"summary_large_image","twitter_misc":{"Est. reading time":"1 minute"},"schema":{"@context":"https:\/\/schema.org","@graph":[{"@type":"WebPage","@id":"https:\/\/www.miomiorun.com\/fr\/produit\/poche-run-pole\/","url":"https:\/\/www.miomiorun.com\/fr\/produit\/poche-run-pole\/","name":"The North Face Poche Run Pole -\u00e9tui pour b\u00e2tons- MioMioRun","isPartOf":{"@id":"https:\/\/www.miomiorun.com\/fr\/#website"},"primaryImageOfPage":{"@id":"https:\/\/www.miomiorun.com\/fr\/produit\/poche-run-pole\/#primaryimage"},"image":{"@id":"https:\/\/www.miomiorun.com\/fr\/produit\/poche-run-pole\/#primaryimage"},"thumbnailUrl":"https:\/\/www.miomiorun.com\/app\/uploads\/2026\/02\/The-North-Face-Run-pole-sleeve-black-NF0A8BKNKT01.webp","datePublished":"2026-02-05T11:17:10+00:00","dateModified":"2026-04-16T16:36:55+00:00","description":"Poche Run Pole pour b\u00e2tons de course \u00e0 pied, avec compression r\u00e9glable et compatible avec le gilet Summit Run.","breadcrumb":{"@id":"https:\/\/www.miomiorun.com\/fr\/produit\/poche-run-pole\/#breadcrumb"},"inLanguage":"fr-FR","potentialAction":[{"@type":"ReadAction","target":["https:\/\/www.miomiorun.com\/fr\/produit\/poche-run-pole\/"]}]},{"@type":"ImageObject","inLanguage":"fr-FR","@id":"https:\/\/www.miomiorun.com\/fr\/produit\/poche-run-pole\/#primaryimage","url":"https:\/\/www.miomiorun.com\/app\/uploads\/2026\/02\/The-North-Face-Run-pole-sleeve-black-NF0A8BKNKT01.webp","contentUrl":"https:\/\/www.miomiorun.com\/app\/uploads\/2026\/02\/The-North-Face-Run-pole-sleeve-black-NF0A8BKNKT01.webp","width":600,"height":600,"caption":"The North Face Run pole sleeve black NF0A8BKNKT01"},{"@type":"BreadcrumbList","@id":"https:\/\/www.miomiorun.com\/fr\/produit\/poche-run-pole\/#breadcrumb","itemListElement":[{"@type":"ListItem","position":1,"name":"Home","item":"https:\/\/www.miomiorun.com\/fr\/home-page\/"},{"@type":"ListItem","position":2,"name":"Shop","item":"https:\/\/www.miomiorun.com\/shop\/"},{"@type":"ListItem","position":3,"name":"Poche Run Pole"}]},{"@type":"WebSite","@id":"https:\/\/www.miomiorun.com\/fr\/#website","url":"https:\/\/www.miomiorun.com\/fr\/","name":"MioMioRun","description":"Boutique 100% running et trail","publisher":{"@id":"https:\/\/www.miomiorun.com\/fr\/#organization"},"potentialAction":[{"@type":"SearchAction","target":{"@type":"EntryPoint","urlTemplate":"https:\/\/www.miomiorun.com\/fr\/?s={search_term_string}"},"query-input":{"@type":"PropertyValueSpecification","valueRequired":true,"valueName":"search_term_string"}}],"inLanguage":"fr-FR"},{"@type":"Organization","@id":"https:\/\/www.miomiorun.com\/fr\/#organization","name":"MioMio Run","url":"https:\/\/www.miomiorun.com\/fr\/","logo":{"@type":"ImageObject","inLanguage":"fr-FR","@id":"https:\/\/www.miomiorun.com\/fr\/#\/schema\/logo\/image\/","url":"https:\/\/www.miomiorun.com\/app\/uploads\/2019\/12\/logomio.png","contentUrl":"https:\/\/www.miomiorun.com\/app\/uploads\/2019\/12\/logomio.png","width":115,"height":82,"caption":"MioMio Run"},"image":{"@id":"https:\/\/www.miomiorun.com\/fr\/#\/schema\/logo\/image\/"},"sameAs":["https:\/\/www.facebook.com\/miomiorun\/","https:\/\/www.instagram.com\/miomiorun\/"]}]}},"_links":{"self":[{"href":"https:\/\/www.miomiorun.com\/fr\/wp-json\/wp\/v2\/product\/398778","targetHints":{"allow":["GET"]}}],"collection":[{"href":"https:\/\/www.miomiorun.com\/fr\/wp-json\/wp\/v2\/product"}],"about":[{"href":"https:\/\/www.miomiorun.com\/fr\/wp-json\/wp\/v2\/types\/product"}],"wp:featuredmedia":[{"embeddable":true,"href":"https:\/\/www.miomiorun.com\/fr\/wp-json\/wp\/v2\/media\/410243"}],"wp:attachment":[{"href":"https:\/\/www.miomiorun.com\/fr\/wp-json\/wp\/v2\/media?parent=398778"}],"wp:term":[{"taxonomy":"product_brand","embeddable":true,"href":"https:\/\/www.miomiorun.com\/fr\/wp-json\/wp\/v2\/product_brand?post=398778"},{"taxonomy":"product_cat","embeddable":true,"href":"https:\/\/www.miomiorun.com\/fr\/wp-json\/wp\/v2\/product_cat?post=398778"},{"taxonomy":"product_tag","embeddable":true,"href":"https:\/\/www.miomiorun.com\/fr\/wp-json\/wp\/v2\/product_tag?post=398778"}],"curies":[{"name":"wp","href":"https:\/\/api.w.org\/{rel}","templated":true}]}}