{"id":397589,"date":"2026-02-04T12:04:05","date_gmt":"2026-02-04T11:04:05","guid":{"rendered":"https:\/\/www.miomiorun.com\/?post_type=product&#038;p=397589"},"modified":"2026-05-09T12:40:10","modified_gmt":"2026-05-09T10:40:10","slug":"glycerin-flex-homme","status":"publish","type":"product","link":"https:\/\/www.miomiorun.com\/fr\/produit\/glycerin-flex-homme\/","title":{"rendered":"Glycerin Flex homme"},"content":{"rendered":"<table style=\"border-collapse: collapse;width: 100%\">\n<tbody>\n<tr>\n<td style=\"width: 33.333%;vertical-align: top;text-align: center\">\n<h4 style=\"text-align: center\">Caract\u00e9ristiques techniques<\/h4>\n<p style=\"text-align: center\">Cat\u00e9gorie : super amorti<br \/>\nD\u00e9port : 6 mm<br \/>\nPoids : 258 g<br \/>\nId\u00e9al pour : course sur route, courses quotidiennes, courses longues<br \/>\nPoids du coureur : 65-70 kg<br \/>\nAllure de course : 4,20-5 min\/km<br \/>\n<a href=\"https:\/\/miomiorun.com\/guida-alle-specifiche-tecniche\/\">Guide des caract\u00e9ristiques techniques<\/a><\/p>\n<\/td>\n<td style=\"width: 66.6666%;vertical-align: top;text-align: center\">\n<p data-start=\"417\" data-end=\"572\">Restez concentr\u00e9 sur votre course.<br data-start=\"447\" data-end=\"450\">Avec la <strong data-start=\"454\" data-end=\"479\">Glycerin Flex<\/strong>, chaque foul\u00e9e suit votre mouvement naturel, de l&#8217;impact au sol jusqu&#8217;au d\u00e9collage final. <\/p>\n<p data-start=\"574\" data-end=\"955\">La combinaison d&#8217;une <strong data-start=\"594\" data-end=\"634\">rainure flexible au milieu du pied<\/strong> et d&#8217;un <strong data-start=\"637\" data-end=\"667\">amorti innovant<\/strong> cr\u00e9e une foul\u00e9e <strong data-start=\"683\" data-end=\"717\">fluide, continue et contr\u00f4l\u00e9e<\/strong>, con\u00e7ue pour t&#8217;accompagner aussi bien lors de tes kilom\u00e8tres quotidiens que lors de tes sorties plus longues. La sensation sous le pied est <strong data-start=\"832\" data-end=\"843\">douce<\/strong>, avec des impacts extraordinairement souples et des d\u00e9collages puissants qui rendent la course plus naturelle et moins fatigante.<\/p>\n<p data-start=\"957\" data-end=\"1328\">La technologie <strong data-start=\"971\" data-end=\"984\">FlexZone\u2122<\/strong> agit sur le milieu du pied pour offrir un <strong data-start=\"1021\" data-end=\"1044\">soutien flexible<\/strong>, favorisant le bon mouvement du corps et permettant \u00e0 la chaussure de bouger avec vous, et non contre vous. <br data-start=\"1163\" data-end=\"1166\">Le <strong data-start=\"1169\" data-end=\"1200\">chaussant confortable et souple<\/strong> vient compl\u00e9ter un concept pens\u00e9 pour s&#8217;adapter \u00e0 la course sur route, aux entra\u00eenements quotidiens et m\u00eame aux s\u00e9ances en salle.<\/p>\n<p data-start=\"1330\" data-end=\"1500\">L&#8217;avenir de la course est arriv\u00e9 : avec la nouvelle <strong data-start=\"1377\" data-end=\"1394\">Glycerin Flex<\/strong>, <strong data-start=\"1396\" data-end=\"1439\">le mouvement humain et la technologie ne font plus qu&#8217;un<\/strong>, brisant tous les sch\u00e9mas et red\u00e9finissant le concept de fluidit\u00e9.<\/p>\n<\/td>\n<\/tr>\n<\/tbody>\n<\/table>\n<p>&nbsp;<\/p>\n","protected":false},"excerpt":{"rendered":"<ul>\n<li data-start=\"1555\" data-end=\"1626\"><strong data-start=\"1555\" data-end=\"1595\">Rainure flexible au niveau du milieu du pied<\/strong> pour une transition naturelle<\/li>\n<li data-start=\"1629\" data-end=\"1696\"><strong data-start=\"1629\" data-end=\"1656\">Amorti moelleux<\/strong> pour des r\u00e9ceptions en douceur et des pouss\u00e9es puissantes<\/li>\n<li data-start=\"1699\" data-end=\"1767\"><strong data-start=\"1699\" data-end=\"1732\">Soutien flexible FlexZone\u2122<\/strong> qui suit les mouvements du corps<\/li>\n<li data-start=\"1770\" data-end=\"1849\"><strong data-start=\"1770\" data-end=\"1801\">Chaussant confortable et souple<\/strong>, id\u00e9al pour la course quotidienne et les longues distances<\/li>\n<\/ul>\n","protected":false},"featured_media":401654,"template":"","meta":{"_acf_changed":false,"inline_featured_image":false},"product_brand":[],"product_cat":[24448,24447],"product_tag":[23462,23655],"class_list":{"0":"post-397589","1":"product","2":"type-product","3":"status-publish","4":"has-post-thumbnail","6":"product_cat-chaussures-pour-hommes-fr","7":"product_cat-neutre-fr-3","8":"product_tag-brooks-fr","9":"product_tag-brooks-homme","10":"pa_attivita-lifestyle-fr","11":"pa_attivita-marcher","12":"pa_attivita-running-fr","13":"pa_colore-glycerin-flex-spellbound-starfish-coconu","14":"pa_colore-glycerin-flex-white-green-gecko-phantom","15":"pa_marca-brooks-fr","16":"pa_sesso-femme","17":"pa_size-42-fr","18":"pa_size-43-fr","19":"pa_size-44-fr","20":"pa_size-44-5-fr","21":"pa_size-45-fr","22":"pa_size-45-5-fr","23":"pa_size-46-fr","24":"pa_size-46-5-fr","26":"first","27":"instock","28":"sale","29":"taxable","30":"shipping-taxable","31":"purchasable","32":"product-type-variable","33":"wvs-archive-product-wrapper"},"acf":[],"yoast_head":"<!-- This site is optimized with the Yoast SEO plugin v26.8 - https:\/\/yoast.com\/product\/yoast-seo-wordpress\/ -->\n<title>Brooks Glycerin Flex homme - chaussures de course homme - MioMioRun .com<\/title>\n<meta name=\"description\" content=\"Chaussure de course pour homme, con\u00e7ue pour la course sur route et les entra\u00eenements quotidiens. L&#039;amorti moelleux et la technologie FlexZone\u2122 assurent fluidit\u00e9, contr\u00f4le et mouvement naturel.\" \/>\n<meta name=\"robots\" content=\"index, follow, max-snippet:-1, max-image-preview:large, max-video-preview:-1\" \/>\n<link rel=\"canonical\" href=\"https:\/\/www.miomiorun.com\/fr\/produit\/glycerin-flex-homme\/\" \/>\n<meta property=\"og:locale\" content=\"fr_FR\" \/>\n<meta property=\"og:type\" content=\"article\" \/>\n<meta property=\"og:title\" content=\"Brooks Glycerin Flex homme - chaussures de course homme - MioMioRun .com\" \/>\n<meta property=\"og:description\" content=\"Chaussure de course pour homme, con\u00e7ue pour la course sur route et les entra\u00eenements quotidiens. L&#039;amorti moelleux et la technologie FlexZone\u2122 assurent fluidit\u00e9, contr\u00f4le et mouvement naturel.\" \/>\n<meta property=\"og:url\" content=\"https:\/\/www.miomiorun.com\/fr\/produit\/glycerin-flex-homme\/\" \/>\n<meta property=\"og:site_name\" content=\"MioMioRun\" \/>\n<meta property=\"article:publisher\" content=\"https:\/\/www.facebook.com\/miomiorun\/\" \/>\n<meta property=\"article:modified_time\" content=\"2026-05-09T10:40:10+00:00\" \/>\n<meta property=\"og:image\" content=\"https:\/\/www.miomiorun.com\/app\/uploads\/2026\/02\/brooks-Glycerin-Flex-white-green-gecko-phantom-1104781D114.webp\" \/>\n\t<meta property=\"og:image:width\" content=\"720\" \/>\n\t<meta property=\"og:image:height\" content=\"720\" \/>\n\t<meta property=\"og:image:type\" content=\"image\/webp\" \/>\n<meta name=\"twitter:card\" content=\"summary_large_image\" \/>\n<meta name=\"twitter:label1\" content=\"Est. reading time\" \/>\n\t<meta name=\"twitter:data1\" content=\"1 minute\" \/>\n<script type=\"application\/ld+json\" class=\"yoast-schema-graph\">{\"@context\":\"https:\/\/schema.org\",\"@graph\":[{\"@type\":\"WebPage\",\"@id\":\"https:\/\/www.miomiorun.com\/fr\/produit\/glycerin-flex-homme\/\",\"url\":\"https:\/\/www.miomiorun.com\/fr\/produit\/glycerin-flex-homme\/\",\"name\":\"Brooks Glycerin Flex homme - chaussures de course homme - MioMioRun .com\",\"isPartOf\":{\"@id\":\"https:\/\/www.miomiorun.com\/fr\/#website\"},\"primaryImageOfPage\":{\"@id\":\"https:\/\/www.miomiorun.com\/fr\/produit\/glycerin-flex-homme\/#primaryimage\"},\"image\":{\"@id\":\"https:\/\/www.miomiorun.com\/fr\/produit\/glycerin-flex-homme\/#primaryimage\"},\"thumbnailUrl\":\"https:\/\/www.miomiorun.com\/app\/uploads\/2026\/02\/brooks-Glycerin-Flex-white-green-gecko-phantom-1104781D114.webp\",\"datePublished\":\"2026-02-04T11:04:05+00:00\",\"dateModified\":\"2026-05-09T10:40:10+00:00\",\"description\":\"Chaussure de course pour homme, con\u00e7ue pour la course sur route et les entra\u00eenements quotidiens. L'amorti moelleux et la technologie FlexZone\u2122 assurent fluidit\u00e9, contr\u00f4le et mouvement naturel.\",\"breadcrumb\":{\"@id\":\"https:\/\/www.miomiorun.com\/fr\/produit\/glycerin-flex-homme\/#breadcrumb\"},\"inLanguage\":\"fr-FR\",\"potentialAction\":[{\"@type\":\"ReadAction\",\"target\":[\"https:\/\/www.miomiorun.com\/fr\/produit\/glycerin-flex-homme\/\"]}]},{\"@type\":\"ImageObject\",\"inLanguage\":\"fr-FR\",\"@id\":\"https:\/\/www.miomiorun.com\/fr\/produit\/glycerin-flex-homme\/#primaryimage\",\"url\":\"https:\/\/www.miomiorun.com\/app\/uploads\/2026\/02\/brooks-Glycerin-Flex-white-green-gecko-phantom-1104781D114.webp\",\"contentUrl\":\"https:\/\/www.miomiorun.com\/app\/uploads\/2026\/02\/brooks-Glycerin-Flex-white-green-gecko-phantom-1104781D114.webp\",\"width\":720,\"height\":720,\"caption\":\"brooks Glycerin Flex white green gecko phantom 1104781D114\"},{\"@type\":\"BreadcrumbList\",\"@id\":\"https:\/\/www.miomiorun.com\/fr\/produit\/glycerin-flex-homme\/#breadcrumb\",\"itemListElement\":[{\"@type\":\"ListItem\",\"position\":1,\"name\":\"Home\",\"item\":\"https:\/\/www.miomiorun.com\/fr\/home-page\/\"},{\"@type\":\"ListItem\",\"position\":2,\"name\":\"Shop\",\"item\":\"https:\/\/www.miomiorun.com\/shop\/\"},{\"@type\":\"ListItem\",\"position\":3,\"name\":\"Glycerin Flex homme\"}]},{\"@type\":\"WebSite\",\"@id\":\"https:\/\/www.miomiorun.com\/fr\/#website\",\"url\":\"https:\/\/www.miomiorun.com\/fr\/\",\"name\":\"MioMioRun\",\"description\":\"Boutique 100% running et trail\",\"publisher\":{\"@id\":\"https:\/\/www.miomiorun.com\/fr\/#organization\"},\"potentialAction\":[{\"@type\":\"SearchAction\",\"target\":{\"@type\":\"EntryPoint\",\"urlTemplate\":\"https:\/\/www.miomiorun.com\/fr\/?s={search_term_string}\"},\"query-input\":{\"@type\":\"PropertyValueSpecification\",\"valueRequired\":true,\"valueName\":\"search_term_string\"}}],\"inLanguage\":\"fr-FR\"},{\"@type\":\"Organization\",\"@id\":\"https:\/\/www.miomiorun.com\/fr\/#organization\",\"name\":\"MioMio Run\",\"url\":\"https:\/\/www.miomiorun.com\/fr\/\",\"logo\":{\"@type\":\"ImageObject\",\"inLanguage\":\"fr-FR\",\"@id\":\"https:\/\/www.miomiorun.com\/fr\/#\/schema\/logo\/image\/\",\"url\":\"https:\/\/www.miomiorun.com\/app\/uploads\/2019\/12\/logomio.png\",\"contentUrl\":\"https:\/\/www.miomiorun.com\/app\/uploads\/2019\/12\/logomio.png\",\"width\":115,\"height\":82,\"caption\":\"MioMio Run\"},\"image\":{\"@id\":\"https:\/\/www.miomiorun.com\/fr\/#\/schema\/logo\/image\/\"},\"sameAs\":[\"https:\/\/www.facebook.com\/miomiorun\/\",\"https:\/\/www.instagram.com\/miomiorun\/\"]}]}<\/script>\n<!-- \/ Yoast SEO plugin. -->","yoast_head_json":{"title":"Brooks Glycerin Flex homme - chaussures de course homme - MioMioRun .com","description":"Chaussure de course pour homme, con\u00e7ue pour la course sur route et les entra\u00eenements quotidiens. L'amorti moelleux et la technologie FlexZone\u2122 assurent fluidit\u00e9, contr\u00f4le et mouvement naturel.","robots":{"index":"index","follow":"follow","max-snippet":"max-snippet:-1","max-image-preview":"max-image-preview:large","max-video-preview":"max-video-preview:-1"},"canonical":"https:\/\/www.miomiorun.com\/fr\/produit\/glycerin-flex-homme\/","og_locale":"fr_FR","og_type":"article","og_title":"Brooks Glycerin Flex homme - chaussures de course homme - MioMioRun .com","og_description":"Chaussure de course pour homme, con\u00e7ue pour la course sur route et les entra\u00eenements quotidiens. L'amorti moelleux et la technologie FlexZone\u2122 assurent fluidit\u00e9, contr\u00f4le et mouvement naturel.","og_url":"https:\/\/www.miomiorun.com\/fr\/produit\/glycerin-flex-homme\/","og_site_name":"MioMioRun","article_publisher":"https:\/\/www.facebook.com\/miomiorun\/","article_modified_time":"2026-05-09T10:40:10+00:00","og_image":[{"width":720,"height":720,"url":"https:\/\/www.miomiorun.com\/app\/uploads\/2026\/02\/brooks-Glycerin-Flex-white-green-gecko-phantom-1104781D114.webp","type":"image\/webp"}],"twitter_card":"summary_large_image","twitter_misc":{"Est. reading time":"1 minute"},"schema":{"@context":"https:\/\/schema.org","@graph":[{"@type":"WebPage","@id":"https:\/\/www.miomiorun.com\/fr\/produit\/glycerin-flex-homme\/","url":"https:\/\/www.miomiorun.com\/fr\/produit\/glycerin-flex-homme\/","name":"Brooks Glycerin Flex homme - chaussures de course homme - MioMioRun .com","isPartOf":{"@id":"https:\/\/www.miomiorun.com\/fr\/#website"},"primaryImageOfPage":{"@id":"https:\/\/www.miomiorun.com\/fr\/produit\/glycerin-flex-homme\/#primaryimage"},"image":{"@id":"https:\/\/www.miomiorun.com\/fr\/produit\/glycerin-flex-homme\/#primaryimage"},"thumbnailUrl":"https:\/\/www.miomiorun.com\/app\/uploads\/2026\/02\/brooks-Glycerin-Flex-white-green-gecko-phantom-1104781D114.webp","datePublished":"2026-02-04T11:04:05+00:00","dateModified":"2026-05-09T10:40:10+00:00","description":"Chaussure de course pour homme, con\u00e7ue pour la course sur route et les entra\u00eenements quotidiens. L'amorti moelleux et la technologie FlexZone\u2122 assurent fluidit\u00e9, contr\u00f4le et mouvement naturel.","breadcrumb":{"@id":"https:\/\/www.miomiorun.com\/fr\/produit\/glycerin-flex-homme\/#breadcrumb"},"inLanguage":"fr-FR","potentialAction":[{"@type":"ReadAction","target":["https:\/\/www.miomiorun.com\/fr\/produit\/glycerin-flex-homme\/"]}]},{"@type":"ImageObject","inLanguage":"fr-FR","@id":"https:\/\/www.miomiorun.com\/fr\/produit\/glycerin-flex-homme\/#primaryimage","url":"https:\/\/www.miomiorun.com\/app\/uploads\/2026\/02\/brooks-Glycerin-Flex-white-green-gecko-phantom-1104781D114.webp","contentUrl":"https:\/\/www.miomiorun.com\/app\/uploads\/2026\/02\/brooks-Glycerin-Flex-white-green-gecko-phantom-1104781D114.webp","width":720,"height":720,"caption":"brooks Glycerin Flex white green gecko phantom 1104781D114"},{"@type":"BreadcrumbList","@id":"https:\/\/www.miomiorun.com\/fr\/produit\/glycerin-flex-homme\/#breadcrumb","itemListElement":[{"@type":"ListItem","position":1,"name":"Home","item":"https:\/\/www.miomiorun.com\/fr\/home-page\/"},{"@type":"ListItem","position":2,"name":"Shop","item":"https:\/\/www.miomiorun.com\/shop\/"},{"@type":"ListItem","position":3,"name":"Glycerin Flex homme"}]},{"@type":"WebSite","@id":"https:\/\/www.miomiorun.com\/fr\/#website","url":"https:\/\/www.miomiorun.com\/fr\/","name":"MioMioRun","description":"Boutique 100% running et trail","publisher":{"@id":"https:\/\/www.miomiorun.com\/fr\/#organization"},"potentialAction":[{"@type":"SearchAction","target":{"@type":"EntryPoint","urlTemplate":"https:\/\/www.miomiorun.com\/fr\/?s={search_term_string}"},"query-input":{"@type":"PropertyValueSpecification","valueRequired":true,"valueName":"search_term_string"}}],"inLanguage":"fr-FR"},{"@type":"Organization","@id":"https:\/\/www.miomiorun.com\/fr\/#organization","name":"MioMio Run","url":"https:\/\/www.miomiorun.com\/fr\/","logo":{"@type":"ImageObject","inLanguage":"fr-FR","@id":"https:\/\/www.miomiorun.com\/fr\/#\/schema\/logo\/image\/","url":"https:\/\/www.miomiorun.com\/app\/uploads\/2019\/12\/logomio.png","contentUrl":"https:\/\/www.miomiorun.com\/app\/uploads\/2019\/12\/logomio.png","width":115,"height":82,"caption":"MioMio Run"},"image":{"@id":"https:\/\/www.miomiorun.com\/fr\/#\/schema\/logo\/image\/"},"sameAs":["https:\/\/www.facebook.com\/miomiorun\/","https:\/\/www.instagram.com\/miomiorun\/"]}]}},"_links":{"self":[{"href":"https:\/\/www.miomiorun.com\/fr\/wp-json\/wp\/v2\/product\/397589","targetHints":{"allow":["GET"]}}],"collection":[{"href":"https:\/\/www.miomiorun.com\/fr\/wp-json\/wp\/v2\/product"}],"about":[{"href":"https:\/\/www.miomiorun.com\/fr\/wp-json\/wp\/v2\/types\/product"}],"wp:featuredmedia":[{"embeddable":true,"href":"https:\/\/www.miomiorun.com\/fr\/wp-json\/wp\/v2\/media\/401654"}],"wp:attachment":[{"href":"https:\/\/www.miomiorun.com\/fr\/wp-json\/wp\/v2\/media?parent=397589"}],"wp:term":[{"taxonomy":"product_brand","embeddable":true,"href":"https:\/\/www.miomiorun.com\/fr\/wp-json\/wp\/v2\/product_brand?post=397589"},{"taxonomy":"product_cat","embeddable":true,"href":"https:\/\/www.miomiorun.com\/fr\/wp-json\/wp\/v2\/product_cat?post=397589"},{"taxonomy":"product_tag","embeddable":true,"href":"https:\/\/www.miomiorun.com\/fr\/wp-json\/wp\/v2\/product_tag?post=397589"}],"curies":[{"name":"wp","href":"https:\/\/api.w.org\/{rel}","templated":true}]}}