{"id":397488,"date":"2026-02-04T12:04:09","date_gmt":"2026-02-04T11:04:09","guid":{"rendered":"https:\/\/www.miomiorun.com\/?post_type=product&#038;p=397488"},"modified":"2026-05-09T12:39:24","modified_gmt":"2026-05-09T10:39:24","slug":"glycerin-flex-femme","status":"publish","type":"product","link":"https:\/\/www.miomiorun.com\/fr\/produit\/glycerin-flex-femme\/","title":{"rendered":"Glycerin Flex femme"},"content":{"rendered":"<table style=\"border-collapse: collapse;width: 100%\">\n<tbody>\n<tr>\n<td style=\"width: 33.3333%;vertical-align: top;text-align: center\">\n<h4 style=\"text-align: center\">Caract\u00e9ristiques techniques<\/h4>\n<p style=\"text-align: center\">Cat\u00e9gorie : amorti r\u00e9actif<br \/>\nD\u00e9port : 6 mm<br \/>\nPoids : 226 g<br \/>\nId\u00e9al pour : Course sur route, Courses quotidiennes, Courses longues<br \/>\nPoids de l&#8217;athl\u00e8te : 65-70 kg<br \/>\nAllure de course : 4,20-5 min\/km<br \/>\n<a href=\"https:\/\/miomiorun.com\/guida-alle-specifiche-tecniche\/\">Guide des caract\u00e9ristiques techniques<\/a><\/p>\n<\/td>\n<td style=\"width: 66.6666%;vertical-align: top;text-align: center\">\n<p data-start=\"417\" data-end=\"572\">Restez concentr\u00e9e sur votre course.<br data-start=\"447\" data-end=\"450\">Avec la <strong data-start=\"454\" data-end=\"479\">Glycerin Flex<\/strong>, chaque foul\u00e9e suit votre mouvement naturel, de l&#8217;impact au sol jusqu&#8217;au d\u00e9collage final.<\/p>\n<p data-start=\"574\" data-end=\"955\">La combinaison entre <strong data-start=\"594\" data-end=\"634\">rainure flexible au milieu du pied<\/strong> et <strong data-start=\"637\" data-end=\"667\">amorti innovant<\/strong> cr\u00e9e une foul\u00e9e <strong data-start=\"683\" data-end=\"717\">fluide, continue et contr\u00f4l\u00e9e<\/strong>, con\u00e7ue pour t&#8217;accompagner aussi bien lors de tes kilom\u00e8tres quotidiens que lors de tes sorties plus longues. La sensation sous le pied est <strong data-start=\"832\" data-end=\"843\">douce<\/strong>, avec des impacts extraordinairement souples et des d\u00e9collages puissants qui rendent la course plus naturelle et moins fatigante.<\/p>\n<p data-start=\"957\" data-end=\"1328\">La technologie <strong data-start=\"971\" data-end=\"984\">FlexZone\u2122<\/strong> agit sur le milieu du pied pour offrir un <strong data-start=\"1021\" data-end=\"1044\">soutien flexible<\/strong>, favorisant le bon mouvement du corps et permettant \u00e0 la chaussure de bouger avec vous, et non contre vous. <br data-start=\"1163\" data-end=\"1166\">Le <strong data-start=\"1169\" data-end=\"1200\">chaussant confortable et souple<\/strong> vient compl\u00e9ter un concept pens\u00e9 pour s&#8217;adapter \u00e0 la course sur route, aux entra\u00eenements quotidiens et m\u00eame aux s\u00e9ances en salle.<\/p>\n<p data-start=\"1330\" data-end=\"1500\">L&#8217;avenir de la course est arriv\u00e9 : avec la nouvelle <strong data-start=\"1377\" data-end=\"1394\">Glycerin Flex<\/strong>, <strong data-start=\"1396\" data-end=\"1439\">le mouvement humain et la technologie ne font plus qu&#8217;un<\/strong>, brisant tous les sch\u00e9mas et red\u00e9finissant le concept de fluidit\u00e9.<\/p>\n<\/td>\n<\/tr>\n<\/tbody>\n<\/table>\n<p>&nbsp;<\/p>\n","protected":false},"excerpt":{"rendered":"<ul>\n<li data-start=\"1555\" data-end=\"1626\"><strong data-start=\"1555\" data-end=\"1595\">Rainure flexible au niveau du milieu du pied<\/strong> pour une transition naturelle<\/li>\n<li data-start=\"1629\" data-end=\"1696\"><strong data-start=\"1629\" data-end=\"1656\">Amorti moelleux<\/strong> pour des impacts en douceur et des pouss\u00e9es puissantes<\/li>\n<li data-start=\"1699\" data-end=\"1767\"><strong data-start=\"1699\" data-end=\"1732\">Soutien flexible FlexZone\u2122<\/strong> qui suit les mouvements du corps<\/li>\n<li data-start=\"1770\" data-end=\"1849\"><strong data-start=\"1770\" data-end=\"1801\">Chaussant confortable et souple<\/strong>, id\u00e9al pour la course quotidienne et les longues distances<\/li>\n<\/ul>\n","protected":false},"featured_media":403446,"template":"","meta":{"_acf_changed":false,"inline_featured_image":false},"product_brand":[],"product_cat":[22605,22606],"product_tag":[23462,23656],"class_list":{"0":"post-397488","1":"product","2":"type-product","3":"status-publish","4":"has-post-thumbnail","6":"product_cat-chaussures-pour-femmes","7":"product_cat-neutre","8":"product_tag-brooks-fr","9":"product_tag-brooks-femme","10":"pa_attivita-lifestyle-fr","11":"pa_attivita-marcher","12":"pa_attivita-running-fr","13":"pa_colore-glycerin-flex-w-white-cyber-pink-argyle","14":"pa_marca-brooks-fr","15":"pa_sesso-femme","16":"pa_size-37-5-fr","17":"pa_size-38-fr","18":"pa_size-38-5-fr","19":"pa_size-39-fr","20":"pa_size-40-fr","21":"pa_size-40-5-fr","22":"pa_size-41-fr","23":"pa_size-42-fr","25":"first","26":"instock","27":"sale","28":"taxable","29":"shipping-taxable","30":"purchasable","31":"product-type-variable","32":"wvs-archive-product-wrapper"},"acf":[],"yoast_head":"<!-- This site is optimized with the Yoast SEO plugin v26.8 - https:\/\/yoast.com\/product\/yoast-seo-wordpress\/ -->\n<title>Brooks Glycerin Flex femme - chaussures de course femmes - MioMioRun.com<\/title>\n<meta name=\"description\" content=\"Chaussure de course \u00e0 pied pour femme, con\u00e7ue pour la course sur route et les entra\u00eenements quotidiens. L&#039;amorti moelleux et la technologie FlexZone\u2122 assurent fluidit\u00e9, contr\u00f4le et mouvement naturel.\" \/>\n<meta name=\"robots\" content=\"index, follow, max-snippet:-1, max-image-preview:large, max-video-preview:-1\" \/>\n<link rel=\"canonical\" href=\"https:\/\/www.miomiorun.com\/fr\/produit\/glycerin-flex-femme\/\" \/>\n<meta property=\"og:locale\" content=\"fr_FR\" \/>\n<meta property=\"og:type\" content=\"article\" \/>\n<meta property=\"og:title\" content=\"Brooks Glycerin Flex femme - chaussures de course femmes - MioMioRun.com\" \/>\n<meta property=\"og:description\" content=\"Chaussure de course \u00e0 pied pour femme, con\u00e7ue pour la course sur route et les entra\u00eenements quotidiens. L&#039;amorti moelleux et la technologie FlexZone\u2122 assurent fluidit\u00e9, contr\u00f4le et mouvement naturel.\" \/>\n<meta property=\"og:url\" content=\"https:\/\/www.miomiorun.com\/fr\/produit\/glycerin-flex-femme\/\" \/>\n<meta property=\"og:site_name\" content=\"MioMioRun\" \/>\n<meta property=\"article:publisher\" content=\"https:\/\/www.facebook.com\/miomiorun\/\" \/>\n<meta property=\"article:modified_time\" content=\"2026-05-09T10:39:24+00:00\" \/>\n<meta property=\"og:image\" content=\"https:\/\/www.miomiorun.com\/app\/uploads\/2026\/02\/brooks-Glycerin-Flex-W-white-cyber-pink-argyle-1204671B136.webp\" \/>\n\t<meta property=\"og:image:width\" content=\"720\" \/>\n\t<meta property=\"og:image:height\" content=\"720\" \/>\n\t<meta property=\"og:image:type\" content=\"image\/webp\" \/>\n<meta name=\"twitter:card\" content=\"summary_large_image\" \/>\n<meta name=\"twitter:label1\" content=\"Est. reading time\" \/>\n\t<meta name=\"twitter:data1\" content=\"1 minute\" \/>\n<script type=\"application\/ld+json\" class=\"yoast-schema-graph\">{\"@context\":\"https:\/\/schema.org\",\"@graph\":[{\"@type\":\"WebPage\",\"@id\":\"https:\/\/www.miomiorun.com\/fr\/produit\/glycerin-flex-femme\/\",\"url\":\"https:\/\/www.miomiorun.com\/fr\/produit\/glycerin-flex-femme\/\",\"name\":\"Brooks Glycerin Flex femme - chaussures de course femmes - MioMioRun.com\",\"isPartOf\":{\"@id\":\"https:\/\/www.miomiorun.com\/fr\/#website\"},\"primaryImageOfPage\":{\"@id\":\"https:\/\/www.miomiorun.com\/fr\/produit\/glycerin-flex-femme\/#primaryimage\"},\"image\":{\"@id\":\"https:\/\/www.miomiorun.com\/fr\/produit\/glycerin-flex-femme\/#primaryimage\"},\"thumbnailUrl\":\"https:\/\/www.miomiorun.com\/app\/uploads\/2026\/02\/brooks-Glycerin-Flex-W-white-cyber-pink-argyle-1204671B136.webp\",\"datePublished\":\"2026-02-04T11:04:09+00:00\",\"dateModified\":\"2026-05-09T10:39:24+00:00\",\"description\":\"Chaussure de course \u00e0 pied pour femme, con\u00e7ue pour la course sur route et les entra\u00eenements quotidiens. L'amorti moelleux et la technologie FlexZone\u2122 assurent fluidit\u00e9, contr\u00f4le et mouvement naturel.\",\"breadcrumb\":{\"@id\":\"https:\/\/www.miomiorun.com\/fr\/produit\/glycerin-flex-femme\/#breadcrumb\"},\"inLanguage\":\"fr-FR\",\"potentialAction\":[{\"@type\":\"ReadAction\",\"target\":[\"https:\/\/www.miomiorun.com\/fr\/produit\/glycerin-flex-femme\/\"]}]},{\"@type\":\"ImageObject\",\"inLanguage\":\"fr-FR\",\"@id\":\"https:\/\/www.miomiorun.com\/fr\/produit\/glycerin-flex-femme\/#primaryimage\",\"url\":\"https:\/\/www.miomiorun.com\/app\/uploads\/2026\/02\/brooks-Glycerin-Flex-W-white-cyber-pink-argyle-1204671B136.webp\",\"contentUrl\":\"https:\/\/www.miomiorun.com\/app\/uploads\/2026\/02\/brooks-Glycerin-Flex-W-white-cyber-pink-argyle-1204671B136.webp\",\"width\":720,\"height\":720,\"caption\":\"brooks Glycerin Flex W white cyber pink argyle 1204671B136\"},{\"@type\":\"BreadcrumbList\",\"@id\":\"https:\/\/www.miomiorun.com\/fr\/produit\/glycerin-flex-femme\/#breadcrumb\",\"itemListElement\":[{\"@type\":\"ListItem\",\"position\":1,\"name\":\"Home\",\"item\":\"https:\/\/www.miomiorun.com\/fr\/home-page\/\"},{\"@type\":\"ListItem\",\"position\":2,\"name\":\"Shop\",\"item\":\"https:\/\/www.miomiorun.com\/shop\/\"},{\"@type\":\"ListItem\",\"position\":3,\"name\":\"Glycerin Flex femme\"}]},{\"@type\":\"WebSite\",\"@id\":\"https:\/\/www.miomiorun.com\/fr\/#website\",\"url\":\"https:\/\/www.miomiorun.com\/fr\/\",\"name\":\"MioMioRun\",\"description\":\"Boutique 100% running et trail\",\"publisher\":{\"@id\":\"https:\/\/www.miomiorun.com\/fr\/#organization\"},\"potentialAction\":[{\"@type\":\"SearchAction\",\"target\":{\"@type\":\"EntryPoint\",\"urlTemplate\":\"https:\/\/www.miomiorun.com\/fr\/?s={search_term_string}\"},\"query-input\":{\"@type\":\"PropertyValueSpecification\",\"valueRequired\":true,\"valueName\":\"search_term_string\"}}],\"inLanguage\":\"fr-FR\"},{\"@type\":\"Organization\",\"@id\":\"https:\/\/www.miomiorun.com\/fr\/#organization\",\"name\":\"MioMio Run\",\"url\":\"https:\/\/www.miomiorun.com\/fr\/\",\"logo\":{\"@type\":\"ImageObject\",\"inLanguage\":\"fr-FR\",\"@id\":\"https:\/\/www.miomiorun.com\/fr\/#\/schema\/logo\/image\/\",\"url\":\"https:\/\/www.miomiorun.com\/app\/uploads\/2019\/12\/logomio.png\",\"contentUrl\":\"https:\/\/www.miomiorun.com\/app\/uploads\/2019\/12\/logomio.png\",\"width\":115,\"height\":82,\"caption\":\"MioMio Run\"},\"image\":{\"@id\":\"https:\/\/www.miomiorun.com\/fr\/#\/schema\/logo\/image\/\"},\"sameAs\":[\"https:\/\/www.facebook.com\/miomiorun\/\",\"https:\/\/www.instagram.com\/miomiorun\/\"]}]}<\/script>\n<!-- \/ Yoast SEO plugin. -->","yoast_head_json":{"title":"Brooks Glycerin Flex femme - chaussures de course femmes - MioMioRun.com","description":"Chaussure de course \u00e0 pied pour femme, con\u00e7ue pour la course sur route et les entra\u00eenements quotidiens. L'amorti moelleux et la technologie FlexZone\u2122 assurent fluidit\u00e9, contr\u00f4le et mouvement naturel.","robots":{"index":"index","follow":"follow","max-snippet":"max-snippet:-1","max-image-preview":"max-image-preview:large","max-video-preview":"max-video-preview:-1"},"canonical":"https:\/\/www.miomiorun.com\/fr\/produit\/glycerin-flex-femme\/","og_locale":"fr_FR","og_type":"article","og_title":"Brooks Glycerin Flex femme - chaussures de course femmes - MioMioRun.com","og_description":"Chaussure de course \u00e0 pied pour femme, con\u00e7ue pour la course sur route et les entra\u00eenements quotidiens. L'amorti moelleux et la technologie FlexZone\u2122 assurent fluidit\u00e9, contr\u00f4le et mouvement naturel.","og_url":"https:\/\/www.miomiorun.com\/fr\/produit\/glycerin-flex-femme\/","og_site_name":"MioMioRun","article_publisher":"https:\/\/www.facebook.com\/miomiorun\/","article_modified_time":"2026-05-09T10:39:24+00:00","og_image":[{"width":720,"height":720,"url":"https:\/\/www.miomiorun.com\/app\/uploads\/2026\/02\/brooks-Glycerin-Flex-W-white-cyber-pink-argyle-1204671B136.webp","type":"image\/webp"}],"twitter_card":"summary_large_image","twitter_misc":{"Est. reading time":"1 minute"},"schema":{"@context":"https:\/\/schema.org","@graph":[{"@type":"WebPage","@id":"https:\/\/www.miomiorun.com\/fr\/produit\/glycerin-flex-femme\/","url":"https:\/\/www.miomiorun.com\/fr\/produit\/glycerin-flex-femme\/","name":"Brooks Glycerin Flex femme - chaussures de course femmes - MioMioRun.com","isPartOf":{"@id":"https:\/\/www.miomiorun.com\/fr\/#website"},"primaryImageOfPage":{"@id":"https:\/\/www.miomiorun.com\/fr\/produit\/glycerin-flex-femme\/#primaryimage"},"image":{"@id":"https:\/\/www.miomiorun.com\/fr\/produit\/glycerin-flex-femme\/#primaryimage"},"thumbnailUrl":"https:\/\/www.miomiorun.com\/app\/uploads\/2026\/02\/brooks-Glycerin-Flex-W-white-cyber-pink-argyle-1204671B136.webp","datePublished":"2026-02-04T11:04:09+00:00","dateModified":"2026-05-09T10:39:24+00:00","description":"Chaussure de course \u00e0 pied pour femme, con\u00e7ue pour la course sur route et les entra\u00eenements quotidiens. L'amorti moelleux et la technologie FlexZone\u2122 assurent fluidit\u00e9, contr\u00f4le et mouvement naturel.","breadcrumb":{"@id":"https:\/\/www.miomiorun.com\/fr\/produit\/glycerin-flex-femme\/#breadcrumb"},"inLanguage":"fr-FR","potentialAction":[{"@type":"ReadAction","target":["https:\/\/www.miomiorun.com\/fr\/produit\/glycerin-flex-femme\/"]}]},{"@type":"ImageObject","inLanguage":"fr-FR","@id":"https:\/\/www.miomiorun.com\/fr\/produit\/glycerin-flex-femme\/#primaryimage","url":"https:\/\/www.miomiorun.com\/app\/uploads\/2026\/02\/brooks-Glycerin-Flex-W-white-cyber-pink-argyle-1204671B136.webp","contentUrl":"https:\/\/www.miomiorun.com\/app\/uploads\/2026\/02\/brooks-Glycerin-Flex-W-white-cyber-pink-argyle-1204671B136.webp","width":720,"height":720,"caption":"brooks Glycerin Flex W white cyber pink argyle 1204671B136"},{"@type":"BreadcrumbList","@id":"https:\/\/www.miomiorun.com\/fr\/produit\/glycerin-flex-femme\/#breadcrumb","itemListElement":[{"@type":"ListItem","position":1,"name":"Home","item":"https:\/\/www.miomiorun.com\/fr\/home-page\/"},{"@type":"ListItem","position":2,"name":"Shop","item":"https:\/\/www.miomiorun.com\/shop\/"},{"@type":"ListItem","position":3,"name":"Glycerin Flex femme"}]},{"@type":"WebSite","@id":"https:\/\/www.miomiorun.com\/fr\/#website","url":"https:\/\/www.miomiorun.com\/fr\/","name":"MioMioRun","description":"Boutique 100% running et trail","publisher":{"@id":"https:\/\/www.miomiorun.com\/fr\/#organization"},"potentialAction":[{"@type":"SearchAction","target":{"@type":"EntryPoint","urlTemplate":"https:\/\/www.miomiorun.com\/fr\/?s={search_term_string}"},"query-input":{"@type":"PropertyValueSpecification","valueRequired":true,"valueName":"search_term_string"}}],"inLanguage":"fr-FR"},{"@type":"Organization","@id":"https:\/\/www.miomiorun.com\/fr\/#organization","name":"MioMio Run","url":"https:\/\/www.miomiorun.com\/fr\/","logo":{"@type":"ImageObject","inLanguage":"fr-FR","@id":"https:\/\/www.miomiorun.com\/fr\/#\/schema\/logo\/image\/","url":"https:\/\/www.miomiorun.com\/app\/uploads\/2019\/12\/logomio.png","contentUrl":"https:\/\/www.miomiorun.com\/app\/uploads\/2019\/12\/logomio.png","width":115,"height":82,"caption":"MioMio Run"},"image":{"@id":"https:\/\/www.miomiorun.com\/fr\/#\/schema\/logo\/image\/"},"sameAs":["https:\/\/www.facebook.com\/miomiorun\/","https:\/\/www.instagram.com\/miomiorun\/"]}]}},"_links":{"self":[{"href":"https:\/\/www.miomiorun.com\/fr\/wp-json\/wp\/v2\/product\/397488","targetHints":{"allow":["GET"]}}],"collection":[{"href":"https:\/\/www.miomiorun.com\/fr\/wp-json\/wp\/v2\/product"}],"about":[{"href":"https:\/\/www.miomiorun.com\/fr\/wp-json\/wp\/v2\/types\/product"}],"wp:featuredmedia":[{"embeddable":true,"href":"https:\/\/www.miomiorun.com\/fr\/wp-json\/wp\/v2\/media\/403446"}],"wp:attachment":[{"href":"https:\/\/www.miomiorun.com\/fr\/wp-json\/wp\/v2\/media?parent=397488"}],"wp:term":[{"taxonomy":"product_brand","embeddable":true,"href":"https:\/\/www.miomiorun.com\/fr\/wp-json\/wp\/v2\/product_brand?post=397488"},{"taxonomy":"product_cat","embeddable":true,"href":"https:\/\/www.miomiorun.com\/fr\/wp-json\/wp\/v2\/product_cat?post=397488"},{"taxonomy":"product_tag","embeddable":true,"href":"https:\/\/www.miomiorun.com\/fr\/wp-json\/wp\/v2\/product_tag?post=397488"}],"curies":[{"name":"wp","href":"https:\/\/api.w.org\/{rel}","templated":true}]}}