{"id":397138,"date":"2026-02-04T11:05:45","date_gmt":"2026-02-04T10:05:45","guid":{"rendered":"https:\/\/www.miomiorun.com\/?post_type=product&#038;p=397138"},"modified":"2026-05-09T12:36:37","modified_gmt":"2026-05-09T10:36:37","slug":"cloudsurfer-next-homme","status":"publish","type":"product","link":"https:\/\/www.miomiorun.com\/fr\/produit\/cloudsurfer-next-homme\/","title":{"rendered":"Cloudsurfer Next homme"},"content":{"rendered":"<table style=\"border-collapse: collapse;width: 100%\">\n<tbody>\n<tr>\n<td style=\"width: 33.3333%;vertical-align: top;text-align: center\">\n<h4>Caract\u00e9ristiques techniques<\/h4>\n<p>Cat\u00e9gorie : Amorti haut de gamme<br \/>\nD\u00e9port : 6 mm<br \/>\nPoids : 273 g<br \/>\nId\u00e9ale pour : celles qui recherchent une chaussure rapide et r\u00e9active, adapt\u00e9e aux courses quotidiennes<br \/>\nPoids de la coureuse : 60-75 kg<br \/>\nAllure de course : 4,30-5,30 min\/km<br \/>\n<a href=\"https:\/\/miomiorun.com\/guida-alle-specifiche-tecniche\/\">Guide des caract\u00e9ristiques techniques<\/a><\/td>\n<td style=\"width: 66.6666%;vertical-align: top;text-align: center\">\n<p data-start=\"220\" data-end=\"576\"><strong data-start=\"220\" data-end=\"240\">Cloudsurfer Next<\/strong> est con\u00e7ue pour les <strong data-start=\"258\" data-end=\"285\">courses quotidiennes<\/strong>, alliant l\u00e9g\u00e8ret\u00e9, amorti et r\u00e9activit\u00e9 dans une chaussure qui garantit une foul\u00e9e souple mais dynamique. <br data-start=\"391\" data-end=\"394\">Le syst\u00e8me d&#8217;amorti <strong data-start=\"424\" data-end=\"443\">CloudTec Phase\u2122<\/strong> accompagne le pied dans une foul\u00e9e fluide, tandis que la <strong data-start=\"497\" data-end=\"516\">mousse Helion\u2122<\/strong> procure une sensation de souplesse et de r\u00e9activit\u00e9 \u00e0 chaque pas.<\/p>\n<p data-start=\"578\" data-end=\"923\">La <strong data-start=\"581\" data-end=\"613\">structure rocker prononc\u00e9e<\/strong> favorise des pouss\u00e9es plus propulsives, contribuant \u00e0 rendre la course plus fluide m\u00eame lorsque le rythme s&#8217;acc\u00e9l\u00e8re. <br data-start=\"721\" data-end=\"724\">La <strong data-start=\"727\" data-end=\"785\">tige l\u00e9g\u00e8re en tissu inspir\u00e9e des chaussures de comp\u00e9tition<\/strong> enveloppe le pied pour offrir confort et s\u00e9curit\u00e9, tandis que les <strong data-start=\"844\" data-end=\"880\">\u00e9l\u00e9ments antid\u00e9rapants sur la semelle<\/strong> assurent adh\u00e9rence et r\u00e9sistance sur le bitume.<\/p>\n<p data-start=\"925\" data-end=\"1059\">Une chaussure de tous les jours au <strong data-start=\"951\" data-end=\"996\">look et \u00e0 la sensation de course dynamique<\/strong>, con\u00e7ue pour ceux qui souhaitent s&#8217;entra\u00eener avec r\u00e9gularit\u00e9 et naturel.<\/p>\n<\/td>\n<\/tr>\n<\/tbody>\n<\/table>\n<p>&nbsp;<\/p>\n","protected":false},"excerpt":{"rendered":"<ul>\n<li data-start=\"1122\" data-end=\"1203\">Con\u00e7ue pour les <strong data-start=\"1137\" data-end=\"1157\">courses quotidiennes<\/strong>, elle offre une foul\u00e9e fluide et dynamique<\/li>\n<li data-start=\"1206\" data-end=\"1279\"><strong data-start=\"1206\" data-end=\"1225\">CloudTec Phase\u2122<\/strong> et <strong data-start=\"1228\" data-end=\"1247\">mousse Helion\u2122<\/strong> pour une foul\u00e9e fluide et r\u00e9active<\/li>\n<li data-start=\"1282\" data-end=\"1343\"><strong data-start=\"1282\" data-end=\"1314\">Structure rocker prononc\u00e9e<\/strong> pour des pouss\u00e9es plus propulsives<\/li>\n<li data-start=\"1346\" data-end=\"1435\"><strong data-start=\"1346\" data-end=\"1393\">Tige l\u00e9g\u00e8re inspir\u00e9e des chaussures de comp\u00e9tition<\/strong> avec semelle antid\u00e9rapante pour une meilleure adh\u00e9rence et une plus grande durabilit\u00e9<\/li>\n<\/ul>\n","protected":false},"featured_media":412288,"template":"","meta":{"_acf_changed":false,"inline_featured_image":false},"product_brand":[],"product_cat":[24448,24447],"product_tag":[38524,38525],"class_list":{"0":"post-397138","1":"product","2":"type-product","3":"status-publish","4":"has-post-thumbnail","6":"product_cat-chaussures-pour-hommes-fr","7":"product_cat-neutre-fr-3","8":"product_tag-on","9":"product_tag-on-uomo","10":"pa_attivita-lifestyle-fr","11":"pa_attivita-marcher","12":"pa_attivita-running-fr","13":"pa_colore-cloudsurfer-next-stone-marsh","14":"pa_marca-on","15":"pa_sesso-homme","16":"pa_size-41-fr","17":"pa_size-42-fr","18":"pa_size-44-5-fr","19":"pa_size-45-fr","20":"pa_size-46-fr","22":"first","23":"instock","24":"sale","25":"taxable","26":"shipping-taxable","27":"purchasable","28":"product-type-variable","29":"wvs-archive-product-wrapper"},"acf":[],"yoast_head":"<!-- This site is optimized with the Yoast SEO plugin v26.8 - https:\/\/yoast.com\/product\/yoast-seo-wordpress\/ -->\n<title>On Cloudsurfer Next homme -chaussures de course pour homme - MioMioRun<\/title>\n<meta name=\"description\" content=\"Chaussure de course \u00e0 pied pour les entra\u00eenements quotidiens, dot\u00e9e des technologies CloudTec Phase\u2122 et de la mousse Helion\u2122. L\u00e9g\u00e8re, amortissante et r\u00e9active, elle offre une foul\u00e9e fluide et dynamique.\" \/>\n<meta name=\"robots\" content=\"index, follow, max-snippet:-1, max-image-preview:large, max-video-preview:-1\" \/>\n<link rel=\"canonical\" href=\"https:\/\/www.miomiorun.com\/fr\/produit\/cloudsurfer-next-homme\/\" \/>\n<meta property=\"og:locale\" content=\"fr_FR\" \/>\n<meta property=\"og:type\" content=\"article\" \/>\n<meta property=\"og:title\" content=\"On Cloudsurfer Next homme -chaussures de course pour homme - MioMioRun\" \/>\n<meta property=\"og:description\" content=\"Chaussure de course \u00e0 pied pour les entra\u00eenements quotidiens, dot\u00e9e des technologies CloudTec Phase\u2122 et de la mousse Helion\u2122. L\u00e9g\u00e8re, amortissante et r\u00e9active, elle offre une foul\u00e9e fluide et dynamique.\" \/>\n<meta property=\"og:url\" content=\"https:\/\/www.miomiorun.com\/fr\/produit\/cloudsurfer-next-homme\/\" \/>\n<meta property=\"og:site_name\" content=\"MioMioRun\" \/>\n<meta property=\"article:publisher\" content=\"https:\/\/www.facebook.com\/miomiorun\/\" \/>\n<meta property=\"article:modified_time\" content=\"2026-05-09T10:36:37+00:00\" \/>\n<meta property=\"og:image\" content=\"https:\/\/www.miomiorun.com\/app\/uploads\/2026\/02\/on-Cloudsurfer-Next-stone-marsh-3ME30024720.webp\" \/>\n\t<meta property=\"og:image:width\" content=\"720\" \/>\n\t<meta property=\"og:image:height\" content=\"720\" \/>\n\t<meta property=\"og:image:type\" content=\"image\/webp\" \/>\n<meta name=\"twitter:card\" content=\"summary_large_image\" \/>\n<meta name=\"twitter:label1\" content=\"Est. reading time\" \/>\n\t<meta name=\"twitter:data1\" content=\"1 minute\" \/>\n<script type=\"application\/ld+json\" class=\"yoast-schema-graph\">{\"@context\":\"https:\/\/schema.org\",\"@graph\":[{\"@type\":\"WebPage\",\"@id\":\"https:\/\/www.miomiorun.com\/fr\/produit\/cloudsurfer-next-homme\/\",\"url\":\"https:\/\/www.miomiorun.com\/fr\/produit\/cloudsurfer-next-homme\/\",\"name\":\"On Cloudsurfer Next homme -chaussures de course pour homme - MioMioRun\",\"isPartOf\":{\"@id\":\"https:\/\/www.miomiorun.com\/fr\/#website\"},\"primaryImageOfPage\":{\"@id\":\"https:\/\/www.miomiorun.com\/fr\/produit\/cloudsurfer-next-homme\/#primaryimage\"},\"image\":{\"@id\":\"https:\/\/www.miomiorun.com\/fr\/produit\/cloudsurfer-next-homme\/#primaryimage\"},\"thumbnailUrl\":\"https:\/\/www.miomiorun.com\/app\/uploads\/2026\/02\/on-Cloudsurfer-Next-stone-marsh-3ME30024720.webp\",\"datePublished\":\"2026-02-04T10:05:45+00:00\",\"dateModified\":\"2026-05-09T10:36:37+00:00\",\"description\":\"Chaussure de course \u00e0 pied pour les entra\u00eenements quotidiens, dot\u00e9e des technologies CloudTec Phase\u2122 et de la mousse Helion\u2122. L\u00e9g\u00e8re, amortissante et r\u00e9active, elle offre une foul\u00e9e fluide et dynamique.\",\"breadcrumb\":{\"@id\":\"https:\/\/www.miomiorun.com\/fr\/produit\/cloudsurfer-next-homme\/#breadcrumb\"},\"inLanguage\":\"fr-FR\",\"potentialAction\":[{\"@type\":\"ReadAction\",\"target\":[\"https:\/\/www.miomiorun.com\/fr\/produit\/cloudsurfer-next-homme\/\"]}]},{\"@type\":\"ImageObject\",\"inLanguage\":\"fr-FR\",\"@id\":\"https:\/\/www.miomiorun.com\/fr\/produit\/cloudsurfer-next-homme\/#primaryimage\",\"url\":\"https:\/\/www.miomiorun.com\/app\/uploads\/2026\/02\/on-Cloudsurfer-Next-stone-marsh-3ME30024720.webp\",\"contentUrl\":\"https:\/\/www.miomiorun.com\/app\/uploads\/2026\/02\/on-Cloudsurfer-Next-stone-marsh-3ME30024720.webp\",\"width\":720,\"height\":720,\"caption\":\"on Cloudsurfer Next stone marsh 3ME30024720\"},{\"@type\":\"BreadcrumbList\",\"@id\":\"https:\/\/www.miomiorun.com\/fr\/produit\/cloudsurfer-next-homme\/#breadcrumb\",\"itemListElement\":[{\"@type\":\"ListItem\",\"position\":1,\"name\":\"Home\",\"item\":\"https:\/\/www.miomiorun.com\/fr\/home-page\/\"},{\"@type\":\"ListItem\",\"position\":2,\"name\":\"Shop\",\"item\":\"https:\/\/www.miomiorun.com\/shop\/\"},{\"@type\":\"ListItem\",\"position\":3,\"name\":\"Cloudsurfer Next homme\"}]},{\"@type\":\"WebSite\",\"@id\":\"https:\/\/www.miomiorun.com\/fr\/#website\",\"url\":\"https:\/\/www.miomiorun.com\/fr\/\",\"name\":\"MioMioRun\",\"description\":\"Boutique 100% running et trail\",\"publisher\":{\"@id\":\"https:\/\/www.miomiorun.com\/fr\/#organization\"},\"potentialAction\":[{\"@type\":\"SearchAction\",\"target\":{\"@type\":\"EntryPoint\",\"urlTemplate\":\"https:\/\/www.miomiorun.com\/fr\/?s={search_term_string}\"},\"query-input\":{\"@type\":\"PropertyValueSpecification\",\"valueRequired\":true,\"valueName\":\"search_term_string\"}}],\"inLanguage\":\"fr-FR\"},{\"@type\":\"Organization\",\"@id\":\"https:\/\/www.miomiorun.com\/fr\/#organization\",\"name\":\"MioMio Run\",\"url\":\"https:\/\/www.miomiorun.com\/fr\/\",\"logo\":{\"@type\":\"ImageObject\",\"inLanguage\":\"fr-FR\",\"@id\":\"https:\/\/www.miomiorun.com\/fr\/#\/schema\/logo\/image\/\",\"url\":\"https:\/\/www.miomiorun.com\/app\/uploads\/2019\/12\/logomio.png\",\"contentUrl\":\"https:\/\/www.miomiorun.com\/app\/uploads\/2019\/12\/logomio.png\",\"width\":115,\"height\":82,\"caption\":\"MioMio Run\"},\"image\":{\"@id\":\"https:\/\/www.miomiorun.com\/fr\/#\/schema\/logo\/image\/\"},\"sameAs\":[\"https:\/\/www.facebook.com\/miomiorun\/\",\"https:\/\/www.instagram.com\/miomiorun\/\"]}]}<\/script>\n<!-- \/ Yoast SEO plugin. -->","yoast_head_json":{"title":"On Cloudsurfer Next homme -chaussures de course pour homme - MioMioRun","description":"Chaussure de course \u00e0 pied pour les entra\u00eenements quotidiens, dot\u00e9e des technologies CloudTec Phase\u2122 et de la mousse Helion\u2122. L\u00e9g\u00e8re, amortissante et r\u00e9active, elle offre une foul\u00e9e fluide et dynamique.","robots":{"index":"index","follow":"follow","max-snippet":"max-snippet:-1","max-image-preview":"max-image-preview:large","max-video-preview":"max-video-preview:-1"},"canonical":"https:\/\/www.miomiorun.com\/fr\/produit\/cloudsurfer-next-homme\/","og_locale":"fr_FR","og_type":"article","og_title":"On Cloudsurfer Next homme -chaussures de course pour homme - MioMioRun","og_description":"Chaussure de course \u00e0 pied pour les entra\u00eenements quotidiens, dot\u00e9e des technologies CloudTec Phase\u2122 et de la mousse Helion\u2122. L\u00e9g\u00e8re, amortissante et r\u00e9active, elle offre une foul\u00e9e fluide et dynamique.","og_url":"https:\/\/www.miomiorun.com\/fr\/produit\/cloudsurfer-next-homme\/","og_site_name":"MioMioRun","article_publisher":"https:\/\/www.facebook.com\/miomiorun\/","article_modified_time":"2026-05-09T10:36:37+00:00","og_image":[{"width":720,"height":720,"url":"https:\/\/www.miomiorun.com\/app\/uploads\/2026\/02\/on-Cloudsurfer-Next-stone-marsh-3ME30024720.webp","type":"image\/webp"}],"twitter_card":"summary_large_image","twitter_misc":{"Est. reading time":"1 minute"},"schema":{"@context":"https:\/\/schema.org","@graph":[{"@type":"WebPage","@id":"https:\/\/www.miomiorun.com\/fr\/produit\/cloudsurfer-next-homme\/","url":"https:\/\/www.miomiorun.com\/fr\/produit\/cloudsurfer-next-homme\/","name":"On Cloudsurfer Next homme -chaussures de course pour homme - MioMioRun","isPartOf":{"@id":"https:\/\/www.miomiorun.com\/fr\/#website"},"primaryImageOfPage":{"@id":"https:\/\/www.miomiorun.com\/fr\/produit\/cloudsurfer-next-homme\/#primaryimage"},"image":{"@id":"https:\/\/www.miomiorun.com\/fr\/produit\/cloudsurfer-next-homme\/#primaryimage"},"thumbnailUrl":"https:\/\/www.miomiorun.com\/app\/uploads\/2026\/02\/on-Cloudsurfer-Next-stone-marsh-3ME30024720.webp","datePublished":"2026-02-04T10:05:45+00:00","dateModified":"2026-05-09T10:36:37+00:00","description":"Chaussure de course \u00e0 pied pour les entra\u00eenements quotidiens, dot\u00e9e des technologies CloudTec Phase\u2122 et de la mousse Helion\u2122. L\u00e9g\u00e8re, amortissante et r\u00e9active, elle offre une foul\u00e9e fluide et dynamique.","breadcrumb":{"@id":"https:\/\/www.miomiorun.com\/fr\/produit\/cloudsurfer-next-homme\/#breadcrumb"},"inLanguage":"fr-FR","potentialAction":[{"@type":"ReadAction","target":["https:\/\/www.miomiorun.com\/fr\/produit\/cloudsurfer-next-homme\/"]}]},{"@type":"ImageObject","inLanguage":"fr-FR","@id":"https:\/\/www.miomiorun.com\/fr\/produit\/cloudsurfer-next-homme\/#primaryimage","url":"https:\/\/www.miomiorun.com\/app\/uploads\/2026\/02\/on-Cloudsurfer-Next-stone-marsh-3ME30024720.webp","contentUrl":"https:\/\/www.miomiorun.com\/app\/uploads\/2026\/02\/on-Cloudsurfer-Next-stone-marsh-3ME30024720.webp","width":720,"height":720,"caption":"on Cloudsurfer Next stone marsh 3ME30024720"},{"@type":"BreadcrumbList","@id":"https:\/\/www.miomiorun.com\/fr\/produit\/cloudsurfer-next-homme\/#breadcrumb","itemListElement":[{"@type":"ListItem","position":1,"name":"Home","item":"https:\/\/www.miomiorun.com\/fr\/home-page\/"},{"@type":"ListItem","position":2,"name":"Shop","item":"https:\/\/www.miomiorun.com\/shop\/"},{"@type":"ListItem","position":3,"name":"Cloudsurfer Next homme"}]},{"@type":"WebSite","@id":"https:\/\/www.miomiorun.com\/fr\/#website","url":"https:\/\/www.miomiorun.com\/fr\/","name":"MioMioRun","description":"Boutique 100% running et trail","publisher":{"@id":"https:\/\/www.miomiorun.com\/fr\/#organization"},"potentialAction":[{"@type":"SearchAction","target":{"@type":"EntryPoint","urlTemplate":"https:\/\/www.miomiorun.com\/fr\/?s={search_term_string}"},"query-input":{"@type":"PropertyValueSpecification","valueRequired":true,"valueName":"search_term_string"}}],"inLanguage":"fr-FR"},{"@type":"Organization","@id":"https:\/\/www.miomiorun.com\/fr\/#organization","name":"MioMio Run","url":"https:\/\/www.miomiorun.com\/fr\/","logo":{"@type":"ImageObject","inLanguage":"fr-FR","@id":"https:\/\/www.miomiorun.com\/fr\/#\/schema\/logo\/image\/","url":"https:\/\/www.miomiorun.com\/app\/uploads\/2019\/12\/logomio.png","contentUrl":"https:\/\/www.miomiorun.com\/app\/uploads\/2019\/12\/logomio.png","width":115,"height":82,"caption":"MioMio Run"},"image":{"@id":"https:\/\/www.miomiorun.com\/fr\/#\/schema\/logo\/image\/"},"sameAs":["https:\/\/www.facebook.com\/miomiorun\/","https:\/\/www.instagram.com\/miomiorun\/"]}]}},"_links":{"self":[{"href":"https:\/\/www.miomiorun.com\/fr\/wp-json\/wp\/v2\/product\/397138","targetHints":{"allow":["GET"]}}],"collection":[{"href":"https:\/\/www.miomiorun.com\/fr\/wp-json\/wp\/v2\/product"}],"about":[{"href":"https:\/\/www.miomiorun.com\/fr\/wp-json\/wp\/v2\/types\/product"}],"wp:featuredmedia":[{"embeddable":true,"href":"https:\/\/www.miomiorun.com\/fr\/wp-json\/wp\/v2\/media\/412288"}],"wp:attachment":[{"href":"https:\/\/www.miomiorun.com\/fr\/wp-json\/wp\/v2\/media?parent=397138"}],"wp:term":[{"taxonomy":"product_brand","embeddable":true,"href":"https:\/\/www.miomiorun.com\/fr\/wp-json\/wp\/v2\/product_brand?post=397138"},{"taxonomy":"product_cat","embeddable":true,"href":"https:\/\/www.miomiorun.com\/fr\/wp-json\/wp\/v2\/product_cat?post=397138"},{"taxonomy":"product_tag","embeddable":true,"href":"https:\/\/www.miomiorun.com\/fr\/wp-json\/wp\/v2\/product_tag?post=397138"}],"curies":[{"name":"wp","href":"https:\/\/api.w.org\/{rel}","templated":true}]}}