{"id":396663,"date":"2026-02-03T19:04:18","date_gmt":"2026-02-03T18:04:18","guid":{"rendered":"https:\/\/www.miomiorun.com\/?post_type=product&#038;p=396663"},"modified":"2026-05-09T12:32:46","modified_gmt":"2026-05-09T10:32:46","slug":"endorphin-azura-homme","status":"publish","type":"product","link":"https:\/\/www.miomiorun.com\/fr\/produit\/endorphin-azura-homme\/","title":{"rendered":"Endorphin Azura homme"},"content":{"rendered":"<table style=\"border-collapse: collapse;width: 100%\">\n<tbody>\n<tr>\n<td style=\"width: 33.3333%;vertical-align: top;text-align: center\">\n<h4>Caract\u00e9ristiques techniques<\/h4>\n<p>Cat\u00e9gorie : Amorti r\u00e9actif<br \/>\nD\u00e9calage : 8 mm (40\/32 mm)<br \/>\nPoids : 240 g<br \/>\nId\u00e9ale pour : Ride est la chaussure id\u00e9ale pour les athl\u00e8tes de poids moyen et \u00e0 foul\u00e9e moyenne qui recherchent un excellent amorti pour affronter des entra\u00eenements ou des comp\u00e9titions sur moyenne et longue distance. Elle s&#8217;av\u00e8re \u00e9galement \u00eatre une excellente compagne pour la marche.<br \/>\nPoids de l&#8217;athl\u00e8te : 60-75 kg<br \/>\nFoul\u00e9e : 5 min\/kg<br \/>\n<a href=\"https:\/\/miomiorun.com\/guida-alle-specifiche-tecniche\/\">Guide des sp\u00e9cifications techniques<\/a><\/td>\n<td style=\"width: 66.6666%;vertical-align: top;text-align: center\">\n<p data-start=\"201\" data-end=\"435\">Con\u00e7ue pour le <strong data-start=\"216\" data-end=\"232\">quotidien<\/strong>, <strong data-start=\"234\" data-end=\"253\">Endorphin Azura<\/strong> est une chaussure de course rapide con\u00e7ue pour accompagner les coureurs de niveau interm\u00e9diaire \u00e0 avanc\u00e9 dans leurs entra\u00eenements quotidiens, sans sacrifier la r\u00e9activit\u00e9 lorsque le rythme s&#8217;acc\u00e9l\u00e8re.<\/p>\n<p data-start=\"437\" data-end=\"757\">La semelle interm\u00e9diaire en <strong data-start=\"453\" data-end=\"474\">mousse PWRRUN PB<\/strong> offre un amorti souple et fluide, capable de s&#8217;adapter \u00e0 la course quotidienne, mais pr\u00eat \u00e0 r\u00e9agir lorsque vous affrontez <strong data-start=\"604\" data-end=\"637\">des r\u00e9p\u00e9titions et des efforts plus intenses<\/strong>. <br data-start=\"638\" data-end=\"641\">La technologie <strong data-start=\"655\" data-end=\"668\">SpeedRoll<\/strong> favorise des transitions rapides et homog\u00e8nes, rendant la foul\u00e9e plus continue et plus efficace.<\/p>\n<p data-start=\"759\" data-end=\"1050\">La semelle en <strong data-start=\"771\" data-end=\"787\">caoutchouc XT-900<\/strong> assure r\u00e9sistance et traction dans le temps, tandis que la <strong data-start=\"840\" data-end=\"862\">tige respirante<\/strong> garantit un ajustement s\u00fbr et adaptable, m\u00eame lors des entra\u00eenements les plus intenses. Le <strong data-start=\"950\" data-end=\"973\">design ultra-l\u00e9ger<\/strong> compl\u00e8te une chaussure con\u00e7ue pour courir naturellement, jour apr\u00e8s jour.\n<\/p>\n<\/p>\n<\/td>\n<\/tr>\n<\/tbody>\n<\/table>\n<p>&nbsp;<\/p>\n","protected":false},"excerpt":{"rendered":"<ul>\n<li data-start=\"1105\" data-end=\"1169\">Mousse <strong data-start=\"1113\" data-end=\"1126\">PWRRUN PB<\/strong> pour un amorti r\u00e9actif et fluide<\/li>\n<li data-start=\"1172\" data-end=\"1236\">Technologie <strong data-start=\"1183\" data-end=\"1196\">SpeedRoll<\/strong> pour des transitions plus rapides et plus fluides<\/li>\n<li data-start=\"1239\" data-end=\"1304\">Adapt\u00e9e \u00e0 l&#8217;<strong data-start=\"1249\" data-end=\"1275\">entra\u00eenement quotidien<\/strong> et aux s\u00e9ances de <strong data-start=\"1290\" data-end=\"1302\">r\u00e9p\u00e9titions<\/strong><\/li>\n<\/ul>\n","protected":false},"featured_media":399539,"template":"","meta":{"_acf_changed":false,"inline_featured_image":false},"product_brand":[],"product_cat":[24448,24447],"product_tag":[23579,23546],"class_list":{"0":"post-396663","1":"product","2":"type-product","3":"status-publish","4":"has-post-thumbnail","6":"product_cat-chaussures-pour-hommes-fr","7":"product_cat-neutre-fr-3","8":"product_tag-saucony-fr","9":"product_tag-saucony-homme","10":"pa_attivita-lifestyle-fr","11":"pa_attivita-marcher","12":"pa_attivita-running-fr","13":"pa_colore-endorphin-azura-citron-black","14":"pa_colore-endorphin-azura-cobalt-slime","15":"pa_colore-endorphin-azura-garden-black","16":"pa_colore-endorphin-azura-opulence-citron","17":"pa_colore-endorphin-azura-sage-laurel","18":"pa_colore-endorphin-azura-white-crimson","19":"pa_colore-endorphin-azura-white-navy","20":"pa_marca-saucony-fr","21":"pa_sesso-homme","22":"pa_size-41-fr","23":"pa_size-42-fr","24":"pa_size-42-5-fr","25":"pa_size-43-fr","26":"pa_size-44-fr","27":"pa_size-44-5-fr","28":"pa_size-45-fr","29":"pa_size-46-fr","30":"pa_size-46-5-fr","31":"pa_size-47-fr","33":"first","34":"instock","35":"sale","36":"taxable","37":"shipping-taxable","38":"purchasable","39":"product-type-variable","40":"wvs-archive-product-wrapper"},"acf":[],"yoast_head":"<!-- This site is optimized with the Yoast SEO plugin v26.8 - https:\/\/yoast.com\/product\/yoast-seo-wordpress\/ -->\n<title>Saucony Endorphin Azura homme - chaussures de course homme - MioMioRun<\/title>\n<meta name=\"description\" content=\"Chaussure de course rapide pour les entra\u00eenements quotidiens et les r\u00e9p\u00e9titions. Amorti PWRRUN PB, technologie SpeedRoll et semelle XT-900 pour des courses fluides et r\u00e9actives.\" \/>\n<meta name=\"robots\" content=\"index, follow, max-snippet:-1, max-image-preview:large, max-video-preview:-1\" \/>\n<link rel=\"canonical\" href=\"https:\/\/www.miomiorun.com\/fr\/produit\/endorphin-azura-homme\/\" \/>\n<meta property=\"og:locale\" content=\"fr_FR\" \/>\n<meta property=\"og:type\" content=\"article\" \/>\n<meta property=\"og:title\" content=\"Saucony Endorphin Azura homme - chaussures de course homme - MioMioRun\" \/>\n<meta property=\"og:description\" content=\"Chaussure de course rapide pour les entra\u00eenements quotidiens et les r\u00e9p\u00e9titions. Amorti PWRRUN PB, technologie SpeedRoll et semelle XT-900 pour des courses fluides et r\u00e9actives.\" \/>\n<meta property=\"og:url\" content=\"https:\/\/www.miomiorun.com\/fr\/produit\/endorphin-azura-homme\/\" \/>\n<meta property=\"og:site_name\" content=\"MioMioRun\" \/>\n<meta property=\"article:publisher\" content=\"https:\/\/www.facebook.com\/miomiorun\/\" \/>\n<meta property=\"article:modified_time\" content=\"2026-05-09T10:32:46+00:00\" \/>\n<meta property=\"og:image\" content=\"https:\/\/www.miomiorun.com\/app\/uploads\/2026\/02\/saucony-Endorphin-Azura-white-navy-S21070-124.webp\" \/>\n\t<meta property=\"og:image:width\" content=\"720\" \/>\n\t<meta property=\"og:image:height\" content=\"720\" \/>\n\t<meta property=\"og:image:type\" content=\"image\/webp\" \/>\n<meta name=\"twitter:card\" content=\"summary_large_image\" \/>\n<meta name=\"twitter:label1\" content=\"Est. reading time\" \/>\n\t<meta name=\"twitter:data1\" content=\"1 minute\" \/>\n<script type=\"application\/ld+json\" class=\"yoast-schema-graph\">{\"@context\":\"https:\/\/schema.org\",\"@graph\":[{\"@type\":\"WebPage\",\"@id\":\"https:\/\/www.miomiorun.com\/fr\/produit\/endorphin-azura-homme\/\",\"url\":\"https:\/\/www.miomiorun.com\/fr\/produit\/endorphin-azura-homme\/\",\"name\":\"Saucony Endorphin Azura homme - chaussures de course homme - MioMioRun\",\"isPartOf\":{\"@id\":\"https:\/\/www.miomiorun.com\/fr\/#website\"},\"primaryImageOfPage\":{\"@id\":\"https:\/\/www.miomiorun.com\/fr\/produit\/endorphin-azura-homme\/#primaryimage\"},\"image\":{\"@id\":\"https:\/\/www.miomiorun.com\/fr\/produit\/endorphin-azura-homme\/#primaryimage\"},\"thumbnailUrl\":\"https:\/\/www.miomiorun.com\/app\/uploads\/2026\/02\/saucony-Endorphin-Azura-white-navy-S21070-124.webp\",\"datePublished\":\"2026-02-03T18:04:18+00:00\",\"dateModified\":\"2026-05-09T10:32:46+00:00\",\"description\":\"Chaussure de course rapide pour les entra\u00eenements quotidiens et les r\u00e9p\u00e9titions. Amorti PWRRUN PB, technologie SpeedRoll et semelle XT-900 pour des courses fluides et r\u00e9actives.\",\"breadcrumb\":{\"@id\":\"https:\/\/www.miomiorun.com\/fr\/produit\/endorphin-azura-homme\/#breadcrumb\"},\"inLanguage\":\"fr-FR\",\"potentialAction\":[{\"@type\":\"ReadAction\",\"target\":[\"https:\/\/www.miomiorun.com\/fr\/produit\/endorphin-azura-homme\/\"]}]},{\"@type\":\"ImageObject\",\"inLanguage\":\"fr-FR\",\"@id\":\"https:\/\/www.miomiorun.com\/fr\/produit\/endorphin-azura-homme\/#primaryimage\",\"url\":\"https:\/\/www.miomiorun.com\/app\/uploads\/2026\/02\/saucony-Endorphin-Azura-white-navy-S21070-124.webp\",\"contentUrl\":\"https:\/\/www.miomiorun.com\/app\/uploads\/2026\/02\/saucony-Endorphin-Azura-white-navy-S21070-124.webp\",\"width\":720,\"height\":720,\"caption\":\"saucony Endorphin Azura white navy S21070-124\"},{\"@type\":\"BreadcrumbList\",\"@id\":\"https:\/\/www.miomiorun.com\/fr\/produit\/endorphin-azura-homme\/#breadcrumb\",\"itemListElement\":[{\"@type\":\"ListItem\",\"position\":1,\"name\":\"Home\",\"item\":\"https:\/\/www.miomiorun.com\/fr\/home-page\/\"},{\"@type\":\"ListItem\",\"position\":2,\"name\":\"Shop\",\"item\":\"https:\/\/www.miomiorun.com\/shop\/\"},{\"@type\":\"ListItem\",\"position\":3,\"name\":\"Endorphin Azura homme\"}]},{\"@type\":\"WebSite\",\"@id\":\"https:\/\/www.miomiorun.com\/fr\/#website\",\"url\":\"https:\/\/www.miomiorun.com\/fr\/\",\"name\":\"MioMioRun\",\"description\":\"Boutique 100% running et trail\",\"publisher\":{\"@id\":\"https:\/\/www.miomiorun.com\/fr\/#organization\"},\"potentialAction\":[{\"@type\":\"SearchAction\",\"target\":{\"@type\":\"EntryPoint\",\"urlTemplate\":\"https:\/\/www.miomiorun.com\/fr\/?s={search_term_string}\"},\"query-input\":{\"@type\":\"PropertyValueSpecification\",\"valueRequired\":true,\"valueName\":\"search_term_string\"}}],\"inLanguage\":\"fr-FR\"},{\"@type\":\"Organization\",\"@id\":\"https:\/\/www.miomiorun.com\/fr\/#organization\",\"name\":\"MioMio Run\",\"url\":\"https:\/\/www.miomiorun.com\/fr\/\",\"logo\":{\"@type\":\"ImageObject\",\"inLanguage\":\"fr-FR\",\"@id\":\"https:\/\/www.miomiorun.com\/fr\/#\/schema\/logo\/image\/\",\"url\":\"https:\/\/www.miomiorun.com\/app\/uploads\/2019\/12\/logomio.png\",\"contentUrl\":\"https:\/\/www.miomiorun.com\/app\/uploads\/2019\/12\/logomio.png\",\"width\":115,\"height\":82,\"caption\":\"MioMio Run\"},\"image\":{\"@id\":\"https:\/\/www.miomiorun.com\/fr\/#\/schema\/logo\/image\/\"},\"sameAs\":[\"https:\/\/www.facebook.com\/miomiorun\/\",\"https:\/\/www.instagram.com\/miomiorun\/\"]}]}<\/script>\n<!-- \/ Yoast SEO plugin. -->","yoast_head_json":{"title":"Saucony Endorphin Azura homme - chaussures de course homme - MioMioRun","description":"Chaussure de course rapide pour les entra\u00eenements quotidiens et les r\u00e9p\u00e9titions. Amorti PWRRUN PB, technologie SpeedRoll et semelle XT-900 pour des courses fluides et r\u00e9actives.","robots":{"index":"index","follow":"follow","max-snippet":"max-snippet:-1","max-image-preview":"max-image-preview:large","max-video-preview":"max-video-preview:-1"},"canonical":"https:\/\/www.miomiorun.com\/fr\/produit\/endorphin-azura-homme\/","og_locale":"fr_FR","og_type":"article","og_title":"Saucony Endorphin Azura homme - chaussures de course homme - MioMioRun","og_description":"Chaussure de course rapide pour les entra\u00eenements quotidiens et les r\u00e9p\u00e9titions. Amorti PWRRUN PB, technologie SpeedRoll et semelle XT-900 pour des courses fluides et r\u00e9actives.","og_url":"https:\/\/www.miomiorun.com\/fr\/produit\/endorphin-azura-homme\/","og_site_name":"MioMioRun","article_publisher":"https:\/\/www.facebook.com\/miomiorun\/","article_modified_time":"2026-05-09T10:32:46+00:00","og_image":[{"width":720,"height":720,"url":"https:\/\/www.miomiorun.com\/app\/uploads\/2026\/02\/saucony-Endorphin-Azura-white-navy-S21070-124.webp","type":"image\/webp"}],"twitter_card":"summary_large_image","twitter_misc":{"Est. reading time":"1 minute"},"schema":{"@context":"https:\/\/schema.org","@graph":[{"@type":"WebPage","@id":"https:\/\/www.miomiorun.com\/fr\/produit\/endorphin-azura-homme\/","url":"https:\/\/www.miomiorun.com\/fr\/produit\/endorphin-azura-homme\/","name":"Saucony Endorphin Azura homme - chaussures de course homme - MioMioRun","isPartOf":{"@id":"https:\/\/www.miomiorun.com\/fr\/#website"},"primaryImageOfPage":{"@id":"https:\/\/www.miomiorun.com\/fr\/produit\/endorphin-azura-homme\/#primaryimage"},"image":{"@id":"https:\/\/www.miomiorun.com\/fr\/produit\/endorphin-azura-homme\/#primaryimage"},"thumbnailUrl":"https:\/\/www.miomiorun.com\/app\/uploads\/2026\/02\/saucony-Endorphin-Azura-white-navy-S21070-124.webp","datePublished":"2026-02-03T18:04:18+00:00","dateModified":"2026-05-09T10:32:46+00:00","description":"Chaussure de course rapide pour les entra\u00eenements quotidiens et les r\u00e9p\u00e9titions. Amorti PWRRUN PB, technologie SpeedRoll et semelle XT-900 pour des courses fluides et r\u00e9actives.","breadcrumb":{"@id":"https:\/\/www.miomiorun.com\/fr\/produit\/endorphin-azura-homme\/#breadcrumb"},"inLanguage":"fr-FR","potentialAction":[{"@type":"ReadAction","target":["https:\/\/www.miomiorun.com\/fr\/produit\/endorphin-azura-homme\/"]}]},{"@type":"ImageObject","inLanguage":"fr-FR","@id":"https:\/\/www.miomiorun.com\/fr\/produit\/endorphin-azura-homme\/#primaryimage","url":"https:\/\/www.miomiorun.com\/app\/uploads\/2026\/02\/saucony-Endorphin-Azura-white-navy-S21070-124.webp","contentUrl":"https:\/\/www.miomiorun.com\/app\/uploads\/2026\/02\/saucony-Endorphin-Azura-white-navy-S21070-124.webp","width":720,"height":720,"caption":"saucony Endorphin Azura white navy S21070-124"},{"@type":"BreadcrumbList","@id":"https:\/\/www.miomiorun.com\/fr\/produit\/endorphin-azura-homme\/#breadcrumb","itemListElement":[{"@type":"ListItem","position":1,"name":"Home","item":"https:\/\/www.miomiorun.com\/fr\/home-page\/"},{"@type":"ListItem","position":2,"name":"Shop","item":"https:\/\/www.miomiorun.com\/shop\/"},{"@type":"ListItem","position":3,"name":"Endorphin Azura homme"}]},{"@type":"WebSite","@id":"https:\/\/www.miomiorun.com\/fr\/#website","url":"https:\/\/www.miomiorun.com\/fr\/","name":"MioMioRun","description":"Boutique 100% running et trail","publisher":{"@id":"https:\/\/www.miomiorun.com\/fr\/#organization"},"potentialAction":[{"@type":"SearchAction","target":{"@type":"EntryPoint","urlTemplate":"https:\/\/www.miomiorun.com\/fr\/?s={search_term_string}"},"query-input":{"@type":"PropertyValueSpecification","valueRequired":true,"valueName":"search_term_string"}}],"inLanguage":"fr-FR"},{"@type":"Organization","@id":"https:\/\/www.miomiorun.com\/fr\/#organization","name":"MioMio Run","url":"https:\/\/www.miomiorun.com\/fr\/","logo":{"@type":"ImageObject","inLanguage":"fr-FR","@id":"https:\/\/www.miomiorun.com\/fr\/#\/schema\/logo\/image\/","url":"https:\/\/www.miomiorun.com\/app\/uploads\/2019\/12\/logomio.png","contentUrl":"https:\/\/www.miomiorun.com\/app\/uploads\/2019\/12\/logomio.png","width":115,"height":82,"caption":"MioMio Run"},"image":{"@id":"https:\/\/www.miomiorun.com\/fr\/#\/schema\/logo\/image\/"},"sameAs":["https:\/\/www.facebook.com\/miomiorun\/","https:\/\/www.instagram.com\/miomiorun\/"]}]}},"_links":{"self":[{"href":"https:\/\/www.miomiorun.com\/fr\/wp-json\/wp\/v2\/product\/396663","targetHints":{"allow":["GET"]}}],"collection":[{"href":"https:\/\/www.miomiorun.com\/fr\/wp-json\/wp\/v2\/product"}],"about":[{"href":"https:\/\/www.miomiorun.com\/fr\/wp-json\/wp\/v2\/types\/product"}],"wp:featuredmedia":[{"embeddable":true,"href":"https:\/\/www.miomiorun.com\/fr\/wp-json\/wp\/v2\/media\/399539"}],"wp:attachment":[{"href":"https:\/\/www.miomiorun.com\/fr\/wp-json\/wp\/v2\/media?parent=396663"}],"wp:term":[{"taxonomy":"product_brand","embeddable":true,"href":"https:\/\/www.miomiorun.com\/fr\/wp-json\/wp\/v2\/product_brand?post=396663"},{"taxonomy":"product_cat","embeddable":true,"href":"https:\/\/www.miomiorun.com\/fr\/wp-json\/wp\/v2\/product_cat?post=396663"},{"taxonomy":"product_tag","embeddable":true,"href":"https:\/\/www.miomiorun.com\/fr\/wp-json\/wp\/v2\/product_tag?post=396663"}],"curies":[{"name":"wp","href":"https:\/\/api.w.org\/{rel}","templated":true}]}}