{"id":395942,"date":"2026-02-03T16:14:47","date_gmt":"2026-02-03T15:14:47","guid":{"rendered":"https:\/\/www.miomiorun.com\/?post_type=product&#038;p=395942"},"modified":"2026-05-09T12:27:45","modified_gmt":"2026-05-09T10:27:45","slug":"experience-wild-3-homme","status":"publish","type":"product","link":"https:\/\/www.miomiorun.com\/fr\/produit\/experience-wild-3-homme\/","title":{"rendered":"Experience Wild 3+ homme"},"content":{"rendered":"<table style=\"border-collapse: collapse;width: 100%\">\n<tbody>\n<tr>\n<td style=\"width: 50%\">\n<p style=\"text-align: center\"><strong>Caract\u00e9ristiques techniques<\/strong><\/p>\n<p style=\"text-align: center\">Cat\u00e9gorie : amorti haut de gamme<br \/>\nHauteur de semelle : 32 mm\/28 mm<br \/>\nD\u00e9port : 4 mm<br \/>\nPoids : 323,2 g<br \/>\nId\u00e9ale pour : les coureurs de trail et les amateurs de randonn\u00e9es en montagne, \u00e0 la recherche d&#8217;un mod\u00e8le l\u00e9ger, bien amorti et protecteur, capable d&#8217;offrir un confort maximal m\u00eame sur de longues distances.<br \/>\nPoids de l&#8217;athl\u00e8te : 60-70 kg<br \/>\nAllure de course : moyenne \u00e0 rapide (4,30-6,00 min\/km)<br \/>\n<a href=\"https:\/\/miomiorun.com\/guida-alle-specifiche-tecniche\/\">Guide des caract\u00e9ristiques techniques<\/a><\/p>\n<\/td>\n<td style=\"width: 50%\">\n<p style=\"text-align: center\" data-start=\"154\" data-end=\"476\">La <strong data-start=\"157\" data-end=\"179\">Experience Wild 3+<\/strong> est con\u00e7ue pour vous pousser plus loin sur les sentiers, en alliant <strong data-start=\"232\" data-end=\"278\">une adh\u00e9rence exceptionnelle, la l\u00e9g\u00e8ret\u00e9 et l&#8217;efficacit\u00e9<\/strong> sur tous les terrains. La <strong data-start=\"299\" data-end=\"348\">nouvelle semelle Vibram\u00ae Megagrip avec crampons Traction Lug<\/strong> et <strong data-start=\"351\" data-end=\"372\">embout int\u00e9gr\u00e9<\/strong> garantit une adh\u00e9rence sup\u00e9rieure sur sol sec et mouill\u00e9, offrant une s\u00e9curit\u00e9 optimale m\u00eame dans les passages les plus techniques.<\/p>\n<p style=\"text-align: center\" data-start=\"478\" data-end=\"921\">La <strong data-start=\"480\" data-end=\"509\">semelle interm\u00e9diaire Altra EGO\u2122 P35<\/strong> assure une foul\u00e9e <strong data-start=\"529\" data-end=\"554\">l\u00e9g\u00e8re et efficace<\/strong>, tandis que le <strong data-start=\"566\" data-end=\"603\">col de talon redessin\u00e9<\/strong> et la <strong data-start=\"609\" data-end=\"643\">construction de la chaussure am\u00e9lior\u00e9e<\/strong> renforcent la stabilit\u00e9 et le confort. La <strong data-start=\"679\" data-end=\"696\">coupe Altra<\/strong> offre <strong data-start=\"706\" data-end=\"728\">de l&#8217;espace pour les orteils<\/strong> et un <strong data-start=\"734\" data-end=\"754\">moyen-pied bien maintenu<\/strong>, favorisant un mouvement naturel. Le <strong data-start=\"792\" data-end=\"808\">drop de 4 mm<\/strong> et la <strong data-start=\"814\" data-end=\"834\">g\u00e9om\u00e9trie rocker<\/strong> favorisent un d\u00e9roul\u00e9 fluide et une pouss\u00e9e efficace, sans compromettre la foul\u00e9e.<\/p>\n<p style=\"text-align: center\" data-start=\"923\" data-end=\"1211\">Con\u00e7ue pour le tout-terrain, elle int\u00e8gre le <strong data-start=\"958\" data-end=\"973\">GAITERTRAP\u2122<\/strong> pour fixer facilement les gu\u00eatres et emp\u00eacher la p\u00e9n\u00e9tration de d\u00e9bris. La <strong data-start=\"1047\" data-end=\"1086\">tige redessin\u00e9e en mesh multicouche<\/strong> am\u00e9liore le confort et la r\u00e9sistance, faisant de la Wild 3+ une compagne fiable pour les sorties rapides ou les longues aventures sur les sentiers.<\/p>\n<\/td>\n<\/tr>\n<\/tbody>\n<\/table>\n<p>&nbsp;<\/p>\n","protected":false},"excerpt":{"rendered":"<ul>\n<li data-start=\"1444\" data-end=\"1526\">Semelle <strong data-start=\"1450\" data-end=\"1470\">Vibram\u00ae Megagrip<\/strong> avec crampons Traction Lug et embout int\u00e9gr\u00e9 pour une adh\u00e9rence maximale<\/li>\n<li data-start=\"1529\" data-end=\"1617\">Semelle interm\u00e9diaire <strong data-start=\"1540\" data-end=\"1558\">Altra EGO\u2122 P35<\/strong> l\u00e9g\u00e8re et performante, <strong data-start=\"1582\" data-end=\"1595\">drop de 4 mm<\/strong> et <strong data-start=\"1598\" data-end=\"1608\">rocker<\/strong> fluide<\/li>\n<li data-start=\"1620\" data-end=\"1716\"><strong data-start=\"1620\" data-end=\"1637\">Chaussant Altra<\/strong>, <strong data-start=\"1639\" data-end=\"1654\">GAITERTRAP\u2122<\/strong> int\u00e9gr\u00e9 et tige en mesh multicouche pour plus de confort et de stabilit\u00e9<\/li>\n<\/ul>\n","protected":false},"featured_media":404205,"template":"","meta":{"_acf_changed":false,"inline_featured_image":false},"product_brand":[],"product_cat":[24448,24445],"product_tag":[23458,23671],"class_list":{"0":"post-395942","1":"product","2":"type-product","3":"status-publish","4":"has-post-thumbnail","6":"product_cat-chaussures-pour-hommes-fr","7":"product_cat-trail-fr-3","8":"product_tag-altra-fr","9":"product_tag-altra-homme","10":"pa_attivita-marcher","11":"pa_attivita-running-fr","12":"pa_attivita-trail-fr","13":"pa_colore-experience-wild-3-black-orange","14":"pa_colore-experience-wild-3-taupe","15":"pa_colore-experience-wild-3-white","16":"pa_marca-altra-fr","17":"pa_sesso-homme","18":"pa_size-41-fr","19":"pa_size-42-fr","20":"pa_size-42-5-fr","21":"pa_size-43-fr","22":"pa_size-44-fr","23":"pa_size-44-5-fr","24":"pa_size-45-fr","25":"pa_size-46-fr","26":"pa_size-46-5-fr","28":"first","29":"instock","30":"sale","31":"taxable","32":"shipping-taxable","33":"purchasable","34":"product-type-variable","35":"wvs-archive-product-wrapper"},"acf":[],"yoast_head":"<!-- This site is optimized with the Yoast SEO plugin v26.8 - https:\/\/yoast.com\/product\/yoast-seo-wordpress\/ -->\n<title>AltraExperience Wild 3+ homme - chaussures de trail - MioMioRun.com<\/title>\n<meta name=\"description\" content=\"Experience Wild 3+ : chaussure de trail \u00e9quip\u00e9e d&#039;une semelle Vibram\u00ae Megagrip Traction Lug, d&#039;une semelle interm\u00e9diaire Altra EGO\u2122 P35, d&#039;un drop de 4 mm et du syst\u00e8me GaiterTrap\u2122. L\u00e9g\u00e8re, r\u00e9active et dot\u00e9e d&#039;une adh\u00e9rence incroyable.\" \/>\n<meta name=\"robots\" content=\"index, follow, max-snippet:-1, max-image-preview:large, max-video-preview:-1\" \/>\n<link rel=\"canonical\" href=\"https:\/\/www.miomiorun.com\/fr\/produit\/experience-wild-3-homme\/\" \/>\n<meta property=\"og:locale\" content=\"fr_FR\" \/>\n<meta property=\"og:type\" content=\"article\" \/>\n<meta property=\"og:title\" content=\"AltraExperience Wild 3+ homme - chaussures de trail - MioMioRun.com\" \/>\n<meta property=\"og:description\" content=\"Experience Wild 3+ : chaussure de trail \u00e9quip\u00e9e d&#039;une semelle Vibram\u00ae Megagrip Traction Lug, d&#039;une semelle interm\u00e9diaire Altra EGO\u2122 P35, d&#039;un drop de 4 mm et du syst\u00e8me GaiterTrap\u2122. L\u00e9g\u00e8re, r\u00e9active et dot\u00e9e d&#039;une adh\u00e9rence incroyable.\" \/>\n<meta property=\"og:url\" content=\"https:\/\/www.miomiorun.com\/fr\/produit\/experience-wild-3-homme\/\" \/>\n<meta property=\"og:site_name\" content=\"MioMioRun\" \/>\n<meta property=\"article:publisher\" content=\"https:\/\/www.facebook.com\/miomiorun\/\" \/>\n<meta property=\"article:modified_time\" content=\"2026-05-09T10:27:45+00:00\" \/>\n<meta property=\"og:image\" content=\"https:\/\/www.miomiorun.com\/app\/uploads\/2026\/02\/Altra-Experience-Wild-3-black-orange-AL0A85V00131.webp\" \/>\n\t<meta property=\"og:image:width\" content=\"720\" \/>\n\t<meta property=\"og:image:height\" content=\"720\" \/>\n\t<meta property=\"og:image:type\" content=\"image\/webp\" \/>\n<meta name=\"twitter:card\" content=\"summary_large_image\" \/>\n<meta name=\"twitter:label1\" content=\"Est. reading time\" \/>\n\t<meta name=\"twitter:data1\" content=\"1 minute\" \/>\n<script type=\"application\/ld+json\" class=\"yoast-schema-graph\">{\"@context\":\"https:\/\/schema.org\",\"@graph\":[{\"@type\":\"WebPage\",\"@id\":\"https:\/\/www.miomiorun.com\/fr\/produit\/experience-wild-3-homme\/\",\"url\":\"https:\/\/www.miomiorun.com\/fr\/produit\/experience-wild-3-homme\/\",\"name\":\"AltraExperience Wild 3+ homme - chaussures de trail - MioMioRun.com\",\"isPartOf\":{\"@id\":\"https:\/\/www.miomiorun.com\/fr\/#website\"},\"primaryImageOfPage\":{\"@id\":\"https:\/\/www.miomiorun.com\/fr\/produit\/experience-wild-3-homme\/#primaryimage\"},\"image\":{\"@id\":\"https:\/\/www.miomiorun.com\/fr\/produit\/experience-wild-3-homme\/#primaryimage\"},\"thumbnailUrl\":\"https:\/\/www.miomiorun.com\/app\/uploads\/2026\/02\/Altra-Experience-Wild-3-black-orange-AL0A85V00131.webp\",\"datePublished\":\"2026-02-03T15:14:47+00:00\",\"dateModified\":\"2026-05-09T10:27:45+00:00\",\"description\":\"Experience Wild 3+ : chaussure de trail \u00e9quip\u00e9e d'une semelle Vibram\u00ae Megagrip Traction Lug, d'une semelle interm\u00e9diaire Altra EGO\u2122 P35, d'un drop de 4 mm et du syst\u00e8me GaiterTrap\u2122. L\u00e9g\u00e8re, r\u00e9active et dot\u00e9e d'une adh\u00e9rence incroyable.\",\"breadcrumb\":{\"@id\":\"https:\/\/www.miomiorun.com\/fr\/produit\/experience-wild-3-homme\/#breadcrumb\"},\"inLanguage\":\"fr-FR\",\"potentialAction\":[{\"@type\":\"ReadAction\",\"target\":[\"https:\/\/www.miomiorun.com\/fr\/produit\/experience-wild-3-homme\/\"]}]},{\"@type\":\"ImageObject\",\"inLanguage\":\"fr-FR\",\"@id\":\"https:\/\/www.miomiorun.com\/fr\/produit\/experience-wild-3-homme\/#primaryimage\",\"url\":\"https:\/\/www.miomiorun.com\/app\/uploads\/2026\/02\/Altra-Experience-Wild-3-black-orange-AL0A85V00131.webp\",\"contentUrl\":\"https:\/\/www.miomiorun.com\/app\/uploads\/2026\/02\/Altra-Experience-Wild-3-black-orange-AL0A85V00131.webp\",\"width\":720,\"height\":720,\"caption\":\"Altra Experience Wild 3+ black orange AL0A85V00131\"},{\"@type\":\"BreadcrumbList\",\"@id\":\"https:\/\/www.miomiorun.com\/fr\/produit\/experience-wild-3-homme\/#breadcrumb\",\"itemListElement\":[{\"@type\":\"ListItem\",\"position\":1,\"name\":\"Home\",\"item\":\"https:\/\/www.miomiorun.com\/fr\/home-page\/\"},{\"@type\":\"ListItem\",\"position\":2,\"name\":\"Shop\",\"item\":\"https:\/\/www.miomiorun.com\/shop\/\"},{\"@type\":\"ListItem\",\"position\":3,\"name\":\"Experience Wild 3+ homme\"}]},{\"@type\":\"WebSite\",\"@id\":\"https:\/\/www.miomiorun.com\/fr\/#website\",\"url\":\"https:\/\/www.miomiorun.com\/fr\/\",\"name\":\"MioMioRun\",\"description\":\"Boutique 100% running et trail\",\"publisher\":{\"@id\":\"https:\/\/www.miomiorun.com\/fr\/#organization\"},\"potentialAction\":[{\"@type\":\"SearchAction\",\"target\":{\"@type\":\"EntryPoint\",\"urlTemplate\":\"https:\/\/www.miomiorun.com\/fr\/?s={search_term_string}\"},\"query-input\":{\"@type\":\"PropertyValueSpecification\",\"valueRequired\":true,\"valueName\":\"search_term_string\"}}],\"inLanguage\":\"fr-FR\"},{\"@type\":\"Organization\",\"@id\":\"https:\/\/www.miomiorun.com\/fr\/#organization\",\"name\":\"MioMio Run\",\"url\":\"https:\/\/www.miomiorun.com\/fr\/\",\"logo\":{\"@type\":\"ImageObject\",\"inLanguage\":\"fr-FR\",\"@id\":\"https:\/\/www.miomiorun.com\/fr\/#\/schema\/logo\/image\/\",\"url\":\"https:\/\/www.miomiorun.com\/app\/uploads\/2019\/12\/logomio.png\",\"contentUrl\":\"https:\/\/www.miomiorun.com\/app\/uploads\/2019\/12\/logomio.png\",\"width\":115,\"height\":82,\"caption\":\"MioMio Run\"},\"image\":{\"@id\":\"https:\/\/www.miomiorun.com\/fr\/#\/schema\/logo\/image\/\"},\"sameAs\":[\"https:\/\/www.facebook.com\/miomiorun\/\",\"https:\/\/www.instagram.com\/miomiorun\/\"]}]}<\/script>\n<!-- \/ Yoast SEO plugin. -->","yoast_head_json":{"title":"AltraExperience Wild 3+ homme - chaussures de trail - MioMioRun.com","description":"Experience Wild 3+ : chaussure de trail \u00e9quip\u00e9e d'une semelle Vibram\u00ae Megagrip Traction Lug, d'une semelle interm\u00e9diaire Altra EGO\u2122 P35, d'un drop de 4 mm et du syst\u00e8me GaiterTrap\u2122. L\u00e9g\u00e8re, r\u00e9active et dot\u00e9e d'une adh\u00e9rence incroyable.","robots":{"index":"index","follow":"follow","max-snippet":"max-snippet:-1","max-image-preview":"max-image-preview:large","max-video-preview":"max-video-preview:-1"},"canonical":"https:\/\/www.miomiorun.com\/fr\/produit\/experience-wild-3-homme\/","og_locale":"fr_FR","og_type":"article","og_title":"AltraExperience Wild 3+ homme - chaussures de trail - MioMioRun.com","og_description":"Experience Wild 3+ : chaussure de trail \u00e9quip\u00e9e d'une semelle Vibram\u00ae Megagrip Traction Lug, d'une semelle interm\u00e9diaire Altra EGO\u2122 P35, d'un drop de 4 mm et du syst\u00e8me GaiterTrap\u2122. L\u00e9g\u00e8re, r\u00e9active et dot\u00e9e d'une adh\u00e9rence incroyable.","og_url":"https:\/\/www.miomiorun.com\/fr\/produit\/experience-wild-3-homme\/","og_site_name":"MioMioRun","article_publisher":"https:\/\/www.facebook.com\/miomiorun\/","article_modified_time":"2026-05-09T10:27:45+00:00","og_image":[{"width":720,"height":720,"url":"https:\/\/www.miomiorun.com\/app\/uploads\/2026\/02\/Altra-Experience-Wild-3-black-orange-AL0A85V00131.webp","type":"image\/webp"}],"twitter_card":"summary_large_image","twitter_misc":{"Est. reading time":"1 minute"},"schema":{"@context":"https:\/\/schema.org","@graph":[{"@type":"WebPage","@id":"https:\/\/www.miomiorun.com\/fr\/produit\/experience-wild-3-homme\/","url":"https:\/\/www.miomiorun.com\/fr\/produit\/experience-wild-3-homme\/","name":"AltraExperience Wild 3+ homme - chaussures de trail - MioMioRun.com","isPartOf":{"@id":"https:\/\/www.miomiorun.com\/fr\/#website"},"primaryImageOfPage":{"@id":"https:\/\/www.miomiorun.com\/fr\/produit\/experience-wild-3-homme\/#primaryimage"},"image":{"@id":"https:\/\/www.miomiorun.com\/fr\/produit\/experience-wild-3-homme\/#primaryimage"},"thumbnailUrl":"https:\/\/www.miomiorun.com\/app\/uploads\/2026\/02\/Altra-Experience-Wild-3-black-orange-AL0A85V00131.webp","datePublished":"2026-02-03T15:14:47+00:00","dateModified":"2026-05-09T10:27:45+00:00","description":"Experience Wild 3+ : chaussure de trail \u00e9quip\u00e9e d'une semelle Vibram\u00ae Megagrip Traction Lug, d'une semelle interm\u00e9diaire Altra EGO\u2122 P35, d'un drop de 4 mm et du syst\u00e8me GaiterTrap\u2122. L\u00e9g\u00e8re, r\u00e9active et dot\u00e9e d'une adh\u00e9rence incroyable.","breadcrumb":{"@id":"https:\/\/www.miomiorun.com\/fr\/produit\/experience-wild-3-homme\/#breadcrumb"},"inLanguage":"fr-FR","potentialAction":[{"@type":"ReadAction","target":["https:\/\/www.miomiorun.com\/fr\/produit\/experience-wild-3-homme\/"]}]},{"@type":"ImageObject","inLanguage":"fr-FR","@id":"https:\/\/www.miomiorun.com\/fr\/produit\/experience-wild-3-homme\/#primaryimage","url":"https:\/\/www.miomiorun.com\/app\/uploads\/2026\/02\/Altra-Experience-Wild-3-black-orange-AL0A85V00131.webp","contentUrl":"https:\/\/www.miomiorun.com\/app\/uploads\/2026\/02\/Altra-Experience-Wild-3-black-orange-AL0A85V00131.webp","width":720,"height":720,"caption":"Altra Experience Wild 3+ black orange AL0A85V00131"},{"@type":"BreadcrumbList","@id":"https:\/\/www.miomiorun.com\/fr\/produit\/experience-wild-3-homme\/#breadcrumb","itemListElement":[{"@type":"ListItem","position":1,"name":"Home","item":"https:\/\/www.miomiorun.com\/fr\/home-page\/"},{"@type":"ListItem","position":2,"name":"Shop","item":"https:\/\/www.miomiorun.com\/shop\/"},{"@type":"ListItem","position":3,"name":"Experience Wild 3+ homme"}]},{"@type":"WebSite","@id":"https:\/\/www.miomiorun.com\/fr\/#website","url":"https:\/\/www.miomiorun.com\/fr\/","name":"MioMioRun","description":"Boutique 100% running et trail","publisher":{"@id":"https:\/\/www.miomiorun.com\/fr\/#organization"},"potentialAction":[{"@type":"SearchAction","target":{"@type":"EntryPoint","urlTemplate":"https:\/\/www.miomiorun.com\/fr\/?s={search_term_string}"},"query-input":{"@type":"PropertyValueSpecification","valueRequired":true,"valueName":"search_term_string"}}],"inLanguage":"fr-FR"},{"@type":"Organization","@id":"https:\/\/www.miomiorun.com\/fr\/#organization","name":"MioMio Run","url":"https:\/\/www.miomiorun.com\/fr\/","logo":{"@type":"ImageObject","inLanguage":"fr-FR","@id":"https:\/\/www.miomiorun.com\/fr\/#\/schema\/logo\/image\/","url":"https:\/\/www.miomiorun.com\/app\/uploads\/2019\/12\/logomio.png","contentUrl":"https:\/\/www.miomiorun.com\/app\/uploads\/2019\/12\/logomio.png","width":115,"height":82,"caption":"MioMio Run"},"image":{"@id":"https:\/\/www.miomiorun.com\/fr\/#\/schema\/logo\/image\/"},"sameAs":["https:\/\/www.facebook.com\/miomiorun\/","https:\/\/www.instagram.com\/miomiorun\/"]}]}},"_links":{"self":[{"href":"https:\/\/www.miomiorun.com\/fr\/wp-json\/wp\/v2\/product\/395942","targetHints":{"allow":["GET"]}}],"collection":[{"href":"https:\/\/www.miomiorun.com\/fr\/wp-json\/wp\/v2\/product"}],"about":[{"href":"https:\/\/www.miomiorun.com\/fr\/wp-json\/wp\/v2\/types\/product"}],"wp:featuredmedia":[{"embeddable":true,"href":"https:\/\/www.miomiorun.com\/fr\/wp-json\/wp\/v2\/media\/404205"}],"wp:attachment":[{"href":"https:\/\/www.miomiorun.com\/fr\/wp-json\/wp\/v2\/media?parent=395942"}],"wp:term":[{"taxonomy":"product_brand","embeddable":true,"href":"https:\/\/www.miomiorun.com\/fr\/wp-json\/wp\/v2\/product_brand?post=395942"},{"taxonomy":"product_cat","embeddable":true,"href":"https:\/\/www.miomiorun.com\/fr\/wp-json\/wp\/v2\/product_cat?post=395942"},{"taxonomy":"product_tag","embeddable":true,"href":"https:\/\/www.miomiorun.com\/fr\/wp-json\/wp\/v2\/product_tag?post=395942"}],"curies":[{"name":"wp","href":"https:\/\/api.w.org\/{rel}","templated":true}]}}