{"id":395206,"date":"2026-02-03T11:46:58","date_gmt":"2026-02-03T10:46:58","guid":{"rendered":"https:\/\/www.miomiorun.com\/?post_type=product&#038;p=395206"},"modified":"2026-05-09T12:22:48","modified_gmt":"2026-05-09T10:22:48","slug":"prodigio-2-homme","status":"publish","type":"product","link":"https:\/\/www.miomiorun.com\/fr\/produit\/prodigio-2-homme\/","title":{"rendered":"Prodigio 2 homme"},"content":{"rendered":"<table style=\"border-collapse: collapse;width: 100%\">\n<tbody>\n<tr>\n<td style=\"width: 33.3333%;vertical-align: top;text-align: center\"><strong>Caract\u00e9ristiques techniques<\/strong><\/p>\n<p>Cat\u00e9gorie : Amorti structur\u00e9<br \/>\nD\u00e9port : 6 mm (hauteur sous semelle 34\/28 mm)<br \/>\nPoids : 270 g<br \/>\nId\u00e9ale pour : les coureurs de trail \u00e0 la recherche d&#8217;une chaussure alliant haute performance et confort, m\u00eame sur des parcours longs et exigeants.<br \/>\nPoids de l&#8217;athl\u00e8te : 60-80 kg<br \/>\nAllure de course : moyenne (5-6 min\/km)<br \/>\n<a href=\"https:\/\/miomiorun.com\/guida-alle-specifiche-tecniche\/\">Guide des sp\u00e9cifications techniques<\/a><\/td>\n<td style=\"width: 66.6666%;vertical-align: top;text-align: center\">\n<p data-start=\"146\" data-end=\"535\">La <strong data-start=\"149\" data-end=\"163\">Prodigio 2<\/strong> est une chaussure de <strong data-start=\"180\" data-end=\"219\">trail running polyvalente et tout-terrain<\/strong>, con\u00e7ue pour affronter en toute confiance tous les types de parcours : des courses tranquilles sur sentiers aux <strong data-start=\"316\" data-end=\"353\">\u00e9preuves d&#8217;endurance les plus exigeantes<\/strong>. Con\u00e7ue pour offrir des performances solides et puissantes sur tous les types de terrain, elle allie un confort durable, une adh\u00e9rence fiable et un retour d&#8217;\u00e9nergie constant kilom\u00e8tre apr\u00e8s kilom\u00e8tre.<\/p>\n<p data-start=\"537\" data-end=\"855\">La <strong data-start=\"540\" data-end=\"578\">tige en mesh 3D haute t\u00e9nacit\u00e9<\/strong>, r\u00e9sistante mais hautement respirante, garde les pieds au frais et au sec m\u00eame lors des mont\u00e9es les plus intenses. Le <strong data-start=\"693\" data-end=\"731\">syst\u00e8me d\u2019enveloppement ergonomique<\/strong> stabilise le pied et maintient la chaussure fermement en place, am\u00e9liorant ainsi le contr\u00f4le et la s\u00e9curit\u00e9 dans les passages techniques.<\/p>\n<p data-start=\"857\" data-end=\"1318\">Le c\u0153ur de la Prodigio 2 r\u00e9side dans l\u2019amorti <strong data-start=\"906\" data-end=\"916\">XFlow\u2122<\/strong>, pr\u00e9sent \u00e0 la fois dans la <strong data-start=\"936\" data-end=\"950\">semelle interm\u00e9diaire<\/strong> et dans la <strong data-start=\"961\" data-end=\"972\">semelle int\u00e9rieure<\/strong> : une mousse inject\u00e9e \u00e0 l\u2019azote qui offre <strong data-start=\"1015\" data-end=\"1075\">un amorti sup\u00e9rieur et un retour d\u2019\u00e9nergie explosif<\/strong>. La <strong data-start=\"1080\" data-end=\"1119\">semelle FriXion\u00ae Red \u00e0 double densit\u00e9<\/strong>, dot\u00e9e de <strong data-start=\"1125\" data-end=\"1146\">crampons de 4 mm<\/strong>, renforce la durabilit\u00e9 dans les zones les plus expos\u00e9es \u00e0 l&#8217;usure au niveau du talon et garantit une <strong data-start=\"1227\" data-end=\"1247\">traction maximale<\/strong> au milieu et \u00e0 l&#8217;avant-pied, pour affronter les passages les plus techniques en toute confiance.<\/p>\n<p data-start=\"1320\" data-end=\"1533\">Avec un <strong data-start=\"1324\" data-end=\"1340\">drop de 6 mm<\/strong>, une <strong data-start=\"1342\" data-end=\"1360\">hauteur de semelle de 34\/28 mm<\/strong> et une conception ax\u00e9e sur le confort sur les longues distances, la Prodigio 2 est le choix id\u00e9al pour ceux qui recherchent stabilit\u00e9, protection et performances constantes en trail.<\/p>\n<\/td>\n<\/tr>\n<\/tbody>\n<\/table>\n<p>&nbsp;<\/p>\n","protected":false},"excerpt":{"rendered":"<ul>\n<li data-start=\"1772\" data-end=\"1852\">Amorti <strong data-start=\"1788\" data-end=\"1798\">XFlow\u2122<\/strong> inject\u00e9 \u00e0 l&#8217;azote pour plus de confort et un meilleur retour d&#8217;\u00e9nergie<\/li>\n<li data-start=\"1855\" data-end=\"1940\">Semelle <strong data-start=\"1861\" data-end=\"1877\">FriXion\u00ae Red<\/strong> \u00e0 double densit\u00e9 avec crampons de 4 mm pour une meilleure adh\u00e9rence et une plus grande durabilit\u00e9<\/li>\n<li data-start=\"1943\" data-end=\"2031\">Tige en <strong data-start=\"1953\" data-end=\"1976\">maille 3D respirante<\/strong> avec syst\u00e8me d&#8217;enveloppement ergonomique pour plus de stabilit\u00e9<\/li>\n<\/ul>\n","protected":false},"featured_media":400615,"template":"","meta":{"_acf_changed":false,"inline_featured_image":false},"product_brand":[],"product_cat":[24448,24445],"product_tag":[23597,23599],"class_list":{"0":"post-395206","1":"product","2":"type-product","3":"status-publish","4":"has-post-thumbnail","6":"product_cat-chaussures-pour-hommes-fr","7":"product_cat-trail-fr-3","8":"product_tag-la-sportiva-fr","9":"product_tag-la-sportiva-homme","10":"pa_attivita-outdoor-fr","11":"pa_attivita-trail-fr","12":"pa_colore-prodigio-2-hurricane-chalk","13":"pa_colore-prodigio-2-onyx-mountain-red","14":"pa_colore-prodigio-2-yellow-black","15":"pa_marca-la-sportiva-fr","16":"pa_sesso-homme","17":"pa_size-41-fr","18":"pa_size-41-5-fr","19":"pa_size-42-fr","20":"pa_size-42-5-fr","21":"pa_size-43-fr","22":"pa_size-43-5-fr","23":"pa_size-44-fr","24":"pa_size-44-5-fr","25":"pa_size-45-fr","26":"pa_size-45-5-fr","27":"pa_size-46-fr","28":"pa_size-46-5-fr","29":"pa_size-47-fr","31":"first","32":"instock","33":"sale","34":"taxable","35":"shipping-taxable","36":"purchasable","37":"product-type-variable","38":"wvs-archive-product-wrapper"},"acf":[],"yoast_head":"<!-- This site is optimized with the Yoast SEO plugin v26.8 - https:\/\/yoast.com\/product\/yoast-seo-wordpress\/ -->\n<title>La sportiva Prodigio 2 homme - Chaussures de trail homme - MioMioRun .com<\/title>\n<meta name=\"description\" content=\"Chaussure de trail polyvalente dot\u00e9e de l&#039;amorti XFlow\u2122, d&#039;une semelle FriXion\u00ae Red \u00e0 double densit\u00e9 et d&#039;une maille 3D respirante. Confort, adh\u00e9rence et r\u00e9activit\u00e9 sur tous les terrains.\" \/>\n<meta name=\"robots\" content=\"index, follow, max-snippet:-1, max-image-preview:large, max-video-preview:-1\" \/>\n<link rel=\"canonical\" href=\"https:\/\/www.miomiorun.com\/fr\/produit\/prodigio-2-homme\/\" \/>\n<meta property=\"og:locale\" content=\"fr_FR\" \/>\n<meta property=\"og:type\" content=\"article\" \/>\n<meta property=\"og:title\" content=\"La sportiva Prodigio 2 homme - Chaussures de trail homme - MioMioRun .com\" \/>\n<meta property=\"og:description\" content=\"Chaussure de trail polyvalente dot\u00e9e de l&#039;amorti XFlow\u2122, d&#039;une semelle FriXion\u00ae Red \u00e0 double densit\u00e9 et d&#039;une maille 3D respirante. Confort, adh\u00e9rence et r\u00e9activit\u00e9 sur tous les terrains.\" \/>\n<meta property=\"og:url\" content=\"https:\/\/www.miomiorun.com\/fr\/produit\/prodigio-2-homme\/\" \/>\n<meta property=\"og:site_name\" content=\"MioMioRun\" \/>\n<meta property=\"article:publisher\" content=\"https:\/\/www.facebook.com\/miomiorun\/\" \/>\n<meta property=\"article:modified_time\" content=\"2026-05-09T10:22:48+00:00\" \/>\n<meta property=\"og:image\" content=\"https:\/\/www.miomiorun.com\/app\/uploads\/2026\/02\/la-sportiva-Prodigio-2-yellow-black-ZFRS106Y00K00.webp\" \/>\n\t<meta property=\"og:image:width\" content=\"720\" \/>\n\t<meta property=\"og:image:height\" content=\"720\" \/>\n\t<meta property=\"og:image:type\" content=\"image\/webp\" \/>\n<meta name=\"twitter:card\" content=\"summary_large_image\" \/>\n<meta name=\"twitter:label1\" content=\"Est. reading time\" \/>\n\t<meta name=\"twitter:data1\" content=\"2 minutes\" \/>\n<script type=\"application\/ld+json\" class=\"yoast-schema-graph\">{\"@context\":\"https:\/\/schema.org\",\"@graph\":[{\"@type\":\"WebPage\",\"@id\":\"https:\/\/www.miomiorun.com\/fr\/produit\/prodigio-2-homme\/\",\"url\":\"https:\/\/www.miomiorun.com\/fr\/produit\/prodigio-2-homme\/\",\"name\":\"La sportiva Prodigio 2 homme - Chaussures de trail homme - MioMioRun .com\",\"isPartOf\":{\"@id\":\"https:\/\/www.miomiorun.com\/fr\/#website\"},\"primaryImageOfPage\":{\"@id\":\"https:\/\/www.miomiorun.com\/fr\/produit\/prodigio-2-homme\/#primaryimage\"},\"image\":{\"@id\":\"https:\/\/www.miomiorun.com\/fr\/produit\/prodigio-2-homme\/#primaryimage\"},\"thumbnailUrl\":\"https:\/\/www.miomiorun.com\/app\/uploads\/2026\/02\/la-sportiva-Prodigio-2-yellow-black-ZFRS106Y00K00.webp\",\"datePublished\":\"2026-02-03T10:46:58+00:00\",\"dateModified\":\"2026-05-09T10:22:48+00:00\",\"description\":\"Chaussure de trail polyvalente dot\u00e9e de l'amorti XFlow\u2122, d'une semelle FriXion\u00ae Red \u00e0 double densit\u00e9 et d'une maille 3D respirante. Confort, adh\u00e9rence et r\u00e9activit\u00e9 sur tous les terrains.\",\"breadcrumb\":{\"@id\":\"https:\/\/www.miomiorun.com\/fr\/produit\/prodigio-2-homme\/#breadcrumb\"},\"inLanguage\":\"fr-FR\",\"potentialAction\":[{\"@type\":\"ReadAction\",\"target\":[\"https:\/\/www.miomiorun.com\/fr\/produit\/prodigio-2-homme\/\"]}]},{\"@type\":\"ImageObject\",\"inLanguage\":\"fr-FR\",\"@id\":\"https:\/\/www.miomiorun.com\/fr\/produit\/prodigio-2-homme\/#primaryimage\",\"url\":\"https:\/\/www.miomiorun.com\/app\/uploads\/2026\/02\/la-sportiva-Prodigio-2-yellow-black-ZFRS106Y00K00.webp\",\"contentUrl\":\"https:\/\/www.miomiorun.com\/app\/uploads\/2026\/02\/la-sportiva-Prodigio-2-yellow-black-ZFRS106Y00K00.webp\",\"width\":720,\"height\":720,\"caption\":\"la sportiva Prodigio 2 yellow black ZFRS106Y00K00\"},{\"@type\":\"BreadcrumbList\",\"@id\":\"https:\/\/www.miomiorun.com\/fr\/produit\/prodigio-2-homme\/#breadcrumb\",\"itemListElement\":[{\"@type\":\"ListItem\",\"position\":1,\"name\":\"Home\",\"item\":\"https:\/\/www.miomiorun.com\/fr\/home-page\/\"},{\"@type\":\"ListItem\",\"position\":2,\"name\":\"Shop\",\"item\":\"https:\/\/www.miomiorun.com\/shop\/\"},{\"@type\":\"ListItem\",\"position\":3,\"name\":\"Prodigio 2 homme\"}]},{\"@type\":\"WebSite\",\"@id\":\"https:\/\/www.miomiorun.com\/fr\/#website\",\"url\":\"https:\/\/www.miomiorun.com\/fr\/\",\"name\":\"MioMioRun\",\"description\":\"Boutique 100% running et trail\",\"publisher\":{\"@id\":\"https:\/\/www.miomiorun.com\/fr\/#organization\"},\"potentialAction\":[{\"@type\":\"SearchAction\",\"target\":{\"@type\":\"EntryPoint\",\"urlTemplate\":\"https:\/\/www.miomiorun.com\/fr\/?s={search_term_string}\"},\"query-input\":{\"@type\":\"PropertyValueSpecification\",\"valueRequired\":true,\"valueName\":\"search_term_string\"}}],\"inLanguage\":\"fr-FR\"},{\"@type\":\"Organization\",\"@id\":\"https:\/\/www.miomiorun.com\/fr\/#organization\",\"name\":\"MioMio Run\",\"url\":\"https:\/\/www.miomiorun.com\/fr\/\",\"logo\":{\"@type\":\"ImageObject\",\"inLanguage\":\"fr-FR\",\"@id\":\"https:\/\/www.miomiorun.com\/fr\/#\/schema\/logo\/image\/\",\"url\":\"https:\/\/www.miomiorun.com\/app\/uploads\/2019\/12\/logomio.png\",\"contentUrl\":\"https:\/\/www.miomiorun.com\/app\/uploads\/2019\/12\/logomio.png\",\"width\":115,\"height\":82,\"caption\":\"MioMio Run\"},\"image\":{\"@id\":\"https:\/\/www.miomiorun.com\/fr\/#\/schema\/logo\/image\/\"},\"sameAs\":[\"https:\/\/www.facebook.com\/miomiorun\/\",\"https:\/\/www.instagram.com\/miomiorun\/\"]}]}<\/script>\n<!-- \/ Yoast SEO plugin. -->","yoast_head_json":{"title":"La sportiva Prodigio 2 homme - Chaussures de trail homme - MioMioRun .com","description":"Chaussure de trail polyvalente dot\u00e9e de l'amorti XFlow\u2122, d'une semelle FriXion\u00ae Red \u00e0 double densit\u00e9 et d'une maille 3D respirante. Confort, adh\u00e9rence et r\u00e9activit\u00e9 sur tous les terrains.","robots":{"index":"index","follow":"follow","max-snippet":"max-snippet:-1","max-image-preview":"max-image-preview:large","max-video-preview":"max-video-preview:-1"},"canonical":"https:\/\/www.miomiorun.com\/fr\/produit\/prodigio-2-homme\/","og_locale":"fr_FR","og_type":"article","og_title":"La sportiva Prodigio 2 homme - Chaussures de trail homme - MioMioRun .com","og_description":"Chaussure de trail polyvalente dot\u00e9e de l'amorti XFlow\u2122, d'une semelle FriXion\u00ae Red \u00e0 double densit\u00e9 et d'une maille 3D respirante. Confort, adh\u00e9rence et r\u00e9activit\u00e9 sur tous les terrains.","og_url":"https:\/\/www.miomiorun.com\/fr\/produit\/prodigio-2-homme\/","og_site_name":"MioMioRun","article_publisher":"https:\/\/www.facebook.com\/miomiorun\/","article_modified_time":"2026-05-09T10:22:48+00:00","og_image":[{"width":720,"height":720,"url":"https:\/\/www.miomiorun.com\/app\/uploads\/2026\/02\/la-sportiva-Prodigio-2-yellow-black-ZFRS106Y00K00.webp","type":"image\/webp"}],"twitter_card":"summary_large_image","twitter_misc":{"Est. reading time":"2 minutes"},"schema":{"@context":"https:\/\/schema.org","@graph":[{"@type":"WebPage","@id":"https:\/\/www.miomiorun.com\/fr\/produit\/prodigio-2-homme\/","url":"https:\/\/www.miomiorun.com\/fr\/produit\/prodigio-2-homme\/","name":"La sportiva Prodigio 2 homme - Chaussures de trail homme - MioMioRun .com","isPartOf":{"@id":"https:\/\/www.miomiorun.com\/fr\/#website"},"primaryImageOfPage":{"@id":"https:\/\/www.miomiorun.com\/fr\/produit\/prodigio-2-homme\/#primaryimage"},"image":{"@id":"https:\/\/www.miomiorun.com\/fr\/produit\/prodigio-2-homme\/#primaryimage"},"thumbnailUrl":"https:\/\/www.miomiorun.com\/app\/uploads\/2026\/02\/la-sportiva-Prodigio-2-yellow-black-ZFRS106Y00K00.webp","datePublished":"2026-02-03T10:46:58+00:00","dateModified":"2026-05-09T10:22:48+00:00","description":"Chaussure de trail polyvalente dot\u00e9e de l'amorti XFlow\u2122, d'une semelle FriXion\u00ae Red \u00e0 double densit\u00e9 et d'une maille 3D respirante. Confort, adh\u00e9rence et r\u00e9activit\u00e9 sur tous les terrains.","breadcrumb":{"@id":"https:\/\/www.miomiorun.com\/fr\/produit\/prodigio-2-homme\/#breadcrumb"},"inLanguage":"fr-FR","potentialAction":[{"@type":"ReadAction","target":["https:\/\/www.miomiorun.com\/fr\/produit\/prodigio-2-homme\/"]}]},{"@type":"ImageObject","inLanguage":"fr-FR","@id":"https:\/\/www.miomiorun.com\/fr\/produit\/prodigio-2-homme\/#primaryimage","url":"https:\/\/www.miomiorun.com\/app\/uploads\/2026\/02\/la-sportiva-Prodigio-2-yellow-black-ZFRS106Y00K00.webp","contentUrl":"https:\/\/www.miomiorun.com\/app\/uploads\/2026\/02\/la-sportiva-Prodigio-2-yellow-black-ZFRS106Y00K00.webp","width":720,"height":720,"caption":"la sportiva Prodigio 2 yellow black ZFRS106Y00K00"},{"@type":"BreadcrumbList","@id":"https:\/\/www.miomiorun.com\/fr\/produit\/prodigio-2-homme\/#breadcrumb","itemListElement":[{"@type":"ListItem","position":1,"name":"Home","item":"https:\/\/www.miomiorun.com\/fr\/home-page\/"},{"@type":"ListItem","position":2,"name":"Shop","item":"https:\/\/www.miomiorun.com\/shop\/"},{"@type":"ListItem","position":3,"name":"Prodigio 2 homme"}]},{"@type":"WebSite","@id":"https:\/\/www.miomiorun.com\/fr\/#website","url":"https:\/\/www.miomiorun.com\/fr\/","name":"MioMioRun","description":"Boutique 100% running et trail","publisher":{"@id":"https:\/\/www.miomiorun.com\/fr\/#organization"},"potentialAction":[{"@type":"SearchAction","target":{"@type":"EntryPoint","urlTemplate":"https:\/\/www.miomiorun.com\/fr\/?s={search_term_string}"},"query-input":{"@type":"PropertyValueSpecification","valueRequired":true,"valueName":"search_term_string"}}],"inLanguage":"fr-FR"},{"@type":"Organization","@id":"https:\/\/www.miomiorun.com\/fr\/#organization","name":"MioMio Run","url":"https:\/\/www.miomiorun.com\/fr\/","logo":{"@type":"ImageObject","inLanguage":"fr-FR","@id":"https:\/\/www.miomiorun.com\/fr\/#\/schema\/logo\/image\/","url":"https:\/\/www.miomiorun.com\/app\/uploads\/2019\/12\/logomio.png","contentUrl":"https:\/\/www.miomiorun.com\/app\/uploads\/2019\/12\/logomio.png","width":115,"height":82,"caption":"MioMio Run"},"image":{"@id":"https:\/\/www.miomiorun.com\/fr\/#\/schema\/logo\/image\/"},"sameAs":["https:\/\/www.facebook.com\/miomiorun\/","https:\/\/www.instagram.com\/miomiorun\/"]}]}},"_links":{"self":[{"href":"https:\/\/www.miomiorun.com\/fr\/wp-json\/wp\/v2\/product\/395206","targetHints":{"allow":["GET"]}}],"collection":[{"href":"https:\/\/www.miomiorun.com\/fr\/wp-json\/wp\/v2\/product"}],"about":[{"href":"https:\/\/www.miomiorun.com\/fr\/wp-json\/wp\/v2\/types\/product"}],"wp:featuredmedia":[{"embeddable":true,"href":"https:\/\/www.miomiorun.com\/fr\/wp-json\/wp\/v2\/media\/400615"}],"wp:attachment":[{"href":"https:\/\/www.miomiorun.com\/fr\/wp-json\/wp\/v2\/media?parent=395206"}],"wp:term":[{"taxonomy":"product_brand","embeddable":true,"href":"https:\/\/www.miomiorun.com\/fr\/wp-json\/wp\/v2\/product_brand?post=395206"},{"taxonomy":"product_cat","embeddable":true,"href":"https:\/\/www.miomiorun.com\/fr\/wp-json\/wp\/v2\/product_cat?post=395206"},{"taxonomy":"product_tag","embeddable":true,"href":"https:\/\/www.miomiorun.com\/fr\/wp-json\/wp\/v2\/product_tag?post=395206"}],"curies":[{"name":"wp","href":"https:\/\/api.w.org\/{rel}","templated":true}]}}