{"id":394879,"date":"2026-02-03T11:29:25","date_gmt":"2026-02-03T10:29:25","guid":{"rendered":"https:\/\/www.miomiorun.com\/?post_type=product&#038;p=394879"},"modified":"2026-05-09T12:20:23","modified_gmt":"2026-05-09T10:20:23","slug":"mestari-run-2-0-femme","status":"publish","type":"product","link":"https:\/\/www.miomiorun.com\/fr\/produit\/mestari-run-2-0-femme\/","title":{"rendered":"Mestari Run 2.0 femme"},"content":{"rendered":"<table style=\"border-collapse: collapse;width: 100%\">\n<tbody>\n<tr>\n<td style=\"width: 33.3333%;text-align: left\">\n<h4>Caract\u00e9ristiques techniques<\/h4>\n<p>Cat\u00e9gorie : Excellent amorti<br \/>\nD\u00e9battement : 8 mm (34 mm-26 mm)<\/p>\n<p>Poids : 270 g<br \/>\nId\u00e9ale pour : les coureurs \u00e0 la recherche d&#8217;une chaussure offrant un bon amorti et une excellente stabilit\u00e9, avec une transition fluide, pour les courses de moyenne et longue distance.<br \/>\nPoids de l&#8217;athl\u00e8te : 75-85 kg<br \/>\nAllure de course : moyenne (5,00-6,00 min\/km)<br \/>\n<a href=\"https:\/\/miomiorun.com\/guida-alle-specifiche-tecniche\/\">Guide des caract\u00e9ristiques techniques<\/a><\/td>\n<td style=\"width: 66.6666%;text-align: left\">\n<p data-start=\"157\" data-end=\"543\">Les <strong data-start=\"160\" data-end=\"185\">KARHU Mestari Run 2.0<\/strong> sont des chaussures d&#8217;<strong data-start=\"201\" data-end=\"227\">entra\u00eenement quotidien<\/strong> con\u00e7ues pour offrir un <strong data-start=\"251\" data-end=\"278\">amorti maximal<\/strong>, un confort constant et un <strong data-start=\"303\" data-end=\"321\">roulement fluide<\/strong>, id\u00e9ales pour les courses faciles et les jours de r\u00e9cup\u00e9ration. Con\u00e7ues pour les <strong data-start=\"385\" data-end=\"402\">coureurs neutres<\/strong> et ceux pr\u00e9sentant une <strong data-start=\"426\" data-end=\"460\">pronation l\u00e9g\u00e8re \u00e0 mod\u00e9r\u00e9e<\/strong>, elles accompagnent la foul\u00e9e de mani\u00e8re stable et naturelle, m\u00eame sur les longues distances.<\/p>\n<p data-start=\"545\" data-end=\"997\">Le c\u0153ur du mod\u00e8le est le <strong data-start=\"581\" data-end=\"599\">AeroFoam NITRO<\/strong> revisit\u00e9, reformul\u00e9 pour garantir <strong data-start=\"627\" data-end=\"648\">un meilleur rebond<\/strong> et une sensation plus <strong data-start=\"670\" data-end=\"696\">souple et confortable<\/strong> lors des kilom\u00e8tres quotidiens. Le <strong data-start=\"738\" data-end=\"761\">Fulcrum encapsul\u00e9<\/strong>, associ\u00e9 \u00e0 un <strong data-start=\"777\" data-end=\"793\">drop de 8 mm<\/strong>, favorise une transition stable et sans effort entre l&#8217;atterrissage et la pouss\u00e9e. Le <strong data-start=\"877\" data-end=\"910\">ressort amplifi\u00e9 \u00e0 l&#8217;avant-pied<\/strong> am\u00e9liore encore le roulement vers l&#8217;avant, rendant la course plus fluide et d\u00e9tendue.<\/p>\n<p data-start=\"999\" data-end=\"1350\">La <strong data-start=\"1002\" data-end=\"1033\">tige IdealKnit am\u00e9lior\u00e9e<\/strong> offre une <strong data-start=\"1040\" data-end=\"1066\">\u00e9lasticit\u00e9 structur\u00e9e<\/strong> au niveau du milieu du pied, garantissant une bonne respirabilit\u00e9 et un maintien s\u00fbr lors des sorties plus longues. Dans l&#8217;ensemble, la Mestari Run 2.0 offre une exp\u00e9rience sous le pied <strong data-start=\"1237\" data-end=\"1288\">plus amortie, plus r\u00e9active et plus fluide<\/strong>, id\u00e9ale pour ceux qui aiment courir longtemps avec confort et r\u00e9gularit\u00e9.<\/p>\n<\/td>\n<\/tr>\n<\/tbody>\n<\/table>\n<h4><\/h4>\n<p>&nbsp;<\/p>\n<p>&nbsp;<\/p>\n","protected":false},"excerpt":{"rendered":"<ul>\n<li data-start=\"1581\" data-end=\"1658\"><strong data-start=\"1581\" data-end=\"1599\">AeroFoam NITRO<\/strong> pour un amorti souple et un meilleur retour d&#8217;\u00e9nergie<\/li>\n<li data-start=\"1661\" data-end=\"1731\"><strong data-start=\"1661\" data-end=\"1684\">Pivot encapsul\u00e9<\/strong> et drop de 8 mm pour des transitions stables et fluides<\/li>\n<li data-start=\"1734\" data-end=\"1821\">Tige <strong data-start=\"1741\" data-end=\"1754\">IdealKnit<\/strong> extensible pour une bonne respirabilit\u00e9 et un confort sur les longues distances<\/li>\n<\/ul>\n","protected":false},"featured_media":414137,"template":"","meta":{"_acf_changed":false,"inline_featured_image":false},"product_brand":[],"product_cat":[22605,22606],"product_tag":[23474,23495],"class_list":{"0":"post-394879","1":"product","2":"type-product","3":"status-publish","4":"has-post-thumbnail","6":"product_cat-chaussures-pour-femmes","7":"product_cat-neutre","8":"product_tag-karhu-fr","9":"product_tag-karhu-femme","10":"pa_attivita-lifestyle-fr","11":"pa_attivita-marcher","12":"pa_attivita-running-fr","13":"pa_colore-mestari-2-0-w-turbulence-icy-mor","14":"pa_colore-mestari-run-2-0-w-egret-peach-cobbler","15":"pa_colore-mestari-run-2-0-w-raindrops-marlin","16":"pa_marca-karhu-fr","17":"pa_sesso-femme","18":"pa_size-37-5-fr","19":"pa_size-38-fr","20":"pa_size-39-fr","21":"pa_size-39-5-fr","22":"pa_size-40-fr","23":"pa_size-40-5-fr","24":"pa_size-41-5-fr","25":"pa_size-42-fr","27":"first","28":"instock","29":"sale","30":"taxable","31":"shipping-taxable","32":"purchasable","33":"product-type-variable","34":"wvs-archive-product-wrapper"},"acf":[],"yoast_head":"<!-- This site is optimized with the Yoast SEO plugin v26.8 - https:\/\/yoast.com\/product\/yoast-seo-wordpress\/ -->\n<title>Karhu Mestari Run 2.0 femme - chaussures de course - MioMioRun<\/title>\n<meta name=\"description\" content=\"Mestari Run 2.0 : chaussures de course pour l&#039;entra\u00eenement quotidien, dot\u00e9es de la technologie AeroFoam NITRO, d&#039;un syst\u00e8me Fulcrum encapsul\u00e9 et d&#039;une tige IdealKnit. Amorti optimal et foul\u00e9e fluide.\" \/>\n<meta name=\"robots\" content=\"index, follow, max-snippet:-1, max-image-preview:large, max-video-preview:-1\" \/>\n<link rel=\"canonical\" href=\"https:\/\/www.miomiorun.com\/fr\/produit\/mestari-run-2-0-femme\/\" \/>\n<meta property=\"og:locale\" content=\"fr_FR\" \/>\n<meta property=\"og:type\" content=\"article\" \/>\n<meta property=\"og:title\" content=\"Karhu Mestari Run 2.0 femme - chaussures de course - MioMioRun\" \/>\n<meta property=\"og:description\" content=\"Mestari Run 2.0 : chaussures de course pour l&#039;entra\u00eenement quotidien, dot\u00e9es de la technologie AeroFoam NITRO, d&#039;un syst\u00e8me Fulcrum encapsul\u00e9 et d&#039;une tige IdealKnit. Amorti optimal et foul\u00e9e fluide.\" \/>\n<meta property=\"og:url\" content=\"https:\/\/www.miomiorun.com\/fr\/produit\/mestari-run-2-0-femme\/\" \/>\n<meta property=\"og:site_name\" content=\"MioMioRun\" \/>\n<meta property=\"article:publisher\" content=\"https:\/\/www.facebook.com\/miomiorun\/\" \/>\n<meta property=\"article:modified_time\" content=\"2026-05-09T10:20:23+00:00\" \/>\n<meta property=\"og:image\" content=\"https:\/\/www.miomiorun.com\/app\/uploads\/2026\/03\/karhu-Mestari-Run-2.0-W-raindrops-marlin-F205017.webp\" \/>\n\t<meta property=\"og:image:width\" content=\"720\" \/>\n\t<meta property=\"og:image:height\" content=\"720\" \/>\n\t<meta property=\"og:image:type\" content=\"image\/webp\" \/>\n<meta name=\"twitter:card\" content=\"summary_large_image\" \/>\n<meta name=\"twitter:label1\" content=\"Est. reading time\" \/>\n\t<meta name=\"twitter:data1\" content=\"1 minute\" \/>\n<script type=\"application\/ld+json\" class=\"yoast-schema-graph\">{\"@context\":\"https:\/\/schema.org\",\"@graph\":[{\"@type\":\"WebPage\",\"@id\":\"https:\/\/www.miomiorun.com\/fr\/produit\/mestari-run-2-0-femme\/\",\"url\":\"https:\/\/www.miomiorun.com\/fr\/produit\/mestari-run-2-0-femme\/\",\"name\":\"Karhu Mestari Run 2.0 femme - chaussures de course - MioMioRun\",\"isPartOf\":{\"@id\":\"https:\/\/www.miomiorun.com\/fr\/#website\"},\"primaryImageOfPage\":{\"@id\":\"https:\/\/www.miomiorun.com\/fr\/produit\/mestari-run-2-0-femme\/#primaryimage\"},\"image\":{\"@id\":\"https:\/\/www.miomiorun.com\/fr\/produit\/mestari-run-2-0-femme\/#primaryimage\"},\"thumbnailUrl\":\"https:\/\/www.miomiorun.com\/app\/uploads\/2026\/03\/karhu-Mestari-Run-2.0-W-raindrops-marlin-F205017.webp\",\"datePublished\":\"2026-02-03T10:29:25+00:00\",\"dateModified\":\"2026-05-09T10:20:23+00:00\",\"description\":\"Mestari Run 2.0 : chaussures de course pour l'entra\u00eenement quotidien, dot\u00e9es de la technologie AeroFoam NITRO, d'un syst\u00e8me Fulcrum encapsul\u00e9 et d'une tige IdealKnit. Amorti optimal et foul\u00e9e fluide.\",\"breadcrumb\":{\"@id\":\"https:\/\/www.miomiorun.com\/fr\/produit\/mestari-run-2-0-femme\/#breadcrumb\"},\"inLanguage\":\"fr-FR\",\"potentialAction\":[{\"@type\":\"ReadAction\",\"target\":[\"https:\/\/www.miomiorun.com\/fr\/produit\/mestari-run-2-0-femme\/\"]}]},{\"@type\":\"ImageObject\",\"inLanguage\":\"fr-FR\",\"@id\":\"https:\/\/www.miomiorun.com\/fr\/produit\/mestari-run-2-0-femme\/#primaryimage\",\"url\":\"https:\/\/www.miomiorun.com\/app\/uploads\/2026\/03\/karhu-Mestari-Run-2.0-W-raindrops-marlin-F205017.webp\",\"contentUrl\":\"https:\/\/www.miomiorun.com\/app\/uploads\/2026\/03\/karhu-Mestari-Run-2.0-W-raindrops-marlin-F205017.webp\",\"width\":720,\"height\":720,\"caption\":\"karhu Mestari Run 2.0 W raindrops marlin F205017\"},{\"@type\":\"BreadcrumbList\",\"@id\":\"https:\/\/www.miomiorun.com\/fr\/produit\/mestari-run-2-0-femme\/#breadcrumb\",\"itemListElement\":[{\"@type\":\"ListItem\",\"position\":1,\"name\":\"Home\",\"item\":\"https:\/\/www.miomiorun.com\/fr\/home-page\/\"},{\"@type\":\"ListItem\",\"position\":2,\"name\":\"Shop\",\"item\":\"https:\/\/www.miomiorun.com\/shop\/\"},{\"@type\":\"ListItem\",\"position\":3,\"name\":\"Mestari Run 2.0 femme\"}]},{\"@type\":\"WebSite\",\"@id\":\"https:\/\/www.miomiorun.com\/fr\/#website\",\"url\":\"https:\/\/www.miomiorun.com\/fr\/\",\"name\":\"MioMioRun\",\"description\":\"Boutique 100% running et trail\",\"publisher\":{\"@id\":\"https:\/\/www.miomiorun.com\/fr\/#organization\"},\"potentialAction\":[{\"@type\":\"SearchAction\",\"target\":{\"@type\":\"EntryPoint\",\"urlTemplate\":\"https:\/\/www.miomiorun.com\/fr\/?s={search_term_string}\"},\"query-input\":{\"@type\":\"PropertyValueSpecification\",\"valueRequired\":true,\"valueName\":\"search_term_string\"}}],\"inLanguage\":\"fr-FR\"},{\"@type\":\"Organization\",\"@id\":\"https:\/\/www.miomiorun.com\/fr\/#organization\",\"name\":\"MioMio Run\",\"url\":\"https:\/\/www.miomiorun.com\/fr\/\",\"logo\":{\"@type\":\"ImageObject\",\"inLanguage\":\"fr-FR\",\"@id\":\"https:\/\/www.miomiorun.com\/fr\/#\/schema\/logo\/image\/\",\"url\":\"https:\/\/www.miomiorun.com\/app\/uploads\/2019\/12\/logomio.png\",\"contentUrl\":\"https:\/\/www.miomiorun.com\/app\/uploads\/2019\/12\/logomio.png\",\"width\":115,\"height\":82,\"caption\":\"MioMio Run\"},\"image\":{\"@id\":\"https:\/\/www.miomiorun.com\/fr\/#\/schema\/logo\/image\/\"},\"sameAs\":[\"https:\/\/www.facebook.com\/miomiorun\/\",\"https:\/\/www.instagram.com\/miomiorun\/\"]}]}<\/script>\n<!-- \/ Yoast SEO plugin. -->","yoast_head_json":{"title":"Karhu Mestari Run 2.0 femme - chaussures de course - MioMioRun","description":"Mestari Run 2.0 : chaussures de course pour l'entra\u00eenement quotidien, dot\u00e9es de la technologie AeroFoam NITRO, d'un syst\u00e8me Fulcrum encapsul\u00e9 et d'une tige IdealKnit. Amorti optimal et foul\u00e9e fluide.","robots":{"index":"index","follow":"follow","max-snippet":"max-snippet:-1","max-image-preview":"max-image-preview:large","max-video-preview":"max-video-preview:-1"},"canonical":"https:\/\/www.miomiorun.com\/fr\/produit\/mestari-run-2-0-femme\/","og_locale":"fr_FR","og_type":"article","og_title":"Karhu Mestari Run 2.0 femme - chaussures de course - MioMioRun","og_description":"Mestari Run 2.0 : chaussures de course pour l'entra\u00eenement quotidien, dot\u00e9es de la technologie AeroFoam NITRO, d'un syst\u00e8me Fulcrum encapsul\u00e9 et d'une tige IdealKnit. Amorti optimal et foul\u00e9e fluide.","og_url":"https:\/\/www.miomiorun.com\/fr\/produit\/mestari-run-2-0-femme\/","og_site_name":"MioMioRun","article_publisher":"https:\/\/www.facebook.com\/miomiorun\/","article_modified_time":"2026-05-09T10:20:23+00:00","og_image":[{"width":720,"height":720,"url":"https:\/\/www.miomiorun.com\/app\/uploads\/2026\/03\/karhu-Mestari-Run-2.0-W-raindrops-marlin-F205017.webp","type":"image\/webp"}],"twitter_card":"summary_large_image","twitter_misc":{"Est. reading time":"1 minute"},"schema":{"@context":"https:\/\/schema.org","@graph":[{"@type":"WebPage","@id":"https:\/\/www.miomiorun.com\/fr\/produit\/mestari-run-2-0-femme\/","url":"https:\/\/www.miomiorun.com\/fr\/produit\/mestari-run-2-0-femme\/","name":"Karhu Mestari Run 2.0 femme - chaussures de course - MioMioRun","isPartOf":{"@id":"https:\/\/www.miomiorun.com\/fr\/#website"},"primaryImageOfPage":{"@id":"https:\/\/www.miomiorun.com\/fr\/produit\/mestari-run-2-0-femme\/#primaryimage"},"image":{"@id":"https:\/\/www.miomiorun.com\/fr\/produit\/mestari-run-2-0-femme\/#primaryimage"},"thumbnailUrl":"https:\/\/www.miomiorun.com\/app\/uploads\/2026\/03\/karhu-Mestari-Run-2.0-W-raindrops-marlin-F205017.webp","datePublished":"2026-02-03T10:29:25+00:00","dateModified":"2026-05-09T10:20:23+00:00","description":"Mestari Run 2.0 : chaussures de course pour l'entra\u00eenement quotidien, dot\u00e9es de la technologie AeroFoam NITRO, d'un syst\u00e8me Fulcrum encapsul\u00e9 et d'une tige IdealKnit. Amorti optimal et foul\u00e9e fluide.","breadcrumb":{"@id":"https:\/\/www.miomiorun.com\/fr\/produit\/mestari-run-2-0-femme\/#breadcrumb"},"inLanguage":"fr-FR","potentialAction":[{"@type":"ReadAction","target":["https:\/\/www.miomiorun.com\/fr\/produit\/mestari-run-2-0-femme\/"]}]},{"@type":"ImageObject","inLanguage":"fr-FR","@id":"https:\/\/www.miomiorun.com\/fr\/produit\/mestari-run-2-0-femme\/#primaryimage","url":"https:\/\/www.miomiorun.com\/app\/uploads\/2026\/03\/karhu-Mestari-Run-2.0-W-raindrops-marlin-F205017.webp","contentUrl":"https:\/\/www.miomiorun.com\/app\/uploads\/2026\/03\/karhu-Mestari-Run-2.0-W-raindrops-marlin-F205017.webp","width":720,"height":720,"caption":"karhu Mestari Run 2.0 W raindrops marlin F205017"},{"@type":"BreadcrumbList","@id":"https:\/\/www.miomiorun.com\/fr\/produit\/mestari-run-2-0-femme\/#breadcrumb","itemListElement":[{"@type":"ListItem","position":1,"name":"Home","item":"https:\/\/www.miomiorun.com\/fr\/home-page\/"},{"@type":"ListItem","position":2,"name":"Shop","item":"https:\/\/www.miomiorun.com\/shop\/"},{"@type":"ListItem","position":3,"name":"Mestari Run 2.0 femme"}]},{"@type":"WebSite","@id":"https:\/\/www.miomiorun.com\/fr\/#website","url":"https:\/\/www.miomiorun.com\/fr\/","name":"MioMioRun","description":"Boutique 100% running et trail","publisher":{"@id":"https:\/\/www.miomiorun.com\/fr\/#organization"},"potentialAction":[{"@type":"SearchAction","target":{"@type":"EntryPoint","urlTemplate":"https:\/\/www.miomiorun.com\/fr\/?s={search_term_string}"},"query-input":{"@type":"PropertyValueSpecification","valueRequired":true,"valueName":"search_term_string"}}],"inLanguage":"fr-FR"},{"@type":"Organization","@id":"https:\/\/www.miomiorun.com\/fr\/#organization","name":"MioMio Run","url":"https:\/\/www.miomiorun.com\/fr\/","logo":{"@type":"ImageObject","inLanguage":"fr-FR","@id":"https:\/\/www.miomiorun.com\/fr\/#\/schema\/logo\/image\/","url":"https:\/\/www.miomiorun.com\/app\/uploads\/2019\/12\/logomio.png","contentUrl":"https:\/\/www.miomiorun.com\/app\/uploads\/2019\/12\/logomio.png","width":115,"height":82,"caption":"MioMio Run"},"image":{"@id":"https:\/\/www.miomiorun.com\/fr\/#\/schema\/logo\/image\/"},"sameAs":["https:\/\/www.facebook.com\/miomiorun\/","https:\/\/www.instagram.com\/miomiorun\/"]}]}},"_links":{"self":[{"href":"https:\/\/www.miomiorun.com\/fr\/wp-json\/wp\/v2\/product\/394879","targetHints":{"allow":["GET"]}}],"collection":[{"href":"https:\/\/www.miomiorun.com\/fr\/wp-json\/wp\/v2\/product"}],"about":[{"href":"https:\/\/www.miomiorun.com\/fr\/wp-json\/wp\/v2\/types\/product"}],"wp:featuredmedia":[{"embeddable":true,"href":"https:\/\/www.miomiorun.com\/fr\/wp-json\/wp\/v2\/media\/414137"}],"wp:attachment":[{"href":"https:\/\/www.miomiorun.com\/fr\/wp-json\/wp\/v2\/media?parent=394879"}],"wp:term":[{"taxonomy":"product_brand","embeddable":true,"href":"https:\/\/www.miomiorun.com\/fr\/wp-json\/wp\/v2\/product_brand?post=394879"},{"taxonomy":"product_cat","embeddable":true,"href":"https:\/\/www.miomiorun.com\/fr\/wp-json\/wp\/v2\/product_cat?post=394879"},{"taxonomy":"product_tag","embeddable":true,"href":"https:\/\/www.miomiorun.com\/fr\/wp-json\/wp\/v2\/product_tag?post=394879"}],"curies":[{"name":"wp","href":"https:\/\/api.w.org\/{rel}","templated":true}]}}