{"id":394218,"date":"2026-02-02T19:24:59","date_gmt":"2026-02-02T18:24:59","guid":{"rendered":"https:\/\/www.miomiorun.com\/?post_type=product&#038;p=394218"},"modified":"2026-05-09T12:18:16","modified_gmt":"2026-05-09T10:18:16","slug":"ikoni-3-5-femme","status":"publish","type":"product","link":"https:\/\/www.miomiorun.com\/fr\/produit\/ikoni-3-5-femme\/","title":{"rendered":"Ikoni 3.5 femme"},"content":{"rendered":"<table style=\"border-collapse: collapse;width: 100%\">\n<tbody>\n<tr>\n<td style=\"width: 33.3333%;vertical-align: top;text-align: center\">\n<h4>Caract\u00e9ristiques techniques<\/h4>\n<p>Cat\u00e9gorie : Amorti moyen<br \/>\nD\u00e9battement : 8 mm (30 mm &#8211; 22 mm)<br \/>\nPoids : 242 g<br \/>\nId\u00e9ale pour : les coureurs \u00e0 la recherche d&#8217;une chaussure offrant un bon amorti et une transition fluide, pour les courses de moyenne distance.<br \/>\nPoids de l&#8217;athl\u00e8te : 65-75 kg<br \/>\nAllure de course : moyenne \u00e0 rapide (4,30-5,30 min\/km)<br \/>\n<a href=\"https:\/\/miomiorun.com\/guida-alle-specifiche-tecniche\/\">Guide des caract\u00e9ristiques techniques<\/a><\/td>\n<td style=\"width: 66.6666%;vertical-align: top;text-align: center\">\n<p data-start=\"156\" data-end=\"489\">La <strong data-start=\"159\" data-end=\"186\">KARHU Ikoni 3.5 pour femme<\/strong>&nbsp;est la chaussure de course <strong data-start=\"208\" data-end=\"237\">\u00e9quilibr\u00e9e par excellence<\/strong>, con\u00e7ue pour offrir <strong data-start=\"262\" data-end=\"298\">confort, maintien et amorti<\/strong> en une seule solution. Con\u00e7ue pour la <strong data-start=\"337\" data-end=\"357\">course quotidienne<\/strong>, elle convient aussi bien aux <strong data-start=\"374\" data-end=\"391\">coureurs neutres<\/strong> qu&#8217;aux <strong data-start=\"398\" data-end=\"421\">l\u00e9gers hyperpronateurs<\/strong>, garantissant une foul\u00e9e fluide, stable et bien guid\u00e9e \u00e0 chaque pas.<\/p>\n<p data-start=\"491\" data-end=\"896\">Le <strong data-start=\"494\" data-end=\"530\">contrefort de talon \u00e9vas\u00e9<\/strong> et la <strong data-start=\"536\" data-end=\"556\">tige IdealKnit<\/strong> au motif brindl\u00e9 am\u00e9liorent l&#8217;ajustement et la respirabilit\u00e9, offrant un confort durable m\u00eame sur les longues distances. La <strong data-start=\"680\" data-end=\"715\">semelle interm\u00e9diaire AeroFoam plus souple<\/strong>, impr\u00e9gn\u00e9e d\u2019azote, assure un amorti efficace et r\u00e9actif, tandis que la <strong data-start=\"793\" data-end=\"826\">base plus large sous le pied<\/strong> contribue \u00e0 un meilleur \u00e9quilibre et \u00e0 un maintien plus s\u00fbr.<\/p>\n<p data-start=\"898\" data-end=\"1406\">La <strong data-start=\"901\" data-end=\"944\">semelle dot\u00e9e d\u2019un rev\u00eatement en caoutchouc suppl\u00e9mentaire<\/strong> am\u00e9liore l\u2019adh\u00e9rence et la stabilit\u00e9, tandis que l\u2019<strong data-start=\"985\" data-end=\"1015\">unit\u00e9 Fulcrum + Propulsion<\/strong> favorise un d\u00e9roul\u00e9 naturel et \u00e9quilibr\u00e9, accompagnant le pied de la phase d\u2019appui \u00e0 celle de pouss\u00e9e. Le mod\u00e8le est compl\u00e9t\u00e9 par le <strong data-start=\"1151\" data-end=\"1177\">la\u00e7age anatomique<\/strong> pour un ajustement personnalis\u00e9 et la structure <strong data-start=\"1219\" data-end=\"1229\">M-lock<\/strong>, qui stabilise le milieu du pied pour une course contr\u00f4l\u00e9e et confortable. Un choix fiable pour les coureurs de tous niveaux qui recherchent \u00e9quilibre et qualit\u00e9 \u00e0 chaque entra\u00eenement.<\/p>\n<\/td>\n<\/tr>\n<\/tbody>\n<\/table>\n<p>&nbsp;<\/p>\n","protected":false},"excerpt":{"rendered":"<ul>\n<li data-start=\"1642\" data-end=\"1722\">Semelle interm\u00e9diaire <strong data-start=\"1653\" data-end=\"1681\">AeroFoam impr\u00e9gn\u00e9e d&#8217;azote<\/strong> pour un amorti souple et r\u00e9actif<\/li>\n<li data-start=\"1725\" data-end=\"1802\"><strong data-start=\"1725\" data-end=\"1755\">Syst\u00e8me Fulcrum + Propulsion<\/strong> et structure <strong data-start=\"1768\" data-end=\"1778\">M-lock<\/strong> pour un bon guidage et une bonne stabilit\u00e9<\/li>\n<li data-start=\"1805\" data-end=\"1893\">Tige <strong data-start=\"1812\" data-end=\"1825\">IdealKnit<\/strong> respirante avec la\u00e7age anatomique pour un confort sur mesure<\/li>\n<\/ul>\n","protected":false},"featured_media":414327,"template":"","meta":{"_acf_changed":false,"inline_featured_image":false},"product_brand":[],"product_cat":[22605,22607,22606,22595],"product_tag":[23474,23495],"class_list":{"0":"post-394218","1":"product","2":"type-product","3":"status-publish","4":"has-post-thumbnail","6":"product_cat-chaussures-pour-femmes","7":"product_cat-ecuries","8":"product_cat-neutre","9":"product_cat-femme","10":"product_tag-karhu-fr","11":"product_tag-karhu-femme","12":"pa_attivita-fitness-fr","13":"pa_attivita-marcher","14":"pa_attivita-running-fr","15":"pa_colore-ikoni-3-5-w-blanc-de-blanc-rose-violet","16":"pa_colore-ikoni-3-5-w-raindrops-skyway","17":"pa_colore-ikoni-3-5-w-silt-green-icy-morn","18":"pa_marca-karhu-fr","19":"pa_sesso-femme","20":"pa_size-37-fr","21":"pa_size-37-5-fr","22":"pa_size-38-fr","23":"pa_size-39-fr","24":"pa_size-39-5-fr","25":"pa_size-40-fr","26":"pa_size-40-5-fr","27":"pa_size-41-5-fr","29":"first","30":"instock","31":"sale","32":"taxable","33":"shipping-taxable","34":"purchasable","35":"product-type-variable","36":"wvs-archive-product-wrapper"},"acf":[],"yoast_head":"<!-- This site is optimized with the Yoast SEO plugin v26.8 - https:\/\/yoast.com\/product\/yoast-seo-wordpress\/ -->\n<title>Karhu Ikoni 3.5 femme -chaussures de course femmes- MioMioRun<\/title>\n<meta name=\"description\" content=\"KARHU Ikoni 3.5 pour homme : chaussure de course \u00e9quilibr\u00e9e dot\u00e9e de la technologie AeroFoam \u00e0 injection d&#039;azote, d&#039;une unit\u00e9 Fulcrum, d&#039;une tige IdealKnit respirante et d&#039;un bon maintien. Id\u00e9ale pour la course quotidienne.\" \/>\n<meta name=\"robots\" content=\"index, follow, max-snippet:-1, max-image-preview:large, max-video-preview:-1\" \/>\n<link rel=\"canonical\" href=\"https:\/\/www.miomiorun.com\/fr\/produit\/ikoni-3-5-femme\/\" \/>\n<meta property=\"og:locale\" content=\"fr_FR\" \/>\n<meta property=\"og:type\" content=\"article\" \/>\n<meta property=\"og:title\" content=\"Karhu Ikoni 3.5 femme -chaussures de course femmes- MioMioRun\" \/>\n<meta property=\"og:description\" content=\"KARHU Ikoni 3.5 pour homme : chaussure de course \u00e9quilibr\u00e9e dot\u00e9e de la technologie AeroFoam \u00e0 injection d&#039;azote, d&#039;une unit\u00e9 Fulcrum, d&#039;une tige IdealKnit respirante et d&#039;un bon maintien. Id\u00e9ale pour la course quotidienne.\" \/>\n<meta property=\"og:url\" content=\"https:\/\/www.miomiorun.com\/fr\/produit\/ikoni-3-5-femme\/\" \/>\n<meta property=\"og:site_name\" content=\"MioMioRun\" \/>\n<meta property=\"article:publisher\" content=\"https:\/\/www.facebook.com\/miomiorun\/\" \/>\n<meta property=\"article:modified_time\" content=\"2026-05-09T10:18:16+00:00\" \/>\n<meta property=\"og:image\" content=\"https:\/\/www.miomiorun.com\/app\/uploads\/2026\/03\/karhu-Ikoni-3.5-W-blanc-de-blanc-rose-violet-F202022.webp\" \/>\n\t<meta property=\"og:image:width\" content=\"720\" \/>\n\t<meta property=\"og:image:height\" content=\"720\" \/>\n\t<meta property=\"og:image:type\" content=\"image\/webp\" \/>\n<meta name=\"twitter:card\" content=\"summary_large_image\" \/>\n<meta name=\"twitter:label1\" content=\"Est. reading time\" \/>\n\t<meta name=\"twitter:data1\" content=\"1 minute\" \/>\n<script type=\"application\/ld+json\" class=\"yoast-schema-graph\">{\"@context\":\"https:\/\/schema.org\",\"@graph\":[{\"@type\":\"WebPage\",\"@id\":\"https:\/\/www.miomiorun.com\/fr\/produit\/ikoni-3-5-femme\/\",\"url\":\"https:\/\/www.miomiorun.com\/fr\/produit\/ikoni-3-5-femme\/\",\"name\":\"Karhu Ikoni 3.5 femme -chaussures de course femmes- MioMioRun\",\"isPartOf\":{\"@id\":\"https:\/\/www.miomiorun.com\/fr\/#website\"},\"primaryImageOfPage\":{\"@id\":\"https:\/\/www.miomiorun.com\/fr\/produit\/ikoni-3-5-femme\/#primaryimage\"},\"image\":{\"@id\":\"https:\/\/www.miomiorun.com\/fr\/produit\/ikoni-3-5-femme\/#primaryimage\"},\"thumbnailUrl\":\"https:\/\/www.miomiorun.com\/app\/uploads\/2026\/03\/karhu-Ikoni-3.5-W-blanc-de-blanc-rose-violet-F202022.webp\",\"datePublished\":\"2026-02-02T18:24:59+00:00\",\"dateModified\":\"2026-05-09T10:18:16+00:00\",\"description\":\"KARHU Ikoni 3.5 pour homme : chaussure de course \u00e9quilibr\u00e9e dot\u00e9e de la technologie AeroFoam \u00e0 injection d'azote, d'une unit\u00e9 Fulcrum, d'une tige IdealKnit respirante et d'un bon maintien. Id\u00e9ale pour la course quotidienne.\",\"breadcrumb\":{\"@id\":\"https:\/\/www.miomiorun.com\/fr\/produit\/ikoni-3-5-femme\/#breadcrumb\"},\"inLanguage\":\"fr-FR\",\"potentialAction\":[{\"@type\":\"ReadAction\",\"target\":[\"https:\/\/www.miomiorun.com\/fr\/produit\/ikoni-3-5-femme\/\"]}]},{\"@type\":\"ImageObject\",\"inLanguage\":\"fr-FR\",\"@id\":\"https:\/\/www.miomiorun.com\/fr\/produit\/ikoni-3-5-femme\/#primaryimage\",\"url\":\"https:\/\/www.miomiorun.com\/app\/uploads\/2026\/03\/karhu-Ikoni-3.5-W-blanc-de-blanc-rose-violet-F202022.webp\",\"contentUrl\":\"https:\/\/www.miomiorun.com\/app\/uploads\/2026\/03\/karhu-Ikoni-3.5-W-blanc-de-blanc-rose-violet-F202022.webp\",\"width\":720,\"height\":720,\"caption\":\"karhu Ikoni 3.5 W blanc de blanc rose violet F202022\"},{\"@type\":\"BreadcrumbList\",\"@id\":\"https:\/\/www.miomiorun.com\/fr\/produit\/ikoni-3-5-femme\/#breadcrumb\",\"itemListElement\":[{\"@type\":\"ListItem\",\"position\":1,\"name\":\"Home\",\"item\":\"https:\/\/www.miomiorun.com\/fr\/home-page\/\"},{\"@type\":\"ListItem\",\"position\":2,\"name\":\"Shop\",\"item\":\"https:\/\/www.miomiorun.com\/shop\/\"},{\"@type\":\"ListItem\",\"position\":3,\"name\":\"Ikoni 3.5 femme\"}]},{\"@type\":\"WebSite\",\"@id\":\"https:\/\/www.miomiorun.com\/fr\/#website\",\"url\":\"https:\/\/www.miomiorun.com\/fr\/\",\"name\":\"MioMioRun\",\"description\":\"Boutique 100% running et trail\",\"publisher\":{\"@id\":\"https:\/\/www.miomiorun.com\/fr\/#organization\"},\"potentialAction\":[{\"@type\":\"SearchAction\",\"target\":{\"@type\":\"EntryPoint\",\"urlTemplate\":\"https:\/\/www.miomiorun.com\/fr\/?s={search_term_string}\"},\"query-input\":{\"@type\":\"PropertyValueSpecification\",\"valueRequired\":true,\"valueName\":\"search_term_string\"}}],\"inLanguage\":\"fr-FR\"},{\"@type\":\"Organization\",\"@id\":\"https:\/\/www.miomiorun.com\/fr\/#organization\",\"name\":\"MioMio Run\",\"url\":\"https:\/\/www.miomiorun.com\/fr\/\",\"logo\":{\"@type\":\"ImageObject\",\"inLanguage\":\"fr-FR\",\"@id\":\"https:\/\/www.miomiorun.com\/fr\/#\/schema\/logo\/image\/\",\"url\":\"https:\/\/www.miomiorun.com\/app\/uploads\/2019\/12\/logomio.png\",\"contentUrl\":\"https:\/\/www.miomiorun.com\/app\/uploads\/2019\/12\/logomio.png\",\"width\":115,\"height\":82,\"caption\":\"MioMio Run\"},\"image\":{\"@id\":\"https:\/\/www.miomiorun.com\/fr\/#\/schema\/logo\/image\/\"},\"sameAs\":[\"https:\/\/www.facebook.com\/miomiorun\/\",\"https:\/\/www.instagram.com\/miomiorun\/\"]}]}<\/script>\n<!-- \/ Yoast SEO plugin. -->","yoast_head_json":{"title":"Karhu Ikoni 3.5 femme -chaussures de course femmes- MioMioRun","description":"KARHU Ikoni 3.5 pour homme : chaussure de course \u00e9quilibr\u00e9e dot\u00e9e de la technologie AeroFoam \u00e0 injection d'azote, d'une unit\u00e9 Fulcrum, d'une tige IdealKnit respirante et d'un bon maintien. Id\u00e9ale pour la course quotidienne.","robots":{"index":"index","follow":"follow","max-snippet":"max-snippet:-1","max-image-preview":"max-image-preview:large","max-video-preview":"max-video-preview:-1"},"canonical":"https:\/\/www.miomiorun.com\/fr\/produit\/ikoni-3-5-femme\/","og_locale":"fr_FR","og_type":"article","og_title":"Karhu Ikoni 3.5 femme -chaussures de course femmes- MioMioRun","og_description":"KARHU Ikoni 3.5 pour homme : chaussure de course \u00e9quilibr\u00e9e dot\u00e9e de la technologie AeroFoam \u00e0 injection d'azote, d'une unit\u00e9 Fulcrum, d'une tige IdealKnit respirante et d'un bon maintien. Id\u00e9ale pour la course quotidienne.","og_url":"https:\/\/www.miomiorun.com\/fr\/produit\/ikoni-3-5-femme\/","og_site_name":"MioMioRun","article_publisher":"https:\/\/www.facebook.com\/miomiorun\/","article_modified_time":"2026-05-09T10:18:16+00:00","og_image":[{"width":720,"height":720,"url":"https:\/\/www.miomiorun.com\/app\/uploads\/2026\/03\/karhu-Ikoni-3.5-W-blanc-de-blanc-rose-violet-F202022.webp","type":"image\/webp"}],"twitter_card":"summary_large_image","twitter_misc":{"Est. reading time":"1 minute"},"schema":{"@context":"https:\/\/schema.org","@graph":[{"@type":"WebPage","@id":"https:\/\/www.miomiorun.com\/fr\/produit\/ikoni-3-5-femme\/","url":"https:\/\/www.miomiorun.com\/fr\/produit\/ikoni-3-5-femme\/","name":"Karhu Ikoni 3.5 femme -chaussures de course femmes- MioMioRun","isPartOf":{"@id":"https:\/\/www.miomiorun.com\/fr\/#website"},"primaryImageOfPage":{"@id":"https:\/\/www.miomiorun.com\/fr\/produit\/ikoni-3-5-femme\/#primaryimage"},"image":{"@id":"https:\/\/www.miomiorun.com\/fr\/produit\/ikoni-3-5-femme\/#primaryimage"},"thumbnailUrl":"https:\/\/www.miomiorun.com\/app\/uploads\/2026\/03\/karhu-Ikoni-3.5-W-blanc-de-blanc-rose-violet-F202022.webp","datePublished":"2026-02-02T18:24:59+00:00","dateModified":"2026-05-09T10:18:16+00:00","description":"KARHU Ikoni 3.5 pour homme : chaussure de course \u00e9quilibr\u00e9e dot\u00e9e de la technologie AeroFoam \u00e0 injection d'azote, d'une unit\u00e9 Fulcrum, d'une tige IdealKnit respirante et d'un bon maintien. Id\u00e9ale pour la course quotidienne.","breadcrumb":{"@id":"https:\/\/www.miomiorun.com\/fr\/produit\/ikoni-3-5-femme\/#breadcrumb"},"inLanguage":"fr-FR","potentialAction":[{"@type":"ReadAction","target":["https:\/\/www.miomiorun.com\/fr\/produit\/ikoni-3-5-femme\/"]}]},{"@type":"ImageObject","inLanguage":"fr-FR","@id":"https:\/\/www.miomiorun.com\/fr\/produit\/ikoni-3-5-femme\/#primaryimage","url":"https:\/\/www.miomiorun.com\/app\/uploads\/2026\/03\/karhu-Ikoni-3.5-W-blanc-de-blanc-rose-violet-F202022.webp","contentUrl":"https:\/\/www.miomiorun.com\/app\/uploads\/2026\/03\/karhu-Ikoni-3.5-W-blanc-de-blanc-rose-violet-F202022.webp","width":720,"height":720,"caption":"karhu Ikoni 3.5 W blanc de blanc rose violet F202022"},{"@type":"BreadcrumbList","@id":"https:\/\/www.miomiorun.com\/fr\/produit\/ikoni-3-5-femme\/#breadcrumb","itemListElement":[{"@type":"ListItem","position":1,"name":"Home","item":"https:\/\/www.miomiorun.com\/fr\/home-page\/"},{"@type":"ListItem","position":2,"name":"Shop","item":"https:\/\/www.miomiorun.com\/shop\/"},{"@type":"ListItem","position":3,"name":"Ikoni 3.5 femme"}]},{"@type":"WebSite","@id":"https:\/\/www.miomiorun.com\/fr\/#website","url":"https:\/\/www.miomiorun.com\/fr\/","name":"MioMioRun","description":"Boutique 100% running et trail","publisher":{"@id":"https:\/\/www.miomiorun.com\/fr\/#organization"},"potentialAction":[{"@type":"SearchAction","target":{"@type":"EntryPoint","urlTemplate":"https:\/\/www.miomiorun.com\/fr\/?s={search_term_string}"},"query-input":{"@type":"PropertyValueSpecification","valueRequired":true,"valueName":"search_term_string"}}],"inLanguage":"fr-FR"},{"@type":"Organization","@id":"https:\/\/www.miomiorun.com\/fr\/#organization","name":"MioMio Run","url":"https:\/\/www.miomiorun.com\/fr\/","logo":{"@type":"ImageObject","inLanguage":"fr-FR","@id":"https:\/\/www.miomiorun.com\/fr\/#\/schema\/logo\/image\/","url":"https:\/\/www.miomiorun.com\/app\/uploads\/2019\/12\/logomio.png","contentUrl":"https:\/\/www.miomiorun.com\/app\/uploads\/2019\/12\/logomio.png","width":115,"height":82,"caption":"MioMio Run"},"image":{"@id":"https:\/\/www.miomiorun.com\/fr\/#\/schema\/logo\/image\/"},"sameAs":["https:\/\/www.facebook.com\/miomiorun\/","https:\/\/www.instagram.com\/miomiorun\/"]}]}},"_links":{"self":[{"href":"https:\/\/www.miomiorun.com\/fr\/wp-json\/wp\/v2\/product\/394218","targetHints":{"allow":["GET"]}}],"collection":[{"href":"https:\/\/www.miomiorun.com\/fr\/wp-json\/wp\/v2\/product"}],"about":[{"href":"https:\/\/www.miomiorun.com\/fr\/wp-json\/wp\/v2\/types\/product"}],"wp:featuredmedia":[{"embeddable":true,"href":"https:\/\/www.miomiorun.com\/fr\/wp-json\/wp\/v2\/media\/414327"}],"wp:attachment":[{"href":"https:\/\/www.miomiorun.com\/fr\/wp-json\/wp\/v2\/media?parent=394218"}],"wp:term":[{"taxonomy":"product_brand","embeddable":true,"href":"https:\/\/www.miomiorun.com\/fr\/wp-json\/wp\/v2\/product_brand?post=394218"},{"taxonomy":"product_cat","embeddable":true,"href":"https:\/\/www.miomiorun.com\/fr\/wp-json\/wp\/v2\/product_cat?post=394218"},{"taxonomy":"product_tag","embeddable":true,"href":"https:\/\/www.miomiorun.com\/fr\/wp-json\/wp\/v2\/product_tag?post=394218"}],"curies":[{"name":"wp","href":"https:\/\/api.w.org\/{rel}","templated":true}]}}