{"id":393996,"date":"2026-02-02T18:09:00","date_gmt":"2026-02-02T17:09:00","guid":{"rendered":"https:\/\/www.miomiorun.com\/?post_type=product&#038;p=393996"},"modified":"2026-05-09T12:16:09","modified_gmt":"2026-05-09T10:16:09","slug":"cielo-x1-3-0","status":"publish","type":"product","link":"https:\/\/www.miomiorun.com\/fr\/produit\/cielo-x1-3-0\/","title":{"rendered":"Cielo X1 3.0"},"content":{"rendered":"<table class=\" aligncenter\" style=\"border-collapse: collapse;width: 100%\">\n<tbody>\n<tr>\n<td style=\"width: 33.3333%;vertical-align: top\">\n<p style=\"text-align: center\"><strong>Caract\u00e9ristiques techniques<\/strong><\/p>\n<p style=\"text-align: center\">Drop : 7 mm<br \/>\nPoids : 228 g<br \/>\nId\u00e9ale pour : les athl\u00e8tes \u00e0 la recherche de chaussures pour courir des courses de t\u00eate, battre leurs records personnels et monter sur le podium.<br \/>\nPoids de l&#8217;athl\u00e8te : 60-75 kg<br \/>\nAllure de course : rapide &lt; 4,00 min\/km<br \/>\n<a href=\"https:\/\/miomiorun.com\/guida-alle-specifiche-tecniche\/\">Guide des caract\u00e9ristiques techniques<\/a><\/p>\n<p><div style=\"width: 1298px;\" class=\"wp-video\"><video class=\"wp-video-shortcode\" id=\"video-393996-1\" width=\"1298\" height=\"1200\" preload=\"metadata\" controls=\"controls\"><source type=\"video\/mp4\" src=\"https:\/\/www.miomiorun.com\/app\/uploads\/2026\/02\/cielo-x-1-3.0.mp4?_=1\" \/><a href=\"https:\/\/www.miomiorun.com\/app\/uploads\/2026\/02\/cielo-x-1-3.0.mp4\">https:\/\/www.miomiorun.com\/app\/uploads\/2026\/02\/cielo-x-1-3.0.mp4<\/a><\/video><\/div><\/td>\n<td style=\"width: 66.6666%;vertical-align: top\">\n<p data-start=\"155\" data-end=\"505\">La <strong data-start=\"158\" data-end=\"174\">Cielo X1 3.0<\/strong> incarne la <strong data-start=\"182\" data-end=\"202\">vitesse de comp\u00e9tition<\/strong> \u00e0 l&#8217;\u00e9tat pur, con\u00e7ue pour ceux qui courent toujours dans la voie rapide et visent la performance maximale. C&#8217;est la <strong data-start=\"293\" data-end=\"328\">chaussure de comp\u00e9tition phare<\/strong> et la <strong data-start=\"334\" data-end=\"364\">plus l\u00e9g\u00e8re jamais con\u00e7ue<\/strong> dans sa cat\u00e9gorie, avec un poids encore r\u00e9duit par rapport \u00e0 la version pr\u00e9c\u00e9dente pour une sensation encore plus explosive et r\u00e9active.<\/p>\n<p data-start=\"507\" data-end=\"901\">Con\u00e7ue pour propulser la foul\u00e9e, elle int\u00e8gre une <strong data-start=\"555\" data-end=\"598\">plaque de propulsion en fibre de carbone<\/strong> qui fonctionne en synergie avec la <strong data-start=\"629\" data-end=\"669\">mousse PEBA ultra-souple et r\u00e9active<\/strong>, offrant un retour d&#8217;\u00e9nergie \u00e9lev\u00e9 et des acc\u00e9l\u00e9rations imm\u00e9diates. La <strong data-start=\"737\" data-end=\"771\">forme du talon perfectionn\u00e9e<\/strong> am\u00e9liore la stabilit\u00e9 et le contr\u00f4le \u00e0 grande vitesse, tandis que le <strong data-start=\"832\" data-end=\"860\">la\u00e7age asym\u00e9trique<\/strong> assure un ajustement plus s\u00fbr et enveloppant.<\/p>\n<p data-start=\"903\" data-end=\"1390\">La <strong data-start=\"906\" data-end=\"958\">tige en tissu \u00e0 mailles ouvertes \u00e0 la pointe de la technologie<\/strong> garantit une respirabilit\u00e9 extr\u00eame et une grande l\u00e9g\u00e8ret\u00e9, soutenue par une <strong data-start=\"1025\" data-end=\"1062\">masque dynamique extensible<\/strong> (brevet en instance) qui accompagne le mouvement naturel du pied. La <strong data-start=\"1138\" data-end=\"1186\">semelle en polyur\u00e9thane moul\u00e9 par compression<\/strong> offre une <strong data-start=\"1193\" data-end=\"1215\">adh\u00e9rence sup\u00e9rieure<\/strong>, indispensable lorsque l&#8217;on cherche \u00e0 battre des records sur piste. Des mat\u00e9riaux r\u00e9duits au minimum au niveau du talon et de la languette compl\u00e8tent une chaussure con\u00e7ue pour aller vite, sans compromis.<\/p>\n<table style=\"border-collapse: collapse;width: 100%\">\n<tbody>\n<tr>\n<td style=\"width: 20%\"><img decoding=\"async\" src=\"https:\/\/dms.deckers.com\/hoka\/image\/upload\/v1768389552\/cushion_1.svg\" alt=\"Icona dell\u2019ammortizzazione\"><\/p>\n<h3>R\u00e9active<\/h3>\n<\/td>\n<td style=\"width: 20%\"><img decoding=\"async\" src=\"https:\/\/dms.deckers.com\/hoka\/image\/upload\/v1768389554\/stability.svg\" alt=\"Icona della stabilit\u00e0\"><\/p>\n<h3>Neutre<\/h3>\n<\/td>\n<td style=\"width: 20%\"><img decoding=\"async\" src=\"https:\/\/dms.deckers.com\/hoka\/image\/upload\/v1768389554\/weight.svg\" alt=\"Icona della leggerezza\"><\/p>\n<h3>213 g* (15 g de moins que la version pr\u00e9c\u00e9dente)<\/h3>\n<\/td>\n<td style=\"width: 20%\"><img decoding=\"async\" src=\"https:\/\/dms.deckers.com\/hoka\/image\/upload\/v1768389553\/heel-to-toe_drop.svg\" alt=\"Icona del drop tacco-punta\"><\/p>\n<h3>Drop de 7 mm<\/h3>\n<\/td>\n<td style=\"width: 20%\"><img decoding=\"async\" src=\"https:\/\/dms.deckers.com\/hoka\/image\/upload\/v1768389552\/heel_stack.svg\" alt=\"Icona dello stack del tallone\"><\/p>\n<h3>Talon de 38 mm<\/h3>\n<\/td>\n<\/tr>\n<\/tbody>\n<\/table>\n<div class=\"icon-box\">\n<div class=\"tooltip-wrapper\">\n<div class=\"icon\">\n<p>&nbsp;<\/p>\n<\/div>\n<\/div>\n<\/div>\n<div class=\"icon-box\">\n<div class=\"tooltip-wrapper\">\n<div class=\"icon\">\n<h3><\/h3>\n<\/div>\n<\/div>\n<\/div>\n<\/td>\n<\/tr>\n<\/tbody>\n<\/table>\n","protected":false},"excerpt":{"rendered":"<ul>\n<li data-start=\"1620\" data-end=\"1702\">Semelle en <strong data-start=\"1631\" data-end=\"1652\">fibre de carbone<\/strong> et mousse <strong data-start=\"1663\" data-end=\"1671\">PEBA<\/strong> pour la propulsion et la r\u00e9activit\u00e9<\/li>\n<li data-start=\"1705\" data-end=\"1774\">Tige ultral\u00e9g\u00e8re \u00e0 mailles ouvertes avec <strong data-start=\"1744\" data-end=\"1772\">la\u00e7age asym\u00e9trique<\/strong><\/li>\n<li data-start=\"1777\" data-end=\"1857\">Semelle \u00e0 forte adh\u00e9rence et talon optimis\u00e9 pour la stabilit\u00e9 \u00e0 grande vitesse<\/li>\n<\/ul>\n","protected":false},"featured_media":397681,"template":"","meta":{"_acf_changed":false,"inline_featured_image":false},"product_brand":[],"product_cat":[22605,24448,24447,22606],"product_tag":[23478,23494,23604],"class_list":{"0":"post-393996","1":"product","2":"type-product","3":"status-publish","4":"has-post-thumbnail","6":"product_cat-chaussures-pour-femmes","7":"product_cat-chaussures-pour-hommes-fr","8":"product_cat-neutre-fr-3","9":"product_cat-neutre","10":"product_tag-hoka-one-one-fr","11":"product_tag-hoka-femme","12":"product_tag-hoka-homme","13":"pa_attivita-running-fr","14":"pa_colore-cielo-x1-3-0-alabaster-yellow-gold","15":"pa_colore-cielo-x1-3-0-neon-yuzu-thyme","16":"pa_marca-hoka-fr","17":"pa_sesso-femme","18":"pa_sesso-homme","19":"pa_size-41-fr","20":"pa_size-42-fr","22":"pa_size-43-fr","23":"pa_size-44-fr","25":"pa_size-45-fr","27":"first","28":"instock","29":"sale","30":"taxable","31":"shipping-taxable","32":"purchasable","33":"product-type-variable","34":"wvs-archive-product-wrapper"},"acf":[],"yoast_head":"<!-- This site is optimized with the Yoast SEO plugin v26.8 - https:\/\/yoast.com\/product\/yoast-seo-wordpress\/ -->\n<title>Hoka Cielo X1 3.0 -chaussures de course - MioMioRun.com<\/title>\n<meta name=\"description\" content=\"Cielo X1 3.0 unisexe : chaussure de comp\u00e9tition ultra-l\u00e9g\u00e8re dot\u00e9e d&#039;une semelle en carbone, d&#039;une mousse PEBA r\u00e9active et d&#039;un la\u00e7age asym\u00e9trique. Propulsion et vitesse maximales sur piste.\" \/>\n<meta name=\"robots\" content=\"index, follow, max-snippet:-1, max-image-preview:large, max-video-preview:-1\" \/>\n<link rel=\"canonical\" href=\"https:\/\/www.miomiorun.com\/fr\/produit\/cielo-x1-3-0\/\" \/>\n<meta property=\"og:locale\" content=\"fr_FR\" \/>\n<meta property=\"og:type\" content=\"article\" \/>\n<meta property=\"og:title\" content=\"Hoka Cielo X1 3.0 -chaussures de course - MioMioRun.com\" \/>\n<meta property=\"og:description\" content=\"Cielo X1 3.0 unisexe : chaussure de comp\u00e9tition ultra-l\u00e9g\u00e8re dot\u00e9e d&#039;une semelle en carbone, d&#039;une mousse PEBA r\u00e9active et d&#039;un la\u00e7age asym\u00e9trique. Propulsion et vitesse maximales sur piste.\" \/>\n<meta property=\"og:url\" content=\"https:\/\/www.miomiorun.com\/fr\/produit\/cielo-x1-3-0\/\" \/>\n<meta property=\"og:site_name\" content=\"MioMioRun\" \/>\n<meta property=\"article:publisher\" content=\"https:\/\/www.facebook.com\/miomiorun\/\" \/>\n<meta property=\"article:modified_time\" content=\"2026-05-09T10:16:09+00:00\" \/>\n<meta property=\"og:image\" content=\"https:\/\/www.miomiorun.com\/app\/uploads\/2026\/02\/hoka-Cielo-X1-3.0-alabaster-yellow-gold-1171927-AYL.webp\" \/>\n\t<meta property=\"og:image:width\" content=\"720\" \/>\n\t<meta property=\"og:image:height\" content=\"720\" \/>\n\t<meta property=\"og:image:type\" content=\"image\/webp\" \/>\n<meta name=\"twitter:card\" content=\"summary_large_image\" \/>\n<meta name=\"twitter:label1\" content=\"Est. reading time\" \/>\n\t<meta name=\"twitter:data1\" content=\"2 minutes\" \/>\n<script type=\"application\/ld+json\" class=\"yoast-schema-graph\">{\"@context\":\"https:\/\/schema.org\",\"@graph\":[{\"@type\":\"WebPage\",\"@id\":\"https:\/\/www.miomiorun.com\/fr\/produit\/cielo-x1-3-0\/\",\"url\":\"https:\/\/www.miomiorun.com\/fr\/produit\/cielo-x1-3-0\/\",\"name\":\"Hoka Cielo X1 3.0 -chaussures de course - MioMioRun.com\",\"isPartOf\":{\"@id\":\"https:\/\/www.miomiorun.com\/fr\/#website\"},\"primaryImageOfPage\":{\"@id\":\"https:\/\/www.miomiorun.com\/fr\/produit\/cielo-x1-3-0\/#primaryimage\"},\"image\":{\"@id\":\"https:\/\/www.miomiorun.com\/fr\/produit\/cielo-x1-3-0\/#primaryimage\"},\"thumbnailUrl\":\"https:\/\/www.miomiorun.com\/app\/uploads\/2026\/02\/hoka-Cielo-X1-3.0-alabaster-yellow-gold-1171927-AYL.webp\",\"datePublished\":\"2026-02-02T17:09:00+00:00\",\"dateModified\":\"2026-05-09T10:16:09+00:00\",\"description\":\"Cielo X1 3.0 unisexe : chaussure de comp\u00e9tition ultra-l\u00e9g\u00e8re dot\u00e9e d'une semelle en carbone, d'une mousse PEBA r\u00e9active et d'un la\u00e7age asym\u00e9trique. Propulsion et vitesse maximales sur piste.\",\"breadcrumb\":{\"@id\":\"https:\/\/www.miomiorun.com\/fr\/produit\/cielo-x1-3-0\/#breadcrumb\"},\"inLanguage\":\"fr-FR\",\"potentialAction\":[{\"@type\":\"ReadAction\",\"target\":[\"https:\/\/www.miomiorun.com\/fr\/produit\/cielo-x1-3-0\/\"]}]},{\"@type\":\"ImageObject\",\"inLanguage\":\"fr-FR\",\"@id\":\"https:\/\/www.miomiorun.com\/fr\/produit\/cielo-x1-3-0\/#primaryimage\",\"url\":\"https:\/\/www.miomiorun.com\/app\/uploads\/2026\/02\/hoka-Cielo-X1-3.0-alabaster-yellow-gold-1171927-AYL.webp\",\"contentUrl\":\"https:\/\/www.miomiorun.com\/app\/uploads\/2026\/02\/hoka-Cielo-X1-3.0-alabaster-yellow-gold-1171927-AYL.webp\",\"width\":720,\"height\":720,\"caption\":\"hoka Cielo X1 3.0 alabaster yellow gold 1171927 AYL\"},{\"@type\":\"BreadcrumbList\",\"@id\":\"https:\/\/www.miomiorun.com\/fr\/produit\/cielo-x1-3-0\/#breadcrumb\",\"itemListElement\":[{\"@type\":\"ListItem\",\"position\":1,\"name\":\"Home\",\"item\":\"https:\/\/www.miomiorun.com\/fr\/home-page\/\"},{\"@type\":\"ListItem\",\"position\":2,\"name\":\"Shop\",\"item\":\"https:\/\/www.miomiorun.com\/shop\/\"},{\"@type\":\"ListItem\",\"position\":3,\"name\":\"Cielo X1 3.0\"}]},{\"@type\":\"WebSite\",\"@id\":\"https:\/\/www.miomiorun.com\/fr\/#website\",\"url\":\"https:\/\/www.miomiorun.com\/fr\/\",\"name\":\"MioMioRun\",\"description\":\"Boutique 100% running et trail\",\"publisher\":{\"@id\":\"https:\/\/www.miomiorun.com\/fr\/#organization\"},\"potentialAction\":[{\"@type\":\"SearchAction\",\"target\":{\"@type\":\"EntryPoint\",\"urlTemplate\":\"https:\/\/www.miomiorun.com\/fr\/?s={search_term_string}\"},\"query-input\":{\"@type\":\"PropertyValueSpecification\",\"valueRequired\":true,\"valueName\":\"search_term_string\"}}],\"inLanguage\":\"fr-FR\"},{\"@type\":\"Organization\",\"@id\":\"https:\/\/www.miomiorun.com\/fr\/#organization\",\"name\":\"MioMio Run\",\"url\":\"https:\/\/www.miomiorun.com\/fr\/\",\"logo\":{\"@type\":\"ImageObject\",\"inLanguage\":\"fr-FR\",\"@id\":\"https:\/\/www.miomiorun.com\/fr\/#\/schema\/logo\/image\/\",\"url\":\"https:\/\/www.miomiorun.com\/app\/uploads\/2019\/12\/logomio.png\",\"contentUrl\":\"https:\/\/www.miomiorun.com\/app\/uploads\/2019\/12\/logomio.png\",\"width\":115,\"height\":82,\"caption\":\"MioMio Run\"},\"image\":{\"@id\":\"https:\/\/www.miomiorun.com\/fr\/#\/schema\/logo\/image\/\"},\"sameAs\":[\"https:\/\/www.facebook.com\/miomiorun\/\",\"https:\/\/www.instagram.com\/miomiorun\/\"]}]}<\/script>\n<!-- \/ Yoast SEO plugin. -->","yoast_head_json":{"title":"Hoka Cielo X1 3.0 -chaussures de course - MioMioRun.com","description":"Cielo X1 3.0 unisexe : chaussure de comp\u00e9tition ultra-l\u00e9g\u00e8re dot\u00e9e d'une semelle en carbone, d'une mousse PEBA r\u00e9active et d'un la\u00e7age asym\u00e9trique. Propulsion et vitesse maximales sur piste.","robots":{"index":"index","follow":"follow","max-snippet":"max-snippet:-1","max-image-preview":"max-image-preview:large","max-video-preview":"max-video-preview:-1"},"canonical":"https:\/\/www.miomiorun.com\/fr\/produit\/cielo-x1-3-0\/","og_locale":"fr_FR","og_type":"article","og_title":"Hoka Cielo X1 3.0 -chaussures de course - MioMioRun.com","og_description":"Cielo X1 3.0 unisexe : chaussure de comp\u00e9tition ultra-l\u00e9g\u00e8re dot\u00e9e d'une semelle en carbone, d'une mousse PEBA r\u00e9active et d'un la\u00e7age asym\u00e9trique. Propulsion et vitesse maximales sur piste.","og_url":"https:\/\/www.miomiorun.com\/fr\/produit\/cielo-x1-3-0\/","og_site_name":"MioMioRun","article_publisher":"https:\/\/www.facebook.com\/miomiorun\/","article_modified_time":"2026-05-09T10:16:09+00:00","og_image":[{"width":720,"height":720,"url":"https:\/\/www.miomiorun.com\/app\/uploads\/2026\/02\/hoka-Cielo-X1-3.0-alabaster-yellow-gold-1171927-AYL.webp","type":"image\/webp"}],"twitter_card":"summary_large_image","twitter_misc":{"Est. reading time":"2 minutes"},"schema":{"@context":"https:\/\/schema.org","@graph":[{"@type":"WebPage","@id":"https:\/\/www.miomiorun.com\/fr\/produit\/cielo-x1-3-0\/","url":"https:\/\/www.miomiorun.com\/fr\/produit\/cielo-x1-3-0\/","name":"Hoka Cielo X1 3.0 -chaussures de course - MioMioRun.com","isPartOf":{"@id":"https:\/\/www.miomiorun.com\/fr\/#website"},"primaryImageOfPage":{"@id":"https:\/\/www.miomiorun.com\/fr\/produit\/cielo-x1-3-0\/#primaryimage"},"image":{"@id":"https:\/\/www.miomiorun.com\/fr\/produit\/cielo-x1-3-0\/#primaryimage"},"thumbnailUrl":"https:\/\/www.miomiorun.com\/app\/uploads\/2026\/02\/hoka-Cielo-X1-3.0-alabaster-yellow-gold-1171927-AYL.webp","datePublished":"2026-02-02T17:09:00+00:00","dateModified":"2026-05-09T10:16:09+00:00","description":"Cielo X1 3.0 unisexe : chaussure de comp\u00e9tition ultra-l\u00e9g\u00e8re dot\u00e9e d'une semelle en carbone, d'une mousse PEBA r\u00e9active et d'un la\u00e7age asym\u00e9trique. Propulsion et vitesse maximales sur piste.","breadcrumb":{"@id":"https:\/\/www.miomiorun.com\/fr\/produit\/cielo-x1-3-0\/#breadcrumb"},"inLanguage":"fr-FR","potentialAction":[{"@type":"ReadAction","target":["https:\/\/www.miomiorun.com\/fr\/produit\/cielo-x1-3-0\/"]}]},{"@type":"ImageObject","inLanguage":"fr-FR","@id":"https:\/\/www.miomiorun.com\/fr\/produit\/cielo-x1-3-0\/#primaryimage","url":"https:\/\/www.miomiorun.com\/app\/uploads\/2026\/02\/hoka-Cielo-X1-3.0-alabaster-yellow-gold-1171927-AYL.webp","contentUrl":"https:\/\/www.miomiorun.com\/app\/uploads\/2026\/02\/hoka-Cielo-X1-3.0-alabaster-yellow-gold-1171927-AYL.webp","width":720,"height":720,"caption":"hoka Cielo X1 3.0 alabaster yellow gold 1171927 AYL"},{"@type":"BreadcrumbList","@id":"https:\/\/www.miomiorun.com\/fr\/produit\/cielo-x1-3-0\/#breadcrumb","itemListElement":[{"@type":"ListItem","position":1,"name":"Home","item":"https:\/\/www.miomiorun.com\/fr\/home-page\/"},{"@type":"ListItem","position":2,"name":"Shop","item":"https:\/\/www.miomiorun.com\/shop\/"},{"@type":"ListItem","position":3,"name":"Cielo X1 3.0"}]},{"@type":"WebSite","@id":"https:\/\/www.miomiorun.com\/fr\/#website","url":"https:\/\/www.miomiorun.com\/fr\/","name":"MioMioRun","description":"Boutique 100% running et trail","publisher":{"@id":"https:\/\/www.miomiorun.com\/fr\/#organization"},"potentialAction":[{"@type":"SearchAction","target":{"@type":"EntryPoint","urlTemplate":"https:\/\/www.miomiorun.com\/fr\/?s={search_term_string}"},"query-input":{"@type":"PropertyValueSpecification","valueRequired":true,"valueName":"search_term_string"}}],"inLanguage":"fr-FR"},{"@type":"Organization","@id":"https:\/\/www.miomiorun.com\/fr\/#organization","name":"MioMio Run","url":"https:\/\/www.miomiorun.com\/fr\/","logo":{"@type":"ImageObject","inLanguage":"fr-FR","@id":"https:\/\/www.miomiorun.com\/fr\/#\/schema\/logo\/image\/","url":"https:\/\/www.miomiorun.com\/app\/uploads\/2019\/12\/logomio.png","contentUrl":"https:\/\/www.miomiorun.com\/app\/uploads\/2019\/12\/logomio.png","width":115,"height":82,"caption":"MioMio Run"},"image":{"@id":"https:\/\/www.miomiorun.com\/fr\/#\/schema\/logo\/image\/"},"sameAs":["https:\/\/www.facebook.com\/miomiorun\/","https:\/\/www.instagram.com\/miomiorun\/"]}]}},"_links":{"self":[{"href":"https:\/\/www.miomiorun.com\/fr\/wp-json\/wp\/v2\/product\/393996","targetHints":{"allow":["GET"]}}],"collection":[{"href":"https:\/\/www.miomiorun.com\/fr\/wp-json\/wp\/v2\/product"}],"about":[{"href":"https:\/\/www.miomiorun.com\/fr\/wp-json\/wp\/v2\/types\/product"}],"wp:featuredmedia":[{"embeddable":true,"href":"https:\/\/www.miomiorun.com\/fr\/wp-json\/wp\/v2\/media\/397681"}],"wp:attachment":[{"href":"https:\/\/www.miomiorun.com\/fr\/wp-json\/wp\/v2\/media?parent=393996"}],"wp:term":[{"taxonomy":"product_brand","embeddable":true,"href":"https:\/\/www.miomiorun.com\/fr\/wp-json\/wp\/v2\/product_brand?post=393996"},{"taxonomy":"product_cat","embeddable":true,"href":"https:\/\/www.miomiorun.com\/fr\/wp-json\/wp\/v2\/product_cat?post=393996"},{"taxonomy":"product_tag","embeddable":true,"href":"https:\/\/www.miomiorun.com\/fr\/wp-json\/wp\/v2\/product_tag?post=393996"}],"curies":[{"name":"wp","href":"https:\/\/api.w.org\/{rel}","templated":true}]}}