{"id":393877,"date":"2026-02-02T17:54:08","date_gmt":"2026-02-02T16:54:08","guid":{"rendered":"https:\/\/www.miomiorun.com\/?post_type=product&#038;p=393877"},"modified":"2026-05-09T12:13:49","modified_gmt":"2026-05-09T10:13:49","slug":"rocket-x-trail-homme","status":"publish","type":"product","link":"https:\/\/www.miomiorun.com\/fr\/produit\/rocket-x-trail-homme\/","title":{"rendered":"Rocket X Trail homme"},"content":{"rendered":"<table style=\"border-collapse: collapse;width: 100%\">\n<tbody>\n<tr>\n<td style=\"width: 33.3333%;vertical-align: top;text-align: center\"><strong>Caract\u00e9ristiques techniques<\/strong><\/p>\n<p>Cat\u00e9gorie : amorti r\u00e9actif<br \/>\nD\u00e9calage : 6 mm<br \/>\nPoids : 268 g<br \/>\nId\u00e9al pour : les coureurs de trail \u00e0 la recherche d&#8217;un mod\u00e8le l\u00e9ger, bien amorti et ultra-performant, capable de transmettre une propulsion maximale m\u00eame sur les chemins de terre.<br \/>\nPoids de l&#8217;athl\u00e8te : 60-70 kg<br \/>\nAllure de course : moyenne \u00e0 rapide (4,30-6,00 min\/km)<br \/>\n<a href=\"https:\/\/miomiorun.com\/guida-alle-specifiche-tecniche\/\">Guide des sp\u00e9cifications techniques<\/a><\/td>\n<td style=\"width: 66.6666%;vertical-align: top;text-align: center\">\n<p data-start=\"150\" data-end=\"487\">La <strong data-start=\"153\" data-end=\"171\">Rocket X Trail<\/strong> est con\u00e7ue pour ceux qui veulent <strong data-start=\"199\" data-end=\"243\">aller au maximum sur les chemins de terre et les graviers<\/strong>, tout en conservant une sensation de vitesse inspir\u00e9e des courses sur route. Con\u00e7ue pour affronter les sentiers et les parcours gravel \u00e0 haute intensit\u00e9, elle combine une g\u00e9om\u00e9trie agressive, des mat\u00e9riaux l\u00e9gers et une propulsion d\u00e9cisive pour une course rapide et contr\u00f4l\u00e9e.<\/p>\n<p data-start=\"489\" data-end=\"869\">Le <strong data-start=\"492\" data-end=\"517\">MetaRocker agressif<\/strong> favorise une transition rapide et une pouss\u00e9e continue, tandis que la <strong data-start=\"584\" data-end=\"621\">plaque en H en fibre de carbone<\/strong> garantit une <strong data-start=\"637\" data-end=\"661\">propulsion dynamique<\/strong> et une r\u00e9ponse imm\u00e9diate. La <strong data-start=\"690\" data-end=\"729\">semelle interm\u00e9diaire r\u00e9active \u00e0 double couche<\/strong> en <strong data-start=\"733\" data-end=\"755\">supersum A-TPU<\/strong> offre un retour d&#8217;\u00e9nergie \u00e9lev\u00e9 tout en conservant un poids r\u00e9duit, id\u00e9al pour courir vite sur des surfaces compactes.<\/p>\n<p data-start=\"871\" data-end=\"1318\">La <strong data-start=\"874\" data-end=\"895\">tige essentielle<\/strong>, fabriqu\u00e9e en <strong data-start=\"911\" data-end=\"941\">mesh l\u00e9ger et respirant<\/strong>, assure stabilit\u00e9 et contr\u00f4le. La <strong data-start=\"978\" data-end=\"1015\">masque dynamique \u00e9lastique<\/strong> (en instance de brevet) accompagne le gonflement naturel du pied, tandis que la <strong data-start=\"1098\" data-end=\"1126\">languette minimaliste lisse<\/strong> r\u00e9duit l&#8217;encombrement. La <strong data-start=\"1151\" data-end=\"1184\">semelle minimaliste en caoutchouc \u00e0 zones<\/strong> \u00e9limine le poids superflu tout en conservant une adh\u00e9rence fiable, compl\u00e9t\u00e9e par une <strong data-start=\"1261\" data-end=\"1283\">semelle crant\u00e9e de 3 mm<\/strong> pour une traction optimale sur les chemins de terre et les graviers.\n<\/p>\n<\/p>\n<\/td>\n<\/tr>\n<\/tbody>\n<\/table>\n<p>&nbsp;<\/p>\n","protected":false},"excerpt":{"rendered":"<ul>\n<li data-start=\"1548\" data-end=\"1631\">Plaque en H en fibre de carbone et MetaRocker agressif pour une propulsion maximale<\/li>\n<li data-start=\"1634\" data-end=\"1705\">Semelle interm\u00e9diaire en mousse A-TPU ultra-l\u00e9g\u00e8re et \u00e0 haut rendement \u00e9nerg\u00e9tique<\/li>\n<li data-start=\"1708\" data-end=\"1776\">Semelle minimaliste avec crampons de 3 mm pour une adh\u00e9rence optimale sur les chemins de terre et les graviers<\/li>\n<\/ul>\n","protected":false},"featured_media":398741,"template":"","meta":{"_acf_changed":false,"inline_featured_image":false},"product_brand":[],"product_cat":[24448,24445],"product_tag":[23478,23604],"class_list":{"0":"post-393877","1":"product","2":"type-product","3":"status-publish","4":"has-post-thumbnail","6":"product_cat-chaussures-pour-hommes-fr","7":"product_cat-trail-fr-3","8":"product_tag-hoka-one-one-fr","9":"product_tag-hoka-homme","10":"pa_attivita-outdoor-fr","11":"pa_attivita-trail-fr","12":"pa_colore-rocket-x-trail-neon-yuzu-neon-flame","13":"pa_marca-hoka-fr","14":"pa_sesso-homme","15":"pa_size-42-fr","17":"pa_size-43-fr","18":"pa_size-44-fr","20":"pa_size-45-fr","22":"first","23":"instock","24":"sale","25":"taxable","26":"shipping-taxable","27":"purchasable","28":"product-type-variable","29":"wvs-archive-product-wrapper"},"acf":[],"yoast_head":"<!-- This site is optimized with the Yoast SEO plugin v26.8 - https:\/\/yoast.com\/product\/yoast-seo-wordpress\/ -->\n<title>Hoka Rocket X Trail homme -chaussures de trail - MioMioRun.com<\/title>\n<meta name=\"description\" content=\"Rocket X Trail : chaussure de trail et de gravel \u00e0 grande vitesse avec plaque en carbone en H, MetaRocker agressif et semelle interm\u00e9diaire A-TPU r\u00e9active. L\u00e9g\u00e8re, stable et rapide.\" \/>\n<meta name=\"robots\" content=\"index, follow, max-snippet:-1, max-image-preview:large, max-video-preview:-1\" \/>\n<link rel=\"canonical\" href=\"https:\/\/www.miomiorun.com\/fr\/produit\/rocket-x-trail-homme\/\" \/>\n<meta property=\"og:locale\" content=\"fr_FR\" \/>\n<meta property=\"og:type\" content=\"article\" \/>\n<meta property=\"og:title\" content=\"Hoka Rocket X Trail homme -chaussures de trail - MioMioRun.com\" \/>\n<meta property=\"og:description\" content=\"Rocket X Trail : chaussure de trail et de gravel \u00e0 grande vitesse avec plaque en carbone en H, MetaRocker agressif et semelle interm\u00e9diaire A-TPU r\u00e9active. L\u00e9g\u00e8re, stable et rapide.\" \/>\n<meta property=\"og:url\" content=\"https:\/\/www.miomiorun.com\/fr\/produit\/rocket-x-trail-homme\/\" \/>\n<meta property=\"og:site_name\" content=\"MioMioRun\" \/>\n<meta property=\"article:publisher\" content=\"https:\/\/www.facebook.com\/miomiorun\/\" \/>\n<meta property=\"article:modified_time\" content=\"2026-05-09T10:13:49+00:00\" \/>\n<meta property=\"og:image\" content=\"https:\/\/www.miomiorun.com\/app\/uploads\/2026\/02\/hoka-Rocket-X-Trail-neon-yuzu-neon-flame-1176330-NZN.webp\" \/>\n\t<meta property=\"og:image:width\" content=\"720\" \/>\n\t<meta property=\"og:image:height\" content=\"720\" \/>\n\t<meta property=\"og:image:type\" content=\"image\/webp\" \/>\n<meta name=\"twitter:card\" content=\"summary_large_image\" \/>\n<meta name=\"twitter:label1\" content=\"Est. reading time\" \/>\n\t<meta name=\"twitter:data1\" content=\"1 minute\" \/>\n<script type=\"application\/ld+json\" class=\"yoast-schema-graph\">{\"@context\":\"https:\/\/schema.org\",\"@graph\":[{\"@type\":\"WebPage\",\"@id\":\"https:\/\/www.miomiorun.com\/fr\/produit\/rocket-x-trail-homme\/\",\"url\":\"https:\/\/www.miomiorun.com\/fr\/produit\/rocket-x-trail-homme\/\",\"name\":\"Hoka Rocket X Trail homme -chaussures de trail - MioMioRun.com\",\"isPartOf\":{\"@id\":\"https:\/\/www.miomiorun.com\/fr\/#website\"},\"primaryImageOfPage\":{\"@id\":\"https:\/\/www.miomiorun.com\/fr\/produit\/rocket-x-trail-homme\/#primaryimage\"},\"image\":{\"@id\":\"https:\/\/www.miomiorun.com\/fr\/produit\/rocket-x-trail-homme\/#primaryimage\"},\"thumbnailUrl\":\"https:\/\/www.miomiorun.com\/app\/uploads\/2026\/02\/hoka-Rocket-X-Trail-neon-yuzu-neon-flame-1176330-NZN.webp\",\"datePublished\":\"2026-02-02T16:54:08+00:00\",\"dateModified\":\"2026-05-09T10:13:49+00:00\",\"description\":\"Rocket X Trail : chaussure de trail et de gravel \u00e0 grande vitesse avec plaque en carbone en H, MetaRocker agressif et semelle interm\u00e9diaire A-TPU r\u00e9active. L\u00e9g\u00e8re, stable et rapide.\",\"breadcrumb\":{\"@id\":\"https:\/\/www.miomiorun.com\/fr\/produit\/rocket-x-trail-homme\/#breadcrumb\"},\"inLanguage\":\"fr-FR\",\"potentialAction\":[{\"@type\":\"ReadAction\",\"target\":[\"https:\/\/www.miomiorun.com\/fr\/produit\/rocket-x-trail-homme\/\"]}]},{\"@type\":\"ImageObject\",\"inLanguage\":\"fr-FR\",\"@id\":\"https:\/\/www.miomiorun.com\/fr\/produit\/rocket-x-trail-homme\/#primaryimage\",\"url\":\"https:\/\/www.miomiorun.com\/app\/uploads\/2026\/02\/hoka-Rocket-X-Trail-neon-yuzu-neon-flame-1176330-NZN.webp\",\"contentUrl\":\"https:\/\/www.miomiorun.com\/app\/uploads\/2026\/02\/hoka-Rocket-X-Trail-neon-yuzu-neon-flame-1176330-NZN.webp\",\"width\":720,\"height\":720,\"caption\":\"hoka Rocket X Trail neon yuzu neon flame 1176330 NZN\"},{\"@type\":\"BreadcrumbList\",\"@id\":\"https:\/\/www.miomiorun.com\/fr\/produit\/rocket-x-trail-homme\/#breadcrumb\",\"itemListElement\":[{\"@type\":\"ListItem\",\"position\":1,\"name\":\"Home\",\"item\":\"https:\/\/www.miomiorun.com\/fr\/home-page\/\"},{\"@type\":\"ListItem\",\"position\":2,\"name\":\"Shop\",\"item\":\"https:\/\/www.miomiorun.com\/shop\/\"},{\"@type\":\"ListItem\",\"position\":3,\"name\":\"Rocket X Trail homme\"}]},{\"@type\":\"WebSite\",\"@id\":\"https:\/\/www.miomiorun.com\/fr\/#website\",\"url\":\"https:\/\/www.miomiorun.com\/fr\/\",\"name\":\"MioMioRun\",\"description\":\"Boutique 100% running et trail\",\"publisher\":{\"@id\":\"https:\/\/www.miomiorun.com\/fr\/#organization\"},\"potentialAction\":[{\"@type\":\"SearchAction\",\"target\":{\"@type\":\"EntryPoint\",\"urlTemplate\":\"https:\/\/www.miomiorun.com\/fr\/?s={search_term_string}\"},\"query-input\":{\"@type\":\"PropertyValueSpecification\",\"valueRequired\":true,\"valueName\":\"search_term_string\"}}],\"inLanguage\":\"fr-FR\"},{\"@type\":\"Organization\",\"@id\":\"https:\/\/www.miomiorun.com\/fr\/#organization\",\"name\":\"MioMio Run\",\"url\":\"https:\/\/www.miomiorun.com\/fr\/\",\"logo\":{\"@type\":\"ImageObject\",\"inLanguage\":\"fr-FR\",\"@id\":\"https:\/\/www.miomiorun.com\/fr\/#\/schema\/logo\/image\/\",\"url\":\"https:\/\/www.miomiorun.com\/app\/uploads\/2019\/12\/logomio.png\",\"contentUrl\":\"https:\/\/www.miomiorun.com\/app\/uploads\/2019\/12\/logomio.png\",\"width\":115,\"height\":82,\"caption\":\"MioMio Run\"},\"image\":{\"@id\":\"https:\/\/www.miomiorun.com\/fr\/#\/schema\/logo\/image\/\"},\"sameAs\":[\"https:\/\/www.facebook.com\/miomiorun\/\",\"https:\/\/www.instagram.com\/miomiorun\/\"]}]}<\/script>\n<!-- \/ Yoast SEO plugin. -->","yoast_head_json":{"title":"Hoka Rocket X Trail homme -chaussures de trail - MioMioRun.com","description":"Rocket X Trail : chaussure de trail et de gravel \u00e0 grande vitesse avec plaque en carbone en H, MetaRocker agressif et semelle interm\u00e9diaire A-TPU r\u00e9active. L\u00e9g\u00e8re, stable et rapide.","robots":{"index":"index","follow":"follow","max-snippet":"max-snippet:-1","max-image-preview":"max-image-preview:large","max-video-preview":"max-video-preview:-1"},"canonical":"https:\/\/www.miomiorun.com\/fr\/produit\/rocket-x-trail-homme\/","og_locale":"fr_FR","og_type":"article","og_title":"Hoka Rocket X Trail homme -chaussures de trail - MioMioRun.com","og_description":"Rocket X Trail : chaussure de trail et de gravel \u00e0 grande vitesse avec plaque en carbone en H, MetaRocker agressif et semelle interm\u00e9diaire A-TPU r\u00e9active. L\u00e9g\u00e8re, stable et rapide.","og_url":"https:\/\/www.miomiorun.com\/fr\/produit\/rocket-x-trail-homme\/","og_site_name":"MioMioRun","article_publisher":"https:\/\/www.facebook.com\/miomiorun\/","article_modified_time":"2026-05-09T10:13:49+00:00","og_image":[{"width":720,"height":720,"url":"https:\/\/www.miomiorun.com\/app\/uploads\/2026\/02\/hoka-Rocket-X-Trail-neon-yuzu-neon-flame-1176330-NZN.webp","type":"image\/webp"}],"twitter_card":"summary_large_image","twitter_misc":{"Est. reading time":"1 minute"},"schema":{"@context":"https:\/\/schema.org","@graph":[{"@type":"WebPage","@id":"https:\/\/www.miomiorun.com\/fr\/produit\/rocket-x-trail-homme\/","url":"https:\/\/www.miomiorun.com\/fr\/produit\/rocket-x-trail-homme\/","name":"Hoka Rocket X Trail homme -chaussures de trail - MioMioRun.com","isPartOf":{"@id":"https:\/\/www.miomiorun.com\/fr\/#website"},"primaryImageOfPage":{"@id":"https:\/\/www.miomiorun.com\/fr\/produit\/rocket-x-trail-homme\/#primaryimage"},"image":{"@id":"https:\/\/www.miomiorun.com\/fr\/produit\/rocket-x-trail-homme\/#primaryimage"},"thumbnailUrl":"https:\/\/www.miomiorun.com\/app\/uploads\/2026\/02\/hoka-Rocket-X-Trail-neon-yuzu-neon-flame-1176330-NZN.webp","datePublished":"2026-02-02T16:54:08+00:00","dateModified":"2026-05-09T10:13:49+00:00","description":"Rocket X Trail : chaussure de trail et de gravel \u00e0 grande vitesse avec plaque en carbone en H, MetaRocker agressif et semelle interm\u00e9diaire A-TPU r\u00e9active. L\u00e9g\u00e8re, stable et rapide.","breadcrumb":{"@id":"https:\/\/www.miomiorun.com\/fr\/produit\/rocket-x-trail-homme\/#breadcrumb"},"inLanguage":"fr-FR","potentialAction":[{"@type":"ReadAction","target":["https:\/\/www.miomiorun.com\/fr\/produit\/rocket-x-trail-homme\/"]}]},{"@type":"ImageObject","inLanguage":"fr-FR","@id":"https:\/\/www.miomiorun.com\/fr\/produit\/rocket-x-trail-homme\/#primaryimage","url":"https:\/\/www.miomiorun.com\/app\/uploads\/2026\/02\/hoka-Rocket-X-Trail-neon-yuzu-neon-flame-1176330-NZN.webp","contentUrl":"https:\/\/www.miomiorun.com\/app\/uploads\/2026\/02\/hoka-Rocket-X-Trail-neon-yuzu-neon-flame-1176330-NZN.webp","width":720,"height":720,"caption":"hoka Rocket X Trail neon yuzu neon flame 1176330 NZN"},{"@type":"BreadcrumbList","@id":"https:\/\/www.miomiorun.com\/fr\/produit\/rocket-x-trail-homme\/#breadcrumb","itemListElement":[{"@type":"ListItem","position":1,"name":"Home","item":"https:\/\/www.miomiorun.com\/fr\/home-page\/"},{"@type":"ListItem","position":2,"name":"Shop","item":"https:\/\/www.miomiorun.com\/shop\/"},{"@type":"ListItem","position":3,"name":"Rocket X Trail homme"}]},{"@type":"WebSite","@id":"https:\/\/www.miomiorun.com\/fr\/#website","url":"https:\/\/www.miomiorun.com\/fr\/","name":"MioMioRun","description":"Boutique 100% running et trail","publisher":{"@id":"https:\/\/www.miomiorun.com\/fr\/#organization"},"potentialAction":[{"@type":"SearchAction","target":{"@type":"EntryPoint","urlTemplate":"https:\/\/www.miomiorun.com\/fr\/?s={search_term_string}"},"query-input":{"@type":"PropertyValueSpecification","valueRequired":true,"valueName":"search_term_string"}}],"inLanguage":"fr-FR"},{"@type":"Organization","@id":"https:\/\/www.miomiorun.com\/fr\/#organization","name":"MioMio Run","url":"https:\/\/www.miomiorun.com\/fr\/","logo":{"@type":"ImageObject","inLanguage":"fr-FR","@id":"https:\/\/www.miomiorun.com\/fr\/#\/schema\/logo\/image\/","url":"https:\/\/www.miomiorun.com\/app\/uploads\/2019\/12\/logomio.png","contentUrl":"https:\/\/www.miomiorun.com\/app\/uploads\/2019\/12\/logomio.png","width":115,"height":82,"caption":"MioMio Run"},"image":{"@id":"https:\/\/www.miomiorun.com\/fr\/#\/schema\/logo\/image\/"},"sameAs":["https:\/\/www.facebook.com\/miomiorun\/","https:\/\/www.instagram.com\/miomiorun\/"]}]}},"_links":{"self":[{"href":"https:\/\/www.miomiorun.com\/fr\/wp-json\/wp\/v2\/product\/393877","targetHints":{"allow":["GET"]}}],"collection":[{"href":"https:\/\/www.miomiorun.com\/fr\/wp-json\/wp\/v2\/product"}],"about":[{"href":"https:\/\/www.miomiorun.com\/fr\/wp-json\/wp\/v2\/types\/product"}],"wp:featuredmedia":[{"embeddable":true,"href":"https:\/\/www.miomiorun.com\/fr\/wp-json\/wp\/v2\/media\/398741"}],"wp:attachment":[{"href":"https:\/\/www.miomiorun.com\/fr\/wp-json\/wp\/v2\/media?parent=393877"}],"wp:term":[{"taxonomy":"product_brand","embeddable":true,"href":"https:\/\/www.miomiorun.com\/fr\/wp-json\/wp\/v2\/product_brand?post=393877"},{"taxonomy":"product_cat","embeddable":true,"href":"https:\/\/www.miomiorun.com\/fr\/wp-json\/wp\/v2\/product_cat?post=393877"},{"taxonomy":"product_tag","embeddable":true,"href":"https:\/\/www.miomiorun.com\/fr\/wp-json\/wp\/v2\/product_tag?post=393877"}],"curies":[{"name":"wp","href":"https:\/\/api.w.org\/{rel}","templated":true}]}}