{"id":393743,"date":"2026-02-02T17:41:48","date_gmt":"2026-02-02T16:41:48","guid":{"rendered":"https:\/\/www.miomiorun.com\/?post_type=product&#038;p=393743"},"modified":"2026-05-09T12:12:33","modified_gmt":"2026-05-09T10:12:33","slug":"transport-2-femme","status":"publish","type":"product","link":"https:\/\/www.miomiorun.com\/fr\/produit\/transport-2-femme\/","title":{"rendered":"Transport 2 femme"},"content":{"rendered":"<div class=\"vc-row container\"><div class=\"vc-column\"><div class=\"vc-column-text\"><\/p>\n<p><strong>Caract\u00e9ristiques techniques<\/strong><\/p>\n<p>Cat\u00e9gorie : amorti \u00e9quilibr\u00e9<br \/>\nD\u00e9calage : 5 mm<br \/>\nPoids : 275 g<br \/>\nId\u00e9al pour : id\u00e9al pour ceux qui recherchent une chaussure pour tous les jours et pour les amateurs de promenades en ville, \u00e0 la recherche d&#8217;un mod\u00e8le l\u00e9ger, bien amorti et protecteur, capable d&#8217;offrir un confort maximal m\u00eame sur de longues distances.<br \/>\nPoids de l&#8217;athl\u00e8te : 70-80 kg<\/p>\n<p><a href=\"https:\/\/miomiorun.com\/guida-alle-specifiche-tecniche\/\">Guide des sp\u00e9cifications techniques<\/a><\/p>\n<p><\/div><\/div><div class=\"vc-column\"><div class=\"vc-column-text\"><\/p>\n<p data-start=\"147\" data-end=\"522\">Les <strong data-start=\"150\" data-end=\"165\">Transport 2<\/strong> offrent un niveau de confort et de polyvalence sup\u00e9rieur \u00e0 celui du mod\u00e8le original, ce qui les rend parfaites aussi bien pour la <strong data-start=\"286\" data-end=\"295\">ville<\/strong> que pour le <strong data-start=\"310\" data-end=\"327\">trail l\u00e9ger<\/strong>. La <strong data-start=\"331\" data-end=\"364\">hauteur de la semelle augment\u00e9e<\/strong>, la <strong data-start=\"369\" data-end=\"397\">semelle int\u00e9rieure plus amortissante<\/strong> et le <strong data-start=\"403\" data-end=\"428\">col plus souple<\/strong> rendent le chaussant plus doux et plus confortable, id\u00e9al pour marcher longtemps en tout confort.<\/p>\n<p data-start=\"524\" data-end=\"993\">Con\u00e7ues dans un souci r\u00e9el de durabilit\u00e9, elles int\u00e8grent une <strong data-start=\"595\" data-end=\"643\">semelle interm\u00e9diaire en EVA \u00e0 base de canne \u00e0 sucre (30 %)<\/strong> et une <strong data-start=\"650\" data-end=\"683\">semelle Vibram\u00ae EcoStep Recycle<\/strong> avec des mat\u00e9riaux recycl\u00e9s (30 %), sans compromettre la stabilit\u00e9 et la durabilit\u00e9. La <strong data-start=\"757\" data-end=\"767\">tige<\/strong> combine une <strong data-start=\"780\" data-end=\"825\">masque en polyester recycl\u00e9 (100 %)<\/strong> et une <strong data-start=\"832\" data-end=\"862\">languette en mesh Cordura\u00ae<\/strong> pour plus de r\u00e9sistance et de respirabilit\u00e9. Le <strong data-start=\"899\" data-end=\"944\">traitement d\u00e9perlant sans PFC\/PFAS<\/strong> aide \u00e0 prot\u00e9ger de l&#8217;humidit\u00e9 et de la pluie l\u00e9g\u00e8re.<\/p>\n<p data-start=\"995\" data-end=\"1373\">La praticit\u00e9 est au c\u0153ur de la conception : le <strong data-start=\"1023\" data-end=\"1073\">lacet \u00e9lastique \u00e0 boucle rapide<\/strong> facilite l&#8217;enfilage et le retrait, tandis que des <strong data-start=\"1111\" data-end=\"1133\">lacets traditionnels<\/strong> sont fournis en alternative. La <strong data-start=\"1168\" data-end=\"1203\">semelle r\u00e9active et amortissante<\/strong> soutient la foul\u00e9e, et les <strong data-start=\"1227\" data-end=\"1253\">r\u00e9flecteurs \u00e0 360\u00b0<\/strong> am\u00e9liorent la visibilit\u00e9 dans des conditions de faible luminosit\u00e9. Une chaussure pr\u00eate \u00e0 vous accompagner dans toutes vos aventures quotidiennes.<br \/>\n<\/div><\/div><\/div><\/p>\n","protected":false},"excerpt":{"rendered":"<ul>\n<li data-start=\"1635\" data-end=\"1712\">Confort accru : semelle plus \u00e9paisse, semelle int\u00e9rieure amortissante et col souple<\/li>\n<li data-start=\"1715\" data-end=\"1796\">Mat\u00e9riaux durables : EVA issu de la canne \u00e0 sucre et semelle Vibram\u00ae EcoStep Recycle<\/li>\n<li data-start=\"1799\" data-end=\"1873\">Lacet rapide, traitement d\u00e9perlant et r\u00e9flecteurs \u00e0 360\u00b0<\/li>\n<\/ul>\n","protected":false},"featured_media":398340,"template":"","meta":{"_acf_changed":false,"inline_featured_image":false},"product_brand":[],"product_cat":[22605,22606],"product_tag":[23478,23494],"class_list":{"0":"post-393743","1":"product","2":"type-product","3":"status-publish","4":"has-post-thumbnail","6":"product_cat-chaussures-pour-femmes","7":"product_cat-neutre","8":"product_tag-hoka-one-one-fr","9":"product_tag-hoka-femme","10":"pa_attivita-marcher","11":"pa_colore-transport-2-w-alabaster-alabaster","12":"pa_colore-transport-2-w-tranquil-blue-ambient-blue","13":"pa_marca-hoka-fr","14":"pa_sesso-femme","15":"pa_size-38-fr","17":"pa_size-39-fr","18":"pa_size-40-fr","20":"pa_size-41-fr","22":"first","23":"instock","24":"taxable","25":"shipping-taxable","26":"purchasable","27":"product-type-variable","28":"wvs-archive-product-wrapper"},"acf":[],"yoast_head":"<!-- This site is optimized with the Yoast SEO plugin v26.8 - https:\/\/yoast.com\/product\/yoast-seo-wordpress\/ -->\n<title>Hoka Transport 2 femme - chaussures de trailMioMioRun.com<\/title>\n<meta name=\"description\" content=\"Transport 2 : chaussure polyvalente pour la ville et les sentiers, avec un confort am\u00e9lior\u00e9, semelle Vibram\u00ae EcoStep Recycle, semelle interm\u00e9diaire en EVA \u00e0 base de canne \u00e0 sucre et hydrofuge.\" \/>\n<meta name=\"robots\" content=\"index, follow, max-snippet:-1, max-image-preview:large, max-video-preview:-1\" \/>\n<link rel=\"canonical\" href=\"https:\/\/www.miomiorun.com\/fr\/produit\/transport-2-femme\/\" \/>\n<meta property=\"og:locale\" content=\"fr_FR\" \/>\n<meta property=\"og:type\" content=\"article\" \/>\n<meta property=\"og:title\" content=\"Hoka Transport 2 femme - chaussures de trailMioMioRun.com\" \/>\n<meta property=\"og:description\" content=\"Transport 2 : chaussure polyvalente pour la ville et les sentiers, avec un confort am\u00e9lior\u00e9, semelle Vibram\u00ae EcoStep Recycle, semelle interm\u00e9diaire en EVA \u00e0 base de canne \u00e0 sucre et hydrofuge.\" \/>\n<meta property=\"og:url\" content=\"https:\/\/www.miomiorun.com\/fr\/produit\/transport-2-femme\/\" \/>\n<meta property=\"og:site_name\" content=\"MioMioRun\" \/>\n<meta property=\"article:publisher\" content=\"https:\/\/www.facebook.com\/miomiorun\/\" \/>\n<meta property=\"article:modified_time\" content=\"2026-05-09T10:12:33+00:00\" \/>\n<meta property=\"og:image\" content=\"https:\/\/www.miomiorun.com\/app\/uploads\/2026\/02\/hoka-Transport-2-W-tranquil-blue-ambient-blue-1171850-TNQ.webp\" \/>\n\t<meta property=\"og:image:width\" content=\"720\" \/>\n\t<meta property=\"og:image:height\" content=\"720\" \/>\n\t<meta property=\"og:image:type\" content=\"image\/webp\" \/>\n<meta name=\"twitter:card\" content=\"summary_large_image\" \/>\n<meta name=\"twitter:label1\" content=\"Est. reading time\" \/>\n\t<meta name=\"twitter:data1\" content=\"2 minutes\" \/>\n<script type=\"application\/ld+json\" class=\"yoast-schema-graph\">{\"@context\":\"https:\/\/schema.org\",\"@graph\":[{\"@type\":\"WebPage\",\"@id\":\"https:\/\/www.miomiorun.com\/fr\/produit\/transport-2-femme\/\",\"url\":\"https:\/\/www.miomiorun.com\/fr\/produit\/transport-2-femme\/\",\"name\":\"Hoka Transport 2 femme - chaussures de trailMioMioRun.com\",\"isPartOf\":{\"@id\":\"https:\/\/www.miomiorun.com\/fr\/#website\"},\"primaryImageOfPage\":{\"@id\":\"https:\/\/www.miomiorun.com\/fr\/produit\/transport-2-femme\/#primaryimage\"},\"image\":{\"@id\":\"https:\/\/www.miomiorun.com\/fr\/produit\/transport-2-femme\/#primaryimage\"},\"thumbnailUrl\":\"https:\/\/www.miomiorun.com\/app\/uploads\/2026\/02\/hoka-Transport-2-W-tranquil-blue-ambient-blue-1171850-TNQ.webp\",\"datePublished\":\"2026-02-02T16:41:48+00:00\",\"dateModified\":\"2026-05-09T10:12:33+00:00\",\"description\":\"Transport 2 : chaussure polyvalente pour la ville et les sentiers, avec un confort am\u00e9lior\u00e9, semelle Vibram\u00ae EcoStep Recycle, semelle interm\u00e9diaire en EVA \u00e0 base de canne \u00e0 sucre et hydrofuge.\",\"breadcrumb\":{\"@id\":\"https:\/\/www.miomiorun.com\/fr\/produit\/transport-2-femme\/#breadcrumb\"},\"inLanguage\":\"fr-FR\",\"potentialAction\":[{\"@type\":\"ReadAction\",\"target\":[\"https:\/\/www.miomiorun.com\/fr\/produit\/transport-2-femme\/\"]}]},{\"@type\":\"ImageObject\",\"inLanguage\":\"fr-FR\",\"@id\":\"https:\/\/www.miomiorun.com\/fr\/produit\/transport-2-femme\/#primaryimage\",\"url\":\"https:\/\/www.miomiorun.com\/app\/uploads\/2026\/02\/hoka-Transport-2-W-tranquil-blue-ambient-blue-1171850-TNQ.webp\",\"contentUrl\":\"https:\/\/www.miomiorun.com\/app\/uploads\/2026\/02\/hoka-Transport-2-W-tranquil-blue-ambient-blue-1171850-TNQ.webp\",\"width\":720,\"height\":720,\"caption\":\"hoka Transport 2 W tranquil blue ambient blue 1171850 TNQ\"},{\"@type\":\"BreadcrumbList\",\"@id\":\"https:\/\/www.miomiorun.com\/fr\/produit\/transport-2-femme\/#breadcrumb\",\"itemListElement\":[{\"@type\":\"ListItem\",\"position\":1,\"name\":\"Home\",\"item\":\"https:\/\/www.miomiorun.com\/fr\/home-page\/\"},{\"@type\":\"ListItem\",\"position\":2,\"name\":\"Shop\",\"item\":\"https:\/\/www.miomiorun.com\/shop\/\"},{\"@type\":\"ListItem\",\"position\":3,\"name\":\"Transport 2 femme\"}]},{\"@type\":\"WebSite\",\"@id\":\"https:\/\/www.miomiorun.com\/fr\/#website\",\"url\":\"https:\/\/www.miomiorun.com\/fr\/\",\"name\":\"MioMioRun\",\"description\":\"Boutique 100% running et trail\",\"publisher\":{\"@id\":\"https:\/\/www.miomiorun.com\/fr\/#organization\"},\"potentialAction\":[{\"@type\":\"SearchAction\",\"target\":{\"@type\":\"EntryPoint\",\"urlTemplate\":\"https:\/\/www.miomiorun.com\/fr\/?s={search_term_string}\"},\"query-input\":{\"@type\":\"PropertyValueSpecification\",\"valueRequired\":true,\"valueName\":\"search_term_string\"}}],\"inLanguage\":\"fr-FR\"},{\"@type\":\"Organization\",\"@id\":\"https:\/\/www.miomiorun.com\/fr\/#organization\",\"name\":\"MioMio Run\",\"url\":\"https:\/\/www.miomiorun.com\/fr\/\",\"logo\":{\"@type\":\"ImageObject\",\"inLanguage\":\"fr-FR\",\"@id\":\"https:\/\/www.miomiorun.com\/fr\/#\/schema\/logo\/image\/\",\"url\":\"https:\/\/www.miomiorun.com\/app\/uploads\/2019\/12\/logomio.png\",\"contentUrl\":\"https:\/\/www.miomiorun.com\/app\/uploads\/2019\/12\/logomio.png\",\"width\":115,\"height\":82,\"caption\":\"MioMio Run\"},\"image\":{\"@id\":\"https:\/\/www.miomiorun.com\/fr\/#\/schema\/logo\/image\/\"},\"sameAs\":[\"https:\/\/www.facebook.com\/miomiorun\/\",\"https:\/\/www.instagram.com\/miomiorun\/\"]}]}<\/script>\n<!-- \/ Yoast SEO plugin. -->","yoast_head_json":{"title":"Hoka Transport 2 femme - chaussures de trailMioMioRun.com","description":"Transport 2 : chaussure polyvalente pour la ville et les sentiers, avec un confort am\u00e9lior\u00e9, semelle Vibram\u00ae EcoStep Recycle, semelle interm\u00e9diaire en EVA \u00e0 base de canne \u00e0 sucre et hydrofuge.","robots":{"index":"index","follow":"follow","max-snippet":"max-snippet:-1","max-image-preview":"max-image-preview:large","max-video-preview":"max-video-preview:-1"},"canonical":"https:\/\/www.miomiorun.com\/fr\/produit\/transport-2-femme\/","og_locale":"fr_FR","og_type":"article","og_title":"Hoka Transport 2 femme - chaussures de trailMioMioRun.com","og_description":"Transport 2 : chaussure polyvalente pour la ville et les sentiers, avec un confort am\u00e9lior\u00e9, semelle Vibram\u00ae EcoStep Recycle, semelle interm\u00e9diaire en EVA \u00e0 base de canne \u00e0 sucre et hydrofuge.","og_url":"https:\/\/www.miomiorun.com\/fr\/produit\/transport-2-femme\/","og_site_name":"MioMioRun","article_publisher":"https:\/\/www.facebook.com\/miomiorun\/","article_modified_time":"2026-05-09T10:12:33+00:00","og_image":[{"width":720,"height":720,"url":"https:\/\/www.miomiorun.com\/app\/uploads\/2026\/02\/hoka-Transport-2-W-tranquil-blue-ambient-blue-1171850-TNQ.webp","type":"image\/webp"}],"twitter_card":"summary_large_image","twitter_misc":{"Est. reading time":"2 minutes"},"schema":{"@context":"https:\/\/schema.org","@graph":[{"@type":"WebPage","@id":"https:\/\/www.miomiorun.com\/fr\/produit\/transport-2-femme\/","url":"https:\/\/www.miomiorun.com\/fr\/produit\/transport-2-femme\/","name":"Hoka Transport 2 femme - chaussures de trailMioMioRun.com","isPartOf":{"@id":"https:\/\/www.miomiorun.com\/fr\/#website"},"primaryImageOfPage":{"@id":"https:\/\/www.miomiorun.com\/fr\/produit\/transport-2-femme\/#primaryimage"},"image":{"@id":"https:\/\/www.miomiorun.com\/fr\/produit\/transport-2-femme\/#primaryimage"},"thumbnailUrl":"https:\/\/www.miomiorun.com\/app\/uploads\/2026\/02\/hoka-Transport-2-W-tranquil-blue-ambient-blue-1171850-TNQ.webp","datePublished":"2026-02-02T16:41:48+00:00","dateModified":"2026-05-09T10:12:33+00:00","description":"Transport 2 : chaussure polyvalente pour la ville et les sentiers, avec un confort am\u00e9lior\u00e9, semelle Vibram\u00ae EcoStep Recycle, semelle interm\u00e9diaire en EVA \u00e0 base de canne \u00e0 sucre et hydrofuge.","breadcrumb":{"@id":"https:\/\/www.miomiorun.com\/fr\/produit\/transport-2-femme\/#breadcrumb"},"inLanguage":"fr-FR","potentialAction":[{"@type":"ReadAction","target":["https:\/\/www.miomiorun.com\/fr\/produit\/transport-2-femme\/"]}]},{"@type":"ImageObject","inLanguage":"fr-FR","@id":"https:\/\/www.miomiorun.com\/fr\/produit\/transport-2-femme\/#primaryimage","url":"https:\/\/www.miomiorun.com\/app\/uploads\/2026\/02\/hoka-Transport-2-W-tranquil-blue-ambient-blue-1171850-TNQ.webp","contentUrl":"https:\/\/www.miomiorun.com\/app\/uploads\/2026\/02\/hoka-Transport-2-W-tranquil-blue-ambient-blue-1171850-TNQ.webp","width":720,"height":720,"caption":"hoka Transport 2 W tranquil blue ambient blue 1171850 TNQ"},{"@type":"BreadcrumbList","@id":"https:\/\/www.miomiorun.com\/fr\/produit\/transport-2-femme\/#breadcrumb","itemListElement":[{"@type":"ListItem","position":1,"name":"Home","item":"https:\/\/www.miomiorun.com\/fr\/home-page\/"},{"@type":"ListItem","position":2,"name":"Shop","item":"https:\/\/www.miomiorun.com\/shop\/"},{"@type":"ListItem","position":3,"name":"Transport 2 femme"}]},{"@type":"WebSite","@id":"https:\/\/www.miomiorun.com\/fr\/#website","url":"https:\/\/www.miomiorun.com\/fr\/","name":"MioMioRun","description":"Boutique 100% running et trail","publisher":{"@id":"https:\/\/www.miomiorun.com\/fr\/#organization"},"potentialAction":[{"@type":"SearchAction","target":{"@type":"EntryPoint","urlTemplate":"https:\/\/www.miomiorun.com\/fr\/?s={search_term_string}"},"query-input":{"@type":"PropertyValueSpecification","valueRequired":true,"valueName":"search_term_string"}}],"inLanguage":"fr-FR"},{"@type":"Organization","@id":"https:\/\/www.miomiorun.com\/fr\/#organization","name":"MioMio Run","url":"https:\/\/www.miomiorun.com\/fr\/","logo":{"@type":"ImageObject","inLanguage":"fr-FR","@id":"https:\/\/www.miomiorun.com\/fr\/#\/schema\/logo\/image\/","url":"https:\/\/www.miomiorun.com\/app\/uploads\/2019\/12\/logomio.png","contentUrl":"https:\/\/www.miomiorun.com\/app\/uploads\/2019\/12\/logomio.png","width":115,"height":82,"caption":"MioMio Run"},"image":{"@id":"https:\/\/www.miomiorun.com\/fr\/#\/schema\/logo\/image\/"},"sameAs":["https:\/\/www.facebook.com\/miomiorun\/","https:\/\/www.instagram.com\/miomiorun\/"]}]}},"_links":{"self":[{"href":"https:\/\/www.miomiorun.com\/fr\/wp-json\/wp\/v2\/product\/393743","targetHints":{"allow":["GET"]}}],"collection":[{"href":"https:\/\/www.miomiorun.com\/fr\/wp-json\/wp\/v2\/product"}],"about":[{"href":"https:\/\/www.miomiorun.com\/fr\/wp-json\/wp\/v2\/types\/product"}],"wp:featuredmedia":[{"embeddable":true,"href":"https:\/\/www.miomiorun.com\/fr\/wp-json\/wp\/v2\/media\/398340"}],"wp:attachment":[{"href":"https:\/\/www.miomiorun.com\/fr\/wp-json\/wp\/v2\/media?parent=393743"}],"wp:term":[{"taxonomy":"product_brand","embeddable":true,"href":"https:\/\/www.miomiorun.com\/fr\/wp-json\/wp\/v2\/product_brand?post=393743"},{"taxonomy":"product_cat","embeddable":true,"href":"https:\/\/www.miomiorun.com\/fr\/wp-json\/wp\/v2\/product_cat?post=393743"},{"taxonomy":"product_tag","embeddable":true,"href":"https:\/\/www.miomiorun.com\/fr\/wp-json\/wp\/v2\/product_tag?post=393743"}],"curies":[{"name":"wp","href":"https:\/\/api.w.org\/{rel}","templated":true}]}}