{"id":392839,"date":"2026-01-15T15:57:14","date_gmt":"2026-01-15T14:57:14","guid":{"rendered":"https:\/\/www.miomiorun.com\/prodotto\/supernova-glide-uomo\/"},"modified":"2026-05-09T12:10:02","modified_gmt":"2026-05-09T10:10:02","slug":"supernova-glide-homme","status":"publish","type":"product","link":"https:\/\/www.miomiorun.com\/fr\/produit\/supernova-glide-homme\/","title":{"rendered":"Supernova Glide homme"},"content":{"rendered":"<div class=\"vc-row container\"><div class=\"vc-column\"><div class=\"vc-column-text\"><\/p>\n<h4>Caract\u00e9ristiques techniques<\/h4>\n<p>Cat\u00e9gorie : Amorti structur\u00e9<br \/>\nDiff\u00e9rentiel : 8 mm (talon 36 mm\/avant-pied 28 mm)<br \/>\nPoids : 282 g<br \/>\nId\u00e9al pour : Chaussure id\u00e9ale pour les athl\u00e8tes de poids moyen et \u00e0 foul\u00e9e moyenne qui recherchent un excellent amorti pour l&#8217;entra\u00eenement ou la course sur moyenne et longue distance, elle est \u00e9galement un excellent compagnon pour les promenades<br \/>\nPoids de l&#8217;athl\u00e8te : 55-70 kg<br \/>\nAllure de course : 5 min\/kg<br \/>\n<a href=\"https:\/\/miomiorun.com\/fr\/guide-des-specificites\/\">Guide des sp\u00e9cifications techniques<\/a><br \/>\n.<\/div><\/div><div class=\"vc-column\"><div class=\"vc-column-text\"><\/p>\n<section class=\"_wrapper_47lxb_8\">\n<div class=\"_statement_47lxb_12 color-theme-black\">\n<div class=\"_statement-summary_47lxb_103 _dynamic-alignment_47lxb_146\" data-auto-id=\"statement-summary\">\n<div class=\"_cell_18qu3_18 _with-content_18qu3_27\" data-auto-id=\"bs-body\">\n<div class=\"_banner-split_18qu3_31 color-theme-black\">\n<div class=\"_cell_18qu3_18 _with-content_18qu3_27\" data-auto-id=\"bs-body\">\n<div class=\"_banner-split_18qu3_31 color-theme-black\">\n<div class=\"_cell_18qu3_18 _with-content_18qu3_27\" data-auto-id=\"bs-body\">\n<div class=\"_banner-split_18qu3_31 color-theme-black\">\n<p data-start=\"151\" data-end=\"532\">Les <strong data-start=\"154\" data-end=\"173\">Supernova Glide<\/strong> sont des chaussures con\u00e7ues pour la <strong data-start=\"201\" data-end=\"223\">course quotidienne<\/strong>, afin d&#8217;offrir un soutien souple, un ajustement s\u00fbr et une foul\u00e9e fluide jour apr\u00e8s jour. La semelle interm\u00e9diaire <strong data-start=\"340\" data-end=\"378\">Dreamstrike Glow sur toute la longueur<\/strong> offre un \u00e9quilibre id\u00e9al entre confort et r\u00e9activit\u00e9, vous aidant \u00e0 maintenir votre rythme avec moins de distractions et une sensation de continuit\u00e9 \u00e0 chaque foul\u00e9e.<\/p>\n<p data-start=\"534\" data-end=\"946\">La <strong data-start=\"537\" data-end=\"568\">tige l\u00e9g\u00e8re en mono-mesh<\/strong> enveloppe le pied pour un soutien \u00e9lev\u00e9 et une bonne respirabilit\u00e9, tandis que la <strong data-start=\"642\" data-end=\"665\">languette rembourr\u00e9e<\/strong> s&#8217;adapte \u00e0 la forme du pied pour un confort durable et un maintien stable. La combinaison des deux compos\u00e9s de la <strong data-start=\"785\" data-end=\"805\">Dreamstrike Glow<\/strong> fonctionne en synergie pour offrir un amorti souple et une r\u00e9ponse dynamique, rendant la chaussure polyvalente et confortable sur diff\u00e9rentes distances.<\/p>\n<p data-start=\"948\" data-end=\"1227\">La <strong data-start=\"951\" data-end=\"991\">semelle int\u00e9grale en caoutchouc transparent<\/strong> assure une <strong data-start=\"1004\" data-end=\"1023\">adh\u00e9rence fiable<\/strong> sur les surfaces s\u00e8ches et humides, favorisant un contact fluide avec le sol et une course plus s\u00fbre. Un mod\u00e8le raffin\u00e9 et fonctionnel, id\u00e9al pour ceux qui recherchent confort, soutien et style \u00e0 chaque entra\u00eenement.<\/p>\n<\/p>\n<\/div>\n<\/div>\n<\/div>\n<\/div>\n<\/div>\n<\/div>\n<\/div>\n<\/div>\n<\/section>\n<p><\/div><\/div><\/div>\n","protected":false},"excerpt":{"rendered":"<ul>\n<li data-start=\"1470\" data-end=\"1549\">Semelle interm\u00e9diaire Dreamstrike Glow sur toute la longueur pour un soutien souple et r\u00e9actif<\/li>\n<li data-start=\"1552\" data-end=\"1640\">Empeigne l\u00e9g\u00e8re en mono-mesh avec languette rembourr\u00e9e pour un ajustement stable et confortable<\/li>\n<li data-start=\"1643\" data-end=\"1723\">Semelle int\u00e9grale en caoutchouc transparent pour une adh\u00e9rence fiable sur sol sec et mouill\u00e9<\/li>\n<\/ul>\n","protected":false},"featured_media":392799,"template":"","meta":{"_acf_changed":false,"inline_featured_image":false},"product_brand":[],"product_cat":[24448,24447],"product_tag":[23557,23564],"class_list":{"0":"post-392839","1":"product","2":"type-product","3":"status-publish","4":"has-post-thumbnail","6":"product_cat-chaussures-pour-hommes-fr","7":"product_cat-neutre-fr-3","8":"product_tag-adidas-fr","9":"product_tag-adidas-homme","10":"pa_attivita-fitness-fr","11":"pa_attivita-lifestyle-fr","12":"pa_attivita-marcher","13":"pa_attivita-running-fr","14":"pa_colore-supernova-glide-cblack-ironm","15":"pa_colore-supernova-glide-ftwwht-blue","16":"pa_marca-adidas-fr","17":"pa_sesso-homme","18":"pa_size-41-fr","19":"pa_size-42-fr","21":"pa_size-43-fr","22":"pa_size-44-fr","23":"pa_size-45-fr","24":"pa_size-46-fr","27":"first","28":"instock","29":"sale","30":"taxable","31":"shipping-taxable","32":"purchasable","33":"product-type-variable","34":"wvs-archive-product-wrapper"},"acf":[],"yoast_head":"<!-- This site is optimized with the Yoast SEO plugin v26.8 - https:\/\/yoast.com\/product\/yoast-seo-wordpress\/ -->\n<title>Adidas Supernova Glide homme - chaussure de course homme - MioMioRun<\/title>\n<meta name=\"description\" content=\"Supernova Glide : chaussures de course quotidiennes avec semelle interm\u00e9diaire Dreamstrike Glow sur toute la longueur, tige en mono-mesh respirant et semelle en caoutchouc.\" \/>\n<meta name=\"robots\" content=\"index, follow, max-snippet:-1, max-image-preview:large, max-video-preview:-1\" \/>\n<link rel=\"canonical\" href=\"https:\/\/www.miomiorun.com\/fr\/produit\/supernova-glide-homme\/\" \/>\n<meta property=\"og:locale\" content=\"fr_FR\" \/>\n<meta property=\"og:type\" content=\"article\" \/>\n<meta property=\"og:title\" content=\"Adidas Supernova Glide homme - chaussure de course homme - MioMioRun\" \/>\n<meta property=\"og:description\" content=\"Supernova Glide : chaussures de course quotidiennes avec semelle interm\u00e9diaire Dreamstrike Glow sur toute la longueur, tige en mono-mesh respirant et semelle en caoutchouc.\" \/>\n<meta property=\"og:url\" content=\"https:\/\/www.miomiorun.com\/fr\/produit\/supernova-glide-homme\/\" \/>\n<meta property=\"og:site_name\" content=\"MioMioRun\" \/>\n<meta property=\"article:publisher\" content=\"https:\/\/www.facebook.com\/miomiorun\/\" \/>\n<meta property=\"article:modified_time\" content=\"2026-05-09T10:10:02+00:00\" \/>\n<meta property=\"og:image\" content=\"https:\/\/www.miomiorun.com\/app\/uploads\/2026\/01\/adidas-Supernova-Glide-ftwwht-blue-KJ8758.webp\" \/>\n\t<meta property=\"og:image:width\" content=\"720\" \/>\n\t<meta property=\"og:image:height\" content=\"720\" \/>\n\t<meta property=\"og:image:type\" content=\"image\/webp\" \/>\n<meta name=\"twitter:card\" content=\"summary_large_image\" \/>\n<meta name=\"twitter:label1\" content=\"Est. reading time\" \/>\n\t<meta name=\"twitter:data1\" content=\"2 minutes\" \/>\n<script type=\"application\/ld+json\" class=\"yoast-schema-graph\">{\"@context\":\"https:\/\/schema.org\",\"@graph\":[{\"@type\":\"WebPage\",\"@id\":\"https:\/\/www.miomiorun.com\/fr\/produit\/supernova-glide-homme\/\",\"url\":\"https:\/\/www.miomiorun.com\/fr\/produit\/supernova-glide-homme\/\",\"name\":\"Adidas Supernova Glide homme - chaussure de course homme - MioMioRun\",\"isPartOf\":{\"@id\":\"https:\/\/www.miomiorun.com\/fr\/#website\"},\"primaryImageOfPage\":{\"@id\":\"https:\/\/www.miomiorun.com\/fr\/produit\/supernova-glide-homme\/#primaryimage\"},\"image\":{\"@id\":\"https:\/\/www.miomiorun.com\/fr\/produit\/supernova-glide-homme\/#primaryimage\"},\"thumbnailUrl\":\"https:\/\/www.miomiorun.com\/app\/uploads\/2026\/01\/adidas-Supernova-Glide-ftwwht-blue-KJ8758.webp\",\"datePublished\":\"2026-01-15T14:57:14+00:00\",\"dateModified\":\"2026-05-09T10:10:02+00:00\",\"description\":\"Supernova Glide : chaussures de course quotidiennes avec semelle interm\u00e9diaire Dreamstrike Glow sur toute la longueur, tige en mono-mesh respirant et semelle en caoutchouc.\",\"breadcrumb\":{\"@id\":\"https:\/\/www.miomiorun.com\/fr\/produit\/supernova-glide-homme\/#breadcrumb\"},\"inLanguage\":\"fr-FR\",\"potentialAction\":[{\"@type\":\"ReadAction\",\"target\":[\"https:\/\/www.miomiorun.com\/fr\/produit\/supernova-glide-homme\/\"]}]},{\"@type\":\"ImageObject\",\"inLanguage\":\"fr-FR\",\"@id\":\"https:\/\/www.miomiorun.com\/fr\/produit\/supernova-glide-homme\/#primaryimage\",\"url\":\"https:\/\/www.miomiorun.com\/app\/uploads\/2026\/01\/adidas-Supernova-Glide-ftwwht-blue-KJ8758.webp\",\"contentUrl\":\"https:\/\/www.miomiorun.com\/app\/uploads\/2026\/01\/adidas-Supernova-Glide-ftwwht-blue-KJ8758.webp\",\"width\":720,\"height\":720,\"caption\":\"adidas Supernova Glide ftwwht blue KJ8758\"},{\"@type\":\"BreadcrumbList\",\"@id\":\"https:\/\/www.miomiorun.com\/fr\/produit\/supernova-glide-homme\/#breadcrumb\",\"itemListElement\":[{\"@type\":\"ListItem\",\"position\":1,\"name\":\"Home\",\"item\":\"https:\/\/www.miomiorun.com\/fr\/home-page\/\"},{\"@type\":\"ListItem\",\"position\":2,\"name\":\"Shop\",\"item\":\"https:\/\/www.miomiorun.com\/shop\/\"},{\"@type\":\"ListItem\",\"position\":3,\"name\":\"Supernova Glide homme\"}]},{\"@type\":\"WebSite\",\"@id\":\"https:\/\/www.miomiorun.com\/fr\/#website\",\"url\":\"https:\/\/www.miomiorun.com\/fr\/\",\"name\":\"MioMioRun\",\"description\":\"Boutique 100% running et trail\",\"publisher\":{\"@id\":\"https:\/\/www.miomiorun.com\/fr\/#organization\"},\"potentialAction\":[{\"@type\":\"SearchAction\",\"target\":{\"@type\":\"EntryPoint\",\"urlTemplate\":\"https:\/\/www.miomiorun.com\/fr\/?s={search_term_string}\"},\"query-input\":{\"@type\":\"PropertyValueSpecification\",\"valueRequired\":true,\"valueName\":\"search_term_string\"}}],\"inLanguage\":\"fr-FR\"},{\"@type\":\"Organization\",\"@id\":\"https:\/\/www.miomiorun.com\/fr\/#organization\",\"name\":\"MioMio Run\",\"url\":\"https:\/\/www.miomiorun.com\/fr\/\",\"logo\":{\"@type\":\"ImageObject\",\"inLanguage\":\"fr-FR\",\"@id\":\"https:\/\/www.miomiorun.com\/fr\/#\/schema\/logo\/image\/\",\"url\":\"https:\/\/www.miomiorun.com\/app\/uploads\/2019\/12\/logomio.png\",\"contentUrl\":\"https:\/\/www.miomiorun.com\/app\/uploads\/2019\/12\/logomio.png\",\"width\":115,\"height\":82,\"caption\":\"MioMio Run\"},\"image\":{\"@id\":\"https:\/\/www.miomiorun.com\/fr\/#\/schema\/logo\/image\/\"},\"sameAs\":[\"https:\/\/www.facebook.com\/miomiorun\/\",\"https:\/\/www.instagram.com\/miomiorun\/\"]}]}<\/script>\n<!-- \/ Yoast SEO plugin. -->","yoast_head_json":{"title":"Adidas Supernova Glide homme - chaussure de course homme - MioMioRun","description":"Supernova Glide : chaussures de course quotidiennes avec semelle interm\u00e9diaire Dreamstrike Glow sur toute la longueur, tige en mono-mesh respirant et semelle en caoutchouc.","robots":{"index":"index","follow":"follow","max-snippet":"max-snippet:-1","max-image-preview":"max-image-preview:large","max-video-preview":"max-video-preview:-1"},"canonical":"https:\/\/www.miomiorun.com\/fr\/produit\/supernova-glide-homme\/","og_locale":"fr_FR","og_type":"article","og_title":"Adidas Supernova Glide homme - chaussure de course homme - MioMioRun","og_description":"Supernova Glide : chaussures de course quotidiennes avec semelle interm\u00e9diaire Dreamstrike Glow sur toute la longueur, tige en mono-mesh respirant et semelle en caoutchouc.","og_url":"https:\/\/www.miomiorun.com\/fr\/produit\/supernova-glide-homme\/","og_site_name":"MioMioRun","article_publisher":"https:\/\/www.facebook.com\/miomiorun\/","article_modified_time":"2026-05-09T10:10:02+00:00","og_image":[{"width":720,"height":720,"url":"https:\/\/www.miomiorun.com\/app\/uploads\/2026\/01\/adidas-Supernova-Glide-ftwwht-blue-KJ8758.webp","type":"image\/webp"}],"twitter_card":"summary_large_image","twitter_misc":{"Est. reading time":"2 minutes"},"schema":{"@context":"https:\/\/schema.org","@graph":[{"@type":"WebPage","@id":"https:\/\/www.miomiorun.com\/fr\/produit\/supernova-glide-homme\/","url":"https:\/\/www.miomiorun.com\/fr\/produit\/supernova-glide-homme\/","name":"Adidas Supernova Glide homme - chaussure de course homme - MioMioRun","isPartOf":{"@id":"https:\/\/www.miomiorun.com\/fr\/#website"},"primaryImageOfPage":{"@id":"https:\/\/www.miomiorun.com\/fr\/produit\/supernova-glide-homme\/#primaryimage"},"image":{"@id":"https:\/\/www.miomiorun.com\/fr\/produit\/supernova-glide-homme\/#primaryimage"},"thumbnailUrl":"https:\/\/www.miomiorun.com\/app\/uploads\/2026\/01\/adidas-Supernova-Glide-ftwwht-blue-KJ8758.webp","datePublished":"2026-01-15T14:57:14+00:00","dateModified":"2026-05-09T10:10:02+00:00","description":"Supernova Glide : chaussures de course quotidiennes avec semelle interm\u00e9diaire Dreamstrike Glow sur toute la longueur, tige en mono-mesh respirant et semelle en caoutchouc.","breadcrumb":{"@id":"https:\/\/www.miomiorun.com\/fr\/produit\/supernova-glide-homme\/#breadcrumb"},"inLanguage":"fr-FR","potentialAction":[{"@type":"ReadAction","target":["https:\/\/www.miomiorun.com\/fr\/produit\/supernova-glide-homme\/"]}]},{"@type":"ImageObject","inLanguage":"fr-FR","@id":"https:\/\/www.miomiorun.com\/fr\/produit\/supernova-glide-homme\/#primaryimage","url":"https:\/\/www.miomiorun.com\/app\/uploads\/2026\/01\/adidas-Supernova-Glide-ftwwht-blue-KJ8758.webp","contentUrl":"https:\/\/www.miomiorun.com\/app\/uploads\/2026\/01\/adidas-Supernova-Glide-ftwwht-blue-KJ8758.webp","width":720,"height":720,"caption":"adidas Supernova Glide ftwwht blue KJ8758"},{"@type":"BreadcrumbList","@id":"https:\/\/www.miomiorun.com\/fr\/produit\/supernova-glide-homme\/#breadcrumb","itemListElement":[{"@type":"ListItem","position":1,"name":"Home","item":"https:\/\/www.miomiorun.com\/fr\/home-page\/"},{"@type":"ListItem","position":2,"name":"Shop","item":"https:\/\/www.miomiorun.com\/shop\/"},{"@type":"ListItem","position":3,"name":"Supernova Glide homme"}]},{"@type":"WebSite","@id":"https:\/\/www.miomiorun.com\/fr\/#website","url":"https:\/\/www.miomiorun.com\/fr\/","name":"MioMioRun","description":"Boutique 100% running et trail","publisher":{"@id":"https:\/\/www.miomiorun.com\/fr\/#organization"},"potentialAction":[{"@type":"SearchAction","target":{"@type":"EntryPoint","urlTemplate":"https:\/\/www.miomiorun.com\/fr\/?s={search_term_string}"},"query-input":{"@type":"PropertyValueSpecification","valueRequired":true,"valueName":"search_term_string"}}],"inLanguage":"fr-FR"},{"@type":"Organization","@id":"https:\/\/www.miomiorun.com\/fr\/#organization","name":"MioMio Run","url":"https:\/\/www.miomiorun.com\/fr\/","logo":{"@type":"ImageObject","inLanguage":"fr-FR","@id":"https:\/\/www.miomiorun.com\/fr\/#\/schema\/logo\/image\/","url":"https:\/\/www.miomiorun.com\/app\/uploads\/2019\/12\/logomio.png","contentUrl":"https:\/\/www.miomiorun.com\/app\/uploads\/2019\/12\/logomio.png","width":115,"height":82,"caption":"MioMio Run"},"image":{"@id":"https:\/\/www.miomiorun.com\/fr\/#\/schema\/logo\/image\/"},"sameAs":["https:\/\/www.facebook.com\/miomiorun\/","https:\/\/www.instagram.com\/miomiorun\/"]}]}},"_links":{"self":[{"href":"https:\/\/www.miomiorun.com\/fr\/wp-json\/wp\/v2\/product\/392839","targetHints":{"allow":["GET"]}}],"collection":[{"href":"https:\/\/www.miomiorun.com\/fr\/wp-json\/wp\/v2\/product"}],"about":[{"href":"https:\/\/www.miomiorun.com\/fr\/wp-json\/wp\/v2\/types\/product"}],"wp:featuredmedia":[{"embeddable":true,"href":"https:\/\/www.miomiorun.com\/fr\/wp-json\/wp\/v2\/media\/392799"}],"wp:attachment":[{"href":"https:\/\/www.miomiorun.com\/fr\/wp-json\/wp\/v2\/media?parent=392839"}],"wp:term":[{"taxonomy":"product_brand","embeddable":true,"href":"https:\/\/www.miomiorun.com\/fr\/wp-json\/wp\/v2\/product_brand?post=392839"},{"taxonomy":"product_cat","embeddable":true,"href":"https:\/\/www.miomiorun.com\/fr\/wp-json\/wp\/v2\/product_cat?post=392839"},{"taxonomy":"product_tag","embeddable":true,"href":"https:\/\/www.miomiorun.com\/fr\/wp-json\/wp\/v2\/product_tag?post=392839"}],"curies":[{"name":"wp","href":"https:\/\/api.w.org\/{rel}","templated":true}]}}