{"id":391630,"date":"2026-01-28T10:32:12","date_gmt":"2026-01-28T09:32:12","guid":{"rendered":"https:\/\/www.miomiorun.com\/?post_type=product&#038;p=391630"},"modified":"2026-02-06T10:39:29","modified_gmt":"2026-02-06T09:39:29","slug":"magic-speed-5","status":"publish","type":"product","link":"https:\/\/www.miomiorun.com\/fr\/produit\/magic-speed-5\/","title":{"rendered":"Magic Speed 5"},"content":{"rendered":"<table style=\"border-collapse: collapse;width: 100%\">\n<tbody>\n<tr>\n<td style=\"width: 33.3333%;vertical-align: top;text-align: center\">\n<h4>Caract\u00e9ristiques techniques<\/h4>\n<p>Cat\u00e9gorie : amorti maximal<br \/>\nD\u00e9calage : 7 mm<br \/>\nPoids : 196 g<br \/>\nId\u00e9al pour : les coureurs confirm\u00e9s, \u00e0 la recherche \u00e0 la fois de performances et de confort, pour obtenir d&#8217;excellents r\u00e9sultats en comp\u00e9tition.<br \/>\nPoids de l&#8217;athl\u00e8te : 55-75 kg<br \/>\nAllure de course : rapide &lt;4,30 min\/km<br \/>\n<a href=\"https:\/\/miomiorun.com\/guida-alle-specifiche-tecniche\/\">Guide des sp\u00e9cifications techniques<\/a><\/td>\n<td style=\"width: 66.6666%;vertical-align: top;text-align: center\">\n<p data-start=\"155\" data-end=\"477\">La <strong data-start=\"158\" data-end=\"181\">ASICS MAGIC SPEED 5<\/strong> est con\u00e7ue pour favoriser une <strong data-start=\"212\" data-end=\"236\">foul\u00e9e plus \u00e9nergique<\/strong> et vous permettre de courir et de concourir \u00e0 des <strong data-start=\"277\" data-end=\"299\">vitesses sup\u00e9rieures<\/strong>. Cette nouvelle version est <strong data-start=\"325\" data-end=\"354\">environ 50 g plus l\u00e9g\u00e8re<\/strong> que le mod\u00e8le pr\u00e9c\u00e9dent et pr\u00e9sente une structure encore plus r\u00e9active et contr\u00f4l\u00e9e, id\u00e9ale pour la course sur route.<\/p>\n<p data-start=\"479\" data-end=\"884\">La semelle interm\u00e9diaire combine deux technologies avanc\u00e9es : <strong data-start=\"525\" data-end=\"536\">FF LEAP<\/strong> et <strong data-start=\"539\" data-end=\"556\">FF BLAST PLUS<\/strong>, qui fonctionnent ensemble pour offrir un amorti \u00e9lev\u00e9 et un <strong data-start=\"624\" data-end=\"656\">d\u00e9collage extr\u00eamement \u00e9nergique<\/strong>. Le <strong data-start=\"661\" data-end=\"685\">drop r\u00e9duit de 7 mm<\/strong> et la <strong data-start=\"691\" data-end=\"727\">hauteur totale plus basse<\/strong> (6 mm de moins au talon et 5 mm de moins \u00e0 l&#8217;avant-pied par rapport \u00e0 la version pr\u00e9c\u00e9dente) am\u00e9liorent la perception du terrain et la r\u00e9activit\u00e9 de la course.<\/p>\n<p data-start=\"886\" data-end=\"1350\">La <strong data-start=\"889\" data-end=\"934\">plaque en carbone sur toute la longueur<\/strong>, redessin\u00e9e, guide le pied \u00e0 chaque foul\u00e9e, favorisant une pouss\u00e9e vers l&#8217;avant efficace et aidant \u00e0 \u00e9conomiser de l&#8217;\u00e9nergie. La <strong data-start=\"1058\" data-end=\"1084\">tige en mesh technique<\/strong>, l\u00e9g\u00e8re et respirante, assure confort et ventilation, tandis que la <strong data-start=\"1152\" data-end=\"1171\">semelle ASICSGRIP<\/strong> garantit une adh\u00e9rence avanc\u00e9e sur l&#8217;asphalte. Avec un <strong data-start=\"1225\" data-end=\"1247\">poids de seulement 196 g<\/strong>, la MAGIC SPEED 5 est une chaussure neutre con\u00e7ue pour ceux qui recherchent des performances \u00e9lev\u00e9es, du contr\u00f4le et de la vitesse.\n<\/p>\n<\/p>\n<\/td>\n<\/tr>\n<\/tbody>\n<\/table>\n<p>&nbsp;<\/p>\n","protected":false},"excerpt":{"rendered":"<ul>\n<li data-start=\"1589\" data-end=\"1662\">Plaque en carbone sur toute la longueur pour plus de propulsion et d&#8217;\u00e9conomie d&#8217;\u00e9nergie<\/li>\n<li data-start=\"1665\" data-end=\"1739\">Amorti FF LEAP + FF BLAST PLUS pour une r\u00e9activit\u00e9 et un confort \u00e9lev\u00e9s<\/li>\n<li data-start=\"1742\" data-end=\"1816\">Poids r\u00e9duit (196 g) et stack plus bas pour plus de contr\u00f4le et de vitesse<\/li>\n<\/ul>\n","protected":false},"featured_media":405701,"template":"","meta":{"_acf_changed":false,"inline_featured_image":false},"product_brand":[],"product_cat":[22605,24448,22606,24447],"product_tag":[23560,23668,23667],"class_list":{"0":"post-391630","1":"product","2":"type-product","3":"status-publish","4":"has-post-thumbnail","6":"product_cat-chaussures-pour-femmes","7":"product_cat-chaussures-pour-hommes-fr","8":"product_cat-neutre","9":"product_cat-neutre-fr-3","10":"product_tag-asics-fr","11":"product_tag-asics-femme","12":"product_tag-asics-homme","13":"pa_attivita-running-fr","14":"pa_colore-magic-speed-5-vital-green-carrier-grey","15":"pa_colore-magic-speed-5-white-black","16":"pa_marca-asics-fr","17":"pa_sesso-femme","18":"pa_sesso-homme","19":"pa_size-41-5-fr","20":"pa_size-42-fr","21":"pa_size-42-5-fr","22":"pa_size-43-5-fr","23":"pa_size-44-fr","24":"pa_size-44-5-fr","25":"pa_size-45-fr","26":"pa_size-46-fr","27":"pa_size-46-5-fr","29":"first","30":"instock","31":"sale","32":"taxable","33":"shipping-taxable","34":"purchasable","35":"product-type-variable","36":"wvs-archive-product-wrapper"},"acf":[],"yoast_head":"<!-- This site is optimized with the Yoast SEO plugin v26.8 - https:\/\/yoast.com\/product\/yoast-seo-wordpress\/ -->\n<title>Asics Magic Speed 5 - chaussures de course unisexes - MioMioRun<\/title>\n<meta name=\"description\" content=\"Chaussures de course l\u00e9g\u00e8res et r\u00e9actives avec plaque en carbone, amorti FF LEAP + FF BLAST PLUS et drop de 7 mm. Id\u00e9ales pour les comp\u00e9titions et les entra\u00eenements rapides.\" \/>\n<meta name=\"robots\" content=\"index, follow, max-snippet:-1, max-image-preview:large, max-video-preview:-1\" \/>\n<link rel=\"canonical\" href=\"https:\/\/www.miomiorun.com\/fr\/produit\/magic-speed-5\/\" \/>\n<meta property=\"og:locale\" content=\"fr_FR\" \/>\n<meta property=\"og:type\" content=\"article\" \/>\n<meta property=\"og:title\" content=\"Asics Magic Speed 5 - chaussures de course unisexes - MioMioRun\" \/>\n<meta property=\"og:description\" content=\"Chaussures de course l\u00e9g\u00e8res et r\u00e9actives avec plaque en carbone, amorti FF LEAP + FF BLAST PLUS et drop de 7 mm. Id\u00e9ales pour les comp\u00e9titions et les entra\u00eenements rapides.\" \/>\n<meta property=\"og:url\" content=\"https:\/\/www.miomiorun.com\/fr\/produit\/magic-speed-5\/\" \/>\n<meta property=\"og:site_name\" content=\"MioMioRun\" \/>\n<meta property=\"article:publisher\" content=\"https:\/\/www.facebook.com\/miomiorun\/\" \/>\n<meta property=\"article:modified_time\" content=\"2026-02-06T09:39:29+00:00\" \/>\n<meta property=\"og:image\" content=\"https:\/\/www.miomiorun.com\/app\/uploads\/2025\/12\/asics-Megablast-vital-green-black-1013A170-300.webp\" \/>\n\t<meta property=\"og:image:width\" content=\"720\" \/>\n\t<meta property=\"og:image:height\" content=\"720\" \/>\n\t<meta property=\"og:image:type\" content=\"image\/webp\" \/>\n<meta name=\"twitter:card\" content=\"summary_large_image\" \/>\n<meta name=\"twitter:label1\" content=\"Est. reading time\" \/>\n\t<meta name=\"twitter:data1\" content=\"1 minute\" \/>\n<script type=\"application\/ld+json\" class=\"yoast-schema-graph\">{\"@context\":\"https:\/\/schema.org\",\"@graph\":[{\"@type\":\"WebPage\",\"@id\":\"https:\/\/www.miomiorun.com\/fr\/produit\/magic-speed-5\/\",\"url\":\"https:\/\/www.miomiorun.com\/fr\/produit\/magic-speed-5\/\",\"name\":\"Asics Magic Speed 5 - chaussures de course unisexes - MioMioRun\",\"isPartOf\":{\"@id\":\"https:\/\/www.miomiorun.com\/fr\/#website\"},\"primaryImageOfPage\":{\"@id\":\"https:\/\/www.miomiorun.com\/fr\/produit\/magic-speed-5\/#primaryimage\"},\"image\":{\"@id\":\"https:\/\/www.miomiorun.com\/fr\/produit\/magic-speed-5\/#primaryimage\"},\"thumbnailUrl\":\"https:\/\/www.miomiorun.com\/app\/uploads\/2026\/02\/asics-Magic-Speed-5-vital-green-carrier-grey-1013A183-300.webp\",\"datePublished\":\"2026-01-28T09:32:12+00:00\",\"dateModified\":\"2026-02-06T09:39:29+00:00\",\"description\":\"Chaussures de course l\u00e9g\u00e8res et r\u00e9actives avec plaque en carbone, amorti FF LEAP + FF BLAST PLUS et drop de 7 mm. Id\u00e9ales pour les comp\u00e9titions et les entra\u00eenements rapides.\",\"breadcrumb\":{\"@id\":\"https:\/\/www.miomiorun.com\/fr\/produit\/magic-speed-5\/#breadcrumb\"},\"inLanguage\":\"fr-FR\",\"potentialAction\":[{\"@type\":\"ReadAction\",\"target\":[\"https:\/\/www.miomiorun.com\/fr\/produit\/magic-speed-5\/\"]}]},{\"@type\":\"ImageObject\",\"inLanguage\":\"fr-FR\",\"@id\":\"https:\/\/www.miomiorun.com\/fr\/produit\/magic-speed-5\/#primaryimage\",\"url\":\"https:\/\/www.miomiorun.com\/app\/uploads\/2026\/02\/asics-Magic-Speed-5-vital-green-carrier-grey-1013A183-300.webp\",\"contentUrl\":\"https:\/\/www.miomiorun.com\/app\/uploads\/2026\/02\/asics-Magic-Speed-5-vital-green-carrier-grey-1013A183-300.webp\",\"width\":720,\"height\":720,\"caption\":\"asics Magic Speed 5 vital green carrier grey 1013A183 300\"},{\"@type\":\"BreadcrumbList\",\"@id\":\"https:\/\/www.miomiorun.com\/fr\/produit\/magic-speed-5\/#breadcrumb\",\"itemListElement\":[{\"@type\":\"ListItem\",\"position\":1,\"name\":\"Home\",\"item\":\"https:\/\/www.miomiorun.com\/fr\/home-page\/\"},{\"@type\":\"ListItem\",\"position\":2,\"name\":\"Shop\",\"item\":\"https:\/\/www.miomiorun.com\/shop\/\"},{\"@type\":\"ListItem\",\"position\":3,\"name\":\"Magic Speed 5\"}]},{\"@type\":\"WebSite\",\"@id\":\"https:\/\/www.miomiorun.com\/fr\/#website\",\"url\":\"https:\/\/www.miomiorun.com\/fr\/\",\"name\":\"MioMioRun\",\"description\":\"Boutique 100% running et trail\",\"publisher\":{\"@id\":\"https:\/\/www.miomiorun.com\/fr\/#organization\"},\"potentialAction\":[{\"@type\":\"SearchAction\",\"target\":{\"@type\":\"EntryPoint\",\"urlTemplate\":\"https:\/\/www.miomiorun.com\/fr\/?s={search_term_string}\"},\"query-input\":{\"@type\":\"PropertyValueSpecification\",\"valueRequired\":true,\"valueName\":\"search_term_string\"}}],\"inLanguage\":\"fr-FR\"},{\"@type\":\"Organization\",\"@id\":\"https:\/\/www.miomiorun.com\/fr\/#organization\",\"name\":\"MioMio Run\",\"url\":\"https:\/\/www.miomiorun.com\/fr\/\",\"logo\":{\"@type\":\"ImageObject\",\"inLanguage\":\"fr-FR\",\"@id\":\"https:\/\/www.miomiorun.com\/fr\/#\/schema\/logo\/image\/\",\"url\":\"https:\/\/www.miomiorun.com\/app\/uploads\/2019\/12\/logomio.png\",\"contentUrl\":\"https:\/\/www.miomiorun.com\/app\/uploads\/2019\/12\/logomio.png\",\"width\":115,\"height\":82,\"caption\":\"MioMio Run\"},\"image\":{\"@id\":\"https:\/\/www.miomiorun.com\/fr\/#\/schema\/logo\/image\/\"},\"sameAs\":[\"https:\/\/www.facebook.com\/miomiorun\/\",\"https:\/\/www.instagram.com\/miomiorun\/\"]}]}<\/script>\n<!-- \/ Yoast SEO plugin. -->","yoast_head_json":{"title":"Asics Magic Speed 5 - chaussures de course unisexes - MioMioRun","description":"Chaussures de course l\u00e9g\u00e8res et r\u00e9actives avec plaque en carbone, amorti FF LEAP + FF BLAST PLUS et drop de 7 mm. Id\u00e9ales pour les comp\u00e9titions et les entra\u00eenements rapides.","robots":{"index":"index","follow":"follow","max-snippet":"max-snippet:-1","max-image-preview":"max-image-preview:large","max-video-preview":"max-video-preview:-1"},"canonical":"https:\/\/www.miomiorun.com\/fr\/produit\/magic-speed-5\/","og_locale":"fr_FR","og_type":"article","og_title":"Asics Magic Speed 5 - chaussures de course unisexes - MioMioRun","og_description":"Chaussures de course l\u00e9g\u00e8res et r\u00e9actives avec plaque en carbone, amorti FF LEAP + FF BLAST PLUS et drop de 7 mm. Id\u00e9ales pour les comp\u00e9titions et les entra\u00eenements rapides.","og_url":"https:\/\/www.miomiorun.com\/fr\/produit\/magic-speed-5\/","og_site_name":"MioMioRun","article_publisher":"https:\/\/www.facebook.com\/miomiorun\/","article_modified_time":"2026-02-06T09:39:29+00:00","og_image":[{"width":720,"height":720,"url":"https:\/\/www.miomiorun.com\/app\/uploads\/2025\/12\/asics-Megablast-vital-green-black-1013A170-300.webp","type":"image\/webp"}],"twitter_card":"summary_large_image","twitter_misc":{"Est. reading time":"1 minute"},"schema":{"@context":"https:\/\/schema.org","@graph":[{"@type":"WebPage","@id":"https:\/\/www.miomiorun.com\/fr\/produit\/magic-speed-5\/","url":"https:\/\/www.miomiorun.com\/fr\/produit\/magic-speed-5\/","name":"Asics Magic Speed 5 - chaussures de course unisexes - MioMioRun","isPartOf":{"@id":"https:\/\/www.miomiorun.com\/fr\/#website"},"primaryImageOfPage":{"@id":"https:\/\/www.miomiorun.com\/fr\/produit\/magic-speed-5\/#primaryimage"},"image":{"@id":"https:\/\/www.miomiorun.com\/fr\/produit\/magic-speed-5\/#primaryimage"},"thumbnailUrl":"https:\/\/www.miomiorun.com\/app\/uploads\/2026\/02\/asics-Magic-Speed-5-vital-green-carrier-grey-1013A183-300.webp","datePublished":"2026-01-28T09:32:12+00:00","dateModified":"2026-02-06T09:39:29+00:00","description":"Chaussures de course l\u00e9g\u00e8res et r\u00e9actives avec plaque en carbone, amorti FF LEAP + FF BLAST PLUS et drop de 7 mm. Id\u00e9ales pour les comp\u00e9titions et les entra\u00eenements rapides.","breadcrumb":{"@id":"https:\/\/www.miomiorun.com\/fr\/produit\/magic-speed-5\/#breadcrumb"},"inLanguage":"fr-FR","potentialAction":[{"@type":"ReadAction","target":["https:\/\/www.miomiorun.com\/fr\/produit\/magic-speed-5\/"]}]},{"@type":"ImageObject","inLanguage":"fr-FR","@id":"https:\/\/www.miomiorun.com\/fr\/produit\/magic-speed-5\/#primaryimage","url":"https:\/\/www.miomiorun.com\/app\/uploads\/2026\/02\/asics-Magic-Speed-5-vital-green-carrier-grey-1013A183-300.webp","contentUrl":"https:\/\/www.miomiorun.com\/app\/uploads\/2026\/02\/asics-Magic-Speed-5-vital-green-carrier-grey-1013A183-300.webp","width":720,"height":720,"caption":"asics Magic Speed 5 vital green carrier grey 1013A183 300"},{"@type":"BreadcrumbList","@id":"https:\/\/www.miomiorun.com\/fr\/produit\/magic-speed-5\/#breadcrumb","itemListElement":[{"@type":"ListItem","position":1,"name":"Home","item":"https:\/\/www.miomiorun.com\/fr\/home-page\/"},{"@type":"ListItem","position":2,"name":"Shop","item":"https:\/\/www.miomiorun.com\/shop\/"},{"@type":"ListItem","position":3,"name":"Magic Speed 5"}]},{"@type":"WebSite","@id":"https:\/\/www.miomiorun.com\/fr\/#website","url":"https:\/\/www.miomiorun.com\/fr\/","name":"MioMioRun","description":"Boutique 100% running et trail","publisher":{"@id":"https:\/\/www.miomiorun.com\/fr\/#organization"},"potentialAction":[{"@type":"SearchAction","target":{"@type":"EntryPoint","urlTemplate":"https:\/\/www.miomiorun.com\/fr\/?s={search_term_string}"},"query-input":{"@type":"PropertyValueSpecification","valueRequired":true,"valueName":"search_term_string"}}],"inLanguage":"fr-FR"},{"@type":"Organization","@id":"https:\/\/www.miomiorun.com\/fr\/#organization","name":"MioMio Run","url":"https:\/\/www.miomiorun.com\/fr\/","logo":{"@type":"ImageObject","inLanguage":"fr-FR","@id":"https:\/\/www.miomiorun.com\/fr\/#\/schema\/logo\/image\/","url":"https:\/\/www.miomiorun.com\/app\/uploads\/2019\/12\/logomio.png","contentUrl":"https:\/\/www.miomiorun.com\/app\/uploads\/2019\/12\/logomio.png","width":115,"height":82,"caption":"MioMio Run"},"image":{"@id":"https:\/\/www.miomiorun.com\/fr\/#\/schema\/logo\/image\/"},"sameAs":["https:\/\/www.facebook.com\/miomiorun\/","https:\/\/www.instagram.com\/miomiorun\/"]}]}},"_links":{"self":[{"href":"https:\/\/www.miomiorun.com\/fr\/wp-json\/wp\/v2\/product\/391630","targetHints":{"allow":["GET"]}}],"collection":[{"href":"https:\/\/www.miomiorun.com\/fr\/wp-json\/wp\/v2\/product"}],"about":[{"href":"https:\/\/www.miomiorun.com\/fr\/wp-json\/wp\/v2\/types\/product"}],"wp:featuredmedia":[{"embeddable":true,"href":"https:\/\/www.miomiorun.com\/fr\/wp-json\/wp\/v2\/media\/405701"}],"wp:attachment":[{"href":"https:\/\/www.miomiorun.com\/fr\/wp-json\/wp\/v2\/media?parent=391630"}],"wp:term":[{"taxonomy":"product_brand","embeddable":true,"href":"https:\/\/www.miomiorun.com\/fr\/wp-json\/wp\/v2\/product_brand?post=391630"},{"taxonomy":"product_cat","embeddable":true,"href":"https:\/\/www.miomiorun.com\/fr\/wp-json\/wp\/v2\/product_cat?post=391630"},{"taxonomy":"product_tag","embeddable":true,"href":"https:\/\/www.miomiorun.com\/fr\/wp-json\/wp\/v2\/product_tag?post=391630"}],"curies":[{"name":"wp","href":"https:\/\/api.w.org\/{rel}","templated":true}]}}