{"id":391601,"date":"2026-01-28T10:17:13","date_gmt":"2026-01-28T09:17:13","guid":{"rendered":"https:\/\/www.miomiorun.com\/?post_type=product&#038;p=391601"},"modified":"2026-05-09T12:06:49","modified_gmt":"2026-05-09T10:06:49","slug":"speedgoat-7-homme","status":"publish","type":"product","link":"https:\/\/www.miomiorun.com\/fr\/produit\/speedgoat-7-homme\/","title":{"rendered":"Speedgoat 7 homme"},"content":{"rendered":"<table style=\"border-collapse: collapse;width: 100%\">\n<tbody>\n<tr>\n<td style=\"width: 33.3333%;vertical-align: top;text-align: center\"><strong>Caract\u00e9ristiques techniques<\/strong><\/p>\n<p>Cat\u00e9gorie : amorti sup\u00e9rieur<br \/>\nD\u00e9calage : 5 mm<br \/>\nPoids : 275 g<br \/>\nId\u00e9al pour : les coureurs de trail et les amateurs de randonn\u00e9es en montagne \u00e0 la recherche d&#8217;un mod\u00e8le l\u00e9ger, bien amorti et protecteur, capable d&#8217;offrir un confort maximal m\u00eame sur de longues distances.<br \/>\nPoids de l&#8217;athl\u00e8te : 60-70 kg<br \/>\nAllure de course : moyenne \u00e0 rapide (4,30-6,00 min\/km)<br \/>\n<a href=\"https:\/\/miomiorun.com\/guida-alle-specifiche-tecniche\/\">Guide des sp\u00e9cifications techniques<\/a><\/td>\n<td style=\"width: 66.6666%;vertical-align: top;text-align: center\">\n<p data-start=\"147\" data-end=\"504\">La <strong data-start=\"150\" data-end=\"165\">Speedgoat 7<\/strong> est con\u00e7ue pour offrir une exp\u00e9rience de course <strong data-start=\"214\" data-end=\"248\">riche en adh\u00e9rence et en r\u00e9activit\u00e9<\/strong> sur les <strong data-start=\"253\" data-end=\"272\">terrains techniques<\/strong>. Gr\u00e2ce \u00e0 un <strong data-start=\"286\" data-end=\"318\">retour d&#8217;\u00e9nergie sup\u00e9rieur<\/strong> et \u00e0 une <strong data-start=\"328\" data-end=\"355\">nouvelle semelle interm\u00e9diaire en SCF<\/strong>, cette \u00e9volution place la barre encore plus haut en mati\u00e8re de performances, tout en conservant la traction et le maintien fiables qui ont fait la renomm\u00e9e de la gamme.<\/p>\n<p data-start=\"506\" data-end=\"1028\">Chaque d\u00e9tail a \u00e9t\u00e9 soigneusement \u00e9tudi\u00e9 : le <strong data-start=\"551\" data-end=\"577\">col perfectionn\u00e9<\/strong> augmente le confort, tandis que la <strong data-start=\"608\" data-end=\"639\">gu\u00eatre de protection int\u00e9gr\u00e9e<\/strong> aide \u00e0 \u00e9loigner les d\u00e9bris et la salet\u00e9. La <strong data-start=\"684\" data-end=\"727\">semelle Vibram\u00ae Megagrip avec Traction Lug<\/strong> et <strong data-start=\"730\" data-end=\"752\">cr\u00eate de 5 mm<\/strong> assure une adh\u00e9rence et un contr\u00f4le solides sur les terrains mixtes, gr\u00e2ce \u00e9galement \u00e0 l&#8217;<strong data-start=\"819\" data-end=\"861\">orientation actualis\u00e9e de la cr\u00eate<\/strong>. La <strong data-start=\"866\" data-end=\"903\">masque dynamique \u00e9lastique<\/strong> (en instance de brevet) et le <strong data-start=\"933\" data-end=\"960\">tissu rPET l\u00e9ger<\/strong> contribuent \u00e0 un ajustement stable et \u00e0 une sensation d&#8217;agilit\u00e9.<\/p>\n<p data-start=\"1030\" data-end=\"1314\">La <strong data-start=\"1057\" data-end=\"1098\">languette plate \u00e0 double soufflet<\/strong>, le <strong data-start=\"1103\" data-end=\"1126\">tiroir au talon<\/strong> et les <strong data-start=\"1131\" data-end=\"1159\">d\u00e9tails r\u00e9fl\u00e9chissants<\/strong> compl\u00e8tent l&#8217;ensemble pour plus de praticit\u00e9 et de visibilit\u00e9. Un concentr\u00e9 de nouvelles technologies qui consolide la Speedgoat comme l&#8217;une des chaussures de trail les plus r\u00e9sistantes et les plus appr\u00e9ci\u00e9es.\n<\/p>\n<\/p>\n<\/td>\n<\/tr>\n<\/tbody>\n<\/table>\n<p>&nbsp;<\/p>\n","protected":false},"excerpt":{"rendered":"<ul>\n<li data-start=\"1557\" data-end=\"1628\">Nouvelle semelle interm\u00e9diaire en SCF pour un retour d&#8217;\u00e9nergie et une r\u00e9activit\u00e9 sup\u00e9rieurs<\/li>\n<li data-start=\"1631\" data-end=\"1721\">Semelle Vibram\u00ae Megagrip avec crampons Traction Lug et profil de 5 mm pour une adh\u00e9rence optimale sur les terrains techniques<\/li>\n<li data-start=\"1724\" data-end=\"1811\">Gu\u00eatre int\u00e9gr\u00e9e, col perfectionn\u00e9 et mat\u00e9riaux l\u00e9gers pour plus de confort et de protection<\/li>\n<\/ul>\n","protected":false},"featured_media":398210,"template":"","meta":{"_acf_changed":false,"inline_featured_image":false},"product_brand":[],"product_cat":[24448,24445],"product_tag":[23478,23604],"class_list":{"0":"post-391601","1":"product","2":"type-product","3":"status-publish","4":"has-post-thumbnail","6":"product_cat-chaussures-pour-hommes-fr","7":"product_cat-trail-fr-3","8":"product_tag-hoka-one-one-fr","9":"product_tag-hoka-homme","10":"pa_attivita-outdoor-fr","11":"pa_attivita-trail-fr","12":"pa_colore-speedgoat-7-bay-leaf-sea-glass","13":"pa_colore-speedgoat-7-black-white","14":"pa_colore-speedgoat-7-kiwi-neon-yuzu","15":"pa_marca-hoka-fr","16":"pa_sesso-homme","17":"pa_size-41-fr","18":"pa_size-42-fr","20":"pa_size-43-fr","21":"pa_size-44-fr","23":"pa_size-45-fr","24":"pa_size-46-fr","26":"pa_size-47-fr","28":"first","29":"instock","30":"sale","31":"taxable","32":"shipping-taxable","33":"purchasable","34":"product-type-variable","35":"wvs-archive-product-wrapper"},"acf":[],"yoast_head":"<!-- This site is optimized with the Yoast SEO plugin v26.8 - https:\/\/yoast.com\/product\/yoast-seo-wordpress\/ -->\n<title>Hoka Speedgoat 7 homme - chaussures de trail - MioMioRun.com<\/title>\n<meta name=\"description\" content=\"Chaussure de trail avec nouvelle semelle interm\u00e9diaire en SCF, semelle Vibram\u00ae Megagrip avec Traction Lug, gu\u00eatre int\u00e9gr\u00e9e et crampons de 5 mm. Adh\u00e9rence et r\u00e9activit\u00e9.\" \/>\n<meta name=\"robots\" content=\"index, follow, max-snippet:-1, max-image-preview:large, max-video-preview:-1\" \/>\n<link rel=\"canonical\" href=\"https:\/\/www.miomiorun.com\/fr\/produit\/speedgoat-7-homme\/\" \/>\n<meta property=\"og:locale\" content=\"fr_FR\" \/>\n<meta property=\"og:type\" content=\"article\" \/>\n<meta property=\"og:title\" content=\"Hoka Speedgoat 7 homme - chaussures de trail - MioMioRun.com\" \/>\n<meta property=\"og:description\" content=\"Chaussure de trail avec nouvelle semelle interm\u00e9diaire en SCF, semelle Vibram\u00ae Megagrip avec Traction Lug, gu\u00eatre int\u00e9gr\u00e9e et crampons de 5 mm. Adh\u00e9rence et r\u00e9activit\u00e9.\" \/>\n<meta property=\"og:url\" content=\"https:\/\/www.miomiorun.com\/fr\/produit\/speedgoat-7-homme\/\" \/>\n<meta property=\"og:site_name\" content=\"MioMioRun\" \/>\n<meta property=\"article:publisher\" content=\"https:\/\/www.facebook.com\/miomiorun\/\" \/>\n<meta property=\"article:modified_time\" content=\"2026-05-09T10:06:49+00:00\" \/>\n<meta property=\"og:image\" content=\"https:\/\/www.miomiorun.com\/app\/uploads\/2026\/02\/HOKA-SPEEDGOAT-7-KIWI-NEON-YUZU-1171928-KWN.webp\" \/>\n\t<meta property=\"og:image:width\" content=\"720\" \/>\n\t<meta property=\"og:image:height\" content=\"720\" \/>\n\t<meta property=\"og:image:type\" content=\"image\/webp\" \/>\n<meta name=\"twitter:card\" content=\"summary_large_image\" \/>\n<meta name=\"twitter:label1\" content=\"Est. reading time\" \/>\n\t<meta name=\"twitter:data1\" content=\"1 minute\" \/>\n<script type=\"application\/ld+json\" class=\"yoast-schema-graph\">{\"@context\":\"https:\/\/schema.org\",\"@graph\":[{\"@type\":\"WebPage\",\"@id\":\"https:\/\/www.miomiorun.com\/fr\/produit\/speedgoat-7-homme\/\",\"url\":\"https:\/\/www.miomiorun.com\/fr\/produit\/speedgoat-7-homme\/\",\"name\":\"Hoka Speedgoat 7 homme - chaussures de trail - MioMioRun.com\",\"isPartOf\":{\"@id\":\"https:\/\/www.miomiorun.com\/fr\/#website\"},\"primaryImageOfPage\":{\"@id\":\"https:\/\/www.miomiorun.com\/fr\/produit\/speedgoat-7-homme\/#primaryimage\"},\"image\":{\"@id\":\"https:\/\/www.miomiorun.com\/fr\/produit\/speedgoat-7-homme\/#primaryimage\"},\"thumbnailUrl\":\"https:\/\/www.miomiorun.com\/app\/uploads\/2026\/02\/HOKA-SPEEDGOAT-7-KIWI-NEON-YUZU-1171928-KWN.webp\",\"datePublished\":\"2026-01-28T09:17:13+00:00\",\"dateModified\":\"2026-05-09T10:06:49+00:00\",\"description\":\"Chaussure de trail avec nouvelle semelle interm\u00e9diaire en SCF, semelle Vibram\u00ae Megagrip avec Traction Lug, gu\u00eatre int\u00e9gr\u00e9e et crampons de 5 mm. Adh\u00e9rence et r\u00e9activit\u00e9.\",\"breadcrumb\":{\"@id\":\"https:\/\/www.miomiorun.com\/fr\/produit\/speedgoat-7-homme\/#breadcrumb\"},\"inLanguage\":\"fr-FR\",\"potentialAction\":[{\"@type\":\"ReadAction\",\"target\":[\"https:\/\/www.miomiorun.com\/fr\/produit\/speedgoat-7-homme\/\"]}]},{\"@type\":\"ImageObject\",\"inLanguage\":\"fr-FR\",\"@id\":\"https:\/\/www.miomiorun.com\/fr\/produit\/speedgoat-7-homme\/#primaryimage\",\"url\":\"https:\/\/www.miomiorun.com\/app\/uploads\/2026\/02\/HOKA-SPEEDGOAT-7-KIWI-NEON-YUZU-1171928-KWN.webp\",\"contentUrl\":\"https:\/\/www.miomiorun.com\/app\/uploads\/2026\/02\/HOKA-SPEEDGOAT-7-KIWI-NEON-YUZU-1171928-KWN.webp\",\"width\":720,\"height\":720,\"caption\":\"HOKA SPEEDGOAT 7 KIWI NEON YUZU 1171928 KWN\"},{\"@type\":\"BreadcrumbList\",\"@id\":\"https:\/\/www.miomiorun.com\/fr\/produit\/speedgoat-7-homme\/#breadcrumb\",\"itemListElement\":[{\"@type\":\"ListItem\",\"position\":1,\"name\":\"Home\",\"item\":\"https:\/\/www.miomiorun.com\/fr\/home-page\/\"},{\"@type\":\"ListItem\",\"position\":2,\"name\":\"Shop\",\"item\":\"https:\/\/www.miomiorun.com\/shop\/\"},{\"@type\":\"ListItem\",\"position\":3,\"name\":\"Speedgoat 7 homme\"}]},{\"@type\":\"WebSite\",\"@id\":\"https:\/\/www.miomiorun.com\/fr\/#website\",\"url\":\"https:\/\/www.miomiorun.com\/fr\/\",\"name\":\"MioMioRun\",\"description\":\"Boutique 100% running et trail\",\"publisher\":{\"@id\":\"https:\/\/www.miomiorun.com\/fr\/#organization\"},\"potentialAction\":[{\"@type\":\"SearchAction\",\"target\":{\"@type\":\"EntryPoint\",\"urlTemplate\":\"https:\/\/www.miomiorun.com\/fr\/?s={search_term_string}\"},\"query-input\":{\"@type\":\"PropertyValueSpecification\",\"valueRequired\":true,\"valueName\":\"search_term_string\"}}],\"inLanguage\":\"fr-FR\"},{\"@type\":\"Organization\",\"@id\":\"https:\/\/www.miomiorun.com\/fr\/#organization\",\"name\":\"MioMio Run\",\"url\":\"https:\/\/www.miomiorun.com\/fr\/\",\"logo\":{\"@type\":\"ImageObject\",\"inLanguage\":\"fr-FR\",\"@id\":\"https:\/\/www.miomiorun.com\/fr\/#\/schema\/logo\/image\/\",\"url\":\"https:\/\/www.miomiorun.com\/app\/uploads\/2019\/12\/logomio.png\",\"contentUrl\":\"https:\/\/www.miomiorun.com\/app\/uploads\/2019\/12\/logomio.png\",\"width\":115,\"height\":82,\"caption\":\"MioMio Run\"},\"image\":{\"@id\":\"https:\/\/www.miomiorun.com\/fr\/#\/schema\/logo\/image\/\"},\"sameAs\":[\"https:\/\/www.facebook.com\/miomiorun\/\",\"https:\/\/www.instagram.com\/miomiorun\/\"]}]}<\/script>\n<!-- \/ Yoast SEO plugin. -->","yoast_head_json":{"title":"Hoka Speedgoat 7 homme - chaussures de trail - MioMioRun.com","description":"Chaussure de trail avec nouvelle semelle interm\u00e9diaire en SCF, semelle Vibram\u00ae Megagrip avec Traction Lug, gu\u00eatre int\u00e9gr\u00e9e et crampons de 5 mm. Adh\u00e9rence et r\u00e9activit\u00e9.","robots":{"index":"index","follow":"follow","max-snippet":"max-snippet:-1","max-image-preview":"max-image-preview:large","max-video-preview":"max-video-preview:-1"},"canonical":"https:\/\/www.miomiorun.com\/fr\/produit\/speedgoat-7-homme\/","og_locale":"fr_FR","og_type":"article","og_title":"Hoka Speedgoat 7 homme - chaussures de trail - MioMioRun.com","og_description":"Chaussure de trail avec nouvelle semelle interm\u00e9diaire en SCF, semelle Vibram\u00ae Megagrip avec Traction Lug, gu\u00eatre int\u00e9gr\u00e9e et crampons de 5 mm. Adh\u00e9rence et r\u00e9activit\u00e9.","og_url":"https:\/\/www.miomiorun.com\/fr\/produit\/speedgoat-7-homme\/","og_site_name":"MioMioRun","article_publisher":"https:\/\/www.facebook.com\/miomiorun\/","article_modified_time":"2026-05-09T10:06:49+00:00","og_image":[{"width":720,"height":720,"url":"https:\/\/www.miomiorun.com\/app\/uploads\/2026\/02\/HOKA-SPEEDGOAT-7-KIWI-NEON-YUZU-1171928-KWN.webp","type":"image\/webp"}],"twitter_card":"summary_large_image","twitter_misc":{"Est. reading time":"1 minute"},"schema":{"@context":"https:\/\/schema.org","@graph":[{"@type":"WebPage","@id":"https:\/\/www.miomiorun.com\/fr\/produit\/speedgoat-7-homme\/","url":"https:\/\/www.miomiorun.com\/fr\/produit\/speedgoat-7-homme\/","name":"Hoka Speedgoat 7 homme - chaussures de trail - MioMioRun.com","isPartOf":{"@id":"https:\/\/www.miomiorun.com\/fr\/#website"},"primaryImageOfPage":{"@id":"https:\/\/www.miomiorun.com\/fr\/produit\/speedgoat-7-homme\/#primaryimage"},"image":{"@id":"https:\/\/www.miomiorun.com\/fr\/produit\/speedgoat-7-homme\/#primaryimage"},"thumbnailUrl":"https:\/\/www.miomiorun.com\/app\/uploads\/2026\/02\/HOKA-SPEEDGOAT-7-KIWI-NEON-YUZU-1171928-KWN.webp","datePublished":"2026-01-28T09:17:13+00:00","dateModified":"2026-05-09T10:06:49+00:00","description":"Chaussure de trail avec nouvelle semelle interm\u00e9diaire en SCF, semelle Vibram\u00ae Megagrip avec Traction Lug, gu\u00eatre int\u00e9gr\u00e9e et crampons de 5 mm. Adh\u00e9rence et r\u00e9activit\u00e9.","breadcrumb":{"@id":"https:\/\/www.miomiorun.com\/fr\/produit\/speedgoat-7-homme\/#breadcrumb"},"inLanguage":"fr-FR","potentialAction":[{"@type":"ReadAction","target":["https:\/\/www.miomiorun.com\/fr\/produit\/speedgoat-7-homme\/"]}]},{"@type":"ImageObject","inLanguage":"fr-FR","@id":"https:\/\/www.miomiorun.com\/fr\/produit\/speedgoat-7-homme\/#primaryimage","url":"https:\/\/www.miomiorun.com\/app\/uploads\/2026\/02\/HOKA-SPEEDGOAT-7-KIWI-NEON-YUZU-1171928-KWN.webp","contentUrl":"https:\/\/www.miomiorun.com\/app\/uploads\/2026\/02\/HOKA-SPEEDGOAT-7-KIWI-NEON-YUZU-1171928-KWN.webp","width":720,"height":720,"caption":"HOKA SPEEDGOAT 7 KIWI NEON YUZU 1171928 KWN"},{"@type":"BreadcrumbList","@id":"https:\/\/www.miomiorun.com\/fr\/produit\/speedgoat-7-homme\/#breadcrumb","itemListElement":[{"@type":"ListItem","position":1,"name":"Home","item":"https:\/\/www.miomiorun.com\/fr\/home-page\/"},{"@type":"ListItem","position":2,"name":"Shop","item":"https:\/\/www.miomiorun.com\/shop\/"},{"@type":"ListItem","position":3,"name":"Speedgoat 7 homme"}]},{"@type":"WebSite","@id":"https:\/\/www.miomiorun.com\/fr\/#website","url":"https:\/\/www.miomiorun.com\/fr\/","name":"MioMioRun","description":"Boutique 100% running et trail","publisher":{"@id":"https:\/\/www.miomiorun.com\/fr\/#organization"},"potentialAction":[{"@type":"SearchAction","target":{"@type":"EntryPoint","urlTemplate":"https:\/\/www.miomiorun.com\/fr\/?s={search_term_string}"},"query-input":{"@type":"PropertyValueSpecification","valueRequired":true,"valueName":"search_term_string"}}],"inLanguage":"fr-FR"},{"@type":"Organization","@id":"https:\/\/www.miomiorun.com\/fr\/#organization","name":"MioMio Run","url":"https:\/\/www.miomiorun.com\/fr\/","logo":{"@type":"ImageObject","inLanguage":"fr-FR","@id":"https:\/\/www.miomiorun.com\/fr\/#\/schema\/logo\/image\/","url":"https:\/\/www.miomiorun.com\/app\/uploads\/2019\/12\/logomio.png","contentUrl":"https:\/\/www.miomiorun.com\/app\/uploads\/2019\/12\/logomio.png","width":115,"height":82,"caption":"MioMio Run"},"image":{"@id":"https:\/\/www.miomiorun.com\/fr\/#\/schema\/logo\/image\/"},"sameAs":["https:\/\/www.facebook.com\/miomiorun\/","https:\/\/www.instagram.com\/miomiorun\/"]}]}},"_links":{"self":[{"href":"https:\/\/www.miomiorun.com\/fr\/wp-json\/wp\/v2\/product\/391601","targetHints":{"allow":["GET"]}}],"collection":[{"href":"https:\/\/www.miomiorun.com\/fr\/wp-json\/wp\/v2\/product"}],"about":[{"href":"https:\/\/www.miomiorun.com\/fr\/wp-json\/wp\/v2\/types\/product"}],"wp:featuredmedia":[{"embeddable":true,"href":"https:\/\/www.miomiorun.com\/fr\/wp-json\/wp\/v2\/media\/398210"}],"wp:attachment":[{"href":"https:\/\/www.miomiorun.com\/fr\/wp-json\/wp\/v2\/media?parent=391601"}],"wp:term":[{"taxonomy":"product_brand","embeddable":true,"href":"https:\/\/www.miomiorun.com\/fr\/wp-json\/wp\/v2\/product_brand?post=391601"},{"taxonomy":"product_cat","embeddable":true,"href":"https:\/\/www.miomiorun.com\/fr\/wp-json\/wp\/v2\/product_cat?post=391601"},{"taxonomy":"product_tag","embeddable":true,"href":"https:\/\/www.miomiorun.com\/fr\/wp-json\/wp\/v2\/product_tag?post=391601"}],"curies":[{"name":"wp","href":"https:\/\/api.w.org\/{rel}","templated":true}]}}