{"id":391465,"date":"2026-01-27T19:03:32","date_gmt":"2026-01-27T18:03:32","guid":{"rendered":"https:\/\/www.miomiorun.com\/?post_type=product&#038;p=391465"},"modified":"2026-05-09T12:03:25","modified_gmt":"2026-05-09T10:03:25","slug":"adizero-adios-9-homme","status":"publish","type":"product","link":"https:\/\/www.miomiorun.com\/fr\/produit\/adizero-adios-9-homme\/","title":{"rendered":"Adizero Adios 9 homme"},"content":{"rendered":"<p><div class=\"vc-row container\"><div class=\"vc-column\"><div class=\"vc-column-text\"><\/p>\n<h4>Caract\u00e9ristiques techniques<\/h4>\n<p>Cat\u00e9gorie : amorti r\u00e9actif<br \/>\nD\u00e9calage : 7 mm (talon 27 mm\/avant-pied 20 mm)<br \/>\nPoids : 177 g<br \/>\nId\u00e9al pour : les athl\u00e8tes rapides et pour une utilisation en comp\u00e9tition (semi-marathons), gr\u00e2ce \u00e0 son amorti innovant et r\u00e9actif, il vous rendra plus rapide et vous accompagnera jusqu&#8217;au podium.<br \/>\nPoids de l&#8217;athl\u00e8te : &lt; 70 kg<br \/>\nAllure de course : &lt; 4,00 min\/km<br \/>\n<a href=\"https:\/\/miomiorun.com\/guida-alle-specifiche-tecniche\/\">Guide des sp\u00e9cifications techniques<\/a><\/p>\n<p><\/div><\/div><div class=\"vc-column\"><div class=\"vc-column-text\"><\/p>\n<p data-start=\"143\" data-end=\"442\">Les <strong>A<\/strong><strong data-start=\"146\" data-end=\"157\">dios 9<\/strong> sont des chaussures de course <strong data-start=\"179\" data-end=\"196\">\u00e0 semelle basse<\/strong>, l\u00e9g\u00e8res et pr\u00eates pour la comp\u00e9tition, con\u00e7ues pour ceux qui recherchent vitesse et pr\u00e9cision du premier au dernier kilom\u00e8tre. Id\u00e9ales pour les <strong data-start=\"321\" data-end=\"343\">entra\u00eenements hybrides<\/strong> et les <strong data-start=\"346\" data-end=\"371\">performances polyvalentes<\/strong>, elles allient r\u00e9activit\u00e9 et confort dans un design \u00e9pur\u00e9 et comp\u00e9titif.<\/p>\n<p data-start=\"444\" data-end=\"848\">La semelle interm\u00e9diaire <strong data-start=\"457\" data-end=\"494\">Lightstrike Pro sur toute la longueur<\/strong> offre une r\u00e9ponse \u00e9lastique et imm\u00e9diate, tandis qu&#8217;un <strong data-start=\"546\" data-end=\"575\">\u00e9l\u00e9ment de renfort<\/strong> int\u00e9gr\u00e9 favorise les <strong data-start=\"596\" data-end=\"618\">transitions rapides<\/strong> et une pouss\u00e9e efficace. La <strong data-start=\"647\" data-end=\"679\">tige en mesh extensible<\/strong> am\u00e9liore l&#8217;ajustement et le confort, en maintenant le pied bien envelopp\u00e9 m\u00eame \u00e0 des rythmes plus \u00e9lev\u00e9s. La <strong data-start=\"777\" data-end=\"795\">semelle en caoutchouc<\/strong> assure une traction fiable pour l&#8217;entra\u00eenement et la comp\u00e9tition.<\/p>\n<p data-start=\"850\" data-end=\"1131\">Con\u00e7ues dans une optique responsable, les adios 9 contiennent <strong data-start=\"910\" data-end=\"950\">au moins 20 % de mat\u00e9riaux recycl\u00e9s<\/strong>, contribuant ainsi \u00e0 r\u00e9duire les d\u00e9chets et l&#8217;impact environnemental sans compromettre les performances. Un choix cibl\u00e9 pour ceux qui veulent atteindre la ligne d&#8217;arriv\u00e9e avec l\u00e9g\u00e8ret\u00e9, vitesse et contr\u00f4le.<\/p>\n<p><\/div><\/div><\/div><div class=\"vc-row container\"><div class=\"vc-column\"><div style=\"height:32px\" class=\"vc-empty-space\"><\/div><\/div><\/div><div class=\"vc-row container\"><div class=\"vc-column\"><div class=\"vc-column-text\"><\/p>\n<p><\/div><\/div><\/div><\/p><\/p>\n","protected":false},"excerpt":{"rendered":"<ul>\n<li data-start=\"1363\" data-end=\"1437\">Semelle interm\u00e9diaire <strong data-start=\"1374\" data-end=\"1393\">Lightstrike Pro<\/strong> sur toute la longueur pour plus de r\u00e9activit\u00e9 et de propulsion<\/li>\n<li data-start=\"1440\" data-end=\"1510\"><strong data-start=\"1440\" data-end=\"1455\">Semelle basse<\/strong> avec \u00e9l\u00e9ment de renfort pour des transitions rapides<\/li>\n<li data-start=\"1513\" data-end=\"1576\">Tige en <strong data-start=\"1523\" data-end=\"1545\">mesh extensible<\/strong> et mat\u00e9riaux recycl\u00e9s (\u226520 %)<\/li>\n<\/ul>\n","protected":false},"featured_media":393193,"template":"","meta":{"_acf_changed":false,"inline_featured_image":false},"product_brand":[],"product_cat":[22605,24448,22606,24447],"product_tag":[23557,23564],"class_list":{"0":"post-391465","1":"product","2":"type-product","3":"status-publish","4":"has-post-thumbnail","6":"product_cat-chaussures-pour-femmes","7":"product_cat-chaussures-pour-hommes-fr","8":"product_cat-neutre","9":"product_cat-neutre-fr-3","10":"product_tag-adidas-fr","11":"product_tag-adidas-homme","12":"pa_attivita-running-fr","13":"pa_colore-adios-9-syello-aurplu-powplu","14":"pa_marca-adidas-fr","15":"pa_sesso-homme","16":"pa_size-41-fr","17":"pa_size-42-fr","18":"pa_size-45-fr","20":"first","21":"instock","22":"sale","23":"taxable","24":"shipping-taxable","25":"purchasable","26":"product-type-variable","27":"wvs-archive-product-wrapper"},"acf":[],"yoast_head":"<!-- This site is optimized with the Yoast SEO plugin v26.8 - https:\/\/yoast.com\/product\/yoast-seo-wordpress\/ -->\n<title>Adidas Adizero Adios 9 homme -chaussures de course - MioMioRun .com<\/title>\n<meta name=\"description\" content=\"Chaussures de course l\u00e9g\u00e8res et pr\u00eates pour la comp\u00e9tition, avec amorti Lightstrike Pro, semelle basse et tige en mesh extensible. Vitesse, r\u00e9activit\u00e9 et confort.\" \/>\n<meta name=\"robots\" content=\"index, follow, max-snippet:-1, max-image-preview:large, max-video-preview:-1\" \/>\n<link rel=\"canonical\" href=\"https:\/\/www.miomiorun.com\/fr\/produit\/adizero-adios-9-homme\/\" \/>\n<meta property=\"og:locale\" content=\"fr_FR\" \/>\n<meta property=\"og:type\" content=\"article\" \/>\n<meta property=\"og:title\" content=\"Adidas Adizero Adios 9 homme -chaussures de course - MioMioRun .com\" \/>\n<meta property=\"og:description\" content=\"Chaussures de course l\u00e9g\u00e8res et pr\u00eates pour la comp\u00e9tition, avec amorti Lightstrike Pro, semelle basse et tige en mesh extensible. Vitesse, r\u00e9activit\u00e9 et confort.\" \/>\n<meta property=\"og:url\" content=\"https:\/\/www.miomiorun.com\/fr\/produit\/adizero-adios-9-homme\/\" \/>\n<meta property=\"og:site_name\" content=\"MioMioRun\" \/>\n<meta property=\"article:publisher\" content=\"https:\/\/www.facebook.com\/miomiorun\/\" \/>\n<meta property=\"article:modified_time\" content=\"2026-05-09T10:03:25+00:00\" \/>\n<meta property=\"og:image\" content=\"https:\/\/www.miomiorun.com\/app\/uploads\/2026\/01\/adidas-Adios-9-syello-aurplu-powplu-JQ0776.webp\" \/>\n\t<meta property=\"og:image:width\" content=\"720\" \/>\n\t<meta property=\"og:image:height\" content=\"720\" \/>\n\t<meta property=\"og:image:type\" content=\"image\/webp\" \/>\n<meta name=\"twitter:card\" content=\"summary_large_image\" \/>\n<meta name=\"twitter:label1\" content=\"Est. reading time\" \/>\n\t<meta name=\"twitter:data1\" content=\"2 minutes\" \/>\n<script type=\"application\/ld+json\" class=\"yoast-schema-graph\">{\"@context\":\"https:\/\/schema.org\",\"@graph\":[{\"@type\":\"WebPage\",\"@id\":\"https:\/\/www.miomiorun.com\/fr\/produit\/adizero-adios-9-homme\/\",\"url\":\"https:\/\/www.miomiorun.com\/fr\/produit\/adizero-adios-9-homme\/\",\"name\":\"Adidas Adizero Adios 9 homme -chaussures de course - MioMioRun .com\",\"isPartOf\":{\"@id\":\"https:\/\/www.miomiorun.com\/fr\/#website\"},\"primaryImageOfPage\":{\"@id\":\"https:\/\/www.miomiorun.com\/fr\/produit\/adizero-adios-9-homme\/#primaryimage\"},\"image\":{\"@id\":\"https:\/\/www.miomiorun.com\/fr\/produit\/adizero-adios-9-homme\/#primaryimage\"},\"thumbnailUrl\":\"https:\/\/www.miomiorun.com\/app\/uploads\/2026\/01\/adidas-Adios-9-syello-aurplu-powplu-JQ0776.webp\",\"datePublished\":\"2026-01-27T18:03:32+00:00\",\"dateModified\":\"2026-05-09T10:03:25+00:00\",\"description\":\"Chaussures de course l\u00e9g\u00e8res et pr\u00eates pour la comp\u00e9tition, avec amorti Lightstrike Pro, semelle basse et tige en mesh extensible. Vitesse, r\u00e9activit\u00e9 et confort.\",\"breadcrumb\":{\"@id\":\"https:\/\/www.miomiorun.com\/fr\/produit\/adizero-adios-9-homme\/#breadcrumb\"},\"inLanguage\":\"fr-FR\",\"potentialAction\":[{\"@type\":\"ReadAction\",\"target\":[\"https:\/\/www.miomiorun.com\/fr\/produit\/adizero-adios-9-homme\/\"]}]},{\"@type\":\"ImageObject\",\"inLanguage\":\"fr-FR\",\"@id\":\"https:\/\/www.miomiorun.com\/fr\/produit\/adizero-adios-9-homme\/#primaryimage\",\"url\":\"https:\/\/www.miomiorun.com\/app\/uploads\/2026\/01\/adidas-Adios-9-syello-aurplu-powplu-JQ0776.webp\",\"contentUrl\":\"https:\/\/www.miomiorun.com\/app\/uploads\/2026\/01\/adidas-Adios-9-syello-aurplu-powplu-JQ0776.webp\",\"width\":720,\"height\":720,\"caption\":\"adidas Adios 9 syello aurplu powplu JQ0776\"},{\"@type\":\"BreadcrumbList\",\"@id\":\"https:\/\/www.miomiorun.com\/fr\/produit\/adizero-adios-9-homme\/#breadcrumb\",\"itemListElement\":[{\"@type\":\"ListItem\",\"position\":1,\"name\":\"Home\",\"item\":\"https:\/\/www.miomiorun.com\/fr\/home-page\/\"},{\"@type\":\"ListItem\",\"position\":2,\"name\":\"Shop\",\"item\":\"https:\/\/www.miomiorun.com\/shop\/\"},{\"@type\":\"ListItem\",\"position\":3,\"name\":\"Adizero Adios 9 homme\"}]},{\"@type\":\"WebSite\",\"@id\":\"https:\/\/www.miomiorun.com\/fr\/#website\",\"url\":\"https:\/\/www.miomiorun.com\/fr\/\",\"name\":\"MioMioRun\",\"description\":\"Boutique 100% running et trail\",\"publisher\":{\"@id\":\"https:\/\/www.miomiorun.com\/fr\/#organization\"},\"potentialAction\":[{\"@type\":\"SearchAction\",\"target\":{\"@type\":\"EntryPoint\",\"urlTemplate\":\"https:\/\/www.miomiorun.com\/fr\/?s={search_term_string}\"},\"query-input\":{\"@type\":\"PropertyValueSpecification\",\"valueRequired\":true,\"valueName\":\"search_term_string\"}}],\"inLanguage\":\"fr-FR\"},{\"@type\":\"Organization\",\"@id\":\"https:\/\/www.miomiorun.com\/fr\/#organization\",\"name\":\"MioMio Run\",\"url\":\"https:\/\/www.miomiorun.com\/fr\/\",\"logo\":{\"@type\":\"ImageObject\",\"inLanguage\":\"fr-FR\",\"@id\":\"https:\/\/www.miomiorun.com\/fr\/#\/schema\/logo\/image\/\",\"url\":\"https:\/\/www.miomiorun.com\/app\/uploads\/2019\/12\/logomio.png\",\"contentUrl\":\"https:\/\/www.miomiorun.com\/app\/uploads\/2019\/12\/logomio.png\",\"width\":115,\"height\":82,\"caption\":\"MioMio Run\"},\"image\":{\"@id\":\"https:\/\/www.miomiorun.com\/fr\/#\/schema\/logo\/image\/\"},\"sameAs\":[\"https:\/\/www.facebook.com\/miomiorun\/\",\"https:\/\/www.instagram.com\/miomiorun\/\"]}]}<\/script>\n<!-- \/ Yoast SEO plugin. -->","yoast_head_json":{"title":"Adidas Adizero Adios 9 homme -chaussures de course - MioMioRun .com","description":"Chaussures de course l\u00e9g\u00e8res et pr\u00eates pour la comp\u00e9tition, avec amorti Lightstrike Pro, semelle basse et tige en mesh extensible. Vitesse, r\u00e9activit\u00e9 et confort.","robots":{"index":"index","follow":"follow","max-snippet":"max-snippet:-1","max-image-preview":"max-image-preview:large","max-video-preview":"max-video-preview:-1"},"canonical":"https:\/\/www.miomiorun.com\/fr\/produit\/adizero-adios-9-homme\/","og_locale":"fr_FR","og_type":"article","og_title":"Adidas Adizero Adios 9 homme -chaussures de course - MioMioRun .com","og_description":"Chaussures de course l\u00e9g\u00e8res et pr\u00eates pour la comp\u00e9tition, avec amorti Lightstrike Pro, semelle basse et tige en mesh extensible. Vitesse, r\u00e9activit\u00e9 et confort.","og_url":"https:\/\/www.miomiorun.com\/fr\/produit\/adizero-adios-9-homme\/","og_site_name":"MioMioRun","article_publisher":"https:\/\/www.facebook.com\/miomiorun\/","article_modified_time":"2026-05-09T10:03:25+00:00","og_image":[{"width":720,"height":720,"url":"https:\/\/www.miomiorun.com\/app\/uploads\/2026\/01\/adidas-Adios-9-syello-aurplu-powplu-JQ0776.webp","type":"image\/webp"}],"twitter_card":"summary_large_image","twitter_misc":{"Est. reading time":"2 minutes"},"schema":{"@context":"https:\/\/schema.org","@graph":[{"@type":"WebPage","@id":"https:\/\/www.miomiorun.com\/fr\/produit\/adizero-adios-9-homme\/","url":"https:\/\/www.miomiorun.com\/fr\/produit\/adizero-adios-9-homme\/","name":"Adidas Adizero Adios 9 homme -chaussures de course - MioMioRun .com","isPartOf":{"@id":"https:\/\/www.miomiorun.com\/fr\/#website"},"primaryImageOfPage":{"@id":"https:\/\/www.miomiorun.com\/fr\/produit\/adizero-adios-9-homme\/#primaryimage"},"image":{"@id":"https:\/\/www.miomiorun.com\/fr\/produit\/adizero-adios-9-homme\/#primaryimage"},"thumbnailUrl":"https:\/\/www.miomiorun.com\/app\/uploads\/2026\/01\/adidas-Adios-9-syello-aurplu-powplu-JQ0776.webp","datePublished":"2026-01-27T18:03:32+00:00","dateModified":"2026-05-09T10:03:25+00:00","description":"Chaussures de course l\u00e9g\u00e8res et pr\u00eates pour la comp\u00e9tition, avec amorti Lightstrike Pro, semelle basse et tige en mesh extensible. Vitesse, r\u00e9activit\u00e9 et confort.","breadcrumb":{"@id":"https:\/\/www.miomiorun.com\/fr\/produit\/adizero-adios-9-homme\/#breadcrumb"},"inLanguage":"fr-FR","potentialAction":[{"@type":"ReadAction","target":["https:\/\/www.miomiorun.com\/fr\/produit\/adizero-adios-9-homme\/"]}]},{"@type":"ImageObject","inLanguage":"fr-FR","@id":"https:\/\/www.miomiorun.com\/fr\/produit\/adizero-adios-9-homme\/#primaryimage","url":"https:\/\/www.miomiorun.com\/app\/uploads\/2026\/01\/adidas-Adios-9-syello-aurplu-powplu-JQ0776.webp","contentUrl":"https:\/\/www.miomiorun.com\/app\/uploads\/2026\/01\/adidas-Adios-9-syello-aurplu-powplu-JQ0776.webp","width":720,"height":720,"caption":"adidas Adios 9 syello aurplu powplu JQ0776"},{"@type":"BreadcrumbList","@id":"https:\/\/www.miomiorun.com\/fr\/produit\/adizero-adios-9-homme\/#breadcrumb","itemListElement":[{"@type":"ListItem","position":1,"name":"Home","item":"https:\/\/www.miomiorun.com\/fr\/home-page\/"},{"@type":"ListItem","position":2,"name":"Shop","item":"https:\/\/www.miomiorun.com\/shop\/"},{"@type":"ListItem","position":3,"name":"Adizero Adios 9 homme"}]},{"@type":"WebSite","@id":"https:\/\/www.miomiorun.com\/fr\/#website","url":"https:\/\/www.miomiorun.com\/fr\/","name":"MioMioRun","description":"Boutique 100% running et trail","publisher":{"@id":"https:\/\/www.miomiorun.com\/fr\/#organization"},"potentialAction":[{"@type":"SearchAction","target":{"@type":"EntryPoint","urlTemplate":"https:\/\/www.miomiorun.com\/fr\/?s={search_term_string}"},"query-input":{"@type":"PropertyValueSpecification","valueRequired":true,"valueName":"search_term_string"}}],"inLanguage":"fr-FR"},{"@type":"Organization","@id":"https:\/\/www.miomiorun.com\/fr\/#organization","name":"MioMio Run","url":"https:\/\/www.miomiorun.com\/fr\/","logo":{"@type":"ImageObject","inLanguage":"fr-FR","@id":"https:\/\/www.miomiorun.com\/fr\/#\/schema\/logo\/image\/","url":"https:\/\/www.miomiorun.com\/app\/uploads\/2019\/12\/logomio.png","contentUrl":"https:\/\/www.miomiorun.com\/app\/uploads\/2019\/12\/logomio.png","width":115,"height":82,"caption":"MioMio Run"},"image":{"@id":"https:\/\/www.miomiorun.com\/fr\/#\/schema\/logo\/image\/"},"sameAs":["https:\/\/www.facebook.com\/miomiorun\/","https:\/\/www.instagram.com\/miomiorun\/"]}]}},"_links":{"self":[{"href":"https:\/\/www.miomiorun.com\/fr\/wp-json\/wp\/v2\/product\/391465","targetHints":{"allow":["GET"]}}],"collection":[{"href":"https:\/\/www.miomiorun.com\/fr\/wp-json\/wp\/v2\/product"}],"about":[{"href":"https:\/\/www.miomiorun.com\/fr\/wp-json\/wp\/v2\/types\/product"}],"wp:featuredmedia":[{"embeddable":true,"href":"https:\/\/www.miomiorun.com\/fr\/wp-json\/wp\/v2\/media\/393193"}],"wp:attachment":[{"href":"https:\/\/www.miomiorun.com\/fr\/wp-json\/wp\/v2\/media?parent=391465"}],"wp:term":[{"taxonomy":"product_brand","embeddable":true,"href":"https:\/\/www.miomiorun.com\/fr\/wp-json\/wp\/v2\/product_brand?post=391465"},{"taxonomy":"product_cat","embeddable":true,"href":"https:\/\/www.miomiorun.com\/fr\/wp-json\/wp\/v2\/product_cat?post=391465"},{"taxonomy":"product_tag","embeddable":true,"href":"https:\/\/www.miomiorun.com\/fr\/wp-json\/wp\/v2\/product_tag?post=391465"}],"curies":[{"name":"wp","href":"https:\/\/api.w.org\/{rel}","templated":true}]}}