{"id":390892,"date":"2026-01-23T18:32:46","date_gmt":"2026-01-23T17:32:46","guid":{"rendered":"https:\/\/www.miomiorun.com\/?post_type=product&#038;p=390892"},"modified":"2026-05-09T12:02:24","modified_gmt":"2026-05-09T10:02:24","slug":"ultra-raptor-3-femme","status":"publish","type":"product","link":"https:\/\/www.miomiorun.com\/fr\/produit\/ultra-raptor-3-femme\/","title":{"rendered":"Ultra Raptor 3 femme"},"content":{"rendered":"<table style=\"border-collapse: collapse;width: 100%\">\n<tbody>\n<tr>\n<td style=\"width: 33.3333%;vertical-align: top\">\n<p style=\"text-align: center\"><strong>Caract\u00e9ristiques techniques<\/strong><\/p>\n<p style=\"text-align: center\">Cat\u00e9gorie : amorti haut de gamme<br \/>\nD\u00e9port : 8 mm (35 mm au talon \/ 27 mm \u00e0 l&#8217;avant-pied)<br \/>\nPoids : 295 g<br \/>\nId\u00e9al pour : les coureurs de trail et les randonneurs en montagne \u00e0 la recherche d&#8217;un mod\u00e8le solide, protecteur et fiable, pour les courses et les randonn\u00e9es de longue distance sur des terrains escarp\u00e9s et difficiles.<br \/>\nPoids de l&#8217;athl\u00e8te : &gt;60 kg<br \/>\nAllure de course : lente (&gt;6,00 min\/km)<br \/>\n<a href=\"https:\/\/miomiorun.com\/guida-alle-specifiche-tecniche\/\">Guide des caract\u00e9ristiques techniques<\/a><\/p>\n<\/td>\n<td style=\"width: 66.6666%;vertical-align: top\">\n<p style=\"text-align: center\" data-start=\"333\" data-end=\"702\">L&#8217;Ultra Raptor 3, qui en est \u00e0 sa troisi\u00e8me \u00e9dition, est une chaussure con\u00e7ue pour affronter des distances courtes et longues sur diff\u00e9rents types de terrain. La tige en mesh recycl\u00e9, r\u00e9sistante et respirante, est dot\u00e9e d\u2019un bout renforc\u00e9 et d\u2019un bord en caoutchouc pour prot\u00e9ger les orteils des rochers et des racines, tandis que le col avec gu\u00eatre int\u00e9gr\u00e9e limite la p\u00e9n\u00e9tration de cailloux, de graviers et de d\u00e9bris.<\/p>\n<p style=\"text-align: center\" data-start=\"704\" data-end=\"972\">La semelle interm\u00e9diaire souple et offrant un bon maintien est associ\u00e9e \u00e0 une structure plus compacte sous le talon avec un amorti en EVA pour am\u00e9liorer le maintien et la stabilit\u00e9. Le drop de 8 mm compl\u00e8te une construction con\u00e7ue pour le confort sur les sentiers.<\/p>\n<p style=\"text-align: center\" data-start=\"974\" data-end=\"1252\">La semelle ext\u00e9rieure en gomme FriXion\u00ae White dot\u00e9e de la technologie Impact Brake System\u2122 est con\u00e7ue pour offrir de l\u2019adh\u00e9rence en mont\u00e9e comme en descente, tandis que les rainures de flexion favorisent la libert\u00e9 de mouvement. Mod\u00e8le certifi\u00e9 vegan et sans PFAS.<\/p>\n<\/td>\n<\/tr>\n<\/tbody>\n<\/table>\n<p>&nbsp;<\/p>\n","protected":false},"excerpt":{"rendered":"<ul>\n<li>Semelle FriXion\u00ae White avec Impact Brake System\u2122 et crampons de 4,5 mm<\/li>\n<li>Semelle interm\u00e9diaire souple avec renfort structurel<\/li>\n<li>Garde-boue int\u00e9gr\u00e9 et embout renforc\u00e9 pour une meilleure protection<\/li>\n<\/ul>\n","protected":false},"featured_media":406574,"template":"","meta":{"_acf_changed":false,"inline_featured_image":false},"product_brand":[],"product_cat":[22605,22608],"product_tag":[23597,23601],"class_list":{"0":"post-390892","1":"product","2":"type-product","3":"status-publish","4":"has-post-thumbnail","6":"product_cat-chaussures-pour-femmes","7":"product_cat-trail-fr","8":"product_tag-la-sportiva-fr","9":"product_tag-la-sportiva-femme","10":"pa_attivita-outdoor-fr","11":"pa_colore-ultra-raptor-3-w-limestone-carbon","12":"pa_colore-ultra-raptor-3-w-mauve-mineral-red","13":"pa_colore-ultra-raptor-3-w-night-sky-azalea","14":"pa_marca-la-sportiva-fr","15":"pa_sesso-femme","16":"pa_size-38-fr","17":"pa_size-38-5-fr","18":"pa_size-39-fr","19":"pa_size-39-5-fr","20":"pa_size-40-fr","21":"pa_size-40-5-fr","22":"pa_size-41-fr","23":"pa_size-41-5-fr","24":"pa_size-42-fr","26":"first","27":"instock","28":"sale","29":"taxable","30":"shipping-taxable","31":"purchasable","32":"product-type-variable","33":"wvs-archive-product-wrapper"},"acf":[],"yoast_head":"<!-- This site is optimized with the Yoast SEO plugin v26.8 - https:\/\/yoast.com\/product\/yoast-seo-wordpress\/ -->\n<title>La Sportiva Ultra Raptor 3 femme - chaussure de randonn\u00e9e - MioMioRun .com<\/title>\n<meta name=\"description\" content=\"Ultra Raptor 3 avec semelle FriXion\u00ae White, drop de 8 mm, gu\u00eatre int\u00e9gr\u00e9e et structure stable pour une adh\u00e9rence et une protection optimales sur les sentiers.\" \/>\n<meta name=\"robots\" content=\"index, follow, max-snippet:-1, max-image-preview:large, max-video-preview:-1\" \/>\n<link rel=\"canonical\" href=\"https:\/\/www.miomiorun.com\/fr\/produit\/ultra-raptor-3-femme\/\" \/>\n<meta property=\"og:locale\" content=\"fr_FR\" \/>\n<meta property=\"og:type\" content=\"article\" \/>\n<meta property=\"og:title\" content=\"La Sportiva Ultra Raptor 3 femme - chaussure de randonn\u00e9e - MioMioRun .com\" \/>\n<meta property=\"og:description\" content=\"Ultra Raptor 3 avec semelle FriXion\u00ae White, drop de 8 mm, gu\u00eatre int\u00e9gr\u00e9e et structure stable pour une adh\u00e9rence et une protection optimales sur les sentiers.\" \/>\n<meta property=\"og:url\" content=\"https:\/\/www.miomiorun.com\/fr\/produit\/ultra-raptor-3-femme\/\" \/>\n<meta property=\"og:site_name\" content=\"MioMioRun\" \/>\n<meta property=\"article:publisher\" content=\"https:\/\/www.facebook.com\/miomiorun\/\" \/>\n<meta property=\"article:modified_time\" content=\"2026-05-09T10:02:24+00:00\" \/>\n<meta property=\"og:image\" content=\"https:\/\/www.miomiorun.com\/app\/uploads\/2026\/02\/la-sportiva-Ultra-Raptor-3-W-limestone-carbon-ZFHS112B53G00.webp\" \/>\n\t<meta property=\"og:image:width\" content=\"720\" \/>\n\t<meta property=\"og:image:height\" content=\"720\" \/>\n\t<meta property=\"og:image:type\" content=\"image\/webp\" \/>\n<meta name=\"twitter:card\" content=\"summary_large_image\" \/>\n<meta name=\"twitter:label1\" content=\"Est. reading time\" \/>\n\t<meta name=\"twitter:data1\" content=\"1 minute\" \/>\n<script type=\"application\/ld+json\" class=\"yoast-schema-graph\">{\"@context\":\"https:\/\/schema.org\",\"@graph\":[{\"@type\":\"WebPage\",\"@id\":\"https:\/\/www.miomiorun.com\/fr\/produit\/ultra-raptor-3-femme\/\",\"url\":\"https:\/\/www.miomiorun.com\/fr\/produit\/ultra-raptor-3-femme\/\",\"name\":\"La Sportiva Ultra Raptor 3 femme - chaussure de randonn\u00e9e - MioMioRun .com\",\"isPartOf\":{\"@id\":\"https:\/\/www.miomiorun.com\/fr\/#website\"},\"primaryImageOfPage\":{\"@id\":\"https:\/\/www.miomiorun.com\/fr\/produit\/ultra-raptor-3-femme\/#primaryimage\"},\"image\":{\"@id\":\"https:\/\/www.miomiorun.com\/fr\/produit\/ultra-raptor-3-femme\/#primaryimage\"},\"thumbnailUrl\":\"https:\/\/www.miomiorun.com\/app\/uploads\/2026\/02\/la-sportiva-Ultra-Raptor-3-W-limestone-carbon-ZFHS112B53G00.webp\",\"datePublished\":\"2026-01-23T17:32:46+00:00\",\"dateModified\":\"2026-05-09T10:02:24+00:00\",\"description\":\"Ultra Raptor 3 avec semelle FriXion\u00ae White, drop de 8 mm, gu\u00eatre int\u00e9gr\u00e9e et structure stable pour une adh\u00e9rence et une protection optimales sur les sentiers.\",\"breadcrumb\":{\"@id\":\"https:\/\/www.miomiorun.com\/fr\/produit\/ultra-raptor-3-femme\/#breadcrumb\"},\"inLanguage\":\"fr-FR\",\"potentialAction\":[{\"@type\":\"ReadAction\",\"target\":[\"https:\/\/www.miomiorun.com\/fr\/produit\/ultra-raptor-3-femme\/\"]}]},{\"@type\":\"ImageObject\",\"inLanguage\":\"fr-FR\",\"@id\":\"https:\/\/www.miomiorun.com\/fr\/produit\/ultra-raptor-3-femme\/#primaryimage\",\"url\":\"https:\/\/www.miomiorun.com\/app\/uploads\/2026\/02\/la-sportiva-Ultra-Raptor-3-W-limestone-carbon-ZFHS112B53G00.webp\",\"contentUrl\":\"https:\/\/www.miomiorun.com\/app\/uploads\/2026\/02\/la-sportiva-Ultra-Raptor-3-W-limestone-carbon-ZFHS112B53G00.webp\",\"width\":720,\"height\":720,\"caption\":\"la sportiva Ultra Raptor 3 W limestone carbon ZFHS112B53G00\"},{\"@type\":\"BreadcrumbList\",\"@id\":\"https:\/\/www.miomiorun.com\/fr\/produit\/ultra-raptor-3-femme\/#breadcrumb\",\"itemListElement\":[{\"@type\":\"ListItem\",\"position\":1,\"name\":\"Home\",\"item\":\"https:\/\/www.miomiorun.com\/fr\/home-page\/\"},{\"@type\":\"ListItem\",\"position\":2,\"name\":\"Shop\",\"item\":\"https:\/\/www.miomiorun.com\/shop\/\"},{\"@type\":\"ListItem\",\"position\":3,\"name\":\"Ultra Raptor 3 femme\"}]},{\"@type\":\"WebSite\",\"@id\":\"https:\/\/www.miomiorun.com\/fr\/#website\",\"url\":\"https:\/\/www.miomiorun.com\/fr\/\",\"name\":\"MioMioRun\",\"description\":\"Boutique 100% running et trail\",\"publisher\":{\"@id\":\"https:\/\/www.miomiorun.com\/fr\/#organization\"},\"potentialAction\":[{\"@type\":\"SearchAction\",\"target\":{\"@type\":\"EntryPoint\",\"urlTemplate\":\"https:\/\/www.miomiorun.com\/fr\/?s={search_term_string}\"},\"query-input\":{\"@type\":\"PropertyValueSpecification\",\"valueRequired\":true,\"valueName\":\"search_term_string\"}}],\"inLanguage\":\"fr-FR\"},{\"@type\":\"Organization\",\"@id\":\"https:\/\/www.miomiorun.com\/fr\/#organization\",\"name\":\"MioMio Run\",\"url\":\"https:\/\/www.miomiorun.com\/fr\/\",\"logo\":{\"@type\":\"ImageObject\",\"inLanguage\":\"fr-FR\",\"@id\":\"https:\/\/www.miomiorun.com\/fr\/#\/schema\/logo\/image\/\",\"url\":\"https:\/\/www.miomiorun.com\/app\/uploads\/2019\/12\/logomio.png\",\"contentUrl\":\"https:\/\/www.miomiorun.com\/app\/uploads\/2019\/12\/logomio.png\",\"width\":115,\"height\":82,\"caption\":\"MioMio Run\"},\"image\":{\"@id\":\"https:\/\/www.miomiorun.com\/fr\/#\/schema\/logo\/image\/\"},\"sameAs\":[\"https:\/\/www.facebook.com\/miomiorun\/\",\"https:\/\/www.instagram.com\/miomiorun\/\"]}]}<\/script>\n<!-- \/ Yoast SEO plugin. -->","yoast_head_json":{"title":"La Sportiva Ultra Raptor 3 femme - chaussure de randonn\u00e9e - MioMioRun .com","description":"Ultra Raptor 3 avec semelle FriXion\u00ae White, drop de 8 mm, gu\u00eatre int\u00e9gr\u00e9e et structure stable pour une adh\u00e9rence et une protection optimales sur les sentiers.","robots":{"index":"index","follow":"follow","max-snippet":"max-snippet:-1","max-image-preview":"max-image-preview:large","max-video-preview":"max-video-preview:-1"},"canonical":"https:\/\/www.miomiorun.com\/fr\/produit\/ultra-raptor-3-femme\/","og_locale":"fr_FR","og_type":"article","og_title":"La Sportiva Ultra Raptor 3 femme - chaussure de randonn\u00e9e - MioMioRun .com","og_description":"Ultra Raptor 3 avec semelle FriXion\u00ae White, drop de 8 mm, gu\u00eatre int\u00e9gr\u00e9e et structure stable pour une adh\u00e9rence et une protection optimales sur les sentiers.","og_url":"https:\/\/www.miomiorun.com\/fr\/produit\/ultra-raptor-3-femme\/","og_site_name":"MioMioRun","article_publisher":"https:\/\/www.facebook.com\/miomiorun\/","article_modified_time":"2026-05-09T10:02:24+00:00","og_image":[{"width":720,"height":720,"url":"https:\/\/www.miomiorun.com\/app\/uploads\/2026\/02\/la-sportiva-Ultra-Raptor-3-W-limestone-carbon-ZFHS112B53G00.webp","type":"image\/webp"}],"twitter_card":"summary_large_image","twitter_misc":{"Est. reading time":"1 minute"},"schema":{"@context":"https:\/\/schema.org","@graph":[{"@type":"WebPage","@id":"https:\/\/www.miomiorun.com\/fr\/produit\/ultra-raptor-3-femme\/","url":"https:\/\/www.miomiorun.com\/fr\/produit\/ultra-raptor-3-femme\/","name":"La Sportiva Ultra Raptor 3 femme - chaussure de randonn\u00e9e - MioMioRun .com","isPartOf":{"@id":"https:\/\/www.miomiorun.com\/fr\/#website"},"primaryImageOfPage":{"@id":"https:\/\/www.miomiorun.com\/fr\/produit\/ultra-raptor-3-femme\/#primaryimage"},"image":{"@id":"https:\/\/www.miomiorun.com\/fr\/produit\/ultra-raptor-3-femme\/#primaryimage"},"thumbnailUrl":"https:\/\/www.miomiorun.com\/app\/uploads\/2026\/02\/la-sportiva-Ultra-Raptor-3-W-limestone-carbon-ZFHS112B53G00.webp","datePublished":"2026-01-23T17:32:46+00:00","dateModified":"2026-05-09T10:02:24+00:00","description":"Ultra Raptor 3 avec semelle FriXion\u00ae White, drop de 8 mm, gu\u00eatre int\u00e9gr\u00e9e et structure stable pour une adh\u00e9rence et une protection optimales sur les sentiers.","breadcrumb":{"@id":"https:\/\/www.miomiorun.com\/fr\/produit\/ultra-raptor-3-femme\/#breadcrumb"},"inLanguage":"fr-FR","potentialAction":[{"@type":"ReadAction","target":["https:\/\/www.miomiorun.com\/fr\/produit\/ultra-raptor-3-femme\/"]}]},{"@type":"ImageObject","inLanguage":"fr-FR","@id":"https:\/\/www.miomiorun.com\/fr\/produit\/ultra-raptor-3-femme\/#primaryimage","url":"https:\/\/www.miomiorun.com\/app\/uploads\/2026\/02\/la-sportiva-Ultra-Raptor-3-W-limestone-carbon-ZFHS112B53G00.webp","contentUrl":"https:\/\/www.miomiorun.com\/app\/uploads\/2026\/02\/la-sportiva-Ultra-Raptor-3-W-limestone-carbon-ZFHS112B53G00.webp","width":720,"height":720,"caption":"la sportiva Ultra Raptor 3 W limestone carbon ZFHS112B53G00"},{"@type":"BreadcrumbList","@id":"https:\/\/www.miomiorun.com\/fr\/produit\/ultra-raptor-3-femme\/#breadcrumb","itemListElement":[{"@type":"ListItem","position":1,"name":"Home","item":"https:\/\/www.miomiorun.com\/fr\/home-page\/"},{"@type":"ListItem","position":2,"name":"Shop","item":"https:\/\/www.miomiorun.com\/shop\/"},{"@type":"ListItem","position":3,"name":"Ultra Raptor 3 femme"}]},{"@type":"WebSite","@id":"https:\/\/www.miomiorun.com\/fr\/#website","url":"https:\/\/www.miomiorun.com\/fr\/","name":"MioMioRun","description":"Boutique 100% running et trail","publisher":{"@id":"https:\/\/www.miomiorun.com\/fr\/#organization"},"potentialAction":[{"@type":"SearchAction","target":{"@type":"EntryPoint","urlTemplate":"https:\/\/www.miomiorun.com\/fr\/?s={search_term_string}"},"query-input":{"@type":"PropertyValueSpecification","valueRequired":true,"valueName":"search_term_string"}}],"inLanguage":"fr-FR"},{"@type":"Organization","@id":"https:\/\/www.miomiorun.com\/fr\/#organization","name":"MioMio Run","url":"https:\/\/www.miomiorun.com\/fr\/","logo":{"@type":"ImageObject","inLanguage":"fr-FR","@id":"https:\/\/www.miomiorun.com\/fr\/#\/schema\/logo\/image\/","url":"https:\/\/www.miomiorun.com\/app\/uploads\/2019\/12\/logomio.png","contentUrl":"https:\/\/www.miomiorun.com\/app\/uploads\/2019\/12\/logomio.png","width":115,"height":82,"caption":"MioMio Run"},"image":{"@id":"https:\/\/www.miomiorun.com\/fr\/#\/schema\/logo\/image\/"},"sameAs":["https:\/\/www.facebook.com\/miomiorun\/","https:\/\/www.instagram.com\/miomiorun\/"]}]}},"_links":{"self":[{"href":"https:\/\/www.miomiorun.com\/fr\/wp-json\/wp\/v2\/product\/390892","targetHints":{"allow":["GET"]}}],"collection":[{"href":"https:\/\/www.miomiorun.com\/fr\/wp-json\/wp\/v2\/product"}],"about":[{"href":"https:\/\/www.miomiorun.com\/fr\/wp-json\/wp\/v2\/types\/product"}],"wp:featuredmedia":[{"embeddable":true,"href":"https:\/\/www.miomiorun.com\/fr\/wp-json\/wp\/v2\/media\/406574"}],"wp:attachment":[{"href":"https:\/\/www.miomiorun.com\/fr\/wp-json\/wp\/v2\/media?parent=390892"}],"wp:term":[{"taxonomy":"product_brand","embeddable":true,"href":"https:\/\/www.miomiorun.com\/fr\/wp-json\/wp\/v2\/product_brand?post=390892"},{"taxonomy":"product_cat","embeddable":true,"href":"https:\/\/www.miomiorun.com\/fr\/wp-json\/wp\/v2\/product_cat?post=390892"},{"taxonomy":"product_tag","embeddable":true,"href":"https:\/\/www.miomiorun.com\/fr\/wp-json\/wp\/v2\/product_tag?post=390892"}],"curies":[{"name":"wp","href":"https:\/\/api.w.org\/{rel}","templated":true}]}}