{"id":389376,"date":"2026-01-21T10:17:02","date_gmt":"2026-01-21T09:17:02","guid":{"rendered":"https:\/\/www.miomiorun.com\/?post_type=product&#038;p=389376"},"modified":"2026-05-09T12:00:03","modified_gmt":"2026-05-09T10:00:03","slug":"flow-5-short-femme","status":"publish","type":"product","link":"https:\/\/www.miomiorun.com\/fr\/produit\/flow-5-short-femme\/","title":{"rendered":"Flow 5&#8243; short femme"},"content":{"rendered":"<p>Le short La Sportiva Flow 5&#8243; est un short de trail running pour femme l\u00e9ger et hautement respirant, qui s\u00e8che rapidement pendant les comp\u00e9titions les plus exigeantes et les plus performantes. Il est con\u00e7u et structur\u00e9 pour vous accompagner sur les courtes distances \u00e0 haute intensit\u00e9.<\/p>\n<ul>\n<li>tissu l\u00e9ger et \u00e9lastique pour une mobilit\u00e9 maximale<\/li>\n<li>taille minimaliste r\u00e9glable avec insert \u00e9lastique<\/li>\n<li>slip de maintien int\u00e9gr\u00e9<\/li>\n<li>2 poches lat\u00e9rales en mesh pour une r\u00e9partition optimale du poids des gels et des petits objets<\/li>\n<\/ul>\n","protected":false},"excerpt":{"rendered":"<ul>\n<li>coupe ajust\u00e9e<\/li>\n<li>poids de seulement 100 g<\/li>\n<li><span class=\"th\">D\u00e9tails r\u00e9fl\u00e9chissants<\/span><span class=\"td\">&nbsp;<\/span><\/li>\n<li><span class=\"th\">Taille ajustable<\/span><span class=\"td\">&nbsp;<\/span><\/li>\n<\/ul>\n","protected":false},"featured_media":406214,"template":"","meta":{"_acf_changed":false,"inline_featured_image":false},"product_brand":[],"product_cat":[22602,22596,22595],"product_tag":[23597,23601],"class_list":{"0":"post-389376","1":"product","2":"type-product","3":"status-publish","4":"has-post-thumbnail","6":"product_cat-pantalon-court","7":"product_cat-vetements-pour-femmes","8":"product_cat-femme","9":"product_tag-la-sportiva-fr","10":"product_tag-la-sportiva-femme","11":"pa_attivita-marcher","12":"pa_attivita-outdoor-fr","13":"pa_attivita-trail-fr","14":"pa_colore-flow-5-short-w-malibu-blue-hibiscus","15":"pa_colore-flow-5-short-w-redwood-azalea","16":"pa_marca-crazy-idea-fr","17":"pa_sesso-femme","18":"pa_size-extra-small-fr","19":"pa_size-small-fr","20":"pa_size-medium-fr","21":"pa_size-large-fr","23":"first","24":"instock","25":"sale","26":"taxable","27":"shipping-taxable","28":"purchasable","29":"product-type-variable","30":"wvs-archive-product-wrapper"},"acf":[],"yoast_head":"<!-- This site is optimized with the Yoast SEO plugin v26.8 - https:\/\/yoast.com\/product\/yoast-seo-wordpress\/ -->\n<title>La Sportiva Flow 5&quot; short femme - short de course - MioMioRun<\/title>\n<meta name=\"description\" content=\"Pr\u00eats \u00e0 conqu\u00e9rir tous les sentiers ! Les shorts Flow 5&quot; sont des shorts techniques et l\u00e9gers, dot\u00e9s de poches fonctionnelles et de mat\u00e9riaux respirants.\" \/>\n<meta name=\"robots\" content=\"index, follow, max-snippet:-1, max-image-preview:large, max-video-preview:-1\" \/>\n<link rel=\"canonical\" href=\"https:\/\/www.miomiorun.com\/fr\/produit\/flow-5-short-femme\/\" \/>\n<meta property=\"og:locale\" content=\"fr_FR\" \/>\n<meta property=\"og:type\" content=\"article\" \/>\n<meta property=\"og:title\" content=\"La Sportiva Flow 5&quot; short femme - short de course - MioMioRun\" \/>\n<meta property=\"og:description\" content=\"Pr\u00eats \u00e0 conqu\u00e9rir tous les sentiers ! Les shorts Flow 5&quot; sont des shorts techniques et l\u00e9gers, dot\u00e9s de poches fonctionnelles et de mat\u00e9riaux respirants.\" \/>\n<meta property=\"og:url\" content=\"https:\/\/www.miomiorun.com\/fr\/produit\/flow-5-short-femme\/\" \/>\n<meta property=\"og:site_name\" content=\"MioMioRun\" \/>\n<meta property=\"article:publisher\" content=\"https:\/\/www.facebook.com\/miomiorun\/\" \/>\n<meta property=\"article:modified_time\" content=\"2026-05-09T10:00:03+00:00\" \/>\n<meta property=\"og:image\" content=\"https:\/\/www.miomiorun.com\/app\/uploads\/2026\/02\/la-sportiva-Flow-5-short-W-malibu-blue-hibiscus-ZARS041B02P02.webp\" \/>\n\t<meta property=\"og:image:width\" content=\"720\" \/>\n\t<meta property=\"og:image:height\" content=\"720\" \/>\n\t<meta property=\"og:image:type\" content=\"image\/webp\" \/>\n<meta name=\"twitter:card\" content=\"summary_large_image\" \/>\n<script type=\"application\/ld+json\" class=\"yoast-schema-graph\">{\"@context\":\"https:\/\/schema.org\",\"@graph\":[{\"@type\":\"WebPage\",\"@id\":\"https:\/\/www.miomiorun.com\/fr\/produit\/flow-5-short-femme\/\",\"url\":\"https:\/\/www.miomiorun.com\/fr\/produit\/flow-5-short-femme\/\",\"name\":\"La Sportiva Flow 5\\\" short femme - short de course - MioMioRun\",\"isPartOf\":{\"@id\":\"https:\/\/www.miomiorun.com\/fr\/#website\"},\"primaryImageOfPage\":{\"@id\":\"https:\/\/www.miomiorun.com\/fr\/produit\/flow-5-short-femme\/#primaryimage\"},\"image\":{\"@id\":\"https:\/\/www.miomiorun.com\/fr\/produit\/flow-5-short-femme\/#primaryimage\"},\"thumbnailUrl\":\"https:\/\/www.miomiorun.com\/app\/uploads\/2026\/02\/la-sportiva-Flow-5-short-W-malibu-blue-hibiscus-ZARS041B02P02.webp\",\"datePublished\":\"2026-01-21T09:17:02+00:00\",\"dateModified\":\"2026-05-09T10:00:03+00:00\",\"description\":\"Pr\u00eats \u00e0 conqu\u00e9rir tous les sentiers ! Les shorts Flow 5\\\" sont des shorts techniques et l\u00e9gers, dot\u00e9s de poches fonctionnelles et de mat\u00e9riaux respirants.\",\"breadcrumb\":{\"@id\":\"https:\/\/www.miomiorun.com\/fr\/produit\/flow-5-short-femme\/#breadcrumb\"},\"inLanguage\":\"fr-FR\",\"potentialAction\":[{\"@type\":\"ReadAction\",\"target\":[\"https:\/\/www.miomiorun.com\/fr\/produit\/flow-5-short-femme\/\"]}]},{\"@type\":\"ImageObject\",\"inLanguage\":\"fr-FR\",\"@id\":\"https:\/\/www.miomiorun.com\/fr\/produit\/flow-5-short-femme\/#primaryimage\",\"url\":\"https:\/\/www.miomiorun.com\/app\/uploads\/2026\/02\/la-sportiva-Flow-5-short-W-malibu-blue-hibiscus-ZARS041B02P02.webp\",\"contentUrl\":\"https:\/\/www.miomiorun.com\/app\/uploads\/2026\/02\/la-sportiva-Flow-5-short-W-malibu-blue-hibiscus-ZARS041B02P02.webp\",\"width\":720,\"height\":720,\"caption\":\"la sportiva Flow 5 short W malibu blue hibiscus ZARS041B02P02\"},{\"@type\":\"BreadcrumbList\",\"@id\":\"https:\/\/www.miomiorun.com\/fr\/produit\/flow-5-short-femme\/#breadcrumb\",\"itemListElement\":[{\"@type\":\"ListItem\",\"position\":1,\"name\":\"Home\",\"item\":\"https:\/\/www.miomiorun.com\/fr\/home-page\/\"},{\"@type\":\"ListItem\",\"position\":2,\"name\":\"Shop\",\"item\":\"https:\/\/www.miomiorun.com\/shop\/\"},{\"@type\":\"ListItem\",\"position\":3,\"name\":\"Flow 5&#8243; short femme\"}]},{\"@type\":\"WebSite\",\"@id\":\"https:\/\/www.miomiorun.com\/fr\/#website\",\"url\":\"https:\/\/www.miomiorun.com\/fr\/\",\"name\":\"MioMioRun\",\"description\":\"Boutique 100% running et trail\",\"publisher\":{\"@id\":\"https:\/\/www.miomiorun.com\/fr\/#organization\"},\"potentialAction\":[{\"@type\":\"SearchAction\",\"target\":{\"@type\":\"EntryPoint\",\"urlTemplate\":\"https:\/\/www.miomiorun.com\/fr\/?s={search_term_string}\"},\"query-input\":{\"@type\":\"PropertyValueSpecification\",\"valueRequired\":true,\"valueName\":\"search_term_string\"}}],\"inLanguage\":\"fr-FR\"},{\"@type\":\"Organization\",\"@id\":\"https:\/\/www.miomiorun.com\/fr\/#organization\",\"name\":\"MioMio Run\",\"url\":\"https:\/\/www.miomiorun.com\/fr\/\",\"logo\":{\"@type\":\"ImageObject\",\"inLanguage\":\"fr-FR\",\"@id\":\"https:\/\/www.miomiorun.com\/fr\/#\/schema\/logo\/image\/\",\"url\":\"https:\/\/www.miomiorun.com\/app\/uploads\/2019\/12\/logomio.png\",\"contentUrl\":\"https:\/\/www.miomiorun.com\/app\/uploads\/2019\/12\/logomio.png\",\"width\":115,\"height\":82,\"caption\":\"MioMio Run\"},\"image\":{\"@id\":\"https:\/\/www.miomiorun.com\/fr\/#\/schema\/logo\/image\/\"},\"sameAs\":[\"https:\/\/www.facebook.com\/miomiorun\/\",\"https:\/\/www.instagram.com\/miomiorun\/\"]}]}<\/script>\n<!-- \/ Yoast SEO plugin. -->","yoast_head_json":{"title":"La Sportiva Flow 5\" short femme - short de course - MioMioRun","description":"Pr\u00eats \u00e0 conqu\u00e9rir tous les sentiers ! Les shorts Flow 5\" sont des shorts techniques et l\u00e9gers, dot\u00e9s de poches fonctionnelles et de mat\u00e9riaux respirants.","robots":{"index":"index","follow":"follow","max-snippet":"max-snippet:-1","max-image-preview":"max-image-preview:large","max-video-preview":"max-video-preview:-1"},"canonical":"https:\/\/www.miomiorun.com\/fr\/produit\/flow-5-short-femme\/","og_locale":"fr_FR","og_type":"article","og_title":"La Sportiva Flow 5\" short femme - short de course - MioMioRun","og_description":"Pr\u00eats \u00e0 conqu\u00e9rir tous les sentiers ! Les shorts Flow 5\" sont des shorts techniques et l\u00e9gers, dot\u00e9s de poches fonctionnelles et de mat\u00e9riaux respirants.","og_url":"https:\/\/www.miomiorun.com\/fr\/produit\/flow-5-short-femme\/","og_site_name":"MioMioRun","article_publisher":"https:\/\/www.facebook.com\/miomiorun\/","article_modified_time":"2026-05-09T10:00:03+00:00","og_image":[{"width":720,"height":720,"url":"https:\/\/www.miomiorun.com\/app\/uploads\/2026\/02\/la-sportiva-Flow-5-short-W-malibu-blue-hibiscus-ZARS041B02P02.webp","type":"image\/webp"}],"twitter_card":"summary_large_image","schema":{"@context":"https:\/\/schema.org","@graph":[{"@type":"WebPage","@id":"https:\/\/www.miomiorun.com\/fr\/produit\/flow-5-short-femme\/","url":"https:\/\/www.miomiorun.com\/fr\/produit\/flow-5-short-femme\/","name":"La Sportiva Flow 5\" short femme - short de course - MioMioRun","isPartOf":{"@id":"https:\/\/www.miomiorun.com\/fr\/#website"},"primaryImageOfPage":{"@id":"https:\/\/www.miomiorun.com\/fr\/produit\/flow-5-short-femme\/#primaryimage"},"image":{"@id":"https:\/\/www.miomiorun.com\/fr\/produit\/flow-5-short-femme\/#primaryimage"},"thumbnailUrl":"https:\/\/www.miomiorun.com\/app\/uploads\/2026\/02\/la-sportiva-Flow-5-short-W-malibu-blue-hibiscus-ZARS041B02P02.webp","datePublished":"2026-01-21T09:17:02+00:00","dateModified":"2026-05-09T10:00:03+00:00","description":"Pr\u00eats \u00e0 conqu\u00e9rir tous les sentiers ! Les shorts Flow 5\" sont des shorts techniques et l\u00e9gers, dot\u00e9s de poches fonctionnelles et de mat\u00e9riaux respirants.","breadcrumb":{"@id":"https:\/\/www.miomiorun.com\/fr\/produit\/flow-5-short-femme\/#breadcrumb"},"inLanguage":"fr-FR","potentialAction":[{"@type":"ReadAction","target":["https:\/\/www.miomiorun.com\/fr\/produit\/flow-5-short-femme\/"]}]},{"@type":"ImageObject","inLanguage":"fr-FR","@id":"https:\/\/www.miomiorun.com\/fr\/produit\/flow-5-short-femme\/#primaryimage","url":"https:\/\/www.miomiorun.com\/app\/uploads\/2026\/02\/la-sportiva-Flow-5-short-W-malibu-blue-hibiscus-ZARS041B02P02.webp","contentUrl":"https:\/\/www.miomiorun.com\/app\/uploads\/2026\/02\/la-sportiva-Flow-5-short-W-malibu-blue-hibiscus-ZARS041B02P02.webp","width":720,"height":720,"caption":"la sportiva Flow 5 short W malibu blue hibiscus ZARS041B02P02"},{"@type":"BreadcrumbList","@id":"https:\/\/www.miomiorun.com\/fr\/produit\/flow-5-short-femme\/#breadcrumb","itemListElement":[{"@type":"ListItem","position":1,"name":"Home","item":"https:\/\/www.miomiorun.com\/fr\/home-page\/"},{"@type":"ListItem","position":2,"name":"Shop","item":"https:\/\/www.miomiorun.com\/shop\/"},{"@type":"ListItem","position":3,"name":"Flow 5&#8243; short femme"}]},{"@type":"WebSite","@id":"https:\/\/www.miomiorun.com\/fr\/#website","url":"https:\/\/www.miomiorun.com\/fr\/","name":"MioMioRun","description":"Boutique 100% running et trail","publisher":{"@id":"https:\/\/www.miomiorun.com\/fr\/#organization"},"potentialAction":[{"@type":"SearchAction","target":{"@type":"EntryPoint","urlTemplate":"https:\/\/www.miomiorun.com\/fr\/?s={search_term_string}"},"query-input":{"@type":"PropertyValueSpecification","valueRequired":true,"valueName":"search_term_string"}}],"inLanguage":"fr-FR"},{"@type":"Organization","@id":"https:\/\/www.miomiorun.com\/fr\/#organization","name":"MioMio Run","url":"https:\/\/www.miomiorun.com\/fr\/","logo":{"@type":"ImageObject","inLanguage":"fr-FR","@id":"https:\/\/www.miomiorun.com\/fr\/#\/schema\/logo\/image\/","url":"https:\/\/www.miomiorun.com\/app\/uploads\/2019\/12\/logomio.png","contentUrl":"https:\/\/www.miomiorun.com\/app\/uploads\/2019\/12\/logomio.png","width":115,"height":82,"caption":"MioMio Run"},"image":{"@id":"https:\/\/www.miomiorun.com\/fr\/#\/schema\/logo\/image\/"},"sameAs":["https:\/\/www.facebook.com\/miomiorun\/","https:\/\/www.instagram.com\/miomiorun\/"]}]}},"_links":{"self":[{"href":"https:\/\/www.miomiorun.com\/fr\/wp-json\/wp\/v2\/product\/389376","targetHints":{"allow":["GET"]}}],"collection":[{"href":"https:\/\/www.miomiorun.com\/fr\/wp-json\/wp\/v2\/product"}],"about":[{"href":"https:\/\/www.miomiorun.com\/fr\/wp-json\/wp\/v2\/types\/product"}],"wp:featuredmedia":[{"embeddable":true,"href":"https:\/\/www.miomiorun.com\/fr\/wp-json\/wp\/v2\/media\/406214"}],"wp:attachment":[{"href":"https:\/\/www.miomiorun.com\/fr\/wp-json\/wp\/v2\/media?parent=389376"}],"wp:term":[{"taxonomy":"product_brand","embeddable":true,"href":"https:\/\/www.miomiorun.com\/fr\/wp-json\/wp\/v2\/product_brand?post=389376"},{"taxonomy":"product_cat","embeddable":true,"href":"https:\/\/www.miomiorun.com\/fr\/wp-json\/wp\/v2\/product_cat?post=389376"},{"taxonomy":"product_tag","embeddable":true,"href":"https:\/\/www.miomiorun.com\/fr\/wp-json\/wp\/v2\/product_tag?post=389376"}],"curies":[{"name":"wp","href":"https:\/\/api.w.org\/{rel}","templated":true}]}}