{"id":389206,"date":"2026-01-20T18:57:24","date_gmt":"2026-01-20T17:57:24","guid":{"rendered":"https:\/\/www.miomiorun.com\/?post_type=product&#038;p=389206"},"modified":"2026-05-09T11:59:02","modified_gmt":"2026-05-09T09:59:02","slug":"cloudsurfer-max-homme","status":"publish","type":"product","link":"https:\/\/www.miomiorun.com\/fr\/produit\/cloudsurfer-max-homme\/","title":{"rendered":"Cloudsurfer Max homme"},"content":{"rendered":"<table style=\"border-collapse: collapse;width: 100%\">\n<tbody>\n<tr>\n<td style=\"width: 33.3333%;vertical-align: top;text-align: center\">\n<h4>Caract\u00e9ristiques techniques<\/h4>\n<p>Cat\u00e9gorie : Amorti<br \/>\nD\u00e9port : 6 mm<br \/>\nPoids : 292 g<br \/>\nId\u00e9ales pour : ceux qui recherchent une chaussure de marche et de tous les jours dot\u00e9e d&#8217;une semelle l\u00e9g\u00e8rement crant\u00e9e pour une adh\u00e9rence in\u00e9gal\u00e9e<br \/>\nPoids de l&#8217;athl\u00e8te : 60-75 kg<br \/>\nAllure de course : 5 min\/kg<br \/>\n<a href=\"https:\/\/miomiorun.com\/guida-alle-specifiche-tecniche\/\">Guide des caract\u00e9ristiques techniques<\/a><\/td>\n<td style=\"width: 66.6666%;vertical-align: top;text-align: center\">\n<p data-start=\"156\" data-end=\"517\">Les <strong data-start=\"159\" data-end=\"186\">Cloudsurfer Max pour homme<\/strong> sont con\u00e7ues pour affronter les <strong data-start=\"218\" data-end=\"245\">courses de longue distance<\/strong> avec une sensation de confort profond, de fluidit\u00e9 et d&#8217;amorti continu. Gr\u00e2ce \u00e0 la <strong data-start=\"333\" data-end=\"369\">double couche de CloudTec Phase\u2122<\/strong>, la foul\u00e9e est extr\u00eamement souple et progressive, avec des transitions fluides qui r\u00e9duisent l&#8217;impact et la fatigue kilom\u00e8tre apr\u00e8s kilom\u00e8tre.<\/p>\n<p data-start=\"519\" data-end=\"811\">La <strong data-start=\"522\" data-end=\"546\">mousse Helion\u2122<\/strong> agit en synergie avec la semelle interm\u00e9diaire pour <strong data-start=\"587\" data-end=\"626\">absorber efficacement les chocs<\/strong>, offrant une course l\u00e9g\u00e8re et prot\u00e9g\u00e9e m\u00eame sur les distances les plus exigeantes. Avec un <strong data-start=\"711\" data-end=\"728\">poids de 292 g<\/strong>, la chaussure offre un \u00e9quilibre id\u00e9al entre amorti g\u00e9n\u00e9reux et contr\u00f4le.<\/p>\n<p data-start=\"813\" data-end=\"1196\">La <strong data-start=\"816\" data-end=\"856\">tige en mesh l\u00e9ger et respirant<\/strong> favorise la ventilation, tandis que la <strong data-start=\"894\" data-end=\"917\">languette en tricot<\/strong> et le <strong data-start=\"923\" data-end=\"949\">col en tricot plat<\/strong> am\u00e9liorent le confort et la stabilit\u00e9 du chaussant. Les <strong data-start=\"1000\" data-end=\"1038\">passants de lacets de derni\u00e8re g\u00e9n\u00e9ration<\/strong> assurent un r\u00e9glage fluide et un maintien s\u00fbr. La semelle est dot\u00e9e d&#8217;<strong data-start=\"1115\" data-end=\"1139\">\u00e9l\u00e9ments antid\u00e9rapants<\/strong> pour garantir une adh\u00e9rence fiable tout au long de la course.<\/p>\n<p data-start=\"1198\" data-end=\"1467\">Une esth\u00e9tique soign\u00e9e et distinctive vient compl\u00e9ter ce mod\u00e8le : la semelle interm\u00e9diaire ultra-amortissante s&#8217;int\u00e8gre \u00e0 une silhouette \u00e9l\u00e9gante, rehauss\u00e9e par <strong data-start=\"1340\" data-end=\"1369\">des d\u00e9tails chromatiques audacieux<\/strong>. Une chaussure con\u00e7ue pour ceux qui recherchent un confort maximal, du style et de la fiabilit\u00e9 sur les longues distances.<\/p>\n<\/td>\n<\/tr>\n<\/tbody>\n<\/table>\n<p>&nbsp;<\/p>\n","protected":false},"excerpt":{"rendered":"<ul>\n<li data-start=\"1705\" data-end=\"1770\">Double couche de CloudTec Phase\u2122 pour une foul\u00e9e souple et fluide<\/li>\n<li data-start=\"1773\" data-end=\"1846\">Mousse Helion\u2122 \u00e0 haute capacit\u00e9 d&#8217;absorption des chocs<\/li>\n<li data-start=\"1849\" data-end=\"1934\">Tige en mesh respirant, languette en tricot et syst\u00e8me de la\u00e7age de nouvelle g\u00e9n\u00e9ration<\/li>\n<\/ul>\n","protected":false},"featured_media":412242,"template":"","meta":{"_acf_changed":false,"inline_featured_image":false},"product_brand":[],"product_cat":[24448,24447],"product_tag":[38524,38525],"class_list":{"0":"post-389206","1":"product","2":"type-product","3":"status-publish","4":"has-post-thumbnail","6":"product_cat-chaussures-pour-hommes-fr","7":"product_cat-neutre-fr-3","8":"product_tag-on","9":"product_tag-on-uomo","10":"pa_attivita-lifestyle-fr","11":"pa_attivita-marcher","12":"pa_attivita-running-fr","13":"pa_colore-cloudsurfer-max-wolf-sailor","14":"pa_marca-on","15":"pa_sesso-homme","16":"pa_size-42-5-fr","17":"pa_size-43-fr","18":"pa_size-45-fr","19":"pa_size-46-fr","21":"first","22":"instock","23":"sale","24":"taxable","25":"shipping-taxable","26":"purchasable","27":"product-type-variable","28":"wvs-archive-product-wrapper"},"acf":[],"yoast_head":"<!-- This site is optimized with the Yoast SEO plugin v26.8 - https:\/\/yoast.com\/product\/yoast-seo-wordpress\/ -->\n<title>On Cloudsurfer Max homme - chaussures de course homme - MioMioRun<\/title>\n<meta name=\"description\" content=\"Cloudsurfer Max pour homme : chaussures de course sur longue distance dot\u00e9es de la technologie double CloudTec Phase\u2122, de la mousse haute performance Helion\u2122 et d&#039;une tige respirante. Amorti maximal et foul\u00e9e fluide.\" \/>\n<meta name=\"robots\" content=\"index, follow, max-snippet:-1, max-image-preview:large, max-video-preview:-1\" \/>\n<link rel=\"canonical\" href=\"https:\/\/www.miomiorun.com\/fr\/produit\/cloudsurfer-max-homme\/\" \/>\n<meta property=\"og:locale\" content=\"fr_FR\" \/>\n<meta property=\"og:type\" content=\"article\" \/>\n<meta property=\"og:title\" content=\"On Cloudsurfer Max homme - chaussures de course homme - MioMioRun\" \/>\n<meta property=\"og:description\" content=\"Cloudsurfer Max pour homme : chaussures de course sur longue distance dot\u00e9es de la technologie double CloudTec Phase\u2122, de la mousse haute performance Helion\u2122 et d&#039;une tige respirante. Amorti maximal et foul\u00e9e fluide.\" \/>\n<meta property=\"og:url\" content=\"https:\/\/www.miomiorun.com\/fr\/produit\/cloudsurfer-max-homme\/\" \/>\n<meta property=\"og:site_name\" content=\"MioMioRun\" \/>\n<meta property=\"article:publisher\" content=\"https:\/\/www.facebook.com\/miomiorun\/\" \/>\n<meta property=\"article:modified_time\" content=\"2026-05-09T09:59:02+00:00\" \/>\n<meta property=\"og:image\" content=\"https:\/\/www.miomiorun.com\/app\/uploads\/2026\/02\/on-Cloudsurfer-Max-wolf-sailor-3MF30434828.webp\" \/>\n\t<meta property=\"og:image:width\" content=\"720\" \/>\n\t<meta property=\"og:image:height\" content=\"720\" \/>\n\t<meta property=\"og:image:type\" content=\"image\/webp\" \/>\n<meta name=\"twitter:card\" content=\"summary_large_image\" \/>\n<meta name=\"twitter:label1\" content=\"Est. reading time\" \/>\n\t<meta name=\"twitter:data1\" content=\"2 minutes\" \/>\n<script type=\"application\/ld+json\" class=\"yoast-schema-graph\">{\"@context\":\"https:\/\/schema.org\",\"@graph\":[{\"@type\":\"WebPage\",\"@id\":\"https:\/\/www.miomiorun.com\/fr\/produit\/cloudsurfer-max-homme\/\",\"url\":\"https:\/\/www.miomiorun.com\/fr\/produit\/cloudsurfer-max-homme\/\",\"name\":\"On Cloudsurfer Max homme - chaussures de course homme - MioMioRun\",\"isPartOf\":{\"@id\":\"https:\/\/www.miomiorun.com\/fr\/#website\"},\"primaryImageOfPage\":{\"@id\":\"https:\/\/www.miomiorun.com\/fr\/produit\/cloudsurfer-max-homme\/#primaryimage\"},\"image\":{\"@id\":\"https:\/\/www.miomiorun.com\/fr\/produit\/cloudsurfer-max-homme\/#primaryimage\"},\"thumbnailUrl\":\"https:\/\/www.miomiorun.com\/app\/uploads\/2026\/02\/on-Cloudsurfer-Max-wolf-sailor-3MF30434828.webp\",\"datePublished\":\"2026-01-20T17:57:24+00:00\",\"dateModified\":\"2026-05-09T09:59:02+00:00\",\"description\":\"Cloudsurfer Max pour homme : chaussures de course sur longue distance dot\u00e9es de la technologie double CloudTec Phase\u2122, de la mousse haute performance Helion\u2122 et d'une tige respirante. Amorti maximal et foul\u00e9e fluide.\",\"breadcrumb\":{\"@id\":\"https:\/\/www.miomiorun.com\/fr\/produit\/cloudsurfer-max-homme\/#breadcrumb\"},\"inLanguage\":\"fr-FR\",\"potentialAction\":[{\"@type\":\"ReadAction\",\"target\":[\"https:\/\/www.miomiorun.com\/fr\/produit\/cloudsurfer-max-homme\/\"]}]},{\"@type\":\"ImageObject\",\"inLanguage\":\"fr-FR\",\"@id\":\"https:\/\/www.miomiorun.com\/fr\/produit\/cloudsurfer-max-homme\/#primaryimage\",\"url\":\"https:\/\/www.miomiorun.com\/app\/uploads\/2026\/02\/on-Cloudsurfer-Max-wolf-sailor-3MF30434828.webp\",\"contentUrl\":\"https:\/\/www.miomiorun.com\/app\/uploads\/2026\/02\/on-Cloudsurfer-Max-wolf-sailor-3MF30434828.webp\",\"width\":720,\"height\":720,\"caption\":\"on Cloudsurfer Max wolf sailor 3MF30434828\"},{\"@type\":\"BreadcrumbList\",\"@id\":\"https:\/\/www.miomiorun.com\/fr\/produit\/cloudsurfer-max-homme\/#breadcrumb\",\"itemListElement\":[{\"@type\":\"ListItem\",\"position\":1,\"name\":\"Home\",\"item\":\"https:\/\/www.miomiorun.com\/fr\/home-page\/\"},{\"@type\":\"ListItem\",\"position\":2,\"name\":\"Shop\",\"item\":\"https:\/\/www.miomiorun.com\/shop\/\"},{\"@type\":\"ListItem\",\"position\":3,\"name\":\"Cloudsurfer Max homme\"}]},{\"@type\":\"WebSite\",\"@id\":\"https:\/\/www.miomiorun.com\/fr\/#website\",\"url\":\"https:\/\/www.miomiorun.com\/fr\/\",\"name\":\"MioMioRun\",\"description\":\"Boutique 100% running et trail\",\"publisher\":{\"@id\":\"https:\/\/www.miomiorun.com\/fr\/#organization\"},\"potentialAction\":[{\"@type\":\"SearchAction\",\"target\":{\"@type\":\"EntryPoint\",\"urlTemplate\":\"https:\/\/www.miomiorun.com\/fr\/?s={search_term_string}\"},\"query-input\":{\"@type\":\"PropertyValueSpecification\",\"valueRequired\":true,\"valueName\":\"search_term_string\"}}],\"inLanguage\":\"fr-FR\"},{\"@type\":\"Organization\",\"@id\":\"https:\/\/www.miomiorun.com\/fr\/#organization\",\"name\":\"MioMio Run\",\"url\":\"https:\/\/www.miomiorun.com\/fr\/\",\"logo\":{\"@type\":\"ImageObject\",\"inLanguage\":\"fr-FR\",\"@id\":\"https:\/\/www.miomiorun.com\/fr\/#\/schema\/logo\/image\/\",\"url\":\"https:\/\/www.miomiorun.com\/app\/uploads\/2019\/12\/logomio.png\",\"contentUrl\":\"https:\/\/www.miomiorun.com\/app\/uploads\/2019\/12\/logomio.png\",\"width\":115,\"height\":82,\"caption\":\"MioMio Run\"},\"image\":{\"@id\":\"https:\/\/www.miomiorun.com\/fr\/#\/schema\/logo\/image\/\"},\"sameAs\":[\"https:\/\/www.facebook.com\/miomiorun\/\",\"https:\/\/www.instagram.com\/miomiorun\/\"]}]}<\/script>\n<!-- \/ Yoast SEO plugin. -->","yoast_head_json":{"title":"On Cloudsurfer Max homme - chaussures de course homme - MioMioRun","description":"Cloudsurfer Max pour homme : chaussures de course sur longue distance dot\u00e9es de la technologie double CloudTec Phase\u2122, de la mousse haute performance Helion\u2122 et d'une tige respirante. Amorti maximal et foul\u00e9e fluide.","robots":{"index":"index","follow":"follow","max-snippet":"max-snippet:-1","max-image-preview":"max-image-preview:large","max-video-preview":"max-video-preview:-1"},"canonical":"https:\/\/www.miomiorun.com\/fr\/produit\/cloudsurfer-max-homme\/","og_locale":"fr_FR","og_type":"article","og_title":"On Cloudsurfer Max homme - chaussures de course homme - MioMioRun","og_description":"Cloudsurfer Max pour homme : chaussures de course sur longue distance dot\u00e9es de la technologie double CloudTec Phase\u2122, de la mousse haute performance Helion\u2122 et d'une tige respirante. Amorti maximal et foul\u00e9e fluide.","og_url":"https:\/\/www.miomiorun.com\/fr\/produit\/cloudsurfer-max-homme\/","og_site_name":"MioMioRun","article_publisher":"https:\/\/www.facebook.com\/miomiorun\/","article_modified_time":"2026-05-09T09:59:02+00:00","og_image":[{"width":720,"height":720,"url":"https:\/\/www.miomiorun.com\/app\/uploads\/2026\/02\/on-Cloudsurfer-Max-wolf-sailor-3MF30434828.webp","type":"image\/webp"}],"twitter_card":"summary_large_image","twitter_misc":{"Est. reading time":"2 minutes"},"schema":{"@context":"https:\/\/schema.org","@graph":[{"@type":"WebPage","@id":"https:\/\/www.miomiorun.com\/fr\/produit\/cloudsurfer-max-homme\/","url":"https:\/\/www.miomiorun.com\/fr\/produit\/cloudsurfer-max-homme\/","name":"On Cloudsurfer Max homme - chaussures de course homme - MioMioRun","isPartOf":{"@id":"https:\/\/www.miomiorun.com\/fr\/#website"},"primaryImageOfPage":{"@id":"https:\/\/www.miomiorun.com\/fr\/produit\/cloudsurfer-max-homme\/#primaryimage"},"image":{"@id":"https:\/\/www.miomiorun.com\/fr\/produit\/cloudsurfer-max-homme\/#primaryimage"},"thumbnailUrl":"https:\/\/www.miomiorun.com\/app\/uploads\/2026\/02\/on-Cloudsurfer-Max-wolf-sailor-3MF30434828.webp","datePublished":"2026-01-20T17:57:24+00:00","dateModified":"2026-05-09T09:59:02+00:00","description":"Cloudsurfer Max pour homme : chaussures de course sur longue distance dot\u00e9es de la technologie double CloudTec Phase\u2122, de la mousse haute performance Helion\u2122 et d'une tige respirante. Amorti maximal et foul\u00e9e fluide.","breadcrumb":{"@id":"https:\/\/www.miomiorun.com\/fr\/produit\/cloudsurfer-max-homme\/#breadcrumb"},"inLanguage":"fr-FR","potentialAction":[{"@type":"ReadAction","target":["https:\/\/www.miomiorun.com\/fr\/produit\/cloudsurfer-max-homme\/"]}]},{"@type":"ImageObject","inLanguage":"fr-FR","@id":"https:\/\/www.miomiorun.com\/fr\/produit\/cloudsurfer-max-homme\/#primaryimage","url":"https:\/\/www.miomiorun.com\/app\/uploads\/2026\/02\/on-Cloudsurfer-Max-wolf-sailor-3MF30434828.webp","contentUrl":"https:\/\/www.miomiorun.com\/app\/uploads\/2026\/02\/on-Cloudsurfer-Max-wolf-sailor-3MF30434828.webp","width":720,"height":720,"caption":"on Cloudsurfer Max wolf sailor 3MF30434828"},{"@type":"BreadcrumbList","@id":"https:\/\/www.miomiorun.com\/fr\/produit\/cloudsurfer-max-homme\/#breadcrumb","itemListElement":[{"@type":"ListItem","position":1,"name":"Home","item":"https:\/\/www.miomiorun.com\/fr\/home-page\/"},{"@type":"ListItem","position":2,"name":"Shop","item":"https:\/\/www.miomiorun.com\/shop\/"},{"@type":"ListItem","position":3,"name":"Cloudsurfer Max homme"}]},{"@type":"WebSite","@id":"https:\/\/www.miomiorun.com\/fr\/#website","url":"https:\/\/www.miomiorun.com\/fr\/","name":"MioMioRun","description":"Boutique 100% running et trail","publisher":{"@id":"https:\/\/www.miomiorun.com\/fr\/#organization"},"potentialAction":[{"@type":"SearchAction","target":{"@type":"EntryPoint","urlTemplate":"https:\/\/www.miomiorun.com\/fr\/?s={search_term_string}"},"query-input":{"@type":"PropertyValueSpecification","valueRequired":true,"valueName":"search_term_string"}}],"inLanguage":"fr-FR"},{"@type":"Organization","@id":"https:\/\/www.miomiorun.com\/fr\/#organization","name":"MioMio Run","url":"https:\/\/www.miomiorun.com\/fr\/","logo":{"@type":"ImageObject","inLanguage":"fr-FR","@id":"https:\/\/www.miomiorun.com\/fr\/#\/schema\/logo\/image\/","url":"https:\/\/www.miomiorun.com\/app\/uploads\/2019\/12\/logomio.png","contentUrl":"https:\/\/www.miomiorun.com\/app\/uploads\/2019\/12\/logomio.png","width":115,"height":82,"caption":"MioMio Run"},"image":{"@id":"https:\/\/www.miomiorun.com\/fr\/#\/schema\/logo\/image\/"},"sameAs":["https:\/\/www.facebook.com\/miomiorun\/","https:\/\/www.instagram.com\/miomiorun\/"]}]}},"_links":{"self":[{"href":"https:\/\/www.miomiorun.com\/fr\/wp-json\/wp\/v2\/product\/389206","targetHints":{"allow":["GET"]}}],"collection":[{"href":"https:\/\/www.miomiorun.com\/fr\/wp-json\/wp\/v2\/product"}],"about":[{"href":"https:\/\/www.miomiorun.com\/fr\/wp-json\/wp\/v2\/types\/product"}],"wp:featuredmedia":[{"embeddable":true,"href":"https:\/\/www.miomiorun.com\/fr\/wp-json\/wp\/v2\/media\/412242"}],"wp:attachment":[{"href":"https:\/\/www.miomiorun.com\/fr\/wp-json\/wp\/v2\/media?parent=389206"}],"wp:term":[{"taxonomy":"product_brand","embeddable":true,"href":"https:\/\/www.miomiorun.com\/fr\/wp-json\/wp\/v2\/product_brand?post=389206"},{"taxonomy":"product_cat","embeddable":true,"href":"https:\/\/www.miomiorun.com\/fr\/wp-json\/wp\/v2\/product_cat?post=389206"},{"taxonomy":"product_tag","embeddable":true,"href":"https:\/\/www.miomiorun.com\/fr\/wp-json\/wp\/v2\/product_tag?post=389206"}],"curies":[{"name":"wp","href":"https:\/\/api.w.org\/{rel}","templated":true}]}}