{"id":389015,"date":"2026-01-20T17:47:05","date_gmt":"2026-01-20T16:47:05","guid":{"rendered":"https:\/\/www.miomiorun.com\/?post_type=product&#038;p=389015"},"modified":"2026-05-09T11:58:11","modified_gmt":"2026-05-09T09:58:11","slug":"cloudsurfer-trail-2-homme","status":"publish","type":"product","link":"https:\/\/www.miomiorun.com\/fr\/produit\/cloudsurfer-trail-2-homme\/","title":{"rendered":"Cloudsurfer Trail 2 homme"},"content":{"rendered":"<table style=\"border-collapse: collapse;width: 100%\">\n<tbody>\n<tr>\n<td style=\"width: 33.3333%;vertical-align: top;text-align: center\">\n<h4>Caract\u00e9ristiques techniques<\/h4>\n<p>Cat\u00e9gorie : Amorti<br \/>\nD\u00e9port : 8 mm<br \/>\nPoids : 308 g<br \/>\nId\u00e9ale pour : ceux qui recherchent une chaussure de marche et de tous les jours dot\u00e9e d&#8217;une semelle l\u00e9g\u00e8rement crant\u00e9e pour une adh\u00e9rence in\u00e9gal\u00e9e<br \/>\nPoids de l&#8217;athl\u00e8te : 60-75 kg<br \/>\nAllure de course : 5 min\/kg<br \/>\n<a href=\"https:\/\/miomiorun.com\/guida-alle-specifiche-tecniche\/\">Guide des caract\u00e9ristiques techniques<\/a><\/td>\n<td style=\"width: 66.6666%;vertical-align: top;text-align: center\">\n<p data-start=\"155\" data-end=\"480\">La <strong data-start=\"158\" data-end=\"181\">Cloudsurfer Trail 2<\/strong> est une chaussure de trail running \u00e9volu\u00e9e con\u00e7ue pour offrir <strong data-start=\"232\" data-end=\"265\">stabilit\u00e9, fluidit\u00e9 et confort<\/strong> sur les sentiers pr\u00e8s de chez vous et sur les <strong data-start=\"297\" data-end=\"314\">terrains mixtes<\/strong>. Con\u00e7ue \u00e0 l&#8217;aide de l&#8217;<strong data-start=\"331\" data-end=\"366\">analyse par \u00e9l\u00e9ments finis (FEA)<\/strong>, elle int\u00e8gre une g\u00e9om\u00e9trie optimis\u00e9e qui rend la foul\u00e9e plus naturelle et moins fatigante, kilom\u00e8tre apr\u00e8s kilom\u00e8tre.<\/p>\n<p data-start=\"482\" data-end=\"909\">La semelle interm\u00e9diaire <strong data-start=\"495\" data-end=\"514\">CloudTec Phase\u2122<\/strong>, optimis\u00e9e par ordinateur, garantit <strong data-start=\"552\" data-end=\"602\">des transitions talon-pointe parfaitement fluides<\/strong>, tandis que la <strong data-start=\"614\" data-end=\"638\">mousse haute performance Helion\u2122 <\/strong> absorbe efficacement les chocs en offrant une sensation de souplesse et de contr\u00f4le, soutenue par un <strong data-start=\"737\" data-end=\"758\">talon rembourr\u00e9<\/strong>. La stabilit\u00e9 est encore am\u00e9lior\u00e9e gr\u00e2ce aux <strong data-start=\"810\" data-end=\"854\">crampons plus grands en forme de boomerang<\/strong>, qui assurent un appui s\u00fbr et une course fluide.<\/p>\n<p data-start=\"911\" data-end=\"1405\">C\u00f4t\u00e9 adh\u00e9rence, la <strong data-start=\"927\" data-end=\"949\">semelle Missiongrip\u2122<\/strong> dot\u00e9e d&#8217;une g\u00e9om\u00e9trie de crampons repens\u00e9e offre <strong data-start=\"993\" data-end=\"1029\">une adh\u00e9rence fiable et une grande r\u00e9sistance<\/strong> sur des surfaces vari\u00e9es. La <strong data-start=\"1057\" data-end=\"1078\">tige protectrice<\/strong>, respirante et <strong data-start=\"1094\" data-end=\"1122\">r\u00e9sistante \u00e0 l&#8217;abrasion<\/strong>, associ\u00e9e \u00e0 un <strong data-start=\"1137\" data-end=\"1171\">maintien am\u00e9lior\u00e9 au talon<\/strong> et \u00e0 une <strong data-start=\"1179\" data-end=\"1199\">doublure rembourr\u00e9e<\/strong>, garantit un confort durable et une sensation de s\u00e9curit\u00e9, m\u00eame lors des sorties les plus longues. Avec un <strong data-start=\"1297\" data-end=\"1314\">poids de 308 g<\/strong>, la Cloudsurfer Trail 2 est stable et fluide, pr\u00eate pour toutes les aventures quotidiennes hors des sentiers battus.<\/p>\n<\/td>\n<\/tr>\n<\/tbody>\n<\/table>\n<p>&nbsp;<\/p>\n","protected":false},"excerpt":{"rendered":"<ul>\n<li data-start=\"1631\" data-end=\"1709\">Technologie CloudTec Phase\u2122 optimis\u00e9e par ordinateur pour des transitions talon-pointe fluides<\/li>\n<li data-start=\"1712\" data-end=\"1785\">Mousse Helion\u2122 + semelle Missiongrip\u2122 pour plus de confort, de stabilit\u00e9 et d&#8217;adh\u00e9rence<\/li>\n<li data-start=\"1788\" data-end=\"1860\">Tige respirante et r\u00e9sistante \u00e0 l&#8217;abrasion avec un meilleur maintien au niveau du talon<\/li>\n<\/ul>\n","protected":false},"featured_media":412209,"template":"","meta":{"_acf_changed":false,"inline_featured_image":false},"product_brand":[],"product_cat":[24448,24445],"product_tag":[38524,38525],"class_list":{"0":"post-389015","1":"product","2":"type-product","3":"status-publish","4":"has-post-thumbnail","6":"product_cat-chaussures-pour-hommes-fr","7":"product_cat-trail-fr-3","8":"product_tag-on","9":"product_tag-on-uomo","10":"pa_attivita-lifestyle-fr","11":"pa_attivita-marcher","12":"pa_attivita-running-fr","13":"pa_attivita-trail-fr","14":"pa_colore-cloudsurfer-trail-2-chalk-ghost","15":"pa_marca-on","16":"pa_sesso-homme","17":"pa_size-42-fr","18":"pa_size-43-fr","19":"pa_size-44-fr","20":"pa_size-44-5-fr","21":"pa_size-45-fr","22":"pa_size-46-fr","24":"first","25":"instock","26":"sale","27":"taxable","28":"shipping-taxable","29":"purchasable","30":"product-type-variable","31":"wvs-archive-product-wrapper"},"acf":[],"yoast_head":"<!-- This site is optimized with the Yoast SEO plugin v26.8 - https:\/\/yoast.com\/product\/yoast-seo-wordpress\/ -->\n<title>On Cloudsurfer Trail 2 homme - chaussures de course homme - MioMioRun<\/title>\n<meta name=\"description\" content=\"Cloudsurfer Trail 2 : chaussure de trail l\u00e9g\u00e8re dot\u00e9e de la technologie CloudTec Phase\u2122, de la mousse haute performance Helion\u2122 et d&#039;une semelle Missiongrip\u2122. Transitions fluides, stabilit\u00e9 et adh\u00e9rence sur des terrains vari\u00e9s\" \/>\n<meta name=\"robots\" content=\"index, follow, max-snippet:-1, max-image-preview:large, max-video-preview:-1\" \/>\n<link rel=\"canonical\" href=\"https:\/\/www.miomiorun.com\/fr\/produit\/cloudsurfer-trail-2-homme\/\" \/>\n<meta property=\"og:locale\" content=\"fr_FR\" \/>\n<meta property=\"og:type\" content=\"article\" \/>\n<meta property=\"og:title\" content=\"On Cloudsurfer Trail 2 homme - chaussures de course homme - MioMioRun\" \/>\n<meta property=\"og:description\" content=\"Cloudsurfer Trail 2 : chaussure de trail l\u00e9g\u00e8re dot\u00e9e de la technologie CloudTec Phase\u2122, de la mousse haute performance Helion\u2122 et d&#039;une semelle Missiongrip\u2122. Transitions fluides, stabilit\u00e9 et adh\u00e9rence sur des terrains vari\u00e9s\" \/>\n<meta property=\"og:url\" content=\"https:\/\/www.miomiorun.com\/fr\/produit\/cloudsurfer-trail-2-homme\/\" \/>\n<meta property=\"og:site_name\" content=\"MioMioRun\" \/>\n<meta property=\"article:publisher\" content=\"https:\/\/www.facebook.com\/miomiorun\/\" \/>\n<meta property=\"article:modified_time\" content=\"2026-05-09T09:58:11+00:00\" \/>\n<meta property=\"og:image\" content=\"https:\/\/www.miomiorun.com\/app\/uploads\/2026\/02\/on-Cloudsurfer-Trail-2-chalk-ghost-3MF30224793.webp\" \/>\n\t<meta property=\"og:image:width\" content=\"720\" \/>\n\t<meta property=\"og:image:height\" content=\"720\" \/>\n\t<meta property=\"og:image:type\" content=\"image\/webp\" \/>\n<meta name=\"twitter:card\" content=\"summary_large_image\" \/>\n<meta name=\"twitter:label1\" content=\"Est. reading time\" \/>\n\t<meta name=\"twitter:data1\" content=\"1 minute\" \/>\n<script type=\"application\/ld+json\" class=\"yoast-schema-graph\">{\"@context\":\"https:\/\/schema.org\",\"@graph\":[{\"@type\":\"WebPage\",\"@id\":\"https:\/\/www.miomiorun.com\/fr\/produit\/cloudsurfer-trail-2-homme\/\",\"url\":\"https:\/\/www.miomiorun.com\/fr\/produit\/cloudsurfer-trail-2-homme\/\",\"name\":\"On Cloudsurfer Trail 2 homme - chaussures de course homme - MioMioRun\",\"isPartOf\":{\"@id\":\"https:\/\/www.miomiorun.com\/fr\/#website\"},\"primaryImageOfPage\":{\"@id\":\"https:\/\/www.miomiorun.com\/fr\/produit\/cloudsurfer-trail-2-homme\/#primaryimage\"},\"image\":{\"@id\":\"https:\/\/www.miomiorun.com\/fr\/produit\/cloudsurfer-trail-2-homme\/#primaryimage\"},\"thumbnailUrl\":\"https:\/\/www.miomiorun.com\/app\/uploads\/2026\/02\/on-Cloudsurfer-Trail-2-chalk-ghost-3MF30224793.webp\",\"datePublished\":\"2026-01-20T16:47:05+00:00\",\"dateModified\":\"2026-05-09T09:58:11+00:00\",\"description\":\"Cloudsurfer Trail 2 : chaussure de trail l\u00e9g\u00e8re dot\u00e9e de la technologie CloudTec Phase\u2122, de la mousse haute performance Helion\u2122 et d'une semelle Missiongrip\u2122. Transitions fluides, stabilit\u00e9 et adh\u00e9rence sur des terrains vari\u00e9s\",\"breadcrumb\":{\"@id\":\"https:\/\/www.miomiorun.com\/fr\/produit\/cloudsurfer-trail-2-homme\/#breadcrumb\"},\"inLanguage\":\"fr-FR\",\"potentialAction\":[{\"@type\":\"ReadAction\",\"target\":[\"https:\/\/www.miomiorun.com\/fr\/produit\/cloudsurfer-trail-2-homme\/\"]}]},{\"@type\":\"ImageObject\",\"inLanguage\":\"fr-FR\",\"@id\":\"https:\/\/www.miomiorun.com\/fr\/produit\/cloudsurfer-trail-2-homme\/#primaryimage\",\"url\":\"https:\/\/www.miomiorun.com\/app\/uploads\/2026\/02\/on-Cloudsurfer-Trail-2-chalk-ghost-3MF30224793.webp\",\"contentUrl\":\"https:\/\/www.miomiorun.com\/app\/uploads\/2026\/02\/on-Cloudsurfer-Trail-2-chalk-ghost-3MF30224793.webp\",\"width\":720,\"height\":720,\"caption\":\"on Cloudsurfer Trail 2 chalk ghost 3MF30224793\"},{\"@type\":\"BreadcrumbList\",\"@id\":\"https:\/\/www.miomiorun.com\/fr\/produit\/cloudsurfer-trail-2-homme\/#breadcrumb\",\"itemListElement\":[{\"@type\":\"ListItem\",\"position\":1,\"name\":\"Home\",\"item\":\"https:\/\/www.miomiorun.com\/fr\/home-page\/\"},{\"@type\":\"ListItem\",\"position\":2,\"name\":\"Shop\",\"item\":\"https:\/\/www.miomiorun.com\/shop\/\"},{\"@type\":\"ListItem\",\"position\":3,\"name\":\"Cloudsurfer Trail 2 homme\"}]},{\"@type\":\"WebSite\",\"@id\":\"https:\/\/www.miomiorun.com\/fr\/#website\",\"url\":\"https:\/\/www.miomiorun.com\/fr\/\",\"name\":\"MioMioRun\",\"description\":\"Boutique 100% running et trail\",\"publisher\":{\"@id\":\"https:\/\/www.miomiorun.com\/fr\/#organization\"},\"potentialAction\":[{\"@type\":\"SearchAction\",\"target\":{\"@type\":\"EntryPoint\",\"urlTemplate\":\"https:\/\/www.miomiorun.com\/fr\/?s={search_term_string}\"},\"query-input\":{\"@type\":\"PropertyValueSpecification\",\"valueRequired\":true,\"valueName\":\"search_term_string\"}}],\"inLanguage\":\"fr-FR\"},{\"@type\":\"Organization\",\"@id\":\"https:\/\/www.miomiorun.com\/fr\/#organization\",\"name\":\"MioMio Run\",\"url\":\"https:\/\/www.miomiorun.com\/fr\/\",\"logo\":{\"@type\":\"ImageObject\",\"inLanguage\":\"fr-FR\",\"@id\":\"https:\/\/www.miomiorun.com\/fr\/#\/schema\/logo\/image\/\",\"url\":\"https:\/\/www.miomiorun.com\/app\/uploads\/2019\/12\/logomio.png\",\"contentUrl\":\"https:\/\/www.miomiorun.com\/app\/uploads\/2019\/12\/logomio.png\",\"width\":115,\"height\":82,\"caption\":\"MioMio Run\"},\"image\":{\"@id\":\"https:\/\/www.miomiorun.com\/fr\/#\/schema\/logo\/image\/\"},\"sameAs\":[\"https:\/\/www.facebook.com\/miomiorun\/\",\"https:\/\/www.instagram.com\/miomiorun\/\"]}]}<\/script>\n<!-- \/ Yoast SEO plugin. -->","yoast_head_json":{"title":"On Cloudsurfer Trail 2 homme - chaussures de course homme - MioMioRun","description":"Cloudsurfer Trail 2 : chaussure de trail l\u00e9g\u00e8re dot\u00e9e de la technologie CloudTec Phase\u2122, de la mousse haute performance Helion\u2122 et d'une semelle Missiongrip\u2122. Transitions fluides, stabilit\u00e9 et adh\u00e9rence sur des terrains vari\u00e9s","robots":{"index":"index","follow":"follow","max-snippet":"max-snippet:-1","max-image-preview":"max-image-preview:large","max-video-preview":"max-video-preview:-1"},"canonical":"https:\/\/www.miomiorun.com\/fr\/produit\/cloudsurfer-trail-2-homme\/","og_locale":"fr_FR","og_type":"article","og_title":"On Cloudsurfer Trail 2 homme - chaussures de course homme - MioMioRun","og_description":"Cloudsurfer Trail 2 : chaussure de trail l\u00e9g\u00e8re dot\u00e9e de la technologie CloudTec Phase\u2122, de la mousse haute performance Helion\u2122 et d'une semelle Missiongrip\u2122. Transitions fluides, stabilit\u00e9 et adh\u00e9rence sur des terrains vari\u00e9s","og_url":"https:\/\/www.miomiorun.com\/fr\/produit\/cloudsurfer-trail-2-homme\/","og_site_name":"MioMioRun","article_publisher":"https:\/\/www.facebook.com\/miomiorun\/","article_modified_time":"2026-05-09T09:58:11+00:00","og_image":[{"width":720,"height":720,"url":"https:\/\/www.miomiorun.com\/app\/uploads\/2026\/02\/on-Cloudsurfer-Trail-2-chalk-ghost-3MF30224793.webp","type":"image\/webp"}],"twitter_card":"summary_large_image","twitter_misc":{"Est. reading time":"1 minute"},"schema":{"@context":"https:\/\/schema.org","@graph":[{"@type":"WebPage","@id":"https:\/\/www.miomiorun.com\/fr\/produit\/cloudsurfer-trail-2-homme\/","url":"https:\/\/www.miomiorun.com\/fr\/produit\/cloudsurfer-trail-2-homme\/","name":"On Cloudsurfer Trail 2 homme - chaussures de course homme - MioMioRun","isPartOf":{"@id":"https:\/\/www.miomiorun.com\/fr\/#website"},"primaryImageOfPage":{"@id":"https:\/\/www.miomiorun.com\/fr\/produit\/cloudsurfer-trail-2-homme\/#primaryimage"},"image":{"@id":"https:\/\/www.miomiorun.com\/fr\/produit\/cloudsurfer-trail-2-homme\/#primaryimage"},"thumbnailUrl":"https:\/\/www.miomiorun.com\/app\/uploads\/2026\/02\/on-Cloudsurfer-Trail-2-chalk-ghost-3MF30224793.webp","datePublished":"2026-01-20T16:47:05+00:00","dateModified":"2026-05-09T09:58:11+00:00","description":"Cloudsurfer Trail 2 : chaussure de trail l\u00e9g\u00e8re dot\u00e9e de la technologie CloudTec Phase\u2122, de la mousse haute performance Helion\u2122 et d'une semelle Missiongrip\u2122. Transitions fluides, stabilit\u00e9 et adh\u00e9rence sur des terrains vari\u00e9s","breadcrumb":{"@id":"https:\/\/www.miomiorun.com\/fr\/produit\/cloudsurfer-trail-2-homme\/#breadcrumb"},"inLanguage":"fr-FR","potentialAction":[{"@type":"ReadAction","target":["https:\/\/www.miomiorun.com\/fr\/produit\/cloudsurfer-trail-2-homme\/"]}]},{"@type":"ImageObject","inLanguage":"fr-FR","@id":"https:\/\/www.miomiorun.com\/fr\/produit\/cloudsurfer-trail-2-homme\/#primaryimage","url":"https:\/\/www.miomiorun.com\/app\/uploads\/2026\/02\/on-Cloudsurfer-Trail-2-chalk-ghost-3MF30224793.webp","contentUrl":"https:\/\/www.miomiorun.com\/app\/uploads\/2026\/02\/on-Cloudsurfer-Trail-2-chalk-ghost-3MF30224793.webp","width":720,"height":720,"caption":"on Cloudsurfer Trail 2 chalk ghost 3MF30224793"},{"@type":"BreadcrumbList","@id":"https:\/\/www.miomiorun.com\/fr\/produit\/cloudsurfer-trail-2-homme\/#breadcrumb","itemListElement":[{"@type":"ListItem","position":1,"name":"Home","item":"https:\/\/www.miomiorun.com\/fr\/home-page\/"},{"@type":"ListItem","position":2,"name":"Shop","item":"https:\/\/www.miomiorun.com\/shop\/"},{"@type":"ListItem","position":3,"name":"Cloudsurfer Trail 2 homme"}]},{"@type":"WebSite","@id":"https:\/\/www.miomiorun.com\/fr\/#website","url":"https:\/\/www.miomiorun.com\/fr\/","name":"MioMioRun","description":"Boutique 100% running et trail","publisher":{"@id":"https:\/\/www.miomiorun.com\/fr\/#organization"},"potentialAction":[{"@type":"SearchAction","target":{"@type":"EntryPoint","urlTemplate":"https:\/\/www.miomiorun.com\/fr\/?s={search_term_string}"},"query-input":{"@type":"PropertyValueSpecification","valueRequired":true,"valueName":"search_term_string"}}],"inLanguage":"fr-FR"},{"@type":"Organization","@id":"https:\/\/www.miomiorun.com\/fr\/#organization","name":"MioMio Run","url":"https:\/\/www.miomiorun.com\/fr\/","logo":{"@type":"ImageObject","inLanguage":"fr-FR","@id":"https:\/\/www.miomiorun.com\/fr\/#\/schema\/logo\/image\/","url":"https:\/\/www.miomiorun.com\/app\/uploads\/2019\/12\/logomio.png","contentUrl":"https:\/\/www.miomiorun.com\/app\/uploads\/2019\/12\/logomio.png","width":115,"height":82,"caption":"MioMio Run"},"image":{"@id":"https:\/\/www.miomiorun.com\/fr\/#\/schema\/logo\/image\/"},"sameAs":["https:\/\/www.facebook.com\/miomiorun\/","https:\/\/www.instagram.com\/miomiorun\/"]}]}},"_links":{"self":[{"href":"https:\/\/www.miomiorun.com\/fr\/wp-json\/wp\/v2\/product\/389015","targetHints":{"allow":["GET"]}}],"collection":[{"href":"https:\/\/www.miomiorun.com\/fr\/wp-json\/wp\/v2\/product"}],"about":[{"href":"https:\/\/www.miomiorun.com\/fr\/wp-json\/wp\/v2\/types\/product"}],"wp:featuredmedia":[{"embeddable":true,"href":"https:\/\/www.miomiorun.com\/fr\/wp-json\/wp\/v2\/media\/412209"}],"wp:attachment":[{"href":"https:\/\/www.miomiorun.com\/fr\/wp-json\/wp\/v2\/media?parent=389015"}],"wp:term":[{"taxonomy":"product_brand","embeddable":true,"href":"https:\/\/www.miomiorun.com\/fr\/wp-json\/wp\/v2\/product_brand?post=389015"},{"taxonomy":"product_cat","embeddable":true,"href":"https:\/\/www.miomiorun.com\/fr\/wp-json\/wp\/v2\/product_cat?post=389015"},{"taxonomy":"product_tag","embeddable":true,"href":"https:\/\/www.miomiorun.com\/fr\/wp-json\/wp\/v2\/product_tag?post=389015"}],"curies":[{"name":"wp","href":"https:\/\/api.w.org\/{rel}","templated":true}]}}