{"id":386472,"date":"2026-01-12T19:38:38","date_gmt":"2026-01-12T18:38:38","guid":{"rendered":"https:\/\/www.miomiorun.com\/?post_type=product&#038;p=386472"},"modified":"2026-05-09T11:52:00","modified_gmt":"2026-05-09T09:52:00","slug":"gaviota-6-femme","status":"publish","type":"product","link":"https:\/\/www.miomiorun.com\/fr\/produit\/gaviota-6-femme\/","title":{"rendered":"Gaviota 6 femme"},"content":{"rendered":"<div class=\"vc-row container\"><div class=\"vc-column\"><div class=\"vc-column-text\"><\/p>\n<p><strong>Caract\u00e9ristiques techniques<\/strong><\/p>\n<p>Cat\u00e9gorie : amorti structur\u00e9<br \/>\nD\u00e9calage : 6 mm<br \/>\nPoids : 244 g<br \/>\nId\u00e9al pour : les coureurs ayant tendance \u00e0 la pronation et recherchant une chaussure l\u00e9g\u00e8re, structur\u00e9e et tr\u00e8s amortie, pour parcourir de longues distances.<br \/>\nPoids de l&#8217;athl\u00e8te : &lt;80 kg<br \/>\nAllure de course : moyenne (6 min\/km)<br \/>\n<a href=\"https:\/\/miomiorun.com\/guida-alle-specifiche-tecniche\/\">Guide des sp\u00e9cifications techniques<\/a><\/p>\n<p><\/div><\/div><div class=\"vc-column\"><div class=\"vc-column-text\"><\/p>\n<p data-start=\"145\" data-end=\"467\">La <strong data-start=\"148\" data-end=\"161\">GAVIOTA 6<\/strong> est con\u00e7ue pour offrir <strong data-start=\"187\" data-end=\"238\">une stabilit\u00e9 avanc\u00e9e sans sacrifier le confort<\/strong>, ce qui la rend id\u00e9ale aussi bien pour la <strong data-start=\"269\" data-end=\"288\">course sur route<\/strong> que pour la <strong data-start=\"300\" data-end=\"313\">marche<\/strong>. Cette nouvelle version introduit des am\u00e9liorations cibl\u00e9es qui optimisent le soutien, l&#8217;ajustement et la souplesse globale, pour une exp\u00e9rience plus fluide et plus s\u00fbre.<\/p>\n<p data-start=\"469\" data-end=\"840\">Au c\u0153ur de la stabilit\u00e9 se trouve la <strong data-start=\"499\" data-end=\"530\">technologie H-Frame\u2122 avanc\u00e9e<\/strong>, con\u00e7ue pour contrer l&#8217;<strong data-start=\"559\" data-end=\"577\">hyperpronation<\/strong> en limitant la flexion excessive vers l&#8217;int\u00e9rieur sans corriger de mani\u00e8re invasive la d\u00e9marche. L&#8217;<strong data-start=\"674\" data-end=\"701\">amorti souple<\/strong>, avec un lit plus haut, absorbe efficacement les chocs et rend chaque foul\u00e9e plus douce et plus confortable, m\u00eame sur les longues distances.<\/p>\n<p data-start=\"842\" data-end=\"1291\">La <strong data-start=\"845\" data-end=\"883\">tige en mesh technique respirant<\/strong> am\u00e9liore la ventilation et l&#8217;adaptabilit\u00e9, tandis que le <strong data-start=\"932\" data-end=\"953\">col souple<\/strong> enveloppe et soutient la cheville. Le <strong data-start=\"989\" data-end=\"1032\">syst\u00e8me de la\u00e7age ghillie interne<\/strong> contribue \u00e0 une sensation de stabilit\u00e9 et de s\u00e9curit\u00e9, soutenue par le <strong data-start=\"1104\" data-end=\"1126\">tirage arri\u00e8re<\/strong> pour un ajustement pratique. La <strong data-start=\"1155\" data-end=\"1187\">semelle en caoutchouc anti-abrasion<\/strong> assure durabilit\u00e9 et fiabilit\u00e9, compl\u00e9t\u00e9e par des <strong data-start=\"1234\" data-end=\"1262\">d\u00e9tails r\u00e9fl\u00e9chissants<\/strong> pour une meilleure visibilit\u00e9.<br \/>\n<\/div><\/div><\/div><\/p>\n","protected":false},"excerpt":{"rendered":"<ul>\n<li data-start=\"1532\" data-end=\"1620\">Technologie <strong data-start=\"1543\" data-end=\"1563\">H-Frame\u2122 avanc\u00e9e<\/strong> pour lutter contre l&#8217;hyperpronation sans surcorrection<\/li>\n<li data-start=\"1623\" data-end=\"1696\"><strong data-start=\"1623\" data-end=\"1650\">Amorti souple<\/strong> avec une semelle plus \u00e9paisse pour des impacts plus doux<\/li>\n<li data-start=\"1699\" data-end=\"1776\"><strong data-start=\"1699\" data-end=\"1719\">Maille respirante<\/strong>, col confortable et semelle en caoutchouc anti-abrasion<\/li>\n<\/ul>\n","protected":false},"featured_media":394681,"template":"","meta":{"_acf_changed":false,"inline_featured_image":false},"product_brand":[],"product_cat":[22605,22607],"product_tag":[23478,23494],"class_list":{"0":"post-386472","1":"product","2":"type-product","3":"status-publish","4":"has-post-thumbnail","6":"product_cat-chaussures-pour-femmes","7":"product_cat-ecuries","8":"product_tag-hoka-one-one-fr","9":"product_tag-hoka-femme","10":"pa_attivita-lifestyle-fr","11":"pa_attivita-marcher","12":"pa_attivita-running-fr","13":"pa_colore-gaviota-6-w-birch-yellow-gold","14":"pa_colore-gaviota-6-w-sea-glass-sage","15":"pa_marca-hoka-fr","16":"pa_sesso-femme","17":"pa_size-38-fr","19":"pa_size-39-fr","20":"pa_size-40-fr","22":"pa_size-41-fr","24":"first","25":"instock","26":"sale","27":"taxable","28":"shipping-taxable","29":"purchasable","30":"product-type-variable","31":"wvs-archive-product-wrapper"},"acf":[],"yoast_head":"<!-- This site is optimized with the Yoast SEO plugin v26.8 - https:\/\/yoast.com\/product\/yoast-seo-wordpress\/ -->\n<title>Hoka Gaviota 6 femme - chaussures stables - MioMioRun .com<\/title>\n<meta name=\"description\" content=\"Gaviota 6 : chaussures stables et confortables pour la route et la marche, avec H-Frame\u2122 \u00e9volu\u00e9, amorti souple et tige en mesh respirant.\" \/>\n<meta name=\"robots\" content=\"index, follow, max-snippet:-1, max-image-preview:large, max-video-preview:-1\" \/>\n<link rel=\"canonical\" href=\"https:\/\/www.miomiorun.com\/fr\/produit\/gaviota-6-femme\/\" \/>\n<meta property=\"og:locale\" content=\"fr_FR\" \/>\n<meta property=\"og:type\" content=\"article\" \/>\n<meta property=\"og:title\" content=\"Hoka Gaviota 6 femme - chaussures stables - MioMioRun .com\" \/>\n<meta property=\"og:description\" content=\"Gaviota 6 : chaussures stables et confortables pour la route et la marche, avec H-Frame\u2122 \u00e9volu\u00e9, amorti souple et tige en mesh respirant.\" \/>\n<meta property=\"og:url\" content=\"https:\/\/www.miomiorun.com\/fr\/produit\/gaviota-6-femme\/\" \/>\n<meta property=\"og:site_name\" content=\"MioMioRun\" \/>\n<meta property=\"article:publisher\" content=\"https:\/\/www.facebook.com\/miomiorun\/\" \/>\n<meta property=\"article:modified_time\" content=\"2026-05-09T09:52:00+00:00\" \/>\n<meta property=\"og:image\" content=\"https:\/\/www.miomiorun.com\/app\/uploads\/2026\/02\/hoka-Gaviota-6-W-birch-yellow-gold-1171933-BHY.webp\" \/>\n\t<meta property=\"og:image:width\" content=\"720\" \/>\n\t<meta property=\"og:image:height\" content=\"720\" \/>\n\t<meta property=\"og:image:type\" content=\"image\/webp\" \/>\n<meta name=\"twitter:card\" content=\"summary_large_image\" \/>\n<meta name=\"twitter:label1\" content=\"Est. reading time\" \/>\n\t<meta name=\"twitter:data1\" content=\"1 minute\" \/>\n<script type=\"application\/ld+json\" class=\"yoast-schema-graph\">{\"@context\":\"https:\/\/schema.org\",\"@graph\":[{\"@type\":\"WebPage\",\"@id\":\"https:\/\/www.miomiorun.com\/fr\/produit\/gaviota-6-femme\/\",\"url\":\"https:\/\/www.miomiorun.com\/fr\/produit\/gaviota-6-femme\/\",\"name\":\"Hoka Gaviota 6 femme - chaussures stables - MioMioRun .com\",\"isPartOf\":{\"@id\":\"https:\/\/www.miomiorun.com\/fr\/#website\"},\"primaryImageOfPage\":{\"@id\":\"https:\/\/www.miomiorun.com\/fr\/produit\/gaviota-6-femme\/#primaryimage\"},\"image\":{\"@id\":\"https:\/\/www.miomiorun.com\/fr\/produit\/gaviota-6-femme\/#primaryimage\"},\"thumbnailUrl\":\"https:\/\/www.miomiorun.com\/app\/uploads\/2026\/02\/hoka-Gaviota-6-W-birch-yellow-gold-1171933-BHY.webp\",\"datePublished\":\"2026-01-12T18:38:38+00:00\",\"dateModified\":\"2026-05-09T09:52:00+00:00\",\"description\":\"Gaviota 6 : chaussures stables et confortables pour la route et la marche, avec H-Frame\u2122 \u00e9volu\u00e9, amorti souple et tige en mesh respirant.\",\"breadcrumb\":{\"@id\":\"https:\/\/www.miomiorun.com\/fr\/produit\/gaviota-6-femme\/#breadcrumb\"},\"inLanguage\":\"fr-FR\",\"potentialAction\":[{\"@type\":\"ReadAction\",\"target\":[\"https:\/\/www.miomiorun.com\/fr\/produit\/gaviota-6-femme\/\"]}]},{\"@type\":\"ImageObject\",\"inLanguage\":\"fr-FR\",\"@id\":\"https:\/\/www.miomiorun.com\/fr\/produit\/gaviota-6-femme\/#primaryimage\",\"url\":\"https:\/\/www.miomiorun.com\/app\/uploads\/2026\/02\/hoka-Gaviota-6-W-birch-yellow-gold-1171933-BHY.webp\",\"contentUrl\":\"https:\/\/www.miomiorun.com\/app\/uploads\/2026\/02\/hoka-Gaviota-6-W-birch-yellow-gold-1171933-BHY.webp\",\"width\":720,\"height\":720,\"caption\":\"hoka Gaviota 6 W birch yellow gold 1171933 BHY\"},{\"@type\":\"BreadcrumbList\",\"@id\":\"https:\/\/www.miomiorun.com\/fr\/produit\/gaviota-6-femme\/#breadcrumb\",\"itemListElement\":[{\"@type\":\"ListItem\",\"position\":1,\"name\":\"Home\",\"item\":\"https:\/\/www.miomiorun.com\/fr\/home-page\/\"},{\"@type\":\"ListItem\",\"position\":2,\"name\":\"Shop\",\"item\":\"https:\/\/www.miomiorun.com\/shop\/\"},{\"@type\":\"ListItem\",\"position\":3,\"name\":\"Gaviota 6 femme\"}]},{\"@type\":\"WebSite\",\"@id\":\"https:\/\/www.miomiorun.com\/fr\/#website\",\"url\":\"https:\/\/www.miomiorun.com\/fr\/\",\"name\":\"MioMioRun\",\"description\":\"Boutique 100% running et trail\",\"publisher\":{\"@id\":\"https:\/\/www.miomiorun.com\/fr\/#organization\"},\"potentialAction\":[{\"@type\":\"SearchAction\",\"target\":{\"@type\":\"EntryPoint\",\"urlTemplate\":\"https:\/\/www.miomiorun.com\/fr\/?s={search_term_string}\"},\"query-input\":{\"@type\":\"PropertyValueSpecification\",\"valueRequired\":true,\"valueName\":\"search_term_string\"}}],\"inLanguage\":\"fr-FR\"},{\"@type\":\"Organization\",\"@id\":\"https:\/\/www.miomiorun.com\/fr\/#organization\",\"name\":\"MioMio Run\",\"url\":\"https:\/\/www.miomiorun.com\/fr\/\",\"logo\":{\"@type\":\"ImageObject\",\"inLanguage\":\"fr-FR\",\"@id\":\"https:\/\/www.miomiorun.com\/fr\/#\/schema\/logo\/image\/\",\"url\":\"https:\/\/www.miomiorun.com\/app\/uploads\/2019\/12\/logomio.png\",\"contentUrl\":\"https:\/\/www.miomiorun.com\/app\/uploads\/2019\/12\/logomio.png\",\"width\":115,\"height\":82,\"caption\":\"MioMio Run\"},\"image\":{\"@id\":\"https:\/\/www.miomiorun.com\/fr\/#\/schema\/logo\/image\/\"},\"sameAs\":[\"https:\/\/www.facebook.com\/miomiorun\/\",\"https:\/\/www.instagram.com\/miomiorun\/\"]}]}<\/script>\n<!-- \/ Yoast SEO plugin. -->","yoast_head_json":{"title":"Hoka Gaviota 6 femme - chaussures stables - MioMioRun .com","description":"Gaviota 6 : chaussures stables et confortables pour la route et la marche, avec H-Frame\u2122 \u00e9volu\u00e9, amorti souple et tige en mesh respirant.","robots":{"index":"index","follow":"follow","max-snippet":"max-snippet:-1","max-image-preview":"max-image-preview:large","max-video-preview":"max-video-preview:-1"},"canonical":"https:\/\/www.miomiorun.com\/fr\/produit\/gaviota-6-femme\/","og_locale":"fr_FR","og_type":"article","og_title":"Hoka Gaviota 6 femme - chaussures stables - MioMioRun .com","og_description":"Gaviota 6 : chaussures stables et confortables pour la route et la marche, avec H-Frame\u2122 \u00e9volu\u00e9, amorti souple et tige en mesh respirant.","og_url":"https:\/\/www.miomiorun.com\/fr\/produit\/gaviota-6-femme\/","og_site_name":"MioMioRun","article_publisher":"https:\/\/www.facebook.com\/miomiorun\/","article_modified_time":"2026-05-09T09:52:00+00:00","og_image":[{"width":720,"height":720,"url":"https:\/\/www.miomiorun.com\/app\/uploads\/2026\/02\/hoka-Gaviota-6-W-birch-yellow-gold-1171933-BHY.webp","type":"image\/webp"}],"twitter_card":"summary_large_image","twitter_misc":{"Est. reading time":"1 minute"},"schema":{"@context":"https:\/\/schema.org","@graph":[{"@type":"WebPage","@id":"https:\/\/www.miomiorun.com\/fr\/produit\/gaviota-6-femme\/","url":"https:\/\/www.miomiorun.com\/fr\/produit\/gaviota-6-femme\/","name":"Hoka Gaviota 6 femme - chaussures stables - MioMioRun .com","isPartOf":{"@id":"https:\/\/www.miomiorun.com\/fr\/#website"},"primaryImageOfPage":{"@id":"https:\/\/www.miomiorun.com\/fr\/produit\/gaviota-6-femme\/#primaryimage"},"image":{"@id":"https:\/\/www.miomiorun.com\/fr\/produit\/gaviota-6-femme\/#primaryimage"},"thumbnailUrl":"https:\/\/www.miomiorun.com\/app\/uploads\/2026\/02\/hoka-Gaviota-6-W-birch-yellow-gold-1171933-BHY.webp","datePublished":"2026-01-12T18:38:38+00:00","dateModified":"2026-05-09T09:52:00+00:00","description":"Gaviota 6 : chaussures stables et confortables pour la route et la marche, avec H-Frame\u2122 \u00e9volu\u00e9, amorti souple et tige en mesh respirant.","breadcrumb":{"@id":"https:\/\/www.miomiorun.com\/fr\/produit\/gaviota-6-femme\/#breadcrumb"},"inLanguage":"fr-FR","potentialAction":[{"@type":"ReadAction","target":["https:\/\/www.miomiorun.com\/fr\/produit\/gaviota-6-femme\/"]}]},{"@type":"ImageObject","inLanguage":"fr-FR","@id":"https:\/\/www.miomiorun.com\/fr\/produit\/gaviota-6-femme\/#primaryimage","url":"https:\/\/www.miomiorun.com\/app\/uploads\/2026\/02\/hoka-Gaviota-6-W-birch-yellow-gold-1171933-BHY.webp","contentUrl":"https:\/\/www.miomiorun.com\/app\/uploads\/2026\/02\/hoka-Gaviota-6-W-birch-yellow-gold-1171933-BHY.webp","width":720,"height":720,"caption":"hoka Gaviota 6 W birch yellow gold 1171933 BHY"},{"@type":"BreadcrumbList","@id":"https:\/\/www.miomiorun.com\/fr\/produit\/gaviota-6-femme\/#breadcrumb","itemListElement":[{"@type":"ListItem","position":1,"name":"Home","item":"https:\/\/www.miomiorun.com\/fr\/home-page\/"},{"@type":"ListItem","position":2,"name":"Shop","item":"https:\/\/www.miomiorun.com\/shop\/"},{"@type":"ListItem","position":3,"name":"Gaviota 6 femme"}]},{"@type":"WebSite","@id":"https:\/\/www.miomiorun.com\/fr\/#website","url":"https:\/\/www.miomiorun.com\/fr\/","name":"MioMioRun","description":"Boutique 100% running et trail","publisher":{"@id":"https:\/\/www.miomiorun.com\/fr\/#organization"},"potentialAction":[{"@type":"SearchAction","target":{"@type":"EntryPoint","urlTemplate":"https:\/\/www.miomiorun.com\/fr\/?s={search_term_string}"},"query-input":{"@type":"PropertyValueSpecification","valueRequired":true,"valueName":"search_term_string"}}],"inLanguage":"fr-FR"},{"@type":"Organization","@id":"https:\/\/www.miomiorun.com\/fr\/#organization","name":"MioMio Run","url":"https:\/\/www.miomiorun.com\/fr\/","logo":{"@type":"ImageObject","inLanguage":"fr-FR","@id":"https:\/\/www.miomiorun.com\/fr\/#\/schema\/logo\/image\/","url":"https:\/\/www.miomiorun.com\/app\/uploads\/2019\/12\/logomio.png","contentUrl":"https:\/\/www.miomiorun.com\/app\/uploads\/2019\/12\/logomio.png","width":115,"height":82,"caption":"MioMio Run"},"image":{"@id":"https:\/\/www.miomiorun.com\/fr\/#\/schema\/logo\/image\/"},"sameAs":["https:\/\/www.facebook.com\/miomiorun\/","https:\/\/www.instagram.com\/miomiorun\/"]}]}},"_links":{"self":[{"href":"https:\/\/www.miomiorun.com\/fr\/wp-json\/wp\/v2\/product\/386472","targetHints":{"allow":["GET"]}}],"collection":[{"href":"https:\/\/www.miomiorun.com\/fr\/wp-json\/wp\/v2\/product"}],"about":[{"href":"https:\/\/www.miomiorun.com\/fr\/wp-json\/wp\/v2\/types\/product"}],"wp:featuredmedia":[{"embeddable":true,"href":"https:\/\/www.miomiorun.com\/fr\/wp-json\/wp\/v2\/media\/394681"}],"wp:attachment":[{"href":"https:\/\/www.miomiorun.com\/fr\/wp-json\/wp\/v2\/media?parent=386472"}],"wp:term":[{"taxonomy":"product_brand","embeddable":true,"href":"https:\/\/www.miomiorun.com\/fr\/wp-json\/wp\/v2\/product_brand?post=386472"},{"taxonomy":"product_cat","embeddable":true,"href":"https:\/\/www.miomiorun.com\/fr\/wp-json\/wp\/v2\/product_cat?post=386472"},{"taxonomy":"product_tag","embeddable":true,"href":"https:\/\/www.miomiorun.com\/fr\/wp-json\/wp\/v2\/product_tag?post=386472"}],"curies":[{"name":"wp","href":"https:\/\/api.w.org\/{rel}","templated":true}]}}