{"id":386093,"date":"2026-01-12T17:37:54","date_gmt":"2026-01-12T16:37:54","guid":{"rendered":"https:\/\/www.miomiorun.com\/?post_type=product&#038;p=386093"},"modified":"2026-05-09T11:49:49","modified_gmt":"2026-05-09T09:49:49","slug":"launch-12-femme","status":"publish","type":"product","link":"https:\/\/www.miomiorun.com\/fr\/produit\/launch-12-femme\/","title":{"rendered":"Launch 12 femme"},"content":{"rendered":"<div class=\"vc-row container\"><div class=\"vc-column\"><div class=\"vc-column-text\"><\/p>\n<p><strong>Caract\u00e9ristiques techniques<\/strong><\/p>\n<p>Cat\u00e9gorie : amorti r\u00e9actif<br \/>\nD\u00e9calage : 8 mm<br \/>\nPoids : 224,0 g<br \/>\nId\u00e9al pour : les coureurs \u00e0 foul\u00e9e neutre et pied moyen \u00e0 la recherche d&#8217;un mod\u00e8le de chaussure polyvalent et l\u00e9ger, pour affronter avec aisance les distances moyennes et les entra\u00eenements, m\u00eame de qualit\u00e9.<br \/>\nPoids de l&#8217;athl\u00e8te : 50-65 kg<br \/>\nAllure de course : moyenne \u00e0 rapide (4,00-5,30 min\/km)<br \/>\n<a href=\"https:\/\/miomiorun.com\/guida-alle-specifiche-tecniche\/\">Guide des sp\u00e9cifications techniques<\/a><\/p>\n<p><\/div><\/div><div class=\"vc-column\"><div class=\"vc-column-text\"><\/p>\n<p data-start=\"150\" data-end=\"514\">Les <strong data-start=\"153\" data-end=\"174\">Launch 12 pour femmes<\/strong> sont des chaussures de course con\u00e7ues pour l&#8217;entra\u00eenement quotidien, id\u00e9ales pour celles qui recherchent l\u00e9g\u00e8ret\u00e9, r\u00e9activit\u00e9 et sensation de fluidit\u00e9. La <strong data-start=\"317\" data-end=\"357\">tige souple et respirante en mesh<\/strong> enveloppe le pied pour plus de confort et d&#8217;a\u00e9ration, tandis que l&#8217;<strong data-start=\"419\" data-end=\"458\">amorti l\u00e9ger et r\u00e9actif<\/strong> favorise une pouss\u00e9e naturelle et imm\u00e9diate \u00e0 chaque foul\u00e9e.<\/p>\n<p data-start=\"516\" data-end=\"911\">La semelle interm\u00e9diaire avec <strong data-start=\"533\" data-end=\"581\">amorti l\u00e9ger \u00e0 infusion d&#8217;azote<\/strong> offre une r\u00e9ponse rapide et dynamique, vous aidant \u00e0 d\u00e9coller du sol avec moins d&#8217;effort. Le <strong data-start=\"672\" data-end=\"696\">soutien \u00e9quilibr\u00e9<\/strong> assure la stabilit\u00e9 tout au long de la course : le <strong data-start=\"743\" data-end=\"772\">talon prot\u00e9g\u00e9 et s\u00e9curis\u00e9<\/strong> fonctionne en synergie avec un <strong data-start=\"799\" data-end=\"821\">avant-pied dynamique<\/strong>, garantissant une stabilit\u00e9 intrins\u00e8que \u00e9lev\u00e9e sans compromettre la libert\u00e9 de mouvement.<\/p>\n<p data-start=\"913\" data-end=\"1132\">La <strong data-start=\"916\" data-end=\"934\">semelle adh\u00e9rente<\/strong> est con\u00e7ue pour favoriser une pouss\u00e9e rapide vers l&#8217;avant, faisant de la Launch 12 un choix fiable pour les coureuses qui souhaitent s&#8217;entra\u00eener quotidiennement avec une chaussure r\u00e9active, l\u00e9g\u00e8re et bien \u00e9quilibr\u00e9e.<\/p>\n<p><\/div><\/div><\/div><\/p>\n","protected":false},"excerpt":{"rendered":"<ul>\n<li data-start=\"1372\" data-end=\"1429\">Amorti l\u00e9ger et r\u00e9actif \u00e0 infusion d&#8217;azote<\/li>\n<li data-start=\"1432\" data-end=\"1487\">Empeigne en mesh respirant pour plus de confort et d&#8217;a\u00e9ration<\/li>\n<li data-start=\"1490\" data-end=\"1553\">Soutien \u00e9quilibr\u00e9 avec talon stable et avant-pied dynamique<\/li>\n<\/ul>\n","protected":false},"featured_media":391269,"template":"","meta":{"_acf_changed":false,"inline_featured_image":false},"product_brand":[],"product_cat":[22605,22606],"product_tag":[23462,23656],"class_list":{"0":"post-386093","1":"product","2":"type-product","3":"status-publish","4":"has-post-thumbnail","6":"product_cat-chaussures-pour-femmes","7":"product_cat-neutre","8":"product_tag-brooks-fr","9":"product_tag-brooks-femme","10":"pa_attivita-fitness-fr","11":"pa_attivita-marcher","12":"pa_attivita-running-fr","13":"pa_colore-launch-12-w-black-luminary-oyster","14":"pa_colore-launch-12-w-bluewash-pink","15":"pa_marca-brooks-fr","16":"pa_sesso-femme","17":"pa_size-37-5-fr","18":"pa_size-38-fr","19":"pa_size-38-5-fr","20":"pa_size-39-fr","21":"pa_size-40-fr","22":"pa_size-40-5-fr","23":"pa_size-41-fr","25":"first","26":"instock","27":"sale","28":"taxable","29":"shipping-taxable","30":"purchasable","31":"product-type-variable","32":"wvs-archive-product-wrapper"},"acf":[],"yoast_head":"<!-- This site is optimized with the Yoast SEO plugin v26.8 - https:\/\/yoast.com\/product\/yoast-seo-wordpress\/ -->\n<title>Brooks Launch 12 femme - chaussures de course femmes - MioMioRun.com<\/title>\n<meta name=\"description\" content=\"Launch 12 femme : chaussures de course l\u00e9g\u00e8res et r\u00e9actives avec amorti \u00e0 infusion d&#039;azote, tige en mesh respirant et maintien \u00e9quilibr\u00e9.\" \/>\n<meta name=\"robots\" content=\"index, follow, max-snippet:-1, max-image-preview:large, max-video-preview:-1\" \/>\n<link rel=\"canonical\" href=\"https:\/\/www.miomiorun.com\/fr\/produit\/launch-12-femme\/\" \/>\n<meta property=\"og:locale\" content=\"fr_FR\" \/>\n<meta property=\"og:type\" content=\"article\" \/>\n<meta property=\"og:title\" content=\"Brooks Launch 12 femme - chaussures de course femmes - MioMioRun.com\" \/>\n<meta property=\"og:description\" content=\"Launch 12 femme : chaussures de course l\u00e9g\u00e8res et r\u00e9actives avec amorti \u00e0 infusion d&#039;azote, tige en mesh respirant et maintien \u00e9quilibr\u00e9.\" \/>\n<meta property=\"og:url\" content=\"https:\/\/www.miomiorun.com\/fr\/produit\/launch-12-femme\/\" \/>\n<meta property=\"og:site_name\" content=\"MioMioRun\" \/>\n<meta property=\"article:publisher\" content=\"https:\/\/www.facebook.com\/miomiorun\/\" \/>\n<meta property=\"article:modified_time\" content=\"2026-05-09T09:49:49+00:00\" \/>\n<meta property=\"og:image\" content=\"https:\/\/www.miomiorun.com\/app\/uploads\/2026\/01\/brooks-Launch-12-W-bluewash-pink-1204711B103.webp\" \/>\n\t<meta property=\"og:image:width\" content=\"720\" \/>\n\t<meta property=\"og:image:height\" content=\"720\" \/>\n\t<meta property=\"og:image:type\" content=\"image\/webp\" \/>\n<meta name=\"twitter:card\" content=\"summary_large_image\" \/>\n<meta name=\"twitter:label1\" content=\"Est. reading time\" \/>\n\t<meta name=\"twitter:data1\" content=\"1 minute\" \/>\n<script type=\"application\/ld+json\" class=\"yoast-schema-graph\">{\"@context\":\"https:\/\/schema.org\",\"@graph\":[{\"@type\":\"WebPage\",\"@id\":\"https:\/\/www.miomiorun.com\/fr\/produit\/launch-12-femme\/\",\"url\":\"https:\/\/www.miomiorun.com\/fr\/produit\/launch-12-femme\/\",\"name\":\"Brooks Launch 12 femme - chaussures de course femmes - MioMioRun.com\",\"isPartOf\":{\"@id\":\"https:\/\/www.miomiorun.com\/fr\/#website\"},\"primaryImageOfPage\":{\"@id\":\"https:\/\/www.miomiorun.com\/fr\/produit\/launch-12-femme\/#primaryimage\"},\"image\":{\"@id\":\"https:\/\/www.miomiorun.com\/fr\/produit\/launch-12-femme\/#primaryimage\"},\"thumbnailUrl\":\"https:\/\/www.miomiorun.com\/app\/uploads\/2026\/01\/brooks-Launch-12-W-bluewash-pink-1204711B103.webp\",\"datePublished\":\"2026-01-12T16:37:54+00:00\",\"dateModified\":\"2026-05-09T09:49:49+00:00\",\"description\":\"Launch 12 femme : chaussures de course l\u00e9g\u00e8res et r\u00e9actives avec amorti \u00e0 infusion d'azote, tige en mesh respirant et maintien \u00e9quilibr\u00e9.\",\"breadcrumb\":{\"@id\":\"https:\/\/www.miomiorun.com\/fr\/produit\/launch-12-femme\/#breadcrumb\"},\"inLanguage\":\"fr-FR\",\"potentialAction\":[{\"@type\":\"ReadAction\",\"target\":[\"https:\/\/www.miomiorun.com\/fr\/produit\/launch-12-femme\/\"]}]},{\"@type\":\"ImageObject\",\"inLanguage\":\"fr-FR\",\"@id\":\"https:\/\/www.miomiorun.com\/fr\/produit\/launch-12-femme\/#primaryimage\",\"url\":\"https:\/\/www.miomiorun.com\/app\/uploads\/2026\/01\/brooks-Launch-12-W-bluewash-pink-1204711B103.webp\",\"contentUrl\":\"https:\/\/www.miomiorun.com\/app\/uploads\/2026\/01\/brooks-Launch-12-W-bluewash-pink-1204711B103.webp\",\"width\":720,\"height\":720,\"caption\":\"brooks Launch 12 W bluewash pink 1204711B103\"},{\"@type\":\"BreadcrumbList\",\"@id\":\"https:\/\/www.miomiorun.com\/fr\/produit\/launch-12-femme\/#breadcrumb\",\"itemListElement\":[{\"@type\":\"ListItem\",\"position\":1,\"name\":\"Home\",\"item\":\"https:\/\/www.miomiorun.com\/fr\/home-page\/\"},{\"@type\":\"ListItem\",\"position\":2,\"name\":\"Shop\",\"item\":\"https:\/\/www.miomiorun.com\/shop\/\"},{\"@type\":\"ListItem\",\"position\":3,\"name\":\"Launch 12 femme\"}]},{\"@type\":\"WebSite\",\"@id\":\"https:\/\/www.miomiorun.com\/fr\/#website\",\"url\":\"https:\/\/www.miomiorun.com\/fr\/\",\"name\":\"MioMioRun\",\"description\":\"Boutique 100% running et trail\",\"publisher\":{\"@id\":\"https:\/\/www.miomiorun.com\/fr\/#organization\"},\"potentialAction\":[{\"@type\":\"SearchAction\",\"target\":{\"@type\":\"EntryPoint\",\"urlTemplate\":\"https:\/\/www.miomiorun.com\/fr\/?s={search_term_string}\"},\"query-input\":{\"@type\":\"PropertyValueSpecification\",\"valueRequired\":true,\"valueName\":\"search_term_string\"}}],\"inLanguage\":\"fr-FR\"},{\"@type\":\"Organization\",\"@id\":\"https:\/\/www.miomiorun.com\/fr\/#organization\",\"name\":\"MioMio Run\",\"url\":\"https:\/\/www.miomiorun.com\/fr\/\",\"logo\":{\"@type\":\"ImageObject\",\"inLanguage\":\"fr-FR\",\"@id\":\"https:\/\/www.miomiorun.com\/fr\/#\/schema\/logo\/image\/\",\"url\":\"https:\/\/www.miomiorun.com\/app\/uploads\/2019\/12\/logomio.png\",\"contentUrl\":\"https:\/\/www.miomiorun.com\/app\/uploads\/2019\/12\/logomio.png\",\"width\":115,\"height\":82,\"caption\":\"MioMio Run\"},\"image\":{\"@id\":\"https:\/\/www.miomiorun.com\/fr\/#\/schema\/logo\/image\/\"},\"sameAs\":[\"https:\/\/www.facebook.com\/miomiorun\/\",\"https:\/\/www.instagram.com\/miomiorun\/\"]}]}<\/script>\n<!-- \/ Yoast SEO plugin. -->","yoast_head_json":{"title":"Brooks Launch 12 femme - chaussures de course femmes - MioMioRun.com","description":"Launch 12 femme : chaussures de course l\u00e9g\u00e8res et r\u00e9actives avec amorti \u00e0 infusion d'azote, tige en mesh respirant et maintien \u00e9quilibr\u00e9.","robots":{"index":"index","follow":"follow","max-snippet":"max-snippet:-1","max-image-preview":"max-image-preview:large","max-video-preview":"max-video-preview:-1"},"canonical":"https:\/\/www.miomiorun.com\/fr\/produit\/launch-12-femme\/","og_locale":"fr_FR","og_type":"article","og_title":"Brooks Launch 12 femme - chaussures de course femmes - MioMioRun.com","og_description":"Launch 12 femme : chaussures de course l\u00e9g\u00e8res et r\u00e9actives avec amorti \u00e0 infusion d'azote, tige en mesh respirant et maintien \u00e9quilibr\u00e9.","og_url":"https:\/\/www.miomiorun.com\/fr\/produit\/launch-12-femme\/","og_site_name":"MioMioRun","article_publisher":"https:\/\/www.facebook.com\/miomiorun\/","article_modified_time":"2026-05-09T09:49:49+00:00","og_image":[{"width":720,"height":720,"url":"https:\/\/www.miomiorun.com\/app\/uploads\/2026\/01\/brooks-Launch-12-W-bluewash-pink-1204711B103.webp","type":"image\/webp"}],"twitter_card":"summary_large_image","twitter_misc":{"Est. reading time":"1 minute"},"schema":{"@context":"https:\/\/schema.org","@graph":[{"@type":"WebPage","@id":"https:\/\/www.miomiorun.com\/fr\/produit\/launch-12-femme\/","url":"https:\/\/www.miomiorun.com\/fr\/produit\/launch-12-femme\/","name":"Brooks Launch 12 femme - chaussures de course femmes - MioMioRun.com","isPartOf":{"@id":"https:\/\/www.miomiorun.com\/fr\/#website"},"primaryImageOfPage":{"@id":"https:\/\/www.miomiorun.com\/fr\/produit\/launch-12-femme\/#primaryimage"},"image":{"@id":"https:\/\/www.miomiorun.com\/fr\/produit\/launch-12-femme\/#primaryimage"},"thumbnailUrl":"https:\/\/www.miomiorun.com\/app\/uploads\/2026\/01\/brooks-Launch-12-W-bluewash-pink-1204711B103.webp","datePublished":"2026-01-12T16:37:54+00:00","dateModified":"2026-05-09T09:49:49+00:00","description":"Launch 12 femme : chaussures de course l\u00e9g\u00e8res et r\u00e9actives avec amorti \u00e0 infusion d'azote, tige en mesh respirant et maintien \u00e9quilibr\u00e9.","breadcrumb":{"@id":"https:\/\/www.miomiorun.com\/fr\/produit\/launch-12-femme\/#breadcrumb"},"inLanguage":"fr-FR","potentialAction":[{"@type":"ReadAction","target":["https:\/\/www.miomiorun.com\/fr\/produit\/launch-12-femme\/"]}]},{"@type":"ImageObject","inLanguage":"fr-FR","@id":"https:\/\/www.miomiorun.com\/fr\/produit\/launch-12-femme\/#primaryimage","url":"https:\/\/www.miomiorun.com\/app\/uploads\/2026\/01\/brooks-Launch-12-W-bluewash-pink-1204711B103.webp","contentUrl":"https:\/\/www.miomiorun.com\/app\/uploads\/2026\/01\/brooks-Launch-12-W-bluewash-pink-1204711B103.webp","width":720,"height":720,"caption":"brooks Launch 12 W bluewash pink 1204711B103"},{"@type":"BreadcrumbList","@id":"https:\/\/www.miomiorun.com\/fr\/produit\/launch-12-femme\/#breadcrumb","itemListElement":[{"@type":"ListItem","position":1,"name":"Home","item":"https:\/\/www.miomiorun.com\/fr\/home-page\/"},{"@type":"ListItem","position":2,"name":"Shop","item":"https:\/\/www.miomiorun.com\/shop\/"},{"@type":"ListItem","position":3,"name":"Launch 12 femme"}]},{"@type":"WebSite","@id":"https:\/\/www.miomiorun.com\/fr\/#website","url":"https:\/\/www.miomiorun.com\/fr\/","name":"MioMioRun","description":"Boutique 100% running et trail","publisher":{"@id":"https:\/\/www.miomiorun.com\/fr\/#organization"},"potentialAction":[{"@type":"SearchAction","target":{"@type":"EntryPoint","urlTemplate":"https:\/\/www.miomiorun.com\/fr\/?s={search_term_string}"},"query-input":{"@type":"PropertyValueSpecification","valueRequired":true,"valueName":"search_term_string"}}],"inLanguage":"fr-FR"},{"@type":"Organization","@id":"https:\/\/www.miomiorun.com\/fr\/#organization","name":"MioMio Run","url":"https:\/\/www.miomiorun.com\/fr\/","logo":{"@type":"ImageObject","inLanguage":"fr-FR","@id":"https:\/\/www.miomiorun.com\/fr\/#\/schema\/logo\/image\/","url":"https:\/\/www.miomiorun.com\/app\/uploads\/2019\/12\/logomio.png","contentUrl":"https:\/\/www.miomiorun.com\/app\/uploads\/2019\/12\/logomio.png","width":115,"height":82,"caption":"MioMio Run"},"image":{"@id":"https:\/\/www.miomiorun.com\/fr\/#\/schema\/logo\/image\/"},"sameAs":["https:\/\/www.facebook.com\/miomiorun\/","https:\/\/www.instagram.com\/miomiorun\/"]}]}},"_links":{"self":[{"href":"https:\/\/www.miomiorun.com\/fr\/wp-json\/wp\/v2\/product\/386093","targetHints":{"allow":["GET"]}}],"collection":[{"href":"https:\/\/www.miomiorun.com\/fr\/wp-json\/wp\/v2\/product"}],"about":[{"href":"https:\/\/www.miomiorun.com\/fr\/wp-json\/wp\/v2\/types\/product"}],"wp:featuredmedia":[{"embeddable":true,"href":"https:\/\/www.miomiorun.com\/fr\/wp-json\/wp\/v2\/media\/391269"}],"wp:attachment":[{"href":"https:\/\/www.miomiorun.com\/fr\/wp-json\/wp\/v2\/media?parent=386093"}],"wp:term":[{"taxonomy":"product_brand","embeddable":true,"href":"https:\/\/www.miomiorun.com\/fr\/wp-json\/wp\/v2\/product_brand?post=386093"},{"taxonomy":"product_cat","embeddable":true,"href":"https:\/\/www.miomiorun.com\/fr\/wp-json\/wp\/v2\/product_cat?post=386093"},{"taxonomy":"product_tag","embeddable":true,"href":"https:\/\/www.miomiorun.com\/fr\/wp-json\/wp\/v2\/product_tag?post=386093"}],"curies":[{"name":"wp","href":"https:\/\/api.w.org\/{rel}","templated":true}]}}