{"id":385531,"date":"2026-01-09T12:23:58","date_gmt":"2026-01-09T11:23:58","guid":{"rendered":"https:\/\/www.miomiorun.com\/?post_type=product&#038;p=385531"},"modified":"2026-05-09T11:46:15","modified_gmt":"2026-05-09T09:46:15","slug":"glycerin-gts-23-femme","status":"publish","type":"product","link":"https:\/\/www.miomiorun.com\/fr\/produit\/glycerin-gts-23-femme\/","title":{"rendered":"Glycerin GTS 23 femme"},"content":{"rendered":"<div class=\"vc-row container\"><div class=\"vc-column\"><div class=\"vc-column-text\"><\/p>\n<h4>Caract\u00e9ristiques techniques<\/h4>\n<p>Cat\u00e9gorie : super amorti<br \/>\nD\u00e9calage : 8 mm<br \/>\nPoids : 277,8 g<br \/>\nId\u00e9al pour : celles qui ont besoin d&#8217;un soutien suppl\u00e9mentaire pour contr\u00f4ler leur pronation pendant la course, sans compromettre le confort et l&#8217;amorti. Ces chaussures sont particuli\u00e8rement adapt\u00e9es \u00e0 l&#8217;entra\u00eenement sur route et sur asphalte, o\u00f9 le terrain uniforme permet de tirer le meilleur parti de l&#8217;amorti optimis\u00e9<br \/>\nPoids de l&#8217;athl\u00e8te : &gt; 70 kg<br \/>\nAllure de course : &gt; 5,30 min\/km<br \/>\n<a href=\"https:\/\/miomiorun.com\/guida-alle-specifiche-tecniche\/\">Guide des sp\u00e9cifications techniques<\/a><\/p>\n<p><\/div><\/div><div class=\"vc-column\"><div class=\"vc-column-text\"><\/p>\n<p data-start=\"157\" data-end=\"479\">Les <strong data-start=\"160\" data-end=\"188\">Glycerin GTS 23 pour femmes<\/strong> sont le choix id\u00e9al pour celles qui recherchent \u00e0 la fois une <strong data-start=\"245\" data-end=\"273\">souplesse extraordinaire<\/strong> et un <strong data-start=\"276\" data-end=\"300\">soutien structur\u00e9<\/strong> pendant la course. Con\u00e7ues pour le <strong data-start=\"331\" data-end=\"347\">road running<\/strong>, <strong data-start=\"349\" data-end=\"375\">l&#8217;entra\u00eenement quotidien<\/strong> et <strong data-start=\"378\" data-end=\"397\">les longues distances<\/strong>, elles offrent une exp\u00e9rience de course fluide et confortable kilom\u00e8tre apr\u00e8s kilom\u00e8tre.<\/p>\n<p data-start=\"481\" data-end=\"874\">L&#8217;amorti <strong data-start=\"499\" data-end=\"510\">moelleux<\/strong>, souple et calibr\u00e9, garantit <strong data-start=\"544\" data-end=\"576\">des impacts extr\u00eamement doux<\/strong> et <strong data-start=\"579\" data-end=\"598\">des d\u00e9collages puissants<\/strong>, contribuant \u00e0 r\u00e9duire la fatigue m\u00eame lors des sorties les plus longues. Au c\u0153ur du soutien se trouve le syst\u00e8me <strong data-start=\"701\" data-end=\"716\">GuideRails\u2122<\/strong>, con\u00e7u pour <strong data-start=\"733\" data-end=\"782\">contr\u00f4ler les mouvements excessifs<\/strong> et favoriser un alignement plus naturel pendant la course, sans interf\u00e9rer avec la foul\u00e9e.<\/p>\n<p data-start=\"876\" data-end=\"1149\">La <strong data-start=\"879\" data-end=\"901\">coupe adaptable<\/strong> enveloppe le pied de mani\u00e8re s\u00fbre et confortable, offrant stabilit\u00e9 et fiabilit\u00e9 \u00e0 chaque foul\u00e9e. Les Glycerin GTS 23 sont con\u00e7ues pour les coureuses qui recherchent un confort maximal, un soutien cibl\u00e9 et des performances constantes, jour apr\u00e8s jour.<\/p>\n<p><\/div><\/div><\/div><\/p>\n","protected":false},"excerpt":{"rendered":"<ul>\n<li><strong>Amorti luxueux :<\/strong> la semelle interm\u00e9diaire DNA TUNED offre une foul\u00e9e souple et r\u00e9active.<\/li>\n<li><strong>Support GuideRails\u00ae :<\/strong> assure la stabilit\u00e9 et contr\u00f4le les mouvements ind\u00e9sirables. <\/li>\n<li><strong>Tige respirante :<\/strong> garantit confort et fra\u00eecheur pendant l&#8217;activit\u00e9. <\/li>\n<\/ul>\n","protected":false},"featured_media":391338,"template":"","meta":{"_acf_changed":false,"inline_featured_image":false},"product_brand":[],"product_cat":[22605,22607],"product_tag":[23462,23656],"class_list":{"0":"post-385531","1":"product","2":"type-product","3":"status-publish","4":"has-post-thumbnail","6":"product_cat-chaussures-pour-femmes","7":"product_cat-ecuries","8":"product_tag-brooks-fr","9":"product_tag-brooks-femme","10":"pa_attivita-lifestyle-fr","11":"pa_attivita-marcher","12":"pa_attivita-running-fr","13":"pa_colore-glycerin-gts-23-w-white-phantom-cyber-pi","14":"pa_colore-glycerin-gts23-w-white-harbor-mist-metal","15":"pa_marca-brooks-fr","16":"pa_sesso-femme","17":"pa_size-37-5-fr","18":"pa_size-39-fr","19":"pa_size-41-fr","20":"pa_size-42-fr","22":"first","23":"instock","24":"sale","25":"taxable","26":"shipping-taxable","27":"purchasable","28":"product-type-variable","29":"wvs-archive-product-wrapper"},"acf":[],"yoast_head":"<!-- This site is optimized with the Yoast SEO plugin v26.8 - https:\/\/yoast.com\/product\/yoast-seo-wordpress\/ -->\n<title>Brooks Glycerin GTS 23 femme - chaussures de course femmes - MioMioRun .com<\/title>\n<meta name=\"description\" content=\"Glycerin GTS 23 femme : chaussures de course \u00e0 amorti moelleux, soutien structur\u00e9 GuideRails\u2122 et ajustement adaptable. Confort, stabilit\u00e9 et souplesse.\" \/>\n<meta name=\"robots\" content=\"index, follow, max-snippet:-1, max-image-preview:large, max-video-preview:-1\" \/>\n<link rel=\"canonical\" href=\"https:\/\/www.miomiorun.com\/fr\/produit\/glycerin-gts-23-femme\/\" \/>\n<meta property=\"og:locale\" content=\"fr_FR\" \/>\n<meta property=\"og:type\" content=\"article\" \/>\n<meta property=\"og:title\" content=\"Brooks Glycerin GTS 23 femme - chaussures de course femmes - MioMioRun .com\" \/>\n<meta property=\"og:description\" content=\"Glycerin GTS 23 femme : chaussures de course \u00e0 amorti moelleux, soutien structur\u00e9 GuideRails\u2122 et ajustement adaptable. Confort, stabilit\u00e9 et souplesse.\" \/>\n<meta property=\"og:url\" content=\"https:\/\/www.miomiorun.com\/fr\/produit\/glycerin-gts-23-femme\/\" \/>\n<meta property=\"og:site_name\" content=\"MioMioRun\" \/>\n<meta property=\"article:publisher\" content=\"https:\/\/www.facebook.com\/miomiorun\/\" \/>\n<meta property=\"article:modified_time\" content=\"2026-05-09T09:46:15+00:00\" \/>\n<meta property=\"og:image\" content=\"https:\/\/www.miomiorun.com\/app\/uploads\/2026\/01\/brooks-Glycerin-GTS-23-W-white-phantom-cyber-pi-1204921B111.webp\" \/>\n\t<meta property=\"og:image:width\" content=\"720\" \/>\n\t<meta property=\"og:image:height\" content=\"720\" \/>\n\t<meta property=\"og:image:type\" content=\"image\/webp\" \/>\n<meta name=\"twitter:card\" content=\"summary_large_image\" \/>\n<meta name=\"twitter:label1\" content=\"Est. reading time\" \/>\n\t<meta name=\"twitter:data1\" content=\"1 minute\" \/>\n<script type=\"application\/ld+json\" class=\"yoast-schema-graph\">{\"@context\":\"https:\/\/schema.org\",\"@graph\":[{\"@type\":\"WebPage\",\"@id\":\"https:\/\/www.miomiorun.com\/fr\/produit\/glycerin-gts-23-femme\/\",\"url\":\"https:\/\/www.miomiorun.com\/fr\/produit\/glycerin-gts-23-femme\/\",\"name\":\"Brooks Glycerin GTS 23 femme - chaussures de course femmes - MioMioRun .com\",\"isPartOf\":{\"@id\":\"https:\/\/www.miomiorun.com\/fr\/#website\"},\"primaryImageOfPage\":{\"@id\":\"https:\/\/www.miomiorun.com\/fr\/produit\/glycerin-gts-23-femme\/#primaryimage\"},\"image\":{\"@id\":\"https:\/\/www.miomiorun.com\/fr\/produit\/glycerin-gts-23-femme\/#primaryimage\"},\"thumbnailUrl\":\"https:\/\/www.miomiorun.com\/app\/uploads\/2026\/01\/brooks-Glycerin-GTS-23-W-white-phantom-cyber-pi-1204921B111.webp\",\"datePublished\":\"2026-01-09T11:23:58+00:00\",\"dateModified\":\"2026-05-09T09:46:15+00:00\",\"description\":\"Glycerin GTS 23 femme : chaussures de course \u00e0 amorti moelleux, soutien structur\u00e9 GuideRails\u2122 et ajustement adaptable. Confort, stabilit\u00e9 et souplesse.\",\"breadcrumb\":{\"@id\":\"https:\/\/www.miomiorun.com\/fr\/produit\/glycerin-gts-23-femme\/#breadcrumb\"},\"inLanguage\":\"fr-FR\",\"potentialAction\":[{\"@type\":\"ReadAction\",\"target\":[\"https:\/\/www.miomiorun.com\/fr\/produit\/glycerin-gts-23-femme\/\"]}]},{\"@type\":\"ImageObject\",\"inLanguage\":\"fr-FR\",\"@id\":\"https:\/\/www.miomiorun.com\/fr\/produit\/glycerin-gts-23-femme\/#primaryimage\",\"url\":\"https:\/\/www.miomiorun.com\/app\/uploads\/2026\/01\/brooks-Glycerin-GTS-23-W-white-phantom-cyber-pi-1204921B111.webp\",\"contentUrl\":\"https:\/\/www.miomiorun.com\/app\/uploads\/2026\/01\/brooks-Glycerin-GTS-23-W-white-phantom-cyber-pi-1204921B111.webp\",\"width\":720,\"height\":720,\"caption\":\"brooks Glycerin GTS 23 W white phantom cyber pi 1204921B111\"},{\"@type\":\"BreadcrumbList\",\"@id\":\"https:\/\/www.miomiorun.com\/fr\/produit\/glycerin-gts-23-femme\/#breadcrumb\",\"itemListElement\":[{\"@type\":\"ListItem\",\"position\":1,\"name\":\"Home\",\"item\":\"https:\/\/www.miomiorun.com\/fr\/home-page\/\"},{\"@type\":\"ListItem\",\"position\":2,\"name\":\"Shop\",\"item\":\"https:\/\/www.miomiorun.com\/shop\/\"},{\"@type\":\"ListItem\",\"position\":3,\"name\":\"Glycerin GTS 23 femme\"}]},{\"@type\":\"WebSite\",\"@id\":\"https:\/\/www.miomiorun.com\/fr\/#website\",\"url\":\"https:\/\/www.miomiorun.com\/fr\/\",\"name\":\"MioMioRun\",\"description\":\"Boutique 100% running et trail\",\"publisher\":{\"@id\":\"https:\/\/www.miomiorun.com\/fr\/#organization\"},\"potentialAction\":[{\"@type\":\"SearchAction\",\"target\":{\"@type\":\"EntryPoint\",\"urlTemplate\":\"https:\/\/www.miomiorun.com\/fr\/?s={search_term_string}\"},\"query-input\":{\"@type\":\"PropertyValueSpecification\",\"valueRequired\":true,\"valueName\":\"search_term_string\"}}],\"inLanguage\":\"fr-FR\"},{\"@type\":\"Organization\",\"@id\":\"https:\/\/www.miomiorun.com\/fr\/#organization\",\"name\":\"MioMio Run\",\"url\":\"https:\/\/www.miomiorun.com\/fr\/\",\"logo\":{\"@type\":\"ImageObject\",\"inLanguage\":\"fr-FR\",\"@id\":\"https:\/\/www.miomiorun.com\/fr\/#\/schema\/logo\/image\/\",\"url\":\"https:\/\/www.miomiorun.com\/app\/uploads\/2019\/12\/logomio.png\",\"contentUrl\":\"https:\/\/www.miomiorun.com\/app\/uploads\/2019\/12\/logomio.png\",\"width\":115,\"height\":82,\"caption\":\"MioMio Run\"},\"image\":{\"@id\":\"https:\/\/www.miomiorun.com\/fr\/#\/schema\/logo\/image\/\"},\"sameAs\":[\"https:\/\/www.facebook.com\/miomiorun\/\",\"https:\/\/www.instagram.com\/miomiorun\/\"]}]}<\/script>\n<!-- \/ Yoast SEO plugin. -->","yoast_head_json":{"title":"Brooks Glycerin GTS 23 femme - chaussures de course femmes - MioMioRun .com","description":"Glycerin GTS 23 femme : chaussures de course \u00e0 amorti moelleux, soutien structur\u00e9 GuideRails\u2122 et ajustement adaptable. Confort, stabilit\u00e9 et souplesse.","robots":{"index":"index","follow":"follow","max-snippet":"max-snippet:-1","max-image-preview":"max-image-preview:large","max-video-preview":"max-video-preview:-1"},"canonical":"https:\/\/www.miomiorun.com\/fr\/produit\/glycerin-gts-23-femme\/","og_locale":"fr_FR","og_type":"article","og_title":"Brooks Glycerin GTS 23 femme - chaussures de course femmes - MioMioRun .com","og_description":"Glycerin GTS 23 femme : chaussures de course \u00e0 amorti moelleux, soutien structur\u00e9 GuideRails\u2122 et ajustement adaptable. Confort, stabilit\u00e9 et souplesse.","og_url":"https:\/\/www.miomiorun.com\/fr\/produit\/glycerin-gts-23-femme\/","og_site_name":"MioMioRun","article_publisher":"https:\/\/www.facebook.com\/miomiorun\/","article_modified_time":"2026-05-09T09:46:15+00:00","og_image":[{"width":720,"height":720,"url":"https:\/\/www.miomiorun.com\/app\/uploads\/2026\/01\/brooks-Glycerin-GTS-23-W-white-phantom-cyber-pi-1204921B111.webp","type":"image\/webp"}],"twitter_card":"summary_large_image","twitter_misc":{"Est. reading time":"1 minute"},"schema":{"@context":"https:\/\/schema.org","@graph":[{"@type":"WebPage","@id":"https:\/\/www.miomiorun.com\/fr\/produit\/glycerin-gts-23-femme\/","url":"https:\/\/www.miomiorun.com\/fr\/produit\/glycerin-gts-23-femme\/","name":"Brooks Glycerin GTS 23 femme - chaussures de course femmes - MioMioRun .com","isPartOf":{"@id":"https:\/\/www.miomiorun.com\/fr\/#website"},"primaryImageOfPage":{"@id":"https:\/\/www.miomiorun.com\/fr\/produit\/glycerin-gts-23-femme\/#primaryimage"},"image":{"@id":"https:\/\/www.miomiorun.com\/fr\/produit\/glycerin-gts-23-femme\/#primaryimage"},"thumbnailUrl":"https:\/\/www.miomiorun.com\/app\/uploads\/2026\/01\/brooks-Glycerin-GTS-23-W-white-phantom-cyber-pi-1204921B111.webp","datePublished":"2026-01-09T11:23:58+00:00","dateModified":"2026-05-09T09:46:15+00:00","description":"Glycerin GTS 23 femme : chaussures de course \u00e0 amorti moelleux, soutien structur\u00e9 GuideRails\u2122 et ajustement adaptable. Confort, stabilit\u00e9 et souplesse.","breadcrumb":{"@id":"https:\/\/www.miomiorun.com\/fr\/produit\/glycerin-gts-23-femme\/#breadcrumb"},"inLanguage":"fr-FR","potentialAction":[{"@type":"ReadAction","target":["https:\/\/www.miomiorun.com\/fr\/produit\/glycerin-gts-23-femme\/"]}]},{"@type":"ImageObject","inLanguage":"fr-FR","@id":"https:\/\/www.miomiorun.com\/fr\/produit\/glycerin-gts-23-femme\/#primaryimage","url":"https:\/\/www.miomiorun.com\/app\/uploads\/2026\/01\/brooks-Glycerin-GTS-23-W-white-phantom-cyber-pi-1204921B111.webp","contentUrl":"https:\/\/www.miomiorun.com\/app\/uploads\/2026\/01\/brooks-Glycerin-GTS-23-W-white-phantom-cyber-pi-1204921B111.webp","width":720,"height":720,"caption":"brooks Glycerin GTS 23 W white phantom cyber pi 1204921B111"},{"@type":"BreadcrumbList","@id":"https:\/\/www.miomiorun.com\/fr\/produit\/glycerin-gts-23-femme\/#breadcrumb","itemListElement":[{"@type":"ListItem","position":1,"name":"Home","item":"https:\/\/www.miomiorun.com\/fr\/home-page\/"},{"@type":"ListItem","position":2,"name":"Shop","item":"https:\/\/www.miomiorun.com\/shop\/"},{"@type":"ListItem","position":3,"name":"Glycerin GTS 23 femme"}]},{"@type":"WebSite","@id":"https:\/\/www.miomiorun.com\/fr\/#website","url":"https:\/\/www.miomiorun.com\/fr\/","name":"MioMioRun","description":"Boutique 100% running et trail","publisher":{"@id":"https:\/\/www.miomiorun.com\/fr\/#organization"},"potentialAction":[{"@type":"SearchAction","target":{"@type":"EntryPoint","urlTemplate":"https:\/\/www.miomiorun.com\/fr\/?s={search_term_string}"},"query-input":{"@type":"PropertyValueSpecification","valueRequired":true,"valueName":"search_term_string"}}],"inLanguage":"fr-FR"},{"@type":"Organization","@id":"https:\/\/www.miomiorun.com\/fr\/#organization","name":"MioMio Run","url":"https:\/\/www.miomiorun.com\/fr\/","logo":{"@type":"ImageObject","inLanguage":"fr-FR","@id":"https:\/\/www.miomiorun.com\/fr\/#\/schema\/logo\/image\/","url":"https:\/\/www.miomiorun.com\/app\/uploads\/2019\/12\/logomio.png","contentUrl":"https:\/\/www.miomiorun.com\/app\/uploads\/2019\/12\/logomio.png","width":115,"height":82,"caption":"MioMio Run"},"image":{"@id":"https:\/\/www.miomiorun.com\/fr\/#\/schema\/logo\/image\/"},"sameAs":["https:\/\/www.facebook.com\/miomiorun\/","https:\/\/www.instagram.com\/miomiorun\/"]}]}},"_links":{"self":[{"href":"https:\/\/www.miomiorun.com\/fr\/wp-json\/wp\/v2\/product\/385531","targetHints":{"allow":["GET"]}}],"collection":[{"href":"https:\/\/www.miomiorun.com\/fr\/wp-json\/wp\/v2\/product"}],"about":[{"href":"https:\/\/www.miomiorun.com\/fr\/wp-json\/wp\/v2\/types\/product"}],"wp:featuredmedia":[{"embeddable":true,"href":"https:\/\/www.miomiorun.com\/fr\/wp-json\/wp\/v2\/media\/391338"}],"wp:attachment":[{"href":"https:\/\/www.miomiorun.com\/fr\/wp-json\/wp\/v2\/media?parent=385531"}],"wp:term":[{"taxonomy":"product_brand","embeddable":true,"href":"https:\/\/www.miomiorun.com\/fr\/wp-json\/wp\/v2\/product_brand?post=385531"},{"taxonomy":"product_cat","embeddable":true,"href":"https:\/\/www.miomiorun.com\/fr\/wp-json\/wp\/v2\/product_cat?post=385531"},{"taxonomy":"product_tag","embeddable":true,"href":"https:\/\/www.miomiorun.com\/fr\/wp-json\/wp\/v2\/product_tag?post=385531"}],"curies":[{"name":"wp","href":"https:\/\/api.w.org\/{rel}","templated":true}]}}