{"id":385337,"date":"2026-01-09T12:04:36","date_gmt":"2026-01-09T11:04:36","guid":{"rendered":"https:\/\/www.miomiorun.com\/?post_type=product&#038;p=385337"},"modified":"2026-05-09T11:45:16","modified_gmt":"2026-05-09T09:45:16","slug":"glycerin-23-homme","status":"publish","type":"product","link":"https:\/\/www.miomiorun.com\/fr\/produit\/glycerin-23-homme\/","title":{"rendered":"Glycerin 23 homme"},"content":{"rendered":"<div class=\"vc-row container\"><div class=\"vc-column\"><div class=\"vc-column-text\"><\/p>\n<h4>Caract\u00e9ristiques techniques<\/h4>\n<p>Cat\u00e9gorie : super amorti<br \/>\nD\u00e9calage : 8 mm<br \/>\nPoids : 300,5 g<br \/>\nId\u00e9al pour : course sur route, courses quotidiennes, courses longues<br \/>\nPoids de l&#8217;athl\u00e8te : &gt; 70 kg<br \/>\nAllure de course : &gt; 5,30 min\/km<br \/>\n<a href=\"https:\/\/miomiorun.com\/guida-alle-specifiche-tecniche\/\">Guide des sp\u00e9cifications techniques<\/a><\/p>\n<p><\/div><\/div><div class=\"vc-column\"><div class=\"vc-column-text\"><\/p>\n<p data-start=\"152\" data-end=\"526\">Les <strong data-start=\"155\" data-end=\"178\">Glycerin 23 pour homme<\/strong> sont con\u00e7ues pour ceux qui souhaitent courir longtemps avec un maximum de confort, sans renoncer \u00e0 la stabilit\u00e9 et \u00e0 la r\u00e9activit\u00e9. Id\u00e9ales pour le <strong data-start=\"310\" data-end=\"326\">road running<\/strong>, les <strong data-start=\"332\" data-end=\"358\">entra\u00eenements quotidiens<\/strong> et les <strong data-start=\"364\" data-end=\"383\">longues distances<\/strong>, elles offrent un amorti calibr\u00e9 de haute qualit\u00e9 qui garantit des <strong data-start=\"453\" data-end=\"485\">impacts extr\u00eamement souples<\/strong> et des <strong data-start=\"488\" data-end=\"507\">d\u00e9collages puissants<\/strong>, pas apr\u00e8s pas.<\/p>\n<p data-start=\"528\" data-end=\"964\">Le c\u0153ur de la chaussure est l&#8217;amorti <strong data-start=\"570\" data-end=\"583\">DNA TUNED<\/strong>, con\u00e7u pour offrir l&#8217;\u00e9quilibre parfait entre <strong data-start=\"633\" data-end=\"669\">souplesse, stabilit\u00e9 et r\u00e9activit\u00e9<\/strong>. Le <strong data-start=\"674\" data-end=\"703\">talon prot\u00e9g\u00e9 et s\u00fbr<\/strong> fonctionne en tandem avec un <strong data-start=\"724\" data-end=\"746\">avant-pied dynamique<\/strong>, assurant une stabilit\u00e9 intrins\u00e8que \u00e9lev\u00e9e et une transition fluide de la phase d&#8217;appui \u00e0 la phase de pouss\u00e9e. Cela rend la course plus naturelle, plus contr\u00f4l\u00e9e et moins fatigante, m\u00eame sur de longues distances.<\/p>\n<p data-start=\"966\" data-end=\"1131\">Les Glycerin 23 pour hommes sont un choix fiable pour les coureurs qui recherchent une chaussure confortable, \u00e9quilibr\u00e9e et capable de maintenir des performances constantes dans le temps.<\/p>\n<p><\/div><\/div><\/div>\n","protected":false},"excerpt":{"rendered":"<ul>\n<li data-start=\"1372\" data-end=\"1441\">Amorti DNA TUNED pour un confort durable et une propulsion efficace<\/li>\n<li data-start=\"1444\" data-end=\"1508\">Soutien \u00e9quilibr\u00e9 avec talon prot\u00e9g\u00e9 et avant-pied dynamique<\/li>\n<li data-start=\"1511\" data-end=\"1571\">Id\u00e9ales pour la course sur route, l&#8217;entra\u00eenement quotidien et les longues distances<\/li>\n<\/ul>\n","protected":false},"featured_media":390425,"template":"","meta":{"_acf_changed":false,"inline_featured_image":false},"product_brand":[],"product_cat":[24448,24447],"product_tag":[23462,23655],"class_list":{"0":"post-385337","1":"product","2":"type-product","3":"status-publish","4":"has-post-thumbnail","6":"product_cat-chaussures-pour-hommes-fr","7":"product_cat-neutre-fr-3","8":"product_tag-brooks-fr","9":"product_tag-brooks-homme","10":"pa_attivita-lifestyle-fr","11":"pa_attivita-marcher","12":"pa_attivita-running-fr","13":"pa_colore-glycerin-23-black-grey-white-fr","14":"pa_colore-glycerin-23-blue-spellbound-starfish-fr","15":"pa_colore-glycerin-23-moonlight-blue-green-gecko","16":"pa_colore-glycerin-23-phantom-orange-sand-fr","17":"pa_colore-glycerin-23-white-phantom-green-gecko-fr","18":"pa_marca-brooks-fr","19":"pa_sesso-femme","20":"pa_size-41-fr","21":"pa_size-42-fr","22":"pa_size-42-5-fr","23":"pa_size-43-fr","24":"pa_size-44-fr","25":"pa_size-44-5-fr","26":"pa_size-45-fr","27":"pa_size-45-5-fr","28":"pa_size-46-fr","29":"pa_size-46-5-fr","31":"first","32":"instock","33":"sale","34":"taxable","35":"shipping-taxable","36":"purchasable","37":"product-type-variable","38":"wvs-archive-product-wrapper"},"acf":[],"yoast_head":"<!-- This site is optimized with the Yoast SEO plugin v26.8 - https:\/\/yoast.com\/product\/yoast-seo-wordpress\/ -->\n<title>Brooks Glycerin 23 homme - chaussures de course homme - MioMioRun .com<\/title>\n<meta name=\"description\" content=\"Glycerin 23 homme : chaussures de course \u00e0 pied avec amorti DNA TUNED pour des impacts souples et des pouss\u00e9es puissantes. Confort, stabilit\u00e9 et r\u00e9activit\u00e9.\" \/>\n<meta name=\"robots\" content=\"index, follow, max-snippet:-1, max-image-preview:large, max-video-preview:-1\" \/>\n<link rel=\"canonical\" href=\"https:\/\/www.miomiorun.com\/fr\/produit\/glycerin-23-homme\/\" \/>\n<meta property=\"og:locale\" content=\"fr_FR\" \/>\n<meta property=\"og:type\" content=\"article\" \/>\n<meta property=\"og:title\" content=\"Brooks Glycerin 23 homme - chaussures de course homme - MioMioRun .com\" \/>\n<meta property=\"og:description\" content=\"Glycerin 23 homme : chaussures de course \u00e0 pied avec amorti DNA TUNED pour des impacts souples et des pouss\u00e9es puissantes. Confort, stabilit\u00e9 et r\u00e9activit\u00e9.\" \/>\n<meta property=\"og:url\" content=\"https:\/\/www.miomiorun.com\/fr\/produit\/glycerin-23-homme\/\" \/>\n<meta property=\"og:site_name\" content=\"MioMioRun\" \/>\n<meta property=\"article:publisher\" content=\"https:\/\/www.facebook.com\/miomiorun\/\" \/>\n<meta property=\"article:modified_time\" content=\"2026-05-09T09:45:16+00:00\" \/>\n<meta property=\"og:image\" content=\"https:\/\/www.miomiorun.com\/app\/uploads\/2026\/01\/brooks-Glycerin-23-white-phantom-green-gecko-1104761D154.webp\" \/>\n\t<meta property=\"og:image:width\" content=\"720\" \/>\n\t<meta property=\"og:image:height\" content=\"720\" \/>\n\t<meta property=\"og:image:type\" content=\"image\/webp\" \/>\n<meta name=\"twitter:card\" content=\"summary_large_image\" \/>\n<meta name=\"twitter:label1\" content=\"Est. reading time\" \/>\n\t<meta name=\"twitter:data1\" content=\"1 minute\" \/>\n<script type=\"application\/ld+json\" class=\"yoast-schema-graph\">{\"@context\":\"https:\/\/schema.org\",\"@graph\":[{\"@type\":\"WebPage\",\"@id\":\"https:\/\/www.miomiorun.com\/fr\/produit\/glycerin-23-homme\/\",\"url\":\"https:\/\/www.miomiorun.com\/fr\/produit\/glycerin-23-homme\/\",\"name\":\"Brooks Glycerin 23 homme - chaussures de course homme - MioMioRun .com\",\"isPartOf\":{\"@id\":\"https:\/\/www.miomiorun.com\/fr\/#website\"},\"primaryImageOfPage\":{\"@id\":\"https:\/\/www.miomiorun.com\/fr\/produit\/glycerin-23-homme\/#primaryimage\"},\"image\":{\"@id\":\"https:\/\/www.miomiorun.com\/fr\/produit\/glycerin-23-homme\/#primaryimage\"},\"thumbnailUrl\":\"https:\/\/www.miomiorun.com\/app\/uploads\/2026\/01\/brooks-Glycerin-23-white-phantom-green-gecko-1104761D154.webp\",\"datePublished\":\"2026-01-09T11:04:36+00:00\",\"dateModified\":\"2026-05-09T09:45:16+00:00\",\"description\":\"Glycerin 23 homme : chaussures de course \u00e0 pied avec amorti DNA TUNED pour des impacts souples et des pouss\u00e9es puissantes. Confort, stabilit\u00e9 et r\u00e9activit\u00e9.\",\"breadcrumb\":{\"@id\":\"https:\/\/www.miomiorun.com\/fr\/produit\/glycerin-23-homme\/#breadcrumb\"},\"inLanguage\":\"fr-FR\",\"potentialAction\":[{\"@type\":\"ReadAction\",\"target\":[\"https:\/\/www.miomiorun.com\/fr\/produit\/glycerin-23-homme\/\"]}]},{\"@type\":\"ImageObject\",\"inLanguage\":\"fr-FR\",\"@id\":\"https:\/\/www.miomiorun.com\/fr\/produit\/glycerin-23-homme\/#primaryimage\",\"url\":\"https:\/\/www.miomiorun.com\/app\/uploads\/2026\/01\/brooks-Glycerin-23-white-phantom-green-gecko-1104761D154.webp\",\"contentUrl\":\"https:\/\/www.miomiorun.com\/app\/uploads\/2026\/01\/brooks-Glycerin-23-white-phantom-green-gecko-1104761D154.webp\",\"width\":720,\"height\":720,\"caption\":\"brooks Glycerin 23 white phantom green gecko 1104761D154\"},{\"@type\":\"BreadcrumbList\",\"@id\":\"https:\/\/www.miomiorun.com\/fr\/produit\/glycerin-23-homme\/#breadcrumb\",\"itemListElement\":[{\"@type\":\"ListItem\",\"position\":1,\"name\":\"Home\",\"item\":\"https:\/\/www.miomiorun.com\/fr\/home-page\/\"},{\"@type\":\"ListItem\",\"position\":2,\"name\":\"Shop\",\"item\":\"https:\/\/www.miomiorun.com\/shop\/\"},{\"@type\":\"ListItem\",\"position\":3,\"name\":\"Glycerin 23 homme\"}]},{\"@type\":\"WebSite\",\"@id\":\"https:\/\/www.miomiorun.com\/fr\/#website\",\"url\":\"https:\/\/www.miomiorun.com\/fr\/\",\"name\":\"MioMioRun\",\"description\":\"Boutique 100% running et trail\",\"publisher\":{\"@id\":\"https:\/\/www.miomiorun.com\/fr\/#organization\"},\"potentialAction\":[{\"@type\":\"SearchAction\",\"target\":{\"@type\":\"EntryPoint\",\"urlTemplate\":\"https:\/\/www.miomiorun.com\/fr\/?s={search_term_string}\"},\"query-input\":{\"@type\":\"PropertyValueSpecification\",\"valueRequired\":true,\"valueName\":\"search_term_string\"}}],\"inLanguage\":\"fr-FR\"},{\"@type\":\"Organization\",\"@id\":\"https:\/\/www.miomiorun.com\/fr\/#organization\",\"name\":\"MioMio Run\",\"url\":\"https:\/\/www.miomiorun.com\/fr\/\",\"logo\":{\"@type\":\"ImageObject\",\"inLanguage\":\"fr-FR\",\"@id\":\"https:\/\/www.miomiorun.com\/fr\/#\/schema\/logo\/image\/\",\"url\":\"https:\/\/www.miomiorun.com\/app\/uploads\/2019\/12\/logomio.png\",\"contentUrl\":\"https:\/\/www.miomiorun.com\/app\/uploads\/2019\/12\/logomio.png\",\"width\":115,\"height\":82,\"caption\":\"MioMio Run\"},\"image\":{\"@id\":\"https:\/\/www.miomiorun.com\/fr\/#\/schema\/logo\/image\/\"},\"sameAs\":[\"https:\/\/www.facebook.com\/miomiorun\/\",\"https:\/\/www.instagram.com\/miomiorun\/\"]}]}<\/script>\n<!-- \/ Yoast SEO plugin. -->","yoast_head_json":{"title":"Brooks Glycerin 23 homme - chaussures de course homme - MioMioRun .com","description":"Glycerin 23 homme : chaussures de course \u00e0 pied avec amorti DNA TUNED pour des impacts souples et des pouss\u00e9es puissantes. Confort, stabilit\u00e9 et r\u00e9activit\u00e9.","robots":{"index":"index","follow":"follow","max-snippet":"max-snippet:-1","max-image-preview":"max-image-preview:large","max-video-preview":"max-video-preview:-1"},"canonical":"https:\/\/www.miomiorun.com\/fr\/produit\/glycerin-23-homme\/","og_locale":"fr_FR","og_type":"article","og_title":"Brooks Glycerin 23 homme - chaussures de course homme - MioMioRun .com","og_description":"Glycerin 23 homme : chaussures de course \u00e0 pied avec amorti DNA TUNED pour des impacts souples et des pouss\u00e9es puissantes. Confort, stabilit\u00e9 et r\u00e9activit\u00e9.","og_url":"https:\/\/www.miomiorun.com\/fr\/produit\/glycerin-23-homme\/","og_site_name":"MioMioRun","article_publisher":"https:\/\/www.facebook.com\/miomiorun\/","article_modified_time":"2026-05-09T09:45:16+00:00","og_image":[{"width":720,"height":720,"url":"https:\/\/www.miomiorun.com\/app\/uploads\/2026\/01\/brooks-Glycerin-23-white-phantom-green-gecko-1104761D154.webp","type":"image\/webp"}],"twitter_card":"summary_large_image","twitter_misc":{"Est. reading time":"1 minute"},"schema":{"@context":"https:\/\/schema.org","@graph":[{"@type":"WebPage","@id":"https:\/\/www.miomiorun.com\/fr\/produit\/glycerin-23-homme\/","url":"https:\/\/www.miomiorun.com\/fr\/produit\/glycerin-23-homme\/","name":"Brooks Glycerin 23 homme - chaussures de course homme - MioMioRun .com","isPartOf":{"@id":"https:\/\/www.miomiorun.com\/fr\/#website"},"primaryImageOfPage":{"@id":"https:\/\/www.miomiorun.com\/fr\/produit\/glycerin-23-homme\/#primaryimage"},"image":{"@id":"https:\/\/www.miomiorun.com\/fr\/produit\/glycerin-23-homme\/#primaryimage"},"thumbnailUrl":"https:\/\/www.miomiorun.com\/app\/uploads\/2026\/01\/brooks-Glycerin-23-white-phantom-green-gecko-1104761D154.webp","datePublished":"2026-01-09T11:04:36+00:00","dateModified":"2026-05-09T09:45:16+00:00","description":"Glycerin 23 homme : chaussures de course \u00e0 pied avec amorti DNA TUNED pour des impacts souples et des pouss\u00e9es puissantes. Confort, stabilit\u00e9 et r\u00e9activit\u00e9.","breadcrumb":{"@id":"https:\/\/www.miomiorun.com\/fr\/produit\/glycerin-23-homme\/#breadcrumb"},"inLanguage":"fr-FR","potentialAction":[{"@type":"ReadAction","target":["https:\/\/www.miomiorun.com\/fr\/produit\/glycerin-23-homme\/"]}]},{"@type":"ImageObject","inLanguage":"fr-FR","@id":"https:\/\/www.miomiorun.com\/fr\/produit\/glycerin-23-homme\/#primaryimage","url":"https:\/\/www.miomiorun.com\/app\/uploads\/2026\/01\/brooks-Glycerin-23-white-phantom-green-gecko-1104761D154.webp","contentUrl":"https:\/\/www.miomiorun.com\/app\/uploads\/2026\/01\/brooks-Glycerin-23-white-phantom-green-gecko-1104761D154.webp","width":720,"height":720,"caption":"brooks Glycerin 23 white phantom green gecko 1104761D154"},{"@type":"BreadcrumbList","@id":"https:\/\/www.miomiorun.com\/fr\/produit\/glycerin-23-homme\/#breadcrumb","itemListElement":[{"@type":"ListItem","position":1,"name":"Home","item":"https:\/\/www.miomiorun.com\/fr\/home-page\/"},{"@type":"ListItem","position":2,"name":"Shop","item":"https:\/\/www.miomiorun.com\/shop\/"},{"@type":"ListItem","position":3,"name":"Glycerin 23 homme"}]},{"@type":"WebSite","@id":"https:\/\/www.miomiorun.com\/fr\/#website","url":"https:\/\/www.miomiorun.com\/fr\/","name":"MioMioRun","description":"Boutique 100% running et trail","publisher":{"@id":"https:\/\/www.miomiorun.com\/fr\/#organization"},"potentialAction":[{"@type":"SearchAction","target":{"@type":"EntryPoint","urlTemplate":"https:\/\/www.miomiorun.com\/fr\/?s={search_term_string}"},"query-input":{"@type":"PropertyValueSpecification","valueRequired":true,"valueName":"search_term_string"}}],"inLanguage":"fr-FR"},{"@type":"Organization","@id":"https:\/\/www.miomiorun.com\/fr\/#organization","name":"MioMio Run","url":"https:\/\/www.miomiorun.com\/fr\/","logo":{"@type":"ImageObject","inLanguage":"fr-FR","@id":"https:\/\/www.miomiorun.com\/fr\/#\/schema\/logo\/image\/","url":"https:\/\/www.miomiorun.com\/app\/uploads\/2019\/12\/logomio.png","contentUrl":"https:\/\/www.miomiorun.com\/app\/uploads\/2019\/12\/logomio.png","width":115,"height":82,"caption":"MioMio Run"},"image":{"@id":"https:\/\/www.miomiorun.com\/fr\/#\/schema\/logo\/image\/"},"sameAs":["https:\/\/www.facebook.com\/miomiorun\/","https:\/\/www.instagram.com\/miomiorun\/"]}]}},"_links":{"self":[{"href":"https:\/\/www.miomiorun.com\/fr\/wp-json\/wp\/v2\/product\/385337","targetHints":{"allow":["GET"]}}],"collection":[{"href":"https:\/\/www.miomiorun.com\/fr\/wp-json\/wp\/v2\/product"}],"about":[{"href":"https:\/\/www.miomiorun.com\/fr\/wp-json\/wp\/v2\/types\/product"}],"wp:featuredmedia":[{"embeddable":true,"href":"https:\/\/www.miomiorun.com\/fr\/wp-json\/wp\/v2\/media\/390425"}],"wp:attachment":[{"href":"https:\/\/www.miomiorun.com\/fr\/wp-json\/wp\/v2\/media?parent=385337"}],"wp:term":[{"taxonomy":"product_brand","embeddable":true,"href":"https:\/\/www.miomiorun.com\/fr\/wp-json\/wp\/v2\/product_brand?post=385337"},{"taxonomy":"product_cat","embeddable":true,"href":"https:\/\/www.miomiorun.com\/fr\/wp-json\/wp\/v2\/product_cat?post=385337"},{"taxonomy":"product_tag","embeddable":true,"href":"https:\/\/www.miomiorun.com\/fr\/wp-json\/wp\/v2\/product_tag?post=385337"}],"curies":[{"name":"wp","href":"https:\/\/api.w.org\/{rel}","templated":true}]}}