{"id":385247,"date":"2026-01-09T11:59:38","date_gmt":"2026-01-09T10:59:38","guid":{"rendered":"https:\/\/www.miomiorun.com\/?post_type=product&#038;p=385247"},"modified":"2026-05-09T11:44:05","modified_gmt":"2026-05-09T09:44:05","slug":"glycerin-23-femme","status":"publish","type":"product","link":"https:\/\/www.miomiorun.com\/fr\/produit\/glycerin-23-femme\/","title":{"rendered":"Glycerin 23 femme"},"content":{"rendered":"<div class=\"vc-row container\"><div class=\"vc-column\"><div class=\"vc-column-text\"><\/p>\n<h4>Caract\u00e9ristiques techniques<\/h4>\n<p>Cat\u00e9gorie : super amorti<br \/>\nD\u00e9calage : 8 mm<br \/>\nPoids : 269,3 g<br \/>\nId\u00e9al pour : course sur route, courses quotidiennes, courses longues<br \/>\nPoids de l&#8217;athl\u00e8te : &gt; 70 kg<br \/>\nAllure de course : &gt; 5,30 min\/km<br \/>\n<a href=\"https:\/\/miomiorun.com\/guida-alle-specifiche-tecniche\/\">Guide des sp\u00e9cifications techniques<\/a><\/p>\n<p><\/div><\/div><div class=\"vc-column\"><div class=\"vc-column-text\"><\/p>\n<p data-start=\"153\" data-end=\"572\">Les <strong data-start=\"156\" data-end=\"180\">Glycerin 23 pour femmes<\/strong> sont con\u00e7ues pour vous accompagner kilom\u00e8tre apr\u00e8s kilom\u00e8tre avec une sensation de souplesse constante et une r\u00e9ponse fluide. Con\u00e7ues pour la <strong data-start=\"322\" data-end=\"338\">course sur route<\/strong>, les <strong data-start=\"344\" data-end=\"370\">entra\u00eenements quotidiens<\/strong> et les <strong data-start=\"376\" data-end=\"395\">longues distances<\/strong>, elles offrent un amorti calibr\u00e9 de haute qualit\u00e9 qui assure des <strong data-start=\"463\" data-end=\"501\">impacts extraordinairement souples<\/strong> et des <strong data-start=\"504\" data-end=\"523\">d\u00e9collages puissants<\/strong>, rendant chaque course plus l\u00e9g\u00e8re et plus confortable.<\/p>\n<p data-start=\"574\" data-end=\"989\">Le c\u0153ur de la chaussure est l&#8217;amorti <strong data-start=\"616\" data-end=\"629\">DNA TUNED<\/strong>, qui \u00e9quilibre parfaitement <strong data-start=\"658\" data-end=\"696\">souplesse, stabilit\u00e9 et r\u00e9activit\u00e9<\/strong>. Le <strong data-start=\"701\" data-end=\"730\">talon prot\u00e9g\u00e9 et s\u00fbr<\/strong> fonctionne en synergie avec un <strong data-start=\"757\" data-end=\"779\">avant-pied dynamique<\/strong>, contribuant \u00e0 une stabilit\u00e9 intrins\u00e8que \u00e9lev\u00e9e et \u00e0 une transition fluide entre le contact avec le sol et la pouss\u00e9e. Il en r\u00e9sulte une course \u00e9quilibr\u00e9e, stable et agr\u00e9able, m\u00eame lorsque les kilom\u00e8tres s&#8217;accumulent.<\/p>\n<p data-start=\"991\" data-end=\"1148\">Les Glycerin 23 sont id\u00e9ales pour ceux qui recherchent une chaussure fiable, capable d&#8217;offrir un confort durable sans renoncer \u00e0 une sensation d&#8217;\u00e9nergie \u00e0 chaque foul\u00e9e.<\/p>\n<p><\/div><\/div><\/div><\/p>\n","protected":false},"excerpt":{"rendered":"<ul>\n<li data-start=\"1394\" data-end=\"1463\">Amorti DNA TUNED pour un confort constant et des acc\u00e9l\u00e9rations puissantes<\/li>\n<li data-start=\"1466\" data-end=\"1530\">Soutien \u00e9quilibr\u00e9 avec talon prot\u00e9g\u00e9 et avant-pied dynamique<\/li>\n<li data-start=\"1533\" data-end=\"1600\">Id\u00e9ales pour la course sur route, l&#8217;entra\u00eenement quotidien et les longues distances<\/li>\n<\/ul>\n","protected":false},"featured_media":391111,"template":"","meta":{"_acf_changed":false,"inline_featured_image":false},"product_brand":[],"product_cat":[22605,22606],"product_tag":[23462,23656],"class_list":{"0":"post-385247","1":"product","2":"type-product","3":"status-publish","4":"has-post-thumbnail","6":"product_cat-chaussures-pour-femmes","7":"product_cat-neutre","8":"product_tag-brooks-fr","9":"product_tag-brooks-femme","10":"pa_attivita-lifestyle-fr","11":"pa_attivita-marcher","12":"pa_attivita-running-fr","13":"pa_colore-glycerin-23-w-spellbound-yucca-pink","14":"pa_colore-glycerin-23-w-white-harbor-mist-metallic","15":"pa_colore-glycerin-23-w-white-phantom-cyber-pink-fr","16":"pa_colore-glycerin-23-w-yucca-nightlife-white-fr","17":"pa_marca-brooks-fr","18":"pa_sesso-femme","19":"pa_size-38-fr","20":"pa_size-38-5-fr","21":"pa_size-39-fr","22":"pa_size-40-fr","23":"pa_size-40-5-fr","24":"pa_size-41-fr","25":"pa_size-42-fr","27":"first","28":"instock","29":"sale","30":"taxable","31":"shipping-taxable","32":"purchasable","33":"product-type-variable","34":"wvs-archive-product-wrapper"},"acf":[],"yoast_head":"<!-- This site is optimized with the Yoast SEO plugin v26.8 - https:\/\/yoast.com\/product\/yoast-seo-wordpress\/ -->\n<title>Brooks Glycerin 23 femme - chaussures de course femmes - MioMioRun .com<\/title>\n<meta name=\"description\" content=\"Glycerin 23 femme : chaussures de course avec amorti DNA TUNED pour des impacts souples et des pouss\u00e9es puissantes. Confort, stabilit\u00e9 et r\u00e9activit\u00e9.\" \/>\n<meta name=\"robots\" content=\"index, follow, max-snippet:-1, max-image-preview:large, max-video-preview:-1\" \/>\n<link rel=\"canonical\" href=\"https:\/\/www.miomiorun.com\/fr\/produit\/glycerin-23-femme\/\" \/>\n<meta property=\"og:locale\" content=\"fr_FR\" \/>\n<meta property=\"og:type\" content=\"article\" \/>\n<meta property=\"og:title\" content=\"Brooks Glycerin 23 femme - chaussures de course femmes - MioMioRun .com\" \/>\n<meta property=\"og:description\" content=\"Glycerin 23 femme : chaussures de course avec amorti DNA TUNED pour des impacts souples et des pouss\u00e9es puissantes. Confort, stabilit\u00e9 et r\u00e9activit\u00e9.\" \/>\n<meta property=\"og:url\" content=\"https:\/\/www.miomiorun.com\/fr\/produit\/glycerin-23-femme\/\" \/>\n<meta property=\"og:site_name\" content=\"MioMioRun\" \/>\n<meta property=\"article:publisher\" content=\"https:\/\/www.facebook.com\/miomiorun\/\" \/>\n<meta property=\"article:modified_time\" content=\"2026-05-09T09:44:05+00:00\" \/>\n<meta property=\"og:image\" content=\"https:\/\/www.miomiorun.com\/app\/uploads\/2026\/01\/brooks-Glycerin-23-W-white-phantom-cyber-pink-1204651B111.webp\" \/>\n\t<meta property=\"og:image:width\" content=\"720\" \/>\n\t<meta property=\"og:image:height\" content=\"720\" \/>\n\t<meta property=\"og:image:type\" content=\"image\/webp\" \/>\n<meta name=\"twitter:card\" content=\"summary_large_image\" \/>\n<meta name=\"twitter:label1\" content=\"Est. reading time\" \/>\n\t<meta name=\"twitter:data1\" content=\"1 minute\" \/>\n<script type=\"application\/ld+json\" class=\"yoast-schema-graph\">{\"@context\":\"https:\/\/schema.org\",\"@graph\":[{\"@type\":\"WebPage\",\"@id\":\"https:\/\/www.miomiorun.com\/fr\/produit\/glycerin-23-femme\/\",\"url\":\"https:\/\/www.miomiorun.com\/fr\/produit\/glycerin-23-femme\/\",\"name\":\"Brooks Glycerin 23 femme - chaussures de course femmes - MioMioRun .com\",\"isPartOf\":{\"@id\":\"https:\/\/www.miomiorun.com\/fr\/#website\"},\"primaryImageOfPage\":{\"@id\":\"https:\/\/www.miomiorun.com\/fr\/produit\/glycerin-23-femme\/#primaryimage\"},\"image\":{\"@id\":\"https:\/\/www.miomiorun.com\/fr\/produit\/glycerin-23-femme\/#primaryimage\"},\"thumbnailUrl\":\"https:\/\/www.miomiorun.com\/app\/uploads\/2026\/01\/brooks-Glycerin-23-W-white-phantom-cyber-pink-1204651B111.webp\",\"datePublished\":\"2026-01-09T10:59:38+00:00\",\"dateModified\":\"2026-05-09T09:44:05+00:00\",\"description\":\"Glycerin 23 femme : chaussures de course avec amorti DNA TUNED pour des impacts souples et des pouss\u00e9es puissantes. Confort, stabilit\u00e9 et r\u00e9activit\u00e9.\",\"breadcrumb\":{\"@id\":\"https:\/\/www.miomiorun.com\/fr\/produit\/glycerin-23-femme\/#breadcrumb\"},\"inLanguage\":\"fr-FR\",\"potentialAction\":[{\"@type\":\"ReadAction\",\"target\":[\"https:\/\/www.miomiorun.com\/fr\/produit\/glycerin-23-femme\/\"]}]},{\"@type\":\"ImageObject\",\"inLanguage\":\"fr-FR\",\"@id\":\"https:\/\/www.miomiorun.com\/fr\/produit\/glycerin-23-femme\/#primaryimage\",\"url\":\"https:\/\/www.miomiorun.com\/app\/uploads\/2026\/01\/brooks-Glycerin-23-W-white-phantom-cyber-pink-1204651B111.webp\",\"contentUrl\":\"https:\/\/www.miomiorun.com\/app\/uploads\/2026\/01\/brooks-Glycerin-23-W-white-phantom-cyber-pink-1204651B111.webp\",\"width\":720,\"height\":720,\"caption\":\"brooks Glycerin 23 W white phantom cyber pink 1204651B111\"},{\"@type\":\"BreadcrumbList\",\"@id\":\"https:\/\/www.miomiorun.com\/fr\/produit\/glycerin-23-femme\/#breadcrumb\",\"itemListElement\":[{\"@type\":\"ListItem\",\"position\":1,\"name\":\"Home\",\"item\":\"https:\/\/www.miomiorun.com\/fr\/home-page\/\"},{\"@type\":\"ListItem\",\"position\":2,\"name\":\"Shop\",\"item\":\"https:\/\/www.miomiorun.com\/shop\/\"},{\"@type\":\"ListItem\",\"position\":3,\"name\":\"Glycerin 23 femme\"}]},{\"@type\":\"WebSite\",\"@id\":\"https:\/\/www.miomiorun.com\/fr\/#website\",\"url\":\"https:\/\/www.miomiorun.com\/fr\/\",\"name\":\"MioMioRun\",\"description\":\"Boutique 100% running et trail\",\"publisher\":{\"@id\":\"https:\/\/www.miomiorun.com\/fr\/#organization\"},\"potentialAction\":[{\"@type\":\"SearchAction\",\"target\":{\"@type\":\"EntryPoint\",\"urlTemplate\":\"https:\/\/www.miomiorun.com\/fr\/?s={search_term_string}\"},\"query-input\":{\"@type\":\"PropertyValueSpecification\",\"valueRequired\":true,\"valueName\":\"search_term_string\"}}],\"inLanguage\":\"fr-FR\"},{\"@type\":\"Organization\",\"@id\":\"https:\/\/www.miomiorun.com\/fr\/#organization\",\"name\":\"MioMio Run\",\"url\":\"https:\/\/www.miomiorun.com\/fr\/\",\"logo\":{\"@type\":\"ImageObject\",\"inLanguage\":\"fr-FR\",\"@id\":\"https:\/\/www.miomiorun.com\/fr\/#\/schema\/logo\/image\/\",\"url\":\"https:\/\/www.miomiorun.com\/app\/uploads\/2019\/12\/logomio.png\",\"contentUrl\":\"https:\/\/www.miomiorun.com\/app\/uploads\/2019\/12\/logomio.png\",\"width\":115,\"height\":82,\"caption\":\"MioMio Run\"},\"image\":{\"@id\":\"https:\/\/www.miomiorun.com\/fr\/#\/schema\/logo\/image\/\"},\"sameAs\":[\"https:\/\/www.facebook.com\/miomiorun\/\",\"https:\/\/www.instagram.com\/miomiorun\/\"]}]}<\/script>\n<!-- \/ Yoast SEO plugin. -->","yoast_head_json":{"title":"Brooks Glycerin 23 femme - chaussures de course femmes - MioMioRun .com","description":"Glycerin 23 femme : chaussures de course avec amorti DNA TUNED pour des impacts souples et des pouss\u00e9es puissantes. Confort, stabilit\u00e9 et r\u00e9activit\u00e9.","robots":{"index":"index","follow":"follow","max-snippet":"max-snippet:-1","max-image-preview":"max-image-preview:large","max-video-preview":"max-video-preview:-1"},"canonical":"https:\/\/www.miomiorun.com\/fr\/produit\/glycerin-23-femme\/","og_locale":"fr_FR","og_type":"article","og_title":"Brooks Glycerin 23 femme - chaussures de course femmes - MioMioRun .com","og_description":"Glycerin 23 femme : chaussures de course avec amorti DNA TUNED pour des impacts souples et des pouss\u00e9es puissantes. Confort, stabilit\u00e9 et r\u00e9activit\u00e9.","og_url":"https:\/\/www.miomiorun.com\/fr\/produit\/glycerin-23-femme\/","og_site_name":"MioMioRun","article_publisher":"https:\/\/www.facebook.com\/miomiorun\/","article_modified_time":"2026-05-09T09:44:05+00:00","og_image":[{"width":720,"height":720,"url":"https:\/\/www.miomiorun.com\/app\/uploads\/2026\/01\/brooks-Glycerin-23-W-white-phantom-cyber-pink-1204651B111.webp","type":"image\/webp"}],"twitter_card":"summary_large_image","twitter_misc":{"Est. reading time":"1 minute"},"schema":{"@context":"https:\/\/schema.org","@graph":[{"@type":"WebPage","@id":"https:\/\/www.miomiorun.com\/fr\/produit\/glycerin-23-femme\/","url":"https:\/\/www.miomiorun.com\/fr\/produit\/glycerin-23-femme\/","name":"Brooks Glycerin 23 femme - chaussures de course femmes - MioMioRun .com","isPartOf":{"@id":"https:\/\/www.miomiorun.com\/fr\/#website"},"primaryImageOfPage":{"@id":"https:\/\/www.miomiorun.com\/fr\/produit\/glycerin-23-femme\/#primaryimage"},"image":{"@id":"https:\/\/www.miomiorun.com\/fr\/produit\/glycerin-23-femme\/#primaryimage"},"thumbnailUrl":"https:\/\/www.miomiorun.com\/app\/uploads\/2026\/01\/brooks-Glycerin-23-W-white-phantom-cyber-pink-1204651B111.webp","datePublished":"2026-01-09T10:59:38+00:00","dateModified":"2026-05-09T09:44:05+00:00","description":"Glycerin 23 femme : chaussures de course avec amorti DNA TUNED pour des impacts souples et des pouss\u00e9es puissantes. Confort, stabilit\u00e9 et r\u00e9activit\u00e9.","breadcrumb":{"@id":"https:\/\/www.miomiorun.com\/fr\/produit\/glycerin-23-femme\/#breadcrumb"},"inLanguage":"fr-FR","potentialAction":[{"@type":"ReadAction","target":["https:\/\/www.miomiorun.com\/fr\/produit\/glycerin-23-femme\/"]}]},{"@type":"ImageObject","inLanguage":"fr-FR","@id":"https:\/\/www.miomiorun.com\/fr\/produit\/glycerin-23-femme\/#primaryimage","url":"https:\/\/www.miomiorun.com\/app\/uploads\/2026\/01\/brooks-Glycerin-23-W-white-phantom-cyber-pink-1204651B111.webp","contentUrl":"https:\/\/www.miomiorun.com\/app\/uploads\/2026\/01\/brooks-Glycerin-23-W-white-phantom-cyber-pink-1204651B111.webp","width":720,"height":720,"caption":"brooks Glycerin 23 W white phantom cyber pink 1204651B111"},{"@type":"BreadcrumbList","@id":"https:\/\/www.miomiorun.com\/fr\/produit\/glycerin-23-femme\/#breadcrumb","itemListElement":[{"@type":"ListItem","position":1,"name":"Home","item":"https:\/\/www.miomiorun.com\/fr\/home-page\/"},{"@type":"ListItem","position":2,"name":"Shop","item":"https:\/\/www.miomiorun.com\/shop\/"},{"@type":"ListItem","position":3,"name":"Glycerin 23 femme"}]},{"@type":"WebSite","@id":"https:\/\/www.miomiorun.com\/fr\/#website","url":"https:\/\/www.miomiorun.com\/fr\/","name":"MioMioRun","description":"Boutique 100% running et trail","publisher":{"@id":"https:\/\/www.miomiorun.com\/fr\/#organization"},"potentialAction":[{"@type":"SearchAction","target":{"@type":"EntryPoint","urlTemplate":"https:\/\/www.miomiorun.com\/fr\/?s={search_term_string}"},"query-input":{"@type":"PropertyValueSpecification","valueRequired":true,"valueName":"search_term_string"}}],"inLanguage":"fr-FR"},{"@type":"Organization","@id":"https:\/\/www.miomiorun.com\/fr\/#organization","name":"MioMio Run","url":"https:\/\/www.miomiorun.com\/fr\/","logo":{"@type":"ImageObject","inLanguage":"fr-FR","@id":"https:\/\/www.miomiorun.com\/fr\/#\/schema\/logo\/image\/","url":"https:\/\/www.miomiorun.com\/app\/uploads\/2019\/12\/logomio.png","contentUrl":"https:\/\/www.miomiorun.com\/app\/uploads\/2019\/12\/logomio.png","width":115,"height":82,"caption":"MioMio Run"},"image":{"@id":"https:\/\/www.miomiorun.com\/fr\/#\/schema\/logo\/image\/"},"sameAs":["https:\/\/www.facebook.com\/miomiorun\/","https:\/\/www.instagram.com\/miomiorun\/"]}]}},"_links":{"self":[{"href":"https:\/\/www.miomiorun.com\/fr\/wp-json\/wp\/v2\/product\/385247","targetHints":{"allow":["GET"]}}],"collection":[{"href":"https:\/\/www.miomiorun.com\/fr\/wp-json\/wp\/v2\/product"}],"about":[{"href":"https:\/\/www.miomiorun.com\/fr\/wp-json\/wp\/v2\/types\/product"}],"wp:featuredmedia":[{"embeddable":true,"href":"https:\/\/www.miomiorun.com\/fr\/wp-json\/wp\/v2\/media\/391111"}],"wp:attachment":[{"href":"https:\/\/www.miomiorun.com\/fr\/wp-json\/wp\/v2\/media?parent=385247"}],"wp:term":[{"taxonomy":"product_brand","embeddable":true,"href":"https:\/\/www.miomiorun.com\/fr\/wp-json\/wp\/v2\/product_brand?post=385247"},{"taxonomy":"product_cat","embeddable":true,"href":"https:\/\/www.miomiorun.com\/fr\/wp-json\/wp\/v2\/product_cat?post=385247"},{"taxonomy":"product_tag","embeddable":true,"href":"https:\/\/www.miomiorun.com\/fr\/wp-json\/wp\/v2\/product_tag?post=385247"}],"curies":[{"name":"wp","href":"https:\/\/api.w.org\/{rel}","templated":true}]}}