{"id":383241,"date":"2025-12-20T10:25:08","date_gmt":"2025-12-20T09:25:08","guid":{"rendered":"https:\/\/www.miomiorun.com\/?post_type=product&#038;p=383241"},"modified":"2026-05-09T11:42:58","modified_gmt":"2026-05-09T09:42:58","slug":"kawana-3-homme","status":"publish","type":"product","link":"https:\/\/www.miomiorun.com\/fr\/produit\/kawana-3-homme\/","title":{"rendered":"Kawana 3 homme"},"content":{"rendered":"<table style=\"border-collapse: collapse;width: 100%\">\n<tbody>\n<tr>\n<td style=\"width: 33.3333%;vertical-align: top;text-align: center\">\n<h4>Caract\u00e9ristiques techniques<\/h4>\n<p>Cat\u00e9gorie : amorti \u00e9quilibr\u00e9<br \/>\nD\u00e9calage : 5 mm<br \/>\nPoids : 326 g<br \/>\nId\u00e9al pour : les marcheurs qui recherchent une chaussure offrant un \u00e9quilibre id\u00e9al entre confort, maintien et r\u00e9activit\u00e9. \u00c9galement utile dans le domaine du fitness.<br \/>\nPoids de l&#8217;athl\u00e8te : 70-80 kg<br \/>\nAllure de course : moyenne (5-6 min\/km)<br \/>\n<a href=\"https:\/\/miomiorun.com\/guida-alle-specifiche-tecniche\/\">Guide des sp\u00e9cifications techniques<\/a><\/p>\n<p style=\"text-align: left\">\n<\/td>\n<td style=\"width: 66.6666%;vertical-align: top;text-align: center\">\n<p data-start=\"144\" data-end=\"482\">Les <strong data-start=\"147\" data-end=\"159\">Kawana 3<\/strong> sont con\u00e7ues pour offrir un \u00e9quilibre id\u00e9al entre confort, maintien et r\u00e9activit\u00e9, avec une approche essentielle qui \u00e9limine le superflu. Cette nouvelle version pr\u00e9sente un design moderne et fonctionnel, avec un <strong data-start=\"375\" data-end=\"397\">talon effil\u00e9<\/strong> qui r\u00e9duit le poids total et am\u00e9liore la sensation d&#8217;agilit\u00e9 pendant la course.<\/p>\n<p data-start=\"484\" data-end=\"859\">La <strong data-start=\"487\" data-end=\"513\">tige en mesh technique<\/strong> avec respirabilit\u00e9 par zones favorise la ventilation l\u00e0 o\u00f9 c&#8217;est n\u00e9cessaire, tandis que la <strong data-start=\"588\" data-end=\"615\">languette plus rembourr\u00e9e<\/strong> et le <strong data-start=\"621\" data-end=\"645\">talon ultra-souple<\/strong> augmentent le confort d\u00e8s le premier pas. La chaussure est dot\u00e9e d&#8217;un <strong data-start=\"713\" data-end=\"746\">lit amortissant sym\u00e9trique<\/strong>, sans technologies orthop\u00e9diques suppl\u00e9mentaires, con\u00e7u pour offrir un soutien naturel et un ajustement \u00e9quilibr\u00e9.<\/p>\n<p data-start=\"861\" data-end=\"1272\">La semelle interm\u00e9diaire en <strong data-start=\"877\" data-end=\"916\">mousse EVA moul\u00e9e par compression<\/strong> assure un amorti protecteur sans sacrifier la r\u00e9activit\u00e9, vous permettant d&#8217;acc\u00e9l\u00e9rer le rythme lorsque cela est n\u00e9cessaire. Les <strong data-start=\"1048\" data-end=\"1076\">crampons en caoutchouc par zones<\/strong> assurent adh\u00e9rence et durabilit\u00e9, tandis que le <strong data-start=\"1113\" data-end=\"1141\">sous-couche flexible<\/strong> contribue \u00e0 un ajustement plus adaptable. Une chaussure polyvalente, con\u00e7ue pour ceux qui recherchent confort, simplicit\u00e9 et performances constantes.\n<\/p>\n<\/p>\n<\/td>\n<\/tr>\n<\/tbody>\n<\/table>\n<p>&nbsp;<\/p>\n","protected":false},"excerpt":{"rendered":"<ul>\n<li data-start=\"1490\" data-end=\"1557\">Maille technique \u00e0 respirabilit\u00e9 diff\u00e9renci\u00e9e et languette rembourr\u00e9e<\/li>\n<li data-start=\"1560\" data-end=\"1615\">Amorti protecteur en EVA avec propulsion r\u00e9active<\/li>\n<li data-start=\"1618\" data-end=\"1687\">Talon effil\u00e9 et renforts en caoutchouc par zones pour plus de l\u00e9g\u00e8ret\u00e9 et d&#8217;adh\u00e9rence<\/li>\n<\/ul>\n","protected":false},"featured_media":427678,"template":"","meta":{"_acf_changed":false,"inline_featured_image":false},"product_brand":[],"product_cat":[24448,24447],"product_tag":[23478,23604],"class_list":{"0":"post-383241","1":"product","2":"type-product","3":"status-publish","4":"has-post-thumbnail","6":"product_cat-chaussures-pour-hommes-fr","7":"product_cat-neutre-fr-3","8":"product_tag-hoka-one-one-fr","9":"product_tag-hoka-homme","10":"pa_attivita-lifestyle-fr","11":"pa_attivita-marcher","12":"pa_attivita-running-fr","13":"pa_colore-kawana-3-bay-leaf-sea-glass","14":"pa_colore-kawana-3-putty-midnight-blue-fr","15":"pa_marca-hoka-fr","16":"pa_sesso-homme","17":"pa_size-41-fr","18":"pa_size-42-fr","20":"pa_size-43-fr","21":"pa_size-44-fr","23":"pa_size-45-fr","24":"pa_size-46-fr","27":"first","28":"instock","29":"sale","30":"taxable","31":"shipping-taxable","32":"purchasable","33":"product-type-variable","34":"wvs-archive-product-wrapper"},"acf":[],"yoast_head":"<!-- This site is optimized with the Yoast SEO plugin v26.8 - https:\/\/yoast.com\/product\/yoast-seo-wordpress\/ -->\n<title>Hoka Kawana 3 homme - chaussures de course homme- MioMioRun.com<\/title>\n<meta name=\"description\" content=\"Kawana 3 : chaussures de course \u00e0 pied avec mesh technique respirant, amorti en EVA moul\u00e9 et design l\u00e9ger. Confort, maintien essentiel et propulsion r\u00e9active.\" \/>\n<meta name=\"robots\" content=\"index, follow, max-snippet:-1, max-image-preview:large, max-video-preview:-1\" \/>\n<link rel=\"canonical\" href=\"https:\/\/www.miomiorun.com\/fr\/produit\/kawana-3-homme\/\" \/>\n<meta property=\"og:locale\" content=\"fr_FR\" \/>\n<meta property=\"og:type\" content=\"article\" \/>\n<meta property=\"og:title\" content=\"Hoka Kawana 3 homme - chaussures de course homme- MioMioRun.com\" \/>\n<meta property=\"og:description\" content=\"Kawana 3 : chaussures de course \u00e0 pied avec mesh technique respirant, amorti en EVA moul\u00e9 et design l\u00e9ger. Confort, maintien essentiel et propulsion r\u00e9active.\" \/>\n<meta property=\"og:url\" content=\"https:\/\/www.miomiorun.com\/fr\/produit\/kawana-3-homme\/\" \/>\n<meta property=\"og:site_name\" content=\"MioMioRun\" \/>\n<meta property=\"article:publisher\" content=\"https:\/\/www.facebook.com\/miomiorun\/\" \/>\n<meta property=\"article:modified_time\" content=\"2026-05-09T09:42:58+00:00\" \/>\n<meta property=\"og:image\" content=\"https:\/\/www.miomiorun.com\/app\/uploads\/2026\/04\/hoka-Kawana-3-bay-leaf-sea-glass-1171894-BFS.webp\" \/>\n\t<meta property=\"og:image:width\" content=\"720\" \/>\n\t<meta property=\"og:image:height\" content=\"720\" \/>\n\t<meta property=\"og:image:type\" content=\"image\/webp\" \/>\n<meta name=\"twitter:card\" content=\"summary_large_image\" \/>\n<meta name=\"twitter:label1\" content=\"Est. reading time\" \/>\n\t<meta name=\"twitter:data1\" content=\"1 minute\" \/>\n<script type=\"application\/ld+json\" class=\"yoast-schema-graph\">{\"@context\":\"https:\/\/schema.org\",\"@graph\":[{\"@type\":\"WebPage\",\"@id\":\"https:\/\/www.miomiorun.com\/fr\/produit\/kawana-3-homme\/\",\"url\":\"https:\/\/www.miomiorun.com\/fr\/produit\/kawana-3-homme\/\",\"name\":\"Hoka Kawana 3 homme - chaussures de course homme- MioMioRun.com\",\"isPartOf\":{\"@id\":\"https:\/\/www.miomiorun.com\/fr\/#website\"},\"primaryImageOfPage\":{\"@id\":\"https:\/\/www.miomiorun.com\/fr\/produit\/kawana-3-homme\/#primaryimage\"},\"image\":{\"@id\":\"https:\/\/www.miomiorun.com\/fr\/produit\/kawana-3-homme\/#primaryimage\"},\"thumbnailUrl\":\"https:\/\/www.miomiorun.com\/app\/uploads\/2026\/04\/hoka-Kawana-3-bay-leaf-sea-glass-1171894-BFS.webp\",\"datePublished\":\"2025-12-20T09:25:08+00:00\",\"dateModified\":\"2026-05-09T09:42:58+00:00\",\"description\":\"Kawana 3 : chaussures de course \u00e0 pied avec mesh technique respirant, amorti en EVA moul\u00e9 et design l\u00e9ger. Confort, maintien essentiel et propulsion r\u00e9active.\",\"breadcrumb\":{\"@id\":\"https:\/\/www.miomiorun.com\/fr\/produit\/kawana-3-homme\/#breadcrumb\"},\"inLanguage\":\"fr-FR\",\"potentialAction\":[{\"@type\":\"ReadAction\",\"target\":[\"https:\/\/www.miomiorun.com\/fr\/produit\/kawana-3-homme\/\"]}]},{\"@type\":\"ImageObject\",\"inLanguage\":\"fr-FR\",\"@id\":\"https:\/\/www.miomiorun.com\/fr\/produit\/kawana-3-homme\/#primaryimage\",\"url\":\"https:\/\/www.miomiorun.com\/app\/uploads\/2026\/04\/hoka-Kawana-3-bay-leaf-sea-glass-1171894-BFS.webp\",\"contentUrl\":\"https:\/\/www.miomiorun.com\/app\/uploads\/2026\/04\/hoka-Kawana-3-bay-leaf-sea-glass-1171894-BFS.webp\",\"width\":720,\"height\":720,\"caption\":\"hoka Kawana 3 bay leaf sea glass 1171894 BFS\"},{\"@type\":\"BreadcrumbList\",\"@id\":\"https:\/\/www.miomiorun.com\/fr\/produit\/kawana-3-homme\/#breadcrumb\",\"itemListElement\":[{\"@type\":\"ListItem\",\"position\":1,\"name\":\"Home\",\"item\":\"https:\/\/www.miomiorun.com\/fr\/home-page\/\"},{\"@type\":\"ListItem\",\"position\":2,\"name\":\"Shop\",\"item\":\"https:\/\/www.miomiorun.com\/shop\/\"},{\"@type\":\"ListItem\",\"position\":3,\"name\":\"Kawana 3 homme\"}]},{\"@type\":\"WebSite\",\"@id\":\"https:\/\/www.miomiorun.com\/fr\/#website\",\"url\":\"https:\/\/www.miomiorun.com\/fr\/\",\"name\":\"MioMioRun\",\"description\":\"Boutique 100% running et trail\",\"publisher\":{\"@id\":\"https:\/\/www.miomiorun.com\/fr\/#organization\"},\"potentialAction\":[{\"@type\":\"SearchAction\",\"target\":{\"@type\":\"EntryPoint\",\"urlTemplate\":\"https:\/\/www.miomiorun.com\/fr\/?s={search_term_string}\"},\"query-input\":{\"@type\":\"PropertyValueSpecification\",\"valueRequired\":true,\"valueName\":\"search_term_string\"}}],\"inLanguage\":\"fr-FR\"},{\"@type\":\"Organization\",\"@id\":\"https:\/\/www.miomiorun.com\/fr\/#organization\",\"name\":\"MioMio Run\",\"url\":\"https:\/\/www.miomiorun.com\/fr\/\",\"logo\":{\"@type\":\"ImageObject\",\"inLanguage\":\"fr-FR\",\"@id\":\"https:\/\/www.miomiorun.com\/fr\/#\/schema\/logo\/image\/\",\"url\":\"https:\/\/www.miomiorun.com\/app\/uploads\/2019\/12\/logomio.png\",\"contentUrl\":\"https:\/\/www.miomiorun.com\/app\/uploads\/2019\/12\/logomio.png\",\"width\":115,\"height\":82,\"caption\":\"MioMio Run\"},\"image\":{\"@id\":\"https:\/\/www.miomiorun.com\/fr\/#\/schema\/logo\/image\/\"},\"sameAs\":[\"https:\/\/www.facebook.com\/miomiorun\/\",\"https:\/\/www.instagram.com\/miomiorun\/\"]}]}<\/script>\n<!-- \/ Yoast SEO plugin. -->","yoast_head_json":{"title":"Hoka Kawana 3 homme - chaussures de course homme- MioMioRun.com","description":"Kawana 3 : chaussures de course \u00e0 pied avec mesh technique respirant, amorti en EVA moul\u00e9 et design l\u00e9ger. Confort, maintien essentiel et propulsion r\u00e9active.","robots":{"index":"index","follow":"follow","max-snippet":"max-snippet:-1","max-image-preview":"max-image-preview:large","max-video-preview":"max-video-preview:-1"},"canonical":"https:\/\/www.miomiorun.com\/fr\/produit\/kawana-3-homme\/","og_locale":"fr_FR","og_type":"article","og_title":"Hoka Kawana 3 homme - chaussures de course homme- MioMioRun.com","og_description":"Kawana 3 : chaussures de course \u00e0 pied avec mesh technique respirant, amorti en EVA moul\u00e9 et design l\u00e9ger. Confort, maintien essentiel et propulsion r\u00e9active.","og_url":"https:\/\/www.miomiorun.com\/fr\/produit\/kawana-3-homme\/","og_site_name":"MioMioRun","article_publisher":"https:\/\/www.facebook.com\/miomiorun\/","article_modified_time":"2026-05-09T09:42:58+00:00","og_image":[{"width":720,"height":720,"url":"https:\/\/www.miomiorun.com\/app\/uploads\/2026\/04\/hoka-Kawana-3-bay-leaf-sea-glass-1171894-BFS.webp","type":"image\/webp"}],"twitter_card":"summary_large_image","twitter_misc":{"Est. reading time":"1 minute"},"schema":{"@context":"https:\/\/schema.org","@graph":[{"@type":"WebPage","@id":"https:\/\/www.miomiorun.com\/fr\/produit\/kawana-3-homme\/","url":"https:\/\/www.miomiorun.com\/fr\/produit\/kawana-3-homme\/","name":"Hoka Kawana 3 homme - chaussures de course homme- MioMioRun.com","isPartOf":{"@id":"https:\/\/www.miomiorun.com\/fr\/#website"},"primaryImageOfPage":{"@id":"https:\/\/www.miomiorun.com\/fr\/produit\/kawana-3-homme\/#primaryimage"},"image":{"@id":"https:\/\/www.miomiorun.com\/fr\/produit\/kawana-3-homme\/#primaryimage"},"thumbnailUrl":"https:\/\/www.miomiorun.com\/app\/uploads\/2026\/04\/hoka-Kawana-3-bay-leaf-sea-glass-1171894-BFS.webp","datePublished":"2025-12-20T09:25:08+00:00","dateModified":"2026-05-09T09:42:58+00:00","description":"Kawana 3 : chaussures de course \u00e0 pied avec mesh technique respirant, amorti en EVA moul\u00e9 et design l\u00e9ger. Confort, maintien essentiel et propulsion r\u00e9active.","breadcrumb":{"@id":"https:\/\/www.miomiorun.com\/fr\/produit\/kawana-3-homme\/#breadcrumb"},"inLanguage":"fr-FR","potentialAction":[{"@type":"ReadAction","target":["https:\/\/www.miomiorun.com\/fr\/produit\/kawana-3-homme\/"]}]},{"@type":"ImageObject","inLanguage":"fr-FR","@id":"https:\/\/www.miomiorun.com\/fr\/produit\/kawana-3-homme\/#primaryimage","url":"https:\/\/www.miomiorun.com\/app\/uploads\/2026\/04\/hoka-Kawana-3-bay-leaf-sea-glass-1171894-BFS.webp","contentUrl":"https:\/\/www.miomiorun.com\/app\/uploads\/2026\/04\/hoka-Kawana-3-bay-leaf-sea-glass-1171894-BFS.webp","width":720,"height":720,"caption":"hoka Kawana 3 bay leaf sea glass 1171894 BFS"},{"@type":"BreadcrumbList","@id":"https:\/\/www.miomiorun.com\/fr\/produit\/kawana-3-homme\/#breadcrumb","itemListElement":[{"@type":"ListItem","position":1,"name":"Home","item":"https:\/\/www.miomiorun.com\/fr\/home-page\/"},{"@type":"ListItem","position":2,"name":"Shop","item":"https:\/\/www.miomiorun.com\/shop\/"},{"@type":"ListItem","position":3,"name":"Kawana 3 homme"}]},{"@type":"WebSite","@id":"https:\/\/www.miomiorun.com\/fr\/#website","url":"https:\/\/www.miomiorun.com\/fr\/","name":"MioMioRun","description":"Boutique 100% running et trail","publisher":{"@id":"https:\/\/www.miomiorun.com\/fr\/#organization"},"potentialAction":[{"@type":"SearchAction","target":{"@type":"EntryPoint","urlTemplate":"https:\/\/www.miomiorun.com\/fr\/?s={search_term_string}"},"query-input":{"@type":"PropertyValueSpecification","valueRequired":true,"valueName":"search_term_string"}}],"inLanguage":"fr-FR"},{"@type":"Organization","@id":"https:\/\/www.miomiorun.com\/fr\/#organization","name":"MioMio Run","url":"https:\/\/www.miomiorun.com\/fr\/","logo":{"@type":"ImageObject","inLanguage":"fr-FR","@id":"https:\/\/www.miomiorun.com\/fr\/#\/schema\/logo\/image\/","url":"https:\/\/www.miomiorun.com\/app\/uploads\/2019\/12\/logomio.png","contentUrl":"https:\/\/www.miomiorun.com\/app\/uploads\/2019\/12\/logomio.png","width":115,"height":82,"caption":"MioMio Run"},"image":{"@id":"https:\/\/www.miomiorun.com\/fr\/#\/schema\/logo\/image\/"},"sameAs":["https:\/\/www.facebook.com\/miomiorun\/","https:\/\/www.instagram.com\/miomiorun\/"]}]}},"_links":{"self":[{"href":"https:\/\/www.miomiorun.com\/fr\/wp-json\/wp\/v2\/product\/383241","targetHints":{"allow":["GET"]}}],"collection":[{"href":"https:\/\/www.miomiorun.com\/fr\/wp-json\/wp\/v2\/product"}],"about":[{"href":"https:\/\/www.miomiorun.com\/fr\/wp-json\/wp\/v2\/types\/product"}],"wp:featuredmedia":[{"embeddable":true,"href":"https:\/\/www.miomiorun.com\/fr\/wp-json\/wp\/v2\/media\/427678"}],"wp:attachment":[{"href":"https:\/\/www.miomiorun.com\/fr\/wp-json\/wp\/v2\/media?parent=383241"}],"wp:term":[{"taxonomy":"product_brand","embeddable":true,"href":"https:\/\/www.miomiorun.com\/fr\/wp-json\/wp\/v2\/product_brand?post=383241"},{"taxonomy":"product_cat","embeddable":true,"href":"https:\/\/www.miomiorun.com\/fr\/wp-json\/wp\/v2\/product_cat?post=383241"},{"taxonomy":"product_tag","embeddable":true,"href":"https:\/\/www.miomiorun.com\/fr\/wp-json\/wp\/v2\/product_tag?post=383241"}],"curies":[{"name":"wp","href":"https:\/\/api.w.org\/{rel}","templated":true}]}}