{"id":383063,"date":"2025-12-19T16:33:02","date_gmt":"2025-12-19T15:33:02","guid":{"rendered":"https:\/\/www.miomiorun.com\/?post_type=product&#038;p=383063"},"modified":"2026-04-16T18:54:18","modified_gmt":"2026-04-16T16:54:18","slug":"velociti-storm-hooded-jacket-homme","status":"publish","type":"product","link":"https:\/\/www.miomiorun.com\/fr\/produit\/velociti-storm-hooded-jacket-homme\/","title":{"rendered":"Velociti storm hooded jacket homme"},"content":{"rendered":"<p data-start=\"164\" data-end=\"473\">La <strong data-start=\"167\" data-end=\"199\">Velociti Storm Hooded Jacket<\/strong> est con\u00e7ue pour vous permettre de continuer \u00e0 courir m\u00eame lorsque les conditions m\u00e9t\u00e9orologiques ne sont pas favorables. L\u00e9g\u00e8re, respirante et r\u00e9sistante \u00e0 l&#8217;eau, elle est id\u00e9ale comme couche ext\u00e9rieure pour affronter la pluie l\u00e9g\u00e8re et les conditions variables sans sacrifier le confort et la libert\u00e9 de mouvement.<\/p>\n<p data-start=\"475\" data-end=\"847\">Gr\u00e2ce \u00e0 la technologie <strong data-start=\"498\" data-end=\"510\">UA Storm<\/strong>, la veste repousse l&#8217;eau tout en conservant une grande respirabilit\u00e9. Le <strong data-start=\"580\" data-end=\"615\">tissu extensible et l\u00e9ger<\/strong> offre confort et r\u00e9sistance pendant la course, tandis que le <strong data-start=\"671\" data-end=\"694\">panneau arri\u00e8re<\/strong> am\u00e9liore la ventilation lors des moments de plus grande intensit\u00e9. Les <strong data-start=\"758\" data-end=\"788\">poches zipp\u00e9es pour les mains<\/strong> vous permettent de transporter de petits objets en toute s\u00e9curit\u00e9.<\/p>\n<p data-start=\"849\" data-end=\"1175\">Les <strong data-start=\"851\" data-end=\"875\">d\u00e9tails r\u00e9fl\u00e9chissants<\/strong> augmentent la visibilit\u00e9 lors des courses dans des conditions de faible luminosit\u00e9, faisant de cette veste un choix fiable m\u00eame t\u00f4t le matin ou le soir. De plus, le tissu principal contient au moins <strong data-start=\"1082\" data-end=\"1113\">80 % de polyester recycl\u00e9<\/strong>, pour une approche plus responsable des v\u00eatements techniques.<\/p><\/p>\n","protected":false},"excerpt":{"rendered":"<ul>\n<li data-start=\"1410\" data-end=\"1471\">Technologie UA Storm : hydrofuge et hautement respirante<\/li>\n<li data-start=\"1474\" data-end=\"1542\">Tissu l\u00e9ger et extensible avec empi\u00e8cement arri\u00e8re ventil\u00e9<\/li>\n<li data-start=\"1545\" data-end=\"1610\">Poches zipp\u00e9es et d\u00e9tails r\u00e9fl\u00e9chissants pour plus de s\u00e9curit\u00e9 et de praticit\u00e9<\/li>\n<\/ul>\n","protected":false},"featured_media":383149,"template":"","meta":{"_acf_changed":false,"inline_featured_image":false},"product_brand":[],"product_cat":[24480,24482],"product_tag":[23530,23574],"class_list":{"0":"post-383063","1":"product","2":"type-product","3":"status-publish","4":"has-post-thumbnail","6":"product_cat-vestes-fr-2","7":"product_cat-vetements-pour-hommes-fr","8":"product_tag-under-armour-fr","9":"product_tag-under-armour-homme","10":"pa_attivita-fitness-fr","11":"pa_attivita-lifestyle-fr","12":"pa_attivita-marcher","13":"pa_attivita-running-fr","14":"pa_colore-velociti-storm-hooded-jacket-anthracite-fr","15":"pa_marca-under-armour-fr","16":"pa_sesso-homme","17":"pa_size-small-fr","18":"pa_size-medium-fr","19":"pa_size-large-fr","21":"first","22":"instock","23":"sale","24":"taxable","25":"shipping-taxable","26":"purchasable","27":"product-type-variable","28":"wvs-archive-product-wrapper"},"acf":[],"yoast_head":"<!-- This site is optimized with the Yoast SEO plugin v26.8 - https:\/\/yoast.com\/product\/yoast-seo-wordpress\/ -->\n<title>Under Armour Velociti storm hooded jacket homme -veste de course - MioMioRun<\/title>\n<meta name=\"description\" content=\"Veste Velociti Storm Hooded Jacket : veste de course imperm\u00e9able et respirante avec technologie UA Storm, tissu l\u00e9ger et panneau arri\u00e8re ventil\u00e9.\" \/>\n<meta name=\"robots\" content=\"index, follow, max-snippet:-1, max-image-preview:large, max-video-preview:-1\" \/>\n<link rel=\"canonical\" href=\"https:\/\/www.miomiorun.com\/fr\/produit\/velociti-storm-hooded-jacket-homme\/\" \/>\n<meta property=\"og:locale\" content=\"fr_FR\" \/>\n<meta property=\"og:type\" content=\"article\" \/>\n<meta property=\"og:title\" content=\"Under Armour Velociti storm hooded jacket homme -veste de course - MioMioRun\" \/>\n<meta property=\"og:description\" content=\"Veste Velociti Storm Hooded Jacket : veste de course imperm\u00e9able et respirante avec technologie UA Storm, tissu l\u00e9ger et panneau arri\u00e8re ventil\u00e9.\" \/>\n<meta property=\"og:url\" content=\"https:\/\/www.miomiorun.com\/fr\/produit\/velociti-storm-hooded-jacket-homme\/\" \/>\n<meta property=\"og:site_name\" content=\"MioMioRun\" \/>\n<meta property=\"article:publisher\" content=\"https:\/\/www.facebook.com\/miomiorun\/\" \/>\n<meta property=\"article:modified_time\" content=\"2026-04-16T16:54:18+00:00\" \/>\n<meta property=\"og:image\" content=\"https:\/\/www.miomiorun.com\/app\/uploads\/2025\/12\/under-armour-Velociti-storm-hooded-jacket-anthracite-6005900-0025.webp\" \/>\n\t<meta property=\"og:image:width\" content=\"720\" \/>\n\t<meta property=\"og:image:height\" content=\"720\" \/>\n\t<meta property=\"og:image:type\" content=\"image\/webp\" \/>\n<meta name=\"twitter:card\" content=\"summary_large_image\" \/>\n<meta name=\"twitter:label1\" content=\"Est. reading time\" \/>\n\t<meta name=\"twitter:data1\" content=\"1 minute\" \/>\n<script type=\"application\/ld+json\" class=\"yoast-schema-graph\">{\"@context\":\"https:\/\/schema.org\",\"@graph\":[{\"@type\":\"WebPage\",\"@id\":\"https:\/\/www.miomiorun.com\/fr\/produit\/velociti-storm-hooded-jacket-homme\/\",\"url\":\"https:\/\/www.miomiorun.com\/fr\/produit\/velociti-storm-hooded-jacket-homme\/\",\"name\":\"Under Armour Velociti storm hooded jacket homme -veste de course - MioMioRun\",\"isPartOf\":{\"@id\":\"https:\/\/www.miomiorun.com\/fr\/#website\"},\"primaryImageOfPage\":{\"@id\":\"https:\/\/www.miomiorun.com\/fr\/produit\/velociti-storm-hooded-jacket-homme\/#primaryimage\"},\"image\":{\"@id\":\"https:\/\/www.miomiorun.com\/fr\/produit\/velociti-storm-hooded-jacket-homme\/#primaryimage\"},\"thumbnailUrl\":\"https:\/\/www.miomiorun.com\/app\/uploads\/2025\/12\/under-armour-Velociti-storm-hooded-jacket-anthracite-6005900-0025.webp\",\"datePublished\":\"2025-12-19T15:33:02+00:00\",\"dateModified\":\"2026-04-16T16:54:18+00:00\",\"description\":\"Veste Velociti Storm Hooded Jacket : veste de course imperm\u00e9able et respirante avec technologie UA Storm, tissu l\u00e9ger et panneau arri\u00e8re ventil\u00e9.\",\"breadcrumb\":{\"@id\":\"https:\/\/www.miomiorun.com\/fr\/produit\/velociti-storm-hooded-jacket-homme\/#breadcrumb\"},\"inLanguage\":\"fr-FR\",\"potentialAction\":[{\"@type\":\"ReadAction\",\"target\":[\"https:\/\/www.miomiorun.com\/fr\/produit\/velociti-storm-hooded-jacket-homme\/\"]}]},{\"@type\":\"ImageObject\",\"inLanguage\":\"fr-FR\",\"@id\":\"https:\/\/www.miomiorun.com\/fr\/produit\/velociti-storm-hooded-jacket-homme\/#primaryimage\",\"url\":\"https:\/\/www.miomiorun.com\/app\/uploads\/2025\/12\/under-armour-Velociti-storm-hooded-jacket-anthracite-6005900-0025.webp\",\"contentUrl\":\"https:\/\/www.miomiorun.com\/app\/uploads\/2025\/12\/under-armour-Velociti-storm-hooded-jacket-anthracite-6005900-0025.webp\",\"width\":720,\"height\":720,\"caption\":\"under armour Velociti storm hooded jacket anthracite 6005900-0025\"},{\"@type\":\"BreadcrumbList\",\"@id\":\"https:\/\/www.miomiorun.com\/fr\/produit\/velociti-storm-hooded-jacket-homme\/#breadcrumb\",\"itemListElement\":[{\"@type\":\"ListItem\",\"position\":1,\"name\":\"Home\",\"item\":\"https:\/\/www.miomiorun.com\/fr\/home-page\/\"},{\"@type\":\"ListItem\",\"position\":2,\"name\":\"Shop\",\"item\":\"https:\/\/www.miomiorun.com\/shop\/\"},{\"@type\":\"ListItem\",\"position\":3,\"name\":\"Velociti storm hooded jacket homme\"}]},{\"@type\":\"WebSite\",\"@id\":\"https:\/\/www.miomiorun.com\/fr\/#website\",\"url\":\"https:\/\/www.miomiorun.com\/fr\/\",\"name\":\"MioMioRun\",\"description\":\"Boutique 100% running et trail\",\"publisher\":{\"@id\":\"https:\/\/www.miomiorun.com\/fr\/#organization\"},\"potentialAction\":[{\"@type\":\"SearchAction\",\"target\":{\"@type\":\"EntryPoint\",\"urlTemplate\":\"https:\/\/www.miomiorun.com\/fr\/?s={search_term_string}\"},\"query-input\":{\"@type\":\"PropertyValueSpecification\",\"valueRequired\":true,\"valueName\":\"search_term_string\"}}],\"inLanguage\":\"fr-FR\"},{\"@type\":\"Organization\",\"@id\":\"https:\/\/www.miomiorun.com\/fr\/#organization\",\"name\":\"MioMio Run\",\"url\":\"https:\/\/www.miomiorun.com\/fr\/\",\"logo\":{\"@type\":\"ImageObject\",\"inLanguage\":\"fr-FR\",\"@id\":\"https:\/\/www.miomiorun.com\/fr\/#\/schema\/logo\/image\/\",\"url\":\"https:\/\/www.miomiorun.com\/app\/uploads\/2019\/12\/logomio.png\",\"contentUrl\":\"https:\/\/www.miomiorun.com\/app\/uploads\/2019\/12\/logomio.png\",\"width\":115,\"height\":82,\"caption\":\"MioMio Run\"},\"image\":{\"@id\":\"https:\/\/www.miomiorun.com\/fr\/#\/schema\/logo\/image\/\"},\"sameAs\":[\"https:\/\/www.facebook.com\/miomiorun\/\",\"https:\/\/www.instagram.com\/miomiorun\/\"]}]}<\/script>\n<!-- \/ Yoast SEO plugin. -->","yoast_head_json":{"title":"Under Armour Velociti storm hooded jacket homme -veste de course - MioMioRun","description":"Veste Velociti Storm Hooded Jacket : veste de course imperm\u00e9able et respirante avec technologie UA Storm, tissu l\u00e9ger et panneau arri\u00e8re ventil\u00e9.","robots":{"index":"index","follow":"follow","max-snippet":"max-snippet:-1","max-image-preview":"max-image-preview:large","max-video-preview":"max-video-preview:-1"},"canonical":"https:\/\/www.miomiorun.com\/fr\/produit\/velociti-storm-hooded-jacket-homme\/","og_locale":"fr_FR","og_type":"article","og_title":"Under Armour Velociti storm hooded jacket homme -veste de course - MioMioRun","og_description":"Veste Velociti Storm Hooded Jacket : veste de course imperm\u00e9able et respirante avec technologie UA Storm, tissu l\u00e9ger et panneau arri\u00e8re ventil\u00e9.","og_url":"https:\/\/www.miomiorun.com\/fr\/produit\/velociti-storm-hooded-jacket-homme\/","og_site_name":"MioMioRun","article_publisher":"https:\/\/www.facebook.com\/miomiorun\/","article_modified_time":"2026-04-16T16:54:18+00:00","og_image":[{"width":720,"height":720,"url":"https:\/\/www.miomiorun.com\/app\/uploads\/2025\/12\/under-armour-Velociti-storm-hooded-jacket-anthracite-6005900-0025.webp","type":"image\/webp"}],"twitter_card":"summary_large_image","twitter_misc":{"Est. reading time":"1 minute"},"schema":{"@context":"https:\/\/schema.org","@graph":[{"@type":"WebPage","@id":"https:\/\/www.miomiorun.com\/fr\/produit\/velociti-storm-hooded-jacket-homme\/","url":"https:\/\/www.miomiorun.com\/fr\/produit\/velociti-storm-hooded-jacket-homme\/","name":"Under Armour Velociti storm hooded jacket homme -veste de course - MioMioRun","isPartOf":{"@id":"https:\/\/www.miomiorun.com\/fr\/#website"},"primaryImageOfPage":{"@id":"https:\/\/www.miomiorun.com\/fr\/produit\/velociti-storm-hooded-jacket-homme\/#primaryimage"},"image":{"@id":"https:\/\/www.miomiorun.com\/fr\/produit\/velociti-storm-hooded-jacket-homme\/#primaryimage"},"thumbnailUrl":"https:\/\/www.miomiorun.com\/app\/uploads\/2025\/12\/under-armour-Velociti-storm-hooded-jacket-anthracite-6005900-0025.webp","datePublished":"2025-12-19T15:33:02+00:00","dateModified":"2026-04-16T16:54:18+00:00","description":"Veste Velociti Storm Hooded Jacket : veste de course imperm\u00e9able et respirante avec technologie UA Storm, tissu l\u00e9ger et panneau arri\u00e8re ventil\u00e9.","breadcrumb":{"@id":"https:\/\/www.miomiorun.com\/fr\/produit\/velociti-storm-hooded-jacket-homme\/#breadcrumb"},"inLanguage":"fr-FR","potentialAction":[{"@type":"ReadAction","target":["https:\/\/www.miomiorun.com\/fr\/produit\/velociti-storm-hooded-jacket-homme\/"]}]},{"@type":"ImageObject","inLanguage":"fr-FR","@id":"https:\/\/www.miomiorun.com\/fr\/produit\/velociti-storm-hooded-jacket-homme\/#primaryimage","url":"https:\/\/www.miomiorun.com\/app\/uploads\/2025\/12\/under-armour-Velociti-storm-hooded-jacket-anthracite-6005900-0025.webp","contentUrl":"https:\/\/www.miomiorun.com\/app\/uploads\/2025\/12\/under-armour-Velociti-storm-hooded-jacket-anthracite-6005900-0025.webp","width":720,"height":720,"caption":"under armour Velociti storm hooded jacket anthracite 6005900-0025"},{"@type":"BreadcrumbList","@id":"https:\/\/www.miomiorun.com\/fr\/produit\/velociti-storm-hooded-jacket-homme\/#breadcrumb","itemListElement":[{"@type":"ListItem","position":1,"name":"Home","item":"https:\/\/www.miomiorun.com\/fr\/home-page\/"},{"@type":"ListItem","position":2,"name":"Shop","item":"https:\/\/www.miomiorun.com\/shop\/"},{"@type":"ListItem","position":3,"name":"Velociti storm hooded jacket homme"}]},{"@type":"WebSite","@id":"https:\/\/www.miomiorun.com\/fr\/#website","url":"https:\/\/www.miomiorun.com\/fr\/","name":"MioMioRun","description":"Boutique 100% running et trail","publisher":{"@id":"https:\/\/www.miomiorun.com\/fr\/#organization"},"potentialAction":[{"@type":"SearchAction","target":{"@type":"EntryPoint","urlTemplate":"https:\/\/www.miomiorun.com\/fr\/?s={search_term_string}"},"query-input":{"@type":"PropertyValueSpecification","valueRequired":true,"valueName":"search_term_string"}}],"inLanguage":"fr-FR"},{"@type":"Organization","@id":"https:\/\/www.miomiorun.com\/fr\/#organization","name":"MioMio Run","url":"https:\/\/www.miomiorun.com\/fr\/","logo":{"@type":"ImageObject","inLanguage":"fr-FR","@id":"https:\/\/www.miomiorun.com\/fr\/#\/schema\/logo\/image\/","url":"https:\/\/www.miomiorun.com\/app\/uploads\/2019\/12\/logomio.png","contentUrl":"https:\/\/www.miomiorun.com\/app\/uploads\/2019\/12\/logomio.png","width":115,"height":82,"caption":"MioMio Run"},"image":{"@id":"https:\/\/www.miomiorun.com\/fr\/#\/schema\/logo\/image\/"},"sameAs":["https:\/\/www.facebook.com\/miomiorun\/","https:\/\/www.instagram.com\/miomiorun\/"]}]}},"_links":{"self":[{"href":"https:\/\/www.miomiorun.com\/fr\/wp-json\/wp\/v2\/product\/383063","targetHints":{"allow":["GET"]}}],"collection":[{"href":"https:\/\/www.miomiorun.com\/fr\/wp-json\/wp\/v2\/product"}],"about":[{"href":"https:\/\/www.miomiorun.com\/fr\/wp-json\/wp\/v2\/types\/product"}],"wp:featuredmedia":[{"embeddable":true,"href":"https:\/\/www.miomiorun.com\/fr\/wp-json\/wp\/v2\/media\/383149"}],"wp:attachment":[{"href":"https:\/\/www.miomiorun.com\/fr\/wp-json\/wp\/v2\/media?parent=383063"}],"wp:term":[{"taxonomy":"product_brand","embeddable":true,"href":"https:\/\/www.miomiorun.com\/fr\/wp-json\/wp\/v2\/product_brand?post=383063"},{"taxonomy":"product_cat","embeddable":true,"href":"https:\/\/www.miomiorun.com\/fr\/wp-json\/wp\/v2\/product_cat?post=383063"},{"taxonomy":"product_tag","embeddable":true,"href":"https:\/\/www.miomiorun.com\/fr\/wp-json\/wp\/v2\/product_tag?post=383063"}],"curies":[{"name":"wp","href":"https:\/\/api.w.org\/{rel}","templated":true}]}}