{"id":383010,"date":"2025-12-19T16:21:36","date_gmt":"2025-12-19T15:21:36","guid":{"rendered":"https:\/\/www.miomiorun.com\/?post_type=product&#038;p=383010"},"modified":"2026-04-16T18:54:39","modified_gmt":"2026-04-16T16:54:39","slug":"velociti-storm-pant-homme","status":"publish","type":"product","link":"https:\/\/www.miomiorun.com\/fr\/produit\/velociti-storm-pant-homme\/","title":{"rendered":"Velociti storm pant homme"},"content":{"rendered":"<p data-start=\"155\" data-end=\"472\">Les <strong data-start=\"157\" data-end=\"180\">Velociti Storm Pant<\/strong> sont con\u00e7us pour vous permettre de continuer \u00e0 courir m\u00eame lorsque les conditions m\u00e9t\u00e9orologiques deviennent d\u00e9favorables. L\u00e9gers, respirants et r\u00e9sistants \u00e0 l&#8217;eau, ils offrent une protection efficace sans compromettre le confort et la libert\u00e9 de mouvement, afin que vous puissiez vous concentrer uniquement sur vos performances.<\/p>\n<p data-start=\"474\" data-end=\"874\">La technologie <strong data-start=\"488\" data-end=\"500\">UA Storm<\/strong> repousse l&#8217;eau tout en garantissant une grande respirabilit\u00e9. Le <strong data-start=\"575\" data-end=\"610\">tissu extensible et l\u00e9ger<\/strong> assure confort et r\u00e9sistance, tandis que les <strong data-start=\"652\" data-end=\"679\">empi\u00e8cements au niveau des genoux<\/strong> am\u00e9liorent la flexibilit\u00e9 pendant la course. La <strong data-start=\"728\" data-end=\"781\">ceinture \u00e9lastique avec cordon de serrage interne<\/strong> permet un ajustement pr\u00e9cis et un maintien stable, m\u00eame lors des mouvements les plus dynamiques.<\/p>\n<p data-start=\"876\" data-end=\"1304\">Les <strong data-start=\"879\" data-end=\"908\">poches ouvertes pour les mains<\/strong>, associ\u00e9es \u00e0 une <strong data-start=\"925\" data-end=\"971\">poche interne pour appareils multim\u00e9dias<\/strong>, offrent un confort pratique pendant l&#8217;entra\u00eenement. Les <strong data-start=\"1017\" data-end=\"1038\">fermetures \u00e9clair aux chevilles<\/strong> facilitent l&#8217;enfilage et le retrait du v\u00eatement, tandis que les <strong data-start=\"1099\" data-end=\"1123\">d\u00e9tails r\u00e9fl\u00e9chissants<\/strong> augmentent la visibilit\u00e9 lors des courses dans des conditions de faible luminosit\u00e9. Le tissu principal contient au moins <strong data-start=\"1239\" data-end=\"1270\">80 % de polyester recycl\u00e9<\/strong>, pour un choix plus responsable.<\/p><\/p>\n","protected":false},"excerpt":{"rendered":"<ul>\n<li data-start=\"1550\" data-end=\"1600\">Technologie UA Storm hydrofuge et respirante<\/li>\n<li data-start=\"1603\" data-end=\"1691\">Tissu l\u00e9ger et extensible avec renforts aux genoux pour plus de souplesse<\/li>\n<li data-start=\"1694\" data-end=\"1781\">Taille avec cordon de serrage, fermeture \u00e9clair aux chevilles et d\u00e9tails r\u00e9fl\u00e9chissants pour plus de s\u00e9curit\u00e9 et de praticit\u00e9<\/li>\n<\/ul>\n","protected":false},"featured_media":383137,"template":"","meta":{"_acf_changed":false,"inline_featured_image":false},"product_brand":[],"product_cat":[24450,24482],"product_tag":[23530,23574],"class_list":{"0":"post-383010","1":"product","2":"type-product","3":"status-publish","4":"has-post-thumbnail","6":"product_cat-pantalon-long-fr-3","7":"product_cat-vetements-pour-hommes-fr","8":"product_tag-under-armour-fr","9":"product_tag-under-armour-homme","10":"pa_attivita-marcher","11":"pa_attivita-running-fr","12":"pa_colore-velociti-storm-pant-castlerock-fr","13":"pa_marca-under-armour-fr","14":"pa_sesso-homme","15":"pa_size-small-fr","16":"pa_size-medium-fr","17":"pa_size-large-fr","19":"first","20":"instock","21":"sale","22":"taxable","23":"shipping-taxable","24":"purchasable","25":"product-type-variable","26":"wvs-archive-product-wrapper"},"acf":[],"yoast_head":"<!-- This site is optimized with the Yoast SEO plugin v26.8 - https:\/\/yoast.com\/product\/yoast-seo-wordpress\/ -->\n<title>Under Armour Velociti storm pant homme - Pantalons longs imperm\u00e9ables - MioMioRun<\/title>\n<meta name=\"description\" content=\"Velociti Storm Pant : pantalon de course imperm\u00e9able et l\u00e9ger avec UA Storm, tissu extensible, fermetures \u00e9clair aux chevilles et d\u00e9tails r\u00e9fl\u00e9chissants.\" \/>\n<meta name=\"robots\" content=\"index, follow, max-snippet:-1, max-image-preview:large, max-video-preview:-1\" \/>\n<link rel=\"canonical\" href=\"https:\/\/www.miomiorun.com\/fr\/produit\/velociti-storm-pant-homme\/\" \/>\n<meta property=\"og:locale\" content=\"fr_FR\" \/>\n<meta property=\"og:type\" content=\"article\" \/>\n<meta property=\"og:title\" content=\"Under Armour Velociti storm pant homme - Pantalons longs imperm\u00e9ables - MioMioRun\" \/>\n<meta property=\"og:description\" content=\"Velociti Storm Pant : pantalon de course imperm\u00e9able et l\u00e9ger avec UA Storm, tissu extensible, fermetures \u00e9clair aux chevilles et d\u00e9tails r\u00e9fl\u00e9chissants.\" \/>\n<meta property=\"og:url\" content=\"https:\/\/www.miomiorun.com\/fr\/produit\/velociti-storm-pant-homme\/\" \/>\n<meta property=\"og:site_name\" content=\"MioMioRun\" \/>\n<meta property=\"article:publisher\" content=\"https:\/\/www.facebook.com\/miomiorun\/\" \/>\n<meta property=\"article:modified_time\" content=\"2026-04-16T16:54:39+00:00\" \/>\n<meta property=\"og:image\" content=\"https:\/\/www.miomiorun.com\/app\/uploads\/2025\/12\/under-armour-Velociti-storm-pant-castlerock-6005899-0025.webp\" \/>\n\t<meta property=\"og:image:width\" content=\"720\" \/>\n\t<meta property=\"og:image:height\" content=\"720\" \/>\n\t<meta property=\"og:image:type\" content=\"image\/webp\" \/>\n<meta name=\"twitter:card\" content=\"summary_large_image\" \/>\n<meta name=\"twitter:label1\" content=\"Est. reading time\" \/>\n\t<meta name=\"twitter:data1\" content=\"1 minute\" \/>\n<script type=\"application\/ld+json\" class=\"yoast-schema-graph\">{\"@context\":\"https:\/\/schema.org\",\"@graph\":[{\"@type\":\"WebPage\",\"@id\":\"https:\/\/www.miomiorun.com\/fr\/produit\/velociti-storm-pant-homme\/\",\"url\":\"https:\/\/www.miomiorun.com\/fr\/produit\/velociti-storm-pant-homme\/\",\"name\":\"Under Armour Velociti storm pant homme - Pantalons longs imperm\u00e9ables - MioMioRun\",\"isPartOf\":{\"@id\":\"https:\/\/www.miomiorun.com\/fr\/#website\"},\"primaryImageOfPage\":{\"@id\":\"https:\/\/www.miomiorun.com\/fr\/produit\/velociti-storm-pant-homme\/#primaryimage\"},\"image\":{\"@id\":\"https:\/\/www.miomiorun.com\/fr\/produit\/velociti-storm-pant-homme\/#primaryimage\"},\"thumbnailUrl\":\"https:\/\/www.miomiorun.com\/app\/uploads\/2025\/12\/under-armour-Velociti-storm-pant-castlerock-6005899-0025.webp\",\"datePublished\":\"2025-12-19T15:21:36+00:00\",\"dateModified\":\"2026-04-16T16:54:39+00:00\",\"description\":\"Velociti Storm Pant : pantalon de course imperm\u00e9able et l\u00e9ger avec UA Storm, tissu extensible, fermetures \u00e9clair aux chevilles et d\u00e9tails r\u00e9fl\u00e9chissants.\",\"breadcrumb\":{\"@id\":\"https:\/\/www.miomiorun.com\/fr\/produit\/velociti-storm-pant-homme\/#breadcrumb\"},\"inLanguage\":\"fr-FR\",\"potentialAction\":[{\"@type\":\"ReadAction\",\"target\":[\"https:\/\/www.miomiorun.com\/fr\/produit\/velociti-storm-pant-homme\/\"]}]},{\"@type\":\"ImageObject\",\"inLanguage\":\"fr-FR\",\"@id\":\"https:\/\/www.miomiorun.com\/fr\/produit\/velociti-storm-pant-homme\/#primaryimage\",\"url\":\"https:\/\/www.miomiorun.com\/app\/uploads\/2025\/12\/under-armour-Velociti-storm-pant-castlerock-6005899-0025.webp\",\"contentUrl\":\"https:\/\/www.miomiorun.com\/app\/uploads\/2025\/12\/under-armour-Velociti-storm-pant-castlerock-6005899-0025.webp\",\"width\":720,\"height\":720,\"caption\":\"under armour Velociti storm pant castlerock 6005899-0025\"},{\"@type\":\"BreadcrumbList\",\"@id\":\"https:\/\/www.miomiorun.com\/fr\/produit\/velociti-storm-pant-homme\/#breadcrumb\",\"itemListElement\":[{\"@type\":\"ListItem\",\"position\":1,\"name\":\"Home\",\"item\":\"https:\/\/www.miomiorun.com\/fr\/home-page\/\"},{\"@type\":\"ListItem\",\"position\":2,\"name\":\"Shop\",\"item\":\"https:\/\/www.miomiorun.com\/shop\/\"},{\"@type\":\"ListItem\",\"position\":3,\"name\":\"Velociti storm pant homme\"}]},{\"@type\":\"WebSite\",\"@id\":\"https:\/\/www.miomiorun.com\/fr\/#website\",\"url\":\"https:\/\/www.miomiorun.com\/fr\/\",\"name\":\"MioMioRun\",\"description\":\"Boutique 100% running et trail\",\"publisher\":{\"@id\":\"https:\/\/www.miomiorun.com\/fr\/#organization\"},\"potentialAction\":[{\"@type\":\"SearchAction\",\"target\":{\"@type\":\"EntryPoint\",\"urlTemplate\":\"https:\/\/www.miomiorun.com\/fr\/?s={search_term_string}\"},\"query-input\":{\"@type\":\"PropertyValueSpecification\",\"valueRequired\":true,\"valueName\":\"search_term_string\"}}],\"inLanguage\":\"fr-FR\"},{\"@type\":\"Organization\",\"@id\":\"https:\/\/www.miomiorun.com\/fr\/#organization\",\"name\":\"MioMio Run\",\"url\":\"https:\/\/www.miomiorun.com\/fr\/\",\"logo\":{\"@type\":\"ImageObject\",\"inLanguage\":\"fr-FR\",\"@id\":\"https:\/\/www.miomiorun.com\/fr\/#\/schema\/logo\/image\/\",\"url\":\"https:\/\/www.miomiorun.com\/app\/uploads\/2019\/12\/logomio.png\",\"contentUrl\":\"https:\/\/www.miomiorun.com\/app\/uploads\/2019\/12\/logomio.png\",\"width\":115,\"height\":82,\"caption\":\"MioMio Run\"},\"image\":{\"@id\":\"https:\/\/www.miomiorun.com\/fr\/#\/schema\/logo\/image\/\"},\"sameAs\":[\"https:\/\/www.facebook.com\/miomiorun\/\",\"https:\/\/www.instagram.com\/miomiorun\/\"]}]}<\/script>\n<!-- \/ Yoast SEO plugin. -->","yoast_head_json":{"title":"Under Armour Velociti storm pant homme - Pantalons longs imperm\u00e9ables - MioMioRun","description":"Velociti Storm Pant : pantalon de course imperm\u00e9able et l\u00e9ger avec UA Storm, tissu extensible, fermetures \u00e9clair aux chevilles et d\u00e9tails r\u00e9fl\u00e9chissants.","robots":{"index":"index","follow":"follow","max-snippet":"max-snippet:-1","max-image-preview":"max-image-preview:large","max-video-preview":"max-video-preview:-1"},"canonical":"https:\/\/www.miomiorun.com\/fr\/produit\/velociti-storm-pant-homme\/","og_locale":"fr_FR","og_type":"article","og_title":"Under Armour Velociti storm pant homme - Pantalons longs imperm\u00e9ables - MioMioRun","og_description":"Velociti Storm Pant : pantalon de course imperm\u00e9able et l\u00e9ger avec UA Storm, tissu extensible, fermetures \u00e9clair aux chevilles et d\u00e9tails r\u00e9fl\u00e9chissants.","og_url":"https:\/\/www.miomiorun.com\/fr\/produit\/velociti-storm-pant-homme\/","og_site_name":"MioMioRun","article_publisher":"https:\/\/www.facebook.com\/miomiorun\/","article_modified_time":"2026-04-16T16:54:39+00:00","og_image":[{"width":720,"height":720,"url":"https:\/\/www.miomiorun.com\/app\/uploads\/2025\/12\/under-armour-Velociti-storm-pant-castlerock-6005899-0025.webp","type":"image\/webp"}],"twitter_card":"summary_large_image","twitter_misc":{"Est. reading time":"1 minute"},"schema":{"@context":"https:\/\/schema.org","@graph":[{"@type":"WebPage","@id":"https:\/\/www.miomiorun.com\/fr\/produit\/velociti-storm-pant-homme\/","url":"https:\/\/www.miomiorun.com\/fr\/produit\/velociti-storm-pant-homme\/","name":"Under Armour Velociti storm pant homme - Pantalons longs imperm\u00e9ables - MioMioRun","isPartOf":{"@id":"https:\/\/www.miomiorun.com\/fr\/#website"},"primaryImageOfPage":{"@id":"https:\/\/www.miomiorun.com\/fr\/produit\/velociti-storm-pant-homme\/#primaryimage"},"image":{"@id":"https:\/\/www.miomiorun.com\/fr\/produit\/velociti-storm-pant-homme\/#primaryimage"},"thumbnailUrl":"https:\/\/www.miomiorun.com\/app\/uploads\/2025\/12\/under-armour-Velociti-storm-pant-castlerock-6005899-0025.webp","datePublished":"2025-12-19T15:21:36+00:00","dateModified":"2026-04-16T16:54:39+00:00","description":"Velociti Storm Pant : pantalon de course imperm\u00e9able et l\u00e9ger avec UA Storm, tissu extensible, fermetures \u00e9clair aux chevilles et d\u00e9tails r\u00e9fl\u00e9chissants.","breadcrumb":{"@id":"https:\/\/www.miomiorun.com\/fr\/produit\/velociti-storm-pant-homme\/#breadcrumb"},"inLanguage":"fr-FR","potentialAction":[{"@type":"ReadAction","target":["https:\/\/www.miomiorun.com\/fr\/produit\/velociti-storm-pant-homme\/"]}]},{"@type":"ImageObject","inLanguage":"fr-FR","@id":"https:\/\/www.miomiorun.com\/fr\/produit\/velociti-storm-pant-homme\/#primaryimage","url":"https:\/\/www.miomiorun.com\/app\/uploads\/2025\/12\/under-armour-Velociti-storm-pant-castlerock-6005899-0025.webp","contentUrl":"https:\/\/www.miomiorun.com\/app\/uploads\/2025\/12\/under-armour-Velociti-storm-pant-castlerock-6005899-0025.webp","width":720,"height":720,"caption":"under armour Velociti storm pant castlerock 6005899-0025"},{"@type":"BreadcrumbList","@id":"https:\/\/www.miomiorun.com\/fr\/produit\/velociti-storm-pant-homme\/#breadcrumb","itemListElement":[{"@type":"ListItem","position":1,"name":"Home","item":"https:\/\/www.miomiorun.com\/fr\/home-page\/"},{"@type":"ListItem","position":2,"name":"Shop","item":"https:\/\/www.miomiorun.com\/shop\/"},{"@type":"ListItem","position":3,"name":"Velociti storm pant homme"}]},{"@type":"WebSite","@id":"https:\/\/www.miomiorun.com\/fr\/#website","url":"https:\/\/www.miomiorun.com\/fr\/","name":"MioMioRun","description":"Boutique 100% running et trail","publisher":{"@id":"https:\/\/www.miomiorun.com\/fr\/#organization"},"potentialAction":[{"@type":"SearchAction","target":{"@type":"EntryPoint","urlTemplate":"https:\/\/www.miomiorun.com\/fr\/?s={search_term_string}"},"query-input":{"@type":"PropertyValueSpecification","valueRequired":true,"valueName":"search_term_string"}}],"inLanguage":"fr-FR"},{"@type":"Organization","@id":"https:\/\/www.miomiorun.com\/fr\/#organization","name":"MioMio Run","url":"https:\/\/www.miomiorun.com\/fr\/","logo":{"@type":"ImageObject","inLanguage":"fr-FR","@id":"https:\/\/www.miomiorun.com\/fr\/#\/schema\/logo\/image\/","url":"https:\/\/www.miomiorun.com\/app\/uploads\/2019\/12\/logomio.png","contentUrl":"https:\/\/www.miomiorun.com\/app\/uploads\/2019\/12\/logomio.png","width":115,"height":82,"caption":"MioMio Run"},"image":{"@id":"https:\/\/www.miomiorun.com\/fr\/#\/schema\/logo\/image\/"},"sameAs":["https:\/\/www.facebook.com\/miomiorun\/","https:\/\/www.instagram.com\/miomiorun\/"]}]}},"_links":{"self":[{"href":"https:\/\/www.miomiorun.com\/fr\/wp-json\/wp\/v2\/product\/383010","targetHints":{"allow":["GET"]}}],"collection":[{"href":"https:\/\/www.miomiorun.com\/fr\/wp-json\/wp\/v2\/product"}],"about":[{"href":"https:\/\/www.miomiorun.com\/fr\/wp-json\/wp\/v2\/types\/product"}],"wp:featuredmedia":[{"embeddable":true,"href":"https:\/\/www.miomiorun.com\/fr\/wp-json\/wp\/v2\/media\/383137"}],"wp:attachment":[{"href":"https:\/\/www.miomiorun.com\/fr\/wp-json\/wp\/v2\/media?parent=383010"}],"wp:term":[{"taxonomy":"product_brand","embeddable":true,"href":"https:\/\/www.miomiorun.com\/fr\/wp-json\/wp\/v2\/product_brand?post=383010"},{"taxonomy":"product_cat","embeddable":true,"href":"https:\/\/www.miomiorun.com\/fr\/wp-json\/wp\/v2\/product_cat?post=383010"},{"taxonomy":"product_tag","embeddable":true,"href":"https:\/\/www.miomiorun.com\/fr\/wp-json\/wp\/v2\/product_tag?post=383010"}],"curies":[{"name":"wp","href":"https:\/\/api.w.org\/{rel}","templated":true}]}}