{"id":382958,"date":"2025-12-19T16:15:00","date_gmt":"2025-12-19T15:15:00","guid":{"rendered":"https:\/\/www.miomiorun.com\/?post_type=product&#038;p=382958"},"modified":"2026-04-16T18:54:57","modified_gmt":"2026-04-16T16:54:57","slug":"velociti-pro-storm-pant-homme","status":"publish","type":"product","link":"https:\/\/www.miomiorun.com\/fr\/produit\/velociti-pro-storm-pant-homme\/","title":{"rendered":"Velociti pro storm pant homme"},"content":{"rendered":"<p data-start=\"249\" data-end=\"554\">Le pantalon <strong data-start=\"251\" data-end=\"278\">Velociti Pro Storm Pant<\/strong> est con\u00e7u pour vous permettre de continuer \u00e0 courir m\u00eame lorsque les conditions m\u00e9t\u00e9orologiques ne sont pas favorables. Gr\u00e2ce \u00e0 la technologie <strong data-start=\"380\" data-end=\"392\">UA Storm<\/strong>, ce pantalon repousse l&#8217;eau tout en conservant une grande respirabilit\u00e9, vous permettant ainsi de rester au sec et concentr\u00e9 pendant votre entra\u00eenement.<\/p>\n<p data-start=\"556\" data-end=\"940\">Le <strong data-start=\"559\" data-end=\"595\">tissu l\u00e9ger et extensible<\/strong>, associ\u00e9 au <strong data-start=\"609\" data-end=\"642\">panneau avant en ripstop<\/strong>, offre un \u00e9quilibre id\u00e9al entre confort, libert\u00e9 de mouvement et r\u00e9sistance. La <strong data-start=\"722\" data-end=\"775\">ceinture \u00e9lastique avec cordon de serrage interne<\/strong> assure un ajustement stable et personnalisable, tandis que les <strong data-start=\"839\" data-end=\"860\">fermetures \u00e9clair aux chevilles<\/strong> facilitent l&#8217;enfilage et le retrait du v\u00eatement, m\u00eame avec des chaussures aux pieds.<\/p>\n<p data-start=\"942\" data-end=\"1362\">Les poches sont compl\u00e8tes et fonctionnelles : <strong data-start=\"990\" data-end=\"1020\">poches pour les mains avec fermeture \u00e9clair<\/strong>, une <strong data-start=\"1026\" data-end=\"1072\">poche int\u00e9rieure pour les appareils multim\u00e9dias<\/strong> et une <strong data-start=\"1079\" data-end=\"1107\">poche arri\u00e8re avec fermeture \u00e9clair<\/strong> pour ranger vos objets essentiels en toute s\u00e9curit\u00e9. Les <strong data-start=\"1159\" data-end=\"1183\">d\u00e9tails r\u00e9fl\u00e9chissants<\/strong> am\u00e9liorent la visibilit\u00e9 dans des conditions de faible luminosit\u00e9. De plus, le tissu principal contient au moins <strong data-start=\"1297\" data-end=\"1328\">80 % de polyester recycl\u00e9<\/strong>, pour un choix plus responsable.<\/p><\/p>\n","protected":false},"excerpt":{"rendered":"<ul>\n<li data-start=\"1610\" data-end=\"1671\">Technologie UA Storm : hydrofuge et hautement respirante<\/li>\n<li data-start=\"1674\" data-end=\"1739\">Tissu l\u00e9ger et extensible avec empi\u00e8cement ripstop \u00e0 l&#8217;avant<\/li>\n<li data-start=\"1742\" data-end=\"1819\">Taille avec cordon de serrage, fermetures \u00e9clair aux chevilles, poches zipp\u00e9es et d\u00e9tails r\u00e9fl\u00e9chissants<\/li>\n<\/ul>\n","protected":false},"featured_media":383126,"template":"","meta":{"_acf_changed":false,"inline_featured_image":false},"product_brand":[],"product_cat":[24450,24482],"product_tag":[23530,23574],"class_list":{"0":"post-382958","1":"product","2":"type-product","3":"status-publish","4":"has-post-thumbnail","6":"product_cat-pantalon-long-fr-3","7":"product_cat-vetements-pour-hommes-fr","8":"product_tag-under-armour-fr","9":"product_tag-under-armour-homme","10":"pa_attivita-marcher","11":"pa_attivita-running-fr","12":"pa_colore-velociti-pro-storm-pant-black-fr","13":"pa_marca-under-armour-fr","14":"pa_sesso-homme","15":"pa_size-small-fr","16":"pa_size-medium-fr","17":"pa_size-large-fr","19":"first","20":"instock","21":"sale","22":"taxable","23":"shipping-taxable","24":"purchasable","25":"product-type-variable","26":"wvs-archive-product-wrapper"},"acf":[],"yoast_head":"<!-- This site is optimized with the Yoast SEO plugin v26.8 - https:\/\/yoast.com\/product\/yoast-seo-wordpress\/ -->\n<title>Under Armour Velociti pro storm pant homme - Pantalons longs - MioMioRun<\/title>\n<meta name=\"description\" content=\"Velociti Pro Storm Pant : pantalon de course imperm\u00e9able et respirant avec UA Storm, tissu ripstop, fermetures \u00e9clair aux chevilles et d\u00e9tails r\u00e9fl\u00e9chissants\" \/>\n<meta name=\"robots\" content=\"index, follow, max-snippet:-1, max-image-preview:large, max-video-preview:-1\" \/>\n<link rel=\"canonical\" href=\"https:\/\/www.miomiorun.com\/fr\/produit\/velociti-pro-storm-pant-homme\/\" \/>\n<meta property=\"og:locale\" content=\"fr_FR\" \/>\n<meta property=\"og:type\" content=\"article\" \/>\n<meta property=\"og:title\" content=\"Under Armour Velociti pro storm pant homme - Pantalons longs - MioMioRun\" \/>\n<meta property=\"og:description\" content=\"Velociti Pro Storm Pant : pantalon de course imperm\u00e9able et respirant avec UA Storm, tissu ripstop, fermetures \u00e9clair aux chevilles et d\u00e9tails r\u00e9fl\u00e9chissants\" \/>\n<meta property=\"og:url\" content=\"https:\/\/www.miomiorun.com\/fr\/produit\/velociti-pro-storm-pant-homme\/\" \/>\n<meta property=\"og:site_name\" content=\"MioMioRun\" \/>\n<meta property=\"article:publisher\" content=\"https:\/\/www.facebook.com\/miomiorun\/\" \/>\n<meta property=\"article:modified_time\" content=\"2026-04-16T16:54:57+00:00\" \/>\n<meta property=\"og:image\" content=\"https:\/\/www.miomiorun.com\/app\/uploads\/2025\/12\/under-armour-Velociti-pro-storm-pant-black-6005898-0002.webp\" \/>\n\t<meta property=\"og:image:width\" content=\"720\" \/>\n\t<meta property=\"og:image:height\" content=\"720\" \/>\n\t<meta property=\"og:image:type\" content=\"image\/webp\" \/>\n<meta name=\"twitter:card\" content=\"summary_large_image\" \/>\n<meta name=\"twitter:label1\" content=\"Est. reading time\" \/>\n\t<meta name=\"twitter:data1\" content=\"1 minute\" \/>\n<script type=\"application\/ld+json\" class=\"yoast-schema-graph\">{\"@context\":\"https:\/\/schema.org\",\"@graph\":[{\"@type\":\"WebPage\",\"@id\":\"https:\/\/www.miomiorun.com\/fr\/produit\/velociti-pro-storm-pant-homme\/\",\"url\":\"https:\/\/www.miomiorun.com\/fr\/produit\/velociti-pro-storm-pant-homme\/\",\"name\":\"Under Armour Velociti pro storm pant homme - Pantalons longs - MioMioRun\",\"isPartOf\":{\"@id\":\"https:\/\/www.miomiorun.com\/fr\/#website\"},\"primaryImageOfPage\":{\"@id\":\"https:\/\/www.miomiorun.com\/fr\/produit\/velociti-pro-storm-pant-homme\/#primaryimage\"},\"image\":{\"@id\":\"https:\/\/www.miomiorun.com\/fr\/produit\/velociti-pro-storm-pant-homme\/#primaryimage\"},\"thumbnailUrl\":\"https:\/\/www.miomiorun.com\/app\/uploads\/2025\/12\/under-armour-Velociti-pro-storm-pant-black-6005898-0002.webp\",\"datePublished\":\"2025-12-19T15:15:00+00:00\",\"dateModified\":\"2026-04-16T16:54:57+00:00\",\"description\":\"Velociti Pro Storm Pant : pantalon de course imperm\u00e9able et respirant avec UA Storm, tissu ripstop, fermetures \u00e9clair aux chevilles et d\u00e9tails r\u00e9fl\u00e9chissants\",\"breadcrumb\":{\"@id\":\"https:\/\/www.miomiorun.com\/fr\/produit\/velociti-pro-storm-pant-homme\/#breadcrumb\"},\"inLanguage\":\"fr-FR\",\"potentialAction\":[{\"@type\":\"ReadAction\",\"target\":[\"https:\/\/www.miomiorun.com\/fr\/produit\/velociti-pro-storm-pant-homme\/\"]}]},{\"@type\":\"ImageObject\",\"inLanguage\":\"fr-FR\",\"@id\":\"https:\/\/www.miomiorun.com\/fr\/produit\/velociti-pro-storm-pant-homme\/#primaryimage\",\"url\":\"https:\/\/www.miomiorun.com\/app\/uploads\/2025\/12\/under-armour-Velociti-pro-storm-pant-black-6005898-0002.webp\",\"contentUrl\":\"https:\/\/www.miomiorun.com\/app\/uploads\/2025\/12\/under-armour-Velociti-pro-storm-pant-black-6005898-0002.webp\",\"width\":720,\"height\":720,\"caption\":\"under armour Velociti pro storm pant black 6005898-0002\"},{\"@type\":\"BreadcrumbList\",\"@id\":\"https:\/\/www.miomiorun.com\/fr\/produit\/velociti-pro-storm-pant-homme\/#breadcrumb\",\"itemListElement\":[{\"@type\":\"ListItem\",\"position\":1,\"name\":\"Home\",\"item\":\"https:\/\/www.miomiorun.com\/fr\/home-page\/\"},{\"@type\":\"ListItem\",\"position\":2,\"name\":\"Shop\",\"item\":\"https:\/\/www.miomiorun.com\/shop\/\"},{\"@type\":\"ListItem\",\"position\":3,\"name\":\"Velociti pro storm pant homme\"}]},{\"@type\":\"WebSite\",\"@id\":\"https:\/\/www.miomiorun.com\/fr\/#website\",\"url\":\"https:\/\/www.miomiorun.com\/fr\/\",\"name\":\"MioMioRun\",\"description\":\"Boutique 100% running et trail\",\"publisher\":{\"@id\":\"https:\/\/www.miomiorun.com\/fr\/#organization\"},\"potentialAction\":[{\"@type\":\"SearchAction\",\"target\":{\"@type\":\"EntryPoint\",\"urlTemplate\":\"https:\/\/www.miomiorun.com\/fr\/?s={search_term_string}\"},\"query-input\":{\"@type\":\"PropertyValueSpecification\",\"valueRequired\":true,\"valueName\":\"search_term_string\"}}],\"inLanguage\":\"fr-FR\"},{\"@type\":\"Organization\",\"@id\":\"https:\/\/www.miomiorun.com\/fr\/#organization\",\"name\":\"MioMio Run\",\"url\":\"https:\/\/www.miomiorun.com\/fr\/\",\"logo\":{\"@type\":\"ImageObject\",\"inLanguage\":\"fr-FR\",\"@id\":\"https:\/\/www.miomiorun.com\/fr\/#\/schema\/logo\/image\/\",\"url\":\"https:\/\/www.miomiorun.com\/app\/uploads\/2019\/12\/logomio.png\",\"contentUrl\":\"https:\/\/www.miomiorun.com\/app\/uploads\/2019\/12\/logomio.png\",\"width\":115,\"height\":82,\"caption\":\"MioMio Run\"},\"image\":{\"@id\":\"https:\/\/www.miomiorun.com\/fr\/#\/schema\/logo\/image\/\"},\"sameAs\":[\"https:\/\/www.facebook.com\/miomiorun\/\",\"https:\/\/www.instagram.com\/miomiorun\/\"]}]}<\/script>\n<!-- \/ Yoast SEO plugin. -->","yoast_head_json":{"title":"Under Armour Velociti pro storm pant homme - Pantalons longs - MioMioRun","description":"Velociti Pro Storm Pant : pantalon de course imperm\u00e9able et respirant avec UA Storm, tissu ripstop, fermetures \u00e9clair aux chevilles et d\u00e9tails r\u00e9fl\u00e9chissants","robots":{"index":"index","follow":"follow","max-snippet":"max-snippet:-1","max-image-preview":"max-image-preview:large","max-video-preview":"max-video-preview:-1"},"canonical":"https:\/\/www.miomiorun.com\/fr\/produit\/velociti-pro-storm-pant-homme\/","og_locale":"fr_FR","og_type":"article","og_title":"Under Armour Velociti pro storm pant homme - Pantalons longs - MioMioRun","og_description":"Velociti Pro Storm Pant : pantalon de course imperm\u00e9able et respirant avec UA Storm, tissu ripstop, fermetures \u00e9clair aux chevilles et d\u00e9tails r\u00e9fl\u00e9chissants","og_url":"https:\/\/www.miomiorun.com\/fr\/produit\/velociti-pro-storm-pant-homme\/","og_site_name":"MioMioRun","article_publisher":"https:\/\/www.facebook.com\/miomiorun\/","article_modified_time":"2026-04-16T16:54:57+00:00","og_image":[{"width":720,"height":720,"url":"https:\/\/www.miomiorun.com\/app\/uploads\/2025\/12\/under-armour-Velociti-pro-storm-pant-black-6005898-0002.webp","type":"image\/webp"}],"twitter_card":"summary_large_image","twitter_misc":{"Est. reading time":"1 minute"},"schema":{"@context":"https:\/\/schema.org","@graph":[{"@type":"WebPage","@id":"https:\/\/www.miomiorun.com\/fr\/produit\/velociti-pro-storm-pant-homme\/","url":"https:\/\/www.miomiorun.com\/fr\/produit\/velociti-pro-storm-pant-homme\/","name":"Under Armour Velociti pro storm pant homme - Pantalons longs - MioMioRun","isPartOf":{"@id":"https:\/\/www.miomiorun.com\/fr\/#website"},"primaryImageOfPage":{"@id":"https:\/\/www.miomiorun.com\/fr\/produit\/velociti-pro-storm-pant-homme\/#primaryimage"},"image":{"@id":"https:\/\/www.miomiorun.com\/fr\/produit\/velociti-pro-storm-pant-homme\/#primaryimage"},"thumbnailUrl":"https:\/\/www.miomiorun.com\/app\/uploads\/2025\/12\/under-armour-Velociti-pro-storm-pant-black-6005898-0002.webp","datePublished":"2025-12-19T15:15:00+00:00","dateModified":"2026-04-16T16:54:57+00:00","description":"Velociti Pro Storm Pant : pantalon de course imperm\u00e9able et respirant avec UA Storm, tissu ripstop, fermetures \u00e9clair aux chevilles et d\u00e9tails r\u00e9fl\u00e9chissants","breadcrumb":{"@id":"https:\/\/www.miomiorun.com\/fr\/produit\/velociti-pro-storm-pant-homme\/#breadcrumb"},"inLanguage":"fr-FR","potentialAction":[{"@type":"ReadAction","target":["https:\/\/www.miomiorun.com\/fr\/produit\/velociti-pro-storm-pant-homme\/"]}]},{"@type":"ImageObject","inLanguage":"fr-FR","@id":"https:\/\/www.miomiorun.com\/fr\/produit\/velociti-pro-storm-pant-homme\/#primaryimage","url":"https:\/\/www.miomiorun.com\/app\/uploads\/2025\/12\/under-armour-Velociti-pro-storm-pant-black-6005898-0002.webp","contentUrl":"https:\/\/www.miomiorun.com\/app\/uploads\/2025\/12\/under-armour-Velociti-pro-storm-pant-black-6005898-0002.webp","width":720,"height":720,"caption":"under armour Velociti pro storm pant black 6005898-0002"},{"@type":"BreadcrumbList","@id":"https:\/\/www.miomiorun.com\/fr\/produit\/velociti-pro-storm-pant-homme\/#breadcrumb","itemListElement":[{"@type":"ListItem","position":1,"name":"Home","item":"https:\/\/www.miomiorun.com\/fr\/home-page\/"},{"@type":"ListItem","position":2,"name":"Shop","item":"https:\/\/www.miomiorun.com\/shop\/"},{"@type":"ListItem","position":3,"name":"Velociti pro storm pant homme"}]},{"@type":"WebSite","@id":"https:\/\/www.miomiorun.com\/fr\/#website","url":"https:\/\/www.miomiorun.com\/fr\/","name":"MioMioRun","description":"Boutique 100% running et trail","publisher":{"@id":"https:\/\/www.miomiorun.com\/fr\/#organization"},"potentialAction":[{"@type":"SearchAction","target":{"@type":"EntryPoint","urlTemplate":"https:\/\/www.miomiorun.com\/fr\/?s={search_term_string}"},"query-input":{"@type":"PropertyValueSpecification","valueRequired":true,"valueName":"search_term_string"}}],"inLanguage":"fr-FR"},{"@type":"Organization","@id":"https:\/\/www.miomiorun.com\/fr\/#organization","name":"MioMio Run","url":"https:\/\/www.miomiorun.com\/fr\/","logo":{"@type":"ImageObject","inLanguage":"fr-FR","@id":"https:\/\/www.miomiorun.com\/fr\/#\/schema\/logo\/image\/","url":"https:\/\/www.miomiorun.com\/app\/uploads\/2019\/12\/logomio.png","contentUrl":"https:\/\/www.miomiorun.com\/app\/uploads\/2019\/12\/logomio.png","width":115,"height":82,"caption":"MioMio Run"},"image":{"@id":"https:\/\/www.miomiorun.com\/fr\/#\/schema\/logo\/image\/"},"sameAs":["https:\/\/www.facebook.com\/miomiorun\/","https:\/\/www.instagram.com\/miomiorun\/"]}]}},"_links":{"self":[{"href":"https:\/\/www.miomiorun.com\/fr\/wp-json\/wp\/v2\/product\/382958","targetHints":{"allow":["GET"]}}],"collection":[{"href":"https:\/\/www.miomiorun.com\/fr\/wp-json\/wp\/v2\/product"}],"about":[{"href":"https:\/\/www.miomiorun.com\/fr\/wp-json\/wp\/v2\/types\/product"}],"wp:featuredmedia":[{"embeddable":true,"href":"https:\/\/www.miomiorun.com\/fr\/wp-json\/wp\/v2\/media\/383126"}],"wp:attachment":[{"href":"https:\/\/www.miomiorun.com\/fr\/wp-json\/wp\/v2\/media?parent=382958"}],"wp:term":[{"taxonomy":"product_brand","embeddable":true,"href":"https:\/\/www.miomiorun.com\/fr\/wp-json\/wp\/v2\/product_brand?post=382958"},{"taxonomy":"product_cat","embeddable":true,"href":"https:\/\/www.miomiorun.com\/fr\/wp-json\/wp\/v2\/product_cat?post=382958"},{"taxonomy":"product_tag","embeddable":true,"href":"https:\/\/www.miomiorun.com\/fr\/wp-json\/wp\/v2\/product_tag?post=382958"}],"curies":[{"name":"wp","href":"https:\/\/api.w.org\/{rel}","templated":true}]}}