{"id":381428,"date":"2025-12-15T18:53:44","date_gmt":"2025-12-15T17:53:44","guid":{"rendered":"https:\/\/www.miomiorun.com\/?post_type=product&#038;p=381428"},"modified":"2026-05-09T11:34:23","modified_gmt":"2026-05-09T09:34:23","slug":"3-ws-fl-c-pt-femme","status":"publish","type":"product","link":"https:\/\/www.miomiorun.com\/fr\/produit\/3-ws-fl-c-pt-femme\/","title":{"rendered":"3 WS FL C PT femme"},"content":{"rendered":"<p data-start=\"143\" data-end=\"518\">Les <strong data-start=\"145\" data-end=\"161\">3 WS FL C PT<\/strong> sont des pantalons de sport con\u00e7us pour offrir confort, fonctionnalit\u00e9 et une coupe ajust\u00e9e id\u00e9ale pour les activit\u00e9s physiques et les loisirs. Fabriqu\u00e9s dans un <strong data-start=\"321\" data-end=\"338\">molleton doux<\/strong> compos\u00e9 de <strong data-start=\"351\" data-end=\"393\">coton, de polyester recycl\u00e9 et de viscose<\/strong>, ils garantissent une sensation agr\u00e9able sur la peau et une bonne respirabilit\u00e9 lors d&#8217;une utilisation quotidienne ou d&#8217;un entra\u00eenement.<\/p>\n<p data-start=\"520\" data-end=\"886\">La <strong data-start=\"523\" data-end=\"553\">taille \u00e9lastique avec cordon de serrage<\/strong> permet un ajustement personnalis\u00e9, assurant stabilit\u00e9 et confort \u00e0 chaque mouvement. Con\u00e7us selon la philosophie adidas, ces pantalons sont pens\u00e9s pour vous permettre de vous concentrer exclusivement sur vos performances, s&#8217;adaptant naturellement \u00e0 diff\u00e9rentes activit\u00e9s sportives gr\u00e2ce \u00e0 l&#8217;utilisation de mat\u00e9riaux de qualit\u00e9.<\/p>\n<p data-start=\"888\" data-end=\"979\">Un v\u00eatement polyvalent, id\u00e9al pour ceux qui recherchent la praticit\u00e9, le confort et un style sportif essentiel.<\/p><\/p>\n","protected":false},"excerpt":{"rendered":"<ul>\n<li data-start=\"1210\" data-end=\"1267\">Sweat-shirt doux en coton, polyester recycl\u00e9 et viscose<\/li>\n<li data-start=\"1270\" data-end=\"1332\">Coupe ajust\u00e9e avec taille \u00e9lastique et cordon de serrage r\u00e9glable<\/li>\n<li data-start=\"1335\" data-end=\"1400\">Confort et qualit\u00e9 adidas pour les activit\u00e9s sportives et un usage quotidien<\/li>\n<\/ul>\n","protected":false},"featured_media":404072,"template":"","meta":{"_acf_changed":false,"inline_featured_image":false},"product_brand":[],"product_cat":[22603,22596],"product_tag":[23557,23563],"class_list":{"0":"post-381428","1":"product","2":"type-product","3":"status-publish","4":"has-post-thumbnail","6":"product_cat-pantalon-long","7":"product_cat-vetements-pour-femmes","8":"product_tag-adidas-fr","9":"product_tag-adidas-femme","10":"pa_attivita-fitness-fr","11":"pa_attivita-lifestyle-fr","12":"pa_colore-3-ws-fl-c-pt-grey","13":"pa_marca-adidas-fr","14":"pa_sesso-femme","15":"pa_size-extra-small-fr","16":"pa_size-small-fr","17":"pa_size-medium-fr","19":"first","20":"instock","21":"sale","22":"taxable","23":"shipping-taxable","24":"purchasable","25":"product-type-variable","26":"wvs-archive-product-wrapper"},"acf":[],"yoast_head":"<!-- This site is optimized with the Yoast SEO plugin v26.8 - https:\/\/yoast.com\/product\/yoast-seo-wordpress\/ -->\n<title>Adidas 3 WS FL C PT femme - Pantalons longs - MioMioRun<\/title>\n<meta name=\"description\" content=\"3 WS FL C PT adidas : pantalon de sport en molleton \u00e0 coupe ajust\u00e9e, taille \u00e9lastiqu\u00e9e avec cordon de serrage et mati\u00e8res confortables. Id\u00e9al pour le sport et les loisirs.\" \/>\n<meta name=\"robots\" content=\"index, follow, max-snippet:-1, max-image-preview:large, max-video-preview:-1\" \/>\n<link rel=\"canonical\" href=\"https:\/\/www.miomiorun.com\/fr\/produit\/3-ws-fl-c-pt-femme\/\" \/>\n<meta property=\"og:locale\" content=\"fr_FR\" \/>\n<meta property=\"og:type\" content=\"article\" \/>\n<meta property=\"og:title\" content=\"Adidas 3 WS FL C PT femme - Pantalons longs - MioMioRun\" \/>\n<meta property=\"og:description\" content=\"3 WS FL C PT adidas : pantalon de sport en molleton \u00e0 coupe ajust\u00e9e, taille \u00e9lastiqu\u00e9e avec cordon de serrage et mati\u00e8res confortables. Id\u00e9al pour le sport et les loisirs.\" \/>\n<meta property=\"og:url\" content=\"https:\/\/www.miomiorun.com\/fr\/produit\/3-ws-fl-c-pt-femme\/\" \/>\n<meta property=\"og:site_name\" content=\"MioMioRun\" \/>\n<meta property=\"article:publisher\" content=\"https:\/\/www.facebook.com\/miomiorun\/\" \/>\n<meta property=\"article:modified_time\" content=\"2026-05-09T09:34:23+00:00\" \/>\n<meta property=\"og:image\" content=\"https:\/\/www.miomiorun.com\/app\/uploads\/2026\/02\/adidas-3-WS-FL-C-PT-grey-IN6178.webp\" \/>\n\t<meta property=\"og:image:width\" content=\"720\" \/>\n\t<meta property=\"og:image:height\" content=\"720\" \/>\n\t<meta property=\"og:image:type\" content=\"image\/webp\" \/>\n<meta name=\"twitter:card\" content=\"summary_large_image\" \/>\n<meta name=\"twitter:label1\" content=\"Est. reading time\" \/>\n\t<meta name=\"twitter:data1\" content=\"1 minute\" \/>\n<script type=\"application\/ld+json\" class=\"yoast-schema-graph\">{\"@context\":\"https:\/\/schema.org\",\"@graph\":[{\"@type\":\"WebPage\",\"@id\":\"https:\/\/www.miomiorun.com\/fr\/produit\/3-ws-fl-c-pt-femme\/\",\"url\":\"https:\/\/www.miomiorun.com\/fr\/produit\/3-ws-fl-c-pt-femme\/\",\"name\":\"Adidas 3 WS FL C PT femme - Pantalons longs - MioMioRun\",\"isPartOf\":{\"@id\":\"https:\/\/www.miomiorun.com\/fr\/#website\"},\"primaryImageOfPage\":{\"@id\":\"https:\/\/www.miomiorun.com\/fr\/produit\/3-ws-fl-c-pt-femme\/#primaryimage\"},\"image\":{\"@id\":\"https:\/\/www.miomiorun.com\/fr\/produit\/3-ws-fl-c-pt-femme\/#primaryimage\"},\"thumbnailUrl\":\"https:\/\/www.miomiorun.com\/app\/uploads\/2026\/02\/adidas-3-WS-FL-C-PT-grey-IN6178.webp\",\"datePublished\":\"2025-12-15T17:53:44+00:00\",\"dateModified\":\"2026-05-09T09:34:23+00:00\",\"description\":\"3 WS FL C PT adidas : pantalon de sport en molleton \u00e0 coupe ajust\u00e9e, taille \u00e9lastiqu\u00e9e avec cordon de serrage et mati\u00e8res confortables. Id\u00e9al pour le sport et les loisirs.\",\"breadcrumb\":{\"@id\":\"https:\/\/www.miomiorun.com\/fr\/produit\/3-ws-fl-c-pt-femme\/#breadcrumb\"},\"inLanguage\":\"fr-FR\",\"potentialAction\":[{\"@type\":\"ReadAction\",\"target\":[\"https:\/\/www.miomiorun.com\/fr\/produit\/3-ws-fl-c-pt-femme\/\"]}]},{\"@type\":\"ImageObject\",\"inLanguage\":\"fr-FR\",\"@id\":\"https:\/\/www.miomiorun.com\/fr\/produit\/3-ws-fl-c-pt-femme\/#primaryimage\",\"url\":\"https:\/\/www.miomiorun.com\/app\/uploads\/2026\/02\/adidas-3-WS-FL-C-PT-grey-IN6178.webp\",\"contentUrl\":\"https:\/\/www.miomiorun.com\/app\/uploads\/2026\/02\/adidas-3-WS-FL-C-PT-grey-IN6178.webp\",\"width\":720,\"height\":720,\"caption\":\"adidas 3 WS FL C PT grey IN6178\"},{\"@type\":\"BreadcrumbList\",\"@id\":\"https:\/\/www.miomiorun.com\/fr\/produit\/3-ws-fl-c-pt-femme\/#breadcrumb\",\"itemListElement\":[{\"@type\":\"ListItem\",\"position\":1,\"name\":\"Home\",\"item\":\"https:\/\/www.miomiorun.com\/fr\/home-page\/\"},{\"@type\":\"ListItem\",\"position\":2,\"name\":\"Shop\",\"item\":\"https:\/\/www.miomiorun.com\/shop\/\"},{\"@type\":\"ListItem\",\"position\":3,\"name\":\"3 WS FL C PT femme\"}]},{\"@type\":\"WebSite\",\"@id\":\"https:\/\/www.miomiorun.com\/fr\/#website\",\"url\":\"https:\/\/www.miomiorun.com\/fr\/\",\"name\":\"MioMioRun\",\"description\":\"Boutique 100% running et trail\",\"publisher\":{\"@id\":\"https:\/\/www.miomiorun.com\/fr\/#organization\"},\"potentialAction\":[{\"@type\":\"SearchAction\",\"target\":{\"@type\":\"EntryPoint\",\"urlTemplate\":\"https:\/\/www.miomiorun.com\/fr\/?s={search_term_string}\"},\"query-input\":{\"@type\":\"PropertyValueSpecification\",\"valueRequired\":true,\"valueName\":\"search_term_string\"}}],\"inLanguage\":\"fr-FR\"},{\"@type\":\"Organization\",\"@id\":\"https:\/\/www.miomiorun.com\/fr\/#organization\",\"name\":\"MioMio Run\",\"url\":\"https:\/\/www.miomiorun.com\/fr\/\",\"logo\":{\"@type\":\"ImageObject\",\"inLanguage\":\"fr-FR\",\"@id\":\"https:\/\/www.miomiorun.com\/fr\/#\/schema\/logo\/image\/\",\"url\":\"https:\/\/www.miomiorun.com\/app\/uploads\/2019\/12\/logomio.png\",\"contentUrl\":\"https:\/\/www.miomiorun.com\/app\/uploads\/2019\/12\/logomio.png\",\"width\":115,\"height\":82,\"caption\":\"MioMio Run\"},\"image\":{\"@id\":\"https:\/\/www.miomiorun.com\/fr\/#\/schema\/logo\/image\/\"},\"sameAs\":[\"https:\/\/www.facebook.com\/miomiorun\/\",\"https:\/\/www.instagram.com\/miomiorun\/\"]}]}<\/script>\n<!-- \/ Yoast SEO plugin. -->","yoast_head_json":{"title":"Adidas 3 WS FL C PT femme - Pantalons longs - MioMioRun","description":"3 WS FL C PT adidas : pantalon de sport en molleton \u00e0 coupe ajust\u00e9e, taille \u00e9lastiqu\u00e9e avec cordon de serrage et mati\u00e8res confortables. Id\u00e9al pour le sport et les loisirs.","robots":{"index":"index","follow":"follow","max-snippet":"max-snippet:-1","max-image-preview":"max-image-preview:large","max-video-preview":"max-video-preview:-1"},"canonical":"https:\/\/www.miomiorun.com\/fr\/produit\/3-ws-fl-c-pt-femme\/","og_locale":"fr_FR","og_type":"article","og_title":"Adidas 3 WS FL C PT femme - Pantalons longs - MioMioRun","og_description":"3 WS FL C PT adidas : pantalon de sport en molleton \u00e0 coupe ajust\u00e9e, taille \u00e9lastiqu\u00e9e avec cordon de serrage et mati\u00e8res confortables. Id\u00e9al pour le sport et les loisirs.","og_url":"https:\/\/www.miomiorun.com\/fr\/produit\/3-ws-fl-c-pt-femme\/","og_site_name":"MioMioRun","article_publisher":"https:\/\/www.facebook.com\/miomiorun\/","article_modified_time":"2026-05-09T09:34:23+00:00","og_image":[{"width":720,"height":720,"url":"https:\/\/www.miomiorun.com\/app\/uploads\/2026\/02\/adidas-3-WS-FL-C-PT-grey-IN6178.webp","type":"image\/webp"}],"twitter_card":"summary_large_image","twitter_misc":{"Est. reading time":"1 minute"},"schema":{"@context":"https:\/\/schema.org","@graph":[{"@type":"WebPage","@id":"https:\/\/www.miomiorun.com\/fr\/produit\/3-ws-fl-c-pt-femme\/","url":"https:\/\/www.miomiorun.com\/fr\/produit\/3-ws-fl-c-pt-femme\/","name":"Adidas 3 WS FL C PT femme - Pantalons longs - MioMioRun","isPartOf":{"@id":"https:\/\/www.miomiorun.com\/fr\/#website"},"primaryImageOfPage":{"@id":"https:\/\/www.miomiorun.com\/fr\/produit\/3-ws-fl-c-pt-femme\/#primaryimage"},"image":{"@id":"https:\/\/www.miomiorun.com\/fr\/produit\/3-ws-fl-c-pt-femme\/#primaryimage"},"thumbnailUrl":"https:\/\/www.miomiorun.com\/app\/uploads\/2026\/02\/adidas-3-WS-FL-C-PT-grey-IN6178.webp","datePublished":"2025-12-15T17:53:44+00:00","dateModified":"2026-05-09T09:34:23+00:00","description":"3 WS FL C PT adidas : pantalon de sport en molleton \u00e0 coupe ajust\u00e9e, taille \u00e9lastiqu\u00e9e avec cordon de serrage et mati\u00e8res confortables. Id\u00e9al pour le sport et les loisirs.","breadcrumb":{"@id":"https:\/\/www.miomiorun.com\/fr\/produit\/3-ws-fl-c-pt-femme\/#breadcrumb"},"inLanguage":"fr-FR","potentialAction":[{"@type":"ReadAction","target":["https:\/\/www.miomiorun.com\/fr\/produit\/3-ws-fl-c-pt-femme\/"]}]},{"@type":"ImageObject","inLanguage":"fr-FR","@id":"https:\/\/www.miomiorun.com\/fr\/produit\/3-ws-fl-c-pt-femme\/#primaryimage","url":"https:\/\/www.miomiorun.com\/app\/uploads\/2026\/02\/adidas-3-WS-FL-C-PT-grey-IN6178.webp","contentUrl":"https:\/\/www.miomiorun.com\/app\/uploads\/2026\/02\/adidas-3-WS-FL-C-PT-grey-IN6178.webp","width":720,"height":720,"caption":"adidas 3 WS FL C PT grey IN6178"},{"@type":"BreadcrumbList","@id":"https:\/\/www.miomiorun.com\/fr\/produit\/3-ws-fl-c-pt-femme\/#breadcrumb","itemListElement":[{"@type":"ListItem","position":1,"name":"Home","item":"https:\/\/www.miomiorun.com\/fr\/home-page\/"},{"@type":"ListItem","position":2,"name":"Shop","item":"https:\/\/www.miomiorun.com\/shop\/"},{"@type":"ListItem","position":3,"name":"3 WS FL C PT femme"}]},{"@type":"WebSite","@id":"https:\/\/www.miomiorun.com\/fr\/#website","url":"https:\/\/www.miomiorun.com\/fr\/","name":"MioMioRun","description":"Boutique 100% running et trail","publisher":{"@id":"https:\/\/www.miomiorun.com\/fr\/#organization"},"potentialAction":[{"@type":"SearchAction","target":{"@type":"EntryPoint","urlTemplate":"https:\/\/www.miomiorun.com\/fr\/?s={search_term_string}"},"query-input":{"@type":"PropertyValueSpecification","valueRequired":true,"valueName":"search_term_string"}}],"inLanguage":"fr-FR"},{"@type":"Organization","@id":"https:\/\/www.miomiorun.com\/fr\/#organization","name":"MioMio Run","url":"https:\/\/www.miomiorun.com\/fr\/","logo":{"@type":"ImageObject","inLanguage":"fr-FR","@id":"https:\/\/www.miomiorun.com\/fr\/#\/schema\/logo\/image\/","url":"https:\/\/www.miomiorun.com\/app\/uploads\/2019\/12\/logomio.png","contentUrl":"https:\/\/www.miomiorun.com\/app\/uploads\/2019\/12\/logomio.png","width":115,"height":82,"caption":"MioMio Run"},"image":{"@id":"https:\/\/www.miomiorun.com\/fr\/#\/schema\/logo\/image\/"},"sameAs":["https:\/\/www.facebook.com\/miomiorun\/","https:\/\/www.instagram.com\/miomiorun\/"]}]}},"_links":{"self":[{"href":"https:\/\/www.miomiorun.com\/fr\/wp-json\/wp\/v2\/product\/381428","targetHints":{"allow":["GET"]}}],"collection":[{"href":"https:\/\/www.miomiorun.com\/fr\/wp-json\/wp\/v2\/product"}],"about":[{"href":"https:\/\/www.miomiorun.com\/fr\/wp-json\/wp\/v2\/types\/product"}],"wp:featuredmedia":[{"embeddable":true,"href":"https:\/\/www.miomiorun.com\/fr\/wp-json\/wp\/v2\/media\/404072"}],"wp:attachment":[{"href":"https:\/\/www.miomiorun.com\/fr\/wp-json\/wp\/v2\/media?parent=381428"}],"wp:term":[{"taxonomy":"product_brand","embeddable":true,"href":"https:\/\/www.miomiorun.com\/fr\/wp-json\/wp\/v2\/product_brand?post=381428"},{"taxonomy":"product_cat","embeddable":true,"href":"https:\/\/www.miomiorun.com\/fr\/wp-json\/wp\/v2\/product_cat?post=381428"},{"taxonomy":"product_tag","embeddable":true,"href":"https:\/\/www.miomiorun.com\/fr\/wp-json\/wp\/v2\/product_tag?post=381428"}],"curies":[{"name":"wp","href":"https:\/\/api.w.org\/{rel}","templated":true}]}}