{"id":379687,"date":"2025-12-10T12:09:29","date_gmt":"2025-12-10T11:09:29","guid":{"rendered":"https:\/\/www.miomiorun.com\/?post_type=product&#038;p=379687"},"modified":"2026-05-02T18:51:31","modified_gmt":"2026-05-02T16:51:31","slug":"adrenaline-gts-25-femme","status":"publish","type":"product","link":"https:\/\/www.miomiorun.com\/fr\/produit\/adrenaline-gts-25-femme\/","title":{"rendered":"Adrenaline GTS 25 femme"},"content":{"rendered":"<div class=\"vc-row container\"><div class=\"vc-column\"><div class=\"vc-column-text\"><\/p>\n<p><strong>Caract\u00e9ristiques techniques<\/strong><\/p>\n<p>Cat\u00e9gorie : amorti moyen<br \/>\nD\u00e9calage : 10 mm<br \/>\nPoids : 269,3 g<br \/>\nId\u00e9al pour : les coureurs ayant tendance \u00e0 la pronation et recherchant un mod\u00e8le capable de garantir stabilit\u00e9 et protection, tout en offrant un amorti et une adh\u00e9rence ad\u00e9quats dans le temps.<br \/>\nPoids de l&#8217;athl\u00e8te : 50-70 kg<br \/>\nAllure de course : moyenne (&gt;5,00 min\/km)<br \/>\n<a href=\"https:\/\/miomiorun.com\/guida-alle-specifiche-tecniche\/\">Guide des caract\u00e9ristiques techniques<\/a><\/p>\n<p><\/div><\/div><div class=\"vc-column\"><div class=\"vc-column-text\"><\/p>\n<div class=\"theme--white--blue u-container--copy-block m-copy-block m-copy-block--center u-spacing-x-large--top u-spacing-x-large--bottom u-spacing--important\">\n<div class=\"m-copy-block__right-block\">\n<div class=\"a-type-p m-body-copy m-copy-block__copy u-spacing-medium--bottom\">\n<p data-start=\"154\" data-end=\"556\">Les <strong data-start=\"157\" data-end=\"187\">Adrenaline GTS 25 pour femmes<\/strong> sont con\u00e7ues pour offrir confort, soutien et fluidit\u00e9 \u00e0 chaque foul\u00e9e, ce qui en fait un choix id\u00e9al pour la course sur route et la marche quotidienne. Dot\u00e9es de la technologie innovante <strong data-start=\"380\" data-end=\"395\">GuideRails\u2122<\/strong>, elles offrent un soutien structur\u00e9 qui aide \u00e0 maintenir l&#8217;alignement naturel du corps, r\u00e9duisant les mouvements ind\u00e9sirables et favorisant une course plus stable.<\/p>\n<p data-start=\"558\" data-end=\"930\">L&#8217;amorti souple et dynamique assure une transition fluide, tandis que la tige respirante, fabriqu\u00e9e \u00e0 partir de <strong data-start=\"673\" data-end=\"705\">66,2 % de mat\u00e9riaux recycl\u00e9s<\/strong>, enveloppe le pied pour un ajustement s\u00fbr et confortable. Chaque d\u00e9tail est con\u00e7u pour offrir une fiabilit\u00e9 et un confort durables, id\u00e9al pour les coureurs qui recherchent un soutien suppl\u00e9mentaire ou une chaussure polyvalente pour un usage quotidien. <\/p>\n<p data-start=\"932\" data-end=\"1090\">Les Adrenaline GTS 25 allient stabilit\u00e9, souplesse et durabilit\u00e9 dans un mod\u00e8le embl\u00e9matique, con\u00e7u pour vous accompagner dans vos courses en toute s\u00e9curit\u00e9 et avec plaisir.<\/p>\n<\/p>\n<\/div>\n<\/div>\n<\/div>\n<p><\/div><\/div><\/div>\n","protected":false},"excerpt":{"rendered":"<ul>\n<li data-start=\"1335\" data-end=\"1404\">Amorti souple et dynamique pour un confort et des transitions fluides<\/li>\n<li data-start=\"1407\" data-end=\"1462\">Support GuideRails\u2122 pour une foul\u00e9e stable et naturelle<\/li>\n<li data-start=\"1465\" data-end=\"1535\">Tige respirante compos\u00e9e \u00e0 66,2 % de mat\u00e9riaux recycl\u00e9s et ajustement s\u00fbr<\/li>\n<\/ul>\n","protected":false},"featured_media":381866,"template":"","meta":{"_acf_changed":false,"inline_featured_image":false},"product_brand":[],"product_cat":[22605,22607],"product_tag":[23462,23656],"class_list":{"0":"post-379687","1":"product","2":"type-product","3":"status-publish","4":"has-post-thumbnail","6":"product_cat-chaussures-pour-femmes","7":"product_cat-ecuries","8":"product_tag-brooks-fr","9":"product_tag-brooks-femme","10":"pa_attivita-marcher","11":"pa_attivita-running-fr","12":"pa_colore-adrenaline-gts25-w-oyster-pink-green","13":"pa_colore-adrenaline-gts25-w-sand-coconut-skyway-fr","14":"pa_colore-adrenaline-gts25-w-spellbound-yucca-pink-fr","15":"pa_colore-adrenaline-gts25-w-white-nightlife-yucca","16":"pa_marca-brooks-fr","17":"pa_sesso-femme","18":"pa_size-38-fr","19":"pa_size-38-5-fr","20":"pa_size-39-fr","21":"pa_size-40-fr","22":"pa_size-40-5-fr","23":"pa_size-41-fr","24":"pa_size-42-fr","26":"first","27":"instock","28":"sale","29":"taxable","30":"shipping-taxable","31":"purchasable","32":"product-type-variable","33":"wvs-archive-product-wrapper"},"acf":[],"yoast_head":"<!-- This site is optimized with the Yoast SEO plugin v26.8 - https:\/\/yoast.com\/product\/yoast-seo-wordpress\/ -->\n<title>Brooks Adrenaline GTS 25 femme - chaussures de course - MioMioRun<\/title>\n<meta name=\"description\" content=\"Adrenaline GTS 25 : chaussures de course \u00e0 amorti souple, soutien GuideRails\u2122 et tige respirante en mat\u00e9riaux recycl\u00e9s. Confort, stabilit\u00e9 et protection.\" \/>\n<meta name=\"robots\" content=\"index, follow, max-snippet:-1, max-image-preview:large, max-video-preview:-1\" \/>\n<link rel=\"canonical\" href=\"https:\/\/www.miomiorun.com\/fr\/produit\/adrenaline-gts-25-femme\/\" \/>\n<meta property=\"og:locale\" content=\"fr_FR\" \/>\n<meta property=\"og:type\" content=\"article\" \/>\n<meta property=\"og:title\" content=\"Brooks Adrenaline GTS 25 femme - chaussures de course - MioMioRun\" \/>\n<meta property=\"og:description\" content=\"Adrenaline GTS 25 : chaussures de course \u00e0 amorti souple, soutien GuideRails\u2122 et tige respirante en mat\u00e9riaux recycl\u00e9s. Confort, stabilit\u00e9 et protection.\" \/>\n<meta property=\"og:url\" content=\"https:\/\/www.miomiorun.com\/fr\/produit\/adrenaline-gts-25-femme\/\" \/>\n<meta property=\"og:site_name\" content=\"MioMioRun\" \/>\n<meta property=\"article:publisher\" content=\"https:\/\/www.facebook.com\/miomiorun\/\" \/>\n<meta property=\"article:modified_time\" content=\"2026-05-02T16:51:31+00:00\" \/>\n<meta property=\"og:image\" content=\"https:\/\/www.miomiorun.com\/app\/uploads\/2025\/12\/brooks-Adrenaline-GTS25-W-spellbound-yucca-pink-1204431B453.webp\" \/>\n\t<meta property=\"og:image:width\" content=\"720\" \/>\n\t<meta property=\"og:image:height\" content=\"720\" \/>\n\t<meta property=\"og:image:type\" content=\"image\/webp\" \/>\n<meta name=\"twitter:card\" content=\"summary_large_image\" \/>\n<meta name=\"twitter:label1\" content=\"Est. reading time\" \/>\n\t<meta name=\"twitter:data1\" content=\"1 minute\" \/>\n<script type=\"application\/ld+json\" class=\"yoast-schema-graph\">{\"@context\":\"https:\/\/schema.org\",\"@graph\":[{\"@type\":\"WebPage\",\"@id\":\"https:\/\/www.miomiorun.com\/fr\/produit\/adrenaline-gts-25-femme\/\",\"url\":\"https:\/\/www.miomiorun.com\/fr\/produit\/adrenaline-gts-25-femme\/\",\"name\":\"Brooks Adrenaline GTS 25 femme - chaussures de course - MioMioRun\",\"isPartOf\":{\"@id\":\"https:\/\/www.miomiorun.com\/fr\/#website\"},\"primaryImageOfPage\":{\"@id\":\"https:\/\/www.miomiorun.com\/fr\/produit\/adrenaline-gts-25-femme\/#primaryimage\"},\"image\":{\"@id\":\"https:\/\/www.miomiorun.com\/fr\/produit\/adrenaline-gts-25-femme\/#primaryimage\"},\"thumbnailUrl\":\"https:\/\/www.miomiorun.com\/app\/uploads\/2025\/12\/brooks-Adrenaline-GTS25-W-spellbound-yucca-pink-1204431B453.webp\",\"datePublished\":\"2025-12-10T11:09:29+00:00\",\"dateModified\":\"2026-05-02T16:51:31+00:00\",\"description\":\"Adrenaline GTS 25 : chaussures de course \u00e0 amorti souple, soutien GuideRails\u2122 et tige respirante en mat\u00e9riaux recycl\u00e9s. Confort, stabilit\u00e9 et protection.\",\"breadcrumb\":{\"@id\":\"https:\/\/www.miomiorun.com\/fr\/produit\/adrenaline-gts-25-femme\/#breadcrumb\"},\"inLanguage\":\"fr-FR\",\"potentialAction\":[{\"@type\":\"ReadAction\",\"target\":[\"https:\/\/www.miomiorun.com\/fr\/produit\/adrenaline-gts-25-femme\/\"]}]},{\"@type\":\"ImageObject\",\"inLanguage\":\"fr-FR\",\"@id\":\"https:\/\/www.miomiorun.com\/fr\/produit\/adrenaline-gts-25-femme\/#primaryimage\",\"url\":\"https:\/\/www.miomiorun.com\/app\/uploads\/2025\/12\/brooks-Adrenaline-GTS25-W-spellbound-yucca-pink-1204431B453.webp\",\"contentUrl\":\"https:\/\/www.miomiorun.com\/app\/uploads\/2025\/12\/brooks-Adrenaline-GTS25-W-spellbound-yucca-pink-1204431B453.webp\",\"width\":720,\"height\":720,\"caption\":\"brooks Adrenaline GTS25 W spellbound yucca pink 1204431B453\"},{\"@type\":\"BreadcrumbList\",\"@id\":\"https:\/\/www.miomiorun.com\/fr\/produit\/adrenaline-gts-25-femme\/#breadcrumb\",\"itemListElement\":[{\"@type\":\"ListItem\",\"position\":1,\"name\":\"Home\",\"item\":\"https:\/\/www.miomiorun.com\/fr\/home-page\/\"},{\"@type\":\"ListItem\",\"position\":2,\"name\":\"Shop\",\"item\":\"https:\/\/www.miomiorun.com\/shop\/\"},{\"@type\":\"ListItem\",\"position\":3,\"name\":\"Adrenaline GTS 25 femme\"}]},{\"@type\":\"WebSite\",\"@id\":\"https:\/\/www.miomiorun.com\/fr\/#website\",\"url\":\"https:\/\/www.miomiorun.com\/fr\/\",\"name\":\"MioMioRun\",\"description\":\"Boutique 100% running et trail\",\"publisher\":{\"@id\":\"https:\/\/www.miomiorun.com\/fr\/#organization\"},\"potentialAction\":[{\"@type\":\"SearchAction\",\"target\":{\"@type\":\"EntryPoint\",\"urlTemplate\":\"https:\/\/www.miomiorun.com\/fr\/?s={search_term_string}\"},\"query-input\":{\"@type\":\"PropertyValueSpecification\",\"valueRequired\":true,\"valueName\":\"search_term_string\"}}],\"inLanguage\":\"fr-FR\"},{\"@type\":\"Organization\",\"@id\":\"https:\/\/www.miomiorun.com\/fr\/#organization\",\"name\":\"MioMio Run\",\"url\":\"https:\/\/www.miomiorun.com\/fr\/\",\"logo\":{\"@type\":\"ImageObject\",\"inLanguage\":\"fr-FR\",\"@id\":\"https:\/\/www.miomiorun.com\/fr\/#\/schema\/logo\/image\/\",\"url\":\"https:\/\/www.miomiorun.com\/app\/uploads\/2019\/12\/logomio.png\",\"contentUrl\":\"https:\/\/www.miomiorun.com\/app\/uploads\/2019\/12\/logomio.png\",\"width\":115,\"height\":82,\"caption\":\"MioMio Run\"},\"image\":{\"@id\":\"https:\/\/www.miomiorun.com\/fr\/#\/schema\/logo\/image\/\"},\"sameAs\":[\"https:\/\/www.facebook.com\/miomiorun\/\",\"https:\/\/www.instagram.com\/miomiorun\/\"]}]}<\/script>\n<!-- \/ Yoast SEO plugin. -->","yoast_head_json":{"title":"Brooks Adrenaline GTS 25 femme - chaussures de course - MioMioRun","description":"Adrenaline GTS 25 : chaussures de course \u00e0 amorti souple, soutien GuideRails\u2122 et tige respirante en mat\u00e9riaux recycl\u00e9s. Confort, stabilit\u00e9 et protection.","robots":{"index":"index","follow":"follow","max-snippet":"max-snippet:-1","max-image-preview":"max-image-preview:large","max-video-preview":"max-video-preview:-1"},"canonical":"https:\/\/www.miomiorun.com\/fr\/produit\/adrenaline-gts-25-femme\/","og_locale":"fr_FR","og_type":"article","og_title":"Brooks Adrenaline GTS 25 femme - chaussures de course - MioMioRun","og_description":"Adrenaline GTS 25 : chaussures de course \u00e0 amorti souple, soutien GuideRails\u2122 et tige respirante en mat\u00e9riaux recycl\u00e9s. Confort, stabilit\u00e9 et protection.","og_url":"https:\/\/www.miomiorun.com\/fr\/produit\/adrenaline-gts-25-femme\/","og_site_name":"MioMioRun","article_publisher":"https:\/\/www.facebook.com\/miomiorun\/","article_modified_time":"2026-05-02T16:51:31+00:00","og_image":[{"width":720,"height":720,"url":"https:\/\/www.miomiorun.com\/app\/uploads\/2025\/12\/brooks-Adrenaline-GTS25-W-spellbound-yucca-pink-1204431B453.webp","type":"image\/webp"}],"twitter_card":"summary_large_image","twitter_misc":{"Est. reading time":"1 minute"},"schema":{"@context":"https:\/\/schema.org","@graph":[{"@type":"WebPage","@id":"https:\/\/www.miomiorun.com\/fr\/produit\/adrenaline-gts-25-femme\/","url":"https:\/\/www.miomiorun.com\/fr\/produit\/adrenaline-gts-25-femme\/","name":"Brooks Adrenaline GTS 25 femme - chaussures de course - MioMioRun","isPartOf":{"@id":"https:\/\/www.miomiorun.com\/fr\/#website"},"primaryImageOfPage":{"@id":"https:\/\/www.miomiorun.com\/fr\/produit\/adrenaline-gts-25-femme\/#primaryimage"},"image":{"@id":"https:\/\/www.miomiorun.com\/fr\/produit\/adrenaline-gts-25-femme\/#primaryimage"},"thumbnailUrl":"https:\/\/www.miomiorun.com\/app\/uploads\/2025\/12\/brooks-Adrenaline-GTS25-W-spellbound-yucca-pink-1204431B453.webp","datePublished":"2025-12-10T11:09:29+00:00","dateModified":"2026-05-02T16:51:31+00:00","description":"Adrenaline GTS 25 : chaussures de course \u00e0 amorti souple, soutien GuideRails\u2122 et tige respirante en mat\u00e9riaux recycl\u00e9s. Confort, stabilit\u00e9 et protection.","breadcrumb":{"@id":"https:\/\/www.miomiorun.com\/fr\/produit\/adrenaline-gts-25-femme\/#breadcrumb"},"inLanguage":"fr-FR","potentialAction":[{"@type":"ReadAction","target":["https:\/\/www.miomiorun.com\/fr\/produit\/adrenaline-gts-25-femme\/"]}]},{"@type":"ImageObject","inLanguage":"fr-FR","@id":"https:\/\/www.miomiorun.com\/fr\/produit\/adrenaline-gts-25-femme\/#primaryimage","url":"https:\/\/www.miomiorun.com\/app\/uploads\/2025\/12\/brooks-Adrenaline-GTS25-W-spellbound-yucca-pink-1204431B453.webp","contentUrl":"https:\/\/www.miomiorun.com\/app\/uploads\/2025\/12\/brooks-Adrenaline-GTS25-W-spellbound-yucca-pink-1204431B453.webp","width":720,"height":720,"caption":"brooks Adrenaline GTS25 W spellbound yucca pink 1204431B453"},{"@type":"BreadcrumbList","@id":"https:\/\/www.miomiorun.com\/fr\/produit\/adrenaline-gts-25-femme\/#breadcrumb","itemListElement":[{"@type":"ListItem","position":1,"name":"Home","item":"https:\/\/www.miomiorun.com\/fr\/home-page\/"},{"@type":"ListItem","position":2,"name":"Shop","item":"https:\/\/www.miomiorun.com\/shop\/"},{"@type":"ListItem","position":3,"name":"Adrenaline GTS 25 femme"}]},{"@type":"WebSite","@id":"https:\/\/www.miomiorun.com\/fr\/#website","url":"https:\/\/www.miomiorun.com\/fr\/","name":"MioMioRun","description":"Boutique 100% running et trail","publisher":{"@id":"https:\/\/www.miomiorun.com\/fr\/#organization"},"potentialAction":[{"@type":"SearchAction","target":{"@type":"EntryPoint","urlTemplate":"https:\/\/www.miomiorun.com\/fr\/?s={search_term_string}"},"query-input":{"@type":"PropertyValueSpecification","valueRequired":true,"valueName":"search_term_string"}}],"inLanguage":"fr-FR"},{"@type":"Organization","@id":"https:\/\/www.miomiorun.com\/fr\/#organization","name":"MioMio Run","url":"https:\/\/www.miomiorun.com\/fr\/","logo":{"@type":"ImageObject","inLanguage":"fr-FR","@id":"https:\/\/www.miomiorun.com\/fr\/#\/schema\/logo\/image\/","url":"https:\/\/www.miomiorun.com\/app\/uploads\/2019\/12\/logomio.png","contentUrl":"https:\/\/www.miomiorun.com\/app\/uploads\/2019\/12\/logomio.png","width":115,"height":82,"caption":"MioMio Run"},"image":{"@id":"https:\/\/www.miomiorun.com\/fr\/#\/schema\/logo\/image\/"},"sameAs":["https:\/\/www.facebook.com\/miomiorun\/","https:\/\/www.instagram.com\/miomiorun\/"]}]}},"_links":{"self":[{"href":"https:\/\/www.miomiorun.com\/fr\/wp-json\/wp\/v2\/product\/379687","targetHints":{"allow":["GET"]}}],"collection":[{"href":"https:\/\/www.miomiorun.com\/fr\/wp-json\/wp\/v2\/product"}],"about":[{"href":"https:\/\/www.miomiorun.com\/fr\/wp-json\/wp\/v2\/types\/product"}],"wp:featuredmedia":[{"embeddable":true,"href":"https:\/\/www.miomiorun.com\/fr\/wp-json\/wp\/v2\/media\/381866"}],"wp:attachment":[{"href":"https:\/\/www.miomiorun.com\/fr\/wp-json\/wp\/v2\/media?parent=379687"}],"wp:term":[{"taxonomy":"product_brand","embeddable":true,"href":"https:\/\/www.miomiorun.com\/fr\/wp-json\/wp\/v2\/product_brand?post=379687"},{"taxonomy":"product_cat","embeddable":true,"href":"https:\/\/www.miomiorun.com\/fr\/wp-json\/wp\/v2\/product_cat?post=379687"},{"taxonomy":"product_tag","embeddable":true,"href":"https:\/\/www.miomiorun.com\/fr\/wp-json\/wp\/v2\/product_tag?post=379687"}],"curies":[{"name":"wp","href":"https:\/\/api.w.org\/{rel}","templated":true}]}}