{"id":379338,"date":"2025-12-10T11:23:55","date_gmt":"2025-12-10T10:23:55","guid":{"rendered":"https:\/\/www.miomiorun.com\/?post_type=product&#038;p=379338"},"modified":"2026-05-08T15:43:15","modified_gmt":"2026-05-08T13:43:15","slug":"supernova-solution-3-homme","status":"publish","type":"product","link":"https:\/\/www.miomiorun.com\/fr\/produit\/supernova-solution-3-homme\/","title":{"rendered":"Supernova Solution 3 homme"},"content":{"rendered":"<div class=\"vc-row container\"><div class=\"vc-column\"><div class=\"vc-column-text\"><\/p>\n<h4>Caract\u00e9ristiques techniques<\/h4>\n<p>Cat\u00e9gorie : amorti moyen<br \/>\nD\u00e9calage : 8 mm (talon 37 mm \/ avant-pied 28 mm)<br \/>\nPoids : 290 g<br \/>\nId\u00e9al pour : les coureurs ayant tendance \u00e0 la pronation, \u00e0 la recherche d&#8217;un mod\u00e8le offrant soutien et protection, sans pour autant renoncer \u00e0 la performance gr\u00e2ce au poids r\u00e9duit de la chaussure.<br \/>\nPoids de l&#8217;athl\u00e8te : &gt;75 kg<br \/>\nAllure de course : moyenne (5-6 min\/km)<br \/>\n<a href=\"https:\/\/miomiorun.com\/guida-alle-specifiche-tecniche\/\">Guide des caract\u00e9ristiques techniques<\/a><\/p>\n<p><\/div><\/div><div class=\"vc-column\"><div class=\"vc-column-text\"><\/p>\n<div class=\"text-content___13aRm\">\n<div class=\"_cell_18qu3_18 _with-content_18qu3_27\" data-auto-id=\"bs-body\">\n<div class=\"_banner-split_18qu3_31 color-theme-black\">\n<div class=\"_cell_18qu3_18 _with-content_18qu3_27\" data-auto-id=\"bs-body\">\n<div class=\"_banner-split_18qu3_31 color-theme-black\">\n<div class=\"_cell_18qu3_18 _with-content_18qu3_27\" data-auto-id=\"bs-body\">\n<div class=\"_banner-split_18qu3_31 color-theme-black\">\n<p data-start=\"151\" data-end=\"466\">Les <strong data-start=\"154\" data-end=\"178\">Supernova Solution 3<\/strong> sont con\u00e7ues pour am\u00e9liorer votre exp\u00e9rience de course, en combinant un amorti avanc\u00e9, une stabilit\u00e9 et un ajustement qui suit parfaitement les mouvements du pied. La tige <strong data-start=\"349\" data-end=\"363\">Primeweave<\/strong>, l\u00e9g\u00e8re et respirante, enveloppe le pied avec pr\u00e9cision, offrant un confort imm\u00e9diat et un soutien cibl\u00e9.<\/p>\n<p data-start=\"468\" data-end=\"818\">La semelle interm\u00e9diaire <strong data-start=\"481\" data-end=\"497\">Dreamstrike+<\/strong> sur toute la longueur garantit un \u00e9quilibre optimal entre souplesse et stabilit\u00e9, r\u00e9duisant la fatigue et offrant une sensation agr\u00e9able \u00e0 chaque foul\u00e9e. La technologie <strong data-start=\"668\" data-end=\"687\">Guide Your Ride<\/strong> am\u00e9liore la fluidit\u00e9 de la foul\u00e9e, stabilise la vo\u00fbte plantaire et rend la transition du talon \u00e0 la pointe plus efficace.<\/p>\n<p data-start=\"820\" data-end=\"1116\">La semelle est con\u00e7ue en suivant l&#8217;anatomie du pied, assurant une <strong data-start=\"888\" data-end=\"907\">adh\u00e9rence fiable<\/strong> et une r\u00e9ponse constante kilom\u00e8tre apr\u00e8s kilom\u00e8tre. La zone d&#8217;impact du talon est con\u00e7ue pour fonctionner en harmonie avec le sch\u00e9ma naturel de l&#8217;appui, am\u00e9liorant la continuit\u00e9 et le naturel de la course.<\/p>\n<p data-start=\"1118\" data-end=\"1290\">Les Supernova Solution 3 allient innovation et performance. Elles sont id\u00e9ales pour la course quotidienne et pour ceux qui recherchent un m\u00e9lange parfait de soutien, de souplesse et de stabilit\u00e9.<\/p>\n<\/p>\n<\/div>\n<\/div>\n<\/div>\n<\/div>\n<\/div>\n<\/div>\n<\/div>\n<p><\/div><\/div><\/div>\n","protected":false},"excerpt":{"rendered":"<ul>\n<li data-start=\"1529\" data-end=\"1610\">Semelle interm\u00e9diaire Dreamstrike+ sur toute la longueur pour un amorti souple et stable<\/li>\n<li data-start=\"1613\" data-end=\"1674\">Tige Primeweave l\u00e9g\u00e8re et respirante avec un ajustement pr\u00e9cis<\/li>\n<li data-start=\"1677\" data-end=\"1760\">Technologie Guide Your Ride + semelle anatomique pour des transitions fluides et une adh\u00e9rence s\u00fbre<\/li>\n<\/ul>\n","protected":false},"featured_media":380418,"template":"","meta":{"_acf_changed":false,"inline_featured_image":false},"product_brand":[],"product_cat":[24448,24446],"product_tag":[23557,23564],"class_list":{"0":"post-379338","1":"product","2":"type-product","3":"status-publish","4":"has-post-thumbnail","6":"product_cat-chaussures-pour-hommes-fr","7":"product_cat-stables","8":"product_tag-adidas-fr","9":"product_tag-adidas-homme","10":"pa_attivita-marcher","11":"pa_attivita-running-fr","12":"pa_colore-supernova-solution-3-auon-silvmt-fr","13":"pa_colore-supernova-solution-3-crywht-ironmt-syellow-fr","14":"pa_colore-supernova-solution-lucblu-silv","15":"pa_marca-adidas-fr","16":"pa_sesso-homme","17":"pa_size-41-fr","18":"pa_size-42-fr","20":"pa_size-43-fr","21":"pa_size-44-fr","23":"pa_size-45-fr","24":"pa_size-46-fr","27":"first","28":"instock","29":"taxable","30":"shipping-taxable","31":"purchasable","32":"product-type-variable","33":"wvs-archive-product-wrapper"},"acf":[],"yoast_head":"<!-- This site is optimized with the Yoast SEO plugin v26.8 - https:\/\/yoast.com\/product\/yoast-seo-wordpress\/ -->\n<title>Adidas Supernova Solution 3 homme -chaussures de course - MioMioRun.com<\/title>\n<meta name=\"description\" content=\"Supernova Solution 3 : chaussures de course avec semelle interm\u00e9diaire Dreamstrike+, tige Primeweave respirante et technologie Guide Your Ride\" \/>\n<meta name=\"robots\" content=\"index, follow, max-snippet:-1, max-image-preview:large, max-video-preview:-1\" \/>\n<link rel=\"canonical\" href=\"https:\/\/www.miomiorun.com\/fr\/produit\/supernova-solution-3-homme\/\" \/>\n<meta property=\"og:locale\" content=\"fr_FR\" \/>\n<meta property=\"og:type\" content=\"article\" \/>\n<meta property=\"og:title\" content=\"Adidas Supernova Solution 3 homme -chaussures de course - MioMioRun.com\" \/>\n<meta property=\"og:description\" content=\"Supernova Solution 3 : chaussures de course avec semelle interm\u00e9diaire Dreamstrike+, tige Primeweave respirante et technologie Guide Your Ride\" \/>\n<meta property=\"og:url\" content=\"https:\/\/www.miomiorun.com\/fr\/produit\/supernova-solution-3-homme\/\" \/>\n<meta property=\"og:site_name\" content=\"MioMioRun\" \/>\n<meta property=\"article:publisher\" content=\"https:\/\/www.facebook.com\/miomiorun\/\" \/>\n<meta property=\"article:modified_time\" content=\"2026-05-08T13:43:15+00:00\" \/>\n<meta property=\"og:image\" content=\"https:\/\/www.miomiorun.com\/app\/uploads\/2025\/12\/adidas-SUPERNOVA-SOLUTION-3-AUON-SILVMT-JQ5907.webp\" \/>\n\t<meta property=\"og:image:width\" content=\"720\" \/>\n\t<meta property=\"og:image:height\" content=\"720\" \/>\n\t<meta property=\"og:image:type\" content=\"image\/webp\" \/>\n<meta name=\"twitter:card\" content=\"summary_large_image\" \/>\n<meta name=\"twitter:label1\" content=\"Est. reading time\" \/>\n\t<meta name=\"twitter:data1\" content=\"2 minutes\" \/>\n<script type=\"application\/ld+json\" class=\"yoast-schema-graph\">{\"@context\":\"https:\/\/schema.org\",\"@graph\":[{\"@type\":\"WebPage\",\"@id\":\"https:\/\/www.miomiorun.com\/fr\/produit\/supernova-solution-3-homme\/\",\"url\":\"https:\/\/www.miomiorun.com\/fr\/produit\/supernova-solution-3-homme\/\",\"name\":\"Adidas Supernova Solution 3 homme -chaussures de course - MioMioRun.com\",\"isPartOf\":{\"@id\":\"https:\/\/www.miomiorun.com\/fr\/#website\"},\"primaryImageOfPage\":{\"@id\":\"https:\/\/www.miomiorun.com\/fr\/produit\/supernova-solution-3-homme\/#primaryimage\"},\"image\":{\"@id\":\"https:\/\/www.miomiorun.com\/fr\/produit\/supernova-solution-3-homme\/#primaryimage\"},\"thumbnailUrl\":\"https:\/\/www.miomiorun.com\/app\/uploads\/2025\/12\/adidas-SUPERNOVA-SOLUTION-3-AUON-SILVMT-JQ5907.webp\",\"datePublished\":\"2025-12-10T10:23:55+00:00\",\"dateModified\":\"2026-05-08T13:43:15+00:00\",\"description\":\"Supernova Solution 3 : chaussures de course avec semelle interm\u00e9diaire Dreamstrike+, tige Primeweave respirante et technologie Guide Your Ride\",\"breadcrumb\":{\"@id\":\"https:\/\/www.miomiorun.com\/fr\/produit\/supernova-solution-3-homme\/#breadcrumb\"},\"inLanguage\":\"fr-FR\",\"potentialAction\":[{\"@type\":\"ReadAction\",\"target\":[\"https:\/\/www.miomiorun.com\/fr\/produit\/supernova-solution-3-homme\/\"]}]},{\"@type\":\"ImageObject\",\"inLanguage\":\"fr-FR\",\"@id\":\"https:\/\/www.miomiorun.com\/fr\/produit\/supernova-solution-3-homme\/#primaryimage\",\"url\":\"https:\/\/www.miomiorun.com\/app\/uploads\/2025\/12\/adidas-SUPERNOVA-SOLUTION-3-AUON-SILVMT-JQ5907.webp\",\"contentUrl\":\"https:\/\/www.miomiorun.com\/app\/uploads\/2025\/12\/adidas-SUPERNOVA-SOLUTION-3-AUON-SILVMT-JQ5907.webp\",\"width\":720,\"height\":720,\"caption\":\"adidas SUPERNOVA SOLUTION 3 AUON SILVMT JQ5907\"},{\"@type\":\"BreadcrumbList\",\"@id\":\"https:\/\/www.miomiorun.com\/fr\/produit\/supernova-solution-3-homme\/#breadcrumb\",\"itemListElement\":[{\"@type\":\"ListItem\",\"position\":1,\"name\":\"Home\",\"item\":\"https:\/\/www.miomiorun.com\/fr\/home-page\/\"},{\"@type\":\"ListItem\",\"position\":2,\"name\":\"Shop\",\"item\":\"https:\/\/www.miomiorun.com\/shop\/\"},{\"@type\":\"ListItem\",\"position\":3,\"name\":\"Supernova Solution 3 homme\"}]},{\"@type\":\"WebSite\",\"@id\":\"https:\/\/www.miomiorun.com\/fr\/#website\",\"url\":\"https:\/\/www.miomiorun.com\/fr\/\",\"name\":\"MioMioRun\",\"description\":\"Boutique 100% running et trail\",\"publisher\":{\"@id\":\"https:\/\/www.miomiorun.com\/fr\/#organization\"},\"potentialAction\":[{\"@type\":\"SearchAction\",\"target\":{\"@type\":\"EntryPoint\",\"urlTemplate\":\"https:\/\/www.miomiorun.com\/fr\/?s={search_term_string}\"},\"query-input\":{\"@type\":\"PropertyValueSpecification\",\"valueRequired\":true,\"valueName\":\"search_term_string\"}}],\"inLanguage\":\"fr-FR\"},{\"@type\":\"Organization\",\"@id\":\"https:\/\/www.miomiorun.com\/fr\/#organization\",\"name\":\"MioMio Run\",\"url\":\"https:\/\/www.miomiorun.com\/fr\/\",\"logo\":{\"@type\":\"ImageObject\",\"inLanguage\":\"fr-FR\",\"@id\":\"https:\/\/www.miomiorun.com\/fr\/#\/schema\/logo\/image\/\",\"url\":\"https:\/\/www.miomiorun.com\/app\/uploads\/2019\/12\/logomio.png\",\"contentUrl\":\"https:\/\/www.miomiorun.com\/app\/uploads\/2019\/12\/logomio.png\",\"width\":115,\"height\":82,\"caption\":\"MioMio Run\"},\"image\":{\"@id\":\"https:\/\/www.miomiorun.com\/fr\/#\/schema\/logo\/image\/\"},\"sameAs\":[\"https:\/\/www.facebook.com\/miomiorun\/\",\"https:\/\/www.instagram.com\/miomiorun\/\"]}]}<\/script>\n<!-- \/ Yoast SEO plugin. -->","yoast_head_json":{"title":"Adidas Supernova Solution 3 homme -chaussures de course - MioMioRun.com","description":"Supernova Solution 3 : chaussures de course avec semelle interm\u00e9diaire Dreamstrike+, tige Primeweave respirante et technologie Guide Your Ride","robots":{"index":"index","follow":"follow","max-snippet":"max-snippet:-1","max-image-preview":"max-image-preview:large","max-video-preview":"max-video-preview:-1"},"canonical":"https:\/\/www.miomiorun.com\/fr\/produit\/supernova-solution-3-homme\/","og_locale":"fr_FR","og_type":"article","og_title":"Adidas Supernova Solution 3 homme -chaussures de course - MioMioRun.com","og_description":"Supernova Solution 3 : chaussures de course avec semelle interm\u00e9diaire Dreamstrike+, tige Primeweave respirante et technologie Guide Your Ride","og_url":"https:\/\/www.miomiorun.com\/fr\/produit\/supernova-solution-3-homme\/","og_site_name":"MioMioRun","article_publisher":"https:\/\/www.facebook.com\/miomiorun\/","article_modified_time":"2026-05-08T13:43:15+00:00","og_image":[{"width":720,"height":720,"url":"https:\/\/www.miomiorun.com\/app\/uploads\/2025\/12\/adidas-SUPERNOVA-SOLUTION-3-AUON-SILVMT-JQ5907.webp","type":"image\/webp"}],"twitter_card":"summary_large_image","twitter_misc":{"Est. reading time":"2 minutes"},"schema":{"@context":"https:\/\/schema.org","@graph":[{"@type":"WebPage","@id":"https:\/\/www.miomiorun.com\/fr\/produit\/supernova-solution-3-homme\/","url":"https:\/\/www.miomiorun.com\/fr\/produit\/supernova-solution-3-homme\/","name":"Adidas Supernova Solution 3 homme -chaussures de course - MioMioRun.com","isPartOf":{"@id":"https:\/\/www.miomiorun.com\/fr\/#website"},"primaryImageOfPage":{"@id":"https:\/\/www.miomiorun.com\/fr\/produit\/supernova-solution-3-homme\/#primaryimage"},"image":{"@id":"https:\/\/www.miomiorun.com\/fr\/produit\/supernova-solution-3-homme\/#primaryimage"},"thumbnailUrl":"https:\/\/www.miomiorun.com\/app\/uploads\/2025\/12\/adidas-SUPERNOVA-SOLUTION-3-AUON-SILVMT-JQ5907.webp","datePublished":"2025-12-10T10:23:55+00:00","dateModified":"2026-05-08T13:43:15+00:00","description":"Supernova Solution 3 : chaussures de course avec semelle interm\u00e9diaire Dreamstrike+, tige Primeweave respirante et technologie Guide Your Ride","breadcrumb":{"@id":"https:\/\/www.miomiorun.com\/fr\/produit\/supernova-solution-3-homme\/#breadcrumb"},"inLanguage":"fr-FR","potentialAction":[{"@type":"ReadAction","target":["https:\/\/www.miomiorun.com\/fr\/produit\/supernova-solution-3-homme\/"]}]},{"@type":"ImageObject","inLanguage":"fr-FR","@id":"https:\/\/www.miomiorun.com\/fr\/produit\/supernova-solution-3-homme\/#primaryimage","url":"https:\/\/www.miomiorun.com\/app\/uploads\/2025\/12\/adidas-SUPERNOVA-SOLUTION-3-AUON-SILVMT-JQ5907.webp","contentUrl":"https:\/\/www.miomiorun.com\/app\/uploads\/2025\/12\/adidas-SUPERNOVA-SOLUTION-3-AUON-SILVMT-JQ5907.webp","width":720,"height":720,"caption":"adidas SUPERNOVA SOLUTION 3 AUON SILVMT JQ5907"},{"@type":"BreadcrumbList","@id":"https:\/\/www.miomiorun.com\/fr\/produit\/supernova-solution-3-homme\/#breadcrumb","itemListElement":[{"@type":"ListItem","position":1,"name":"Home","item":"https:\/\/www.miomiorun.com\/fr\/home-page\/"},{"@type":"ListItem","position":2,"name":"Shop","item":"https:\/\/www.miomiorun.com\/shop\/"},{"@type":"ListItem","position":3,"name":"Supernova Solution 3 homme"}]},{"@type":"WebSite","@id":"https:\/\/www.miomiorun.com\/fr\/#website","url":"https:\/\/www.miomiorun.com\/fr\/","name":"MioMioRun","description":"Boutique 100% running et trail","publisher":{"@id":"https:\/\/www.miomiorun.com\/fr\/#organization"},"potentialAction":[{"@type":"SearchAction","target":{"@type":"EntryPoint","urlTemplate":"https:\/\/www.miomiorun.com\/fr\/?s={search_term_string}"},"query-input":{"@type":"PropertyValueSpecification","valueRequired":true,"valueName":"search_term_string"}}],"inLanguage":"fr-FR"},{"@type":"Organization","@id":"https:\/\/www.miomiorun.com\/fr\/#organization","name":"MioMio Run","url":"https:\/\/www.miomiorun.com\/fr\/","logo":{"@type":"ImageObject","inLanguage":"fr-FR","@id":"https:\/\/www.miomiorun.com\/fr\/#\/schema\/logo\/image\/","url":"https:\/\/www.miomiorun.com\/app\/uploads\/2019\/12\/logomio.png","contentUrl":"https:\/\/www.miomiorun.com\/app\/uploads\/2019\/12\/logomio.png","width":115,"height":82,"caption":"MioMio Run"},"image":{"@id":"https:\/\/www.miomiorun.com\/fr\/#\/schema\/logo\/image\/"},"sameAs":["https:\/\/www.facebook.com\/miomiorun\/","https:\/\/www.instagram.com\/miomiorun\/"]}]}},"_links":{"self":[{"href":"https:\/\/www.miomiorun.com\/fr\/wp-json\/wp\/v2\/product\/379338","targetHints":{"allow":["GET"]}}],"collection":[{"href":"https:\/\/www.miomiorun.com\/fr\/wp-json\/wp\/v2\/product"}],"about":[{"href":"https:\/\/www.miomiorun.com\/fr\/wp-json\/wp\/v2\/types\/product"}],"wp:featuredmedia":[{"embeddable":true,"href":"https:\/\/www.miomiorun.com\/fr\/wp-json\/wp\/v2\/media\/380418"}],"wp:attachment":[{"href":"https:\/\/www.miomiorun.com\/fr\/wp-json\/wp\/v2\/media?parent=379338"}],"wp:term":[{"taxonomy":"product_brand","embeddable":true,"href":"https:\/\/www.miomiorun.com\/fr\/wp-json\/wp\/v2\/product_brand?post=379338"},{"taxonomy":"product_cat","embeddable":true,"href":"https:\/\/www.miomiorun.com\/fr\/wp-json\/wp\/v2\/product_cat?post=379338"},{"taxonomy":"product_tag","embeddable":true,"href":"https:\/\/www.miomiorun.com\/fr\/wp-json\/wp\/v2\/product_tag?post=379338"}],"curies":[{"name":"wp","href":"https:\/\/api.w.org\/{rel}","templated":true}]}}