{"id":379024,"date":"2025-12-10T11:02:56","date_gmt":"2025-12-10T10:02:56","guid":{"rendered":"https:\/\/www.miomiorun.com\/?post_type=product&#038;p=379024"},"modified":"2026-04-16T18:55:10","modified_gmt":"2026-04-16T16:55:10","slug":"supernova-rise-3-femme","status":"publish","type":"product","link":"https:\/\/www.miomiorun.com\/fr\/produit\/supernova-rise-3-femme\/","title":{"rendered":"Supernova Rise 3 femme"},"content":{"rendered":"<div class=\"vc-row container\"><div class=\"vc-column\"><div class=\"vc-column-text\"><\/p>\n<h4>Sp\u00e9cifications techniques<\/h4>\n<p>Cat\u00e9gorie : Amorti structur\u00e9<br \/>\nD\u00e9calage : 7 mm (talon 35 mm\/avant-pied 28 mm)<br \/>\nPoids : 230 g<br \/>\nId\u00e9al pour : chaussure id\u00e9ale pour les athl\u00e8tes de poids moyen et \u00e0 foul\u00e9e moyenne qui recherchent un excellent amorti pour les entra\u00eenements ou les comp\u00e9titions sur moyenne et longue distance, elle s&#8217;av\u00e8re \u00e9galement \u00eatre une excellente compagne pour la marche<br \/>\nPoids de l&#8217;athl\u00e8te : 55-70 kg<br \/>\nAllure de course : 5 min\/kg<br \/>\n<a href=\"https:\/\/miomiorun.com\/guida-alle-specifiche-tecniche\/\">Guide des sp\u00e9cifications techniques<\/a><br \/>\n<\/div><\/div><div class=\"vc-column\"><div class=\"vc-column-text\"><\/p>\n<p data-start=\"147\" data-end=\"454\">Les <strong data-start=\"150\" data-end=\"170\">Supernova Rise 3<\/strong> sont con\u00e7ues pour vous offrir une course fluide, confortable et r\u00e9active, des sorties rapides aux longues distances. R\u00e9alis\u00e9es avec un \u00e9quilibre parfait entre innovation et confort, ces chaussures allient un ajustement pr\u00e9cis \u00e0 un amorti avanc\u00e9 pour vous accompagner \u00e0 chaque foul\u00e9e.<\/p>\n<p data-start=\"456\" data-end=\"844\">La nouvelle semelle interm\u00e9diaire <strong data-start=\"476\" data-end=\"492\">Dreamstrike+<\/strong>, d\u00e9sormais <strong data-start=\"498\" data-end=\"521\">20 % plus souple<\/strong> que la version pr\u00e9c\u00e9dente, assure un amorti doux et stable, transformant chaque foul\u00e9e en une sensation de l\u00e9g\u00e8ret\u00e9 et de maintien. La tige <strong data-start=\"685\" data-end=\"699\">Primeweave<\/strong>, avec perforations laser, s&#8217;adapte naturellement \u00e0 la forme du pied, garantissant un ajustement stable, respirant et sans points de pression.<\/p>\n<p data-start=\"846\" data-end=\"1152\">La structure avec <strong data-start=\"863\" data-end=\"881\">barres profil\u00e9es<\/strong>, inspir\u00e9e de l&#8217;anatomie du pied, am\u00e9liore la transition entre la phase d&#8217;appui et la phase de pouss\u00e9e, rendant la course plus efficace et plus naturelle. La semelle <strong data-start=\"1037\" data-end=\"1053\">LIGHTTRAXION<\/strong> offre une adh\u00e9rence fiable sur diff\u00e9rentes surfaces, tout en conservant l\u00e9g\u00e8ret\u00e9 et agilit\u00e9 dans toutes les situations.<\/p>\n<p data-start=\"1154\" data-end=\"1318\">Les Supernova Rise 3 sont un mod\u00e8le con\u00e7u pour ceux qui veulent partir fort et aller loin, avec un soutien, un confort et des performances constants kilom\u00e8tre apr\u00e8s kilom\u00e8tre.<\/p>\n<p><\/div><\/div><\/div>\n","protected":false},"excerpt":{"rendered":"<ul>\n<li>Semelle interm\u00e9diaire Dreamstrike+ 20 % plus souple pour un amorti et une stabilit\u00e9 accrus<\/li>\n<li>Tige Primeweave avec perforations laser pour un ajustement respirant et adaptatif<\/li>\n<li>Semelle LIGHTTRAXION et barres profil\u00e9es pour des transitions fluides et une adh\u00e9rence optimale<\/li>\n<\/ul>\n","protected":false},"featured_media":380383,"template":"","meta":{"_acf_changed":false,"inline_featured_image":false},"product_brand":[],"product_cat":[22605,22606],"product_tag":[23557,23563],"class_list":{"0":"post-379024","1":"product","2":"type-product","3":"status-publish","4":"has-post-thumbnail","6":"product_cat-chaussures-pour-femmes","7":"product_cat-neutre","8":"product_tag-adidas-fr","9":"product_tag-adidas-femme","10":"pa_attivita-fitness-fr","11":"pa_attivita-lifestyle-fr","12":"pa_attivita-marcher","13":"pa_attivita-running-fr","14":"pa_colore-supernova-rise-3-w-cleora-silver-fr","15":"pa_colore-supernova-rise-3-w-flaaqu-ftww","16":"pa_colore-supernova-rise-3-w-ftwwht-silv","17":"pa_colore-supernova-rise-3-w-onix-cwhite","18":"pa_marca-adidas-fr","19":"pa_sesso-femme","20":"pa_size-38-fr","22":"pa_size-39-fr","23":"pa_size-40-fr","25":"pa_size-41-fr","26":"pa_size-42-fr","28":"first","29":"instock","30":"sale","31":"taxable","32":"shipping-taxable","33":"purchasable","34":"product-type-variable","35":"wvs-archive-product-wrapper"},"acf":[],"yoast_head":"<!-- This site is optimized with the Yoast SEO plugin v26.8 - https:\/\/yoast.com\/product\/yoast-seo-wordpress\/ -->\n<title>Adidas Supernova Rise 3 femme - chaussures de course femmes - MioMioRun<\/title>\n<meta name=\"description\" content=\"Supernova Rise 3 : chaussures de course \u00e0 pied avec semelle interm\u00e9diaire Dreamstrike+ plus souple, tige Primeweave respirante et semelle LIGHTTRAXION pour plus d&#039;adh\u00e9rence et d&#039;agilit\u00e9. Confort et performances \u00e0 chaque course.\" \/>\n<meta name=\"robots\" content=\"index, follow, max-snippet:-1, max-image-preview:large, max-video-preview:-1\" \/>\n<link rel=\"canonical\" href=\"https:\/\/www.miomiorun.com\/fr\/produit\/supernova-rise-3-femme\/\" \/>\n<meta property=\"og:locale\" content=\"fr_FR\" \/>\n<meta property=\"og:type\" content=\"article\" \/>\n<meta property=\"og:title\" content=\"Adidas Supernova Rise 3 femme - chaussures de course femmes - MioMioRun\" \/>\n<meta property=\"og:description\" content=\"Supernova Rise 3 : chaussures de course \u00e0 pied avec semelle interm\u00e9diaire Dreamstrike+ plus souple, tige Primeweave respirante et semelle LIGHTTRAXION pour plus d&#039;adh\u00e9rence et d&#039;agilit\u00e9. Confort et performances \u00e0 chaque course.\" \/>\n<meta property=\"og:url\" content=\"https:\/\/www.miomiorun.com\/fr\/produit\/supernova-rise-3-femme\/\" \/>\n<meta property=\"og:site_name\" content=\"MioMioRun\" \/>\n<meta property=\"article:publisher\" content=\"https:\/\/www.facebook.com\/miomiorun\/\" \/>\n<meta property=\"article:modified_time\" content=\"2026-04-16T16:55:10+00:00\" \/>\n<meta property=\"og:image\" content=\"https:\/\/www.miomiorun.com\/app\/uploads\/2025\/12\/adidas-Supernova-Rise-3-W-cleora-silver-JR7372.webp\" \/>\n\t<meta property=\"og:image:width\" content=\"720\" \/>\n\t<meta property=\"og:image:height\" content=\"720\" \/>\n\t<meta property=\"og:image:type\" content=\"image\/webp\" \/>\n<meta name=\"twitter:card\" content=\"summary_large_image\" \/>\n<meta name=\"twitter:label1\" content=\"Est. reading time\" \/>\n\t<meta name=\"twitter:data1\" content=\"2 minutes\" \/>\n<script type=\"application\/ld+json\" class=\"yoast-schema-graph\">{\"@context\":\"https:\/\/schema.org\",\"@graph\":[{\"@type\":\"WebPage\",\"@id\":\"https:\/\/www.miomiorun.com\/fr\/produit\/supernova-rise-3-femme\/\",\"url\":\"https:\/\/www.miomiorun.com\/fr\/produit\/supernova-rise-3-femme\/\",\"name\":\"Adidas Supernova Rise 3 femme - chaussures de course femmes - MioMioRun\",\"isPartOf\":{\"@id\":\"https:\/\/www.miomiorun.com\/fr\/#website\"},\"primaryImageOfPage\":{\"@id\":\"https:\/\/www.miomiorun.com\/fr\/produit\/supernova-rise-3-femme\/#primaryimage\"},\"image\":{\"@id\":\"https:\/\/www.miomiorun.com\/fr\/produit\/supernova-rise-3-femme\/#primaryimage\"},\"thumbnailUrl\":\"https:\/\/www.miomiorun.com\/app\/uploads\/2025\/12\/adidas-Supernova-Rise-3-W-cleora-silver-JR7372.webp\",\"datePublished\":\"2025-12-10T10:02:56+00:00\",\"dateModified\":\"2026-04-16T16:55:10+00:00\",\"description\":\"Supernova Rise 3 : chaussures de course \u00e0 pied avec semelle interm\u00e9diaire Dreamstrike+ plus souple, tige Primeweave respirante et semelle LIGHTTRAXION pour plus d'adh\u00e9rence et d'agilit\u00e9. Confort et performances \u00e0 chaque course.\",\"breadcrumb\":{\"@id\":\"https:\/\/www.miomiorun.com\/fr\/produit\/supernova-rise-3-femme\/#breadcrumb\"},\"inLanguage\":\"fr-FR\",\"potentialAction\":[{\"@type\":\"ReadAction\",\"target\":[\"https:\/\/www.miomiorun.com\/fr\/produit\/supernova-rise-3-femme\/\"]}]},{\"@type\":\"ImageObject\",\"inLanguage\":\"fr-FR\",\"@id\":\"https:\/\/www.miomiorun.com\/fr\/produit\/supernova-rise-3-femme\/#primaryimage\",\"url\":\"https:\/\/www.miomiorun.com\/app\/uploads\/2025\/12\/adidas-Supernova-Rise-3-W-cleora-silver-JR7372.webp\",\"contentUrl\":\"https:\/\/www.miomiorun.com\/app\/uploads\/2025\/12\/adidas-Supernova-Rise-3-W-cleora-silver-JR7372.webp\",\"width\":720,\"height\":720,\"caption\":\"adidas Supernova Rise 3 W cleora silver JR7372\"},{\"@type\":\"BreadcrumbList\",\"@id\":\"https:\/\/www.miomiorun.com\/fr\/produit\/supernova-rise-3-femme\/#breadcrumb\",\"itemListElement\":[{\"@type\":\"ListItem\",\"position\":1,\"name\":\"Home\",\"item\":\"https:\/\/www.miomiorun.com\/fr\/home-page\/\"},{\"@type\":\"ListItem\",\"position\":2,\"name\":\"Shop\",\"item\":\"https:\/\/www.miomiorun.com\/shop\/\"},{\"@type\":\"ListItem\",\"position\":3,\"name\":\"Supernova Rise 3 femme\"}]},{\"@type\":\"WebSite\",\"@id\":\"https:\/\/www.miomiorun.com\/fr\/#website\",\"url\":\"https:\/\/www.miomiorun.com\/fr\/\",\"name\":\"MioMioRun\",\"description\":\"Boutique 100% running et trail\",\"publisher\":{\"@id\":\"https:\/\/www.miomiorun.com\/fr\/#organization\"},\"potentialAction\":[{\"@type\":\"SearchAction\",\"target\":{\"@type\":\"EntryPoint\",\"urlTemplate\":\"https:\/\/www.miomiorun.com\/fr\/?s={search_term_string}\"},\"query-input\":{\"@type\":\"PropertyValueSpecification\",\"valueRequired\":true,\"valueName\":\"search_term_string\"}}],\"inLanguage\":\"fr-FR\"},{\"@type\":\"Organization\",\"@id\":\"https:\/\/www.miomiorun.com\/fr\/#organization\",\"name\":\"MioMio Run\",\"url\":\"https:\/\/www.miomiorun.com\/fr\/\",\"logo\":{\"@type\":\"ImageObject\",\"inLanguage\":\"fr-FR\",\"@id\":\"https:\/\/www.miomiorun.com\/fr\/#\/schema\/logo\/image\/\",\"url\":\"https:\/\/www.miomiorun.com\/app\/uploads\/2019\/12\/logomio.png\",\"contentUrl\":\"https:\/\/www.miomiorun.com\/app\/uploads\/2019\/12\/logomio.png\",\"width\":115,\"height\":82,\"caption\":\"MioMio Run\"},\"image\":{\"@id\":\"https:\/\/www.miomiorun.com\/fr\/#\/schema\/logo\/image\/\"},\"sameAs\":[\"https:\/\/www.facebook.com\/miomiorun\/\",\"https:\/\/www.instagram.com\/miomiorun\/\"]}]}<\/script>\n<!-- \/ Yoast SEO plugin. -->","yoast_head_json":{"title":"Adidas Supernova Rise 3 femme - chaussures de course femmes - MioMioRun","description":"Supernova Rise 3 : chaussures de course \u00e0 pied avec semelle interm\u00e9diaire Dreamstrike+ plus souple, tige Primeweave respirante et semelle LIGHTTRAXION pour plus d'adh\u00e9rence et d'agilit\u00e9. Confort et performances \u00e0 chaque course.","robots":{"index":"index","follow":"follow","max-snippet":"max-snippet:-1","max-image-preview":"max-image-preview:large","max-video-preview":"max-video-preview:-1"},"canonical":"https:\/\/www.miomiorun.com\/fr\/produit\/supernova-rise-3-femme\/","og_locale":"fr_FR","og_type":"article","og_title":"Adidas Supernova Rise 3 femme - chaussures de course femmes - MioMioRun","og_description":"Supernova Rise 3 : chaussures de course \u00e0 pied avec semelle interm\u00e9diaire Dreamstrike+ plus souple, tige Primeweave respirante et semelle LIGHTTRAXION pour plus d'adh\u00e9rence et d'agilit\u00e9. Confort et performances \u00e0 chaque course.","og_url":"https:\/\/www.miomiorun.com\/fr\/produit\/supernova-rise-3-femme\/","og_site_name":"MioMioRun","article_publisher":"https:\/\/www.facebook.com\/miomiorun\/","article_modified_time":"2026-04-16T16:55:10+00:00","og_image":[{"width":720,"height":720,"url":"https:\/\/www.miomiorun.com\/app\/uploads\/2025\/12\/adidas-Supernova-Rise-3-W-cleora-silver-JR7372.webp","type":"image\/webp"}],"twitter_card":"summary_large_image","twitter_misc":{"Est. reading time":"2 minutes"},"schema":{"@context":"https:\/\/schema.org","@graph":[{"@type":"WebPage","@id":"https:\/\/www.miomiorun.com\/fr\/produit\/supernova-rise-3-femme\/","url":"https:\/\/www.miomiorun.com\/fr\/produit\/supernova-rise-3-femme\/","name":"Adidas Supernova Rise 3 femme - chaussures de course femmes - MioMioRun","isPartOf":{"@id":"https:\/\/www.miomiorun.com\/fr\/#website"},"primaryImageOfPage":{"@id":"https:\/\/www.miomiorun.com\/fr\/produit\/supernova-rise-3-femme\/#primaryimage"},"image":{"@id":"https:\/\/www.miomiorun.com\/fr\/produit\/supernova-rise-3-femme\/#primaryimage"},"thumbnailUrl":"https:\/\/www.miomiorun.com\/app\/uploads\/2025\/12\/adidas-Supernova-Rise-3-W-cleora-silver-JR7372.webp","datePublished":"2025-12-10T10:02:56+00:00","dateModified":"2026-04-16T16:55:10+00:00","description":"Supernova Rise 3 : chaussures de course \u00e0 pied avec semelle interm\u00e9diaire Dreamstrike+ plus souple, tige Primeweave respirante et semelle LIGHTTRAXION pour plus d'adh\u00e9rence et d'agilit\u00e9. Confort et performances \u00e0 chaque course.","breadcrumb":{"@id":"https:\/\/www.miomiorun.com\/fr\/produit\/supernova-rise-3-femme\/#breadcrumb"},"inLanguage":"fr-FR","potentialAction":[{"@type":"ReadAction","target":["https:\/\/www.miomiorun.com\/fr\/produit\/supernova-rise-3-femme\/"]}]},{"@type":"ImageObject","inLanguage":"fr-FR","@id":"https:\/\/www.miomiorun.com\/fr\/produit\/supernova-rise-3-femme\/#primaryimage","url":"https:\/\/www.miomiorun.com\/app\/uploads\/2025\/12\/adidas-Supernova-Rise-3-W-cleora-silver-JR7372.webp","contentUrl":"https:\/\/www.miomiorun.com\/app\/uploads\/2025\/12\/adidas-Supernova-Rise-3-W-cleora-silver-JR7372.webp","width":720,"height":720,"caption":"adidas Supernova Rise 3 W cleora silver JR7372"},{"@type":"BreadcrumbList","@id":"https:\/\/www.miomiorun.com\/fr\/produit\/supernova-rise-3-femme\/#breadcrumb","itemListElement":[{"@type":"ListItem","position":1,"name":"Home","item":"https:\/\/www.miomiorun.com\/fr\/home-page\/"},{"@type":"ListItem","position":2,"name":"Shop","item":"https:\/\/www.miomiorun.com\/shop\/"},{"@type":"ListItem","position":3,"name":"Supernova Rise 3 femme"}]},{"@type":"WebSite","@id":"https:\/\/www.miomiorun.com\/fr\/#website","url":"https:\/\/www.miomiorun.com\/fr\/","name":"MioMioRun","description":"Boutique 100% running et trail","publisher":{"@id":"https:\/\/www.miomiorun.com\/fr\/#organization"},"potentialAction":[{"@type":"SearchAction","target":{"@type":"EntryPoint","urlTemplate":"https:\/\/www.miomiorun.com\/fr\/?s={search_term_string}"},"query-input":{"@type":"PropertyValueSpecification","valueRequired":true,"valueName":"search_term_string"}}],"inLanguage":"fr-FR"},{"@type":"Organization","@id":"https:\/\/www.miomiorun.com\/fr\/#organization","name":"MioMio Run","url":"https:\/\/www.miomiorun.com\/fr\/","logo":{"@type":"ImageObject","inLanguage":"fr-FR","@id":"https:\/\/www.miomiorun.com\/fr\/#\/schema\/logo\/image\/","url":"https:\/\/www.miomiorun.com\/app\/uploads\/2019\/12\/logomio.png","contentUrl":"https:\/\/www.miomiorun.com\/app\/uploads\/2019\/12\/logomio.png","width":115,"height":82,"caption":"MioMio Run"},"image":{"@id":"https:\/\/www.miomiorun.com\/fr\/#\/schema\/logo\/image\/"},"sameAs":["https:\/\/www.facebook.com\/miomiorun\/","https:\/\/www.instagram.com\/miomiorun\/"]}]}},"_links":{"self":[{"href":"https:\/\/www.miomiorun.com\/fr\/wp-json\/wp\/v2\/product\/379024","targetHints":{"allow":["GET"]}}],"collection":[{"href":"https:\/\/www.miomiorun.com\/fr\/wp-json\/wp\/v2\/product"}],"about":[{"href":"https:\/\/www.miomiorun.com\/fr\/wp-json\/wp\/v2\/types\/product"}],"wp:featuredmedia":[{"embeddable":true,"href":"https:\/\/www.miomiorun.com\/fr\/wp-json\/wp\/v2\/media\/380383"}],"wp:attachment":[{"href":"https:\/\/www.miomiorun.com\/fr\/wp-json\/wp\/v2\/media?parent=379024"}],"wp:term":[{"taxonomy":"product_brand","embeddable":true,"href":"https:\/\/www.miomiorun.com\/fr\/wp-json\/wp\/v2\/product_brand?post=379024"},{"taxonomy":"product_cat","embeddable":true,"href":"https:\/\/www.miomiorun.com\/fr\/wp-json\/wp\/v2\/product_cat?post=379024"},{"taxonomy":"product_tag","embeddable":true,"href":"https:\/\/www.miomiorun.com\/fr\/wp-json\/wp\/v2\/product_tag?post=379024"}],"curies":[{"name":"wp","href":"https:\/\/api.w.org\/{rel}","templated":true}]}}