{"id":379016,"date":"2025-12-10T11:02:53","date_gmt":"2025-12-10T10:02:53","guid":{"rendered":"https:\/\/www.miomiorun.com\/?post_type=product&#038;p=379016"},"modified":"2026-04-16T18:55:21","modified_gmt":"2026-04-16T16:55:21","slug":"supernova-rise-3-homme","status":"publish","type":"product","link":"https:\/\/www.miomiorun.com\/fr\/produit\/supernova-rise-3-homme\/","title":{"rendered":"Supernova Rise 3 homme"},"content":{"rendered":"<table style=\"border-collapse: collapse;width: 100%\">\n<tbody>\n<tr>\n<td style=\"width: 33.3333%;vertical-align: top;text-align: center\">\n<h4>Caract\u00e9ristiques techniques<\/h4>\n<p>Cat\u00e9gorie : amorti structur\u00e9<br \/>\nD\u00e9calage : 8 mm (talon 37 mm \/ avant-pied 29 mm)<br \/>\nPoids : 272 g<br \/>\nId\u00e9al pour : chaussure id\u00e9ale pour les athl\u00e8tes de poids moyen et \u00e0 foul\u00e9e moyenne qui recherchent un excellent amorti pour les entra\u00eenements ou les courses de moyenne et longue distance, elle s&#8217;av\u00e8re \u00e9galement \u00eatre une excellente compagne pour la marche.<br \/>\nPoids de l&#8217;athl\u00e8te : 60-75 kg<br \/>\nFoul\u00e9e : 5 min\/kg<br \/>\n<a href=\"https:\/\/miomiorun.com\/guida-alle-specifiche-tecniche\/\">Guide des sp\u00e9cifications techniques<\/a><\/td>\n<td style=\"width: 66.6666%;vertical-align: top;text-align: center\">\n<p data-start=\"159\" data-end=\"504\">Les <strong data-start=\"162\" data-end=\"189\">adidas Supernova Rise 3<\/strong> sont des chaussures de course con\u00e7ues pour am\u00e9liorer votre course quotidienne, en offrant <strong data-start=\"273\" data-end=\"317\">plus de souplesse, de maintien et de fluidit\u00e9<\/strong>. Con\u00e7ues pour \u00eatre <strong data-start=\"338\" data-end=\"392\">20 % plus souples que le mod\u00e8le pr\u00e9c\u00e9dent<\/strong>, elles garantissent un confort imm\u00e9diat et constant, id\u00e9al aussi bien pour les sorties courtes que pour les courses de longue dur\u00e9e.<\/p>\n<p data-start=\"506\" data-end=\"886\">Le c\u0153ur de la chaussure est la semelle interm\u00e9diaire <strong data-start=\"543\" data-end=\"559\">Dreamstrike+<\/strong>, qui combine un amorti souple et stable pour accompagner chaque phase de la foul\u00e9e avec \u00e9quilibre et s\u00e9curit\u00e9. La nouvelle tige <strong data-start=\"695\" data-end=\"709\">Primeweave<\/strong>, fabriqu\u00e9e dans un mat\u00e9riau technique cousu, s&#8217;adapte \u00e0 la forme du pied et bouge avec vous, assurant un <strong data-start=\"817\" data-end=\"836\">ajustement haut de gamme<\/strong>, stable et confortable, sans points de pression.<\/p>\n<p data-start=\"888\" data-end=\"1374\">La <strong data-start=\"891\" data-end=\"913\">semelle LIGHTTRAXION<\/strong>, inspir\u00e9e de l&#8217;anatomie du pied, r\u00e9duit le poids total de la chaussure sans compromettre l&#8217;adh\u00e9rence. La structure avec des barres profil\u00e9es favorise une <strong data-start=\"1063\" data-end=\"1115\">transition plus fluide de l&#8217;appui \u00e0 la pouss\u00e9e<\/strong>, rendant la course plus naturelle et plus efficace. Avec un <strong data-start=\"1167\" data-end=\"1191\">ajustement r\u00e9gulier<\/strong>, une <strong data-start=\"1193\" data-end=\"1215\">fermeture \u00e0 lacets<\/strong>, un <strong data-start=\"1217\" data-end=\"1244\">drop de 8 mm (37\/29 mm)<\/strong> et un <strong data-start=\"1250\" data-end=\"1267\">poids de 272 g<\/strong>, les Supernova Rise 3 sont un choix fiable pour ceux qui recherchent confort, praticit\u00e9 et performances au quotidien. <\/p>\n<\/p>\n<\/td>\n<\/tr>\n<\/tbody>\n<\/table>\n<p>&nbsp;<\/p>\n","protected":false},"excerpt":{"rendered":"<ul>\n<li data-start=\"1568\" data-end=\"1645\">Semelle interm\u00e9diaire Dreamstrike+ 20 % plus souple pour un amorti et une stabilit\u00e9 accrus<\/li>\n<li data-start=\"1648\" data-end=\"1725\">Tige Primeweave avec perforations laser pour un ajustement respirant et adaptatif<\/li>\n<li data-start=\"1728\" data-end=\"1804\">Semelle LIGHTTRAXION et barres profil\u00e9es pour des transitions fluides et une adh\u00e9rence optimale<\/li>\n<\/ul>\n","protected":false},"featured_media":391698,"template":"","meta":{"_acf_changed":false,"inline_featured_image":false},"product_brand":[],"product_cat":[24448,24447],"product_tag":[23557,23564],"class_list":{"0":"post-379016","1":"product","2":"type-product","3":"status-publish","4":"has-post-thumbnail","6":"product_cat-chaussures-pour-hommes-fr","7":"product_cat-neutre-fr-3","8":"product_tag-adidas-fr","9":"product_tag-adidas-homme","10":"pa_attivita-fitness-fr","11":"pa_attivita-lifestyle-fr","12":"pa_attivita-marcher","13":"pa_attivita-running-fr","14":"pa_colore-supernova-rise-3-cwhite-onix","15":"pa_colore-supernova-rise-3-ftwwht-silvmt-lucpnk","16":"pa_colore-supernova-rise-3-ftwwht-silvmt-seblbu","17":"pa_colore-supernova-rise-3-m-auon-silvmt","18":"pa_marca-adidas-fr","19":"pa_sesso-homme","20":"pa_size-41-fr","21":"pa_size-42-fr","23":"pa_size-43-fr","24":"pa_size-44-fr","26":"pa_size-45-fr","27":"pa_size-46-fr","30":"first","31":"instock","32":"sale","33":"taxable","34":"shipping-taxable","35":"purchasable","36":"product-type-variable","37":"wvs-archive-product-wrapper"},"acf":[],"yoast_head":"<!-- This site is optimized with the Yoast SEO plugin v26.8 - https:\/\/yoast.com\/product\/yoast-seo-wordpress\/ -->\n<title>Adidas Supernova Rise 3 homme - chaussures de course pour homme- MioMioRun<\/title>\n<meta name=\"description\" content=\"Supernova Rise 3 : chaussures de course \u00e0 pied avec semelle interm\u00e9diaire Dreamstrike+ plus souple, tige Primeweave respirante et semelle LIGHTTRAXION pour plus d&#039;adh\u00e9rence et d&#039;agilit\u00e9.\" \/>\n<meta name=\"robots\" content=\"index, follow, max-snippet:-1, max-image-preview:large, max-video-preview:-1\" \/>\n<link rel=\"canonical\" href=\"https:\/\/www.miomiorun.com\/fr\/produit\/supernova-rise-3-homme\/\" \/>\n<meta property=\"og:locale\" content=\"fr_FR\" \/>\n<meta property=\"og:type\" content=\"article\" \/>\n<meta property=\"og:title\" content=\"Adidas Supernova Rise 3 homme - chaussures de course pour homme- MioMioRun\" \/>\n<meta property=\"og:description\" content=\"Supernova Rise 3 : chaussures de course \u00e0 pied avec semelle interm\u00e9diaire Dreamstrike+ plus souple, tige Primeweave respirante et semelle LIGHTTRAXION pour plus d&#039;adh\u00e9rence et d&#039;agilit\u00e9.\" \/>\n<meta property=\"og:url\" content=\"https:\/\/www.miomiorun.com\/fr\/produit\/supernova-rise-3-homme\/\" \/>\n<meta property=\"og:site_name\" content=\"MioMioRun\" \/>\n<meta property=\"article:publisher\" content=\"https:\/\/www.facebook.com\/miomiorun\/\" \/>\n<meta property=\"article:modified_time\" content=\"2026-04-16T16:55:21+00:00\" \/>\n<meta property=\"og:image\" content=\"https:\/\/www.miomiorun.com\/app\/uploads\/2026\/01\/adidas-Supernova-Rise-3-M-auon-silvmt-JP8689.webp\" \/>\n\t<meta property=\"og:image:width\" content=\"720\" \/>\n\t<meta property=\"og:image:height\" content=\"720\" \/>\n\t<meta property=\"og:image:type\" content=\"image\/webp\" \/>\n<meta name=\"twitter:card\" content=\"summary_large_image\" \/>\n<meta name=\"twitter:label1\" content=\"Est. reading time\" \/>\n\t<meta name=\"twitter:data1\" content=\"1 minute\" \/>\n<script type=\"application\/ld+json\" class=\"yoast-schema-graph\">{\"@context\":\"https:\/\/schema.org\",\"@graph\":[{\"@type\":\"WebPage\",\"@id\":\"https:\/\/www.miomiorun.com\/fr\/produit\/supernova-rise-3-homme\/\",\"url\":\"https:\/\/www.miomiorun.com\/fr\/produit\/supernova-rise-3-homme\/\",\"name\":\"Adidas Supernova Rise 3 homme - chaussures de course pour homme- MioMioRun\",\"isPartOf\":{\"@id\":\"https:\/\/www.miomiorun.com\/fr\/#website\"},\"primaryImageOfPage\":{\"@id\":\"https:\/\/www.miomiorun.com\/fr\/produit\/supernova-rise-3-homme\/#primaryimage\"},\"image\":{\"@id\":\"https:\/\/www.miomiorun.com\/fr\/produit\/supernova-rise-3-homme\/#primaryimage\"},\"thumbnailUrl\":\"https:\/\/www.miomiorun.com\/app\/uploads\/2026\/01\/adidas-Supernova-Rise-3-M-auon-silvmt-JP8689.webp\",\"datePublished\":\"2025-12-10T10:02:53+00:00\",\"dateModified\":\"2026-04-16T16:55:21+00:00\",\"description\":\"Supernova Rise 3 : chaussures de course \u00e0 pied avec semelle interm\u00e9diaire Dreamstrike+ plus souple, tige Primeweave respirante et semelle LIGHTTRAXION pour plus d'adh\u00e9rence et d'agilit\u00e9.\",\"breadcrumb\":{\"@id\":\"https:\/\/www.miomiorun.com\/fr\/produit\/supernova-rise-3-homme\/#breadcrumb\"},\"inLanguage\":\"fr-FR\",\"potentialAction\":[{\"@type\":\"ReadAction\",\"target\":[\"https:\/\/www.miomiorun.com\/fr\/produit\/supernova-rise-3-homme\/\"]}]},{\"@type\":\"ImageObject\",\"inLanguage\":\"fr-FR\",\"@id\":\"https:\/\/www.miomiorun.com\/fr\/produit\/supernova-rise-3-homme\/#primaryimage\",\"url\":\"https:\/\/www.miomiorun.com\/app\/uploads\/2026\/01\/adidas-Supernova-Rise-3-M-auon-silvmt-JP8689.webp\",\"contentUrl\":\"https:\/\/www.miomiorun.com\/app\/uploads\/2026\/01\/adidas-Supernova-Rise-3-M-auon-silvmt-JP8689.webp\",\"width\":720,\"height\":720,\"caption\":\"adidas Supernova Rise 3 M auon silvmt JP8689\"},{\"@type\":\"BreadcrumbList\",\"@id\":\"https:\/\/www.miomiorun.com\/fr\/produit\/supernova-rise-3-homme\/#breadcrumb\",\"itemListElement\":[{\"@type\":\"ListItem\",\"position\":1,\"name\":\"Home\",\"item\":\"https:\/\/www.miomiorun.com\/fr\/home-page\/\"},{\"@type\":\"ListItem\",\"position\":2,\"name\":\"Shop\",\"item\":\"https:\/\/www.miomiorun.com\/shop\/\"},{\"@type\":\"ListItem\",\"position\":3,\"name\":\"Supernova Rise 3 homme\"}]},{\"@type\":\"WebSite\",\"@id\":\"https:\/\/www.miomiorun.com\/fr\/#website\",\"url\":\"https:\/\/www.miomiorun.com\/fr\/\",\"name\":\"MioMioRun\",\"description\":\"Boutique 100% running et trail\",\"publisher\":{\"@id\":\"https:\/\/www.miomiorun.com\/fr\/#organization\"},\"potentialAction\":[{\"@type\":\"SearchAction\",\"target\":{\"@type\":\"EntryPoint\",\"urlTemplate\":\"https:\/\/www.miomiorun.com\/fr\/?s={search_term_string}\"},\"query-input\":{\"@type\":\"PropertyValueSpecification\",\"valueRequired\":true,\"valueName\":\"search_term_string\"}}],\"inLanguage\":\"fr-FR\"},{\"@type\":\"Organization\",\"@id\":\"https:\/\/www.miomiorun.com\/fr\/#organization\",\"name\":\"MioMio Run\",\"url\":\"https:\/\/www.miomiorun.com\/fr\/\",\"logo\":{\"@type\":\"ImageObject\",\"inLanguage\":\"fr-FR\",\"@id\":\"https:\/\/www.miomiorun.com\/fr\/#\/schema\/logo\/image\/\",\"url\":\"https:\/\/www.miomiorun.com\/app\/uploads\/2019\/12\/logomio.png\",\"contentUrl\":\"https:\/\/www.miomiorun.com\/app\/uploads\/2019\/12\/logomio.png\",\"width\":115,\"height\":82,\"caption\":\"MioMio Run\"},\"image\":{\"@id\":\"https:\/\/www.miomiorun.com\/fr\/#\/schema\/logo\/image\/\"},\"sameAs\":[\"https:\/\/www.facebook.com\/miomiorun\/\",\"https:\/\/www.instagram.com\/miomiorun\/\"]}]}<\/script>\n<!-- \/ Yoast SEO plugin. -->","yoast_head_json":{"title":"Adidas Supernova Rise 3 homme - chaussures de course pour homme- MioMioRun","description":"Supernova Rise 3 : chaussures de course \u00e0 pied avec semelle interm\u00e9diaire Dreamstrike+ plus souple, tige Primeweave respirante et semelle LIGHTTRAXION pour plus d'adh\u00e9rence et d'agilit\u00e9.","robots":{"index":"index","follow":"follow","max-snippet":"max-snippet:-1","max-image-preview":"max-image-preview:large","max-video-preview":"max-video-preview:-1"},"canonical":"https:\/\/www.miomiorun.com\/fr\/produit\/supernova-rise-3-homme\/","og_locale":"fr_FR","og_type":"article","og_title":"Adidas Supernova Rise 3 homme - chaussures de course pour homme- MioMioRun","og_description":"Supernova Rise 3 : chaussures de course \u00e0 pied avec semelle interm\u00e9diaire Dreamstrike+ plus souple, tige Primeweave respirante et semelle LIGHTTRAXION pour plus d'adh\u00e9rence et d'agilit\u00e9.","og_url":"https:\/\/www.miomiorun.com\/fr\/produit\/supernova-rise-3-homme\/","og_site_name":"MioMioRun","article_publisher":"https:\/\/www.facebook.com\/miomiorun\/","article_modified_time":"2026-04-16T16:55:21+00:00","og_image":[{"width":720,"height":720,"url":"https:\/\/www.miomiorun.com\/app\/uploads\/2026\/01\/adidas-Supernova-Rise-3-M-auon-silvmt-JP8689.webp","type":"image\/webp"}],"twitter_card":"summary_large_image","twitter_misc":{"Est. reading time":"1 minute"},"schema":{"@context":"https:\/\/schema.org","@graph":[{"@type":"WebPage","@id":"https:\/\/www.miomiorun.com\/fr\/produit\/supernova-rise-3-homme\/","url":"https:\/\/www.miomiorun.com\/fr\/produit\/supernova-rise-3-homme\/","name":"Adidas Supernova Rise 3 homme - chaussures de course pour homme- MioMioRun","isPartOf":{"@id":"https:\/\/www.miomiorun.com\/fr\/#website"},"primaryImageOfPage":{"@id":"https:\/\/www.miomiorun.com\/fr\/produit\/supernova-rise-3-homme\/#primaryimage"},"image":{"@id":"https:\/\/www.miomiorun.com\/fr\/produit\/supernova-rise-3-homme\/#primaryimage"},"thumbnailUrl":"https:\/\/www.miomiorun.com\/app\/uploads\/2026\/01\/adidas-Supernova-Rise-3-M-auon-silvmt-JP8689.webp","datePublished":"2025-12-10T10:02:53+00:00","dateModified":"2026-04-16T16:55:21+00:00","description":"Supernova Rise 3 : chaussures de course \u00e0 pied avec semelle interm\u00e9diaire Dreamstrike+ plus souple, tige Primeweave respirante et semelle LIGHTTRAXION pour plus d'adh\u00e9rence et d'agilit\u00e9.","breadcrumb":{"@id":"https:\/\/www.miomiorun.com\/fr\/produit\/supernova-rise-3-homme\/#breadcrumb"},"inLanguage":"fr-FR","potentialAction":[{"@type":"ReadAction","target":["https:\/\/www.miomiorun.com\/fr\/produit\/supernova-rise-3-homme\/"]}]},{"@type":"ImageObject","inLanguage":"fr-FR","@id":"https:\/\/www.miomiorun.com\/fr\/produit\/supernova-rise-3-homme\/#primaryimage","url":"https:\/\/www.miomiorun.com\/app\/uploads\/2026\/01\/adidas-Supernova-Rise-3-M-auon-silvmt-JP8689.webp","contentUrl":"https:\/\/www.miomiorun.com\/app\/uploads\/2026\/01\/adidas-Supernova-Rise-3-M-auon-silvmt-JP8689.webp","width":720,"height":720,"caption":"adidas Supernova Rise 3 M auon silvmt JP8689"},{"@type":"BreadcrumbList","@id":"https:\/\/www.miomiorun.com\/fr\/produit\/supernova-rise-3-homme\/#breadcrumb","itemListElement":[{"@type":"ListItem","position":1,"name":"Home","item":"https:\/\/www.miomiorun.com\/fr\/home-page\/"},{"@type":"ListItem","position":2,"name":"Shop","item":"https:\/\/www.miomiorun.com\/shop\/"},{"@type":"ListItem","position":3,"name":"Supernova Rise 3 homme"}]},{"@type":"WebSite","@id":"https:\/\/www.miomiorun.com\/fr\/#website","url":"https:\/\/www.miomiorun.com\/fr\/","name":"MioMioRun","description":"Boutique 100% running et trail","publisher":{"@id":"https:\/\/www.miomiorun.com\/fr\/#organization"},"potentialAction":[{"@type":"SearchAction","target":{"@type":"EntryPoint","urlTemplate":"https:\/\/www.miomiorun.com\/fr\/?s={search_term_string}"},"query-input":{"@type":"PropertyValueSpecification","valueRequired":true,"valueName":"search_term_string"}}],"inLanguage":"fr-FR"},{"@type":"Organization","@id":"https:\/\/www.miomiorun.com\/fr\/#organization","name":"MioMio Run","url":"https:\/\/www.miomiorun.com\/fr\/","logo":{"@type":"ImageObject","inLanguage":"fr-FR","@id":"https:\/\/www.miomiorun.com\/fr\/#\/schema\/logo\/image\/","url":"https:\/\/www.miomiorun.com\/app\/uploads\/2019\/12\/logomio.png","contentUrl":"https:\/\/www.miomiorun.com\/app\/uploads\/2019\/12\/logomio.png","width":115,"height":82,"caption":"MioMio Run"},"image":{"@id":"https:\/\/www.miomiorun.com\/fr\/#\/schema\/logo\/image\/"},"sameAs":["https:\/\/www.facebook.com\/miomiorun\/","https:\/\/www.instagram.com\/miomiorun\/"]}]}},"_links":{"self":[{"href":"https:\/\/www.miomiorun.com\/fr\/wp-json\/wp\/v2\/product\/379016","targetHints":{"allow":["GET"]}}],"collection":[{"href":"https:\/\/www.miomiorun.com\/fr\/wp-json\/wp\/v2\/product"}],"about":[{"href":"https:\/\/www.miomiorun.com\/fr\/wp-json\/wp\/v2\/types\/product"}],"wp:featuredmedia":[{"embeddable":true,"href":"https:\/\/www.miomiorun.com\/fr\/wp-json\/wp\/v2\/media\/391698"}],"wp:attachment":[{"href":"https:\/\/www.miomiorun.com\/fr\/wp-json\/wp\/v2\/media?parent=379016"}],"wp:term":[{"taxonomy":"product_brand","embeddable":true,"href":"https:\/\/www.miomiorun.com\/fr\/wp-json\/wp\/v2\/product_brand?post=379016"},{"taxonomy":"product_cat","embeddable":true,"href":"https:\/\/www.miomiorun.com\/fr\/wp-json\/wp\/v2\/product_cat?post=379016"},{"taxonomy":"product_tag","embeddable":true,"href":"https:\/\/www.miomiorun.com\/fr\/wp-json\/wp\/v2\/product_tag?post=379016"}],"curies":[{"name":"wp","href":"https:\/\/api.w.org\/{rel}","templated":true}]}}