{"id":378251,"date":"2025-12-06T10:54:40","date_gmt":"2025-12-06T09:54:40","guid":{"rendered":"https:\/\/www.miomiorun.com\/?post_type=product&#038;p=378251"},"modified":"2026-04-16T18:55:32","modified_gmt":"2026-04-16T16:55:32","slug":"trabuco-max-5-homme","status":"publish","type":"product","link":"https:\/\/www.miomiorun.com\/fr\/produit\/trabuco-max-5-homme\/","title":{"rendered":"Trabuco Max 5 homme"},"content":{"rendered":"<div class=\"vc-row container\"><div class=\"vc-column\"><div class=\"vc-column-text\"><\/p>\n<p><strong>Caract\u00e9ristiques techniques<\/strong><\/p>\n<p>Cat\u00e9gorie : amorti sup\u00e9rieur<br \/>\nD\u00e9calage : 5 mm<br \/>\nPoids : 302 g<br \/>\nId\u00e9al pour : les coureurs amateurs de course tout-terrain \u00e0 la recherche d&#8217;un mod\u00e8le bien amorti pouvant \u00eatre utilis\u00e9 pour les longues et moyennes distances, aussi bien en montagne que sur des chemins de terre et occasionnellement sur l&#8217;asphalte.<br \/>\nPoids de l&#8217;athl\u00e8te : 70-90 kg<br \/>\nAllure de course : moyenne (5,00 min\/km)<br \/>\n<a href=\"https:\/\/miomiorun.com\/guida-alle-specifiche-tecniche\/\">Guide des sp\u00e9cifications techniques<\/a><\/p>\n<p><\/div><\/div><div class=\"vc-column\"><div class=\"vc-column-text\"><\/p>\n<p data-start=\"150\" data-end=\"624\">La <strong data-start=\"153\" data-end=\"176\">ASICS TRABUCO MAX 5<\/strong> est con\u00e7ue pour offrir une agilit\u00e9, une s\u00e9curit\u00e9 et un confort maximum sur les sentiers, gr\u00e2ce \u00e0 une combinaison de technologies avanc\u00e9es qui am\u00e9liorent la traction, l&#8217;amorti et la fluidit\u00e9. La semelle ext\u00e9rieure <strong data-start=\"373\" data-end=\"386\">ASICSGRIP<\/strong> garantit une adh\u00e9rence sup\u00e9rieure sur les terrains accident\u00e9s et irr\u00e9guliers, tandis que la mousse <strong data-start=\"473\" data-end=\"490\">FF BLAST PLUS<\/strong> dans la semelle interm\u00e9diaire assure une souplesse in\u00e9gal\u00e9e et un retour d&#8217;\u00e9nergie r\u00e9actif, rendant chaque pas plus l\u00e9ger et plus rapide.<\/p>\n<p data-start=\"626\" data-end=\"1164\">Par rapport \u00e0 la version pr\u00e9c\u00e9dente, la chaussure a \u00e9t\u00e9 all\u00e9g\u00e9e d&#8217;environ <strong data-start=\"700\" data-end=\"713\">13 grammes<\/strong>, offrant une plus grande sensation d&#8217;agilit\u00e9. La tige renforc\u00e9e en <strong data-start=\"784\" data-end=\"807\">mesh hydrofuge<\/strong> r\u00e9duit l&#8217;absorption d&#8217;eau et vous garde plus \u00e0 l&#8217;aise dans des conditions humides, tandis que la conception globale favorise la protection sans sacrifier la l\u00e9g\u00e8ret\u00e9. La technologie <strong data-start=\"982\" data-end=\"995\">GUIDESOLE<\/strong>, caract\u00e9ris\u00e9e par une semelle incurv\u00e9e, aide \u00e0 r\u00e9duire la flexion de la cheville et \u00e0 absorber une partie de l&#8217;impact, permettant une course plus efficace et moins fatigante.<\/p>\n<p data-start=\"1166\" data-end=\"1457\">Le mod\u00e8le est compl\u00e9t\u00e9 par une <strong data-start=\"1191\" data-end=\"1209\">semelle int\u00e9rieure en EVA<\/strong>, qui am\u00e9liore l&#8217;amorti et la gestion de l&#8217;humidit\u00e9, et un drop de <strong data-start=\"1278\" data-end=\"1286\">5 mm<\/strong>, parfait pour favoriser une posture plus naturelle sur les sentiers. Un excellent choix pour les coureurs qui recherchent stabilit\u00e9, r\u00e9activit\u00e9 et confort sur les longues distances hors route.<br \/>\n<\/div><\/div><\/div><\/p>\n","protected":false},"excerpt":{"rendered":"<ul>\n<li data-start=\"1703\" data-end=\"1787\">Amorti FF BLAST PLUS et GUIDESOLE pour une course plus fluide et moins fatigante<\/li>\n<li data-start=\"1790\" data-end=\"1849\">Semelle ASICSGRIP pour une traction avanc\u00e9e sur les terrains accident\u00e9s<\/li>\n<li data-start=\"1852\" data-end=\"1937\">Tige en mesh hydrofuge all\u00e9g\u00e9e et semelle int\u00e9rieure en EVA pour plus de confort et de fra\u00eecheur<\/li>\n<\/ul>\n","protected":false},"featured_media":378490,"template":"","meta":{"_acf_changed":false,"inline_featured_image":false},"product_brand":[],"product_cat":[24448,24445],"product_tag":[23560,23667],"class_list":{"0":"post-378251","1":"product","2":"type-product","3":"status-publish","4":"has-post-thumbnail","6":"product_cat-chaussures-pour-hommes-fr","7":"product_cat-trail-fr-3","8":"product_tag-asics-fr","9":"product_tag-asics-homme","10":"pa_attivita-outdoor-fr","11":"pa_attivita-trail-fr","12":"pa_colore-trabuco-max-5-cobalt-burst-black-fr","13":"pa_colore-trabuco-max-5-light-dust-cacti-fr","14":"pa_marca-asics-fr","15":"pa_sesso-homme","16":"pa_size-41-5-fr","17":"pa_size-42-fr","18":"pa_size-42-5-fr","19":"pa_size-43-5-fr","20":"pa_size-44-fr","21":"pa_size-44-5-fr","22":"pa_size-45-fr","23":"pa_size-46-fr","24":"pa_size-46-5-fr","26":"first","27":"instock","28":"sale","29":"taxable","30":"shipping-taxable","31":"purchasable","32":"product-type-variable","33":"wvs-archive-product-wrapper"},"acf":[],"yoast_head":"<!-- This site is optimized with the Yoast SEO plugin v26.8 - https:\/\/yoast.com\/product\/yoast-seo-wordpress\/ -->\n<title>Asics Trabuco Max 5 homme -chaussures de trail pour homme - MioMioRun.com<\/title>\n<meta name=\"description\" content=\"ASICS TRABUCO MAX 5 : chaussure de trail avec FF BLAST PLUS, technologie GUIDESOLE, semelle ASICSGRIP et tige hydrofuge. L\u00e9g\u00e8re, stable et r\u00e9active.\" \/>\n<meta name=\"robots\" content=\"index, follow, max-snippet:-1, max-image-preview:large, max-video-preview:-1\" \/>\n<link rel=\"canonical\" href=\"https:\/\/www.miomiorun.com\/fr\/produit\/trabuco-max-5-homme\/\" \/>\n<meta property=\"og:locale\" content=\"fr_FR\" \/>\n<meta property=\"og:type\" content=\"article\" \/>\n<meta property=\"og:title\" content=\"Asics Trabuco Max 5 homme -chaussures de trail pour homme - MioMioRun.com\" \/>\n<meta property=\"og:description\" content=\"ASICS TRABUCO MAX 5 : chaussure de trail avec FF BLAST PLUS, technologie GUIDESOLE, semelle ASICSGRIP et tige hydrofuge. L\u00e9g\u00e8re, stable et r\u00e9active.\" \/>\n<meta property=\"og:url\" content=\"https:\/\/www.miomiorun.com\/fr\/produit\/trabuco-max-5-homme\/\" \/>\n<meta property=\"og:site_name\" content=\"MioMioRun\" \/>\n<meta property=\"article:publisher\" content=\"https:\/\/www.facebook.com\/miomiorun\/\" \/>\n<meta property=\"article:modified_time\" content=\"2026-04-16T16:55:32+00:00\" \/>\n<meta property=\"og:image\" content=\"https:\/\/www.miomiorun.com\/app\/uploads\/2025\/12\/asics-Trabuco-Max-5-cobalt-burst-black-1011C164-400.webp\" \/>\n\t<meta property=\"og:image:width\" content=\"720\" \/>\n\t<meta property=\"og:image:height\" content=\"720\" \/>\n\t<meta property=\"og:image:type\" content=\"image\/webp\" \/>\n<meta name=\"twitter:card\" content=\"summary_large_image\" \/>\n<meta name=\"twitter:label1\" content=\"Est. reading time\" \/>\n\t<meta name=\"twitter:data1\" content=\"2 minutes\" \/>\n<script type=\"application\/ld+json\" class=\"yoast-schema-graph\">{\"@context\":\"https:\/\/schema.org\",\"@graph\":[{\"@type\":\"WebPage\",\"@id\":\"https:\/\/www.miomiorun.com\/fr\/produit\/trabuco-max-5-homme\/\",\"url\":\"https:\/\/www.miomiorun.com\/fr\/produit\/trabuco-max-5-homme\/\",\"name\":\"Asics Trabuco Max 5 homme -chaussures de trail pour homme - MioMioRun.com\",\"isPartOf\":{\"@id\":\"https:\/\/www.miomiorun.com\/fr\/#website\"},\"primaryImageOfPage\":{\"@id\":\"https:\/\/www.miomiorun.com\/fr\/produit\/trabuco-max-5-homme\/#primaryimage\"},\"image\":{\"@id\":\"https:\/\/www.miomiorun.com\/fr\/produit\/trabuco-max-5-homme\/#primaryimage\"},\"thumbnailUrl\":\"https:\/\/www.miomiorun.com\/app\/uploads\/2025\/12\/asics-Trabuco-Max-5-cobalt-burst-black-1011C164-400.webp\",\"datePublished\":\"2025-12-06T09:54:40+00:00\",\"dateModified\":\"2026-04-16T16:55:32+00:00\",\"description\":\"ASICS TRABUCO MAX 5 : chaussure de trail avec FF BLAST PLUS, technologie GUIDESOLE, semelle ASICSGRIP et tige hydrofuge. L\u00e9g\u00e8re, stable et r\u00e9active.\",\"breadcrumb\":{\"@id\":\"https:\/\/www.miomiorun.com\/fr\/produit\/trabuco-max-5-homme\/#breadcrumb\"},\"inLanguage\":\"fr-FR\",\"potentialAction\":[{\"@type\":\"ReadAction\",\"target\":[\"https:\/\/www.miomiorun.com\/fr\/produit\/trabuco-max-5-homme\/\"]}]},{\"@type\":\"ImageObject\",\"inLanguage\":\"fr-FR\",\"@id\":\"https:\/\/www.miomiorun.com\/fr\/produit\/trabuco-max-5-homme\/#primaryimage\",\"url\":\"https:\/\/www.miomiorun.com\/app\/uploads\/2025\/12\/asics-Trabuco-Max-5-cobalt-burst-black-1011C164-400.webp\",\"contentUrl\":\"https:\/\/www.miomiorun.com\/app\/uploads\/2025\/12\/asics-Trabuco-Max-5-cobalt-burst-black-1011C164-400.webp\",\"width\":720,\"height\":720,\"caption\":\"asics Trabuco Max 5 cobalt burst black 1011C164 400\"},{\"@type\":\"BreadcrumbList\",\"@id\":\"https:\/\/www.miomiorun.com\/fr\/produit\/trabuco-max-5-homme\/#breadcrumb\",\"itemListElement\":[{\"@type\":\"ListItem\",\"position\":1,\"name\":\"Home\",\"item\":\"https:\/\/www.miomiorun.com\/fr\/home-page\/\"},{\"@type\":\"ListItem\",\"position\":2,\"name\":\"Shop\",\"item\":\"https:\/\/www.miomiorun.com\/shop\/\"},{\"@type\":\"ListItem\",\"position\":3,\"name\":\"Trabuco Max 5 homme\"}]},{\"@type\":\"WebSite\",\"@id\":\"https:\/\/www.miomiorun.com\/fr\/#website\",\"url\":\"https:\/\/www.miomiorun.com\/fr\/\",\"name\":\"MioMioRun\",\"description\":\"Boutique 100% running et trail\",\"publisher\":{\"@id\":\"https:\/\/www.miomiorun.com\/fr\/#organization\"},\"potentialAction\":[{\"@type\":\"SearchAction\",\"target\":{\"@type\":\"EntryPoint\",\"urlTemplate\":\"https:\/\/www.miomiorun.com\/fr\/?s={search_term_string}\"},\"query-input\":{\"@type\":\"PropertyValueSpecification\",\"valueRequired\":true,\"valueName\":\"search_term_string\"}}],\"inLanguage\":\"fr-FR\"},{\"@type\":\"Organization\",\"@id\":\"https:\/\/www.miomiorun.com\/fr\/#organization\",\"name\":\"MioMio Run\",\"url\":\"https:\/\/www.miomiorun.com\/fr\/\",\"logo\":{\"@type\":\"ImageObject\",\"inLanguage\":\"fr-FR\",\"@id\":\"https:\/\/www.miomiorun.com\/fr\/#\/schema\/logo\/image\/\",\"url\":\"https:\/\/www.miomiorun.com\/app\/uploads\/2019\/12\/logomio.png\",\"contentUrl\":\"https:\/\/www.miomiorun.com\/app\/uploads\/2019\/12\/logomio.png\",\"width\":115,\"height\":82,\"caption\":\"MioMio Run\"},\"image\":{\"@id\":\"https:\/\/www.miomiorun.com\/fr\/#\/schema\/logo\/image\/\"},\"sameAs\":[\"https:\/\/www.facebook.com\/miomiorun\/\",\"https:\/\/www.instagram.com\/miomiorun\/\"]}]}<\/script>\n<!-- \/ Yoast SEO plugin. -->","yoast_head_json":{"title":"Asics Trabuco Max 5 homme -chaussures de trail pour homme - MioMioRun.com","description":"ASICS TRABUCO MAX 5 : chaussure de trail avec FF BLAST PLUS, technologie GUIDESOLE, semelle ASICSGRIP et tige hydrofuge. L\u00e9g\u00e8re, stable et r\u00e9active.","robots":{"index":"index","follow":"follow","max-snippet":"max-snippet:-1","max-image-preview":"max-image-preview:large","max-video-preview":"max-video-preview:-1"},"canonical":"https:\/\/www.miomiorun.com\/fr\/produit\/trabuco-max-5-homme\/","og_locale":"fr_FR","og_type":"article","og_title":"Asics Trabuco Max 5 homme -chaussures de trail pour homme - MioMioRun.com","og_description":"ASICS TRABUCO MAX 5 : chaussure de trail avec FF BLAST PLUS, technologie GUIDESOLE, semelle ASICSGRIP et tige hydrofuge. L\u00e9g\u00e8re, stable et r\u00e9active.","og_url":"https:\/\/www.miomiorun.com\/fr\/produit\/trabuco-max-5-homme\/","og_site_name":"MioMioRun","article_publisher":"https:\/\/www.facebook.com\/miomiorun\/","article_modified_time":"2026-04-16T16:55:32+00:00","og_image":[{"width":720,"height":720,"url":"https:\/\/www.miomiorun.com\/app\/uploads\/2025\/12\/asics-Trabuco-Max-5-cobalt-burst-black-1011C164-400.webp","type":"image\/webp"}],"twitter_card":"summary_large_image","twitter_misc":{"Est. reading time":"2 minutes"},"schema":{"@context":"https:\/\/schema.org","@graph":[{"@type":"WebPage","@id":"https:\/\/www.miomiorun.com\/fr\/produit\/trabuco-max-5-homme\/","url":"https:\/\/www.miomiorun.com\/fr\/produit\/trabuco-max-5-homme\/","name":"Asics Trabuco Max 5 homme -chaussures de trail pour homme - MioMioRun.com","isPartOf":{"@id":"https:\/\/www.miomiorun.com\/fr\/#website"},"primaryImageOfPage":{"@id":"https:\/\/www.miomiorun.com\/fr\/produit\/trabuco-max-5-homme\/#primaryimage"},"image":{"@id":"https:\/\/www.miomiorun.com\/fr\/produit\/trabuco-max-5-homme\/#primaryimage"},"thumbnailUrl":"https:\/\/www.miomiorun.com\/app\/uploads\/2025\/12\/asics-Trabuco-Max-5-cobalt-burst-black-1011C164-400.webp","datePublished":"2025-12-06T09:54:40+00:00","dateModified":"2026-04-16T16:55:32+00:00","description":"ASICS TRABUCO MAX 5 : chaussure de trail avec FF BLAST PLUS, technologie GUIDESOLE, semelle ASICSGRIP et tige hydrofuge. L\u00e9g\u00e8re, stable et r\u00e9active.","breadcrumb":{"@id":"https:\/\/www.miomiorun.com\/fr\/produit\/trabuco-max-5-homme\/#breadcrumb"},"inLanguage":"fr-FR","potentialAction":[{"@type":"ReadAction","target":["https:\/\/www.miomiorun.com\/fr\/produit\/trabuco-max-5-homme\/"]}]},{"@type":"ImageObject","inLanguage":"fr-FR","@id":"https:\/\/www.miomiorun.com\/fr\/produit\/trabuco-max-5-homme\/#primaryimage","url":"https:\/\/www.miomiorun.com\/app\/uploads\/2025\/12\/asics-Trabuco-Max-5-cobalt-burst-black-1011C164-400.webp","contentUrl":"https:\/\/www.miomiorun.com\/app\/uploads\/2025\/12\/asics-Trabuco-Max-5-cobalt-burst-black-1011C164-400.webp","width":720,"height":720,"caption":"asics Trabuco Max 5 cobalt burst black 1011C164 400"},{"@type":"BreadcrumbList","@id":"https:\/\/www.miomiorun.com\/fr\/produit\/trabuco-max-5-homme\/#breadcrumb","itemListElement":[{"@type":"ListItem","position":1,"name":"Home","item":"https:\/\/www.miomiorun.com\/fr\/home-page\/"},{"@type":"ListItem","position":2,"name":"Shop","item":"https:\/\/www.miomiorun.com\/shop\/"},{"@type":"ListItem","position":3,"name":"Trabuco Max 5 homme"}]},{"@type":"WebSite","@id":"https:\/\/www.miomiorun.com\/fr\/#website","url":"https:\/\/www.miomiorun.com\/fr\/","name":"MioMioRun","description":"Boutique 100% running et trail","publisher":{"@id":"https:\/\/www.miomiorun.com\/fr\/#organization"},"potentialAction":[{"@type":"SearchAction","target":{"@type":"EntryPoint","urlTemplate":"https:\/\/www.miomiorun.com\/fr\/?s={search_term_string}"},"query-input":{"@type":"PropertyValueSpecification","valueRequired":true,"valueName":"search_term_string"}}],"inLanguage":"fr-FR"},{"@type":"Organization","@id":"https:\/\/www.miomiorun.com\/fr\/#organization","name":"MioMio Run","url":"https:\/\/www.miomiorun.com\/fr\/","logo":{"@type":"ImageObject","inLanguage":"fr-FR","@id":"https:\/\/www.miomiorun.com\/fr\/#\/schema\/logo\/image\/","url":"https:\/\/www.miomiorun.com\/app\/uploads\/2019\/12\/logomio.png","contentUrl":"https:\/\/www.miomiorun.com\/app\/uploads\/2019\/12\/logomio.png","width":115,"height":82,"caption":"MioMio Run"},"image":{"@id":"https:\/\/www.miomiorun.com\/fr\/#\/schema\/logo\/image\/"},"sameAs":["https:\/\/www.facebook.com\/miomiorun\/","https:\/\/www.instagram.com\/miomiorun\/"]}]}},"_links":{"self":[{"href":"https:\/\/www.miomiorun.com\/fr\/wp-json\/wp\/v2\/product\/378251","targetHints":{"allow":["GET"]}}],"collection":[{"href":"https:\/\/www.miomiorun.com\/fr\/wp-json\/wp\/v2\/product"}],"about":[{"href":"https:\/\/www.miomiorun.com\/fr\/wp-json\/wp\/v2\/types\/product"}],"wp:featuredmedia":[{"embeddable":true,"href":"https:\/\/www.miomiorun.com\/fr\/wp-json\/wp\/v2\/media\/378490"}],"wp:attachment":[{"href":"https:\/\/www.miomiorun.com\/fr\/wp-json\/wp\/v2\/media?parent=378251"}],"wp:term":[{"taxonomy":"product_brand","embeddable":true,"href":"https:\/\/www.miomiorun.com\/fr\/wp-json\/wp\/v2\/product_brand?post=378251"},{"taxonomy":"product_cat","embeddable":true,"href":"https:\/\/www.miomiorun.com\/fr\/wp-json\/wp\/v2\/product_cat?post=378251"},{"taxonomy":"product_tag","embeddable":true,"href":"https:\/\/www.miomiorun.com\/fr\/wp-json\/wp\/v2\/product_tag?post=378251"}],"curies":[{"name":"wp","href":"https:\/\/api.w.org\/{rel}","templated":true}]}}