{"id":376747,"date":"2025-12-02T17:13:00","date_gmt":"2025-12-02T16:13:00","guid":{"rendered":"https:\/\/www.miomiorun.com\/?post_type=product&#038;p=376747"},"modified":"2026-04-16T18:56:04","modified_gmt":"2026-04-16T16:56:04","slug":"gel-nimbus-28-femme","status":"publish","type":"product","link":"https:\/\/www.miomiorun.com\/fr\/produit\/gel-nimbus-28-femme\/","title":{"rendered":"Gel Nimbus 28 femme"},"content":{"rendered":"<table style=\"border-collapse: collapse;width: 100%\">\n<tbody>\n<tr>\n<td style=\"width: 33.3333%;vertical-align: top;text-align: center\">\n<h4>Caract\u00e9ristiques techniques<\/h4>\n<p>Cat\u00e9gorie : Amorti sup\u00e9rieur<br \/>\nD\u00e9calage : 8 mm<br \/>\nPoids : 242 g<\/p>\n<p>Id\u00e9al pour : les athl\u00e8tes de poids moyen et \u00e0 foul\u00e9e moyenne qui recherchent un excellent amorti pour les entra\u00eenements ou les courses de moyenne et longue distance. Il s&#8217;av\u00e8re \u00e9galement \u00eatre un excellent compagnon pour la marche.<br \/>\nPoids de l&#8217;athl\u00e8te : 55-70 kg<br \/>\nFoul\u00e9e : 5 min\/kg<br \/>\n<a href=\"https:\/\/miomiorun.com\/guida-alle-specifiche-tecniche\/\">Guide des sp\u00e9cifications techniques<\/a><\/td>\n<td style=\"width: 66.6666%;vertical-align: top;text-align: center\">\n<p data-start=\"150\" data-end=\"499\">La <strong data-start=\"153\" data-end=\"176\">ASICS GEL-NIMBUS 28<\/strong> est l&#8217;une des chaussures les plus confortables de la gamme running ASICS, con\u00e7ue pour offrir une course souple et fluide sur les longues distances. Plus l\u00e9g\u00e8re d&#8217;environ <strong data-start=\"331\" data-end=\"378\">25 grammes par rapport \u00e0 la version pr\u00e9c\u00e9dente<\/strong>, elle conserve un excellent niveau d&#8217;amorti, id\u00e9al pour ceux qui recherchent une protection maximale et une foul\u00e9e plus d\u00e9tendue.<\/p>\n<p data-start=\"501\" data-end=\"887\">La semelle interm\u00e9diaire combine deux technologies de haut niveau : <strong data-start=\"554\" data-end=\"571\">FF BLAST PLUS<\/strong>, qui garantit une mousse r\u00e9active et ultra-l\u00e9g\u00e8re, et <strong data-start=\"627\" data-end=\"638\">PureGEL<\/strong>, une version am\u00e9lior\u00e9e et plus souple de l&#8217;embl\u00e9matique GEL ASICS, jusqu&#8217;\u00e0 <strong data-start=\"709\" data-end=\"728\">65 % plus souple<\/strong> que la technologie standard. Il en r\u00e9sulte une sensation d&#8217;extr\u00eame souplesse \u00e0 l&#8217;impact et un retour d&#8217;\u00e9nergie fluide, comme si vous couriez sur un nuage.<\/p>\n<p data-start=\"889\" data-end=\"1180\">La tige en <strong data-start=\"902\" data-end=\"923\">maille renforc\u00e9e<\/strong> enveloppe confortablement le pied, am\u00e9liorant la ventilation et l&#8217;adaptabilit\u00e9 sans n\u00e9cessiter de couches suppl\u00e9mentaires. La <strong data-start=\"1047\" data-end=\"1073\">semelle int\u00e9rieure OrthoLite X-55<\/strong> optimise l&#8217;amorti et la gestion de l&#8217;humidit\u00e9, gardant le pied au frais et au sec pendant la course.<\/p>\n<p data-start=\"1182\" data-end=\"1427\">La semelle <strong data-start=\"1191\" data-end=\"1211\">HYBRID ASICSGRIP<\/strong>, qui combine le caoutchouc ASICSGRIP et AHARPLUS, garantit une excellente adh\u00e9rence sur diff\u00e9rents terrains et une grande r\u00e9sistance \u00e0 l&#8217;usure. Les <strong data-start=\"1346\" data-end=\"1370\">d\u00e9tails r\u00e9fl\u00e9chissants<\/strong> am\u00e9liorent la visibilit\u00e9 dans des conditions de faible luminosit\u00e9.<\/p>\n<p data-start=\"1429\" data-end=\"1668\">Le mod\u00e8le int\u00e8gre \u00e9galement une composante durable : <strong data-start=\"1484\" data-end=\"1551\">au moins 75 % de la tige est fabriqu\u00e9e \u00e0 partir de mat\u00e9riaux recycl\u00e9s<\/strong>, tandis que la semelle int\u00e9rieure utilise un proc\u00e9d\u00e9 de teinture qui r\u00e9duit consid\u00e9rablement la consommation d&#8217;eau et les \u00e9missions de CO\u2082.<\/p>\n<\/p>\n<\/p>\n<\/td>\n<\/tr>\n<\/tbody>\n<\/table>\n<p>&nbsp;<\/p>\n","protected":false},"excerpt":{"rendered":"<ul>\n<li data-start=\"1916\" data-end=\"1994\">Amorti PureGEL plus souple + FF BLAST PLUS pour plus de confort et de r\u00e9activit\u00e9<\/li>\n<li data-start=\"1997\" data-end=\"2083\">Tige en tricot renforc\u00e9 et semelle int\u00e9rieure OrthoLite X-55 pour plus de respirabilit\u00e9 et de fra\u00eecheur<\/li>\n<li data-start=\"2086\" data-end=\"2169\">Semelle HYBRID ASICSGRIP et mat\u00e9riaux recycl\u00e9s pour plus d&#8217;adh\u00e9rence, de r\u00e9sistance et de durabilit\u00e9<\/li>\n<\/ul>\n","protected":false},"featured_media":378785,"template":"","meta":{"_acf_changed":false,"inline_featured_image":false},"product_brand":[],"product_cat":[22605,22606],"product_tag":[23560,23668],"class_list":{"0":"post-376747","1":"product","2":"type-product","3":"status-publish","4":"has-post-thumbnail","6":"product_cat-chaussures-pour-femmes","7":"product_cat-neutre","8":"product_tag-asics-fr","9":"product_tag-asics-femme","10":"pa_attivita-marcher","11":"pa_attivita-running-fr","12":"pa_colore-nimbus-28-w-cobalt-burst-sun-coral-fr","13":"pa_colore-nimbus-28-w-pearl-pink-morganite-fr","14":"pa_colore-nimbus-28-w-sky-digital-sakura","15":"pa_marca-asics-fr","16":"pa_sesso-femme","17":"pa_size-37-5-fr","18":"pa_size-38-fr","19":"pa_size-39-fr","20":"pa_size-39-5-fr","21":"pa_size-40-fr","22":"pa_size-40-5-fr","23":"pa_size-41-5-fr","24":"pa_size-42-fr","26":"first","27":"instock","28":"sale","29":"taxable","30":"shipping-taxable","31":"purchasable","32":"product-type-variable","33":"wvs-archive-product-wrapper"},"acf":[],"yoast_head":"<!-- This site is optimized with the Yoast SEO plugin v26.8 - https:\/\/yoast.com\/product\/yoast-seo-wordpress\/ -->\n<title>Asics Gel Nimbus 28 femme - chaussures de course pour femmes - MioMioRun<\/title>\n<meta name=\"description\" content=\"ASICS GEL-NIMBUS 28 : amorti PureGEL + FF BLAST PLUS, tige en maille renforc\u00e9e, semelle HYBRID ASICSGRIP et confort sup\u00e9rieur pour les longues distances.\" \/>\n<meta name=\"robots\" content=\"index, follow, max-snippet:-1, max-image-preview:large, max-video-preview:-1\" \/>\n<link rel=\"canonical\" href=\"https:\/\/www.miomiorun.com\/fr\/produit\/gel-nimbus-28-femme\/\" \/>\n<meta property=\"og:locale\" content=\"fr_FR\" \/>\n<meta property=\"og:type\" content=\"article\" \/>\n<meta property=\"og:title\" content=\"Asics Gel Nimbus 28 femme - chaussures de course pour femmes - MioMioRun\" \/>\n<meta property=\"og:description\" content=\"ASICS GEL-NIMBUS 28 : amorti PureGEL + FF BLAST PLUS, tige en maille renforc\u00e9e, semelle HYBRID ASICSGRIP et confort sup\u00e9rieur pour les longues distances.\" \/>\n<meta property=\"og:url\" content=\"https:\/\/www.miomiorun.com\/fr\/produit\/gel-nimbus-28-femme\/\" \/>\n<meta property=\"og:site_name\" content=\"MioMioRun\" \/>\n<meta property=\"article:publisher\" content=\"https:\/\/www.facebook.com\/miomiorun\/\" \/>\n<meta property=\"article:modified_time\" content=\"2026-04-16T16:56:04+00:00\" \/>\n<meta property=\"og:image\" content=\"https:\/\/www.miomiorun.com\/app\/uploads\/2025\/12\/asics-Nimbus-28-W-cobalt-burst-sun-coral-1012B899-401.webp\" \/>\n\t<meta property=\"og:image:width\" content=\"720\" \/>\n\t<meta property=\"og:image:height\" content=\"720\" \/>\n\t<meta property=\"og:image:type\" content=\"image\/webp\" \/>\n<meta name=\"twitter:card\" content=\"summary_large_image\" \/>\n<meta name=\"twitter:label1\" content=\"Est. reading time\" \/>\n\t<meta name=\"twitter:data1\" content=\"2 minutes\" \/>\n<script type=\"application\/ld+json\" class=\"yoast-schema-graph\">{\"@context\":\"https:\/\/schema.org\",\"@graph\":[{\"@type\":\"WebPage\",\"@id\":\"https:\/\/www.miomiorun.com\/fr\/produit\/gel-nimbus-28-femme\/\",\"url\":\"https:\/\/www.miomiorun.com\/fr\/produit\/gel-nimbus-28-femme\/\",\"name\":\"Asics Gel Nimbus 28 femme - chaussures de course pour femmes - MioMioRun\",\"isPartOf\":{\"@id\":\"https:\/\/www.miomiorun.com\/fr\/#website\"},\"primaryImageOfPage\":{\"@id\":\"https:\/\/www.miomiorun.com\/fr\/produit\/gel-nimbus-28-femme\/#primaryimage\"},\"image\":{\"@id\":\"https:\/\/www.miomiorun.com\/fr\/produit\/gel-nimbus-28-femme\/#primaryimage\"},\"thumbnailUrl\":\"https:\/\/www.miomiorun.com\/app\/uploads\/2025\/12\/asics-Nimbus-28-W-cobalt-burst-sun-coral-1012B899-401.webp\",\"datePublished\":\"2025-12-02T16:13:00+00:00\",\"dateModified\":\"2026-04-16T16:56:04+00:00\",\"description\":\"ASICS GEL-NIMBUS 28 : amorti PureGEL + FF BLAST PLUS, tige en maille renforc\u00e9e, semelle HYBRID ASICSGRIP et confort sup\u00e9rieur pour les longues distances.\",\"breadcrumb\":{\"@id\":\"https:\/\/www.miomiorun.com\/fr\/produit\/gel-nimbus-28-femme\/#breadcrumb\"},\"inLanguage\":\"fr-FR\",\"potentialAction\":[{\"@type\":\"ReadAction\",\"target\":[\"https:\/\/www.miomiorun.com\/fr\/produit\/gel-nimbus-28-femme\/\"]}]},{\"@type\":\"ImageObject\",\"inLanguage\":\"fr-FR\",\"@id\":\"https:\/\/www.miomiorun.com\/fr\/produit\/gel-nimbus-28-femme\/#primaryimage\",\"url\":\"https:\/\/www.miomiorun.com\/app\/uploads\/2025\/12\/asics-Nimbus-28-W-cobalt-burst-sun-coral-1012B899-401.webp\",\"contentUrl\":\"https:\/\/www.miomiorun.com\/app\/uploads\/2025\/12\/asics-Nimbus-28-W-cobalt-burst-sun-coral-1012B899-401.webp\",\"width\":720,\"height\":720,\"caption\":\"asics Nimbus 28 W cobalt burst sun coral 1012B899 401\"},{\"@type\":\"BreadcrumbList\",\"@id\":\"https:\/\/www.miomiorun.com\/fr\/produit\/gel-nimbus-28-femme\/#breadcrumb\",\"itemListElement\":[{\"@type\":\"ListItem\",\"position\":1,\"name\":\"Home\",\"item\":\"https:\/\/www.miomiorun.com\/fr\/home-page\/\"},{\"@type\":\"ListItem\",\"position\":2,\"name\":\"Shop\",\"item\":\"https:\/\/www.miomiorun.com\/shop\/\"},{\"@type\":\"ListItem\",\"position\":3,\"name\":\"Gel Nimbus 28 femme\"}]},{\"@type\":\"WebSite\",\"@id\":\"https:\/\/www.miomiorun.com\/fr\/#website\",\"url\":\"https:\/\/www.miomiorun.com\/fr\/\",\"name\":\"MioMioRun\",\"description\":\"Boutique 100% running et trail\",\"publisher\":{\"@id\":\"https:\/\/www.miomiorun.com\/fr\/#organization\"},\"potentialAction\":[{\"@type\":\"SearchAction\",\"target\":{\"@type\":\"EntryPoint\",\"urlTemplate\":\"https:\/\/www.miomiorun.com\/fr\/?s={search_term_string}\"},\"query-input\":{\"@type\":\"PropertyValueSpecification\",\"valueRequired\":true,\"valueName\":\"search_term_string\"}}],\"inLanguage\":\"fr-FR\"},{\"@type\":\"Organization\",\"@id\":\"https:\/\/www.miomiorun.com\/fr\/#organization\",\"name\":\"MioMio Run\",\"url\":\"https:\/\/www.miomiorun.com\/fr\/\",\"logo\":{\"@type\":\"ImageObject\",\"inLanguage\":\"fr-FR\",\"@id\":\"https:\/\/www.miomiorun.com\/fr\/#\/schema\/logo\/image\/\",\"url\":\"https:\/\/www.miomiorun.com\/app\/uploads\/2019\/12\/logomio.png\",\"contentUrl\":\"https:\/\/www.miomiorun.com\/app\/uploads\/2019\/12\/logomio.png\",\"width\":115,\"height\":82,\"caption\":\"MioMio Run\"},\"image\":{\"@id\":\"https:\/\/www.miomiorun.com\/fr\/#\/schema\/logo\/image\/\"},\"sameAs\":[\"https:\/\/www.facebook.com\/miomiorun\/\",\"https:\/\/www.instagram.com\/miomiorun\/\"]}]}<\/script>\n<!-- \/ Yoast SEO plugin. -->","yoast_head_json":{"title":"Asics Gel Nimbus 28 femme - chaussures de course pour femmes - MioMioRun","description":"ASICS GEL-NIMBUS 28 : amorti PureGEL + FF BLAST PLUS, tige en maille renforc\u00e9e, semelle HYBRID ASICSGRIP et confort sup\u00e9rieur pour les longues distances.","robots":{"index":"index","follow":"follow","max-snippet":"max-snippet:-1","max-image-preview":"max-image-preview:large","max-video-preview":"max-video-preview:-1"},"canonical":"https:\/\/www.miomiorun.com\/fr\/produit\/gel-nimbus-28-femme\/","og_locale":"fr_FR","og_type":"article","og_title":"Asics Gel Nimbus 28 femme - chaussures de course pour femmes - MioMioRun","og_description":"ASICS GEL-NIMBUS 28 : amorti PureGEL + FF BLAST PLUS, tige en maille renforc\u00e9e, semelle HYBRID ASICSGRIP et confort sup\u00e9rieur pour les longues distances.","og_url":"https:\/\/www.miomiorun.com\/fr\/produit\/gel-nimbus-28-femme\/","og_site_name":"MioMioRun","article_publisher":"https:\/\/www.facebook.com\/miomiorun\/","article_modified_time":"2026-04-16T16:56:04+00:00","og_image":[{"width":720,"height":720,"url":"https:\/\/www.miomiorun.com\/app\/uploads\/2025\/12\/asics-Nimbus-28-W-cobalt-burst-sun-coral-1012B899-401.webp","type":"image\/webp"}],"twitter_card":"summary_large_image","twitter_misc":{"Est. reading time":"2 minutes"},"schema":{"@context":"https:\/\/schema.org","@graph":[{"@type":"WebPage","@id":"https:\/\/www.miomiorun.com\/fr\/produit\/gel-nimbus-28-femme\/","url":"https:\/\/www.miomiorun.com\/fr\/produit\/gel-nimbus-28-femme\/","name":"Asics Gel Nimbus 28 femme - chaussures de course pour femmes - MioMioRun","isPartOf":{"@id":"https:\/\/www.miomiorun.com\/fr\/#website"},"primaryImageOfPage":{"@id":"https:\/\/www.miomiorun.com\/fr\/produit\/gel-nimbus-28-femme\/#primaryimage"},"image":{"@id":"https:\/\/www.miomiorun.com\/fr\/produit\/gel-nimbus-28-femme\/#primaryimage"},"thumbnailUrl":"https:\/\/www.miomiorun.com\/app\/uploads\/2025\/12\/asics-Nimbus-28-W-cobalt-burst-sun-coral-1012B899-401.webp","datePublished":"2025-12-02T16:13:00+00:00","dateModified":"2026-04-16T16:56:04+00:00","description":"ASICS GEL-NIMBUS 28 : amorti PureGEL + FF BLAST PLUS, tige en maille renforc\u00e9e, semelle HYBRID ASICSGRIP et confort sup\u00e9rieur pour les longues distances.","breadcrumb":{"@id":"https:\/\/www.miomiorun.com\/fr\/produit\/gel-nimbus-28-femme\/#breadcrumb"},"inLanguage":"fr-FR","potentialAction":[{"@type":"ReadAction","target":["https:\/\/www.miomiorun.com\/fr\/produit\/gel-nimbus-28-femme\/"]}]},{"@type":"ImageObject","inLanguage":"fr-FR","@id":"https:\/\/www.miomiorun.com\/fr\/produit\/gel-nimbus-28-femme\/#primaryimage","url":"https:\/\/www.miomiorun.com\/app\/uploads\/2025\/12\/asics-Nimbus-28-W-cobalt-burst-sun-coral-1012B899-401.webp","contentUrl":"https:\/\/www.miomiorun.com\/app\/uploads\/2025\/12\/asics-Nimbus-28-W-cobalt-burst-sun-coral-1012B899-401.webp","width":720,"height":720,"caption":"asics Nimbus 28 W cobalt burst sun coral 1012B899 401"},{"@type":"BreadcrumbList","@id":"https:\/\/www.miomiorun.com\/fr\/produit\/gel-nimbus-28-femme\/#breadcrumb","itemListElement":[{"@type":"ListItem","position":1,"name":"Home","item":"https:\/\/www.miomiorun.com\/fr\/home-page\/"},{"@type":"ListItem","position":2,"name":"Shop","item":"https:\/\/www.miomiorun.com\/shop\/"},{"@type":"ListItem","position":3,"name":"Gel Nimbus 28 femme"}]},{"@type":"WebSite","@id":"https:\/\/www.miomiorun.com\/fr\/#website","url":"https:\/\/www.miomiorun.com\/fr\/","name":"MioMioRun","description":"Boutique 100% running et trail","publisher":{"@id":"https:\/\/www.miomiorun.com\/fr\/#organization"},"potentialAction":[{"@type":"SearchAction","target":{"@type":"EntryPoint","urlTemplate":"https:\/\/www.miomiorun.com\/fr\/?s={search_term_string}"},"query-input":{"@type":"PropertyValueSpecification","valueRequired":true,"valueName":"search_term_string"}}],"inLanguage":"fr-FR"},{"@type":"Organization","@id":"https:\/\/www.miomiorun.com\/fr\/#organization","name":"MioMio Run","url":"https:\/\/www.miomiorun.com\/fr\/","logo":{"@type":"ImageObject","inLanguage":"fr-FR","@id":"https:\/\/www.miomiorun.com\/fr\/#\/schema\/logo\/image\/","url":"https:\/\/www.miomiorun.com\/app\/uploads\/2019\/12\/logomio.png","contentUrl":"https:\/\/www.miomiorun.com\/app\/uploads\/2019\/12\/logomio.png","width":115,"height":82,"caption":"MioMio Run"},"image":{"@id":"https:\/\/www.miomiorun.com\/fr\/#\/schema\/logo\/image\/"},"sameAs":["https:\/\/www.facebook.com\/miomiorun\/","https:\/\/www.instagram.com\/miomiorun\/"]}]}},"_links":{"self":[{"href":"https:\/\/www.miomiorun.com\/fr\/wp-json\/wp\/v2\/product\/376747","targetHints":{"allow":["GET"]}}],"collection":[{"href":"https:\/\/www.miomiorun.com\/fr\/wp-json\/wp\/v2\/product"}],"about":[{"href":"https:\/\/www.miomiorun.com\/fr\/wp-json\/wp\/v2\/types\/product"}],"wp:featuredmedia":[{"embeddable":true,"href":"https:\/\/www.miomiorun.com\/fr\/wp-json\/wp\/v2\/media\/378785"}],"wp:attachment":[{"href":"https:\/\/www.miomiorun.com\/fr\/wp-json\/wp\/v2\/media?parent=376747"}],"wp:term":[{"taxonomy":"product_brand","embeddable":true,"href":"https:\/\/www.miomiorun.com\/fr\/wp-json\/wp\/v2\/product_brand?post=376747"},{"taxonomy":"product_cat","embeddable":true,"href":"https:\/\/www.miomiorun.com\/fr\/wp-json\/wp\/v2\/product_cat?post=376747"},{"taxonomy":"product_tag","embeddable":true,"href":"https:\/\/www.miomiorun.com\/fr\/wp-json\/wp\/v2\/product_tag?post=376747"}],"curies":[{"name":"wp","href":"https:\/\/api.w.org\/{rel}","templated":true}]}}