{"id":376606,"date":"2025-12-02T17:01:12","date_gmt":"2025-12-02T16:01:12","guid":{"rendered":"https:\/\/www.miomiorun.com\/?post_type=product&#038;p=376606"},"modified":"2026-04-16T18:56:26","modified_gmt":"2026-04-16T16:56:26","slug":"jkt-exit-femme","status":"publish","type":"product","link":"https:\/\/www.miomiorun.com\/fr\/produit\/jkt-exit-femme\/","title":{"rendered":"JKT Exit femme"},"content":{"rendered":"<p data-start=\"139\" data-end=\"438\">La <strong data-start=\"142\" data-end=\"154\">JKT EXIT<\/strong> compl\u00e8te la gamme Exit avec une veste hybride chaude, confortable et au style moderne. Con\u00e7ue pour la montagne mais parfaitement adapt\u00e9e \u00e0 un usage quotidien, elle combine des mat\u00e9riaux techniques et un design color\u00e9 qui la rendent polyvalente et agr\u00e9able \u00e0 porter en toute occasion.<\/p>\n<p data-start=\"440\" data-end=\"971\">Les panneaux rembourr\u00e9s en <strong data-start=\"464\" data-end=\"497\">duvet 100 % avec un pouvoir gonflant de 750<\/strong>, recouverts d&#8217;un tissu <strong data-start=\"520\" data-end=\"538\">Pertex Quantum<\/strong> hydrofuge et coupe-vent, offrent une excellente isolation thermique sans ajouter de poids. Les zones les plus soumises aux mouvements (avant-bras, aisselles et bas) sont r\u00e9alis\u00e9es en <strong data-start=\"717\" data-end=\"757\">softshell l\u00e9ger, chaud et \u00e9lastique<\/strong>, garantissant confort et libert\u00e9 pendant l&#8217;activit\u00e9 physique. L&#8217;int\u00e9rieur de la capuche est doubl\u00e9 de <strong data-start=\"853\" data-end=\"888\">fourrure douce et moelleuse<\/strong>, qui ajoute une chaleur suppl\u00e9mentaire et une sensation agr\u00e9able au contact de la peau.<\/p>\n<p data-start=\"973\" data-end=\"1240\">Ce mod\u00e8le pr\u00e9sente une <strong data-start=\"997\" data-end=\"1024\">fermeture \u00e9clair divisible sur le devant<\/strong>, deux poches lat\u00e9rales zipp\u00e9es et une construction <strong data-start=\"1072\" data-end=\"1084\">compressible<\/strong>, id\u00e9ale pour ranger la veste dans un sac \u00e0 dos sans encombrement. Un v\u00eatement polyvalent, technique et parfait pour ceux qui recherchent protection et style en montagne comme en ville.<\/p>\n","protected":false},"excerpt":{"rendered":"<ul>\n<li data-start=\"1484\" data-end=\"1564\">Construction hybride avec panneaux en Pertex Quantum et empi\u00e8cements softshell \u00e9lastiques<\/li>\n<li data-start=\"1567\" data-end=\"1639\">Rembourrage 100 % duvet 750 Fill Power pour une chaleur l\u00e9g\u00e8re et performante<\/li>\n<li data-start=\"1642\" data-end=\"1730\">Capuche avec int\u00e9rieur fluffy warm, fermeture \u00e9clair frontale divisible et 2 poches lat\u00e9rales avec fermeture \u00e9clair<\/li>\n<\/ul>\n","protected":false},"featured_media":380630,"template":"","meta":{"_acf_changed":false,"inline_featured_image":false},"product_brand":[],"product_cat":[22599,22596,22595],"product_tag":[23489,23491],"class_list":{"0":"post-376606","1":"product","2":"type-product","3":"status-publish","4":"has-post-thumbnail","6":"product_cat-vestes","7":"product_cat-vetements-pour-femmes","8":"product_cat-femme","9":"product_tag-crazy-idea-fr","10":"product_tag-crazy-idea-femme","11":"pa_attivita-marcher","12":"pa_attivita-outdoor-fr","13":"pa_colore-jkt-exit-blueberry-w-fr","14":"pa_colore-jkt-exit-early-w-fr","15":"pa_marca-crazy-idea-fr","16":"pa_sesso-femme","17":"pa_size-small-fr","19":"first","20":"instock","21":"sale","22":"taxable","23":"shipping-taxable","24":"purchasable","25":"product-type-variable","26":"wvs-archive-product-wrapper"},"acf":[],"yoast_head":"<!-- This site is optimized with the Yoast SEO plugin v26.8 - https:\/\/yoast.com\/product\/yoast-seo-wordpress\/ -->\n<title>Crazy IdeaJKT Exit femme - Veste d&#039;hiver pour femme - MioMioRun.com<\/title>\n<meta name=\"description\" content=\"JKT EXIT : veste hybride chaude et l\u00e9g\u00e8re en Pertex Quantum, rembourrage 100 % duvet 750 FP, empi\u00e8cements softshell \u00e9lastiques et capuche en fluffy warm.\" \/>\n<meta name=\"robots\" content=\"index, follow, max-snippet:-1, max-image-preview:large, max-video-preview:-1\" \/>\n<link rel=\"canonical\" href=\"https:\/\/www.miomiorun.com\/fr\/produit\/jkt-exit-femme\/\" \/>\n<meta property=\"og:locale\" content=\"fr_FR\" \/>\n<meta property=\"og:type\" content=\"article\" \/>\n<meta property=\"og:title\" content=\"Crazy IdeaJKT Exit femme - Veste d&#039;hiver pour femme - MioMioRun.com\" \/>\n<meta property=\"og:description\" content=\"JKT EXIT : veste hybride chaude et l\u00e9g\u00e8re en Pertex Quantum, rembourrage 100 % duvet 750 FP, empi\u00e8cements softshell \u00e9lastiques et capuche en fluffy warm.\" \/>\n<meta property=\"og:url\" content=\"https:\/\/www.miomiorun.com\/fr\/produit\/jkt-exit-femme\/\" \/>\n<meta property=\"og:site_name\" content=\"MioMioRun\" \/>\n<meta property=\"article:publisher\" content=\"https:\/\/www.facebook.com\/miomiorun\/\" \/>\n<meta property=\"article:modified_time\" content=\"2026-04-16T16:56:26+00:00\" \/>\n<meta property=\"og:image\" content=\"https:\/\/www.miomiorun.com\/app\/uploads\/2025\/12\/crazy-JKT-Exit-blueberry-W-W25055199D-0030.webp\" \/>\n\t<meta property=\"og:image:width\" content=\"720\" \/>\n\t<meta property=\"og:image:height\" content=\"720\" \/>\n\t<meta property=\"og:image:type\" content=\"image\/webp\" \/>\n<meta name=\"twitter:card\" content=\"summary_large_image\" \/>\n<meta name=\"twitter:label1\" content=\"Est. reading time\" \/>\n\t<meta name=\"twitter:data1\" content=\"1 minute\" \/>\n<script type=\"application\/ld+json\" class=\"yoast-schema-graph\">{\"@context\":\"https:\/\/schema.org\",\"@graph\":[{\"@type\":\"WebPage\",\"@id\":\"https:\/\/www.miomiorun.com\/fr\/produit\/jkt-exit-femme\/\",\"url\":\"https:\/\/www.miomiorun.com\/fr\/produit\/jkt-exit-femme\/\",\"name\":\"Crazy IdeaJKT Exit femme - Veste d'hiver pour femme - MioMioRun.com\",\"isPartOf\":{\"@id\":\"https:\/\/www.miomiorun.com\/fr\/#website\"},\"primaryImageOfPage\":{\"@id\":\"https:\/\/www.miomiorun.com\/fr\/produit\/jkt-exit-femme\/#primaryimage\"},\"image\":{\"@id\":\"https:\/\/www.miomiorun.com\/fr\/produit\/jkt-exit-femme\/#primaryimage\"},\"thumbnailUrl\":\"https:\/\/www.miomiorun.com\/app\/uploads\/2025\/12\/crazy-JKT-Exit-blueberry-W-W25055199D-0030.webp\",\"datePublished\":\"2025-12-02T16:01:12+00:00\",\"dateModified\":\"2026-04-16T16:56:26+00:00\",\"description\":\"JKT EXIT : veste hybride chaude et l\u00e9g\u00e8re en Pertex Quantum, rembourrage 100 % duvet 750 FP, empi\u00e8cements softshell \u00e9lastiques et capuche en fluffy warm.\",\"breadcrumb\":{\"@id\":\"https:\/\/www.miomiorun.com\/fr\/produit\/jkt-exit-femme\/#breadcrumb\"},\"inLanguage\":\"fr-FR\",\"potentialAction\":[{\"@type\":\"ReadAction\",\"target\":[\"https:\/\/www.miomiorun.com\/fr\/produit\/jkt-exit-femme\/\"]}]},{\"@type\":\"ImageObject\",\"inLanguage\":\"fr-FR\",\"@id\":\"https:\/\/www.miomiorun.com\/fr\/produit\/jkt-exit-femme\/#primaryimage\",\"url\":\"https:\/\/www.miomiorun.com\/app\/uploads\/2025\/12\/crazy-JKT-Exit-blueberry-W-W25055199D-0030.webp\",\"contentUrl\":\"https:\/\/www.miomiorun.com\/app\/uploads\/2025\/12\/crazy-JKT-Exit-blueberry-W-W25055199D-0030.webp\",\"width\":720,\"height\":720,\"caption\":\"crazy JKT Exit blueberry W W25055199D-0030\"},{\"@type\":\"BreadcrumbList\",\"@id\":\"https:\/\/www.miomiorun.com\/fr\/produit\/jkt-exit-femme\/#breadcrumb\",\"itemListElement\":[{\"@type\":\"ListItem\",\"position\":1,\"name\":\"Home\",\"item\":\"https:\/\/www.miomiorun.com\/fr\/home-page\/\"},{\"@type\":\"ListItem\",\"position\":2,\"name\":\"Shop\",\"item\":\"https:\/\/www.miomiorun.com\/shop\/\"},{\"@type\":\"ListItem\",\"position\":3,\"name\":\"JKT Exit femme\"}]},{\"@type\":\"WebSite\",\"@id\":\"https:\/\/www.miomiorun.com\/fr\/#website\",\"url\":\"https:\/\/www.miomiorun.com\/fr\/\",\"name\":\"MioMioRun\",\"description\":\"Boutique 100% running et trail\",\"publisher\":{\"@id\":\"https:\/\/www.miomiorun.com\/fr\/#organization\"},\"potentialAction\":[{\"@type\":\"SearchAction\",\"target\":{\"@type\":\"EntryPoint\",\"urlTemplate\":\"https:\/\/www.miomiorun.com\/fr\/?s={search_term_string}\"},\"query-input\":{\"@type\":\"PropertyValueSpecification\",\"valueRequired\":true,\"valueName\":\"search_term_string\"}}],\"inLanguage\":\"fr-FR\"},{\"@type\":\"Organization\",\"@id\":\"https:\/\/www.miomiorun.com\/fr\/#organization\",\"name\":\"MioMio Run\",\"url\":\"https:\/\/www.miomiorun.com\/fr\/\",\"logo\":{\"@type\":\"ImageObject\",\"inLanguage\":\"fr-FR\",\"@id\":\"https:\/\/www.miomiorun.com\/fr\/#\/schema\/logo\/image\/\",\"url\":\"https:\/\/www.miomiorun.com\/app\/uploads\/2019\/12\/logomio.png\",\"contentUrl\":\"https:\/\/www.miomiorun.com\/app\/uploads\/2019\/12\/logomio.png\",\"width\":115,\"height\":82,\"caption\":\"MioMio Run\"},\"image\":{\"@id\":\"https:\/\/www.miomiorun.com\/fr\/#\/schema\/logo\/image\/\"},\"sameAs\":[\"https:\/\/www.facebook.com\/miomiorun\/\",\"https:\/\/www.instagram.com\/miomiorun\/\"]}]}<\/script>\n<!-- \/ Yoast SEO plugin. -->","yoast_head_json":{"title":"Crazy IdeaJKT Exit femme - Veste d'hiver pour femme - MioMioRun.com","description":"JKT EXIT : veste hybride chaude et l\u00e9g\u00e8re en Pertex Quantum, rembourrage 100 % duvet 750 FP, empi\u00e8cements softshell \u00e9lastiques et capuche en fluffy warm.","robots":{"index":"index","follow":"follow","max-snippet":"max-snippet:-1","max-image-preview":"max-image-preview:large","max-video-preview":"max-video-preview:-1"},"canonical":"https:\/\/www.miomiorun.com\/fr\/produit\/jkt-exit-femme\/","og_locale":"fr_FR","og_type":"article","og_title":"Crazy IdeaJKT Exit femme - Veste d'hiver pour femme - MioMioRun.com","og_description":"JKT EXIT : veste hybride chaude et l\u00e9g\u00e8re en Pertex Quantum, rembourrage 100 % duvet 750 FP, empi\u00e8cements softshell \u00e9lastiques et capuche en fluffy warm.","og_url":"https:\/\/www.miomiorun.com\/fr\/produit\/jkt-exit-femme\/","og_site_name":"MioMioRun","article_publisher":"https:\/\/www.facebook.com\/miomiorun\/","article_modified_time":"2026-04-16T16:56:26+00:00","og_image":[{"width":720,"height":720,"url":"https:\/\/www.miomiorun.com\/app\/uploads\/2025\/12\/crazy-JKT-Exit-blueberry-W-W25055199D-0030.webp","type":"image\/webp"}],"twitter_card":"summary_large_image","twitter_misc":{"Est. reading time":"1 minute"},"schema":{"@context":"https:\/\/schema.org","@graph":[{"@type":"WebPage","@id":"https:\/\/www.miomiorun.com\/fr\/produit\/jkt-exit-femme\/","url":"https:\/\/www.miomiorun.com\/fr\/produit\/jkt-exit-femme\/","name":"Crazy IdeaJKT Exit femme - Veste d'hiver pour femme - MioMioRun.com","isPartOf":{"@id":"https:\/\/www.miomiorun.com\/fr\/#website"},"primaryImageOfPage":{"@id":"https:\/\/www.miomiorun.com\/fr\/produit\/jkt-exit-femme\/#primaryimage"},"image":{"@id":"https:\/\/www.miomiorun.com\/fr\/produit\/jkt-exit-femme\/#primaryimage"},"thumbnailUrl":"https:\/\/www.miomiorun.com\/app\/uploads\/2025\/12\/crazy-JKT-Exit-blueberry-W-W25055199D-0030.webp","datePublished":"2025-12-02T16:01:12+00:00","dateModified":"2026-04-16T16:56:26+00:00","description":"JKT EXIT : veste hybride chaude et l\u00e9g\u00e8re en Pertex Quantum, rembourrage 100 % duvet 750 FP, empi\u00e8cements softshell \u00e9lastiques et capuche en fluffy warm.","breadcrumb":{"@id":"https:\/\/www.miomiorun.com\/fr\/produit\/jkt-exit-femme\/#breadcrumb"},"inLanguage":"fr-FR","potentialAction":[{"@type":"ReadAction","target":["https:\/\/www.miomiorun.com\/fr\/produit\/jkt-exit-femme\/"]}]},{"@type":"ImageObject","inLanguage":"fr-FR","@id":"https:\/\/www.miomiorun.com\/fr\/produit\/jkt-exit-femme\/#primaryimage","url":"https:\/\/www.miomiorun.com\/app\/uploads\/2025\/12\/crazy-JKT-Exit-blueberry-W-W25055199D-0030.webp","contentUrl":"https:\/\/www.miomiorun.com\/app\/uploads\/2025\/12\/crazy-JKT-Exit-blueberry-W-W25055199D-0030.webp","width":720,"height":720,"caption":"crazy JKT Exit blueberry W W25055199D-0030"},{"@type":"BreadcrumbList","@id":"https:\/\/www.miomiorun.com\/fr\/produit\/jkt-exit-femme\/#breadcrumb","itemListElement":[{"@type":"ListItem","position":1,"name":"Home","item":"https:\/\/www.miomiorun.com\/fr\/home-page\/"},{"@type":"ListItem","position":2,"name":"Shop","item":"https:\/\/www.miomiorun.com\/shop\/"},{"@type":"ListItem","position":3,"name":"JKT Exit femme"}]},{"@type":"WebSite","@id":"https:\/\/www.miomiorun.com\/fr\/#website","url":"https:\/\/www.miomiorun.com\/fr\/","name":"MioMioRun","description":"Boutique 100% running et trail","publisher":{"@id":"https:\/\/www.miomiorun.com\/fr\/#organization"},"potentialAction":[{"@type":"SearchAction","target":{"@type":"EntryPoint","urlTemplate":"https:\/\/www.miomiorun.com\/fr\/?s={search_term_string}"},"query-input":{"@type":"PropertyValueSpecification","valueRequired":true,"valueName":"search_term_string"}}],"inLanguage":"fr-FR"},{"@type":"Organization","@id":"https:\/\/www.miomiorun.com\/fr\/#organization","name":"MioMio Run","url":"https:\/\/www.miomiorun.com\/fr\/","logo":{"@type":"ImageObject","inLanguage":"fr-FR","@id":"https:\/\/www.miomiorun.com\/fr\/#\/schema\/logo\/image\/","url":"https:\/\/www.miomiorun.com\/app\/uploads\/2019\/12\/logomio.png","contentUrl":"https:\/\/www.miomiorun.com\/app\/uploads\/2019\/12\/logomio.png","width":115,"height":82,"caption":"MioMio Run"},"image":{"@id":"https:\/\/www.miomiorun.com\/fr\/#\/schema\/logo\/image\/"},"sameAs":["https:\/\/www.facebook.com\/miomiorun\/","https:\/\/www.instagram.com\/miomiorun\/"]}]}},"_links":{"self":[{"href":"https:\/\/www.miomiorun.com\/fr\/wp-json\/wp\/v2\/product\/376606","targetHints":{"allow":["GET"]}}],"collection":[{"href":"https:\/\/www.miomiorun.com\/fr\/wp-json\/wp\/v2\/product"}],"about":[{"href":"https:\/\/www.miomiorun.com\/fr\/wp-json\/wp\/v2\/types\/product"}],"wp:featuredmedia":[{"embeddable":true,"href":"https:\/\/www.miomiorun.com\/fr\/wp-json\/wp\/v2\/media\/380630"}],"wp:attachment":[{"href":"https:\/\/www.miomiorun.com\/fr\/wp-json\/wp\/v2\/media?parent=376606"}],"wp:term":[{"taxonomy":"product_brand","embeddable":true,"href":"https:\/\/www.miomiorun.com\/fr\/wp-json\/wp\/v2\/product_brand?post=376606"},{"taxonomy":"product_cat","embeddable":true,"href":"https:\/\/www.miomiorun.com\/fr\/wp-json\/wp\/v2\/product_cat?post=376606"},{"taxonomy":"product_tag","embeddable":true,"href":"https:\/\/www.miomiorun.com\/fr\/wp-json\/wp\/v2\/product_tag?post=376606"}],"curies":[{"name":"wp","href":"https:\/\/api.w.org\/{rel}","templated":true}]}}