{"id":376295,"date":"2025-12-02T12:28:07","date_gmt":"2025-12-02T11:28:07","guid":{"rendered":"https:\/\/www.miomiorun.com\/?post_type=product&#038;p=376295"},"modified":"2026-04-16T18:56:36","modified_gmt":"2026-04-16T16:56:36","slug":"coldgear-novelty-1-2-zip-femme","status":"publish","type":"product","link":"https:\/\/www.miomiorun.com\/fr\/produit\/coldgear-novelty-1-2-zip-femme\/","title":{"rendered":"Coldgear novelty 1\/2 zip femme"},"content":{"rendered":"<p data-start=\"155\" data-end=\"513\">Le <strong data-start=\"158\" data-end=\"186\">ColdGear Novelty 1\/2 Zip<\/strong> est con\u00e7u pour \u00eatre la couche de base id\u00e9ale lors des journ\u00e9es les plus froides, lorsque vous avez besoin de chaleur sans sacrifier le confort, la mobilit\u00e9 ou la l\u00e9g\u00e8ret\u00e9. Parfait pour l&#8217;entra\u00eenement, le ski, le snowboard et toute activit\u00e9 de plein air par temps froid, il garde votre corps au chaud et au sec pour que vous ne perdiez jamais votre concentration.<\/p>\n<p data-start=\"515\" data-end=\"937\">Le tissu <strong data-start=\"526\" data-end=\"545\">double couche<\/strong> combine un int\u00e9rieur bross\u00e9 extr\u00eamement chaud avec un ext\u00e9rieur lisse \u00e0 s\u00e9chage rapide. Le tissu est <strong data-start=\"655\" data-end=\"687\">extensible dans les 4 sens<\/strong>, offrant une libert\u00e9 de mouvement optimale, tandis que la structure anti-humidit\u00e9 absorbe la transpiration et la laisse s&#8217;\u00e9vaporer rapidement. Les <strong data-start=\"821\" data-end=\"846\">panneaux textur\u00e9s<\/strong> sur les c\u00f4t\u00e9s du corps et les manches am\u00e9liorent le confort et la respirabilit\u00e9 pendant l&#8217;activit\u00e9.<\/p>\n<p data-start=\"939\" data-end=\"1270\">La large ouverture \u00e0 demi-zip facilite l&#8217;habillage par couches et permet de r\u00e9guler la ventilation lorsque cela est n\u00e9cessaire. Les <strong data-start=\"1062\" data-end=\"1084\">trous pour les pouces<\/strong> maintiennent les manches en place et offrent une protection suppl\u00e9mentaire contre le froid. Un v\u00eatement technique et polyvalent, parfait pour affronter la saison hivernale dans un confort total.<\/p>\n","protected":false},"excerpt":{"rendered":"<ul>\n<li data-start=\"1510\" data-end=\"1571\">Tissu double couche chaud + ext\u00e9rieur \u00e0 s\u00e9chage rapide<\/li>\n<li data-start=\"1574\" data-end=\"1657\">\u00c9lasticit\u00e9 dans 4 directions, empi\u00e8cements textur\u00e9s et gestion optimale de l&#8217;humidit\u00e9<\/li>\n<li data-start=\"1660\" data-end=\"1738\">\u00bd zip large et trous pour les pouces pour plus de confort et de protection pendant l&#8217;activit\u00e9<\/li>\n<\/ul>\n","protected":false},"featured_media":383044,"template":"","meta":{"_acf_changed":false,"inline_featured_image":false},"product_brand":[],"product_cat":[22601,22596],"product_tag":[23530,23575],"class_list":{"0":"post-376295","1":"product","2":"type-product","3":"status-publish","4":"has-post-thumbnail","6":"product_cat-maillots","7":"product_cat-vetements-pour-femmes","8":"product_tag-under-armour-fr","9":"product_tag-under-armour-femme","10":"pa_attivita-fitness-fr","11":"pa_attivita-marcher","12":"pa_attivita-running-fr","13":"pa_colore-coldgear-novelty-1-2-zip-black-white-met-fr","14":"pa_marca-under-armour-fr","15":"pa_sesso-femme","16":"pa_size-extra-small-fr","17":"pa_size-small-fr","18":"pa_size-medium-fr","20":"first","21":"instock","22":"sale","23":"taxable","24":"shipping-taxable","25":"purchasable","26":"product-type-variable","27":"wvs-archive-product-wrapper"},"acf":[],"yoast_head":"<!-- This site is optimized with the Yoast SEO plugin v26.8 - https:\/\/yoast.com\/product\/yoast-seo-wordpress\/ -->\n<title>Under Armour Coldgear novelty 1\/2 zip femme - maillot de course \u00e0 pied- MioMioRun<\/title>\n<meta name=\"description\" content=\"ColdGear Novelty 1\/2 Zip : pull thermique l\u00e9ger et chaud en tissu double couche, \u00e9lasticit\u00e9 4 directions, s\u00e9chage rapide et \u00bd zip. Id\u00e9al pour l&#039;entra\u00eenement.\" \/>\n<meta name=\"robots\" content=\"index, follow, max-snippet:-1, max-image-preview:large, max-video-preview:-1\" \/>\n<link rel=\"canonical\" href=\"https:\/\/www.miomiorun.com\/fr\/produit\/coldgear-novelty-1-2-zip-femme\/\" \/>\n<meta property=\"og:locale\" content=\"fr_FR\" \/>\n<meta property=\"og:type\" content=\"article\" \/>\n<meta property=\"og:title\" content=\"Under Armour Coldgear novelty 1\/2 zip femme - maillot de course \u00e0 pied- MioMioRun\" \/>\n<meta property=\"og:description\" content=\"ColdGear Novelty 1\/2 Zip : pull thermique l\u00e9ger et chaud en tissu double couche, \u00e9lasticit\u00e9 4 directions, s\u00e9chage rapide et \u00bd zip. Id\u00e9al pour l&#039;entra\u00eenement.\" \/>\n<meta property=\"og:url\" content=\"https:\/\/www.miomiorun.com\/fr\/produit\/coldgear-novelty-1-2-zip-femme\/\" \/>\n<meta property=\"og:site_name\" content=\"MioMioRun\" \/>\n<meta property=\"article:publisher\" content=\"https:\/\/www.facebook.com\/miomiorun\/\" \/>\n<meta property=\"article:modified_time\" content=\"2026-04-16T16:56:36+00:00\" \/>\n<meta property=\"og:image\" content=\"https:\/\/www.miomiorun.com\/app\/uploads\/2025\/12\/under-armour-Coldgear-novelty-1-2-zip-black-white-met-6003998-0003.webp\" \/>\n\t<meta property=\"og:image:width\" content=\"720\" \/>\n\t<meta property=\"og:image:height\" content=\"720\" \/>\n\t<meta property=\"og:image:type\" content=\"image\/webp\" \/>\n<meta name=\"twitter:card\" content=\"summary_large_image\" \/>\n<meta name=\"twitter:label1\" content=\"Est. reading time\" \/>\n\t<meta name=\"twitter:data1\" content=\"1 minute\" \/>\n<script type=\"application\/ld+json\" class=\"yoast-schema-graph\">{\"@context\":\"https:\/\/schema.org\",\"@graph\":[{\"@type\":\"WebPage\",\"@id\":\"https:\/\/www.miomiorun.com\/fr\/produit\/coldgear-novelty-1-2-zip-femme\/\",\"url\":\"https:\/\/www.miomiorun.com\/fr\/produit\/coldgear-novelty-1-2-zip-femme\/\",\"name\":\"Under Armour Coldgear novelty 1\/2 zip femme - maillot de course \u00e0 pied- MioMioRun\",\"isPartOf\":{\"@id\":\"https:\/\/www.miomiorun.com\/fr\/#website\"},\"primaryImageOfPage\":{\"@id\":\"https:\/\/www.miomiorun.com\/fr\/produit\/coldgear-novelty-1-2-zip-femme\/#primaryimage\"},\"image\":{\"@id\":\"https:\/\/www.miomiorun.com\/fr\/produit\/coldgear-novelty-1-2-zip-femme\/#primaryimage\"},\"thumbnailUrl\":\"https:\/\/www.miomiorun.com\/app\/uploads\/2025\/12\/under-armour-Coldgear-novelty-1-2-zip-black-white-met-6003998-0003.webp\",\"datePublished\":\"2025-12-02T11:28:07+00:00\",\"dateModified\":\"2026-04-16T16:56:36+00:00\",\"description\":\"ColdGear Novelty 1\/2 Zip : pull thermique l\u00e9ger et chaud en tissu double couche, \u00e9lasticit\u00e9 4 directions, s\u00e9chage rapide et \u00bd zip. Id\u00e9al pour l'entra\u00eenement.\",\"breadcrumb\":{\"@id\":\"https:\/\/www.miomiorun.com\/fr\/produit\/coldgear-novelty-1-2-zip-femme\/#breadcrumb\"},\"inLanguage\":\"fr-FR\",\"potentialAction\":[{\"@type\":\"ReadAction\",\"target\":[\"https:\/\/www.miomiorun.com\/fr\/produit\/coldgear-novelty-1-2-zip-femme\/\"]}]},{\"@type\":\"ImageObject\",\"inLanguage\":\"fr-FR\",\"@id\":\"https:\/\/www.miomiorun.com\/fr\/produit\/coldgear-novelty-1-2-zip-femme\/#primaryimage\",\"url\":\"https:\/\/www.miomiorun.com\/app\/uploads\/2025\/12\/under-armour-Coldgear-novelty-1-2-zip-black-white-met-6003998-0003.webp\",\"contentUrl\":\"https:\/\/www.miomiorun.com\/app\/uploads\/2025\/12\/under-armour-Coldgear-novelty-1-2-zip-black-white-met-6003998-0003.webp\",\"width\":720,\"height\":720,\"caption\":\"under armour Coldgear novelty 1 2 zip black white met 6003998-0003\"},{\"@type\":\"BreadcrumbList\",\"@id\":\"https:\/\/www.miomiorun.com\/fr\/produit\/coldgear-novelty-1-2-zip-femme\/#breadcrumb\",\"itemListElement\":[{\"@type\":\"ListItem\",\"position\":1,\"name\":\"Home\",\"item\":\"https:\/\/www.miomiorun.com\/fr\/home-page\/\"},{\"@type\":\"ListItem\",\"position\":2,\"name\":\"Shop\",\"item\":\"https:\/\/www.miomiorun.com\/shop\/\"},{\"@type\":\"ListItem\",\"position\":3,\"name\":\"Coldgear novelty 1\/2 zip femme\"}]},{\"@type\":\"WebSite\",\"@id\":\"https:\/\/www.miomiorun.com\/fr\/#website\",\"url\":\"https:\/\/www.miomiorun.com\/fr\/\",\"name\":\"MioMioRun\",\"description\":\"Boutique 100% running et trail\",\"publisher\":{\"@id\":\"https:\/\/www.miomiorun.com\/fr\/#organization\"},\"potentialAction\":[{\"@type\":\"SearchAction\",\"target\":{\"@type\":\"EntryPoint\",\"urlTemplate\":\"https:\/\/www.miomiorun.com\/fr\/?s={search_term_string}\"},\"query-input\":{\"@type\":\"PropertyValueSpecification\",\"valueRequired\":true,\"valueName\":\"search_term_string\"}}],\"inLanguage\":\"fr-FR\"},{\"@type\":\"Organization\",\"@id\":\"https:\/\/www.miomiorun.com\/fr\/#organization\",\"name\":\"MioMio Run\",\"url\":\"https:\/\/www.miomiorun.com\/fr\/\",\"logo\":{\"@type\":\"ImageObject\",\"inLanguage\":\"fr-FR\",\"@id\":\"https:\/\/www.miomiorun.com\/fr\/#\/schema\/logo\/image\/\",\"url\":\"https:\/\/www.miomiorun.com\/app\/uploads\/2019\/12\/logomio.png\",\"contentUrl\":\"https:\/\/www.miomiorun.com\/app\/uploads\/2019\/12\/logomio.png\",\"width\":115,\"height\":82,\"caption\":\"MioMio Run\"},\"image\":{\"@id\":\"https:\/\/www.miomiorun.com\/fr\/#\/schema\/logo\/image\/\"},\"sameAs\":[\"https:\/\/www.facebook.com\/miomiorun\/\",\"https:\/\/www.instagram.com\/miomiorun\/\"]}]}<\/script>\n<!-- \/ Yoast SEO plugin. -->","yoast_head_json":{"title":"Under Armour Coldgear novelty 1\/2 zip femme - maillot de course \u00e0 pied- MioMioRun","description":"ColdGear Novelty 1\/2 Zip : pull thermique l\u00e9ger et chaud en tissu double couche, \u00e9lasticit\u00e9 4 directions, s\u00e9chage rapide et \u00bd zip. Id\u00e9al pour l'entra\u00eenement.","robots":{"index":"index","follow":"follow","max-snippet":"max-snippet:-1","max-image-preview":"max-image-preview:large","max-video-preview":"max-video-preview:-1"},"canonical":"https:\/\/www.miomiorun.com\/fr\/produit\/coldgear-novelty-1-2-zip-femme\/","og_locale":"fr_FR","og_type":"article","og_title":"Under Armour Coldgear novelty 1\/2 zip femme - maillot de course \u00e0 pied- MioMioRun","og_description":"ColdGear Novelty 1\/2 Zip : pull thermique l\u00e9ger et chaud en tissu double couche, \u00e9lasticit\u00e9 4 directions, s\u00e9chage rapide et \u00bd zip. Id\u00e9al pour l'entra\u00eenement.","og_url":"https:\/\/www.miomiorun.com\/fr\/produit\/coldgear-novelty-1-2-zip-femme\/","og_site_name":"MioMioRun","article_publisher":"https:\/\/www.facebook.com\/miomiorun\/","article_modified_time":"2026-04-16T16:56:36+00:00","og_image":[{"width":720,"height":720,"url":"https:\/\/www.miomiorun.com\/app\/uploads\/2025\/12\/under-armour-Coldgear-novelty-1-2-zip-black-white-met-6003998-0003.webp","type":"image\/webp"}],"twitter_card":"summary_large_image","twitter_misc":{"Est. reading time":"1 minute"},"schema":{"@context":"https:\/\/schema.org","@graph":[{"@type":"WebPage","@id":"https:\/\/www.miomiorun.com\/fr\/produit\/coldgear-novelty-1-2-zip-femme\/","url":"https:\/\/www.miomiorun.com\/fr\/produit\/coldgear-novelty-1-2-zip-femme\/","name":"Under Armour Coldgear novelty 1\/2 zip femme - maillot de course \u00e0 pied- MioMioRun","isPartOf":{"@id":"https:\/\/www.miomiorun.com\/fr\/#website"},"primaryImageOfPage":{"@id":"https:\/\/www.miomiorun.com\/fr\/produit\/coldgear-novelty-1-2-zip-femme\/#primaryimage"},"image":{"@id":"https:\/\/www.miomiorun.com\/fr\/produit\/coldgear-novelty-1-2-zip-femme\/#primaryimage"},"thumbnailUrl":"https:\/\/www.miomiorun.com\/app\/uploads\/2025\/12\/under-armour-Coldgear-novelty-1-2-zip-black-white-met-6003998-0003.webp","datePublished":"2025-12-02T11:28:07+00:00","dateModified":"2026-04-16T16:56:36+00:00","description":"ColdGear Novelty 1\/2 Zip : pull thermique l\u00e9ger et chaud en tissu double couche, \u00e9lasticit\u00e9 4 directions, s\u00e9chage rapide et \u00bd zip. Id\u00e9al pour l'entra\u00eenement.","breadcrumb":{"@id":"https:\/\/www.miomiorun.com\/fr\/produit\/coldgear-novelty-1-2-zip-femme\/#breadcrumb"},"inLanguage":"fr-FR","potentialAction":[{"@type":"ReadAction","target":["https:\/\/www.miomiorun.com\/fr\/produit\/coldgear-novelty-1-2-zip-femme\/"]}]},{"@type":"ImageObject","inLanguage":"fr-FR","@id":"https:\/\/www.miomiorun.com\/fr\/produit\/coldgear-novelty-1-2-zip-femme\/#primaryimage","url":"https:\/\/www.miomiorun.com\/app\/uploads\/2025\/12\/under-armour-Coldgear-novelty-1-2-zip-black-white-met-6003998-0003.webp","contentUrl":"https:\/\/www.miomiorun.com\/app\/uploads\/2025\/12\/under-armour-Coldgear-novelty-1-2-zip-black-white-met-6003998-0003.webp","width":720,"height":720,"caption":"under armour Coldgear novelty 1 2 zip black white met 6003998-0003"},{"@type":"BreadcrumbList","@id":"https:\/\/www.miomiorun.com\/fr\/produit\/coldgear-novelty-1-2-zip-femme\/#breadcrumb","itemListElement":[{"@type":"ListItem","position":1,"name":"Home","item":"https:\/\/www.miomiorun.com\/fr\/home-page\/"},{"@type":"ListItem","position":2,"name":"Shop","item":"https:\/\/www.miomiorun.com\/shop\/"},{"@type":"ListItem","position":3,"name":"Coldgear novelty 1\/2 zip femme"}]},{"@type":"WebSite","@id":"https:\/\/www.miomiorun.com\/fr\/#website","url":"https:\/\/www.miomiorun.com\/fr\/","name":"MioMioRun","description":"Boutique 100% running et trail","publisher":{"@id":"https:\/\/www.miomiorun.com\/fr\/#organization"},"potentialAction":[{"@type":"SearchAction","target":{"@type":"EntryPoint","urlTemplate":"https:\/\/www.miomiorun.com\/fr\/?s={search_term_string}"},"query-input":{"@type":"PropertyValueSpecification","valueRequired":true,"valueName":"search_term_string"}}],"inLanguage":"fr-FR"},{"@type":"Organization","@id":"https:\/\/www.miomiorun.com\/fr\/#organization","name":"MioMio Run","url":"https:\/\/www.miomiorun.com\/fr\/","logo":{"@type":"ImageObject","inLanguage":"fr-FR","@id":"https:\/\/www.miomiorun.com\/fr\/#\/schema\/logo\/image\/","url":"https:\/\/www.miomiorun.com\/app\/uploads\/2019\/12\/logomio.png","contentUrl":"https:\/\/www.miomiorun.com\/app\/uploads\/2019\/12\/logomio.png","width":115,"height":82,"caption":"MioMio Run"},"image":{"@id":"https:\/\/www.miomiorun.com\/fr\/#\/schema\/logo\/image\/"},"sameAs":["https:\/\/www.facebook.com\/miomiorun\/","https:\/\/www.instagram.com\/miomiorun\/"]}]}},"_links":{"self":[{"href":"https:\/\/www.miomiorun.com\/fr\/wp-json\/wp\/v2\/product\/376295","targetHints":{"allow":["GET"]}}],"collection":[{"href":"https:\/\/www.miomiorun.com\/fr\/wp-json\/wp\/v2\/product"}],"about":[{"href":"https:\/\/www.miomiorun.com\/fr\/wp-json\/wp\/v2\/types\/product"}],"wp:featuredmedia":[{"embeddable":true,"href":"https:\/\/www.miomiorun.com\/fr\/wp-json\/wp\/v2\/media\/383044"}],"wp:attachment":[{"href":"https:\/\/www.miomiorun.com\/fr\/wp-json\/wp\/v2\/media?parent=376295"}],"wp:term":[{"taxonomy":"product_brand","embeddable":true,"href":"https:\/\/www.miomiorun.com\/fr\/wp-json\/wp\/v2\/product_brand?post=376295"},{"taxonomy":"product_cat","embeddable":true,"href":"https:\/\/www.miomiorun.com\/fr\/wp-json\/wp\/v2\/product_cat?post=376295"},{"taxonomy":"product_tag","embeddable":true,"href":"https:\/\/www.miomiorun.com\/fr\/wp-json\/wp\/v2\/product_tag?post=376295"}],"curies":[{"name":"wp","href":"https:\/\/api.w.org\/{rel}","templated":true}]}}