{"id":376186,"date":"2025-12-02T11:50:21","date_gmt":"2025-12-02T10:50:21","guid":{"rendered":"https:\/\/www.miomiorun.com\/?post_type=product&#038;p=376186"},"modified":"2026-04-16T19:01:10","modified_gmt":"2026-04-16T17:01:10","slug":"rival-fleece-piped-crew-femme","status":"publish","type":"product","link":"https:\/\/www.miomiorun.com\/fr\/produit\/rival-fleece-piped-crew-femme\/","title":{"rendered":"Rival fleece piped crew femme"},"content":{"rendered":"<p data-start=\"154\" data-end=\"476\">Le <strong data-start=\"157\" data-end=\"184\">Rival Fleece Piped Crew<\/strong> est un sweat-shirt con\u00e7u pour vous offrir chaleur, confort et style \u00e0 tout moment de la journ\u00e9e. Fabriqu\u00e9 en <strong data-start=\"288\" data-end=\"325\">polaire ultra-douce en coton m\u00e9lang\u00e9<\/strong> avec int\u00e9rieur bross\u00e9, il enveloppe le corps d&#8217;une sensation de douceur et de chaleur id\u00e9ale pour les journ\u00e9es les plus froides, sans renoncer \u00e0 la l\u00e9g\u00e8ret\u00e9.<\/p>\n<p data-start=\"478\" data-end=\"895\">Son design \u00e9pur\u00e9 est rehauss\u00e9 par des <strong data-start=\"516\" data-end=\"549\">bordures de couleur contrast\u00e9e<\/strong>, qui ajoutent une touche moderne et distinctive. Le <strong data-start=\"600\" data-end=\"632\">col et les poignets c\u00f4tel\u00e9s<\/strong> garantissent un ajustement stable et confortable, tandis que les <strong data-start=\"696\" data-end=\"727\">coutures basses sur les \u00e9paules<\/strong> offrent un look d\u00e9contract\u00e9 et une meilleure libert\u00e9 de mouvement. L&#8217;<strong data-start=\"793\" data-end=\"834\">ourlet inf\u00e9rieur avec \u00e9lastique recouvert<\/strong> assure une ligne \u00e9pur\u00e9e et une coupe toujours soign\u00e9e.<\/p>\n<p data-start=\"897\" data-end=\"1052\">Un sweat-shirt polyvalent et attrayant, parfait pour un entra\u00eenement l\u00e9ger, les loisirs ou simplement pour \u00eatre \u00e0 l&#8217;aise au quotidien avec une touche de style.<\/p><\/p>\n","protected":false},"excerpt":{"rendered":"<ul>\n<li data-start=\"1278\" data-end=\"1337\">Polaire en coton m\u00e9lang\u00e9 ultra-doux avec int\u00e9rieur bross\u00e9<\/li>\n<li data-start=\"1340\" data-end=\"1427\">Col et poignets c\u00f4tel\u00e9s, coutures basses sur les \u00e9paules et ourlet avec \u00e9lastique recouvert<\/li>\n<li data-start=\"1430\" data-end=\"1484\">Contrastes pour un look moderne et distinctif<\/li>\n<\/ul>\n","protected":false},"featured_media":382938,"template":"","meta":{"_acf_changed":false,"inline_featured_image":false},"product_brand":[],"product_cat":[22601,22596],"product_tag":[23530,23575],"class_list":{"0":"post-376186","1":"product","2":"type-product","3":"status-publish","4":"has-post-thumbnail","6":"product_cat-maillots","7":"product_cat-vetements-pour-femmes","8":"product_tag-under-armour-fr","9":"product_tag-under-armour-femme","10":"pa_attivita-fitness-fr","11":"pa_attivita-lifestyle-fr","12":"pa_attivita-marcher","13":"pa_colore-rival-fleece-piped-crew-w-moda-gray-fr","14":"pa_marca-under-armour-fr","15":"pa_sesso-femme","16":"pa_size-extra-small-fr","17":"pa_size-small-fr","18":"pa_size-medium-fr","20":"first","21":"instock","22":"sale","23":"taxable","24":"shipping-taxable","25":"purchasable","26":"product-type-variable","27":"wvs-archive-product-wrapper"},"acf":[],"yoast_head":"<!-- This site is optimized with the Yoast SEO plugin v26.8 - https:\/\/yoast.com\/product\/yoast-seo-wordpress\/ -->\n<title>Under Armour Rival fleece piped crew femme -sweat-shirt femme- MioMioRun<\/title>\n<meta name=\"description\" content=\"Rival Fleece Piped Crew : sweat-shirt chaud et ultra-doux en molleton bross\u00e9, avec d\u00e9tails contrast\u00e9s, col et poignets c\u00f4tel\u00e9s. Confort et style surprenant.\" \/>\n<meta name=\"robots\" content=\"index, follow, max-snippet:-1, max-image-preview:large, max-video-preview:-1\" \/>\n<link rel=\"canonical\" href=\"https:\/\/www.miomiorun.com\/fr\/produit\/rival-fleece-piped-crew-femme\/\" \/>\n<meta property=\"og:locale\" content=\"fr_FR\" \/>\n<meta property=\"og:type\" content=\"article\" \/>\n<meta property=\"og:title\" content=\"Under Armour Rival fleece piped crew femme -sweat-shirt femme- MioMioRun\" \/>\n<meta property=\"og:description\" content=\"Rival Fleece Piped Crew : sweat-shirt chaud et ultra-doux en molleton bross\u00e9, avec d\u00e9tails contrast\u00e9s, col et poignets c\u00f4tel\u00e9s. Confort et style surprenant.\" \/>\n<meta property=\"og:url\" content=\"https:\/\/www.miomiorun.com\/fr\/produit\/rival-fleece-piped-crew-femme\/\" \/>\n<meta property=\"og:site_name\" content=\"MioMioRun\" \/>\n<meta property=\"article:publisher\" content=\"https:\/\/www.facebook.com\/miomiorun\/\" \/>\n<meta property=\"article:modified_time\" content=\"2026-04-16T17:01:10+00:00\" \/>\n<meta property=\"og:image\" content=\"https:\/\/www.miomiorun.com\/app\/uploads\/2025\/12\/under-armour-Rival-fleece-piped-crew-W-moda-gray-6007035-0011.webp\" \/>\n\t<meta property=\"og:image:width\" content=\"720\" \/>\n\t<meta property=\"og:image:height\" content=\"720\" \/>\n\t<meta property=\"og:image:type\" content=\"image\/webp\" \/>\n<meta name=\"twitter:card\" content=\"summary_large_image\" \/>\n<meta name=\"twitter:label1\" content=\"Est. reading time\" \/>\n\t<meta name=\"twitter:data1\" content=\"1 minute\" \/>\n<script type=\"application\/ld+json\" class=\"yoast-schema-graph\">{\"@context\":\"https:\/\/schema.org\",\"@graph\":[{\"@type\":\"WebPage\",\"@id\":\"https:\/\/www.miomiorun.com\/fr\/produit\/rival-fleece-piped-crew-femme\/\",\"url\":\"https:\/\/www.miomiorun.com\/fr\/produit\/rival-fleece-piped-crew-femme\/\",\"name\":\"Under Armour Rival fleece piped crew femme -sweat-shirt femme- MioMioRun\",\"isPartOf\":{\"@id\":\"https:\/\/www.miomiorun.com\/fr\/#website\"},\"primaryImageOfPage\":{\"@id\":\"https:\/\/www.miomiorun.com\/fr\/produit\/rival-fleece-piped-crew-femme\/#primaryimage\"},\"image\":{\"@id\":\"https:\/\/www.miomiorun.com\/fr\/produit\/rival-fleece-piped-crew-femme\/#primaryimage\"},\"thumbnailUrl\":\"https:\/\/www.miomiorun.com\/app\/uploads\/2025\/12\/under-armour-Rival-fleece-piped-crew-W-moda-gray-6007035-0011.webp\",\"datePublished\":\"2025-12-02T10:50:21+00:00\",\"dateModified\":\"2026-04-16T17:01:10+00:00\",\"description\":\"Rival Fleece Piped Crew : sweat-shirt chaud et ultra-doux en molleton bross\u00e9, avec d\u00e9tails contrast\u00e9s, col et poignets c\u00f4tel\u00e9s. Confort et style surprenant.\",\"breadcrumb\":{\"@id\":\"https:\/\/www.miomiorun.com\/fr\/produit\/rival-fleece-piped-crew-femme\/#breadcrumb\"},\"inLanguage\":\"fr-FR\",\"potentialAction\":[{\"@type\":\"ReadAction\",\"target\":[\"https:\/\/www.miomiorun.com\/fr\/produit\/rival-fleece-piped-crew-femme\/\"]}]},{\"@type\":\"ImageObject\",\"inLanguage\":\"fr-FR\",\"@id\":\"https:\/\/www.miomiorun.com\/fr\/produit\/rival-fleece-piped-crew-femme\/#primaryimage\",\"url\":\"https:\/\/www.miomiorun.com\/app\/uploads\/2025\/12\/under-armour-Rival-fleece-piped-crew-W-moda-gray-6007035-0011.webp\",\"contentUrl\":\"https:\/\/www.miomiorun.com\/app\/uploads\/2025\/12\/under-armour-Rival-fleece-piped-crew-W-moda-gray-6007035-0011.webp\",\"width\":720,\"height\":720,\"caption\":\"under armour Rival fleece piped crew W moda gray 6007035-0011\"},{\"@type\":\"BreadcrumbList\",\"@id\":\"https:\/\/www.miomiorun.com\/fr\/produit\/rival-fleece-piped-crew-femme\/#breadcrumb\",\"itemListElement\":[{\"@type\":\"ListItem\",\"position\":1,\"name\":\"Home\",\"item\":\"https:\/\/www.miomiorun.com\/fr\/home-page\/\"},{\"@type\":\"ListItem\",\"position\":2,\"name\":\"Shop\",\"item\":\"https:\/\/www.miomiorun.com\/shop\/\"},{\"@type\":\"ListItem\",\"position\":3,\"name\":\"Rival fleece piped crew femme\"}]},{\"@type\":\"WebSite\",\"@id\":\"https:\/\/www.miomiorun.com\/fr\/#website\",\"url\":\"https:\/\/www.miomiorun.com\/fr\/\",\"name\":\"MioMioRun\",\"description\":\"Boutique 100% running et trail\",\"publisher\":{\"@id\":\"https:\/\/www.miomiorun.com\/fr\/#organization\"},\"potentialAction\":[{\"@type\":\"SearchAction\",\"target\":{\"@type\":\"EntryPoint\",\"urlTemplate\":\"https:\/\/www.miomiorun.com\/fr\/?s={search_term_string}\"},\"query-input\":{\"@type\":\"PropertyValueSpecification\",\"valueRequired\":true,\"valueName\":\"search_term_string\"}}],\"inLanguage\":\"fr-FR\"},{\"@type\":\"Organization\",\"@id\":\"https:\/\/www.miomiorun.com\/fr\/#organization\",\"name\":\"MioMio Run\",\"url\":\"https:\/\/www.miomiorun.com\/fr\/\",\"logo\":{\"@type\":\"ImageObject\",\"inLanguage\":\"fr-FR\",\"@id\":\"https:\/\/www.miomiorun.com\/fr\/#\/schema\/logo\/image\/\",\"url\":\"https:\/\/www.miomiorun.com\/app\/uploads\/2019\/12\/logomio.png\",\"contentUrl\":\"https:\/\/www.miomiorun.com\/app\/uploads\/2019\/12\/logomio.png\",\"width\":115,\"height\":82,\"caption\":\"MioMio Run\"},\"image\":{\"@id\":\"https:\/\/www.miomiorun.com\/fr\/#\/schema\/logo\/image\/\"},\"sameAs\":[\"https:\/\/www.facebook.com\/miomiorun\/\",\"https:\/\/www.instagram.com\/miomiorun\/\"]}]}<\/script>\n<!-- \/ Yoast SEO plugin. -->","yoast_head_json":{"title":"Under Armour Rival fleece piped crew femme -sweat-shirt femme- MioMioRun","description":"Rival Fleece Piped Crew : sweat-shirt chaud et ultra-doux en molleton bross\u00e9, avec d\u00e9tails contrast\u00e9s, col et poignets c\u00f4tel\u00e9s. Confort et style surprenant.","robots":{"index":"index","follow":"follow","max-snippet":"max-snippet:-1","max-image-preview":"max-image-preview:large","max-video-preview":"max-video-preview:-1"},"canonical":"https:\/\/www.miomiorun.com\/fr\/produit\/rival-fleece-piped-crew-femme\/","og_locale":"fr_FR","og_type":"article","og_title":"Under Armour Rival fleece piped crew femme -sweat-shirt femme- MioMioRun","og_description":"Rival Fleece Piped Crew : sweat-shirt chaud et ultra-doux en molleton bross\u00e9, avec d\u00e9tails contrast\u00e9s, col et poignets c\u00f4tel\u00e9s. Confort et style surprenant.","og_url":"https:\/\/www.miomiorun.com\/fr\/produit\/rival-fleece-piped-crew-femme\/","og_site_name":"MioMioRun","article_publisher":"https:\/\/www.facebook.com\/miomiorun\/","article_modified_time":"2026-04-16T17:01:10+00:00","og_image":[{"width":720,"height":720,"url":"https:\/\/www.miomiorun.com\/app\/uploads\/2025\/12\/under-armour-Rival-fleece-piped-crew-W-moda-gray-6007035-0011.webp","type":"image\/webp"}],"twitter_card":"summary_large_image","twitter_misc":{"Est. reading time":"1 minute"},"schema":{"@context":"https:\/\/schema.org","@graph":[{"@type":"WebPage","@id":"https:\/\/www.miomiorun.com\/fr\/produit\/rival-fleece-piped-crew-femme\/","url":"https:\/\/www.miomiorun.com\/fr\/produit\/rival-fleece-piped-crew-femme\/","name":"Under Armour Rival fleece piped crew femme -sweat-shirt femme- MioMioRun","isPartOf":{"@id":"https:\/\/www.miomiorun.com\/fr\/#website"},"primaryImageOfPage":{"@id":"https:\/\/www.miomiorun.com\/fr\/produit\/rival-fleece-piped-crew-femme\/#primaryimage"},"image":{"@id":"https:\/\/www.miomiorun.com\/fr\/produit\/rival-fleece-piped-crew-femme\/#primaryimage"},"thumbnailUrl":"https:\/\/www.miomiorun.com\/app\/uploads\/2025\/12\/under-armour-Rival-fleece-piped-crew-W-moda-gray-6007035-0011.webp","datePublished":"2025-12-02T10:50:21+00:00","dateModified":"2026-04-16T17:01:10+00:00","description":"Rival Fleece Piped Crew : sweat-shirt chaud et ultra-doux en molleton bross\u00e9, avec d\u00e9tails contrast\u00e9s, col et poignets c\u00f4tel\u00e9s. Confort et style surprenant.","breadcrumb":{"@id":"https:\/\/www.miomiorun.com\/fr\/produit\/rival-fleece-piped-crew-femme\/#breadcrumb"},"inLanguage":"fr-FR","potentialAction":[{"@type":"ReadAction","target":["https:\/\/www.miomiorun.com\/fr\/produit\/rival-fleece-piped-crew-femme\/"]}]},{"@type":"ImageObject","inLanguage":"fr-FR","@id":"https:\/\/www.miomiorun.com\/fr\/produit\/rival-fleece-piped-crew-femme\/#primaryimage","url":"https:\/\/www.miomiorun.com\/app\/uploads\/2025\/12\/under-armour-Rival-fleece-piped-crew-W-moda-gray-6007035-0011.webp","contentUrl":"https:\/\/www.miomiorun.com\/app\/uploads\/2025\/12\/under-armour-Rival-fleece-piped-crew-W-moda-gray-6007035-0011.webp","width":720,"height":720,"caption":"under armour Rival fleece piped crew W moda gray 6007035-0011"},{"@type":"BreadcrumbList","@id":"https:\/\/www.miomiorun.com\/fr\/produit\/rival-fleece-piped-crew-femme\/#breadcrumb","itemListElement":[{"@type":"ListItem","position":1,"name":"Home","item":"https:\/\/www.miomiorun.com\/fr\/home-page\/"},{"@type":"ListItem","position":2,"name":"Shop","item":"https:\/\/www.miomiorun.com\/shop\/"},{"@type":"ListItem","position":3,"name":"Rival fleece piped crew femme"}]},{"@type":"WebSite","@id":"https:\/\/www.miomiorun.com\/fr\/#website","url":"https:\/\/www.miomiorun.com\/fr\/","name":"MioMioRun","description":"Boutique 100% running et trail","publisher":{"@id":"https:\/\/www.miomiorun.com\/fr\/#organization"},"potentialAction":[{"@type":"SearchAction","target":{"@type":"EntryPoint","urlTemplate":"https:\/\/www.miomiorun.com\/fr\/?s={search_term_string}"},"query-input":{"@type":"PropertyValueSpecification","valueRequired":true,"valueName":"search_term_string"}}],"inLanguage":"fr-FR"},{"@type":"Organization","@id":"https:\/\/www.miomiorun.com\/fr\/#organization","name":"MioMio Run","url":"https:\/\/www.miomiorun.com\/fr\/","logo":{"@type":"ImageObject","inLanguage":"fr-FR","@id":"https:\/\/www.miomiorun.com\/fr\/#\/schema\/logo\/image\/","url":"https:\/\/www.miomiorun.com\/app\/uploads\/2019\/12\/logomio.png","contentUrl":"https:\/\/www.miomiorun.com\/app\/uploads\/2019\/12\/logomio.png","width":115,"height":82,"caption":"MioMio Run"},"image":{"@id":"https:\/\/www.miomiorun.com\/fr\/#\/schema\/logo\/image\/"},"sameAs":["https:\/\/www.facebook.com\/miomiorun\/","https:\/\/www.instagram.com\/miomiorun\/"]}]}},"_links":{"self":[{"href":"https:\/\/www.miomiorun.com\/fr\/wp-json\/wp\/v2\/product\/376186","targetHints":{"allow":["GET"]}}],"collection":[{"href":"https:\/\/www.miomiorun.com\/fr\/wp-json\/wp\/v2\/product"}],"about":[{"href":"https:\/\/www.miomiorun.com\/fr\/wp-json\/wp\/v2\/types\/product"}],"wp:featuredmedia":[{"embeddable":true,"href":"https:\/\/www.miomiorun.com\/fr\/wp-json\/wp\/v2\/media\/382938"}],"wp:attachment":[{"href":"https:\/\/www.miomiorun.com\/fr\/wp-json\/wp\/v2\/media?parent=376186"}],"wp:term":[{"taxonomy":"product_brand","embeddable":true,"href":"https:\/\/www.miomiorun.com\/fr\/wp-json\/wp\/v2\/product_brand?post=376186"},{"taxonomy":"product_cat","embeddable":true,"href":"https:\/\/www.miomiorun.com\/fr\/wp-json\/wp\/v2\/product_cat?post=376186"},{"taxonomy":"product_tag","embeddable":true,"href":"https:\/\/www.miomiorun.com\/fr\/wp-json\/wp\/v2\/product_tag?post=376186"}],"curies":[{"name":"wp","href":"https:\/\/api.w.org\/{rel}","templated":true}]}}