{"id":376106,"date":"2025-12-02T10:01:55","date_gmt":"2025-12-02T09:01:55","guid":{"rendered":"https:\/\/www.miomiorun.com\/?post_type=product&#038;p=376106"},"modified":"2026-04-16T19:01:22","modified_gmt":"2026-04-16T17:01:22","slug":"launch-printed-homme","status":"publish","type":"product","link":"https:\/\/www.miomiorun.com\/fr\/produit\/launch-printed-homme\/","title":{"rendered":"Launch printed homme"},"content":{"rendered":"<p data-start=\"145\" data-end=\"617\">Le <strong data-start=\"148\" data-end=\"166\">Launch Printed<\/strong> est un maillot con\u00e7u pour vous offrir tout ce dont vous avez besoin pour courir plus longtemps et plus vite : <strong data-start=\"265\" data-end=\"308\">l\u00e9g\u00e8ret\u00e9, \u00e9lasticit\u00e9 et respirabilit\u00e9<\/strong>. Le tissu enti\u00e8rement en <strong data-start=\"336\" data-end=\"348\">jacquard<\/strong> est doux au toucher, ultra-l\u00e9ger et permet une excellente circulation de l&#8217;air, afin de vous garder au frais m\u00eame pendant les entra\u00eenements les plus intenses. Sa structure technique est con\u00e7ue pour garantir une sensation naturelle et minimale, comme si vous ne portiez rien.<\/p>\n<p data-start=\"619\" data-end=\"1028\">Le mat\u00e9riau g\u00e8re l&#8217;humidit\u00e9 de mani\u00e8re optimale : il absorbe rapidement la transpiration et s\u00e8che rapidement, favorisant un confort constant. L&#8217;\u00e9lasticit\u00e9 dans les <strong data-start=\"775\" data-end=\"790\">4 directions<\/strong> assure une libert\u00e9 de mouvement totale, tandis que la technologie de <strong data-start=\"857\" data-end=\"882\">contr\u00f4le des odeurs<\/strong> aide \u00e0 garder le v\u00eatement frais plus longtemps. L&#8217;<strong data-start=\"931\" data-end=\"959\">ourlet avec fente lat\u00e9rale<\/strong> am\u00e9liore encore la mobilit\u00e9 et contribue \u00e0 la ventilation.<\/p>\n<p data-start=\"1030\" data-end=\"1193\">Le motif imprim\u00e9 ajoute une touche de personnalit\u00e9 sans nuire aux performances, ce qui rend ce maillot id\u00e9al pour ceux qui veulent courir \u00e0 fond avec style.<\/p><\/p>\n","protected":false},"excerpt":{"rendered":"<ul>\n<li data-start=\"1433\" data-end=\"1488\">Tissu jacquard doux, l\u00e9ger et ultra-respirant<\/li>\n<li data-start=\"1491\" data-end=\"1563\">S\u00e9chage rapide, gestion de l&#8217;humidit\u00e9 et \u00e9lasticit\u00e9 dans 4 directions<\/li>\n<li data-start=\"1566\" data-end=\"1639\">Contr\u00f4le des odeurs et ourlet avec fente lat\u00e9rale pour plus de confort et de mobilit\u00e9<\/li>\n<\/ul>\n","protected":false},"featured_media":382927,"template":"","meta":{"_acf_changed":false,"inline_featured_image":false},"product_brand":[],"product_cat":[24449,24482],"product_tag":[23530,23574],"class_list":{"0":"post-376106","1":"product","2":"type-product","3":"status-publish","4":"has-post-thumbnail","6":"product_cat-t-shirt-fr-3","7":"product_cat-vetements-pour-hommes-fr","8":"product_tag-under-armour-fr","9":"product_tag-under-armour-homme","10":"pa_attivita-fitness-fr","11":"pa_attivita-lifestyle-fr","12":"pa_attivita-marcher","13":"pa_attivita-running-fr","14":"pa_colore-launch-printed-ss-blue-atlantis-fr","15":"pa_marca-under-armour-fr","16":"pa_sesso-homme","17":"pa_size-small-fr","18":"pa_size-medium-fr","19":"pa_size-large-fr","21":"first","22":"instock","23":"sale","24":"taxable","25":"shipping-taxable","26":"purchasable","27":"product-type-variable","28":"wvs-archive-product-wrapper"},"acf":[],"yoast_head":"<!-- This site is optimized with the Yoast SEO plugin v26.8 - https:\/\/yoast.com\/product\/yoast-seo-wordpress\/ -->\n<title>Under Armour Launch printed homme - T-shirt de course \u00e0 pied - MioMioRun<\/title>\n<meta name=\"description\" content=\"Launch Printed : maillot de course l\u00e9ger et respirant en jacquard, \u00e0 s\u00e9chage rapide, \u00e9lasticit\u00e9 4 directions et technologie anti-odeurs. Confort extr\u00eame.\" \/>\n<meta name=\"robots\" content=\"index, follow, max-snippet:-1, max-image-preview:large, max-video-preview:-1\" \/>\n<link rel=\"canonical\" href=\"https:\/\/www.miomiorun.com\/fr\/produit\/launch-printed-homme\/\" \/>\n<meta property=\"og:locale\" content=\"fr_FR\" \/>\n<meta property=\"og:type\" content=\"article\" \/>\n<meta property=\"og:title\" content=\"Under Armour Launch printed homme - T-shirt de course \u00e0 pied - MioMioRun\" \/>\n<meta property=\"og:description\" content=\"Launch Printed : maillot de course l\u00e9ger et respirant en jacquard, \u00e0 s\u00e9chage rapide, \u00e9lasticit\u00e9 4 directions et technologie anti-odeurs. Confort extr\u00eame.\" \/>\n<meta property=\"og:url\" content=\"https:\/\/www.miomiorun.com\/fr\/produit\/launch-printed-homme\/\" \/>\n<meta property=\"og:site_name\" content=\"MioMioRun\" \/>\n<meta property=\"article:publisher\" content=\"https:\/\/www.facebook.com\/miomiorun\/\" \/>\n<meta property=\"article:modified_time\" content=\"2026-04-16T17:01:22+00:00\" \/>\n<meta property=\"og:image\" content=\"https:\/\/www.miomiorun.com\/app\/uploads\/2025\/12\/uncer-armour-Launch-printed-SS-blue-atlantis-6006110-0402.webp\" \/>\n\t<meta property=\"og:image:width\" content=\"720\" \/>\n\t<meta property=\"og:image:height\" content=\"720\" \/>\n\t<meta property=\"og:image:type\" content=\"image\/webp\" \/>\n<meta name=\"twitter:card\" content=\"summary_large_image\" \/>\n<meta name=\"twitter:label1\" content=\"Est. reading time\" \/>\n\t<meta name=\"twitter:data1\" content=\"1 minute\" \/>\n<script type=\"application\/ld+json\" class=\"yoast-schema-graph\">{\"@context\":\"https:\/\/schema.org\",\"@graph\":[{\"@type\":\"WebPage\",\"@id\":\"https:\/\/www.miomiorun.com\/fr\/produit\/launch-printed-homme\/\",\"url\":\"https:\/\/www.miomiorun.com\/fr\/produit\/launch-printed-homme\/\",\"name\":\"Under Armour Launch printed homme - T-shirt de course \u00e0 pied - MioMioRun\",\"isPartOf\":{\"@id\":\"https:\/\/www.miomiorun.com\/fr\/#website\"},\"primaryImageOfPage\":{\"@id\":\"https:\/\/www.miomiorun.com\/fr\/produit\/launch-printed-homme\/#primaryimage\"},\"image\":{\"@id\":\"https:\/\/www.miomiorun.com\/fr\/produit\/launch-printed-homme\/#primaryimage\"},\"thumbnailUrl\":\"https:\/\/www.miomiorun.com\/app\/uploads\/2025\/12\/uncer-armour-Launch-printed-SS-blue-atlantis-6006110-0402.webp\",\"datePublished\":\"2025-12-02T09:01:55+00:00\",\"dateModified\":\"2026-04-16T17:01:22+00:00\",\"description\":\"Launch Printed : maillot de course l\u00e9ger et respirant en jacquard, \u00e0 s\u00e9chage rapide, \u00e9lasticit\u00e9 4 directions et technologie anti-odeurs. Confort extr\u00eame.\",\"breadcrumb\":{\"@id\":\"https:\/\/www.miomiorun.com\/fr\/produit\/launch-printed-homme\/#breadcrumb\"},\"inLanguage\":\"fr-FR\",\"potentialAction\":[{\"@type\":\"ReadAction\",\"target\":[\"https:\/\/www.miomiorun.com\/fr\/produit\/launch-printed-homme\/\"]}]},{\"@type\":\"ImageObject\",\"inLanguage\":\"fr-FR\",\"@id\":\"https:\/\/www.miomiorun.com\/fr\/produit\/launch-printed-homme\/#primaryimage\",\"url\":\"https:\/\/www.miomiorun.com\/app\/uploads\/2025\/12\/uncer-armour-Launch-printed-SS-blue-atlantis-6006110-0402.webp\",\"contentUrl\":\"https:\/\/www.miomiorun.com\/app\/uploads\/2025\/12\/uncer-armour-Launch-printed-SS-blue-atlantis-6006110-0402.webp\",\"width\":720,\"height\":720,\"caption\":\"uncer armour Launch printed SS blue atlantis 6006110-0402\"},{\"@type\":\"BreadcrumbList\",\"@id\":\"https:\/\/www.miomiorun.com\/fr\/produit\/launch-printed-homme\/#breadcrumb\",\"itemListElement\":[{\"@type\":\"ListItem\",\"position\":1,\"name\":\"Home\",\"item\":\"https:\/\/www.miomiorun.com\/fr\/home-page\/\"},{\"@type\":\"ListItem\",\"position\":2,\"name\":\"Shop\",\"item\":\"https:\/\/www.miomiorun.com\/shop\/\"},{\"@type\":\"ListItem\",\"position\":3,\"name\":\"Launch printed homme\"}]},{\"@type\":\"WebSite\",\"@id\":\"https:\/\/www.miomiorun.com\/fr\/#website\",\"url\":\"https:\/\/www.miomiorun.com\/fr\/\",\"name\":\"MioMioRun\",\"description\":\"Boutique 100% running et trail\",\"publisher\":{\"@id\":\"https:\/\/www.miomiorun.com\/fr\/#organization\"},\"potentialAction\":[{\"@type\":\"SearchAction\",\"target\":{\"@type\":\"EntryPoint\",\"urlTemplate\":\"https:\/\/www.miomiorun.com\/fr\/?s={search_term_string}\"},\"query-input\":{\"@type\":\"PropertyValueSpecification\",\"valueRequired\":true,\"valueName\":\"search_term_string\"}}],\"inLanguage\":\"fr-FR\"},{\"@type\":\"Organization\",\"@id\":\"https:\/\/www.miomiorun.com\/fr\/#organization\",\"name\":\"MioMio Run\",\"url\":\"https:\/\/www.miomiorun.com\/fr\/\",\"logo\":{\"@type\":\"ImageObject\",\"inLanguage\":\"fr-FR\",\"@id\":\"https:\/\/www.miomiorun.com\/fr\/#\/schema\/logo\/image\/\",\"url\":\"https:\/\/www.miomiorun.com\/app\/uploads\/2019\/12\/logomio.png\",\"contentUrl\":\"https:\/\/www.miomiorun.com\/app\/uploads\/2019\/12\/logomio.png\",\"width\":115,\"height\":82,\"caption\":\"MioMio Run\"},\"image\":{\"@id\":\"https:\/\/www.miomiorun.com\/fr\/#\/schema\/logo\/image\/\"},\"sameAs\":[\"https:\/\/www.facebook.com\/miomiorun\/\",\"https:\/\/www.instagram.com\/miomiorun\/\"]}]}<\/script>\n<!-- \/ Yoast SEO plugin. -->","yoast_head_json":{"title":"Under Armour Launch printed homme - T-shirt de course \u00e0 pied - MioMioRun","description":"Launch Printed : maillot de course l\u00e9ger et respirant en jacquard, \u00e0 s\u00e9chage rapide, \u00e9lasticit\u00e9 4 directions et technologie anti-odeurs. Confort extr\u00eame.","robots":{"index":"index","follow":"follow","max-snippet":"max-snippet:-1","max-image-preview":"max-image-preview:large","max-video-preview":"max-video-preview:-1"},"canonical":"https:\/\/www.miomiorun.com\/fr\/produit\/launch-printed-homme\/","og_locale":"fr_FR","og_type":"article","og_title":"Under Armour Launch printed homme - T-shirt de course \u00e0 pied - MioMioRun","og_description":"Launch Printed : maillot de course l\u00e9ger et respirant en jacquard, \u00e0 s\u00e9chage rapide, \u00e9lasticit\u00e9 4 directions et technologie anti-odeurs. Confort extr\u00eame.","og_url":"https:\/\/www.miomiorun.com\/fr\/produit\/launch-printed-homme\/","og_site_name":"MioMioRun","article_publisher":"https:\/\/www.facebook.com\/miomiorun\/","article_modified_time":"2026-04-16T17:01:22+00:00","og_image":[{"width":720,"height":720,"url":"https:\/\/www.miomiorun.com\/app\/uploads\/2025\/12\/uncer-armour-Launch-printed-SS-blue-atlantis-6006110-0402.webp","type":"image\/webp"}],"twitter_card":"summary_large_image","twitter_misc":{"Est. reading time":"1 minute"},"schema":{"@context":"https:\/\/schema.org","@graph":[{"@type":"WebPage","@id":"https:\/\/www.miomiorun.com\/fr\/produit\/launch-printed-homme\/","url":"https:\/\/www.miomiorun.com\/fr\/produit\/launch-printed-homme\/","name":"Under Armour Launch printed homme - T-shirt de course \u00e0 pied - MioMioRun","isPartOf":{"@id":"https:\/\/www.miomiorun.com\/fr\/#website"},"primaryImageOfPage":{"@id":"https:\/\/www.miomiorun.com\/fr\/produit\/launch-printed-homme\/#primaryimage"},"image":{"@id":"https:\/\/www.miomiorun.com\/fr\/produit\/launch-printed-homme\/#primaryimage"},"thumbnailUrl":"https:\/\/www.miomiorun.com\/app\/uploads\/2025\/12\/uncer-armour-Launch-printed-SS-blue-atlantis-6006110-0402.webp","datePublished":"2025-12-02T09:01:55+00:00","dateModified":"2026-04-16T17:01:22+00:00","description":"Launch Printed : maillot de course l\u00e9ger et respirant en jacquard, \u00e0 s\u00e9chage rapide, \u00e9lasticit\u00e9 4 directions et technologie anti-odeurs. Confort extr\u00eame.","breadcrumb":{"@id":"https:\/\/www.miomiorun.com\/fr\/produit\/launch-printed-homme\/#breadcrumb"},"inLanguage":"fr-FR","potentialAction":[{"@type":"ReadAction","target":["https:\/\/www.miomiorun.com\/fr\/produit\/launch-printed-homme\/"]}]},{"@type":"ImageObject","inLanguage":"fr-FR","@id":"https:\/\/www.miomiorun.com\/fr\/produit\/launch-printed-homme\/#primaryimage","url":"https:\/\/www.miomiorun.com\/app\/uploads\/2025\/12\/uncer-armour-Launch-printed-SS-blue-atlantis-6006110-0402.webp","contentUrl":"https:\/\/www.miomiorun.com\/app\/uploads\/2025\/12\/uncer-armour-Launch-printed-SS-blue-atlantis-6006110-0402.webp","width":720,"height":720,"caption":"uncer armour Launch printed SS blue atlantis 6006110-0402"},{"@type":"BreadcrumbList","@id":"https:\/\/www.miomiorun.com\/fr\/produit\/launch-printed-homme\/#breadcrumb","itemListElement":[{"@type":"ListItem","position":1,"name":"Home","item":"https:\/\/www.miomiorun.com\/fr\/home-page\/"},{"@type":"ListItem","position":2,"name":"Shop","item":"https:\/\/www.miomiorun.com\/shop\/"},{"@type":"ListItem","position":3,"name":"Launch printed homme"}]},{"@type":"WebSite","@id":"https:\/\/www.miomiorun.com\/fr\/#website","url":"https:\/\/www.miomiorun.com\/fr\/","name":"MioMioRun","description":"Boutique 100% running et trail","publisher":{"@id":"https:\/\/www.miomiorun.com\/fr\/#organization"},"potentialAction":[{"@type":"SearchAction","target":{"@type":"EntryPoint","urlTemplate":"https:\/\/www.miomiorun.com\/fr\/?s={search_term_string}"},"query-input":{"@type":"PropertyValueSpecification","valueRequired":true,"valueName":"search_term_string"}}],"inLanguage":"fr-FR"},{"@type":"Organization","@id":"https:\/\/www.miomiorun.com\/fr\/#organization","name":"MioMio Run","url":"https:\/\/www.miomiorun.com\/fr\/","logo":{"@type":"ImageObject","inLanguage":"fr-FR","@id":"https:\/\/www.miomiorun.com\/fr\/#\/schema\/logo\/image\/","url":"https:\/\/www.miomiorun.com\/app\/uploads\/2019\/12\/logomio.png","contentUrl":"https:\/\/www.miomiorun.com\/app\/uploads\/2019\/12\/logomio.png","width":115,"height":82,"caption":"MioMio Run"},"image":{"@id":"https:\/\/www.miomiorun.com\/fr\/#\/schema\/logo\/image\/"},"sameAs":["https:\/\/www.facebook.com\/miomiorun\/","https:\/\/www.instagram.com\/miomiorun\/"]}]}},"_links":{"self":[{"href":"https:\/\/www.miomiorun.com\/fr\/wp-json\/wp\/v2\/product\/376106","targetHints":{"allow":["GET"]}}],"collection":[{"href":"https:\/\/www.miomiorun.com\/fr\/wp-json\/wp\/v2\/product"}],"about":[{"href":"https:\/\/www.miomiorun.com\/fr\/wp-json\/wp\/v2\/types\/product"}],"wp:featuredmedia":[{"embeddable":true,"href":"https:\/\/www.miomiorun.com\/fr\/wp-json\/wp\/v2\/media\/382927"}],"wp:attachment":[{"href":"https:\/\/www.miomiorun.com\/fr\/wp-json\/wp\/v2\/media?parent=376106"}],"wp:term":[{"taxonomy":"product_brand","embeddable":true,"href":"https:\/\/www.miomiorun.com\/fr\/wp-json\/wp\/v2\/product_brand?post=376106"},{"taxonomy":"product_cat","embeddable":true,"href":"https:\/\/www.miomiorun.com\/fr\/wp-json\/wp\/v2\/product_cat?post=376106"},{"taxonomy":"product_tag","embeddable":true,"href":"https:\/\/www.miomiorun.com\/fr\/wp-json\/wp\/v2\/product_tag?post=376106"}],"curies":[{"name":"wp","href":"https:\/\/api.w.org\/{rel}","templated":true}]}}