{"id":376023,"date":"2025-12-01T19:32:19","date_gmt":"2025-12-01T18:32:19","guid":{"rendered":"https:\/\/www.miomiorun.com\/?post_type=product&#038;p=376023"},"modified":"2026-04-16T19:01:33","modified_gmt":"2026-04-16T17:01:33","slug":"velociti-pro-cw-balaclava-homme","status":"publish","type":"product","link":"https:\/\/www.miomiorun.com\/fr\/produit\/velociti-pro-cw-balaclava-homme\/","title":{"rendered":"Velociti pro CW balaclava homme"},"content":{"rendered":"<p data-start=\"233\" data-end=\"619\">La <strong data-start=\"236\" data-end=\"273\">cagoule Velociti Pro CW pour homme<\/strong> est con\u00e7ue pour affronter les courses hivernales, lorsque le froid, le vent et la faible luminosit\u00e9 mettent chaque entra\u00eenement \u00e0 rude \u00e9preuve. Le tissu <strong data-start=\"404\" data-end=\"421\">double couche<\/strong>, avec un int\u00e9rieur bross\u00e9 extr\u00eamement chaud et un ext\u00e9rieur lisse \u00e0 s\u00e9chage rapide, retient efficacement la chaleur sans alourdir, garantissant confort et protection dans les conditions les plus rigoureuses.<\/p>\n<p data-start=\"621\" data-end=\"1052\">Le <strong data-start=\"624\" data-end=\"677\">panneau avant extensible et d\u00e9perlant<\/strong> prot\u00e8ge des intemp\u00e9ries, tandis que l&#8217;\u00e9lasticit\u00e9 dans les <strong data-start=\"726\" data-end=\"741\">4 directions<\/strong> permet des mouvements fluides et naturels. Le tissu absorbe la transpiration et s\u00e8che rapidement, vous gardant au sec pendant votre course. La <strong data-start=\"887\" data-end=\"914\">cagoule int\u00e9gr\u00e9e<\/strong>, fabriqu\u00e9e en maille jacquard respirante, offre un niveau suppl\u00e9mentaire de chaleur et de protection pour le visage, sans compromettre la ventilation.<\/p>\n<p data-start=\"1054\" data-end=\"1366\">Une <strong data-start=\"1077\" data-end=\"1114\">poche lat\u00e9rale avec fermeture \u00e9clair invisible<\/strong> pour ranger de petits objets et des <strong data-start=\"1147\" data-end=\"1169\">trous pour les pouces<\/strong> avec <strong data-start=\"1174\" data-end=\"1198\">manchettes rabattables<\/strong> qui maintiennent les manches en place et favorisent la thermor\u00e9gulation compl\u00e8tent le v\u00eatement. Les <strong data-start=\"1274\" data-end=\"1298\">d\u00e9tails r\u00e9fl\u00e9chissants<\/strong> am\u00e9liorent la visibilit\u00e9 lors des courses t\u00f4t le matin ou en soir\u00e9e.<\/p><\/p>\n","protected":false},"excerpt":{"rendered":"<ul>\n<li data-start=\"1612\" data-end=\"1677\">Tissu chaud double couche avec ext\u00e9rieur \u00e0 s\u00e9chage rapide<\/li>\n<li data-start=\"1680\" data-end=\"1749\">Cagoule int\u00e9gr\u00e9e en maille + panneau avant hydrofuge<\/li>\n<li data-start=\"1752\" data-end=\"1834\">Trous pour les pouces, poche zipp\u00e9e et d\u00e9tails r\u00e9fl\u00e9chissants pour plus de s\u00e9curit\u00e9 et de confort<\/li>\n<\/ul>\n","protected":false},"featured_media":382913,"template":"","meta":{"_acf_changed":false,"inline_featured_image":false},"product_brand":[],"product_cat":[24478,24482],"product_tag":[23530,23574],"class_list":{"0":"post-376023","1":"product","2":"type-product","3":"status-publish","4":"has-post-thumbnail","6":"product_cat-maillots-fr-2","7":"product_cat-vetements-pour-hommes-fr","8":"product_tag-under-armour-fr","9":"product_tag-under-armour-homme","10":"pa_attivita-marcher","11":"pa_attivita-running-fr","12":"pa_colore-velociti-pro-cw-balaclava-jasper-blue-fr","13":"pa_marca-under-armour-fr","14":"pa_sesso-homme","15":"pa_size-small-fr","16":"pa_size-medium-fr","17":"pa_size-large-fr","19":"first","20":"instock","21":"sale","22":"taxable","23":"shipping-taxable","24":"purchasable","25":"product-type-variable","26":"wvs-archive-product-wrapper"},"acf":[],"yoast_head":"<!-- This site is optimized with the Yoast SEO plugin v26.8 - https:\/\/yoast.com\/product\/yoast-seo-wordpress\/ -->\n<title>Under Armour Velociti pro CW balaclava homme - maillot de course \u00e0 pied - MioMioRun<\/title>\n<meta name=\"description\" content=\"Velociti Pro CW Balaclava Homme : sweat-shirt de course hivernal avec cagoule int\u00e9gr\u00e9e, empi\u00e8cement d\u00e9perlant, tissu chaud et d\u00e9tails r\u00e9fl\u00e9chissants.\" \/>\n<meta name=\"robots\" content=\"index, follow, max-snippet:-1, max-image-preview:large, max-video-preview:-1\" \/>\n<link rel=\"canonical\" href=\"https:\/\/www.miomiorun.com\/fr\/produit\/velociti-pro-cw-balaclava-homme\/\" \/>\n<meta property=\"og:locale\" content=\"fr_FR\" \/>\n<meta property=\"og:type\" content=\"article\" \/>\n<meta property=\"og:title\" content=\"Under Armour Velociti pro CW balaclava homme - maillot de course \u00e0 pied - MioMioRun\" \/>\n<meta property=\"og:description\" content=\"Velociti Pro CW Balaclava Homme : sweat-shirt de course hivernal avec cagoule int\u00e9gr\u00e9e, empi\u00e8cement d\u00e9perlant, tissu chaud et d\u00e9tails r\u00e9fl\u00e9chissants.\" \/>\n<meta property=\"og:url\" content=\"https:\/\/www.miomiorun.com\/fr\/produit\/velociti-pro-cw-balaclava-homme\/\" \/>\n<meta property=\"og:site_name\" content=\"MioMioRun\" \/>\n<meta property=\"article:publisher\" content=\"https:\/\/www.facebook.com\/miomiorun\/\" \/>\n<meta property=\"article:modified_time\" content=\"2026-04-16T17:01:33+00:00\" \/>\n<meta property=\"og:image\" content=\"https:\/\/www.miomiorun.com\/app\/uploads\/2025\/12\/under-armour-Velociti-pro-CW-balaclava-jasper-blue-6005969-0587.webp\" \/>\n\t<meta property=\"og:image:width\" content=\"720\" \/>\n\t<meta property=\"og:image:height\" content=\"720\" \/>\n\t<meta property=\"og:image:type\" content=\"image\/webp\" \/>\n<meta name=\"twitter:card\" content=\"summary_large_image\" \/>\n<meta name=\"twitter:label1\" content=\"Est. reading time\" \/>\n\t<meta name=\"twitter:data1\" content=\"1 minute\" \/>\n<script type=\"application\/ld+json\" class=\"yoast-schema-graph\">{\"@context\":\"https:\/\/schema.org\",\"@graph\":[{\"@type\":\"WebPage\",\"@id\":\"https:\/\/www.miomiorun.com\/fr\/produit\/velociti-pro-cw-balaclava-homme\/\",\"url\":\"https:\/\/www.miomiorun.com\/fr\/produit\/velociti-pro-cw-balaclava-homme\/\",\"name\":\"Under Armour Velociti pro CW balaclava homme - maillot de course \u00e0 pied - MioMioRun\",\"isPartOf\":{\"@id\":\"https:\/\/www.miomiorun.com\/fr\/#website\"},\"primaryImageOfPage\":{\"@id\":\"https:\/\/www.miomiorun.com\/fr\/produit\/velociti-pro-cw-balaclava-homme\/#primaryimage\"},\"image\":{\"@id\":\"https:\/\/www.miomiorun.com\/fr\/produit\/velociti-pro-cw-balaclava-homme\/#primaryimage\"},\"thumbnailUrl\":\"https:\/\/www.miomiorun.com\/app\/uploads\/2025\/12\/under-armour-Velociti-pro-CW-balaclava-jasper-blue-6005969-0587.webp\",\"datePublished\":\"2025-12-01T18:32:19+00:00\",\"dateModified\":\"2026-04-16T17:01:33+00:00\",\"description\":\"Velociti Pro CW Balaclava Homme : sweat-shirt de course hivernal avec cagoule int\u00e9gr\u00e9e, empi\u00e8cement d\u00e9perlant, tissu chaud et d\u00e9tails r\u00e9fl\u00e9chissants.\",\"breadcrumb\":{\"@id\":\"https:\/\/www.miomiorun.com\/fr\/produit\/velociti-pro-cw-balaclava-homme\/#breadcrumb\"},\"inLanguage\":\"fr-FR\",\"potentialAction\":[{\"@type\":\"ReadAction\",\"target\":[\"https:\/\/www.miomiorun.com\/fr\/produit\/velociti-pro-cw-balaclava-homme\/\"]}]},{\"@type\":\"ImageObject\",\"inLanguage\":\"fr-FR\",\"@id\":\"https:\/\/www.miomiorun.com\/fr\/produit\/velociti-pro-cw-balaclava-homme\/#primaryimage\",\"url\":\"https:\/\/www.miomiorun.com\/app\/uploads\/2025\/12\/under-armour-Velociti-pro-CW-balaclava-jasper-blue-6005969-0587.webp\",\"contentUrl\":\"https:\/\/www.miomiorun.com\/app\/uploads\/2025\/12\/under-armour-Velociti-pro-CW-balaclava-jasper-blue-6005969-0587.webp\",\"width\":720,\"height\":720,\"caption\":\"under armour Velociti pro CW balaclava jasper blue 6005969-0587\"},{\"@type\":\"BreadcrumbList\",\"@id\":\"https:\/\/www.miomiorun.com\/fr\/produit\/velociti-pro-cw-balaclava-homme\/#breadcrumb\",\"itemListElement\":[{\"@type\":\"ListItem\",\"position\":1,\"name\":\"Home\",\"item\":\"https:\/\/www.miomiorun.com\/fr\/home-page\/\"},{\"@type\":\"ListItem\",\"position\":2,\"name\":\"Shop\",\"item\":\"https:\/\/www.miomiorun.com\/shop\/\"},{\"@type\":\"ListItem\",\"position\":3,\"name\":\"Velociti pro CW balaclava homme\"}]},{\"@type\":\"WebSite\",\"@id\":\"https:\/\/www.miomiorun.com\/fr\/#website\",\"url\":\"https:\/\/www.miomiorun.com\/fr\/\",\"name\":\"MioMioRun\",\"description\":\"Boutique 100% running et trail\",\"publisher\":{\"@id\":\"https:\/\/www.miomiorun.com\/fr\/#organization\"},\"potentialAction\":[{\"@type\":\"SearchAction\",\"target\":{\"@type\":\"EntryPoint\",\"urlTemplate\":\"https:\/\/www.miomiorun.com\/fr\/?s={search_term_string}\"},\"query-input\":{\"@type\":\"PropertyValueSpecification\",\"valueRequired\":true,\"valueName\":\"search_term_string\"}}],\"inLanguage\":\"fr-FR\"},{\"@type\":\"Organization\",\"@id\":\"https:\/\/www.miomiorun.com\/fr\/#organization\",\"name\":\"MioMio Run\",\"url\":\"https:\/\/www.miomiorun.com\/fr\/\",\"logo\":{\"@type\":\"ImageObject\",\"inLanguage\":\"fr-FR\",\"@id\":\"https:\/\/www.miomiorun.com\/fr\/#\/schema\/logo\/image\/\",\"url\":\"https:\/\/www.miomiorun.com\/app\/uploads\/2019\/12\/logomio.png\",\"contentUrl\":\"https:\/\/www.miomiorun.com\/app\/uploads\/2019\/12\/logomio.png\",\"width\":115,\"height\":82,\"caption\":\"MioMio Run\"},\"image\":{\"@id\":\"https:\/\/www.miomiorun.com\/fr\/#\/schema\/logo\/image\/\"},\"sameAs\":[\"https:\/\/www.facebook.com\/miomiorun\/\",\"https:\/\/www.instagram.com\/miomiorun\/\"]}]}<\/script>\n<!-- \/ Yoast SEO plugin. -->","yoast_head_json":{"title":"Under Armour Velociti pro CW balaclava homme - maillot de course \u00e0 pied - MioMioRun","description":"Velociti Pro CW Balaclava Homme : sweat-shirt de course hivernal avec cagoule int\u00e9gr\u00e9e, empi\u00e8cement d\u00e9perlant, tissu chaud et d\u00e9tails r\u00e9fl\u00e9chissants.","robots":{"index":"index","follow":"follow","max-snippet":"max-snippet:-1","max-image-preview":"max-image-preview:large","max-video-preview":"max-video-preview:-1"},"canonical":"https:\/\/www.miomiorun.com\/fr\/produit\/velociti-pro-cw-balaclava-homme\/","og_locale":"fr_FR","og_type":"article","og_title":"Under Armour Velociti pro CW balaclava homme - maillot de course \u00e0 pied - MioMioRun","og_description":"Velociti Pro CW Balaclava Homme : sweat-shirt de course hivernal avec cagoule int\u00e9gr\u00e9e, empi\u00e8cement d\u00e9perlant, tissu chaud et d\u00e9tails r\u00e9fl\u00e9chissants.","og_url":"https:\/\/www.miomiorun.com\/fr\/produit\/velociti-pro-cw-balaclava-homme\/","og_site_name":"MioMioRun","article_publisher":"https:\/\/www.facebook.com\/miomiorun\/","article_modified_time":"2026-04-16T17:01:33+00:00","og_image":[{"width":720,"height":720,"url":"https:\/\/www.miomiorun.com\/app\/uploads\/2025\/12\/under-armour-Velociti-pro-CW-balaclava-jasper-blue-6005969-0587.webp","type":"image\/webp"}],"twitter_card":"summary_large_image","twitter_misc":{"Est. reading time":"1 minute"},"schema":{"@context":"https:\/\/schema.org","@graph":[{"@type":"WebPage","@id":"https:\/\/www.miomiorun.com\/fr\/produit\/velociti-pro-cw-balaclava-homme\/","url":"https:\/\/www.miomiorun.com\/fr\/produit\/velociti-pro-cw-balaclava-homme\/","name":"Under Armour Velociti pro CW balaclava homme - maillot de course \u00e0 pied - MioMioRun","isPartOf":{"@id":"https:\/\/www.miomiorun.com\/fr\/#website"},"primaryImageOfPage":{"@id":"https:\/\/www.miomiorun.com\/fr\/produit\/velociti-pro-cw-balaclava-homme\/#primaryimage"},"image":{"@id":"https:\/\/www.miomiorun.com\/fr\/produit\/velociti-pro-cw-balaclava-homme\/#primaryimage"},"thumbnailUrl":"https:\/\/www.miomiorun.com\/app\/uploads\/2025\/12\/under-armour-Velociti-pro-CW-balaclava-jasper-blue-6005969-0587.webp","datePublished":"2025-12-01T18:32:19+00:00","dateModified":"2026-04-16T17:01:33+00:00","description":"Velociti Pro CW Balaclava Homme : sweat-shirt de course hivernal avec cagoule int\u00e9gr\u00e9e, empi\u00e8cement d\u00e9perlant, tissu chaud et d\u00e9tails r\u00e9fl\u00e9chissants.","breadcrumb":{"@id":"https:\/\/www.miomiorun.com\/fr\/produit\/velociti-pro-cw-balaclava-homme\/#breadcrumb"},"inLanguage":"fr-FR","potentialAction":[{"@type":"ReadAction","target":["https:\/\/www.miomiorun.com\/fr\/produit\/velociti-pro-cw-balaclava-homme\/"]}]},{"@type":"ImageObject","inLanguage":"fr-FR","@id":"https:\/\/www.miomiorun.com\/fr\/produit\/velociti-pro-cw-balaclava-homme\/#primaryimage","url":"https:\/\/www.miomiorun.com\/app\/uploads\/2025\/12\/under-armour-Velociti-pro-CW-balaclava-jasper-blue-6005969-0587.webp","contentUrl":"https:\/\/www.miomiorun.com\/app\/uploads\/2025\/12\/under-armour-Velociti-pro-CW-balaclava-jasper-blue-6005969-0587.webp","width":720,"height":720,"caption":"under armour Velociti pro CW balaclava jasper blue 6005969-0587"},{"@type":"BreadcrumbList","@id":"https:\/\/www.miomiorun.com\/fr\/produit\/velociti-pro-cw-balaclava-homme\/#breadcrumb","itemListElement":[{"@type":"ListItem","position":1,"name":"Home","item":"https:\/\/www.miomiorun.com\/fr\/home-page\/"},{"@type":"ListItem","position":2,"name":"Shop","item":"https:\/\/www.miomiorun.com\/shop\/"},{"@type":"ListItem","position":3,"name":"Velociti pro CW balaclava homme"}]},{"@type":"WebSite","@id":"https:\/\/www.miomiorun.com\/fr\/#website","url":"https:\/\/www.miomiorun.com\/fr\/","name":"MioMioRun","description":"Boutique 100% running et trail","publisher":{"@id":"https:\/\/www.miomiorun.com\/fr\/#organization"},"potentialAction":[{"@type":"SearchAction","target":{"@type":"EntryPoint","urlTemplate":"https:\/\/www.miomiorun.com\/fr\/?s={search_term_string}"},"query-input":{"@type":"PropertyValueSpecification","valueRequired":true,"valueName":"search_term_string"}}],"inLanguage":"fr-FR"},{"@type":"Organization","@id":"https:\/\/www.miomiorun.com\/fr\/#organization","name":"MioMio Run","url":"https:\/\/www.miomiorun.com\/fr\/","logo":{"@type":"ImageObject","inLanguage":"fr-FR","@id":"https:\/\/www.miomiorun.com\/fr\/#\/schema\/logo\/image\/","url":"https:\/\/www.miomiorun.com\/app\/uploads\/2019\/12\/logomio.png","contentUrl":"https:\/\/www.miomiorun.com\/app\/uploads\/2019\/12\/logomio.png","width":115,"height":82,"caption":"MioMio Run"},"image":{"@id":"https:\/\/www.miomiorun.com\/fr\/#\/schema\/logo\/image\/"},"sameAs":["https:\/\/www.facebook.com\/miomiorun\/","https:\/\/www.instagram.com\/miomiorun\/"]}]}},"_links":{"self":[{"href":"https:\/\/www.miomiorun.com\/fr\/wp-json\/wp\/v2\/product\/376023","targetHints":{"allow":["GET"]}}],"collection":[{"href":"https:\/\/www.miomiorun.com\/fr\/wp-json\/wp\/v2\/product"}],"about":[{"href":"https:\/\/www.miomiorun.com\/fr\/wp-json\/wp\/v2\/types\/product"}],"wp:featuredmedia":[{"embeddable":true,"href":"https:\/\/www.miomiorun.com\/fr\/wp-json\/wp\/v2\/media\/382913"}],"wp:attachment":[{"href":"https:\/\/www.miomiorun.com\/fr\/wp-json\/wp\/v2\/media?parent=376023"}],"wp:term":[{"taxonomy":"product_brand","embeddable":true,"href":"https:\/\/www.miomiorun.com\/fr\/wp-json\/wp\/v2\/product_brand?post=376023"},{"taxonomy":"product_cat","embeddable":true,"href":"https:\/\/www.miomiorun.com\/fr\/wp-json\/wp\/v2\/product_cat?post=376023"},{"taxonomy":"product_tag","embeddable":true,"href":"https:\/\/www.miomiorun.com\/fr\/wp-json\/wp\/v2\/product_tag?post=376023"}],"curies":[{"name":"wp","href":"https:\/\/api.w.org\/{rel}","templated":true}]}}