{"id":375635,"date":"2025-11-29T12:27:12","date_gmt":"2025-11-29T11:27:12","guid":{"rendered":"https:\/\/www.miomiorun.com\/?post_type=product&#038;p=375635"},"modified":"2026-04-16T19:01:56","modified_gmt":"2026-04-16T17:01:56","slug":"velociti-pro-storm-jacket-homme","status":"publish","type":"product","link":"https:\/\/www.miomiorun.com\/fr\/produit\/velociti-pro-storm-jacket-homme\/","title":{"rendered":"Velociti Pro Storm Jacket homme"},"content":{"rendered":"<p data-start=\"156\" data-end=\"594\">La <strong data-start=\"159\" data-end=\"188\">Velociti Pro Storm Jacket<\/strong> est le choix id\u00e9al pour continuer \u00e0 courir m\u00eame lorsque la m\u00e9t\u00e9o n&#8217;est pas de votre c\u00f4t\u00e9. Gr\u00e2ce \u00e0 la technologie <strong data-start=\"301\" data-end=\"313\">UA Storm<\/strong>, elle repousse l&#8217;eau sans compromettre la respirabilit\u00e9, vous permettant de maintenir un rythme constant m\u00eame sous la pluie. Le tissu est incroyablement <strong data-start=\"469\" data-end=\"497\">l\u00e9ger et extensible<\/strong>, avec un panneau avant en <strong data-start=\"528\" data-end=\"539\">ripstop<\/strong> qui augmente la durabilit\u00e9 et la protection sans ajouter de poids.<\/p>\n<p data-start=\"596\" data-end=\"1211\">Les ouvertures \u00e0 l&#8217;avant et \u00e0 l&#8217;arri\u00e8re favorisent une excellente circulation de l&#8217;air, emp\u00eachant ainsi la surchauffe pendant l&#8217;activit\u00e9. La <strong data-start=\"734\" data-end=\"758\">capuche ajustable<\/strong> vous prot\u00e8ge des intemp\u00e9ries, tandis que les <strong data-start=\"795\" data-end=\"813\">poches zipp\u00e9es<\/strong> et la poche int\u00e9rieure pour appareils multim\u00e9dias offrent toute la praticit\u00e9 dont vous avez besoin. Les <strong data-start=\"911\" data-end=\"936\">poignets \u00e9lastiques<\/strong> assurent un ajustement ajust\u00e9 et confortable. Les <strong data-start=\"1005\" data-end=\"1029\">d\u00e9tails r\u00e9fl\u00e9chissants<\/strong>, essentiels pour \u00eatre visible lors des courses dans des conditions de faible luminosit\u00e9, ne manquent pas. De plus, le tissu principal contient au moins <strong data-start=\"1146\" data-end=\"1177\">80 % de polyester recycl\u00e9<\/strong>, pour un choix plus responsable.<\/p><\/p>\n","protected":false},"excerpt":{"rendered":"<ul>\n<li data-start=\"1471\" data-end=\"1532\">Technologie UA Storm : hydrofuge et hautement respirante<\/li>\n<li data-start=\"1535\" data-end=\"1620\">Tissu l\u00e9ger et extensible avec empi\u00e8cement ripstop \u00e0 l&#8217;avant pour une plus grande durabilit\u00e9<\/li>\n<li data-start=\"1623\" data-end=\"1712\">Ouvertures d&#8217;a\u00e9ration + capuche ajustable + poches zipp\u00e9es et d\u00e9tails r\u00e9fl\u00e9chissants<\/li>\n<\/ul>\n","protected":false},"featured_media":382892,"template":"","meta":{"_acf_changed":false,"inline_featured_image":false},"product_brand":[],"product_cat":[24480,24482],"product_tag":[23530,23574],"class_list":{"0":"post-375635","1":"product","2":"type-product","3":"status-publish","4":"has-post-thumbnail","6":"product_cat-vestes-fr-2","7":"product_cat-vetements-pour-hommes-fr","8":"product_tag-under-armour-fr","9":"product_tag-under-armour-homme","10":"pa_attivita-fitness-fr","11":"pa_attivita-lifestyle-fr","12":"pa_attivita-marcher","13":"pa_attivita-running-fr","14":"pa_colore-velociti-pro-strom-jacket-anthracite-fr","15":"pa_marca-under-armour-fr","16":"pa_sesso-homme","17":"pa_size-small-fr","18":"pa_size-medium-fr","19":"pa_size-large-fr","21":"first","22":"instock","23":"sale","24":"taxable","25":"shipping-taxable","26":"purchasable","27":"product-type-variable","28":"wvs-archive-product-wrapper"},"acf":[],"yoast_head":"<!-- This site is optimized with the Yoast SEO plugin v26.8 - https:\/\/yoast.com\/product\/yoast-seo-wordpress\/ -->\n<title>Under Armour Velociti Pro Storm Jacket homme - veste imperm\u00e9able- MioMioRun<\/title>\n<meta name=\"description\" content=\"Velociti Pro Storm Jacket : veste de course imperm\u00e9able, l\u00e9g\u00e8re et respirante avec UA Storm, empi\u00e8cement ripstop, capuche ajustable et \u00e9l\u00e9ments r\u00e9fl\u00e9chissants.\" \/>\n<meta name=\"robots\" content=\"index, follow, max-snippet:-1, max-image-preview:large, max-video-preview:-1\" \/>\n<link rel=\"canonical\" href=\"https:\/\/www.miomiorun.com\/fr\/produit\/velociti-pro-storm-jacket-homme\/\" \/>\n<meta property=\"og:locale\" content=\"fr_FR\" \/>\n<meta property=\"og:type\" content=\"article\" \/>\n<meta property=\"og:title\" content=\"Under Armour Velociti Pro Storm Jacket homme - veste imperm\u00e9able- MioMioRun\" \/>\n<meta property=\"og:description\" content=\"Velociti Pro Storm Jacket : veste de course imperm\u00e9able, l\u00e9g\u00e8re et respirante avec UA Storm, empi\u00e8cement ripstop, capuche ajustable et \u00e9l\u00e9ments r\u00e9fl\u00e9chissants.\" \/>\n<meta property=\"og:url\" content=\"https:\/\/www.miomiorun.com\/fr\/produit\/velociti-pro-storm-jacket-homme\/\" \/>\n<meta property=\"og:site_name\" content=\"MioMioRun\" \/>\n<meta property=\"article:publisher\" content=\"https:\/\/www.facebook.com\/miomiorun\/\" \/>\n<meta property=\"article:modified_time\" content=\"2026-04-16T17:01:56+00:00\" \/>\n<meta property=\"og:image\" content=\"https:\/\/www.miomiorun.com\/app\/uploads\/2025\/12\/under-armour-Velociti-pro-strom-jacket-anthracite-6005897-0016.webp\" \/>\n\t<meta property=\"og:image:width\" content=\"720\" \/>\n\t<meta property=\"og:image:height\" content=\"720\" \/>\n\t<meta property=\"og:image:type\" content=\"image\/webp\" \/>\n<meta name=\"twitter:card\" content=\"summary_large_image\" \/>\n<meta name=\"twitter:label1\" content=\"Est. reading time\" \/>\n\t<meta name=\"twitter:data1\" content=\"1 minute\" \/>\n<script type=\"application\/ld+json\" class=\"yoast-schema-graph\">{\"@context\":\"https:\/\/schema.org\",\"@graph\":[{\"@type\":\"WebPage\",\"@id\":\"https:\/\/www.miomiorun.com\/fr\/produit\/velociti-pro-storm-jacket-homme\/\",\"url\":\"https:\/\/www.miomiorun.com\/fr\/produit\/velociti-pro-storm-jacket-homme\/\",\"name\":\"Under Armour Velociti Pro Storm Jacket homme - veste imperm\u00e9able- MioMioRun\",\"isPartOf\":{\"@id\":\"https:\/\/www.miomiorun.com\/fr\/#website\"},\"primaryImageOfPage\":{\"@id\":\"https:\/\/www.miomiorun.com\/fr\/produit\/velociti-pro-storm-jacket-homme\/#primaryimage\"},\"image\":{\"@id\":\"https:\/\/www.miomiorun.com\/fr\/produit\/velociti-pro-storm-jacket-homme\/#primaryimage\"},\"thumbnailUrl\":\"https:\/\/www.miomiorun.com\/app\/uploads\/2025\/12\/under-armour-Velociti-pro-strom-jacket-anthracite-6005897-0016.webp\",\"datePublished\":\"2025-11-29T11:27:12+00:00\",\"dateModified\":\"2026-04-16T17:01:56+00:00\",\"description\":\"Velociti Pro Storm Jacket : veste de course imperm\u00e9able, l\u00e9g\u00e8re et respirante avec UA Storm, empi\u00e8cement ripstop, capuche ajustable et \u00e9l\u00e9ments r\u00e9fl\u00e9chissants.\",\"breadcrumb\":{\"@id\":\"https:\/\/www.miomiorun.com\/fr\/produit\/velociti-pro-storm-jacket-homme\/#breadcrumb\"},\"inLanguage\":\"fr-FR\",\"potentialAction\":[{\"@type\":\"ReadAction\",\"target\":[\"https:\/\/www.miomiorun.com\/fr\/produit\/velociti-pro-storm-jacket-homme\/\"]}]},{\"@type\":\"ImageObject\",\"inLanguage\":\"fr-FR\",\"@id\":\"https:\/\/www.miomiorun.com\/fr\/produit\/velociti-pro-storm-jacket-homme\/#primaryimage\",\"url\":\"https:\/\/www.miomiorun.com\/app\/uploads\/2025\/12\/under-armour-Velociti-pro-strom-jacket-anthracite-6005897-0016.webp\",\"contentUrl\":\"https:\/\/www.miomiorun.com\/app\/uploads\/2025\/12\/under-armour-Velociti-pro-strom-jacket-anthracite-6005897-0016.webp\",\"width\":720,\"height\":720,\"caption\":\"under armour Velociti pro strom jacket anthracite 6005897-0016\"},{\"@type\":\"BreadcrumbList\",\"@id\":\"https:\/\/www.miomiorun.com\/fr\/produit\/velociti-pro-storm-jacket-homme\/#breadcrumb\",\"itemListElement\":[{\"@type\":\"ListItem\",\"position\":1,\"name\":\"Home\",\"item\":\"https:\/\/www.miomiorun.com\/fr\/home-page\/\"},{\"@type\":\"ListItem\",\"position\":2,\"name\":\"Shop\",\"item\":\"https:\/\/www.miomiorun.com\/shop\/\"},{\"@type\":\"ListItem\",\"position\":3,\"name\":\"Velociti Pro Storm Jacket homme\"}]},{\"@type\":\"WebSite\",\"@id\":\"https:\/\/www.miomiorun.com\/fr\/#website\",\"url\":\"https:\/\/www.miomiorun.com\/fr\/\",\"name\":\"MioMioRun\",\"description\":\"Boutique 100% running et trail\",\"publisher\":{\"@id\":\"https:\/\/www.miomiorun.com\/fr\/#organization\"},\"potentialAction\":[{\"@type\":\"SearchAction\",\"target\":{\"@type\":\"EntryPoint\",\"urlTemplate\":\"https:\/\/www.miomiorun.com\/fr\/?s={search_term_string}\"},\"query-input\":{\"@type\":\"PropertyValueSpecification\",\"valueRequired\":true,\"valueName\":\"search_term_string\"}}],\"inLanguage\":\"fr-FR\"},{\"@type\":\"Organization\",\"@id\":\"https:\/\/www.miomiorun.com\/fr\/#organization\",\"name\":\"MioMio Run\",\"url\":\"https:\/\/www.miomiorun.com\/fr\/\",\"logo\":{\"@type\":\"ImageObject\",\"inLanguage\":\"fr-FR\",\"@id\":\"https:\/\/www.miomiorun.com\/fr\/#\/schema\/logo\/image\/\",\"url\":\"https:\/\/www.miomiorun.com\/app\/uploads\/2019\/12\/logomio.png\",\"contentUrl\":\"https:\/\/www.miomiorun.com\/app\/uploads\/2019\/12\/logomio.png\",\"width\":115,\"height\":82,\"caption\":\"MioMio Run\"},\"image\":{\"@id\":\"https:\/\/www.miomiorun.com\/fr\/#\/schema\/logo\/image\/\"},\"sameAs\":[\"https:\/\/www.facebook.com\/miomiorun\/\",\"https:\/\/www.instagram.com\/miomiorun\/\"]}]}<\/script>\n<!-- \/ Yoast SEO plugin. -->","yoast_head_json":{"title":"Under Armour Velociti Pro Storm Jacket homme - veste imperm\u00e9able- MioMioRun","description":"Velociti Pro Storm Jacket : veste de course imperm\u00e9able, l\u00e9g\u00e8re et respirante avec UA Storm, empi\u00e8cement ripstop, capuche ajustable et \u00e9l\u00e9ments r\u00e9fl\u00e9chissants.","robots":{"index":"index","follow":"follow","max-snippet":"max-snippet:-1","max-image-preview":"max-image-preview:large","max-video-preview":"max-video-preview:-1"},"canonical":"https:\/\/www.miomiorun.com\/fr\/produit\/velociti-pro-storm-jacket-homme\/","og_locale":"fr_FR","og_type":"article","og_title":"Under Armour Velociti Pro Storm Jacket homme - veste imperm\u00e9able- MioMioRun","og_description":"Velociti Pro Storm Jacket : veste de course imperm\u00e9able, l\u00e9g\u00e8re et respirante avec UA Storm, empi\u00e8cement ripstop, capuche ajustable et \u00e9l\u00e9ments r\u00e9fl\u00e9chissants.","og_url":"https:\/\/www.miomiorun.com\/fr\/produit\/velociti-pro-storm-jacket-homme\/","og_site_name":"MioMioRun","article_publisher":"https:\/\/www.facebook.com\/miomiorun\/","article_modified_time":"2026-04-16T17:01:56+00:00","og_image":[{"width":720,"height":720,"url":"https:\/\/www.miomiorun.com\/app\/uploads\/2025\/12\/under-armour-Velociti-pro-strom-jacket-anthracite-6005897-0016.webp","type":"image\/webp"}],"twitter_card":"summary_large_image","twitter_misc":{"Est. reading time":"1 minute"},"schema":{"@context":"https:\/\/schema.org","@graph":[{"@type":"WebPage","@id":"https:\/\/www.miomiorun.com\/fr\/produit\/velociti-pro-storm-jacket-homme\/","url":"https:\/\/www.miomiorun.com\/fr\/produit\/velociti-pro-storm-jacket-homme\/","name":"Under Armour Velociti Pro Storm Jacket homme - veste imperm\u00e9able- MioMioRun","isPartOf":{"@id":"https:\/\/www.miomiorun.com\/fr\/#website"},"primaryImageOfPage":{"@id":"https:\/\/www.miomiorun.com\/fr\/produit\/velociti-pro-storm-jacket-homme\/#primaryimage"},"image":{"@id":"https:\/\/www.miomiorun.com\/fr\/produit\/velociti-pro-storm-jacket-homme\/#primaryimage"},"thumbnailUrl":"https:\/\/www.miomiorun.com\/app\/uploads\/2025\/12\/under-armour-Velociti-pro-strom-jacket-anthracite-6005897-0016.webp","datePublished":"2025-11-29T11:27:12+00:00","dateModified":"2026-04-16T17:01:56+00:00","description":"Velociti Pro Storm Jacket : veste de course imperm\u00e9able, l\u00e9g\u00e8re et respirante avec UA Storm, empi\u00e8cement ripstop, capuche ajustable et \u00e9l\u00e9ments r\u00e9fl\u00e9chissants.","breadcrumb":{"@id":"https:\/\/www.miomiorun.com\/fr\/produit\/velociti-pro-storm-jacket-homme\/#breadcrumb"},"inLanguage":"fr-FR","potentialAction":[{"@type":"ReadAction","target":["https:\/\/www.miomiorun.com\/fr\/produit\/velociti-pro-storm-jacket-homme\/"]}]},{"@type":"ImageObject","inLanguage":"fr-FR","@id":"https:\/\/www.miomiorun.com\/fr\/produit\/velociti-pro-storm-jacket-homme\/#primaryimage","url":"https:\/\/www.miomiorun.com\/app\/uploads\/2025\/12\/under-armour-Velociti-pro-strom-jacket-anthracite-6005897-0016.webp","contentUrl":"https:\/\/www.miomiorun.com\/app\/uploads\/2025\/12\/under-armour-Velociti-pro-strom-jacket-anthracite-6005897-0016.webp","width":720,"height":720,"caption":"under armour Velociti pro strom jacket anthracite 6005897-0016"},{"@type":"BreadcrumbList","@id":"https:\/\/www.miomiorun.com\/fr\/produit\/velociti-pro-storm-jacket-homme\/#breadcrumb","itemListElement":[{"@type":"ListItem","position":1,"name":"Home","item":"https:\/\/www.miomiorun.com\/fr\/home-page\/"},{"@type":"ListItem","position":2,"name":"Shop","item":"https:\/\/www.miomiorun.com\/shop\/"},{"@type":"ListItem","position":3,"name":"Velociti Pro Storm Jacket homme"}]},{"@type":"WebSite","@id":"https:\/\/www.miomiorun.com\/fr\/#website","url":"https:\/\/www.miomiorun.com\/fr\/","name":"MioMioRun","description":"Boutique 100% running et trail","publisher":{"@id":"https:\/\/www.miomiorun.com\/fr\/#organization"},"potentialAction":[{"@type":"SearchAction","target":{"@type":"EntryPoint","urlTemplate":"https:\/\/www.miomiorun.com\/fr\/?s={search_term_string}"},"query-input":{"@type":"PropertyValueSpecification","valueRequired":true,"valueName":"search_term_string"}}],"inLanguage":"fr-FR"},{"@type":"Organization","@id":"https:\/\/www.miomiorun.com\/fr\/#organization","name":"MioMio Run","url":"https:\/\/www.miomiorun.com\/fr\/","logo":{"@type":"ImageObject","inLanguage":"fr-FR","@id":"https:\/\/www.miomiorun.com\/fr\/#\/schema\/logo\/image\/","url":"https:\/\/www.miomiorun.com\/app\/uploads\/2019\/12\/logomio.png","contentUrl":"https:\/\/www.miomiorun.com\/app\/uploads\/2019\/12\/logomio.png","width":115,"height":82,"caption":"MioMio Run"},"image":{"@id":"https:\/\/www.miomiorun.com\/fr\/#\/schema\/logo\/image\/"},"sameAs":["https:\/\/www.facebook.com\/miomiorun\/","https:\/\/www.instagram.com\/miomiorun\/"]}]}},"_links":{"self":[{"href":"https:\/\/www.miomiorun.com\/fr\/wp-json\/wp\/v2\/product\/375635","targetHints":{"allow":["GET"]}}],"collection":[{"href":"https:\/\/www.miomiorun.com\/fr\/wp-json\/wp\/v2\/product"}],"about":[{"href":"https:\/\/www.miomiorun.com\/fr\/wp-json\/wp\/v2\/types\/product"}],"wp:featuredmedia":[{"embeddable":true,"href":"https:\/\/www.miomiorun.com\/fr\/wp-json\/wp\/v2\/media\/382892"}],"wp:attachment":[{"href":"https:\/\/www.miomiorun.com\/fr\/wp-json\/wp\/v2\/media?parent=375635"}],"wp:term":[{"taxonomy":"product_brand","embeddable":true,"href":"https:\/\/www.miomiorun.com\/fr\/wp-json\/wp\/v2\/product_brand?post=375635"},{"taxonomy":"product_cat","embeddable":true,"href":"https:\/\/www.miomiorun.com\/fr\/wp-json\/wp\/v2\/product_cat?post=375635"},{"taxonomy":"product_tag","embeddable":true,"href":"https:\/\/www.miomiorun.com\/fr\/wp-json\/wp\/v2\/product_tag?post=375635"}],"curies":[{"name":"wp","href":"https:\/\/api.w.org\/{rel}","templated":true}]}}