{"id":375593,"date":"2025-11-29T12:17:12","date_gmt":"2025-11-29T11:17:12","guid":{"rendered":"https:\/\/www.miomiorun.com\/?post_type=product&#038;p=375593"},"modified":"2026-04-16T19:02:08","modified_gmt":"2026-04-16T17:02:08","slug":"launch-1-4-zip-homme","status":"publish","type":"product","link":"https:\/\/www.miomiorun.com\/fr\/produit\/launch-1-4-zip-homme\/","title":{"rendered":"Launch 1\/4 zip homme"},"content":{"rendered":"<p data-start=\"150\" data-end=\"492\">La <strong data-start=\"153\" data-end=\"176\">Launch 1\/4 Zip <\/strong>est con\u00e7ue pour vous accompagner dans vos courses les plus longues et les plus rapides, offrant une combinaison id\u00e9ale de <strong data-start=\"277\" data-end=\"320\">l\u00e9g\u00e8ret\u00e9, d&#8217;\u00e9lasticit\u00e9 et de respirabilit\u00e9<\/strong>. Fabriqu\u00e9e dans un tissu doux et ultra-l\u00e9ger \u00e0 s\u00e9chage rapide, elle offre un confort exceptionnel et une sensation si naturelle que vous aurez l&#8217;impression de ne rien porter.<\/p>\n<p data-start=\"494\" data-end=\"819\">Le tissu g\u00e8re efficacement l&#8217;humidit\u00e9 : il absorbe la transpiration, s\u00e8che rapidement et garde la peau au frais, m\u00eame pendant les entra\u00eenements intenses. L&#8217;\u00e9lasticit\u00e9 dans les <strong data-start=\"665\" data-end=\"680\">4 directions<\/strong> favorise une mobilit\u00e9 totale, tandis que l&#8217;ouverture \u00e0 <strong data-start=\"732\" data-end=\"741\">\u00bc zip<\/strong> facilite la gestion des couches et le r\u00e9glage de la temp\u00e9rature.<\/p>\n<p data-start=\"821\" data-end=\"1208\">Les <strong data-start=\"823\" data-end=\"845\">trous pour les pouces<\/strong> maintiennent les manches en place et offrent une protection suppl\u00e9mentaire contre le froid, tandis que les <strong data-start=\"949\" data-end=\"969\">fentes lat\u00e9rales<\/strong> augmentent la respirabilit\u00e9 lors des efforts intenses. Les <strong data-start=\"1031\" data-end=\"1055\">d\u00e9tails r\u00e9fl\u00e9chissants<\/strong> am\u00e9liorent la visibilit\u00e9 lors des courses dans des conditions de faible luminosit\u00e9. Un v\u00eatement indispensable pour ceux qui recherchent des performances \u00e9lev\u00e9es sans compromis.<\/p><\/p>\n","protected":false},"excerpt":{"rendered":"<ul>\n<li data-start=\"1440\" data-end=\"1516\">Tissu l\u00e9ger, doux et \u00e0 s\u00e9chage rapide avec gestion de l&#8217;humidit\u00e9<\/li>\n<li data-start=\"1519\" data-end=\"1597\">\u00c9lasticit\u00e9 dans 4 directions, fermeture \u00e9clair \u00bc et trous pour les pouces pour plus de confort et de mobilit\u00e9<\/li>\n<li data-start=\"1600\" data-end=\"1671\">Fentes lat\u00e9rales et d\u00e9tails r\u00e9fl\u00e9chissants pour la ventilation et la visibilit\u00e9<\/li>\n<\/ul>\n","protected":false},"featured_media":382875,"template":"","meta":{"_acf_changed":false,"inline_featured_image":false},"product_brand":[],"product_cat":[24478,24482],"product_tag":[23530,23574],"class_list":{"0":"post-375593","1":"product","2":"type-product","3":"status-publish","4":"has-post-thumbnail","6":"product_cat-maillots-fr-2","7":"product_cat-vetements-pour-hommes-fr","8":"product_tag-under-armour-fr","9":"product_tag-under-armour-homme","10":"pa_attivita-fitness-fr","11":"pa_attivita-lifestyle-fr","12":"pa_attivita-marcher","13":"pa_attivita-running-fr","14":"pa_colore-launch-1-4-zip-high-vis-yellow-fr","15":"pa_marca-under-armour-fr","16":"pa_sesso-homme","17":"pa_size-small-fr","18":"pa_size-medium-fr","19":"pa_size-large-fr","21":"first","22":"instock","23":"sale","24":"taxable","25":"shipping-taxable","26":"purchasable","27":"product-type-variable","28":"wvs-archive-product-wrapper"},"acf":[],"yoast_head":"<!-- This site is optimized with the Yoast SEO plugin v26.8 - https:\/\/yoast.com\/product\/yoast-seo-wordpress\/ -->\n<title>Under Armour Launch 1\/4 zip homme - maillot de course \u00e0 pied - MioMioRun<\/title>\n<meta name=\"description\" content=\"Launch 1\/4 Zip : t-shirt de course l\u00e9ger et respirant avec \u00e9lasticit\u00e9 4 directions, s\u00e9chage rapide, fermeture \u00e9clair \u00bc et d\u00e9tails r\u00e9fl\u00e9chissants.\" \/>\n<meta name=\"robots\" content=\"index, follow, max-snippet:-1, max-image-preview:large, max-video-preview:-1\" \/>\n<link rel=\"canonical\" href=\"https:\/\/www.miomiorun.com\/fr\/produit\/launch-1-4-zip-homme\/\" \/>\n<meta property=\"og:locale\" content=\"fr_FR\" \/>\n<meta property=\"og:type\" content=\"article\" \/>\n<meta property=\"og:title\" content=\"Under Armour Launch 1\/4 zip homme - maillot de course \u00e0 pied - MioMioRun\" \/>\n<meta property=\"og:description\" content=\"Launch 1\/4 Zip : t-shirt de course l\u00e9ger et respirant avec \u00e9lasticit\u00e9 4 directions, s\u00e9chage rapide, fermeture \u00e9clair \u00bc et d\u00e9tails r\u00e9fl\u00e9chissants.\" \/>\n<meta property=\"og:url\" content=\"https:\/\/www.miomiorun.com\/fr\/produit\/launch-1-4-zip-homme\/\" \/>\n<meta property=\"og:site_name\" content=\"MioMioRun\" \/>\n<meta property=\"article:publisher\" content=\"https:\/\/www.facebook.com\/miomiorun\/\" \/>\n<meta property=\"article:modified_time\" content=\"2026-04-16T17:02:08+00:00\" \/>\n<meta property=\"og:image\" content=\"https:\/\/www.miomiorun.com\/app\/uploads\/2025\/12\/under-armour-Launch-1-4-zip-high-vis-yellow-6005542-0731.webp\" \/>\n\t<meta property=\"og:image:width\" content=\"720\" \/>\n\t<meta property=\"og:image:height\" content=\"720\" \/>\n\t<meta property=\"og:image:type\" content=\"image\/webp\" \/>\n<meta name=\"twitter:card\" content=\"summary_large_image\" \/>\n<meta name=\"twitter:label1\" content=\"Est. reading time\" \/>\n\t<meta name=\"twitter:data1\" content=\"1 minute\" \/>\n<script type=\"application\/ld+json\" class=\"yoast-schema-graph\">{\"@context\":\"https:\/\/schema.org\",\"@graph\":[{\"@type\":\"WebPage\",\"@id\":\"https:\/\/www.miomiorun.com\/fr\/produit\/launch-1-4-zip-homme\/\",\"url\":\"https:\/\/www.miomiorun.com\/fr\/produit\/launch-1-4-zip-homme\/\",\"name\":\"Under Armour Launch 1\/4 zip homme - maillot de course \u00e0 pied - MioMioRun\",\"isPartOf\":{\"@id\":\"https:\/\/www.miomiorun.com\/fr\/#website\"},\"primaryImageOfPage\":{\"@id\":\"https:\/\/www.miomiorun.com\/fr\/produit\/launch-1-4-zip-homme\/#primaryimage\"},\"image\":{\"@id\":\"https:\/\/www.miomiorun.com\/fr\/produit\/launch-1-4-zip-homme\/#primaryimage\"},\"thumbnailUrl\":\"https:\/\/www.miomiorun.com\/app\/uploads\/2025\/12\/under-armour-Launch-1-4-zip-high-vis-yellow-6005542-0731.webp\",\"datePublished\":\"2025-11-29T11:17:12+00:00\",\"dateModified\":\"2026-04-16T17:02:08+00:00\",\"description\":\"Launch 1\/4 Zip : t-shirt de course l\u00e9ger et respirant avec \u00e9lasticit\u00e9 4 directions, s\u00e9chage rapide, fermeture \u00e9clair \u00bc et d\u00e9tails r\u00e9fl\u00e9chissants.\",\"breadcrumb\":{\"@id\":\"https:\/\/www.miomiorun.com\/fr\/produit\/launch-1-4-zip-homme\/#breadcrumb\"},\"inLanguage\":\"fr-FR\",\"potentialAction\":[{\"@type\":\"ReadAction\",\"target\":[\"https:\/\/www.miomiorun.com\/fr\/produit\/launch-1-4-zip-homme\/\"]}]},{\"@type\":\"ImageObject\",\"inLanguage\":\"fr-FR\",\"@id\":\"https:\/\/www.miomiorun.com\/fr\/produit\/launch-1-4-zip-homme\/#primaryimage\",\"url\":\"https:\/\/www.miomiorun.com\/app\/uploads\/2025\/12\/under-armour-Launch-1-4-zip-high-vis-yellow-6005542-0731.webp\",\"contentUrl\":\"https:\/\/www.miomiorun.com\/app\/uploads\/2025\/12\/under-armour-Launch-1-4-zip-high-vis-yellow-6005542-0731.webp\",\"width\":720,\"height\":720,\"caption\":\"under armour Launch 1 4 zip high vis yellow 6005542-0731\"},{\"@type\":\"BreadcrumbList\",\"@id\":\"https:\/\/www.miomiorun.com\/fr\/produit\/launch-1-4-zip-homme\/#breadcrumb\",\"itemListElement\":[{\"@type\":\"ListItem\",\"position\":1,\"name\":\"Home\",\"item\":\"https:\/\/www.miomiorun.com\/fr\/home-page\/\"},{\"@type\":\"ListItem\",\"position\":2,\"name\":\"Shop\",\"item\":\"https:\/\/www.miomiorun.com\/shop\/\"},{\"@type\":\"ListItem\",\"position\":3,\"name\":\"Launch 1\/4 zip homme\"}]},{\"@type\":\"WebSite\",\"@id\":\"https:\/\/www.miomiorun.com\/fr\/#website\",\"url\":\"https:\/\/www.miomiorun.com\/fr\/\",\"name\":\"MioMioRun\",\"description\":\"Boutique 100% running et trail\",\"publisher\":{\"@id\":\"https:\/\/www.miomiorun.com\/fr\/#organization\"},\"potentialAction\":[{\"@type\":\"SearchAction\",\"target\":{\"@type\":\"EntryPoint\",\"urlTemplate\":\"https:\/\/www.miomiorun.com\/fr\/?s={search_term_string}\"},\"query-input\":{\"@type\":\"PropertyValueSpecification\",\"valueRequired\":true,\"valueName\":\"search_term_string\"}}],\"inLanguage\":\"fr-FR\"},{\"@type\":\"Organization\",\"@id\":\"https:\/\/www.miomiorun.com\/fr\/#organization\",\"name\":\"MioMio Run\",\"url\":\"https:\/\/www.miomiorun.com\/fr\/\",\"logo\":{\"@type\":\"ImageObject\",\"inLanguage\":\"fr-FR\",\"@id\":\"https:\/\/www.miomiorun.com\/fr\/#\/schema\/logo\/image\/\",\"url\":\"https:\/\/www.miomiorun.com\/app\/uploads\/2019\/12\/logomio.png\",\"contentUrl\":\"https:\/\/www.miomiorun.com\/app\/uploads\/2019\/12\/logomio.png\",\"width\":115,\"height\":82,\"caption\":\"MioMio Run\"},\"image\":{\"@id\":\"https:\/\/www.miomiorun.com\/fr\/#\/schema\/logo\/image\/\"},\"sameAs\":[\"https:\/\/www.facebook.com\/miomiorun\/\",\"https:\/\/www.instagram.com\/miomiorun\/\"]}]}<\/script>\n<!-- \/ Yoast SEO plugin. -->","yoast_head_json":{"title":"Under Armour Launch 1\/4 zip homme - maillot de course \u00e0 pied - MioMioRun","description":"Launch 1\/4 Zip : t-shirt de course l\u00e9ger et respirant avec \u00e9lasticit\u00e9 4 directions, s\u00e9chage rapide, fermeture \u00e9clair \u00bc et d\u00e9tails r\u00e9fl\u00e9chissants.","robots":{"index":"index","follow":"follow","max-snippet":"max-snippet:-1","max-image-preview":"max-image-preview:large","max-video-preview":"max-video-preview:-1"},"canonical":"https:\/\/www.miomiorun.com\/fr\/produit\/launch-1-4-zip-homme\/","og_locale":"fr_FR","og_type":"article","og_title":"Under Armour Launch 1\/4 zip homme - maillot de course \u00e0 pied - MioMioRun","og_description":"Launch 1\/4 Zip : t-shirt de course l\u00e9ger et respirant avec \u00e9lasticit\u00e9 4 directions, s\u00e9chage rapide, fermeture \u00e9clair \u00bc et d\u00e9tails r\u00e9fl\u00e9chissants.","og_url":"https:\/\/www.miomiorun.com\/fr\/produit\/launch-1-4-zip-homme\/","og_site_name":"MioMioRun","article_publisher":"https:\/\/www.facebook.com\/miomiorun\/","article_modified_time":"2026-04-16T17:02:08+00:00","og_image":[{"width":720,"height":720,"url":"https:\/\/www.miomiorun.com\/app\/uploads\/2025\/12\/under-armour-Launch-1-4-zip-high-vis-yellow-6005542-0731.webp","type":"image\/webp"}],"twitter_card":"summary_large_image","twitter_misc":{"Est. reading time":"1 minute"},"schema":{"@context":"https:\/\/schema.org","@graph":[{"@type":"WebPage","@id":"https:\/\/www.miomiorun.com\/fr\/produit\/launch-1-4-zip-homme\/","url":"https:\/\/www.miomiorun.com\/fr\/produit\/launch-1-4-zip-homme\/","name":"Under Armour Launch 1\/4 zip homme - maillot de course \u00e0 pied - MioMioRun","isPartOf":{"@id":"https:\/\/www.miomiorun.com\/fr\/#website"},"primaryImageOfPage":{"@id":"https:\/\/www.miomiorun.com\/fr\/produit\/launch-1-4-zip-homme\/#primaryimage"},"image":{"@id":"https:\/\/www.miomiorun.com\/fr\/produit\/launch-1-4-zip-homme\/#primaryimage"},"thumbnailUrl":"https:\/\/www.miomiorun.com\/app\/uploads\/2025\/12\/under-armour-Launch-1-4-zip-high-vis-yellow-6005542-0731.webp","datePublished":"2025-11-29T11:17:12+00:00","dateModified":"2026-04-16T17:02:08+00:00","description":"Launch 1\/4 Zip : t-shirt de course l\u00e9ger et respirant avec \u00e9lasticit\u00e9 4 directions, s\u00e9chage rapide, fermeture \u00e9clair \u00bc et d\u00e9tails r\u00e9fl\u00e9chissants.","breadcrumb":{"@id":"https:\/\/www.miomiorun.com\/fr\/produit\/launch-1-4-zip-homme\/#breadcrumb"},"inLanguage":"fr-FR","potentialAction":[{"@type":"ReadAction","target":["https:\/\/www.miomiorun.com\/fr\/produit\/launch-1-4-zip-homme\/"]}]},{"@type":"ImageObject","inLanguage":"fr-FR","@id":"https:\/\/www.miomiorun.com\/fr\/produit\/launch-1-4-zip-homme\/#primaryimage","url":"https:\/\/www.miomiorun.com\/app\/uploads\/2025\/12\/under-armour-Launch-1-4-zip-high-vis-yellow-6005542-0731.webp","contentUrl":"https:\/\/www.miomiorun.com\/app\/uploads\/2025\/12\/under-armour-Launch-1-4-zip-high-vis-yellow-6005542-0731.webp","width":720,"height":720,"caption":"under armour Launch 1 4 zip high vis yellow 6005542-0731"},{"@type":"BreadcrumbList","@id":"https:\/\/www.miomiorun.com\/fr\/produit\/launch-1-4-zip-homme\/#breadcrumb","itemListElement":[{"@type":"ListItem","position":1,"name":"Home","item":"https:\/\/www.miomiorun.com\/fr\/home-page\/"},{"@type":"ListItem","position":2,"name":"Shop","item":"https:\/\/www.miomiorun.com\/shop\/"},{"@type":"ListItem","position":3,"name":"Launch 1\/4 zip homme"}]},{"@type":"WebSite","@id":"https:\/\/www.miomiorun.com\/fr\/#website","url":"https:\/\/www.miomiorun.com\/fr\/","name":"MioMioRun","description":"Boutique 100% running et trail","publisher":{"@id":"https:\/\/www.miomiorun.com\/fr\/#organization"},"potentialAction":[{"@type":"SearchAction","target":{"@type":"EntryPoint","urlTemplate":"https:\/\/www.miomiorun.com\/fr\/?s={search_term_string}"},"query-input":{"@type":"PropertyValueSpecification","valueRequired":true,"valueName":"search_term_string"}}],"inLanguage":"fr-FR"},{"@type":"Organization","@id":"https:\/\/www.miomiorun.com\/fr\/#organization","name":"MioMio Run","url":"https:\/\/www.miomiorun.com\/fr\/","logo":{"@type":"ImageObject","inLanguage":"fr-FR","@id":"https:\/\/www.miomiorun.com\/fr\/#\/schema\/logo\/image\/","url":"https:\/\/www.miomiorun.com\/app\/uploads\/2019\/12\/logomio.png","contentUrl":"https:\/\/www.miomiorun.com\/app\/uploads\/2019\/12\/logomio.png","width":115,"height":82,"caption":"MioMio Run"},"image":{"@id":"https:\/\/www.miomiorun.com\/fr\/#\/schema\/logo\/image\/"},"sameAs":["https:\/\/www.facebook.com\/miomiorun\/","https:\/\/www.instagram.com\/miomiorun\/"]}]}},"_links":{"self":[{"href":"https:\/\/www.miomiorun.com\/fr\/wp-json\/wp\/v2\/product\/375593","targetHints":{"allow":["GET"]}}],"collection":[{"href":"https:\/\/www.miomiorun.com\/fr\/wp-json\/wp\/v2\/product"}],"about":[{"href":"https:\/\/www.miomiorun.com\/fr\/wp-json\/wp\/v2\/types\/product"}],"wp:featuredmedia":[{"embeddable":true,"href":"https:\/\/www.miomiorun.com\/fr\/wp-json\/wp\/v2\/media\/382875"}],"wp:attachment":[{"href":"https:\/\/www.miomiorun.com\/fr\/wp-json\/wp\/v2\/media?parent=375593"}],"wp:term":[{"taxonomy":"product_brand","embeddable":true,"href":"https:\/\/www.miomiorun.com\/fr\/wp-json\/wp\/v2\/product_brand?post=375593"},{"taxonomy":"product_cat","embeddable":true,"href":"https:\/\/www.miomiorun.com\/fr\/wp-json\/wp\/v2\/product_cat?post=375593"},{"taxonomy":"product_tag","embeddable":true,"href":"https:\/\/www.miomiorun.com\/fr\/wp-json\/wp\/v2\/product_tag?post=375593"}],"curies":[{"name":"wp","href":"https:\/\/api.w.org\/{rel}","templated":true}]}}