{"id":375510,"date":"2025-11-29T12:04:28","date_gmt":"2025-11-29T11:04:28","guid":{"rendered":"https:\/\/www.miomiorun.com\/?post_type=product&#038;p=375510"},"modified":"2026-04-16T19:02:20","modified_gmt":"2026-04-16T17:02:20","slug":"ggs-rogue-5-kids","status":"publish","type":"product","link":"https:\/\/www.miomiorun.com\/fr\/produit\/ggs-rogue-5-kids\/","title":{"rendered":"GGS Rogue 5 kids"},"content":{"rendered":"<div class=\"vc-row container\"><div class=\"vc-column\"><div class=\"vc-column-text\"><\/p>\n<h4>Caract\u00e9ristiques techniques<\/h4>\n<p>Cat\u00e9gorie : Amorti structur\u00e9<br \/>\nId\u00e9al pour : les enfants qui ont besoin d&#8217;une chaussure offrant un bon amorti et une bonne structure. Id\u00e9al pour les premiers pas dans la pratique sportive ou pour les enfants qui ont d\u00e9j\u00e0 tendance \u00e0 courir sur des distances moyennes \u00e0 longues.<br \/>\n<a href=\"https:\/\/miomiorun.com\/guida-alle-specifiche-tecniche\/\">Guide des caract\u00e9ristiques techniques<\/a><\/p>\n<p><\/div><\/div><div class=\"vc-column\"><div class=\"vc-column-text\"><\/p>\n<p data-start=\"142\" data-end=\"462\">Les <strong data-start=\"145\" data-end=\"160\">GGS Rogue 5<\/strong> sont con\u00e7ues pour vous offrir une course r\u00e9active, stable et \u00e9tonnamment confortable. La tige en <strong data-start=\"266\" data-end=\"314\">mesh technique l\u00e9ger et hautement respirant<\/strong> garde le pied au frais m\u00eame pendant les entra\u00eenements les plus intenses, tandis que le <strong data-start=\"393\" data-end=\"417\">contrefort externe<\/strong> offre une stabilit\u00e9 sup\u00e9rieure \u00e0 chaque foul\u00e9e.<\/p>\n<p data-start=\"464\" data-end=\"819\">La semelle int\u00e9rieure souple conserve sa forme au fil du temps, garantissant un confort constant m\u00eame apr\u00e8s de nombreuses sorties. La semelle interm\u00e9diaire <strong data-start=\"594\" data-end=\"634\">Charged Cushioning\u00ae \u00e0 double densit\u00e9<\/strong> assure un \u00e9quilibre parfait entre absorption des chocs et retour d&#8217;\u00e9nergie, offrant une sensation de vivacit\u00e9 et de r\u00e9activit\u00e9 qui vous aide \u00e0 courir plus longtemps et avec moins d&#8217;effort.<\/p>\n<p data-start=\"821\" data-end=\"1112\">La semelle ext\u00e9rieure robuste en caoutchouc, avec <strong data-start=\"852\" data-end=\"894\">des renforts strat\u00e9giquement plac\u00e9s<\/strong>, augmente la r\u00e9sistance aux points soumis \u00e0 une plus grande abrasion, garantissant durabilit\u00e9 et adh\u00e9rence sur diff\u00e9rentes surfaces. Une chaussure polyvalente, con\u00e7ue pour vous offrir ventilation, confort et performances \u00e9lev\u00e9es \u00e0 chaque course.<br \/>\n<\/div><\/div><\/div>\n","protected":false},"excerpt":{"rendered":"<ul>\n<li data-start=\"1353\" data-end=\"1399\">Tige en mesh technique l\u00e9ger et respirant<\/li>\n<li data-start=\"1402\" data-end=\"1484\">Semelle interm\u00e9diaire Charged Cushioning\u00ae double densit\u00e9 pour plus de confort et un meilleur retour d&#8217;\u00e9nergie<\/li>\n<li data-start=\"1487\" data-end=\"1586\">Semelle ext\u00e9rieure en caoutchouc r\u00e9sistant avec renforts strat\u00e9giques et contrefort externe pour plus de stabilit\u00e9<\/li>\n<\/ul>\n","protected":false},"featured_media":375695,"template":"","meta":{"_acf_changed":false,"inline_featured_image":false},"product_brand":[],"product_cat":[22594,22593,22590],"product_tag":[23530,24183,24190],"class_list":{"0":"post-375510","1":"product","2":"type-product","3":"status-publish","4":"has-post-thumbnail","6":"product_cat-chaussures-pour-enfants","7":"product_cat-chaussures-pour-filles","8":"product_cat-enfant","9":"product_tag-under-armour-fr","10":"product_tag-under-armour-fille","11":"product_tag-under-armour-garcon","12":"pa_attivita-lifestyle-fr","13":"pa_attivita-marcher","14":"pa_attivita-running-fr","15":"pa_colore-ggs-rogue-5-aero-pink-fr","16":"pa_marca-under-armour-fr","17":"pa_sesso-femme","18":"pa_sesso-homme","19":"pa_size-35-5-fr","20":"pa_size-36-fr","21":"pa_size-36-5-fr","22":"pa_size-38-fr","23":"pa_size-38-5-fr","25":"first","26":"instock","27":"sale","28":"taxable","29":"shipping-taxable","30":"purchasable","31":"product-type-variable","32":"wvs-archive-product-wrapper"},"acf":[],"yoast_head":"<!-- This site is optimized with the Yoast SEO plugin v26.8 - https:\/\/yoast.com\/product\/yoast-seo-wordpress\/ -->\n<title>Under Armour GGS Rogue 5 kids -course \u00e0 pied enfant- MioMioRun<\/title>\n<meta name=\"description\" content=\"GGS Rogue 5 : chaussures de course l\u00e9g\u00e8res et a\u00e9r\u00e9es avec Charged Cushioning\u00ae, stabilit\u00e9 am\u00e9lior\u00e9e et semelle r\u00e9sistante. Confort, r\u00e9activit\u00e9 et maintien.\" \/>\n<meta name=\"robots\" content=\"index, follow, max-snippet:-1, max-image-preview:large, max-video-preview:-1\" \/>\n<link rel=\"canonical\" href=\"https:\/\/www.miomiorun.com\/fr\/produit\/ggs-rogue-5-kids\/\" \/>\n<meta property=\"og:locale\" content=\"fr_FR\" \/>\n<meta property=\"og:type\" content=\"article\" \/>\n<meta property=\"og:title\" content=\"Under Armour GGS Rogue 5 kids -course \u00e0 pied enfant- MioMioRun\" \/>\n<meta property=\"og:description\" content=\"GGS Rogue 5 : chaussures de course l\u00e9g\u00e8res et a\u00e9r\u00e9es avec Charged Cushioning\u00ae, stabilit\u00e9 am\u00e9lior\u00e9e et semelle r\u00e9sistante. Confort, r\u00e9activit\u00e9 et maintien.\" \/>\n<meta property=\"og:url\" content=\"https:\/\/www.miomiorun.com\/fr\/produit\/ggs-rogue-5-kids\/\" \/>\n<meta property=\"og:site_name\" content=\"MioMioRun\" \/>\n<meta property=\"article:publisher\" content=\"https:\/\/www.facebook.com\/miomiorun\/\" \/>\n<meta property=\"article:modified_time\" content=\"2026-04-16T17:02:20+00:00\" \/>\n<meta property=\"og:image\" content=\"https:\/\/www.miomiorun.com\/app\/uploads\/2025\/11\/under-armour-GGS-ROGUE-5-aero-pink-3028277-0695.webp\" \/>\n\t<meta property=\"og:image:width\" content=\"600\" \/>\n\t<meta property=\"og:image:height\" content=\"600\" \/>\n\t<meta property=\"og:image:type\" content=\"image\/webp\" \/>\n<meta name=\"twitter:card\" content=\"summary_large_image\" \/>\n<meta name=\"twitter:label1\" content=\"Est. reading time\" \/>\n\t<meta name=\"twitter:data1\" content=\"1 minute\" \/>\n<script type=\"application\/ld+json\" class=\"yoast-schema-graph\">{\"@context\":\"https:\/\/schema.org\",\"@graph\":[{\"@type\":\"WebPage\",\"@id\":\"https:\/\/www.miomiorun.com\/fr\/produit\/ggs-rogue-5-kids\/\",\"url\":\"https:\/\/www.miomiorun.com\/fr\/produit\/ggs-rogue-5-kids\/\",\"name\":\"Under Armour GGS Rogue 5 kids -course \u00e0 pied enfant- MioMioRun\",\"isPartOf\":{\"@id\":\"https:\/\/www.miomiorun.com\/fr\/#website\"},\"primaryImageOfPage\":{\"@id\":\"https:\/\/www.miomiorun.com\/fr\/produit\/ggs-rogue-5-kids\/#primaryimage\"},\"image\":{\"@id\":\"https:\/\/www.miomiorun.com\/fr\/produit\/ggs-rogue-5-kids\/#primaryimage\"},\"thumbnailUrl\":\"https:\/\/www.miomiorun.com\/app\/uploads\/2025\/11\/under-armour-GGS-ROGUE-5-aero-pink-3028277-0695.webp\",\"datePublished\":\"2025-11-29T11:04:28+00:00\",\"dateModified\":\"2026-04-16T17:02:20+00:00\",\"description\":\"GGS Rogue 5 : chaussures de course l\u00e9g\u00e8res et a\u00e9r\u00e9es avec Charged Cushioning\u00ae, stabilit\u00e9 am\u00e9lior\u00e9e et semelle r\u00e9sistante. Confort, r\u00e9activit\u00e9 et maintien.\",\"breadcrumb\":{\"@id\":\"https:\/\/www.miomiorun.com\/fr\/produit\/ggs-rogue-5-kids\/#breadcrumb\"},\"inLanguage\":\"fr-FR\",\"potentialAction\":[{\"@type\":\"ReadAction\",\"target\":[\"https:\/\/www.miomiorun.com\/fr\/produit\/ggs-rogue-5-kids\/\"]}]},{\"@type\":\"ImageObject\",\"inLanguage\":\"fr-FR\",\"@id\":\"https:\/\/www.miomiorun.com\/fr\/produit\/ggs-rogue-5-kids\/#primaryimage\",\"url\":\"https:\/\/www.miomiorun.com\/app\/uploads\/2025\/11\/under-armour-GGS-ROGUE-5-aero-pink-3028277-0695.webp\",\"contentUrl\":\"https:\/\/www.miomiorun.com\/app\/uploads\/2025\/11\/under-armour-GGS-ROGUE-5-aero-pink-3028277-0695.webp\",\"width\":600,\"height\":600,\"caption\":\"under armour GGS ROGUE 5 aero pink 3028277 0695\"},{\"@type\":\"BreadcrumbList\",\"@id\":\"https:\/\/www.miomiorun.com\/fr\/produit\/ggs-rogue-5-kids\/#breadcrumb\",\"itemListElement\":[{\"@type\":\"ListItem\",\"position\":1,\"name\":\"Home\",\"item\":\"https:\/\/www.miomiorun.com\/fr\/home-page\/\"},{\"@type\":\"ListItem\",\"position\":2,\"name\":\"Shop\",\"item\":\"https:\/\/www.miomiorun.com\/shop\/\"},{\"@type\":\"ListItem\",\"position\":3,\"name\":\"GGS Rogue 5 kids\"}]},{\"@type\":\"WebSite\",\"@id\":\"https:\/\/www.miomiorun.com\/fr\/#website\",\"url\":\"https:\/\/www.miomiorun.com\/fr\/\",\"name\":\"MioMioRun\",\"description\":\"Boutique 100% running et trail\",\"publisher\":{\"@id\":\"https:\/\/www.miomiorun.com\/fr\/#organization\"},\"potentialAction\":[{\"@type\":\"SearchAction\",\"target\":{\"@type\":\"EntryPoint\",\"urlTemplate\":\"https:\/\/www.miomiorun.com\/fr\/?s={search_term_string}\"},\"query-input\":{\"@type\":\"PropertyValueSpecification\",\"valueRequired\":true,\"valueName\":\"search_term_string\"}}],\"inLanguage\":\"fr-FR\"},{\"@type\":\"Organization\",\"@id\":\"https:\/\/www.miomiorun.com\/fr\/#organization\",\"name\":\"MioMio Run\",\"url\":\"https:\/\/www.miomiorun.com\/fr\/\",\"logo\":{\"@type\":\"ImageObject\",\"inLanguage\":\"fr-FR\",\"@id\":\"https:\/\/www.miomiorun.com\/fr\/#\/schema\/logo\/image\/\",\"url\":\"https:\/\/www.miomiorun.com\/app\/uploads\/2019\/12\/logomio.png\",\"contentUrl\":\"https:\/\/www.miomiorun.com\/app\/uploads\/2019\/12\/logomio.png\",\"width\":115,\"height\":82,\"caption\":\"MioMio Run\"},\"image\":{\"@id\":\"https:\/\/www.miomiorun.com\/fr\/#\/schema\/logo\/image\/\"},\"sameAs\":[\"https:\/\/www.facebook.com\/miomiorun\/\",\"https:\/\/www.instagram.com\/miomiorun\/\"]}]}<\/script>\n<!-- \/ Yoast SEO plugin. -->","yoast_head_json":{"title":"Under Armour GGS Rogue 5 kids -course \u00e0 pied enfant- MioMioRun","description":"GGS Rogue 5 : chaussures de course l\u00e9g\u00e8res et a\u00e9r\u00e9es avec Charged Cushioning\u00ae, stabilit\u00e9 am\u00e9lior\u00e9e et semelle r\u00e9sistante. Confort, r\u00e9activit\u00e9 et maintien.","robots":{"index":"index","follow":"follow","max-snippet":"max-snippet:-1","max-image-preview":"max-image-preview:large","max-video-preview":"max-video-preview:-1"},"canonical":"https:\/\/www.miomiorun.com\/fr\/produit\/ggs-rogue-5-kids\/","og_locale":"fr_FR","og_type":"article","og_title":"Under Armour GGS Rogue 5 kids -course \u00e0 pied enfant- MioMioRun","og_description":"GGS Rogue 5 : chaussures de course l\u00e9g\u00e8res et a\u00e9r\u00e9es avec Charged Cushioning\u00ae, stabilit\u00e9 am\u00e9lior\u00e9e et semelle r\u00e9sistante. Confort, r\u00e9activit\u00e9 et maintien.","og_url":"https:\/\/www.miomiorun.com\/fr\/produit\/ggs-rogue-5-kids\/","og_site_name":"MioMioRun","article_publisher":"https:\/\/www.facebook.com\/miomiorun\/","article_modified_time":"2026-04-16T17:02:20+00:00","og_image":[{"width":600,"height":600,"url":"https:\/\/www.miomiorun.com\/app\/uploads\/2025\/11\/under-armour-GGS-ROGUE-5-aero-pink-3028277-0695.webp","type":"image\/webp"}],"twitter_card":"summary_large_image","twitter_misc":{"Est. reading time":"1 minute"},"schema":{"@context":"https:\/\/schema.org","@graph":[{"@type":"WebPage","@id":"https:\/\/www.miomiorun.com\/fr\/produit\/ggs-rogue-5-kids\/","url":"https:\/\/www.miomiorun.com\/fr\/produit\/ggs-rogue-5-kids\/","name":"Under Armour GGS Rogue 5 kids -course \u00e0 pied enfant- MioMioRun","isPartOf":{"@id":"https:\/\/www.miomiorun.com\/fr\/#website"},"primaryImageOfPage":{"@id":"https:\/\/www.miomiorun.com\/fr\/produit\/ggs-rogue-5-kids\/#primaryimage"},"image":{"@id":"https:\/\/www.miomiorun.com\/fr\/produit\/ggs-rogue-5-kids\/#primaryimage"},"thumbnailUrl":"https:\/\/www.miomiorun.com\/app\/uploads\/2025\/11\/under-armour-GGS-ROGUE-5-aero-pink-3028277-0695.webp","datePublished":"2025-11-29T11:04:28+00:00","dateModified":"2026-04-16T17:02:20+00:00","description":"GGS Rogue 5 : chaussures de course l\u00e9g\u00e8res et a\u00e9r\u00e9es avec Charged Cushioning\u00ae, stabilit\u00e9 am\u00e9lior\u00e9e et semelle r\u00e9sistante. Confort, r\u00e9activit\u00e9 et maintien.","breadcrumb":{"@id":"https:\/\/www.miomiorun.com\/fr\/produit\/ggs-rogue-5-kids\/#breadcrumb"},"inLanguage":"fr-FR","potentialAction":[{"@type":"ReadAction","target":["https:\/\/www.miomiorun.com\/fr\/produit\/ggs-rogue-5-kids\/"]}]},{"@type":"ImageObject","inLanguage":"fr-FR","@id":"https:\/\/www.miomiorun.com\/fr\/produit\/ggs-rogue-5-kids\/#primaryimage","url":"https:\/\/www.miomiorun.com\/app\/uploads\/2025\/11\/under-armour-GGS-ROGUE-5-aero-pink-3028277-0695.webp","contentUrl":"https:\/\/www.miomiorun.com\/app\/uploads\/2025\/11\/under-armour-GGS-ROGUE-5-aero-pink-3028277-0695.webp","width":600,"height":600,"caption":"under armour GGS ROGUE 5 aero pink 3028277 0695"},{"@type":"BreadcrumbList","@id":"https:\/\/www.miomiorun.com\/fr\/produit\/ggs-rogue-5-kids\/#breadcrumb","itemListElement":[{"@type":"ListItem","position":1,"name":"Home","item":"https:\/\/www.miomiorun.com\/fr\/home-page\/"},{"@type":"ListItem","position":2,"name":"Shop","item":"https:\/\/www.miomiorun.com\/shop\/"},{"@type":"ListItem","position":3,"name":"GGS Rogue 5 kids"}]},{"@type":"WebSite","@id":"https:\/\/www.miomiorun.com\/fr\/#website","url":"https:\/\/www.miomiorun.com\/fr\/","name":"MioMioRun","description":"Boutique 100% running et trail","publisher":{"@id":"https:\/\/www.miomiorun.com\/fr\/#organization"},"potentialAction":[{"@type":"SearchAction","target":{"@type":"EntryPoint","urlTemplate":"https:\/\/www.miomiorun.com\/fr\/?s={search_term_string}"},"query-input":{"@type":"PropertyValueSpecification","valueRequired":true,"valueName":"search_term_string"}}],"inLanguage":"fr-FR"},{"@type":"Organization","@id":"https:\/\/www.miomiorun.com\/fr\/#organization","name":"MioMio Run","url":"https:\/\/www.miomiorun.com\/fr\/","logo":{"@type":"ImageObject","inLanguage":"fr-FR","@id":"https:\/\/www.miomiorun.com\/fr\/#\/schema\/logo\/image\/","url":"https:\/\/www.miomiorun.com\/app\/uploads\/2019\/12\/logomio.png","contentUrl":"https:\/\/www.miomiorun.com\/app\/uploads\/2019\/12\/logomio.png","width":115,"height":82,"caption":"MioMio Run"},"image":{"@id":"https:\/\/www.miomiorun.com\/fr\/#\/schema\/logo\/image\/"},"sameAs":["https:\/\/www.facebook.com\/miomiorun\/","https:\/\/www.instagram.com\/miomiorun\/"]}]}},"_links":{"self":[{"href":"https:\/\/www.miomiorun.com\/fr\/wp-json\/wp\/v2\/product\/375510","targetHints":{"allow":["GET"]}}],"collection":[{"href":"https:\/\/www.miomiorun.com\/fr\/wp-json\/wp\/v2\/product"}],"about":[{"href":"https:\/\/www.miomiorun.com\/fr\/wp-json\/wp\/v2\/types\/product"}],"wp:featuredmedia":[{"embeddable":true,"href":"https:\/\/www.miomiorun.com\/fr\/wp-json\/wp\/v2\/media\/375695"}],"wp:attachment":[{"href":"https:\/\/www.miomiorun.com\/fr\/wp-json\/wp\/v2\/media?parent=375510"}],"wp:term":[{"taxonomy":"product_brand","embeddable":true,"href":"https:\/\/www.miomiorun.com\/fr\/wp-json\/wp\/v2\/product_brand?post=375510"},{"taxonomy":"product_cat","embeddable":true,"href":"https:\/\/www.miomiorun.com\/fr\/wp-json\/wp\/v2\/product_cat?post=375510"},{"taxonomy":"product_tag","embeddable":true,"href":"https:\/\/www.miomiorun.com\/fr\/wp-json\/wp\/v2\/product_tag?post=375510"}],"curies":[{"name":"wp","href":"https:\/\/api.w.org\/{rel}","templated":true}]}}