{"id":375324,"date":"2025-11-27T19:13:26","date_gmt":"2025-11-27T18:13:26","guid":{"rendered":"https:\/\/www.miomiorun.com\/?post_type=product&#038;p=375324"},"modified":"2026-04-16T19:02:30","modified_gmt":"2026-04-16T17:02:30","slug":"launch-jacquard-ss-femme","status":"publish","type":"product","link":"https:\/\/www.miomiorun.com\/fr\/produit\/launch-jacquard-ss-femme\/","title":{"rendered":"Launch jacquard SS femme"},"content":{"rendered":"<p data-start=\"157\" data-end=\"572\">Ce t-shirt de course \u00e0 pied est con\u00e7u pour vous offrir tout ce dont vous avez besoin pour courir plus longtemps et plus vite : <strong data-start=\"275\" data-end=\"330\">une l\u00e9g\u00e8ret\u00e9, une \u00e9lasticit\u00e9 et une respirabilit\u00e9 exceptionnelles<\/strong>. Le tissu enti\u00e8rement en <strong data-start=\"358\" data-end=\"370\">jacquard<\/strong> est doux et ultra-l\u00e9ger, permettant \u00e0 l&#8217;air de circuler librement et garantissant une sensation de fra\u00eecheur constante. Il est si confortable \u00e0 porter que vous aurez presque l&#8217;impression de ne rien avoir sur vous.<\/p>\n<p data-start=\"574\" data-end=\"1078\">Le tissu absorbe rapidement la transpiration et s\u00e8che en un clin d&#8217;\u0153il, gardant votre peau au sec pendant chaque entra\u00eenement. L&#8217;\u00e9lasticit\u00e9 dans les <strong data-start=\"715\" data-end=\"730\">4 directions<\/strong> favorise des mouvements naturels et fluides, tandis que la technologie de <strong data-start=\"794\" data-end=\"819\">contr\u00f4le des odeurs<\/strong> permet au maillot de rester frais plus longtemps. Le design est compl\u00e9t\u00e9 par un <strong data-start=\"888\" data-end=\"916\">ourlet fendu sur le c\u00f4t\u00e9<\/strong>, qui augmente encore la libert\u00e9 de mouvement, et par des <strong data-start=\"974\" data-end=\"998\">d\u00e9tails r\u00e9fl\u00e9chissants<\/strong> qui am\u00e9liorent la visibilit\u00e9 lors des courses dans des conditions de faible luminosit\u00e9.<\/p><\/p>\n","protected":false},"excerpt":{"rendered":"<ul>\n<li data-start=\"1326\" data-end=\"1381\">Tissu jacquard doux, l\u00e9ger et ultra-respirant<\/li>\n<li data-start=\"1384\" data-end=\"1456\">S\u00e9chage rapide et \u00e9lasticit\u00e9 dans 4 directions pour plus de mobilit\u00e9 et de confort<\/li>\n<li data-start=\"1459\" data-end=\"1531\">Contr\u00f4le des odeurs, d\u00e9tails r\u00e9fl\u00e9chissants et ourlet avec fente lat\u00e9rale<\/li>\n<\/ul>\n","protected":false},"featured_media":382862,"template":"","meta":{"_acf_changed":false,"inline_featured_image":false},"product_brand":[],"product_cat":[22604,22596],"product_tag":[23530,23575],"class_list":{"0":"post-375324","1":"product","2":"type-product","3":"status-publish","4":"has-post-thumbnail","6":"product_cat-t-shirt","7":"product_cat-vetements-pour-femmes","8":"product_tag-under-armour-fr","9":"product_tag-under-armour-femme","10":"pa_attivita-fitness-fr","11":"pa_attivita-lifestyle-fr","12":"pa_attivita-marcher","13":"pa_attivita-running-fr","14":"pa_colore-launch-jacquard-ss-w-white-fr","15":"pa_marca-under-armour-fr","16":"pa_sesso-femme","17":"pa_size-extra-small-fr","18":"pa_size-small-fr","19":"pa_size-medium-fr","21":"first","22":"instock","23":"sale","24":"taxable","25":"shipping-taxable","26":"purchasable","27":"product-type-variable","28":"wvs-archive-product-wrapper"},"acf":[],"yoast_head":"<!-- This site is optimized with the Yoast SEO plugin v26.8 - https:\/\/yoast.com\/product\/yoast-seo-wordpress\/ -->\n<title>Under Armour Launch jacquard SS femme - T-shirt de course \u00e0 pied- MioMioRun<\/title>\n<meta name=\"description\" content=\"Maillot de course l\u00e9ger et respirant en jacquard, \u00e0 s\u00e9chage rapide, \u00e9lasticit\u00e9 4 directions et contr\u00f4le des odeurs. Libert\u00e9 et confort maximum.\" \/>\n<meta name=\"robots\" content=\"index, follow, max-snippet:-1, max-image-preview:large, max-video-preview:-1\" \/>\n<link rel=\"canonical\" href=\"https:\/\/www.miomiorun.com\/fr\/produit\/launch-jacquard-ss-femme\/\" \/>\n<meta property=\"og:locale\" content=\"fr_FR\" \/>\n<meta property=\"og:type\" content=\"article\" \/>\n<meta property=\"og:title\" content=\"Under Armour Launch jacquard SS femme - T-shirt de course \u00e0 pied- MioMioRun\" \/>\n<meta property=\"og:description\" content=\"Maillot de course l\u00e9ger et respirant en jacquard, \u00e0 s\u00e9chage rapide, \u00e9lasticit\u00e9 4 directions et contr\u00f4le des odeurs. Libert\u00e9 et confort maximum.\" \/>\n<meta property=\"og:url\" content=\"https:\/\/www.miomiorun.com\/fr\/produit\/launch-jacquard-ss-femme\/\" \/>\n<meta property=\"og:site_name\" content=\"MioMioRun\" \/>\n<meta property=\"article:publisher\" content=\"https:\/\/www.facebook.com\/miomiorun\/\" \/>\n<meta property=\"article:modified_time\" content=\"2026-04-16T17:02:30+00:00\" \/>\n<meta property=\"og:image\" content=\"https:\/\/www.miomiorun.com\/app\/uploads\/2025\/12\/under-armour-Launch-jacquard-SS-W-white-6005096-0100.webp\" \/>\n\t<meta property=\"og:image:width\" content=\"720\" \/>\n\t<meta property=\"og:image:height\" content=\"720\" \/>\n\t<meta property=\"og:image:type\" content=\"image\/webp\" \/>\n<meta name=\"twitter:card\" content=\"summary_large_image\" \/>\n<meta name=\"twitter:label1\" content=\"Est. reading time\" \/>\n\t<meta name=\"twitter:data1\" content=\"1 minute\" \/>\n<script type=\"application\/ld+json\" class=\"yoast-schema-graph\">{\"@context\":\"https:\/\/schema.org\",\"@graph\":[{\"@type\":\"WebPage\",\"@id\":\"https:\/\/www.miomiorun.com\/fr\/produit\/launch-jacquard-ss-femme\/\",\"url\":\"https:\/\/www.miomiorun.com\/fr\/produit\/launch-jacquard-ss-femme\/\",\"name\":\"Under Armour Launch jacquard SS femme - T-shirt de course \u00e0 pied- MioMioRun\",\"isPartOf\":{\"@id\":\"https:\/\/www.miomiorun.com\/fr\/#website\"},\"primaryImageOfPage\":{\"@id\":\"https:\/\/www.miomiorun.com\/fr\/produit\/launch-jacquard-ss-femme\/#primaryimage\"},\"image\":{\"@id\":\"https:\/\/www.miomiorun.com\/fr\/produit\/launch-jacquard-ss-femme\/#primaryimage\"},\"thumbnailUrl\":\"https:\/\/www.miomiorun.com\/app\/uploads\/2025\/12\/under-armour-Launch-jacquard-SS-W-white-6005096-0100.webp\",\"datePublished\":\"2025-11-27T18:13:26+00:00\",\"dateModified\":\"2026-04-16T17:02:30+00:00\",\"description\":\"Maillot de course l\u00e9ger et respirant en jacquard, \u00e0 s\u00e9chage rapide, \u00e9lasticit\u00e9 4 directions et contr\u00f4le des odeurs. Libert\u00e9 et confort maximum.\",\"breadcrumb\":{\"@id\":\"https:\/\/www.miomiorun.com\/fr\/produit\/launch-jacquard-ss-femme\/#breadcrumb\"},\"inLanguage\":\"fr-FR\",\"potentialAction\":[{\"@type\":\"ReadAction\",\"target\":[\"https:\/\/www.miomiorun.com\/fr\/produit\/launch-jacquard-ss-femme\/\"]}]},{\"@type\":\"ImageObject\",\"inLanguage\":\"fr-FR\",\"@id\":\"https:\/\/www.miomiorun.com\/fr\/produit\/launch-jacquard-ss-femme\/#primaryimage\",\"url\":\"https:\/\/www.miomiorun.com\/app\/uploads\/2025\/12\/under-armour-Launch-jacquard-SS-W-white-6005096-0100.webp\",\"contentUrl\":\"https:\/\/www.miomiorun.com\/app\/uploads\/2025\/12\/under-armour-Launch-jacquard-SS-W-white-6005096-0100.webp\",\"width\":720,\"height\":720,\"caption\":\"under armour Launch jacquard SS W white 6005096-0100\"},{\"@type\":\"BreadcrumbList\",\"@id\":\"https:\/\/www.miomiorun.com\/fr\/produit\/launch-jacquard-ss-femme\/#breadcrumb\",\"itemListElement\":[{\"@type\":\"ListItem\",\"position\":1,\"name\":\"Home\",\"item\":\"https:\/\/www.miomiorun.com\/fr\/home-page\/\"},{\"@type\":\"ListItem\",\"position\":2,\"name\":\"Shop\",\"item\":\"https:\/\/www.miomiorun.com\/shop\/\"},{\"@type\":\"ListItem\",\"position\":3,\"name\":\"Launch jacquard SS femme\"}]},{\"@type\":\"WebSite\",\"@id\":\"https:\/\/www.miomiorun.com\/fr\/#website\",\"url\":\"https:\/\/www.miomiorun.com\/fr\/\",\"name\":\"MioMioRun\",\"description\":\"Boutique 100% running et trail\",\"publisher\":{\"@id\":\"https:\/\/www.miomiorun.com\/fr\/#organization\"},\"potentialAction\":[{\"@type\":\"SearchAction\",\"target\":{\"@type\":\"EntryPoint\",\"urlTemplate\":\"https:\/\/www.miomiorun.com\/fr\/?s={search_term_string}\"},\"query-input\":{\"@type\":\"PropertyValueSpecification\",\"valueRequired\":true,\"valueName\":\"search_term_string\"}}],\"inLanguage\":\"fr-FR\"},{\"@type\":\"Organization\",\"@id\":\"https:\/\/www.miomiorun.com\/fr\/#organization\",\"name\":\"MioMio Run\",\"url\":\"https:\/\/www.miomiorun.com\/fr\/\",\"logo\":{\"@type\":\"ImageObject\",\"inLanguage\":\"fr-FR\",\"@id\":\"https:\/\/www.miomiorun.com\/fr\/#\/schema\/logo\/image\/\",\"url\":\"https:\/\/www.miomiorun.com\/app\/uploads\/2019\/12\/logomio.png\",\"contentUrl\":\"https:\/\/www.miomiorun.com\/app\/uploads\/2019\/12\/logomio.png\",\"width\":115,\"height\":82,\"caption\":\"MioMio Run\"},\"image\":{\"@id\":\"https:\/\/www.miomiorun.com\/fr\/#\/schema\/logo\/image\/\"},\"sameAs\":[\"https:\/\/www.facebook.com\/miomiorun\/\",\"https:\/\/www.instagram.com\/miomiorun\/\"]}]}<\/script>\n<!-- \/ Yoast SEO plugin. -->","yoast_head_json":{"title":"Under Armour Launch jacquard SS femme - T-shirt de course \u00e0 pied- MioMioRun","description":"Maillot de course l\u00e9ger et respirant en jacquard, \u00e0 s\u00e9chage rapide, \u00e9lasticit\u00e9 4 directions et contr\u00f4le des odeurs. Libert\u00e9 et confort maximum.","robots":{"index":"index","follow":"follow","max-snippet":"max-snippet:-1","max-image-preview":"max-image-preview:large","max-video-preview":"max-video-preview:-1"},"canonical":"https:\/\/www.miomiorun.com\/fr\/produit\/launch-jacquard-ss-femme\/","og_locale":"fr_FR","og_type":"article","og_title":"Under Armour Launch jacquard SS femme - T-shirt de course \u00e0 pied- MioMioRun","og_description":"Maillot de course l\u00e9ger et respirant en jacquard, \u00e0 s\u00e9chage rapide, \u00e9lasticit\u00e9 4 directions et contr\u00f4le des odeurs. Libert\u00e9 et confort maximum.","og_url":"https:\/\/www.miomiorun.com\/fr\/produit\/launch-jacquard-ss-femme\/","og_site_name":"MioMioRun","article_publisher":"https:\/\/www.facebook.com\/miomiorun\/","article_modified_time":"2026-04-16T17:02:30+00:00","og_image":[{"width":720,"height":720,"url":"https:\/\/www.miomiorun.com\/app\/uploads\/2025\/12\/under-armour-Launch-jacquard-SS-W-white-6005096-0100.webp","type":"image\/webp"}],"twitter_card":"summary_large_image","twitter_misc":{"Est. reading time":"1 minute"},"schema":{"@context":"https:\/\/schema.org","@graph":[{"@type":"WebPage","@id":"https:\/\/www.miomiorun.com\/fr\/produit\/launch-jacquard-ss-femme\/","url":"https:\/\/www.miomiorun.com\/fr\/produit\/launch-jacquard-ss-femme\/","name":"Under Armour Launch jacquard SS femme - T-shirt de course \u00e0 pied- MioMioRun","isPartOf":{"@id":"https:\/\/www.miomiorun.com\/fr\/#website"},"primaryImageOfPage":{"@id":"https:\/\/www.miomiorun.com\/fr\/produit\/launch-jacquard-ss-femme\/#primaryimage"},"image":{"@id":"https:\/\/www.miomiorun.com\/fr\/produit\/launch-jacquard-ss-femme\/#primaryimage"},"thumbnailUrl":"https:\/\/www.miomiorun.com\/app\/uploads\/2025\/12\/under-armour-Launch-jacquard-SS-W-white-6005096-0100.webp","datePublished":"2025-11-27T18:13:26+00:00","dateModified":"2026-04-16T17:02:30+00:00","description":"Maillot de course l\u00e9ger et respirant en jacquard, \u00e0 s\u00e9chage rapide, \u00e9lasticit\u00e9 4 directions et contr\u00f4le des odeurs. Libert\u00e9 et confort maximum.","breadcrumb":{"@id":"https:\/\/www.miomiorun.com\/fr\/produit\/launch-jacquard-ss-femme\/#breadcrumb"},"inLanguage":"fr-FR","potentialAction":[{"@type":"ReadAction","target":["https:\/\/www.miomiorun.com\/fr\/produit\/launch-jacquard-ss-femme\/"]}]},{"@type":"ImageObject","inLanguage":"fr-FR","@id":"https:\/\/www.miomiorun.com\/fr\/produit\/launch-jacquard-ss-femme\/#primaryimage","url":"https:\/\/www.miomiorun.com\/app\/uploads\/2025\/12\/under-armour-Launch-jacquard-SS-W-white-6005096-0100.webp","contentUrl":"https:\/\/www.miomiorun.com\/app\/uploads\/2025\/12\/under-armour-Launch-jacquard-SS-W-white-6005096-0100.webp","width":720,"height":720,"caption":"under armour Launch jacquard SS W white 6005096-0100"},{"@type":"BreadcrumbList","@id":"https:\/\/www.miomiorun.com\/fr\/produit\/launch-jacquard-ss-femme\/#breadcrumb","itemListElement":[{"@type":"ListItem","position":1,"name":"Home","item":"https:\/\/www.miomiorun.com\/fr\/home-page\/"},{"@type":"ListItem","position":2,"name":"Shop","item":"https:\/\/www.miomiorun.com\/shop\/"},{"@type":"ListItem","position":3,"name":"Launch jacquard SS femme"}]},{"@type":"WebSite","@id":"https:\/\/www.miomiorun.com\/fr\/#website","url":"https:\/\/www.miomiorun.com\/fr\/","name":"MioMioRun","description":"Boutique 100% running et trail","publisher":{"@id":"https:\/\/www.miomiorun.com\/fr\/#organization"},"potentialAction":[{"@type":"SearchAction","target":{"@type":"EntryPoint","urlTemplate":"https:\/\/www.miomiorun.com\/fr\/?s={search_term_string}"},"query-input":{"@type":"PropertyValueSpecification","valueRequired":true,"valueName":"search_term_string"}}],"inLanguage":"fr-FR"},{"@type":"Organization","@id":"https:\/\/www.miomiorun.com\/fr\/#organization","name":"MioMio Run","url":"https:\/\/www.miomiorun.com\/fr\/","logo":{"@type":"ImageObject","inLanguage":"fr-FR","@id":"https:\/\/www.miomiorun.com\/fr\/#\/schema\/logo\/image\/","url":"https:\/\/www.miomiorun.com\/app\/uploads\/2019\/12\/logomio.png","contentUrl":"https:\/\/www.miomiorun.com\/app\/uploads\/2019\/12\/logomio.png","width":115,"height":82,"caption":"MioMio Run"},"image":{"@id":"https:\/\/www.miomiorun.com\/fr\/#\/schema\/logo\/image\/"},"sameAs":["https:\/\/www.facebook.com\/miomiorun\/","https:\/\/www.instagram.com\/miomiorun\/"]}]}},"_links":{"self":[{"href":"https:\/\/www.miomiorun.com\/fr\/wp-json\/wp\/v2\/product\/375324","targetHints":{"allow":["GET"]}}],"collection":[{"href":"https:\/\/www.miomiorun.com\/fr\/wp-json\/wp\/v2\/product"}],"about":[{"href":"https:\/\/www.miomiorun.com\/fr\/wp-json\/wp\/v2\/types\/product"}],"wp:featuredmedia":[{"embeddable":true,"href":"https:\/\/www.miomiorun.com\/fr\/wp-json\/wp\/v2\/media\/382862"}],"wp:attachment":[{"href":"https:\/\/www.miomiorun.com\/fr\/wp-json\/wp\/v2\/media?parent=375324"}],"wp:term":[{"taxonomy":"product_brand","embeddable":true,"href":"https:\/\/www.miomiorun.com\/fr\/wp-json\/wp\/v2\/product_brand?post=375324"},{"taxonomy":"product_cat","embeddable":true,"href":"https:\/\/www.miomiorun.com\/fr\/wp-json\/wp\/v2\/product_cat?post=375324"},{"taxonomy":"product_tag","embeddable":true,"href":"https:\/\/www.miomiorun.com\/fr\/wp-json\/wp\/v2\/product_tag?post=375324"}],"curies":[{"name":"wp","href":"https:\/\/api.w.org\/{rel}","templated":true}]}}