{"id":375186,"date":"2025-11-27T12:28:17","date_gmt":"2025-11-27T11:28:17","guid":{"rendered":"https:\/\/www.miomiorun.com\/?post_type=product&#038;p=375186"},"modified":"2026-04-16T19:02:52","modified_gmt":"2026-04-16T17:02:52","slug":"rival-flc-shimmer-hdy-femme","status":"publish","type":"product","link":"https:\/\/www.miomiorun.com\/fr\/produit\/rival-flc-shimmer-hdy-femme\/","title":{"rendered":"Rival FLC shimmer HDY femme"},"content":{"rendered":"<p data-start=\"170\" data-end=\"524\">Ce <strong data-start=\"177\" data-end=\"200\">sweat \u00e0 capuche<\/strong> est con\u00e7u pour vous offrir chaleur, confort et une touche de style \u00e0 tout moment de la journ\u00e9e. Fabriqu\u00e9 en <strong data-start=\"306\" data-end=\"344\">polaire m\u00e9lang\u00e9e coton ultra douce<\/strong> avec int\u00e9rieur bross\u00e9, il enveloppe le corps d&#8217;une chaleur agr\u00e9able sans \u00eatre lourd, ce qui le rend parfait pour les loisirs, les entra\u00eenements l\u00e9gers ou les journ\u00e9es plus fra\u00eeches. <\/p>\n<p data-start=\"526\" data-end=\"959\">Le design comprend une <strong data-start=\"557\" data-end=\"586\">poche kangourou pratique \u00e0 l&#8217;avant<\/strong>, id\u00e9ale pour se r\u00e9chauffer les mains ou ranger de petits objets, tandis que les <strong data-start=\"650\" data-end=\"678\">poignets et l&#8217;ourlet c\u00f4tel\u00e9s<\/strong> assurent un ajustement stable et confortable. Les <strong data-start=\"733\" data-end=\"751\">manches raglan<\/strong> offrent une plus grande libert\u00e9 de mouvement et un look sportif. Le v\u00eatement est compl\u00e9t\u00e9 par un <strong data-start=\"838\" data-end=\"857\">logo brillant<\/strong>, amusant et \u00e9clatant, qui ajoute une touche de personnalit\u00e9 et rend ce sweat-shirt unique et moderne.<\/p>\n","protected":false},"excerpt":{"rendered":"<ul>\n<li data-start=\"1186\" data-end=\"1265\">Polaire en coton m\u00e9lang\u00e9 ultra-doux avec int\u00e9rieur bross\u00e9 pour plus de chaleur<\/li>\n<li data-start=\"1268\" data-end=\"1336\">Poche kangourou, poignets et ourlet c\u00f4tel\u00e9s pour plus de praticit\u00e9 et de confort<\/li>\n<li data-start=\"1339\" data-end=\"1406\">Logo brillant et manches raglan pour un look sportif et \u00e9clatant<\/li>\n<\/ul>\n","protected":false},"featured_media":382804,"template":"","meta":{"_acf_changed":false,"inline_featured_image":false},"product_brand":[],"product_cat":[22601,22596],"product_tag":[23530,23575],"class_list":{"0":"post-375186","1":"product","2":"type-product","3":"status-publish","4":"has-post-thumbnail","6":"product_cat-maillots","7":"product_cat-vetements-pour-femmes","8":"product_tag-under-armour-fr","9":"product_tag-under-armour-femme","10":"pa_attivita-lifestyle-fr","11":"pa_attivita-marcher","12":"pa_colore-rival-flc-shimmer-hdy-w-black-fr","13":"pa_colore-rival-flc-shimmer-hdy-w-prime-pink-fr","14":"pa_marca-under-armour-fr","15":"pa_sesso-femme","16":"pa_size-extra-small-fr","17":"pa_size-small-fr","18":"pa_size-medium-fr","20":"first","21":"instock","22":"sale","23":"taxable","24":"shipping-taxable","25":"purchasable","26":"product-type-variable","27":"wvs-archive-product-wrapper"},"acf":[],"yoast_head":"<!-- This site is optimized with the Yoast SEO plugin v26.8 - https:\/\/yoast.com\/product\/yoast-seo-wordpress\/ -->\n<title>Under Armour Rival FLC shimmer HDY femme -sweat \u00e0 capuche - MioMioRun<\/title>\n<meta name=\"description\" content=\"Sweat \u00e0 capuche en molleton m\u00e9lang\u00e9 coton, chaud et ultra-doux, avec logo brillant, poche kangourou et manches raglan. Parfait pour le confort et le style.\" \/>\n<meta name=\"robots\" content=\"index, follow, max-snippet:-1, max-image-preview:large, max-video-preview:-1\" \/>\n<link rel=\"canonical\" href=\"https:\/\/www.miomiorun.com\/fr\/produit\/rival-flc-shimmer-hdy-femme\/\" \/>\n<meta property=\"og:locale\" content=\"fr_FR\" \/>\n<meta property=\"og:type\" content=\"article\" \/>\n<meta property=\"og:title\" content=\"Under Armour Rival FLC shimmer HDY femme -sweat \u00e0 capuche - MioMioRun\" \/>\n<meta property=\"og:description\" content=\"Sweat \u00e0 capuche en molleton m\u00e9lang\u00e9 coton, chaud et ultra-doux, avec logo brillant, poche kangourou et manches raglan. Parfait pour le confort et le style.\" \/>\n<meta property=\"og:url\" content=\"https:\/\/www.miomiorun.com\/fr\/produit\/rival-flc-shimmer-hdy-femme\/\" \/>\n<meta property=\"og:site_name\" content=\"MioMioRun\" \/>\n<meta property=\"article:publisher\" content=\"https:\/\/www.facebook.com\/miomiorun\/\" \/>\n<meta property=\"article:modified_time\" content=\"2026-04-16T17:02:52+00:00\" \/>\n<meta property=\"og:image\" content=\"https:\/\/www.miomiorun.com\/app\/uploads\/2025\/12\/under-armour-Rival-FLC-shimmer-HDY-W-prime-pink-6003710-0647.webp\" \/>\n\t<meta property=\"og:image:width\" content=\"720\" \/>\n\t<meta property=\"og:image:height\" content=\"720\" \/>\n\t<meta property=\"og:image:type\" content=\"image\/webp\" \/>\n<meta name=\"twitter:card\" content=\"summary_large_image\" \/>\n<meta name=\"twitter:label1\" content=\"Est. reading time\" \/>\n\t<meta name=\"twitter:data1\" content=\"1 minute\" \/>\n<script type=\"application\/ld+json\" class=\"yoast-schema-graph\">{\"@context\":\"https:\/\/schema.org\",\"@graph\":[{\"@type\":\"WebPage\",\"@id\":\"https:\/\/www.miomiorun.com\/fr\/produit\/rival-flc-shimmer-hdy-femme\/\",\"url\":\"https:\/\/www.miomiorun.com\/fr\/produit\/rival-flc-shimmer-hdy-femme\/\",\"name\":\"Under Armour Rival FLC shimmer HDY femme -sweat \u00e0 capuche - MioMioRun\",\"isPartOf\":{\"@id\":\"https:\/\/www.miomiorun.com\/fr\/#website\"},\"primaryImageOfPage\":{\"@id\":\"https:\/\/www.miomiorun.com\/fr\/produit\/rival-flc-shimmer-hdy-femme\/#primaryimage\"},\"image\":{\"@id\":\"https:\/\/www.miomiorun.com\/fr\/produit\/rival-flc-shimmer-hdy-femme\/#primaryimage\"},\"thumbnailUrl\":\"https:\/\/www.miomiorun.com\/app\/uploads\/2025\/12\/under-armour-Rival-FLC-shimmer-HDY-W-prime-pink-6003710-0647.webp\",\"datePublished\":\"2025-11-27T11:28:17+00:00\",\"dateModified\":\"2026-04-16T17:02:52+00:00\",\"description\":\"Sweat \u00e0 capuche en molleton m\u00e9lang\u00e9 coton, chaud et ultra-doux, avec logo brillant, poche kangourou et manches raglan. Parfait pour le confort et le style.\",\"breadcrumb\":{\"@id\":\"https:\/\/www.miomiorun.com\/fr\/produit\/rival-flc-shimmer-hdy-femme\/#breadcrumb\"},\"inLanguage\":\"fr-FR\",\"potentialAction\":[{\"@type\":\"ReadAction\",\"target\":[\"https:\/\/www.miomiorun.com\/fr\/produit\/rival-flc-shimmer-hdy-femme\/\"]}]},{\"@type\":\"ImageObject\",\"inLanguage\":\"fr-FR\",\"@id\":\"https:\/\/www.miomiorun.com\/fr\/produit\/rival-flc-shimmer-hdy-femme\/#primaryimage\",\"url\":\"https:\/\/www.miomiorun.com\/app\/uploads\/2025\/12\/under-armour-Rival-FLC-shimmer-HDY-W-prime-pink-6003710-0647.webp\",\"contentUrl\":\"https:\/\/www.miomiorun.com\/app\/uploads\/2025\/12\/under-armour-Rival-FLC-shimmer-HDY-W-prime-pink-6003710-0647.webp\",\"width\":720,\"height\":720,\"caption\":\"under armour Rival FLC shimmer HDY W prime pink 6003710-0647\"},{\"@type\":\"BreadcrumbList\",\"@id\":\"https:\/\/www.miomiorun.com\/fr\/produit\/rival-flc-shimmer-hdy-femme\/#breadcrumb\",\"itemListElement\":[{\"@type\":\"ListItem\",\"position\":1,\"name\":\"Home\",\"item\":\"https:\/\/www.miomiorun.com\/fr\/home-page\/\"},{\"@type\":\"ListItem\",\"position\":2,\"name\":\"Shop\",\"item\":\"https:\/\/www.miomiorun.com\/shop\/\"},{\"@type\":\"ListItem\",\"position\":3,\"name\":\"Rival FLC shimmer HDY femme\"}]},{\"@type\":\"WebSite\",\"@id\":\"https:\/\/www.miomiorun.com\/fr\/#website\",\"url\":\"https:\/\/www.miomiorun.com\/fr\/\",\"name\":\"MioMioRun\",\"description\":\"Boutique 100% running et trail\",\"publisher\":{\"@id\":\"https:\/\/www.miomiorun.com\/fr\/#organization\"},\"potentialAction\":[{\"@type\":\"SearchAction\",\"target\":{\"@type\":\"EntryPoint\",\"urlTemplate\":\"https:\/\/www.miomiorun.com\/fr\/?s={search_term_string}\"},\"query-input\":{\"@type\":\"PropertyValueSpecification\",\"valueRequired\":true,\"valueName\":\"search_term_string\"}}],\"inLanguage\":\"fr-FR\"},{\"@type\":\"Organization\",\"@id\":\"https:\/\/www.miomiorun.com\/fr\/#organization\",\"name\":\"MioMio Run\",\"url\":\"https:\/\/www.miomiorun.com\/fr\/\",\"logo\":{\"@type\":\"ImageObject\",\"inLanguage\":\"fr-FR\",\"@id\":\"https:\/\/www.miomiorun.com\/fr\/#\/schema\/logo\/image\/\",\"url\":\"https:\/\/www.miomiorun.com\/app\/uploads\/2019\/12\/logomio.png\",\"contentUrl\":\"https:\/\/www.miomiorun.com\/app\/uploads\/2019\/12\/logomio.png\",\"width\":115,\"height\":82,\"caption\":\"MioMio Run\"},\"image\":{\"@id\":\"https:\/\/www.miomiorun.com\/fr\/#\/schema\/logo\/image\/\"},\"sameAs\":[\"https:\/\/www.facebook.com\/miomiorun\/\",\"https:\/\/www.instagram.com\/miomiorun\/\"]}]}<\/script>\n<!-- \/ Yoast SEO plugin. -->","yoast_head_json":{"title":"Under Armour Rival FLC shimmer HDY femme -sweat \u00e0 capuche - MioMioRun","description":"Sweat \u00e0 capuche en molleton m\u00e9lang\u00e9 coton, chaud et ultra-doux, avec logo brillant, poche kangourou et manches raglan. Parfait pour le confort et le style.","robots":{"index":"index","follow":"follow","max-snippet":"max-snippet:-1","max-image-preview":"max-image-preview:large","max-video-preview":"max-video-preview:-1"},"canonical":"https:\/\/www.miomiorun.com\/fr\/produit\/rival-flc-shimmer-hdy-femme\/","og_locale":"fr_FR","og_type":"article","og_title":"Under Armour Rival FLC shimmer HDY femme -sweat \u00e0 capuche - MioMioRun","og_description":"Sweat \u00e0 capuche en molleton m\u00e9lang\u00e9 coton, chaud et ultra-doux, avec logo brillant, poche kangourou et manches raglan. Parfait pour le confort et le style.","og_url":"https:\/\/www.miomiorun.com\/fr\/produit\/rival-flc-shimmer-hdy-femme\/","og_site_name":"MioMioRun","article_publisher":"https:\/\/www.facebook.com\/miomiorun\/","article_modified_time":"2026-04-16T17:02:52+00:00","og_image":[{"width":720,"height":720,"url":"https:\/\/www.miomiorun.com\/app\/uploads\/2025\/12\/under-armour-Rival-FLC-shimmer-HDY-W-prime-pink-6003710-0647.webp","type":"image\/webp"}],"twitter_card":"summary_large_image","twitter_misc":{"Est. reading time":"1 minute"},"schema":{"@context":"https:\/\/schema.org","@graph":[{"@type":"WebPage","@id":"https:\/\/www.miomiorun.com\/fr\/produit\/rival-flc-shimmer-hdy-femme\/","url":"https:\/\/www.miomiorun.com\/fr\/produit\/rival-flc-shimmer-hdy-femme\/","name":"Under Armour Rival FLC shimmer HDY femme -sweat \u00e0 capuche - MioMioRun","isPartOf":{"@id":"https:\/\/www.miomiorun.com\/fr\/#website"},"primaryImageOfPage":{"@id":"https:\/\/www.miomiorun.com\/fr\/produit\/rival-flc-shimmer-hdy-femme\/#primaryimage"},"image":{"@id":"https:\/\/www.miomiorun.com\/fr\/produit\/rival-flc-shimmer-hdy-femme\/#primaryimage"},"thumbnailUrl":"https:\/\/www.miomiorun.com\/app\/uploads\/2025\/12\/under-armour-Rival-FLC-shimmer-HDY-W-prime-pink-6003710-0647.webp","datePublished":"2025-11-27T11:28:17+00:00","dateModified":"2026-04-16T17:02:52+00:00","description":"Sweat \u00e0 capuche en molleton m\u00e9lang\u00e9 coton, chaud et ultra-doux, avec logo brillant, poche kangourou et manches raglan. Parfait pour le confort et le style.","breadcrumb":{"@id":"https:\/\/www.miomiorun.com\/fr\/produit\/rival-flc-shimmer-hdy-femme\/#breadcrumb"},"inLanguage":"fr-FR","potentialAction":[{"@type":"ReadAction","target":["https:\/\/www.miomiorun.com\/fr\/produit\/rival-flc-shimmer-hdy-femme\/"]}]},{"@type":"ImageObject","inLanguage":"fr-FR","@id":"https:\/\/www.miomiorun.com\/fr\/produit\/rival-flc-shimmer-hdy-femme\/#primaryimage","url":"https:\/\/www.miomiorun.com\/app\/uploads\/2025\/12\/under-armour-Rival-FLC-shimmer-HDY-W-prime-pink-6003710-0647.webp","contentUrl":"https:\/\/www.miomiorun.com\/app\/uploads\/2025\/12\/under-armour-Rival-FLC-shimmer-HDY-W-prime-pink-6003710-0647.webp","width":720,"height":720,"caption":"under armour Rival FLC shimmer HDY W prime pink 6003710-0647"},{"@type":"BreadcrumbList","@id":"https:\/\/www.miomiorun.com\/fr\/produit\/rival-flc-shimmer-hdy-femme\/#breadcrumb","itemListElement":[{"@type":"ListItem","position":1,"name":"Home","item":"https:\/\/www.miomiorun.com\/fr\/home-page\/"},{"@type":"ListItem","position":2,"name":"Shop","item":"https:\/\/www.miomiorun.com\/shop\/"},{"@type":"ListItem","position":3,"name":"Rival FLC shimmer HDY femme"}]},{"@type":"WebSite","@id":"https:\/\/www.miomiorun.com\/fr\/#website","url":"https:\/\/www.miomiorun.com\/fr\/","name":"MioMioRun","description":"Boutique 100% running et trail","publisher":{"@id":"https:\/\/www.miomiorun.com\/fr\/#organization"},"potentialAction":[{"@type":"SearchAction","target":{"@type":"EntryPoint","urlTemplate":"https:\/\/www.miomiorun.com\/fr\/?s={search_term_string}"},"query-input":{"@type":"PropertyValueSpecification","valueRequired":true,"valueName":"search_term_string"}}],"inLanguage":"fr-FR"},{"@type":"Organization","@id":"https:\/\/www.miomiorun.com\/fr\/#organization","name":"MioMio Run","url":"https:\/\/www.miomiorun.com\/fr\/","logo":{"@type":"ImageObject","inLanguage":"fr-FR","@id":"https:\/\/www.miomiorun.com\/fr\/#\/schema\/logo\/image\/","url":"https:\/\/www.miomiorun.com\/app\/uploads\/2019\/12\/logomio.png","contentUrl":"https:\/\/www.miomiorun.com\/app\/uploads\/2019\/12\/logomio.png","width":115,"height":82,"caption":"MioMio Run"},"image":{"@id":"https:\/\/www.miomiorun.com\/fr\/#\/schema\/logo\/image\/"},"sameAs":["https:\/\/www.facebook.com\/miomiorun\/","https:\/\/www.instagram.com\/miomiorun\/"]}]}},"_links":{"self":[{"href":"https:\/\/www.miomiorun.com\/fr\/wp-json\/wp\/v2\/product\/375186","targetHints":{"allow":["GET"]}}],"collection":[{"href":"https:\/\/www.miomiorun.com\/fr\/wp-json\/wp\/v2\/product"}],"about":[{"href":"https:\/\/www.miomiorun.com\/fr\/wp-json\/wp\/v2\/types\/product"}],"wp:featuredmedia":[{"embeddable":true,"href":"https:\/\/www.miomiorun.com\/fr\/wp-json\/wp\/v2\/media\/382804"}],"wp:attachment":[{"href":"https:\/\/www.miomiorun.com\/fr\/wp-json\/wp\/v2\/media?parent=375186"}],"wp:term":[{"taxonomy":"product_brand","embeddable":true,"href":"https:\/\/www.miomiorun.com\/fr\/wp-json\/wp\/v2\/product_brand?post=375186"},{"taxonomy":"product_cat","embeddable":true,"href":"https:\/\/www.miomiorun.com\/fr\/wp-json\/wp\/v2\/product_cat?post=375186"},{"taxonomy":"product_tag","embeddable":true,"href":"https:\/\/www.miomiorun.com\/fr\/wp-json\/wp\/v2\/product_tag?post=375186"}],"curies":[{"name":"wp","href":"https:\/\/api.w.org\/{rel}","templated":true}]}}