{"id":374912,"date":"2025-11-26T18:39:15","date_gmt":"2025-11-26T17:39:15","guid":{"rendered":"https:\/\/www.miomiorun.com\/?post_type=product&#038;p=374912"},"modified":"2026-04-16T19:03:03","modified_gmt":"2026-04-16T17:03:03","slug":"launch-elite-ankle-tight-femme","status":"publish","type":"product","link":"https:\/\/www.miomiorun.com\/fr\/produit\/launch-elite-ankle-tight-femme\/","title":{"rendered":"Launch elite ankle tight femme"},"content":{"rendered":"<div id=\"tw-target-text-container\" class=\"tw-ta-container F0azHf tw-nfl\">\n<div id=\"acc-1\" class=\"g-accordion-content collapse show\">\n<div id=\"acc-3\" class=\"g-accordion-content collapse\">\n<div id=\"acc-3\" class=\"g-accordion-content collapse\">\n<div id=\"acc-3\" class=\"g-accordion-content collapse\">\n<p data-start=\"321\" data-end=\"750\">Les <strong data-start=\"323\" data-end=\"363\">Launch Elite Ankle Tight<\/strong> combinent la structure technique du mod\u00e8le Fly Fast avec des d\u00e9tails avanc\u00e9s con\u00e7us pour les coureurs les plus exigeants. Fabriqu\u00e9s dans un tissu tricot\u00e9 <strong data-start=\"508\" data-end=\"562\">ultra-doux, extensible et haute performance<\/strong>, ils offrent un soutien optimal sans \u00eatre compressifs, mettant en valeur la silhouette et garantissant une respirabilit\u00e9 maximale gr\u00e2ce aux <strong data-start=\"694\" data-end=\"716\">perforations laser<\/strong> plac\u00e9es \u00e0 des endroits strat\u00e9giques.<\/p>\n<p data-start=\"752\" data-end=\"1236\">Le tissu absorbe rapidement la transpiration et s\u00e8che tr\u00e8s vite, gardant la peau au sec m\u00eame pendant les entra\u00eenements intenses. L&#8217;\u00e9lasticit\u00e9 dans les <strong data-start=\"911\" data-end=\"926\">4 directions<\/strong> favorise une libert\u00e9 de mouvement naturelle, tandis que la construction <strong data-start=\"994\" data-end=\"1031\">sans coutures \u00e0 l&#8217;int\u00e9rieur de la jambe<\/strong> \u00e9limine les frottements et les irritations. La <strong data-start=\"1070\" data-end=\"1102\">poche arri\u00e8re extensible<\/strong>, r\u00e9sistante \u00e0 l&#8217;eau, prot\u00e8ge votre t\u00e9l\u00e9phone en l&#8217;emp\u00eachant de rebondir, tandis que les <strong data-start=\"1176\" data-end=\"1207\">poches lat\u00e9rales en forme de sac<\/strong> offrent un confort suppl\u00e9mentaire.<\/p>\n<p data-start=\"1238\" data-end=\"1557\">La <strong data-start=\"1241\" data-end=\"1275\">taille haute avec cordon de serrage interne<\/strong> assure un ajustement stable et r\u00e9glable. Les <strong data-start=\"1325\" data-end=\"1349\">d\u00e9tails r\u00e9fl\u00e9chissants<\/strong> augmentent la visibilit\u00e9 lors des courses dans des conditions de faible luminosit\u00e9. Un mod\u00e8le complet, qui combine les qualit\u00e9s embl\u00e9matiques de la ligne UA Fly Fast avec les caract\u00e9ristiques avanc\u00e9es de la s\u00e9rie Launch Elite.<\/p>\n<\/p>\n<\/div>\n<\/div>\n<\/div>\n<\/div>\n<\/div>\n<div id=\"tw-target-rmn-container\" class=\"tw-target-rmn tw-ta-container F0azHf tw-nfl\">\n<pre id=\"tw-target-rmn\" class=\"tw-data-placeholder tw-text-small tw-ta\" dir=\"ltr\" data-placeholder=\"\"><\/pre>\n<\/div>\n","protected":false},"excerpt":{"rendered":"<ul>\n<li data-start=\"1812\" data-end=\"1890\">Technologie UA Fly Fast : tissu l\u00e9ger, respirant et \u00e0 s\u00e9chage rapide<\/li>\n<li data-start=\"1893\" data-end=\"1972\">\u00c9lasticit\u00e9 dans 4 directions, perforations laser et conception sans coutures internes<\/li>\n<li data-start=\"1975\" data-end=\"2055\">Taille haute ajustable + poche arri\u00e8re r\u00e9sistante \u00e0 l&#8217;eau et poches lat\u00e9rales<\/li>\n<\/ul>\n","protected":false},"featured_media":382183,"template":"","meta":{"_acf_changed":false,"inline_featured_image":false},"product_brand":[],"product_cat":[22603,22596],"product_tag":[23530,23575],"class_list":{"0":"post-374912","1":"product","2":"type-product","3":"status-publish","4":"has-post-thumbnail","6":"product_cat-pantalon-long","7":"product_cat-vetements-pour-femmes","8":"product_tag-under-armour-fr","9":"product_tag-under-armour-femme","10":"pa_attivita-marcher","11":"pa_attivita-running-fr","12":"pa_colore-launch-elite-ankle-tight-w-black-fr","13":"pa_marca-under-armour-fr","14":"pa_sesso-femme","15":"pa_size-extra-small-fr","16":"pa_size-small-fr","17":"pa_size-medium-fr","19":"first","20":"instock","21":"sale","22":"taxable","23":"shipping-taxable","24":"purchasable","25":"product-type-variable","26":"wvs-archive-product-wrapper"},"acf":[],"yoast_head":"<!-- This site is optimized with the Yoast SEO plugin v26.8 - https:\/\/yoast.com\/product\/yoast-seo-wordpress\/ -->\n<title>Under Armour Launch elite ankle tight femme - Leggings femmesMioMioRun<\/title>\n<meta name=\"description\" content=\"Launch Elite Ankle Tight : leggings de course haute performance, \u00e9lastiques, respirants et \u00e0 s\u00e9chage rapide, avec poche arri\u00e8re r\u00e9sistante \u00e0 l&#039;eau\" \/>\n<meta name=\"robots\" content=\"index, follow, max-snippet:-1, max-image-preview:large, max-video-preview:-1\" \/>\n<link rel=\"canonical\" href=\"https:\/\/www.miomiorun.com\/fr\/produit\/launch-elite-ankle-tight-femme\/\" \/>\n<meta property=\"og:locale\" content=\"fr_FR\" \/>\n<meta property=\"og:type\" content=\"article\" \/>\n<meta property=\"og:title\" content=\"Under Armour Launch elite ankle tight femme - Leggings femmesMioMioRun\" \/>\n<meta property=\"og:description\" content=\"Launch Elite Ankle Tight : leggings de course haute performance, \u00e9lastiques, respirants et \u00e0 s\u00e9chage rapide, avec poche arri\u00e8re r\u00e9sistante \u00e0 l&#039;eau\" \/>\n<meta property=\"og:url\" content=\"https:\/\/www.miomiorun.com\/fr\/produit\/launch-elite-ankle-tight-femme\/\" \/>\n<meta property=\"og:site_name\" content=\"MioMioRun\" \/>\n<meta property=\"article:publisher\" content=\"https:\/\/www.facebook.com\/miomiorun\/\" \/>\n<meta property=\"article:modified_time\" content=\"2026-04-16T17:03:03+00:00\" \/>\n<meta property=\"og:image\" content=\"https:\/\/www.miomiorun.com\/app\/uploads\/2025\/12\/under-armour-Launch-elite-ankle-tight-W-black-1383367-0001.webp\" \/>\n\t<meta property=\"og:image:width\" content=\"720\" \/>\n\t<meta property=\"og:image:height\" content=\"720\" \/>\n\t<meta property=\"og:image:type\" content=\"image\/webp\" \/>\n<meta name=\"twitter:card\" content=\"summary_large_image\" \/>\n<meta name=\"twitter:label1\" content=\"Est. reading time\" \/>\n\t<meta name=\"twitter:data1\" content=\"1 minute\" \/>\n<script type=\"application\/ld+json\" class=\"yoast-schema-graph\">{\"@context\":\"https:\/\/schema.org\",\"@graph\":[{\"@type\":\"WebPage\",\"@id\":\"https:\/\/www.miomiorun.com\/fr\/produit\/launch-elite-ankle-tight-femme\/\",\"url\":\"https:\/\/www.miomiorun.com\/fr\/produit\/launch-elite-ankle-tight-femme\/\",\"name\":\"Under Armour Launch elite ankle tight femme - Leggings femmesMioMioRun\",\"isPartOf\":{\"@id\":\"https:\/\/www.miomiorun.com\/fr\/#website\"},\"primaryImageOfPage\":{\"@id\":\"https:\/\/www.miomiorun.com\/fr\/produit\/launch-elite-ankle-tight-femme\/#primaryimage\"},\"image\":{\"@id\":\"https:\/\/www.miomiorun.com\/fr\/produit\/launch-elite-ankle-tight-femme\/#primaryimage\"},\"thumbnailUrl\":\"https:\/\/www.miomiorun.com\/app\/uploads\/2025\/12\/under-armour-Launch-elite-ankle-tight-W-black-1383367-0001.webp\",\"datePublished\":\"2025-11-26T17:39:15+00:00\",\"dateModified\":\"2026-04-16T17:03:03+00:00\",\"description\":\"Launch Elite Ankle Tight : leggings de course haute performance, \u00e9lastiques, respirants et \u00e0 s\u00e9chage rapide, avec poche arri\u00e8re r\u00e9sistante \u00e0 l'eau\",\"breadcrumb\":{\"@id\":\"https:\/\/www.miomiorun.com\/fr\/produit\/launch-elite-ankle-tight-femme\/#breadcrumb\"},\"inLanguage\":\"fr-FR\",\"potentialAction\":[{\"@type\":\"ReadAction\",\"target\":[\"https:\/\/www.miomiorun.com\/fr\/produit\/launch-elite-ankle-tight-femme\/\"]}]},{\"@type\":\"ImageObject\",\"inLanguage\":\"fr-FR\",\"@id\":\"https:\/\/www.miomiorun.com\/fr\/produit\/launch-elite-ankle-tight-femme\/#primaryimage\",\"url\":\"https:\/\/www.miomiorun.com\/app\/uploads\/2025\/12\/under-armour-Launch-elite-ankle-tight-W-black-1383367-0001.webp\",\"contentUrl\":\"https:\/\/www.miomiorun.com\/app\/uploads\/2025\/12\/under-armour-Launch-elite-ankle-tight-W-black-1383367-0001.webp\",\"width\":720,\"height\":720,\"caption\":\"under armour Launch elite ankle tight W black 1383367-0001\"},{\"@type\":\"BreadcrumbList\",\"@id\":\"https:\/\/www.miomiorun.com\/fr\/produit\/launch-elite-ankle-tight-femme\/#breadcrumb\",\"itemListElement\":[{\"@type\":\"ListItem\",\"position\":1,\"name\":\"Home\",\"item\":\"https:\/\/www.miomiorun.com\/fr\/home-page\/\"},{\"@type\":\"ListItem\",\"position\":2,\"name\":\"Shop\",\"item\":\"https:\/\/www.miomiorun.com\/shop\/\"},{\"@type\":\"ListItem\",\"position\":3,\"name\":\"Launch elite ankle tight femme\"}]},{\"@type\":\"WebSite\",\"@id\":\"https:\/\/www.miomiorun.com\/fr\/#website\",\"url\":\"https:\/\/www.miomiorun.com\/fr\/\",\"name\":\"MioMioRun\",\"description\":\"Boutique 100% running et trail\",\"publisher\":{\"@id\":\"https:\/\/www.miomiorun.com\/fr\/#organization\"},\"potentialAction\":[{\"@type\":\"SearchAction\",\"target\":{\"@type\":\"EntryPoint\",\"urlTemplate\":\"https:\/\/www.miomiorun.com\/fr\/?s={search_term_string}\"},\"query-input\":{\"@type\":\"PropertyValueSpecification\",\"valueRequired\":true,\"valueName\":\"search_term_string\"}}],\"inLanguage\":\"fr-FR\"},{\"@type\":\"Organization\",\"@id\":\"https:\/\/www.miomiorun.com\/fr\/#organization\",\"name\":\"MioMio Run\",\"url\":\"https:\/\/www.miomiorun.com\/fr\/\",\"logo\":{\"@type\":\"ImageObject\",\"inLanguage\":\"fr-FR\",\"@id\":\"https:\/\/www.miomiorun.com\/fr\/#\/schema\/logo\/image\/\",\"url\":\"https:\/\/www.miomiorun.com\/app\/uploads\/2019\/12\/logomio.png\",\"contentUrl\":\"https:\/\/www.miomiorun.com\/app\/uploads\/2019\/12\/logomio.png\",\"width\":115,\"height\":82,\"caption\":\"MioMio Run\"},\"image\":{\"@id\":\"https:\/\/www.miomiorun.com\/fr\/#\/schema\/logo\/image\/\"},\"sameAs\":[\"https:\/\/www.facebook.com\/miomiorun\/\",\"https:\/\/www.instagram.com\/miomiorun\/\"]}]}<\/script>\n<!-- \/ Yoast SEO plugin. -->","yoast_head_json":{"title":"Under Armour Launch elite ankle tight femme - Leggings femmesMioMioRun","description":"Launch Elite Ankle Tight : leggings de course haute performance, \u00e9lastiques, respirants et \u00e0 s\u00e9chage rapide, avec poche arri\u00e8re r\u00e9sistante \u00e0 l'eau","robots":{"index":"index","follow":"follow","max-snippet":"max-snippet:-1","max-image-preview":"max-image-preview:large","max-video-preview":"max-video-preview:-1"},"canonical":"https:\/\/www.miomiorun.com\/fr\/produit\/launch-elite-ankle-tight-femme\/","og_locale":"fr_FR","og_type":"article","og_title":"Under Armour Launch elite ankle tight femme - Leggings femmesMioMioRun","og_description":"Launch Elite Ankle Tight : leggings de course haute performance, \u00e9lastiques, respirants et \u00e0 s\u00e9chage rapide, avec poche arri\u00e8re r\u00e9sistante \u00e0 l'eau","og_url":"https:\/\/www.miomiorun.com\/fr\/produit\/launch-elite-ankle-tight-femme\/","og_site_name":"MioMioRun","article_publisher":"https:\/\/www.facebook.com\/miomiorun\/","article_modified_time":"2026-04-16T17:03:03+00:00","og_image":[{"width":720,"height":720,"url":"https:\/\/www.miomiorun.com\/app\/uploads\/2025\/12\/under-armour-Launch-elite-ankle-tight-W-black-1383367-0001.webp","type":"image\/webp"}],"twitter_card":"summary_large_image","twitter_misc":{"Est. reading time":"1 minute"},"schema":{"@context":"https:\/\/schema.org","@graph":[{"@type":"WebPage","@id":"https:\/\/www.miomiorun.com\/fr\/produit\/launch-elite-ankle-tight-femme\/","url":"https:\/\/www.miomiorun.com\/fr\/produit\/launch-elite-ankle-tight-femme\/","name":"Under Armour Launch elite ankle tight femme - Leggings femmesMioMioRun","isPartOf":{"@id":"https:\/\/www.miomiorun.com\/fr\/#website"},"primaryImageOfPage":{"@id":"https:\/\/www.miomiorun.com\/fr\/produit\/launch-elite-ankle-tight-femme\/#primaryimage"},"image":{"@id":"https:\/\/www.miomiorun.com\/fr\/produit\/launch-elite-ankle-tight-femme\/#primaryimage"},"thumbnailUrl":"https:\/\/www.miomiorun.com\/app\/uploads\/2025\/12\/under-armour-Launch-elite-ankle-tight-W-black-1383367-0001.webp","datePublished":"2025-11-26T17:39:15+00:00","dateModified":"2026-04-16T17:03:03+00:00","description":"Launch Elite Ankle Tight : leggings de course haute performance, \u00e9lastiques, respirants et \u00e0 s\u00e9chage rapide, avec poche arri\u00e8re r\u00e9sistante \u00e0 l'eau","breadcrumb":{"@id":"https:\/\/www.miomiorun.com\/fr\/produit\/launch-elite-ankle-tight-femme\/#breadcrumb"},"inLanguage":"fr-FR","potentialAction":[{"@type":"ReadAction","target":["https:\/\/www.miomiorun.com\/fr\/produit\/launch-elite-ankle-tight-femme\/"]}]},{"@type":"ImageObject","inLanguage":"fr-FR","@id":"https:\/\/www.miomiorun.com\/fr\/produit\/launch-elite-ankle-tight-femme\/#primaryimage","url":"https:\/\/www.miomiorun.com\/app\/uploads\/2025\/12\/under-armour-Launch-elite-ankle-tight-W-black-1383367-0001.webp","contentUrl":"https:\/\/www.miomiorun.com\/app\/uploads\/2025\/12\/under-armour-Launch-elite-ankle-tight-W-black-1383367-0001.webp","width":720,"height":720,"caption":"under armour Launch elite ankle tight W black 1383367-0001"},{"@type":"BreadcrumbList","@id":"https:\/\/www.miomiorun.com\/fr\/produit\/launch-elite-ankle-tight-femme\/#breadcrumb","itemListElement":[{"@type":"ListItem","position":1,"name":"Home","item":"https:\/\/www.miomiorun.com\/fr\/home-page\/"},{"@type":"ListItem","position":2,"name":"Shop","item":"https:\/\/www.miomiorun.com\/shop\/"},{"@type":"ListItem","position":3,"name":"Launch elite ankle tight femme"}]},{"@type":"WebSite","@id":"https:\/\/www.miomiorun.com\/fr\/#website","url":"https:\/\/www.miomiorun.com\/fr\/","name":"MioMioRun","description":"Boutique 100% running et trail","publisher":{"@id":"https:\/\/www.miomiorun.com\/fr\/#organization"},"potentialAction":[{"@type":"SearchAction","target":{"@type":"EntryPoint","urlTemplate":"https:\/\/www.miomiorun.com\/fr\/?s={search_term_string}"},"query-input":{"@type":"PropertyValueSpecification","valueRequired":true,"valueName":"search_term_string"}}],"inLanguage":"fr-FR"},{"@type":"Organization","@id":"https:\/\/www.miomiorun.com\/fr\/#organization","name":"MioMio Run","url":"https:\/\/www.miomiorun.com\/fr\/","logo":{"@type":"ImageObject","inLanguage":"fr-FR","@id":"https:\/\/www.miomiorun.com\/fr\/#\/schema\/logo\/image\/","url":"https:\/\/www.miomiorun.com\/app\/uploads\/2019\/12\/logomio.png","contentUrl":"https:\/\/www.miomiorun.com\/app\/uploads\/2019\/12\/logomio.png","width":115,"height":82,"caption":"MioMio Run"},"image":{"@id":"https:\/\/www.miomiorun.com\/fr\/#\/schema\/logo\/image\/"},"sameAs":["https:\/\/www.facebook.com\/miomiorun\/","https:\/\/www.instagram.com\/miomiorun\/"]}]}},"_links":{"self":[{"href":"https:\/\/www.miomiorun.com\/fr\/wp-json\/wp\/v2\/product\/374912","targetHints":{"allow":["GET"]}}],"collection":[{"href":"https:\/\/www.miomiorun.com\/fr\/wp-json\/wp\/v2\/product"}],"about":[{"href":"https:\/\/www.miomiorun.com\/fr\/wp-json\/wp\/v2\/types\/product"}],"wp:featuredmedia":[{"embeddable":true,"href":"https:\/\/www.miomiorun.com\/fr\/wp-json\/wp\/v2\/media\/382183"}],"wp:attachment":[{"href":"https:\/\/www.miomiorun.com\/fr\/wp-json\/wp\/v2\/media?parent=374912"}],"wp:term":[{"taxonomy":"product_brand","embeddable":true,"href":"https:\/\/www.miomiorun.com\/fr\/wp-json\/wp\/v2\/product_brand?post=374912"},{"taxonomy":"product_cat","embeddable":true,"href":"https:\/\/www.miomiorun.com\/fr\/wp-json\/wp\/v2\/product_cat?post=374912"},{"taxonomy":"product_tag","embeddable":true,"href":"https:\/\/www.miomiorun.com\/fr\/wp-json\/wp\/v2\/product_tag?post=374912"}],"curies":[{"name":"wp","href":"https:\/\/api.w.org\/{rel}","templated":true}]}}