{"id":374659,"date":"2025-11-26T17:28:14","date_gmt":"2025-11-26T16:28:14","guid":{"rendered":"https:\/\/www.miomiorun.com\/?post_type=product&#038;p=374659"},"modified":"2026-04-16T19:03:26","modified_gmt":"2026-04-16T17:03:26","slug":"t-shirt-jersey-md-femme","status":"publish","type":"product","link":"https:\/\/www.miomiorun.com\/fr\/produit\/t-shirt-jersey-md-femme\/","title":{"rendered":"T-shirt jersey MD femme"},"content":{"rendered":"<div id=\"acc-1\" class=\"g-accordion-content collapse show\">\n<div id=\"acc-3\" class=\"g-accordion-content collapse\">\n<p data-start=\"158\" data-end=\"594\">Ce t-shirt Everlast allie simplicit\u00e9 et f\u00e9minit\u00e9 dans un v\u00eatement polyvalent et lumineux. Confectionn\u00e9 en <strong data-start=\"269\" data-end=\"289\">jersey de coton<\/strong> doux et caract\u00e9ris\u00e9 par une <strong data-start=\"314\" data-end=\"338\">coupe r\u00e9guli\u00e8re<\/strong>, il offre confort et libert\u00e9 de mouvement tout au long de la journ\u00e9e. Son design minimaliste est rehauss\u00e9 par le <strong data-start=\"438\" data-end=\"482\">logo Everlast orn\u00e9 de strass dor\u00e9s<\/strong>, qui apporte une touche \u00e9l\u00e9gante et brillante, parfaite pour mettre en valeur votre look sans renoncer au style sportif.<\/p>\n<p data-start=\"596\" data-end=\"837\">Le <strong data-start=\"599\" data-end=\"621\">col bateau<\/strong> ajoute de la sophistication \u00e0 la silhouette, tandis que les <strong data-start=\"671\" data-end=\"688\">manches courtes<\/strong> en font un v\u00eatement id\u00e9al pour un usage quotidien, des loisirs aux entra\u00eenements l\u00e9gers. Un t-shirt qui allie confort, qualit\u00e9 et une touche glamour.<\/p>\n<\/p>\n<\/div>\n<\/div>\n<p>&nbsp;<\/p>\n<p>&nbsp;<\/p>\n","protected":false},"excerpt":{"rendered":"<p>Ce t-shirt Everlast allie simplicit\u00e9 et f\u00e9minit\u00e9 dans un v\u00eatement polyvalent et lumineux. Confectionn\u00e9 en jersey de coton doux et caract\u00e9ris\u00e9 par une coupe r\u00e9guli\u00e8re, il offre confort et libert\u00e9 de mouvement tout au long de la journ\u00e9e. Son design minimaliste est rehauss\u00e9 par le logo Everlast orn\u00e9 de strass dor\u00e9s, qui apporte une touche &hellip; <a href=\"https:\/\/www.miomiorun.com\/fr\/produit\/t-shirt-jersey-md-femme\/\">Continued<\/a><\/p>\n","protected":false},"featured_media":374877,"template":"","meta":{"_acf_changed":false,"inline_featured_image":false},"product_brand":[],"product_cat":[22604,22596],"product_tag":[23485,23490],"class_list":{"0":"post-374659","1":"product","2":"type-product","3":"status-publish","4":"has-post-thumbnail","6":"product_cat-t-shirt","7":"product_cat-vetements-pour-femmes","8":"product_tag-everlast-fr","9":"product_tag-everlast-femme","10":"pa_attivita-lifestyle-fr","11":"pa_colore-t-shirt-jersey-md-w-off-white-fr","12":"pa_marca-everlast-fr","13":"pa_sesso-femme","14":"pa_size-extra-small-fr","15":"pa_size-small-fr","16":"pa_size-medium-fr","18":"first","19":"instock","20":"sale","21":"taxable","22":"shipping-taxable","23":"purchasable","24":"product-type-variable","25":"wvs-archive-product-wrapper"},"acf":[],"yoast_head":"<!-- This site is optimized with the Yoast SEO plugin v26.8 - https:\/\/yoast.com\/product\/yoast-seo-wordpress\/ -->\n<title>Everlast T-shirt jersey MD femme - T-shirt de course \u00e0 pied- MioMioRun<\/title>\n<meta name=\"description\" content=\"T-shirt Everlast en coton, coupe classique, encolure bateau et logo avec strass dor\u00e9s. Un design simple et lumineux pour tous.\" \/>\n<meta name=\"robots\" content=\"index, follow, max-snippet:-1, max-image-preview:large, max-video-preview:-1\" \/>\n<link rel=\"canonical\" href=\"https:\/\/www.miomiorun.com\/fr\/produit\/t-shirt-jersey-md-femme\/\" \/>\n<meta property=\"og:locale\" content=\"fr_FR\" \/>\n<meta property=\"og:type\" content=\"article\" \/>\n<meta property=\"og:title\" content=\"Everlast T-shirt jersey MD femme - T-shirt de course \u00e0 pied- MioMioRun\" \/>\n<meta property=\"og:description\" content=\"T-shirt Everlast en coton, coupe classique, encolure bateau et logo avec strass dor\u00e9s. Un design simple et lumineux pour tous.\" \/>\n<meta property=\"og:url\" content=\"https:\/\/www.miomiorun.com\/fr\/produit\/t-shirt-jersey-md-femme\/\" \/>\n<meta property=\"og:site_name\" content=\"MioMioRun\" \/>\n<meta property=\"article:publisher\" content=\"https:\/\/www.facebook.com\/miomiorun\/\" \/>\n<meta property=\"article:modified_time\" content=\"2026-04-16T17:03:26+00:00\" \/>\n<meta property=\"og:image\" content=\"https:\/\/www.miomiorun.com\/app\/uploads\/2025\/11\/everlast-T-shirt-jersey-MD-W-off-white-39W511J15.1100.webp\" \/>\n\t<meta property=\"og:image:width\" content=\"720\" \/>\n\t<meta property=\"og:image:height\" content=\"720\" \/>\n\t<meta property=\"og:image:type\" content=\"image\/webp\" \/>\n<meta name=\"twitter:card\" content=\"summary_large_image\" \/>\n<meta name=\"twitter:label1\" content=\"Est. reading time\" \/>\n\t<meta name=\"twitter:data1\" content=\"1 minute\" \/>\n<script type=\"application\/ld+json\" class=\"yoast-schema-graph\">{\"@context\":\"https:\/\/schema.org\",\"@graph\":[{\"@type\":\"WebPage\",\"@id\":\"https:\/\/www.miomiorun.com\/fr\/produit\/t-shirt-jersey-md-femme\/\",\"url\":\"https:\/\/www.miomiorun.com\/fr\/produit\/t-shirt-jersey-md-femme\/\",\"name\":\"Everlast T-shirt jersey MD femme - T-shirt de course \u00e0 pied- MioMioRun\",\"isPartOf\":{\"@id\":\"https:\/\/www.miomiorun.com\/fr\/#website\"},\"primaryImageOfPage\":{\"@id\":\"https:\/\/www.miomiorun.com\/fr\/produit\/t-shirt-jersey-md-femme\/#primaryimage\"},\"image\":{\"@id\":\"https:\/\/www.miomiorun.com\/fr\/produit\/t-shirt-jersey-md-femme\/#primaryimage\"},\"thumbnailUrl\":\"https:\/\/www.miomiorun.com\/app\/uploads\/2025\/11\/everlast-T-shirt-jersey-MD-W-off-white-39W511J15.1100.webp\",\"datePublished\":\"2025-11-26T16:28:14+00:00\",\"dateModified\":\"2026-04-16T17:03:26+00:00\",\"description\":\"T-shirt Everlast en coton, coupe classique, encolure bateau et logo avec strass dor\u00e9s. Un design simple et lumineux pour tous.\",\"breadcrumb\":{\"@id\":\"https:\/\/www.miomiorun.com\/fr\/produit\/t-shirt-jersey-md-femme\/#breadcrumb\"},\"inLanguage\":\"fr-FR\",\"potentialAction\":[{\"@type\":\"ReadAction\",\"target\":[\"https:\/\/www.miomiorun.com\/fr\/produit\/t-shirt-jersey-md-femme\/\"]}]},{\"@type\":\"ImageObject\",\"inLanguage\":\"fr-FR\",\"@id\":\"https:\/\/www.miomiorun.com\/fr\/produit\/t-shirt-jersey-md-femme\/#primaryimage\",\"url\":\"https:\/\/www.miomiorun.com\/app\/uploads\/2025\/11\/everlast-T-shirt-jersey-MD-W-off-white-39W511J15.1100.webp\",\"contentUrl\":\"https:\/\/www.miomiorun.com\/app\/uploads\/2025\/11\/everlast-T-shirt-jersey-MD-W-off-white-39W511J15.1100.webp\",\"width\":720,\"height\":720,\"caption\":\"everlast T-shirt jersey MD W off white 39W511J15.1100\"},{\"@type\":\"BreadcrumbList\",\"@id\":\"https:\/\/www.miomiorun.com\/fr\/produit\/t-shirt-jersey-md-femme\/#breadcrumb\",\"itemListElement\":[{\"@type\":\"ListItem\",\"position\":1,\"name\":\"Home\",\"item\":\"https:\/\/www.miomiorun.com\/fr\/home-page\/\"},{\"@type\":\"ListItem\",\"position\":2,\"name\":\"Shop\",\"item\":\"https:\/\/www.miomiorun.com\/shop\/\"},{\"@type\":\"ListItem\",\"position\":3,\"name\":\"T-shirt jersey MD femme\"}]},{\"@type\":\"WebSite\",\"@id\":\"https:\/\/www.miomiorun.com\/fr\/#website\",\"url\":\"https:\/\/www.miomiorun.com\/fr\/\",\"name\":\"MioMioRun\",\"description\":\"Boutique 100% running et trail\",\"publisher\":{\"@id\":\"https:\/\/www.miomiorun.com\/fr\/#organization\"},\"potentialAction\":[{\"@type\":\"SearchAction\",\"target\":{\"@type\":\"EntryPoint\",\"urlTemplate\":\"https:\/\/www.miomiorun.com\/fr\/?s={search_term_string}\"},\"query-input\":{\"@type\":\"PropertyValueSpecification\",\"valueRequired\":true,\"valueName\":\"search_term_string\"}}],\"inLanguage\":\"fr-FR\"},{\"@type\":\"Organization\",\"@id\":\"https:\/\/www.miomiorun.com\/fr\/#organization\",\"name\":\"MioMio Run\",\"url\":\"https:\/\/www.miomiorun.com\/fr\/\",\"logo\":{\"@type\":\"ImageObject\",\"inLanguage\":\"fr-FR\",\"@id\":\"https:\/\/www.miomiorun.com\/fr\/#\/schema\/logo\/image\/\",\"url\":\"https:\/\/www.miomiorun.com\/app\/uploads\/2019\/12\/logomio.png\",\"contentUrl\":\"https:\/\/www.miomiorun.com\/app\/uploads\/2019\/12\/logomio.png\",\"width\":115,\"height\":82,\"caption\":\"MioMio Run\"},\"image\":{\"@id\":\"https:\/\/www.miomiorun.com\/fr\/#\/schema\/logo\/image\/\"},\"sameAs\":[\"https:\/\/www.facebook.com\/miomiorun\/\",\"https:\/\/www.instagram.com\/miomiorun\/\"]}]}<\/script>\n<!-- \/ Yoast SEO plugin. -->","yoast_head_json":{"title":"Everlast T-shirt jersey MD femme - T-shirt de course \u00e0 pied- MioMioRun","description":"T-shirt Everlast en coton, coupe classique, encolure bateau et logo avec strass dor\u00e9s. Un design simple et lumineux pour tous.","robots":{"index":"index","follow":"follow","max-snippet":"max-snippet:-1","max-image-preview":"max-image-preview:large","max-video-preview":"max-video-preview:-1"},"canonical":"https:\/\/www.miomiorun.com\/fr\/produit\/t-shirt-jersey-md-femme\/","og_locale":"fr_FR","og_type":"article","og_title":"Everlast T-shirt jersey MD femme - T-shirt de course \u00e0 pied- MioMioRun","og_description":"T-shirt Everlast en coton, coupe classique, encolure bateau et logo avec strass dor\u00e9s. Un design simple et lumineux pour tous.","og_url":"https:\/\/www.miomiorun.com\/fr\/produit\/t-shirt-jersey-md-femme\/","og_site_name":"MioMioRun","article_publisher":"https:\/\/www.facebook.com\/miomiorun\/","article_modified_time":"2026-04-16T17:03:26+00:00","og_image":[{"width":720,"height":720,"url":"https:\/\/www.miomiorun.com\/app\/uploads\/2025\/11\/everlast-T-shirt-jersey-MD-W-off-white-39W511J15.1100.webp","type":"image\/webp"}],"twitter_card":"summary_large_image","twitter_misc":{"Est. reading time":"1 minute"},"schema":{"@context":"https:\/\/schema.org","@graph":[{"@type":"WebPage","@id":"https:\/\/www.miomiorun.com\/fr\/produit\/t-shirt-jersey-md-femme\/","url":"https:\/\/www.miomiorun.com\/fr\/produit\/t-shirt-jersey-md-femme\/","name":"Everlast T-shirt jersey MD femme - T-shirt de course \u00e0 pied- MioMioRun","isPartOf":{"@id":"https:\/\/www.miomiorun.com\/fr\/#website"},"primaryImageOfPage":{"@id":"https:\/\/www.miomiorun.com\/fr\/produit\/t-shirt-jersey-md-femme\/#primaryimage"},"image":{"@id":"https:\/\/www.miomiorun.com\/fr\/produit\/t-shirt-jersey-md-femme\/#primaryimage"},"thumbnailUrl":"https:\/\/www.miomiorun.com\/app\/uploads\/2025\/11\/everlast-T-shirt-jersey-MD-W-off-white-39W511J15.1100.webp","datePublished":"2025-11-26T16:28:14+00:00","dateModified":"2026-04-16T17:03:26+00:00","description":"T-shirt Everlast en coton, coupe classique, encolure bateau et logo avec strass dor\u00e9s. Un design simple et lumineux pour tous.","breadcrumb":{"@id":"https:\/\/www.miomiorun.com\/fr\/produit\/t-shirt-jersey-md-femme\/#breadcrumb"},"inLanguage":"fr-FR","potentialAction":[{"@type":"ReadAction","target":["https:\/\/www.miomiorun.com\/fr\/produit\/t-shirt-jersey-md-femme\/"]}]},{"@type":"ImageObject","inLanguage":"fr-FR","@id":"https:\/\/www.miomiorun.com\/fr\/produit\/t-shirt-jersey-md-femme\/#primaryimage","url":"https:\/\/www.miomiorun.com\/app\/uploads\/2025\/11\/everlast-T-shirt-jersey-MD-W-off-white-39W511J15.1100.webp","contentUrl":"https:\/\/www.miomiorun.com\/app\/uploads\/2025\/11\/everlast-T-shirt-jersey-MD-W-off-white-39W511J15.1100.webp","width":720,"height":720,"caption":"everlast T-shirt jersey MD W off white 39W511J15.1100"},{"@type":"BreadcrumbList","@id":"https:\/\/www.miomiorun.com\/fr\/produit\/t-shirt-jersey-md-femme\/#breadcrumb","itemListElement":[{"@type":"ListItem","position":1,"name":"Home","item":"https:\/\/www.miomiorun.com\/fr\/home-page\/"},{"@type":"ListItem","position":2,"name":"Shop","item":"https:\/\/www.miomiorun.com\/shop\/"},{"@type":"ListItem","position":3,"name":"T-shirt jersey MD femme"}]},{"@type":"WebSite","@id":"https:\/\/www.miomiorun.com\/fr\/#website","url":"https:\/\/www.miomiorun.com\/fr\/","name":"MioMioRun","description":"Boutique 100% running et trail","publisher":{"@id":"https:\/\/www.miomiorun.com\/fr\/#organization"},"potentialAction":[{"@type":"SearchAction","target":{"@type":"EntryPoint","urlTemplate":"https:\/\/www.miomiorun.com\/fr\/?s={search_term_string}"},"query-input":{"@type":"PropertyValueSpecification","valueRequired":true,"valueName":"search_term_string"}}],"inLanguage":"fr-FR"},{"@type":"Organization","@id":"https:\/\/www.miomiorun.com\/fr\/#organization","name":"MioMio Run","url":"https:\/\/www.miomiorun.com\/fr\/","logo":{"@type":"ImageObject","inLanguage":"fr-FR","@id":"https:\/\/www.miomiorun.com\/fr\/#\/schema\/logo\/image\/","url":"https:\/\/www.miomiorun.com\/app\/uploads\/2019\/12\/logomio.png","contentUrl":"https:\/\/www.miomiorun.com\/app\/uploads\/2019\/12\/logomio.png","width":115,"height":82,"caption":"MioMio Run"},"image":{"@id":"https:\/\/www.miomiorun.com\/fr\/#\/schema\/logo\/image\/"},"sameAs":["https:\/\/www.facebook.com\/miomiorun\/","https:\/\/www.instagram.com\/miomiorun\/"]}]}},"_links":{"self":[{"href":"https:\/\/www.miomiorun.com\/fr\/wp-json\/wp\/v2\/product\/374659","targetHints":{"allow":["GET"]}}],"collection":[{"href":"https:\/\/www.miomiorun.com\/fr\/wp-json\/wp\/v2\/product"}],"about":[{"href":"https:\/\/www.miomiorun.com\/fr\/wp-json\/wp\/v2\/types\/product"}],"wp:featuredmedia":[{"embeddable":true,"href":"https:\/\/www.miomiorun.com\/fr\/wp-json\/wp\/v2\/media\/374877"}],"wp:attachment":[{"href":"https:\/\/www.miomiorun.com\/fr\/wp-json\/wp\/v2\/media?parent=374659"}],"wp:term":[{"taxonomy":"product_brand","embeddable":true,"href":"https:\/\/www.miomiorun.com\/fr\/wp-json\/wp\/v2\/product_brand?post=374659"},{"taxonomy":"product_cat","embeddable":true,"href":"https:\/\/www.miomiorun.com\/fr\/wp-json\/wp\/v2\/product_cat?post=374659"},{"taxonomy":"product_tag","embeddable":true,"href":"https:\/\/www.miomiorun.com\/fr\/wp-json\/wp\/v2\/product_tag?post=374659"}],"curies":[{"name":"wp","href":"https:\/\/api.w.org\/{rel}","templated":true}]}}