{"id":374571,"date":"2025-11-26T16:57:55","date_gmt":"2025-11-26T15:57:55","guid":{"rendered":"https:\/\/www.miomiorun.com\/?post_type=product&#038;p=374571"},"modified":"2026-04-16T19:03:37","modified_gmt":"2026-04-16T17:03:37","slug":"capuche-sweat-stretch-homme","status":"publish","type":"product","link":"https:\/\/www.miomiorun.com\/fr\/produit\/capuche-sweat-stretch-homme\/","title":{"rendered":"Capuche sweat stretch homme"},"content":{"rendered":"<p data-start=\"159\" data-end=\"548\">Ce sweat \u00e0 capuche allie confort quotidien et style embl\u00e9matique gr\u00e2ce \u00e0 sa confection en molleton de coton doux et sa <strong data-start=\"292\" data-end=\"316\">coupe r\u00e9guli\u00e8re<\/strong>, id\u00e9ale pour un usage quotidien. Le design pr\u00e9sente une <strong data-start=\"385\" data-end=\"405\">poche kangourou<\/strong> pratique et des d\u00e9tails soign\u00e9s tels que des <strong data-start=\"429\" data-end=\"466\">poignets et un bas c\u00f4tel\u00e9s<\/strong>, qui am\u00e9liorent la coupe et maintiennent le v\u00eatement en place \u00e0 chaque mouvement.<\/p>\n<p data-start=\"550\" data-end=\"999\">Le devant est rehauss\u00e9 d&#8217;un <strong data-start=\"591\" data-end=\"634\">patch en simili cuir avec contour brod\u00e9<\/strong> qui reproduit le logo Everlast, ajoutant une touche premium et raffin\u00e9e. Les <strong data-start=\"712\" data-end=\"735\">cordons r\u00e9glables<\/strong> de la capuche permettent d&#8217;ajuster la coupe en fonction des besoins, tandis que la <strong data-start=\"813\" data-end=\"845\">plaque m\u00e9tallique avec logo<\/strong> compl\u00e8te le v\u00eatement avec un d\u00e9tail \u00e9l\u00e9gant et sportif. Un sweat-shirt polyvalent, parfait pour l&#8217;entra\u00eenement l\u00e9ger, les loisirs et les tenues urbaines.<br \/>\n&nbsp;<\/p>\n<p>&nbsp;<\/p>\n<p>&nbsp;<\/p>\n<p id=\"tw-target-text\" class=\"tw-data-text tw-text-large XcVN5d tw-ta\" dir=\"ltr\" data-placeholder=\"Traduzione\"><span class=\"Y2IQFc\" lang=\"it\">&nbsp;<\/span><\/p><\/p>\n","protected":false},"excerpt":{"rendered":"<ul>\n<li>Sweat-shirt d\u00e9contract\u00e9 \u00e0 capuche.<\/li>\n<li>Parfait pour tous les jours.<\/li>\n<li>Confortable et agr\u00e9able.<\/li>\n<\/ul>\n","protected":false},"featured_media":374469,"template":"","meta":{"_acf_changed":false,"inline_featured_image":false},"product_brand":[],"product_cat":[24478,24482],"product_tag":[23485,23608],"class_list":{"0":"post-374571","1":"product","2":"type-product","3":"status-publish","4":"has-post-thumbnail","6":"product_cat-maillots-fr-2","7":"product_cat-vetements-pour-hommes-fr","8":"product_tag-everlast-fr","9":"product_tag-everlast-homme","10":"pa_attivita-lifestyle-fr","11":"pa_colore-cappuccio-felpa-stretch-grey-melange-fr","12":"pa_marca-everlast-fr","13":"pa_sesso-homme","14":"pa_size-small-fr","15":"pa_size-large-fr","17":"first","18":"instock","19":"sale","20":"taxable","21":"shipping-taxable","22":"purchasable","23":"product-type-variable","24":"wvs-archive-product-wrapper"},"acf":[],"yoast_head":"<!-- This site is optimized with the Yoast SEO plugin v26.8 - https:\/\/yoast.com\/product\/yoast-seo-wordpress\/ -->\n<title>Everlast Capuche sweat stretch homme - Sweat-shirt d\u00e9contract\u00e9 - MioMioRun<\/title>\n<meta name=\"description\" content=\"Sweat \u00e0 capuche Everlast en coton : poche kangourou, poignets c\u00f4tel\u00e9s, logo en simili cuir brod\u00e9 et d\u00e9tails haut de gamme. Confort et style \u00e0 toute \u00e9preuve.\" \/>\n<meta name=\"robots\" content=\"index, follow, max-snippet:-1, max-image-preview:large, max-video-preview:-1\" \/>\n<link rel=\"canonical\" href=\"https:\/\/www.miomiorun.com\/fr\/produit\/capuche-sweat-stretch-homme\/\" \/>\n<meta property=\"og:locale\" content=\"fr_FR\" \/>\n<meta property=\"og:type\" content=\"article\" \/>\n<meta property=\"og:title\" content=\"Everlast Capuche sweat stretch homme - Sweat-shirt d\u00e9contract\u00e9 - MioMioRun\" \/>\n<meta property=\"og:description\" content=\"Sweat \u00e0 capuche Everlast en coton : poche kangourou, poignets c\u00f4tel\u00e9s, logo en simili cuir brod\u00e9 et d\u00e9tails haut de gamme. Confort et style \u00e0 toute \u00e9preuve.\" \/>\n<meta property=\"og:url\" content=\"https:\/\/www.miomiorun.com\/fr\/produit\/capuche-sweat-stretch-homme\/\" \/>\n<meta property=\"og:site_name\" content=\"MioMioRun\" \/>\n<meta property=\"article:publisher\" content=\"https:\/\/www.facebook.com\/miomiorun\/\" \/>\n<meta property=\"article:modified_time\" content=\"2026-04-16T17:03:37+00:00\" \/>\n<meta property=\"og:image\" content=\"https:\/\/www.miomiorun.com\/app\/uploads\/2025\/11\/everlast-Cappuccio-felpa-stretch-grey-melange-39M241F26.M000.webp\" \/>\n\t<meta property=\"og:image:width\" content=\"720\" \/>\n\t<meta property=\"og:image:height\" content=\"720\" \/>\n\t<meta property=\"og:image:type\" content=\"image\/webp\" \/>\n<meta name=\"twitter:card\" content=\"summary_large_image\" \/>\n<meta name=\"twitter:label1\" content=\"Est. reading time\" \/>\n\t<meta name=\"twitter:data1\" content=\"1 minute\" \/>\n<script type=\"application\/ld+json\" class=\"yoast-schema-graph\">{\"@context\":\"https:\/\/schema.org\",\"@graph\":[{\"@type\":\"WebPage\",\"@id\":\"https:\/\/www.miomiorun.com\/fr\/produit\/capuche-sweat-stretch-homme\/\",\"url\":\"https:\/\/www.miomiorun.com\/fr\/produit\/capuche-sweat-stretch-homme\/\",\"name\":\"Everlast Capuche sweat stretch homme - Sweat-shirt d\u00e9contract\u00e9 - MioMioRun\",\"isPartOf\":{\"@id\":\"https:\/\/www.miomiorun.com\/fr\/#website\"},\"primaryImageOfPage\":{\"@id\":\"https:\/\/www.miomiorun.com\/fr\/produit\/capuche-sweat-stretch-homme\/#primaryimage\"},\"image\":{\"@id\":\"https:\/\/www.miomiorun.com\/fr\/produit\/capuche-sweat-stretch-homme\/#primaryimage\"},\"thumbnailUrl\":\"https:\/\/www.miomiorun.com\/app\/uploads\/2025\/11\/everlast-Cappuccio-felpa-stretch-grey-melange-39M241F26.M000.webp\",\"datePublished\":\"2025-11-26T15:57:55+00:00\",\"dateModified\":\"2026-04-16T17:03:37+00:00\",\"description\":\"Sweat \u00e0 capuche Everlast en coton : poche kangourou, poignets c\u00f4tel\u00e9s, logo en simili cuir brod\u00e9 et d\u00e9tails haut de gamme. Confort et style \u00e0 toute \u00e9preuve.\",\"breadcrumb\":{\"@id\":\"https:\/\/www.miomiorun.com\/fr\/produit\/capuche-sweat-stretch-homme\/#breadcrumb\"},\"inLanguage\":\"fr-FR\",\"potentialAction\":[{\"@type\":\"ReadAction\",\"target\":[\"https:\/\/www.miomiorun.com\/fr\/produit\/capuche-sweat-stretch-homme\/\"]}]},{\"@type\":\"ImageObject\",\"inLanguage\":\"fr-FR\",\"@id\":\"https:\/\/www.miomiorun.com\/fr\/produit\/capuche-sweat-stretch-homme\/#primaryimage\",\"url\":\"https:\/\/www.miomiorun.com\/app\/uploads\/2025\/11\/everlast-Cappuccio-felpa-stretch-grey-melange-39M241F26.M000.webp\",\"contentUrl\":\"https:\/\/www.miomiorun.com\/app\/uploads\/2025\/11\/everlast-Cappuccio-felpa-stretch-grey-melange-39M241F26.M000.webp\",\"width\":720,\"height\":720,\"caption\":\"everlast Cappuccio felpa stretch grey melange 39M241F26.M000\"},{\"@type\":\"BreadcrumbList\",\"@id\":\"https:\/\/www.miomiorun.com\/fr\/produit\/capuche-sweat-stretch-homme\/#breadcrumb\",\"itemListElement\":[{\"@type\":\"ListItem\",\"position\":1,\"name\":\"Home\",\"item\":\"https:\/\/www.miomiorun.com\/fr\/home-page\/\"},{\"@type\":\"ListItem\",\"position\":2,\"name\":\"Shop\",\"item\":\"https:\/\/www.miomiorun.com\/shop\/\"},{\"@type\":\"ListItem\",\"position\":3,\"name\":\"Capuche sweat stretch homme\"}]},{\"@type\":\"WebSite\",\"@id\":\"https:\/\/www.miomiorun.com\/fr\/#website\",\"url\":\"https:\/\/www.miomiorun.com\/fr\/\",\"name\":\"MioMioRun\",\"description\":\"Boutique 100% running et trail\",\"publisher\":{\"@id\":\"https:\/\/www.miomiorun.com\/fr\/#organization\"},\"potentialAction\":[{\"@type\":\"SearchAction\",\"target\":{\"@type\":\"EntryPoint\",\"urlTemplate\":\"https:\/\/www.miomiorun.com\/fr\/?s={search_term_string}\"},\"query-input\":{\"@type\":\"PropertyValueSpecification\",\"valueRequired\":true,\"valueName\":\"search_term_string\"}}],\"inLanguage\":\"fr-FR\"},{\"@type\":\"Organization\",\"@id\":\"https:\/\/www.miomiorun.com\/fr\/#organization\",\"name\":\"MioMio Run\",\"url\":\"https:\/\/www.miomiorun.com\/fr\/\",\"logo\":{\"@type\":\"ImageObject\",\"inLanguage\":\"fr-FR\",\"@id\":\"https:\/\/www.miomiorun.com\/fr\/#\/schema\/logo\/image\/\",\"url\":\"https:\/\/www.miomiorun.com\/app\/uploads\/2019\/12\/logomio.png\",\"contentUrl\":\"https:\/\/www.miomiorun.com\/app\/uploads\/2019\/12\/logomio.png\",\"width\":115,\"height\":82,\"caption\":\"MioMio Run\"},\"image\":{\"@id\":\"https:\/\/www.miomiorun.com\/fr\/#\/schema\/logo\/image\/\"},\"sameAs\":[\"https:\/\/www.facebook.com\/miomiorun\/\",\"https:\/\/www.instagram.com\/miomiorun\/\"]}]}<\/script>\n<!-- \/ Yoast SEO plugin. -->","yoast_head_json":{"title":"Everlast Capuche sweat stretch homme - Sweat-shirt d\u00e9contract\u00e9 - MioMioRun","description":"Sweat \u00e0 capuche Everlast en coton : poche kangourou, poignets c\u00f4tel\u00e9s, logo en simili cuir brod\u00e9 et d\u00e9tails haut de gamme. Confort et style \u00e0 toute \u00e9preuve.","robots":{"index":"index","follow":"follow","max-snippet":"max-snippet:-1","max-image-preview":"max-image-preview:large","max-video-preview":"max-video-preview:-1"},"canonical":"https:\/\/www.miomiorun.com\/fr\/produit\/capuche-sweat-stretch-homme\/","og_locale":"fr_FR","og_type":"article","og_title":"Everlast Capuche sweat stretch homme - Sweat-shirt d\u00e9contract\u00e9 - MioMioRun","og_description":"Sweat \u00e0 capuche Everlast en coton : poche kangourou, poignets c\u00f4tel\u00e9s, logo en simili cuir brod\u00e9 et d\u00e9tails haut de gamme. Confort et style \u00e0 toute \u00e9preuve.","og_url":"https:\/\/www.miomiorun.com\/fr\/produit\/capuche-sweat-stretch-homme\/","og_site_name":"MioMioRun","article_publisher":"https:\/\/www.facebook.com\/miomiorun\/","article_modified_time":"2026-04-16T17:03:37+00:00","og_image":[{"width":720,"height":720,"url":"https:\/\/www.miomiorun.com\/app\/uploads\/2025\/11\/everlast-Cappuccio-felpa-stretch-grey-melange-39M241F26.M000.webp","type":"image\/webp"}],"twitter_card":"summary_large_image","twitter_misc":{"Est. reading time":"1 minute"},"schema":{"@context":"https:\/\/schema.org","@graph":[{"@type":"WebPage","@id":"https:\/\/www.miomiorun.com\/fr\/produit\/capuche-sweat-stretch-homme\/","url":"https:\/\/www.miomiorun.com\/fr\/produit\/capuche-sweat-stretch-homme\/","name":"Everlast Capuche sweat stretch homme - Sweat-shirt d\u00e9contract\u00e9 - MioMioRun","isPartOf":{"@id":"https:\/\/www.miomiorun.com\/fr\/#website"},"primaryImageOfPage":{"@id":"https:\/\/www.miomiorun.com\/fr\/produit\/capuche-sweat-stretch-homme\/#primaryimage"},"image":{"@id":"https:\/\/www.miomiorun.com\/fr\/produit\/capuche-sweat-stretch-homme\/#primaryimage"},"thumbnailUrl":"https:\/\/www.miomiorun.com\/app\/uploads\/2025\/11\/everlast-Cappuccio-felpa-stretch-grey-melange-39M241F26.M000.webp","datePublished":"2025-11-26T15:57:55+00:00","dateModified":"2026-04-16T17:03:37+00:00","description":"Sweat \u00e0 capuche Everlast en coton : poche kangourou, poignets c\u00f4tel\u00e9s, logo en simili cuir brod\u00e9 et d\u00e9tails haut de gamme. Confort et style \u00e0 toute \u00e9preuve.","breadcrumb":{"@id":"https:\/\/www.miomiorun.com\/fr\/produit\/capuche-sweat-stretch-homme\/#breadcrumb"},"inLanguage":"fr-FR","potentialAction":[{"@type":"ReadAction","target":["https:\/\/www.miomiorun.com\/fr\/produit\/capuche-sweat-stretch-homme\/"]}]},{"@type":"ImageObject","inLanguage":"fr-FR","@id":"https:\/\/www.miomiorun.com\/fr\/produit\/capuche-sweat-stretch-homme\/#primaryimage","url":"https:\/\/www.miomiorun.com\/app\/uploads\/2025\/11\/everlast-Cappuccio-felpa-stretch-grey-melange-39M241F26.M000.webp","contentUrl":"https:\/\/www.miomiorun.com\/app\/uploads\/2025\/11\/everlast-Cappuccio-felpa-stretch-grey-melange-39M241F26.M000.webp","width":720,"height":720,"caption":"everlast Cappuccio felpa stretch grey melange 39M241F26.M000"},{"@type":"BreadcrumbList","@id":"https:\/\/www.miomiorun.com\/fr\/produit\/capuche-sweat-stretch-homme\/#breadcrumb","itemListElement":[{"@type":"ListItem","position":1,"name":"Home","item":"https:\/\/www.miomiorun.com\/fr\/home-page\/"},{"@type":"ListItem","position":2,"name":"Shop","item":"https:\/\/www.miomiorun.com\/shop\/"},{"@type":"ListItem","position":3,"name":"Capuche sweat stretch homme"}]},{"@type":"WebSite","@id":"https:\/\/www.miomiorun.com\/fr\/#website","url":"https:\/\/www.miomiorun.com\/fr\/","name":"MioMioRun","description":"Boutique 100% running et trail","publisher":{"@id":"https:\/\/www.miomiorun.com\/fr\/#organization"},"potentialAction":[{"@type":"SearchAction","target":{"@type":"EntryPoint","urlTemplate":"https:\/\/www.miomiorun.com\/fr\/?s={search_term_string}"},"query-input":{"@type":"PropertyValueSpecification","valueRequired":true,"valueName":"search_term_string"}}],"inLanguage":"fr-FR"},{"@type":"Organization","@id":"https:\/\/www.miomiorun.com\/fr\/#organization","name":"MioMio Run","url":"https:\/\/www.miomiorun.com\/fr\/","logo":{"@type":"ImageObject","inLanguage":"fr-FR","@id":"https:\/\/www.miomiorun.com\/fr\/#\/schema\/logo\/image\/","url":"https:\/\/www.miomiorun.com\/app\/uploads\/2019\/12\/logomio.png","contentUrl":"https:\/\/www.miomiorun.com\/app\/uploads\/2019\/12\/logomio.png","width":115,"height":82,"caption":"MioMio Run"},"image":{"@id":"https:\/\/www.miomiorun.com\/fr\/#\/schema\/logo\/image\/"},"sameAs":["https:\/\/www.facebook.com\/miomiorun\/","https:\/\/www.instagram.com\/miomiorun\/"]}]}},"_links":{"self":[{"href":"https:\/\/www.miomiorun.com\/fr\/wp-json\/wp\/v2\/product\/374571","targetHints":{"allow":["GET"]}}],"collection":[{"href":"https:\/\/www.miomiorun.com\/fr\/wp-json\/wp\/v2\/product"}],"about":[{"href":"https:\/\/www.miomiorun.com\/fr\/wp-json\/wp\/v2\/types\/product"}],"wp:featuredmedia":[{"embeddable":true,"href":"https:\/\/www.miomiorun.com\/fr\/wp-json\/wp\/v2\/media\/374469"}],"wp:attachment":[{"href":"https:\/\/www.miomiorun.com\/fr\/wp-json\/wp\/v2\/media?parent=374571"}],"wp:term":[{"taxonomy":"product_brand","embeddable":true,"href":"https:\/\/www.miomiorun.com\/fr\/wp-json\/wp\/v2\/product_brand?post=374571"},{"taxonomy":"product_cat","embeddable":true,"href":"https:\/\/www.miomiorun.com\/fr\/wp-json\/wp\/v2\/product_cat?post=374571"},{"taxonomy":"product_tag","embeddable":true,"href":"https:\/\/www.miomiorun.com\/fr\/wp-json\/wp\/v2\/product_tag?post=374571"}],"curies":[{"name":"wp","href":"https:\/\/api.w.org\/{rel}","templated":true}]}}