{"id":374365,"date":"2025-11-25T19:22:41","date_gmt":"2025-11-25T18:22:41","guid":{"rendered":"https:\/\/www.miomiorun.com\/?post_type=product&#038;p=374365"},"modified":"2026-04-16T19:03:47","modified_gmt":"2026-04-16T17:03:47","slug":"wool-extreme-x-ls-2-homme","status":"publish","type":"product","link":"https:\/\/www.miomiorun.com\/fr\/produit\/wool-extreme-x-ls-2-homme\/","title":{"rendered":"Wool Extreme X LS 2 homme"},"content":{"rendered":"<p data-start=\"152\" data-end=\"545\">Le <strong data-start=\"155\" data-end=\"180\">Wool Extreme X LS 2<\/strong>&nbsp;est un sous-v\u00eatement technique con\u00e7u pour offrir chaleur, respirabilit\u00e9 et confort dans les conditions hivernales les plus difficiles. Fabriqu\u00e9 dans un m\u00e9lange doux de <strong data-start=\"341\" data-end=\"371\">laine m\u00e9rinos sans mulesing<\/strong> et de <strong data-start=\"374\" data-end=\"398\">polyester recycl\u00e9<\/strong>, il garantit une gestion sup\u00e9rieure de l&#8217;humidit\u00e9 qui vous permet de rester au sec m\u00eame pendant les entra\u00eenements les plus intenses et en pr\u00e9sence de sueur ou de neige.<\/p>\n<p data-start=\"547\" data-end=\"965\">La laine m\u00e9rinos, naturellement inodore, offre une isolation efficace m\u00eame lorsqu&#8217;elle est mouill\u00e9e, tandis que les d\u00e9tails en maille strat\u00e9giquement plac\u00e9s am\u00e9liorent la ventilation lors des efforts intenses. La coupe ajust\u00e9e et l&#8217;excellente \u00e9lasticit\u00e9 du tissu offrent une grande libert\u00e9 de mouvement, ce qui rend ce v\u00eatement id\u00e9al pour le ski de fond, la course hivernale, les randonn\u00e9es et le trekking lors des journ\u00e9es froides de mi-saison.<\/p>\n<p data-start=\"967\" data-end=\"1074\">Un sous-v\u00eatement technique polyvalent, parfait pour ceux qui veulent affronter l&#8217;hiver avec confort et performances \u00e9lev\u00e9es.<\/p><\/p>\n","protected":false},"excerpt":{"rendered":"<ul>\n<li data-start=\"1311\" data-end=\"1403\">M\u00e9lange de laine m\u00e9rinos sans mulesing et de polyester recycl\u00e9 pour plus de chaleur et une meilleure gestion de l&#8217;humidit\u00e9<\/li>\n<li data-start=\"1406\" data-end=\"1466\">Naturellement inodore, respirant et chaud m\u00eame lorsqu&#8217;il est mouill\u00e9<\/li>\n<li data-start=\"1469\" data-end=\"1561\">Coupe ajust\u00e9e, tissu extensible et empi\u00e8cements en maille pour une libert\u00e9 de mouvement maximale<\/li>\n<\/ul>\n","protected":false},"featured_media":378938,"template":"","meta":{"_acf_changed":false,"inline_featured_image":false},"product_brand":[],"product_cat":[24486,24430,24431],"product_tag":[23554,23647],"class_list":{"0":"post-374365","1":"product","2":"type-product","3":"status-publish","4":"has-post-thumbnail","6":"product_cat-sous-vetements-fr-3","7":"product_cat-vetements-pour-hommes","8":"product_cat-offres-pour-hommes","9":"product_tag-craft-fr","10":"product_tag-craft-homme","11":"pa_attivita-fitness-fr","12":"pa_attivita-marcher","13":"pa_attivita-outdoor-fr","14":"pa_attivita-running-fr","15":"pa_attivita-trail-fr","16":"pa_colore-wool-extreme-x-ls-2-black-fr","17":"pa_marca-craft-fr","18":"pa_sesso-homme","19":"pa_size-small-fr","20":"pa_size-medium-fr","21":"pa_size-large-fr","22":"pa_size-extra-large-fr","24":"first","25":"instock","26":"sale","27":"taxable","28":"shipping-taxable","29":"purchasable","30":"product-type-variable","31":"wvs-archive-product-wrapper"},"acf":[],"yoast_head":"<!-- This site is optimized with the Yoast SEO plugin v26.8 - https:\/\/yoast.com\/product\/yoast-seo-wordpress\/ -->\n<title>Craft Wool Extreme X LS 2 homme - Sous-v\u00eatements thermiques pour hommes- MioMioRun.com<\/title>\n<meta name=\"description\" content=\"Wool Extreme X LS 2 : sous-v\u00eatement technique en laine m\u00e9rinos et polyester recycl\u00e9, chaud, respirant et inodore. Parfait pour la course hivernale et les randonn\u00e9es.\" \/>\n<meta name=\"robots\" content=\"index, follow, max-snippet:-1, max-image-preview:large, max-video-preview:-1\" \/>\n<link rel=\"canonical\" href=\"https:\/\/www.miomiorun.com\/fr\/produit\/wool-extreme-x-ls-2-homme\/\" \/>\n<meta property=\"og:locale\" content=\"fr_FR\" \/>\n<meta property=\"og:type\" content=\"article\" \/>\n<meta property=\"og:title\" content=\"Craft Wool Extreme X LS 2 homme - Sous-v\u00eatements thermiques pour hommes- MioMioRun.com\" \/>\n<meta property=\"og:description\" content=\"Wool Extreme X LS 2 : sous-v\u00eatement technique en laine m\u00e9rinos et polyester recycl\u00e9, chaud, respirant et inodore. Parfait pour la course hivernale et les randonn\u00e9es.\" \/>\n<meta property=\"og:url\" content=\"https:\/\/www.miomiorun.com\/fr\/produit\/wool-extreme-x-ls-2-homme\/\" \/>\n<meta property=\"og:site_name\" content=\"MioMioRun\" \/>\n<meta property=\"article:publisher\" content=\"https:\/\/www.facebook.com\/miomiorun\/\" \/>\n<meta property=\"article:modified_time\" content=\"2026-04-16T17:03:47+00:00\" \/>\n<meta property=\"og:image\" content=\"https:\/\/www.miomiorun.com\/app\/uploads\/2025\/12\/craft-Wool-Extreme-X-LS-2-black-1916685-999000.webp\" \/>\n\t<meta property=\"og:image:width\" content=\"720\" \/>\n\t<meta property=\"og:image:height\" content=\"720\" \/>\n\t<meta property=\"og:image:type\" content=\"image\/webp\" \/>\n<meta name=\"twitter:card\" content=\"summary_large_image\" \/>\n<meta name=\"twitter:label1\" content=\"Est. reading time\" \/>\n\t<meta name=\"twitter:data1\" content=\"1 minute\" \/>\n<script type=\"application\/ld+json\" class=\"yoast-schema-graph\">{\"@context\":\"https:\/\/schema.org\",\"@graph\":[{\"@type\":\"WebPage\",\"@id\":\"https:\/\/www.miomiorun.com\/fr\/produit\/wool-extreme-x-ls-2-homme\/\",\"url\":\"https:\/\/www.miomiorun.com\/fr\/produit\/wool-extreme-x-ls-2-homme\/\",\"name\":\"Craft Wool Extreme X LS 2 homme - Sous-v\u00eatements thermiques pour hommes- MioMioRun.com\",\"isPartOf\":{\"@id\":\"https:\/\/www.miomiorun.com\/fr\/#website\"},\"primaryImageOfPage\":{\"@id\":\"https:\/\/www.miomiorun.com\/fr\/produit\/wool-extreme-x-ls-2-homme\/#primaryimage\"},\"image\":{\"@id\":\"https:\/\/www.miomiorun.com\/fr\/produit\/wool-extreme-x-ls-2-homme\/#primaryimage\"},\"thumbnailUrl\":\"https:\/\/www.miomiorun.com\/app\/uploads\/2025\/12\/craft-Wool-Extreme-X-LS-2-black-1916685-999000.webp\",\"datePublished\":\"2025-11-25T18:22:41+00:00\",\"dateModified\":\"2026-04-16T17:03:47+00:00\",\"description\":\"Wool Extreme X LS 2 : sous-v\u00eatement technique en laine m\u00e9rinos et polyester recycl\u00e9, chaud, respirant et inodore. Parfait pour la course hivernale et les randonn\u00e9es.\",\"breadcrumb\":{\"@id\":\"https:\/\/www.miomiorun.com\/fr\/produit\/wool-extreme-x-ls-2-homme\/#breadcrumb\"},\"inLanguage\":\"fr-FR\",\"potentialAction\":[{\"@type\":\"ReadAction\",\"target\":[\"https:\/\/www.miomiorun.com\/fr\/produit\/wool-extreme-x-ls-2-homme\/\"]}]},{\"@type\":\"ImageObject\",\"inLanguage\":\"fr-FR\",\"@id\":\"https:\/\/www.miomiorun.com\/fr\/produit\/wool-extreme-x-ls-2-homme\/#primaryimage\",\"url\":\"https:\/\/www.miomiorun.com\/app\/uploads\/2025\/12\/craft-Wool-Extreme-X-LS-2-black-1916685-999000.webp\",\"contentUrl\":\"https:\/\/www.miomiorun.com\/app\/uploads\/2025\/12\/craft-Wool-Extreme-X-LS-2-black-1916685-999000.webp\",\"width\":720,\"height\":720,\"caption\":\"craft Wool Extreme X LS 2 black 1916685-999000\"},{\"@type\":\"BreadcrumbList\",\"@id\":\"https:\/\/www.miomiorun.com\/fr\/produit\/wool-extreme-x-ls-2-homme\/#breadcrumb\",\"itemListElement\":[{\"@type\":\"ListItem\",\"position\":1,\"name\":\"Home\",\"item\":\"https:\/\/www.miomiorun.com\/fr\/home-page\/\"},{\"@type\":\"ListItem\",\"position\":2,\"name\":\"Shop\",\"item\":\"https:\/\/www.miomiorun.com\/shop\/\"},{\"@type\":\"ListItem\",\"position\":3,\"name\":\"Wool Extreme X LS 2 homme\"}]},{\"@type\":\"WebSite\",\"@id\":\"https:\/\/www.miomiorun.com\/fr\/#website\",\"url\":\"https:\/\/www.miomiorun.com\/fr\/\",\"name\":\"MioMioRun\",\"description\":\"Boutique 100% running et trail\",\"publisher\":{\"@id\":\"https:\/\/www.miomiorun.com\/fr\/#organization\"},\"potentialAction\":[{\"@type\":\"SearchAction\",\"target\":{\"@type\":\"EntryPoint\",\"urlTemplate\":\"https:\/\/www.miomiorun.com\/fr\/?s={search_term_string}\"},\"query-input\":{\"@type\":\"PropertyValueSpecification\",\"valueRequired\":true,\"valueName\":\"search_term_string\"}}],\"inLanguage\":\"fr-FR\"},{\"@type\":\"Organization\",\"@id\":\"https:\/\/www.miomiorun.com\/fr\/#organization\",\"name\":\"MioMio Run\",\"url\":\"https:\/\/www.miomiorun.com\/fr\/\",\"logo\":{\"@type\":\"ImageObject\",\"inLanguage\":\"fr-FR\",\"@id\":\"https:\/\/www.miomiorun.com\/fr\/#\/schema\/logo\/image\/\",\"url\":\"https:\/\/www.miomiorun.com\/app\/uploads\/2019\/12\/logomio.png\",\"contentUrl\":\"https:\/\/www.miomiorun.com\/app\/uploads\/2019\/12\/logomio.png\",\"width\":115,\"height\":82,\"caption\":\"MioMio Run\"},\"image\":{\"@id\":\"https:\/\/www.miomiorun.com\/fr\/#\/schema\/logo\/image\/\"},\"sameAs\":[\"https:\/\/www.facebook.com\/miomiorun\/\",\"https:\/\/www.instagram.com\/miomiorun\/\"]}]}<\/script>\n<!-- \/ Yoast SEO plugin. -->","yoast_head_json":{"title":"Craft Wool Extreme X LS 2 homme - Sous-v\u00eatements thermiques pour hommes- MioMioRun.com","description":"Wool Extreme X LS 2 : sous-v\u00eatement technique en laine m\u00e9rinos et polyester recycl\u00e9, chaud, respirant et inodore. Parfait pour la course hivernale et les randonn\u00e9es.","robots":{"index":"index","follow":"follow","max-snippet":"max-snippet:-1","max-image-preview":"max-image-preview:large","max-video-preview":"max-video-preview:-1"},"canonical":"https:\/\/www.miomiorun.com\/fr\/produit\/wool-extreme-x-ls-2-homme\/","og_locale":"fr_FR","og_type":"article","og_title":"Craft Wool Extreme X LS 2 homme - Sous-v\u00eatements thermiques pour hommes- MioMioRun.com","og_description":"Wool Extreme X LS 2 : sous-v\u00eatement technique en laine m\u00e9rinos et polyester recycl\u00e9, chaud, respirant et inodore. Parfait pour la course hivernale et les randonn\u00e9es.","og_url":"https:\/\/www.miomiorun.com\/fr\/produit\/wool-extreme-x-ls-2-homme\/","og_site_name":"MioMioRun","article_publisher":"https:\/\/www.facebook.com\/miomiorun\/","article_modified_time":"2026-04-16T17:03:47+00:00","og_image":[{"width":720,"height":720,"url":"https:\/\/www.miomiorun.com\/app\/uploads\/2025\/12\/craft-Wool-Extreme-X-LS-2-black-1916685-999000.webp","type":"image\/webp"}],"twitter_card":"summary_large_image","twitter_misc":{"Est. reading time":"1 minute"},"schema":{"@context":"https:\/\/schema.org","@graph":[{"@type":"WebPage","@id":"https:\/\/www.miomiorun.com\/fr\/produit\/wool-extreme-x-ls-2-homme\/","url":"https:\/\/www.miomiorun.com\/fr\/produit\/wool-extreme-x-ls-2-homme\/","name":"Craft Wool Extreme X LS 2 homme - Sous-v\u00eatements thermiques pour hommes- MioMioRun.com","isPartOf":{"@id":"https:\/\/www.miomiorun.com\/fr\/#website"},"primaryImageOfPage":{"@id":"https:\/\/www.miomiorun.com\/fr\/produit\/wool-extreme-x-ls-2-homme\/#primaryimage"},"image":{"@id":"https:\/\/www.miomiorun.com\/fr\/produit\/wool-extreme-x-ls-2-homme\/#primaryimage"},"thumbnailUrl":"https:\/\/www.miomiorun.com\/app\/uploads\/2025\/12\/craft-Wool-Extreme-X-LS-2-black-1916685-999000.webp","datePublished":"2025-11-25T18:22:41+00:00","dateModified":"2026-04-16T17:03:47+00:00","description":"Wool Extreme X LS 2 : sous-v\u00eatement technique en laine m\u00e9rinos et polyester recycl\u00e9, chaud, respirant et inodore. Parfait pour la course hivernale et les randonn\u00e9es.","breadcrumb":{"@id":"https:\/\/www.miomiorun.com\/fr\/produit\/wool-extreme-x-ls-2-homme\/#breadcrumb"},"inLanguage":"fr-FR","potentialAction":[{"@type":"ReadAction","target":["https:\/\/www.miomiorun.com\/fr\/produit\/wool-extreme-x-ls-2-homme\/"]}]},{"@type":"ImageObject","inLanguage":"fr-FR","@id":"https:\/\/www.miomiorun.com\/fr\/produit\/wool-extreme-x-ls-2-homme\/#primaryimage","url":"https:\/\/www.miomiorun.com\/app\/uploads\/2025\/12\/craft-Wool-Extreme-X-LS-2-black-1916685-999000.webp","contentUrl":"https:\/\/www.miomiorun.com\/app\/uploads\/2025\/12\/craft-Wool-Extreme-X-LS-2-black-1916685-999000.webp","width":720,"height":720,"caption":"craft Wool Extreme X LS 2 black 1916685-999000"},{"@type":"BreadcrumbList","@id":"https:\/\/www.miomiorun.com\/fr\/produit\/wool-extreme-x-ls-2-homme\/#breadcrumb","itemListElement":[{"@type":"ListItem","position":1,"name":"Home","item":"https:\/\/www.miomiorun.com\/fr\/home-page\/"},{"@type":"ListItem","position":2,"name":"Shop","item":"https:\/\/www.miomiorun.com\/shop\/"},{"@type":"ListItem","position":3,"name":"Wool Extreme X LS 2 homme"}]},{"@type":"WebSite","@id":"https:\/\/www.miomiorun.com\/fr\/#website","url":"https:\/\/www.miomiorun.com\/fr\/","name":"MioMioRun","description":"Boutique 100% running et trail","publisher":{"@id":"https:\/\/www.miomiorun.com\/fr\/#organization"},"potentialAction":[{"@type":"SearchAction","target":{"@type":"EntryPoint","urlTemplate":"https:\/\/www.miomiorun.com\/fr\/?s={search_term_string}"},"query-input":{"@type":"PropertyValueSpecification","valueRequired":true,"valueName":"search_term_string"}}],"inLanguage":"fr-FR"},{"@type":"Organization","@id":"https:\/\/www.miomiorun.com\/fr\/#organization","name":"MioMio Run","url":"https:\/\/www.miomiorun.com\/fr\/","logo":{"@type":"ImageObject","inLanguage":"fr-FR","@id":"https:\/\/www.miomiorun.com\/fr\/#\/schema\/logo\/image\/","url":"https:\/\/www.miomiorun.com\/app\/uploads\/2019\/12\/logomio.png","contentUrl":"https:\/\/www.miomiorun.com\/app\/uploads\/2019\/12\/logomio.png","width":115,"height":82,"caption":"MioMio Run"},"image":{"@id":"https:\/\/www.miomiorun.com\/fr\/#\/schema\/logo\/image\/"},"sameAs":["https:\/\/www.facebook.com\/miomiorun\/","https:\/\/www.instagram.com\/miomiorun\/"]}]}},"_links":{"self":[{"href":"https:\/\/www.miomiorun.com\/fr\/wp-json\/wp\/v2\/product\/374365","targetHints":{"allow":["GET"]}}],"collection":[{"href":"https:\/\/www.miomiorun.com\/fr\/wp-json\/wp\/v2\/product"}],"about":[{"href":"https:\/\/www.miomiorun.com\/fr\/wp-json\/wp\/v2\/types\/product"}],"wp:featuredmedia":[{"embeddable":true,"href":"https:\/\/www.miomiorun.com\/fr\/wp-json\/wp\/v2\/media\/378938"}],"wp:attachment":[{"href":"https:\/\/www.miomiorun.com\/fr\/wp-json\/wp\/v2\/media?parent=374365"}],"wp:term":[{"taxonomy":"product_brand","embeddable":true,"href":"https:\/\/www.miomiorun.com\/fr\/wp-json\/wp\/v2\/product_brand?post=374365"},{"taxonomy":"product_cat","embeddable":true,"href":"https:\/\/www.miomiorun.com\/fr\/wp-json\/wp\/v2\/product_cat?post=374365"},{"taxonomy":"product_tag","embeddable":true,"href":"https:\/\/www.miomiorun.com\/fr\/wp-json\/wp\/v2\/product_tag?post=374365"}],"curies":[{"name":"wp","href":"https:\/\/api.w.org\/{rel}","templated":true}]}}